{"id":12210,"date":"2024-07-03T15:52:34","date_gmt":"2024-07-03T14:52:34","guid":{"rendered":"https:\/\/canaryvip.com\/?post_type=product&#038;p=12210"},"modified":"2025-08-09T14:02:34","modified_gmt":"2025-08-09T13:02:34","slug":"magic-island-yacht-charter-gran-canaria","status":"publish","type":"product","link":"https:\/\/canaryvip.com\/pl\/shop\/magic-island-yacht-charter-gran-canaria\/","title":{"rendered":"Magic Island: Wynajem jacht\u00f3w<br\/> Gran Canaria"},"content":{"rendered":"<h2>\ud83d\udee5\ufe0f Magic Island Wynajem jacht\u00f3w Gran Canaria z CanaryVIP<\/h2>\n<p>Odkryj pi\u0119kno Wysp Kanaryjskich, korzystaj\u0105c z komfortowego <strong>luksusowy jacht<\/strong> z nasz\u0105 wypo\u017cyczalni\u0105 jacht\u00f3w Magic Island na Gran Canarii. To <strong>prywatna wycieczka \u0142odzi\u0105<\/strong> wzd\u0142u\u017c zapieraj\u0105cego dech w piersiach po\u0142udniowo-zachodniego wybrze\u017ca Gran Canarii jest idealny dla rodzin, przyjaci\u00f3\u0142 lub ka\u017cdego, kto szuka przygody VIP. W CanaryVIP zapewniamy bezproblemow\u0105 rezerwacj\u0119 na wymarzony dzie\u0144 na morzu.<\/p>\n<h3>\u2b50\ufe0f Dlaczego warto wynaj\u0105\u0107 jacht Magic Island na Gran Canarii?<\/h3>\n<p>Oto, co sprawia, \u017ce jacht Magic Island jest doskona\u0142ym wyborem na nast\u0119pn\u0105 podr\u00f3\u017c. <strong>Wynajem \u0142odzi na Gran Canarii<\/strong>:<\/p>\n<h4><strong>Ekskluzywne prywatne do\u015bwiadczenie<\/strong><\/h4>\n<p>Ciesz si\u0119 krystalicznie czystymi wodami Atlantyku w ca\u0142kowitej prywatno\u015bci. Jacht Magic Island mo\u017ce pomie\u015bci\u0107 do 12 go\u015bci, dzi\u0119ki czemu idealnie nadaje si\u0119 na uroczysto\u015bci, rodzinne wypady, a nawet imprezy biznesowe.<\/p>\n<h4><strong>Komfort i styl<\/strong><\/h4>\n<p>Zrelaksuj si\u0119 w przytulnym i eleganckim wn\u0119trzu z ma\u0142\u0105 sypialni\u0105, toalet\u0105, wygodnymi siedzeniami i jadalni\u0105. Wygrzewaj si\u0119 w kanaryjskim s\u0142o\u0144cu na g\u00f3rnym tarasie s\u0142onecznym lub odpoczywaj w zacienionych miejscach podczas rejsu wzd\u0142u\u017c wulkanicznego wybrze\u017ca.<\/p>\n<h4><strong>Ekscytuj\u0105ce aktywno\u015bci wodne<\/strong><\/h4>\n<p>Zwi\u0119ksz swoje wra\u017cenia dzi\u0119ki pe\u0142nym zabawy aktywno\u015bciom zawartym w rezerwacji:<\/p>\n<ul>\n<li><strong>Sprz\u0119t do snorkelingu:<\/strong> Odkryj podwodny \u015bwiat dzi\u0119ki sprz\u0119towi dostarczonemu na pok\u0142ad.<\/li>\n<li><strong>Przeja\u017cd\u017cka \u0142odzi\u0105 bananow\u0105:<\/strong> Dodaj troch\u0119 adrenaliny do swojej podr\u00f3\u017cy dzi\u0119ki tej ekscytuj\u0105cej aktywno\u015bci, wliczonej w cen\u0119 bez dodatkowych koszt\u00f3w.<\/li>\n<\/ul>\n<h3>Opcje rejsu jachtem Magic Island<\/h3>\n<p>Wybierz jeden z dw\u00f3ch czas\u00f3w trwania podr\u00f3\u017cy, aby dopasowa\u0107 go do swojego harmonogramu i preferencji:<\/p>\n<ul>\n<li><strong>3-godzinna wycieczka:<\/strong> Idealny na kr\u00f3tkie, ale s\u0142odkie wprowadzenie do nadmorskiego pi\u0119kna Gran Canarii. P\u0142ywaj, nurkuj i rozkoszuj si\u0119 s\u0142o\u0144cem.<\/li>\n<li><strong>5-godzinna wycieczka:<\/strong> Aby uzyska\u0107 bardziej wci\u0105gaj\u0105ce wra\u017cenia, nie spiesz si\u0119, aby odkrywa\u0107 wybrze\u017ce, cieszy\u0107 si\u0119 aktywno\u015bciami wodnymi i zrelaksowa\u0107 si\u0119 na pok\u0142adzie z przek\u0105skami i napojami.<\/li>\n<\/ul>\n<h3>Co obejmuje czarter jachtu?<\/h3>\n<p>Tw\u00f3j <strong>Wynajem jacht\u00f3w na Gran Canarii<\/strong> obejmuje:<\/p>\n<ul>\n<li>Przek\u0105ski, takie jak chipsy i orzechy.<\/li>\n<li>Napoje z otwartego baru, w tym piwo, napoje bezalkoholowe, woda i soki.<\/li>\n<li>Sprz\u0119t do nurkowania z rurk\u0105 i przeja\u017cd\u017cka \u0142odzi\u0105 typu banan.<\/li>\n<li>Lunch dost\u0119pny jest na \u017cyczenie (10 \u20ac za osob\u0119, nale\u017cy poda\u0107 podczas rezerwacji).<\/li>\n<li>Profesjonalna za\u0142oga biegle w\u0142adaj\u0105ca j\u0119zykiem angielskim i hiszpa\u0144skim, zapewniaj\u0105ca komfort i bezpiecze\u0144stwo podczas ca\u0142ej podr\u00f3\u017cy.<\/li>\n<\/ul>\n<h3>Szczeg\u00f3\u0142y wyjazdu<\/h3>\n<ul>\n<li><strong>Lokalizacja:<\/strong> <a href=\"https:\/\/maps.app.goo.gl\/iZBybc3i384tdR816\" target=\"_blank\" rel=\"noopener\">Baza Puerto w Portoryko<\/a>Gran Canaria.<\/li>\n<li><strong>Czasy:<\/strong> Do wyboru s\u0105 odloty o 9:00 lub 14:00.<\/li>\n<li><strong>Transport:<\/strong> Opcjonalna us\u0142uga odbioru dost\u0119pna za jedyne 2 \u20ac za osob\u0119.<\/li>\n<\/ul>\n<p>Zalecamy przybycie co najmniej 15 minut przed odlotem, aby zapewni\u0107 sprawne rozpocz\u0119cie przygody.<\/p>\n<h3>Przejrzysta polityka anulowania rezerwacji<\/h3>\n<p>Rozumiemy, \u017ce plany mog\u0105 ulec zmianie, dlatego nasze zasady anulowania zosta\u0142y opracowane tak, aby zapewni\u0107 ci spok\u00f3j ducha:<\/p>\n<ul>\n<li><strong>Gwarancja pogody:<\/strong> Je\u015bli warunki pogodowe b\u0119d\u0105 niebezpieczne, b\u0119dziesz mie\u0107 mo\u017cliwo\u015b\u0107 zmiany terminu lub otrzymania pe\u0142nego zwrotu koszt\u00f3w.<\/li>\n<li><strong>Elastyczne anulowanie:<\/strong> Bezp\u0142atne anulowanie lub zmiana terminu do 8 dni przed podr\u00f3\u017c\u0105. Depozyty nie podlegaj\u0105 zwrotowi w przypadku anulowania rezerwacji w ci\u0105gu 8 dni od planowanego odlotu.<\/li>\n<\/ul>\n<h3>\ud83d\udc68\u200d\u2708\ufe0f Wskaz\u00f3wki dotycz\u0105ce przygody z Magic Island<\/h3>\n<p>Wykorzystaj w pe\u0142ni sw\u00f3j dzie\u0144 dzi\u0119ki tym prostym wskaz\u00f3wkom:<\/p>\n<ul>\n<li>Nale\u017cy zabra\u0107 ze sob\u0105 str\u00f3j k\u0105pielowy, r\u0119cznik i krem z filtrem przeciws\u0142onecznym.<\/li>\n<li>Nale\u017cy nosi\u0107 wygodn\u0105 odzie\u017c dostosowan\u0105 do pogody.<\/li>\n<li>Przygotuj bilet CanaryVIP w telefonie lub wydrukowany.<\/li>\n<li>Zjedz wcze\u015bniej lekki posi\u0142ek, aby unikn\u0105\u0107 choroby morskiej.<\/li>\n<\/ul>\n<h3>Dlaczego warto zarezerwowa\u0107 z CanaryVIP?<\/h3>\n<p>W CanaryVIP specjalizujemy si\u0119 w dostarczaniu najlepszych opcji dla <a href=\"https:\/\/canaryvip.com\/pl\/gran-canaria\/\"><strong>Wynajem \u0142odzi na Gran Canarii<\/strong><\/a>. Od luksusowych jacht\u00f3w, takich jak Magic Island, po inne dostosowane wycieczki, u\u0142atwiamy tworzenie niezapomnianych wspomnie\u0144 na wodzie.<\/p>\n<p>Zarezerwuj <strong>Magic Island Wynajem jacht\u00f3w<\/strong> i rozpocznij dzie\u0144 pe\u0142en zabawy, relaksu i zapieraj\u0105cych dech w piersiach widok\u00f3w na wspania\u0142e wybrze\u017ce Gran Canarii.<\/p>\n<p>\ud83d\udc49 <span>Rezerwa<\/span><span> Teraz<\/span> i podnie\u015b jako\u015b\u0107 swoich wakacji!<\/p>","protected":false},"excerpt":{"rendered":"<p><strong>Magic Island Gran Canaria:<\/strong><br \/>\n\u2705 Bezpieczna p\u0142atno\u015b\u0107.<br \/>\n\ud83d\udd10 Wycieczki prywatne.<br \/>\n\ud83d\udee5\ufe0f 18m Yacht Comfort.<br \/>\nCodzienne wycieczki 3H i 5H.<br \/>\n\ud83d\udd59 Konfigurowalne godziny odlot\u00f3w.<br \/>\n\ud83d\udc65 Do 12 go\u015bci.<br \/>\n\ud83c\udfc4\u200d\u2640\ufe0f Deski do wios\u0142owania w zestawie.<br \/>\n\ud83e\udd3f Zapewniamy sprz\u0119t do nurkowania z rurk\u0105.<br \/>\n\ud83d\udd0a Odtwarzanie muzyki.<br \/>\nOdbi\u00f3r i dow\u00f3z.<br \/>\n\ud83e\udd11 Gwarancja najlepszej ceny.<br \/>\n\ud83d\udc6a  Aktywowane rabaty.<br \/>\n\ud83d\udd01 Anulowanie do 8 dni.<br \/>\n\ud83c\udf0d Wieloj\u0119zyczna za\u0142oga.<br \/>\n\ud83c\udf1f Rezerwuj wcze\u015bniej i oszcz\u0119dzaj!<br \/>\n\ud83d\udccd Odej\u015bcie od <a href=\"https:\/\/maps.app.goo.gl\/836RSsqAzbptb2Qy5\">Puerto Base<\/a>.<\/p>","protected":false},"featured_media":12212,"comment_status":"open","ping_status":"closed","template":"","meta":{"_acf_changed":false},"product_brand":[],"product_cat":[132],"product_tag":[],"class_list":{"0":"post-12210","1":"product","2":"type-product","3":"status-publish","4":"has-post-thumbnail","6":"product_cat-boat-hire-gran-canaria","7":"wcpa_has_options","9":"first","10":"instock","11":"virtual","12":"purchasable","13":"product-type-simple"},"acf":[],"wcpa_form_fields":{"wcpaData":{"product":{"product_price":550,"price_html":"From&nbsp;<span class=\"woocommerce-Price-amount amount\"><bdi>550,00&nbsp;<span class=\"woocommerce-Price-currencySymbol\">&euro;<\/span><\/bdi><\/span>","original_product_price":550,"price_including_tax":550,"price_excluding_tax":550,"product_id":{"parent":12210,"variation":false},"is_variable":false,"stock_status":"instock","stock_quantity":null,"parent_sku":"CV12210","product_attributes":[],"custom_fields":[],"is_taxable":false,"product_name":"Magic Island: Yacht Hire<br\/> Gran Canaria","hasImage":false},"fields":{"sec_26686cb82841ff":{"extra":{"key":"sec_26686cb82841ff","section_id":"sec_26686cb82841ff","name":"Default","status":1,"cl_rule":"show","enableCl":false,"relations":[],"toggle":true,"title_tag":"h3","show_title":false,"showPrice":"default","form_id":12242,"form_rules":{"exclude_from_discount":true,"fee_label":"Fee","disp_hide_options_price":true,"disp_show_section_price":false,"disp_show_field_price":true,"layout_option":"standard","pric_use_as_fee":false,"process_fee_as":"woo_fee"},"layout_option":"standard"},"fields":[[{"label":"\ud83d\udcc5 Date","active":true,"required":true,"elementId":"date_56686cb8284220","picker_type":"custom","picker_mode":"single","placeholder":"","description":"","tooltip":"","name":"date_56686cb8284220","label_position":"default","desc_position":"default","enablePrice":false,"className":"","enableCl":false,"relations":[{"operator":"and","rules":[{"operator":"AND","rules":{"cl_field":"radio-group_565c78ffa81208","cl_relation":"is","cl_val":"3 Hour Trip"}}]}],"date_pic_inline":true,"date_pic_inline_hide":true,"min_date":{"type":"days","val":"2"},"max_date":{"type":"days","val":"365"},"date_pic_conf":{"disabledWeeks":[]},"price":"","cl_rule":"show","col":6,"type":"date","error":false,"enableDesign":false,"LabelColor":"","gt_translate_keys":["label","placeholder","description","tooltip"],"price_dependency":false,"cl_dependency":false,"value":""}],[{"elementId":"separator_26686cb828423c","separatorType":"blank","className":"","height":"3","enableCl":false,"relations":false,"cl_rule":"show","col":6,"type":"separator","error":false,"gt_translate_keys":[],"price_dependency":false,"cl_dependency":false,"value":""}],[{"active":true,"col":6,"relations":false,"cl_rule":"show","enableCl":false,"price":"","enablePrice":true,"className":"","label_position":"default","desc_position":"default","type":"select","required":true,"elementId":"select_36686cb8284247","label":"\u23f3 Trip Duration","name":"select_36686cb8284247","values":[{"label":"3 Hours (550\u20ac)","value":"3","selected":false,"tempId":"aco_556","price":"550","gt_translate_keys":["label"]},{"label":"5 Hours (995\u20ac)","value":"5","selected":false,"tempId":"aco_122","price":"995","gt_translate_keys":["label"]}],"dropdown_type":"basic","error":false,"placeholder":"Select Trip Duration","priceOptions":"different_for_all","pricingType":"fixed","is_show_price":false,"gt_translate_keys":["label","placeholder"],"price_dependency":false,"cl_dependency":false,"value":""}],[{"label":"\u2705 Number of People","active":true,"required":true,"elementId":"select_76686cb828429b","dropdown_type":"basic","placeholder":"Select Number of People","name":"select_76686cb828429b","label_position":"default","desc_position":"default","enablePrice":true,"className":"","enableCl":false,"relations":[{"operator":false,"rules":[{"operator":"AND","rules":{"cl_field":"radio-group_565c78ffa81208","cl_relation":"is","cl_val":"3 Hour Trip"}}]}],"values":[{"label":"1 person","value":"1","selected":false,"tempId":"aco_1471","price":"0","gt_translate_keys":["label"]},{"label":"2 people","value":"2","selected":false,"tempId":"aco_1472","price":"0","gt_translate_keys":["label"]},{"label":"3 people","value":"3","selected":false,"tempId":"aco_1500","price":"0","gt_translate_keys":["label"]},{"label":"4 people","value":"4","selected":false,"tempId":"aco_1510","price":"0","gt_translate_keys":["label"]},{"label":"5 people","value":"5","selected":false,"tempId":"aco_1520","price":"0","gt_translate_keys":["label"]},{"label":"6 people","value":"6","selected":false,"tempId":"aco_1728","price":"0","gt_translate_keys":["label"]},{"label":"7 people","value":"7","selected":false,"tempId":"aco_1738","price":"0","gt_translate_keys":["label"]},{"label":"8 people","value":"8","selected":false,"tempId":"aco_1748","price":"0","gt_translate_keys":["label"]},{"label":"9 people (+50\u20ac)","value":"9","selected":false,"tempId":"aco_1912","price":"50","gt_translate_keys":["label"]},{"label":"10 people (+100\u20ac)","value":"10","selected":false,"tempId":"aco_1922","price":"100","gt_translate_keys":["label"]},{"label":"11 people (+150\u20ac)","value":"11","selected":false,"tempId":"aco_84","price":"150","gt_translate_keys":["label"]},{"label":"12 people (+200\u20ac)","value":"12","selected":false,"tempId":"aco_94","price":"200","gt_translate_keys":["label"]}],"price":"","cl_rule":"show","col":6,"type":"select","error":false,"priceOptions":"different_for_all","pricingType":"fixed","is_show_price":false,"gt_translate_keys":["label","placeholder"],"price_dependency":["select_5959492541"],"cl_dependency":false,"value":""}],[{"active":true,"col":6,"relations":false,"cl_rule":"show","enableCl":false,"price":"","enablePrice":true,"className":"","label_position":"default","desc_position":"default","type":"select","required":false,"elementId":"select_5959492541","label":"\ud83c\udf57 Meal (+10\u20ac\/person)","name":"select_5959492541","values":[{"label":"No","value":"No","selected":false,"tempId":"aco_2562","price":"","gt_translate_keys":["label"]},{"label":"Yes (+10\u20ac\/person)","value":"Yes","selected":false,"tempId":"aco_2563","price":"{field.select_76686cb828429b.value}*10","gt_translate_keys":["label"]}],"dropdown_type":"basic","error":false,"description":"Snacks and drinks are included. For an extra meal, please select marinated chicken with mojo potatoes and coleslaw. Paella is available at a different price upon request. Meals are paid for on the day of the tour on the boat.","priceOptions":"different_for_all","pricingType":"custom","isTemplate":false,"is_show_price":true,"gt_translate_keys":["label","description"],"price_dependency":false,"cl_dependency":false,"value":""}]]},"sec_36686cb8284272":{"extra":{"key":"sec_36686cb8284272","section_id":"sec_36686cb8284272","name":"Pickup Location","status":1,"cl_rule":"show","enableCl":false,"relations":[],"toggle":true,"title_tag":"h4","show_title":false,"showPrice":"default","form_id":12242,"form_rules":{"exclude_from_discount":true,"fee_label":"Fee","disp_hide_options_price":true,"disp_show_section_price":false,"disp_show_field_price":true,"layout_option":"standard","pric_use_as_fee":false,"process_fee_as":"woo_fee"},"layout_option":"standard"},"fields":[[{"elementId":"separator_16686cb828427d","separatorType":"blank","className":"","height":"3","enableCl":false,"relations":false,"cl_rule":"show","col":6,"type":"separator","error":false,"gt_translate_keys":[],"price_dependency":false,"cl_dependency":false,"value":""}],[{"active":true,"col":6,"relations":[{"operator":false,"rules":[{"operator":"AND","rules":{"cl_field":"radio-group_565c78ffa81208","cl_relation":"is","cl_val":"3 Hour Trip"}}]}],"cl_rule":"show","enableCl":false,"price":"","enablePrice":false,"className":"","label_position":"default","desc_position":"default","type":"select","required":false,"elementId":"select_86686cb8284287","label":"\u23f0 Departure","name":"select_86686cb8284287","values":[{"label":"09:00","value":"09:00","selected":false,"tempId":"aco_1471","gt_translate_keys":["label"]},{"label":"12:00","value":"12:00","selected":false,"tempId":"aco_1510","gt_translate_keys":["label"]},{"label":"15:00","value":"15:00","selected":false,"tempId":"aco_1738","gt_translate_keys":["label"]}],"dropdown_type":"basic","error":false,"placeholder":"Whichever Time is Best","gt_translate_keys":["label","placeholder"],"price_dependency":false,"cl_dependency":false,"value":""}],[{"elementId":"separator_56686cb8284291","separatorType":"blank","className":"","height":"1","enableCl":false,"relations":false,"cl_rule":"show","col":6,"type":"separator","gt_translate_keys":[],"price_dependency":false,"cl_dependency":false,"value":""}],[{"elementId":"separator_76686cb82842a6","separatorType":"blank","className":"","height":"1","enableCl":false,"relations":false,"cl_rule":"show","col":6,"type":"separator","error":false,"gt_translate_keys":[],"price_dependency":false,"cl_dependency":false,"value":""}],[{"active":true,"col":6,"relations":false,"cl_rule":"show","enableCl":false,"price":"","enablePrice":false,"className":"","label_position":"default","desc_position":"default","type":"text","subtype":"text","required":false,"elementId":"text_06686cb82842af","label":"\ud83d\ude8c Pickup Location","name":"text_06686cb82842af","value":"","error":false,"description":"Pick-up service in some locations. Simply provide your address or hotel name. (+2\u20ac\/person paid at pickup to the driver)","gt_translate_keys":["label","description","value"],"price_dependency":false,"cl_dependency":false}]]}},"config":{"price_override":"always","enable_recaptcha":false,"bind_quantity":false,"quantity_bind_formula":false,"disp_summ_show_option_price":true,"disp_summ_show_product_price":false,"disp_summ_show_total_price":true,"disp_summ_show_fee":true,"disp_summ_show_discount":true,"summary_title":"","options_total_label":"Options Price","total_label":"Total Amount","options_product_label":"Product Price","fee_label":"Fee","discount_label":"Discount","has_price":true,"has_quantity_formula":false},"mc_unit":1,"tax_rate":1,"tax_rate_real":1,"discount":{"percentage":0,"fixed":0},"design":{"conf":{"LabelPosition":"above","DescPosition":"above","UploadField":"custom_1","QuantityFieldStyle":"custom_1"},"css":{"LeftLabelWidth":"120px"}},"formulas":{"fmla_1708364241278155361":"(({field.select_3666b1eb2b11fe.value}>=8)?(1400):(({field.select_3666b1eb2b11fe.value}>=7)?(1225):(({field.select_3666b1eb2b11fe.value}>=6)?(1050):(({field.select_3666b1eb2b11fe.value}>=5)?(875):(({field.select_3666b1eb2b11fe.value}>=4)?(700):(({field.select_3666b1eb2b11fe.value}>=3)?(500):(0)))))))","fmla_1718295979528641619":"(({field.select_3666b1eb2b11fe.value}>=8)?(280):(({field.select_3666b1eb2b11fe.value}>=7)?(205):(({field.select_3666b1eb2b11fe.value}>=6)?(150):(({field.select_3666b1eb2b11fe.value}>=5)?(175):(({field.select_3666b1eb2b11fe.value}>=4)?(200):(({field.select_3666b1eb2b11fe.value}>=3)?(150):(0)))))))"},"lookuptables":[],"clones":false,"cartKey":false}},"_links":{"self":[{"href":"https:\/\/canaryvip.com\/pl\/wp-json\/wp\/v2\/product\/12210","targetHints":{"allow":["GET"]}}],"collection":[{"href":"https:\/\/canaryvip.com\/pl\/wp-json\/wp\/v2\/product"}],"about":[{"href":"https:\/\/canaryvip.com\/pl\/wp-json\/wp\/v2\/types\/product"}],"replies":[{"embeddable":true,"href":"https:\/\/canaryvip.com\/pl\/wp-json\/wp\/v2\/comments?post=12210"}],"wp:featuredmedia":[{"embeddable":true,"href":"https:\/\/canaryvip.com\/pl\/wp-json\/wp\/v2\/media\/12212"}],"wp:attachment":[{"href":"https:\/\/canaryvip.com\/pl\/wp-json\/wp\/v2\/media?parent=12210"}],"wp:term":[{"taxonomy":"product_brand","embeddable":true,"href":"https:\/\/canaryvip.com\/pl\/wp-json\/wp\/v2\/product_brand?post=12210"},{"taxonomy":"product_cat","embeddable":true,"href":"https:\/\/canaryvip.com\/pl\/wp-json\/wp\/v2\/product_cat?post=12210"},{"taxonomy":"product_tag","embeddable":true,"href":"https:\/\/canaryvip.com\/pl\/wp-json\/wp\/v2\/product_tag?post=12210"}],"curies":[{"name":"wp","href":"https:\/\/api.w.org\/{rel}","templated":true}]}}