{"id":12147,"date":"2024-07-01T09:53:41","date_gmt":"2024-07-01T08:53:41","guid":{"rendered":"https:\/\/canaryvip.com\/?post_type=product&#038;p=12147"},"modified":"2025-08-09T14:07:45","modified_gmt":"2025-08-09T13:07:45","slug":"siam-night","status":"publish","type":"product","link":"https:\/\/canaryvip.com\/pl\/shop\/siam-night\/","title":{"rendered":"Kup bilety na Siam Night"},"content":{"rendered":"<h2>\ud83c\udf0c <strong>Siam Night: Zanurz si\u0119 w najlepszej nocnej wodnej przygodzie!<\/strong><\/h2>\n<ul>\n<li><strong>Summer Nights (2 lipca - 31 sierpnia):<\/strong> Od 20:00 do 00:00. Od wtorku do soboty.<\/li>\n<li><strong>Niezapomniane wieczory:<\/strong> Do\u015bwiadcz Siam Park jak nigdy dot\u0105d dzi\u0119ki ekscytuj\u0105cym przeja\u017cd\u017ckom i magicznej atmosferze.<\/li>\n<\/ul>\n<p>\ud83d\udccd <strong>Lokalizacja:<\/strong> Po\u0142o\u017cony w samym sercu Costa Adeje, na po\u0142udniu Teneryfy. Znajd\u017a nas \u0142atwo na <a href=\"https:\/\/maps.app.goo.gl\/UfftQG3CrqW5R81r9\" target=\"_blank\" rel=\"noopener\">Mapy Google<\/a>.<\/p>\n<p>\ud83c\udf92 <strong>Spakuj si\u0119 na wiecz\u00f3r pe\u0142en zabawy:<\/strong> We\u017a ze sob\u0105 str\u00f3j k\u0105pielowy, r\u0119cznik i lekk\u0105 kurtk\u0119 na och\u0142od\u0119 po je\u017adzie. Wypo\u017cyczalnia szafek jest dost\u0119pna za jedyne 10 \u20ac.<\/p>\n<p>\ud83d\udca7 <strong>Komfort:<\/strong> Woda jest podgrzewana do temperatury 24\u00baC, idealnej do nocnych plusk\u00f3w.<\/p>\n<p>\ud83c\udfab <strong>Elastyczne bilety:<\/strong> Bilet na Siam Night jest wa\u017cny ka\u017cdego dnia podczas trwania wydarzenia. Zarezerwuj przez CanaryVIP, aby uzyska\u0107 najlepsze ceny i \u0142atwy dost\u0119p.<\/p>\n<p>\ud83c\udf1f <strong>Zarezerwuj z CanaryVIP:<\/strong> Zabezpiecz swoje bilety w bezkonkurencyjnych cenach. Doro\u015bli za 45 \u20ac, dzieci (3-11 lat) za 32 \u20ac. Niemowl\u0119ta wchodz\u0105 za darmo!<\/p>\n<ul>\n<li><strong>Gwarancja najlepszej ceny:<\/strong> Uzyskaj najlepsz\u0105 ofert\u0119, dokonuj\u0105c rezerwacji za po\u015brednictwem CanaryVIP.<\/li>\n<li><strong>Przewaga wczesnego ptaka:<\/strong> Uniknij podwy\u017cek cen, dokonuj\u0105c rezerwacji ju\u017c teraz.<\/li>\n<li><strong>Elastyczne anulowanie:<\/strong> Anuluj do 48 godzin przed wizyt\u0105, aby uzyska\u0107 pe\u0142ny zwrot koszt\u00f3w.<\/li>\n<\/ul>\n<p>\ud83d\udd25 <strong>Nie przegap okazji: Zarezerwuj teraz, aby skorzysta\u0107 z ofert specjalnych na CanaryVIP.com!<\/strong> Przygotuj si\u0119 na niezapomnian\u0105 noc w Siam Park z CanaryVIP. Zanurz si\u0119 w \u015bwiecie \u015bwiate\u0142, muzyki i wodnych przeja\u017cd\u017cek!<\/p>\n<h3>\ud83d\udc6f <strong>Podw\u00f3jny bilet specjalny: Loro Parque + Siam Park<\/strong><\/h3>\n<p>Po\u0142\u0105cz swoje przygody z naszym ekskluzywnym <a href=\"https:\/\/canaryvip.com\/pl\/shop\/twin-ticket-siam-park-and-loro-parque\/\">Oferta Twin Ticket<\/a>!<\/p>\n<p>Do\u015bwiadcz zar\u00f3wno ekscytuj\u0105cego Siam Park, jak i czaruj\u0105cego Loro Parque po obni\u017conej cenie.<\/p>\n<ul>\n<li><strong>Podw\u00f3jna zabawa:<\/strong> Jeden bilet, dwa niesamowite parki.<\/li>\n<li><strong>Oszcz\u0119dzaj wi\u0119cej:<\/strong> Ciesz si\u0119 obiema atrakcjami w ni\u017cszej \u0142\u0105cznej cenie.<\/li>\n<li><strong>Bezproblemowe do\u015bwiadczenie:<\/strong> Jeden zakup za dwa niezapomniane do\u015bwiadczenia.<\/li>\n<\/ul>\n<p><a href=\"https:\/\/canaryvip.com\/pl\/shop\/twin-ticket-siam-park-and-loro-parque\/\" target=\"_new\" rel=\"noopener\">Kliknij tutaj, aby dowiedzie\u0107 si\u0119 wi\u0119cej i zaoszcz\u0119dzi\u0107 dzi\u0119ki naszej ofercie podw\u00f3jnych bilet\u00f3w!<\/a><\/p>\n<h3>\ud83c\udf9f\ufe0f <strong>Dlaczego warto wybra\u0107 CanaryVIP dla bilet\u00f3w do Siam Park?<\/strong><\/h3>\n<ul>\n<li><strong>Bezproblemowa rezerwacja:<\/strong> Zabezpiecz bilety i transport za jednym razem.<\/li>\n<li><strong>Ekskluzywne oferty:<\/strong> Dost\u0119p do ofert niedost\u0119pnych gdzie indziej.<\/li>\n<li><strong>Dedykowane wsparcie:<\/strong> Nasz zesp\u00f3\u0142 s\u0142u\u017cy pomoc\u0105 w przypadku jakichkolwiek pyta\u0144 lub zmian.<\/li>\n<\/ul>\n<p><strong>Eksploruj Siam Park z wygod\u0105 i \u0142atwo\u015bci\u0105!<\/strong><br \/>\nCanaryVIP dok\u0142ada wszelkich stara\u0144, aby wizyta na Siam Park by\u0142a tak przyjemna i bezproblemowa, jak to tylko mo\u017cliwe. Od wygodnych transfer\u00f3w po ekskluzywne oferty bilet\u00f3w, mamy wszystko pod kontrol\u0105. Przygotuj si\u0119 na niezwyk\u0142\u0105 noc w Siam Park z CanaryVIP!<\/p>\n<h3>\ud83c\udf1f <strong>Experience Siam Night - najcz\u0119\u015bciej zadawane pytania<\/strong><\/h3>\n<ul>\n<li><strong>Godziny pracy:<\/strong> Od 20:00 do 00:00. Od wtorku do soboty (2 lipca - 31 sierpnia).<\/li>\n<li><strong>Ceny bilet\u00f3w:<\/strong> 45 \u20ac dla doros\u0142ych, 32 \u20ac dla dzieci (3-11 lat).<\/li>\n<li><strong>Wst\u0119p dla dzieci:<\/strong> Tak, ale dzieciom poni\u017cej 16. roku \u017cycia musi towarzyszy\u0107 osoba doros\u0142a.<\/li>\n<li><strong>Wszystkie atrakcje otwarte:<\/strong> Wszystkie g\u0142\u00f3wne przeja\u017cd\u017cki z wyj\u0105tkiem tych dla mniejszych dzieci.<\/li>\n<li><strong>Temperatura:<\/strong> Woda podgrzewana do 24\u00baC, ale po przeja\u017cd\u017ckach nale\u017cy zabra\u0107 kurtk\u0119.<\/li>\n<li><strong>Atmosfera:<\/strong> T\u0119tni\u0105cy \u017cyciem z muzyk\u0105 DJ-a na \u017cywo, idealny dla grup przyjaci\u00f3\u0142.<\/li>\n<li><strong>Zasady anulowania rezerwacji:<\/strong> Bezp\u0142atne anulowanie do 72 godzin przed wizyt\u0105.<\/li>\n<\/ul>\n<p>Przygotuj si\u0119 na ekscytuj\u0105c\u0105 noc pod gwiazdami w Siam Park z CanaryVIP!<\/p>","protected":false},"excerpt":{"rendered":"<p><strong>\ud83d\udd0d Karnety wst\u0119pu do parku Siam Park:<\/strong><br \/>\n\u2705 Bezpieczna p\u0142atno\u015b\u0107.<br \/>\n\ud83d\udd59 Otwarte od 20:00 do 00:00.<br \/>\n\ud83c\udf05 Tylko w okresie letnim.<br \/>\n\ud83d\udca6 Woda podgrzana do temperatury 24\u00b0C.<br \/>\n\ud83c\udf0a Dost\u0119p do wszystkich ekscytuj\u0105cych przeja\u017cd\u017cek.<br \/>\n\ud83d\udcaf Najlepszy park wodny w Europie.<br \/>\n\ud83e\udd11 Gwarancja najlepszej ceny.<br \/>\n\ud83d\udc6a Zni\u017cki dla rezerwacji grupowych.<br \/>\n\ud83d\udd01 Anulowanie do 72 godzin.<br \/>\n\ud83c\udf0d Obs\u0142uga w kilku j\u0119zykach.<br \/>\n\ud83c\udf1f Zarezerwuj teraz i zaoszcz\u0119d\u017a!<br \/>\n2\ufe0f\u20e3 Sprawd\u017a ofert\u0119 <a href=\"https:\/\/canaryvip.com\/pl\/shop\/twin-ticket-siam-park-and-loro-parque\/\">Siam + Loro Parque<\/a>.<br \/>\n\ud83d\udc32 Odkryj <a href=\"https:\/\/canaryvip.com\/pl\/tenerife\/theme-parks\/siam-park-tickets\/\">wszystkie bilety do Siam Park tutaj<\/a>!<br \/>\n\ud83d\udccd Znajd\u017a <a href=\"https:\/\/maps.app.goo.gl\/UfftQG3CrqW5R81r9\">Siam Park na Mapach Google<\/a>!<\/p>","protected":false},"featured_media":12151,"comment_status":"open","ping_status":"closed","template":"","meta":{"_acf_changed":false},"product_brand":[],"product_cat":[54,55],"product_tag":[],"class_list":{"0":"post-12147","1":"product","2":"type-product","3":"status-publish","4":"has-post-thumbnail","6":"product_cat-theme-parks","7":"product_cat-siam-park-tickets","8":"wcpa_has_options","10":"first","11":"instock","12":"virtual","13":"purchasable","14":"product-type-simple"},"acf":[],"wcpa_form_fields":{"wcpaData":{"product":{"product_price":48,"price_html":"From&nbsp;<span class=\"woocommerce-Price-amount amount\"><bdi>48,00&nbsp;<span class=\"woocommerce-Price-currencySymbol\">&euro;<\/span><\/bdi><\/span>","original_product_price":48,"price_including_tax":48,"price_excluding_tax":48,"product_id":{"parent":12147,"variation":false},"is_variable":false,"stock_status":"instock","stock_quantity":null,"parent_sku":"CV12147","product_attributes":[],"custom_fields":[],"is_taxable":false,"product_name":"Buy Siam Night Tickets","hasImage":false},"fields":{"sec_1066827b72b689a":{"extra":{"key":"sec_1066827b72b689a","section_id":"sec_1066827b72b689a","name":"Default","status":1,"cl_rule":"show","enableCl":false,"relations":[],"toggle":true,"title_tag":"h3","show_title":false,"showPrice":"default","form_id":12152,"form_rules":{"exclude_from_discount":true,"fee_label":"Fee","disp_hide_options_price":true,"disp_show_section_price":false,"disp_show_field_price":true,"layout_option":"standard","pric_use_as_fee":false,"process_fee_as":"woo_fee"},"layout_option":"standard"},"fields":[[{"label":"\ud83d\udcc5 Date","active":true,"required":true,"elementId":"date_066827b72b68b9","picker_type":"custom","picker_mode":"single","placeholder":"","description":"","tooltip":"","name":"date_066827b72b68b9","label_position":"default","desc_position":"default","enablePrice":false,"className":"","enableCl":false,"relations":[{"operator":"and","rules":[{"operator":"AND","rules":{"cl_field":"radio-group_666827b72b68c8","cl_relation":"is","cl_val":"3 Hour Trip"}}]}],"date_pic_inline":true,"date_pic_inline_hide":true,"min_date":{"type":"date","val":"2025-07-01"},"max_date":{"type":"date","val":"2025-08-31"},"date_pic_conf":{"disabledWeeks":[1,0],"enabledDates":[]},"price":"","cl_rule":"show","col":6,"type":"date","error":false,"enableDesign":false,"LabelColor":"","gt_translate_keys":["label","placeholder","description","tooltip"],"price_dependency":false,"cl_dependency":false,"value":""}]]},"sec_166827b72b68c9":{"extra":{"key":"sec_166827b72b68c9","section_id":"sec_166827b72b68c9","name":"Siam Park Regular Tickets","status":1,"cl_rule":"show","enableCl":false,"relations":[{"operator":false,"rules":[{"operator":"AND","rules":{"cl_field":"radio-group_666827b72b68c8","cl_relation":"is","cl_val":"Siam Park Regular Tickets"}}]}],"toggle":true,"title_tag":"h4","show_title":false,"showPrice":"default","layout_option":"standard","form_id":12152,"form_rules":{"exclude_from_discount":true,"fee_label":"Fee","disp_hide_options_price":true,"disp_show_section_price":false,"disp_show_field_price":true,"layout_option":"standard","pric_use_as_fee":false,"process_fee_as":"woo_fee"}},"fields":[[{"elementId":"separator_266827b72b68d5","separatorType":"blank","className":"","height":"10","enableCl":false,"relations":false,"cl_rule":"show","col":6,"type":"separator","gt_translate_keys":[],"price_dependency":false,"cl_dependency":false,"value":""}],[{"active":true,"col":6,"relations":false,"cl_rule":"show","enableCl":false,"price":"","enablePrice":false,"className":"","label_position":"default","desc_position":"default","type":"content","required":false,"elementId":"content_166827b72b68e0","label":"People","name":"content_166827b72b68e0","contentType":"plain","value":"","error":false,"show_in_checkout":true,"inline":false,"gt_translate_keys":["label","value"],"price_dependency":false,"cl_dependency":false}],[{"label":"","active":true,"required":false,"elementId":"radio-group_366827b72b68f5","name":"radio-group_366827b72b68f5","label_position":"default","desc_position":"default","enablePrice":true,"className":"","enableCl":false,"relations":[{"operator":false,"rules":[{"operator":"or","rules":{"cl_field":"date_066827b72b68b9","cl_relation":"month_is","cl_val":[1,2,3,4,5,6,10,11,12,9]}},{"operator":"AND","rules":{"cl_field":"date_066827b72b68b9","cl_relation":"is_empty","cl_val":""}}]}],"enable_quantity":true,"quantity_label":"","min_quantity":"0","checkUi":"button","layOut":"","options_tooltip":true,"options_description":true,"values":[{"label":"\ud83d\udc64 Adult (48\u20ac)","value":"Adult","selected":true,"tempId":"aco_32","tooltip":"+12 Years","description":"","gt_translate_keys":["label","tooltip","description"]}],"priceOptions":"fixed_for_all","pricingType":"fixed","price":"48","cl_rule":"hide","col":6,"type":"radio-group","error":false,"gt_translate_keys":["label","quantity_label"],"price_dependency":false,"cl_dependency":false,"value":""}],[{"label":"","active":true,"required":false,"elementId":"radio-group_166827b72b690a","name":"radio-group_166827b72b690a","label_position":"default","desc_position":"default","enablePrice":true,"className":"","enableCl":false,"relations":[{"operator":false,"rules":[{"operator":"or","rules":{"cl_field":"date_066827b72b68b9","cl_relation":"month_is","cl_val":[1,2,3,4,5,6,9,10,11,12]}},{"operator":"AND","rules":{"cl_field":"date_066827b72b68b9","cl_relation":"is_empty","cl_val":""}}]}],"enable_quantity":true,"quantity_label":"","min_quantity":"0","checkUi":"button","layOut":"","options_tooltip":true,"options_description":true,"values":[{"label":"\ud83d\udc66 Child (36\u20ac)","value":"Child","selected":true,"tempId":"aco_32","tooltip":"2-11 Years","description":"","gt_translate_keys":["label","tooltip","description"]}],"priceOptions":"fixed_for_all","pricingType":"fixed","price":"36","cl_rule":"hide","col":6,"type":"radio-group","error":false,"gt_translate_keys":["label","quantity_label"],"price_dependency":false,"cl_dependency":false,"value":""}],[{"label":"","active":true,"required":false,"elementId":"radio-group_866827b72b6914","name":"radio-group_866827b72b6914","label_position":"default","desc_position":"default","enablePrice":true,"className":"","enableCl":false,"relations":false,"enable_quantity":true,"quantity_label":"","min_quantity":"0","checkUi":"button","layOut":"","values":[{"label":"\ud83d\udc76 Infant (Free)","value":"Infant (Free)","selected":true,"tempId":"aco_32","tooltip":"0-1 Years","gt_translate_keys":["label","tooltip"]}],"priceOptions":"fixed_for_all","pricingType":"fixed","price":"0","cl_rule":"show","col":6,"type":"radio-group","error":false,"options_tooltip":true,"gt_translate_keys":["label","quantity_label"],"price_dependency":false,"cl_dependency":false,"value":""}]]}},"config":{"price_override":"always","enable_recaptcha":false,"bind_quantity":false,"quantity_bind_formula":false,"disp_summ_show_option_price":true,"disp_summ_show_product_price":false,"disp_summ_show_total_price":true,"disp_summ_show_fee":true,"disp_summ_show_discount":true,"summary_title":"","options_total_label":"Options Price","total_label":"Total Amount","options_product_label":"Product Price","fee_label":"Fee","discount_label":"Discount","has_price":true,"has_quantity_formula":false},"mc_unit":1,"tax_rate":1,"tax_rate_real":1,"discount":{"percentage":0,"fixed":0},"design":{"conf":{"LabelPosition":"above","DescPosition":"above","UploadField":"custom_1","QuantityFieldStyle":"custom_1"},"css":{"LeftLabelWidth":"120px"}},"formulas":[],"lookuptables":[],"clones":false,"cartKey":false}},"_links":{"self":[{"href":"https:\/\/canaryvip.com\/pl\/wp-json\/wp\/v2\/product\/12147","targetHints":{"allow":["GET"]}}],"collection":[{"href":"https:\/\/canaryvip.com\/pl\/wp-json\/wp\/v2\/product"}],"about":[{"href":"https:\/\/canaryvip.com\/pl\/wp-json\/wp\/v2\/types\/product"}],"replies":[{"embeddable":true,"href":"https:\/\/canaryvip.com\/pl\/wp-json\/wp\/v2\/comments?post=12147"}],"wp:featuredmedia":[{"embeddable":true,"href":"https:\/\/canaryvip.com\/pl\/wp-json\/wp\/v2\/media\/12151"}],"wp:attachment":[{"href":"https:\/\/canaryvip.com\/pl\/wp-json\/wp\/v2\/media?parent=12147"}],"wp:term":[{"taxonomy":"product_brand","embeddable":true,"href":"https:\/\/canaryvip.com\/pl\/wp-json\/wp\/v2\/product_brand?post=12147"},{"taxonomy":"product_cat","embeddable":true,"href":"https:\/\/canaryvip.com\/pl\/wp-json\/wp\/v2\/product_cat?post=12147"},{"taxonomy":"product_tag","embeddable":true,"href":"https:\/\/canaryvip.com\/pl\/wp-json\/wp\/v2\/product_tag?post=12147"}],"curies":[{"name":"wp","href":"https:\/\/api.w.org\/{rel}","templated":true}]}}