{"id":11971,"date":"2024-06-22T22:45:14","date_gmt":"2024-06-22T21:45:14","guid":{"rendered":"https:\/\/canaryvip.com\/?post_type=product&#038;p=11971"},"modified":"2025-08-09T14:04:29","modified_gmt":"2025-08-09T13:04:29","slug":"silvia-yacht-charter-gran-canaria","status":"publish","type":"product","link":"https:\/\/canaryvip.com\/pl\/shop\/silvia-yacht-charter-gran-canaria\/","title":{"rendered":"Silvia: Czarter jacht\u00f3w<br\/>Gran Canaria"},"content":{"rendered":"<h2>\ud83d\udee5\ufe0f Silvia czarter jacht\u00f3w Gran Canaria z CanaryVIP<\/h2>\n<p>Odkryj magi\u0119 Wysp Kanaryjskich na pok\u0142adzie statku <strong>Czarter jacht\u00f3w Silvia<\/strong>to ekskluzywny i luksusowy spos\u00f3b na zwiedzanie wspania\u0142ego wybrze\u017ca Gran Canarii. Ten elegancki hotel mo\u017ce pomie\u015bci\u0107 do 8 os\u00f3b. <strong>Wynajem prywatnych \u0142odzi na Gran Canarii<\/strong> oferuje idealn\u0105 ucieczk\u0119 dla ma\u0142ych grup szukaj\u0105cych relaksu, przygody i niezapomnianych wspomnie\u0144.<\/p>\n<p>W CanaryVIP u\u0142atwiamy ci cieszenie si\u0119 tym <strong>wynajem jacht\u00f3w Gran Canaria<\/strong> do\u015bwiadczenie z p\u0142ynnym procesem rezerwacji i wyj\u0105tkow\u0105 obs\u0142ug\u0105.<\/p>\n<h3>\u2b50\ufe0f Dlaczego warto wybra\u0107 jacht Silvia na Gran Canarii?<\/h3>\n<p>Oto dlaczego <strong>Czarter jacht\u00f3w Silvia<\/strong> to jedna z najlepszych opcji na kolejn\u0105 przygod\u0119:<\/p>\n<h4><strong>Prywatne i ekskluzywne do\u015bwiadczenie<\/strong><\/h4>\n<p>Ten prywatny jacht o \u0142\u0105cznej pojemno\u015bci 8 os\u00f3b jest idealny na kameralne spotkania, niezale\u017cnie od tego, czy jest to rodzinna wycieczka, romantyczna ucieczka, czy specjalna uroczysto\u015b\u0107.<\/p>\n<h4><strong>Komfort i wyrafinowanie<\/strong><\/h4>\n<p>Zrelaksuj si\u0119 na przestronnym 13-metrowym jachcie o zadbanym i eleganckim wn\u0119trzu. Podziwiaj panoramiczne widoki z salonu, zrelaksuj si\u0119 na pok\u0142adzie lub rozkoszuj si\u0119 s\u0142o\u0144cem w otoczeniu zapieraj\u0105cego dech w piersiach pi\u0119kna wybrze\u017ca Gran Canarii.<\/p>\n<h4><strong>Ekscytuj\u0105ce aktywno\u015bci wodne<\/strong><\/h4>\n<p>Tw\u00f3j <strong>Wynajem \u0142odzi na Gran Canarii<\/strong> oferuje wiele opcji zapewniaj\u0105cych rozrywk\u0119:<\/p>\n<ul>\n<li><strong>Sprz\u0119t do snorkelingu:<\/strong> Odkryj podwodny \u015bwiat dzi\u0119ki do\u0142\u0105czonej masce i p\u0142etwom.<\/li>\n<li><strong>Przeja\u017cd\u017cka \u0142odzi\u0105 bananow\u0105:<\/strong> Dodaj emocje do swojego dnia dzi\u0119ki bezp\u0142atnej wycieczce \u0142odzi\u0105 bananow\u0105.<\/li>\n<li><strong>\ud83c\udfc4\u200d\u2640\ufe0f Paddle Board Use:<\/strong> Wypr\u00f3buj paddleboarding na stoj\u0105co, aby cieszy\u0107 si\u0119 spokojnymi wodami.<\/li>\n<li>Zni\u017cki na dodatkowe sporty wodne s\u0105 r\u00f3wnie\u017c dost\u0119pne dla pe\u0142nej przygody.<\/li>\n<\/ul>\n<h3>Opcje wycieczek jachtem Silvia<\/h3>\n<p>Wybierz jeden z dw\u00f3ch czas\u00f3w trwania podr\u00f3\u017cy, aby dopasowa\u0107 go do swojego harmonogramu i preferencji:<\/p>\n<ul>\n<li><strong>3-godzinny prywatny czarter:<\/strong> Kr\u00f3tki, ale luksusowy wypad z mn\u00f3stwem czasu na p\u0142ywanie, nurkowanie i relaks.\n<ul>\n<li>Godziny odjazdu: 09:00-12:00, 12:00-15:00 lub 15:00-18:00.<\/li>\n<\/ul>\n<\/li>\n<li><strong>6-godzinny prywatny czarter:<\/strong> Przed\u0142u\u017cona podr\u00f3\u017c, aby w pe\u0142ni zanurzy\u0107 si\u0119 w naturalnym pi\u0119knie Gran Canarii.\n<ul>\n<li>Godziny odjazdu: 09:00-15:00, 12:00-18:00 lub 15:00-21:00 (tylko w sezonie letnim).<\/li>\n<\/ul>\n<\/li>\n<\/ul>\n<h3>Co obejmuje czarter jachtu?<\/h3>\n<p>Tw\u00f3j <strong>wynajem jacht\u00f3w Gran Canaria<\/strong> Do\u015bwiadczenie obejmuje wszystko, czego potrzebujesz, aby sp\u0119dzi\u0107 niezapomniany dzie\u0144 na morzu:<\/p>\n<ul>\n<li>Przek\u0105ski, takie jak chipsy i orzechy.<\/li>\n<li>Napoje z otwartego baru, w tym piwo, napoje bezalkoholowe i woda.<\/li>\n<li>Sprz\u0119t do nurkowania z rurk\u0105, korzystanie z paddleboardu i bezp\u0142atna przeja\u017cd\u017cka \u0142odzi\u0105 typu banan.<\/li>\n<li>Transport do i z hoteli na po\u0142udniu Gran Canarii (na \u017cyczenie).<\/li>\n<li>Ubezpieczenie zapewniaj\u0105ce spok\u00f3j ducha.<\/li>\n<li>Opcjonalny lunch (10 \u20ac za osob\u0119, pro\u015bba podczas rezerwacji).<\/li>\n<\/ul>\n<h3>Szczeg\u00f3\u0142y wyjazdu<\/h3>\n<ul>\n<li><strong>Lokalizacja:<\/strong> <a href=\"https:\/\/maps.app.goo.gl\/Xhe545W98um3rx6W8\" target=\"_blank\" rel=\"noopener\">Puerto de Mog\u00e1n<\/a>Gran Canaria.<\/li>\n<li><strong>Transport:<\/strong> Opcjonalna us\u0142uga odbioru dost\u0119pna dla dodatkowej wygody.<\/li>\n<li><strong>Czasy:<\/strong> Wiele odlot\u00f3w dziennie, aby dopasowa\u0107 si\u0119 do Twojego harmonogramu.<\/li>\n<\/ul>\n<h3>Przejrzysta polityka anulowania rezerwacji<\/h3>\n<p>Priorytetowo traktujemy Tw\u00f3j spok\u00f3j ducha dzi\u0119ki jasnym i elastycznym zasadom anulowania rezerwacji:<\/p>\n<ul>\n<li><strong>Gwarancja pogody:<\/strong> W przypadku niebezpiecznej pogody mo\u017cna zmieni\u0107 termin lub otrzyma\u0107 pe\u0142ny zwrot koszt\u00f3w.<\/li>\n<li><strong>Elastyczne anulowanie:<\/strong> Bezp\u0142atne anulowanie lub zmiana terminu do 8 dni przed podr\u00f3\u017c\u0105. Depozyty nie podlegaj\u0105 zwrotowi w przypadku anulowania rezerwacji w ci\u0105gu 8 dni od planowanego odlotu.<\/li>\n<\/ul>\n<h3>\ud83d\udc68\u200d\u2708\ufe0f Wskaz\u00f3wki dotycz\u0105ce przygody na jachcie Silvia<\/h3>\n<p>Skorzystaj z tych wskaz\u00f3wek, aby maksymalnie wykorzysta\u0107 dzie\u0144 na morzu:<\/p>\n<ul>\n<li>Nale\u017cy zabra\u0107 ze sob\u0105 str\u00f3j k\u0105pielowy, r\u0119cznik i krem z filtrem przeciws\u0142onecznym.<\/li>\n<li>Nale\u017cy nosi\u0107 wygodn\u0105 odzie\u017c dostosowan\u0105 do pogody.<\/li>\n<li>Przygotuj sw\u00f3j bilet CanaryVIP w telefonie lub wydrukowany.<\/li>\n<li>Zjedz wcze\u015bniej lekki posi\u0142ek, aby unikn\u0105\u0107 choroby morskiej.<\/li>\n<\/ul>\n<h3>Dlaczego warto zarezerwowa\u0107 z CanaryVIP?<\/h3>\n<p>W CanaryVIP pasjonujemy si\u0119 tworzeniem niezapomnianych wra\u017ce\u0144 na wodzie. Niezale\u017cnie od tego, czy szukasz <strong>luksusowy jacht na Gran Canarii<\/strong> lub pe\u0142n\u0105 zabawy przygod\u0119, oferujemy najlepsze <a href=\"https:\/\/canaryvip.com\/pl\/shop\/magic-island-yacht-charter-gran-canaria\/\"><strong>Wynajem \u0142odzi na Gran Canarii<\/strong><\/a> opcje dostosowane do Twoich potrzeb.<\/p>\n<p>Zarezerwuj <strong>Czarter jacht\u00f3w Silvia<\/strong> ju\u017c dzi\u015b i wyrusz w podr\u00f3\u017c pe\u0142n\u0105 relaksu, przyg\u00f3d i zapieraj\u0105cych dech w piersiach widok\u00f3w.<\/p>\n<p>\ud83d\udc49 <a href=\"https:\/\/canaryvip.com\/pl\/\" target=\"_new\" rel=\"noopener\"><span>Rezerwa<\/span><span> Teraz<\/span><\/a> i podnie\u015b jako\u015b\u0107 swoich wakacji!<\/p>","protected":false},"excerpt":{"rendered":"<p><strong>Magic Island Gran Canaria:<\/strong><br \/>\n\u2705 Bezpieczna p\u0142atno\u015b\u0107.<br \/>\n\ud83d\udd10 Wycieczki prywatne.<br \/>\n\ud83d\udee5\ufe0f 13m Yacht Comfort.<br \/>\nCodzienne wycieczki 3H i 6H.<br \/>\nR\u00f3\u017cne czasy odlot\u00f3w.<br \/>\n\ud83d\udc65 Do 12 go\u015bci.<br \/>\n\ud83e\udd3f Zapewniamy sprz\u0119t do nurkowania z rurk\u0105.<br \/>\nOdbi\u00f3r i dow\u00f3z.<br \/>\n\ud83e\udd11 Gwarancja najlepszej ceny.<br \/>\n\ud83d\udc6a  Aktywowane rabaty.<br \/>\n\ud83d\udd01 Anulowanie do 8 dni.<br \/>\n\ud83c\udf0d Wieloj\u0119zyczna za\u0142oga.<br \/>\n\ud83c\udf1f Rezerwuj wcze\u015bniej i oszcz\u0119dzaj!<br \/>\n\ud83d\udccd Odej\u015bcie od <a href=\"https:\/\/maps.app.goo.gl\/4TJkgAg6UBpnsyhm9\">Puerto de Mog\u00e1n<\/a>.<\/p>","protected":false},"featured_media":12219,"comment_status":"open","ping_status":"closed","template":"","meta":{"_acf_changed":false},"product_brand":[],"product_cat":[132],"product_tag":[],"class_list":{"0":"post-11971","1":"product","2":"type-product","3":"status-publish","4":"has-post-thumbnail","6":"product_cat-boat-hire-gran-canaria","7":"wcpa_has_options","9":"first","10":"instock","11":"virtual","12":"purchasable","13":"product-type-simple"},"acf":[],"wcpa_form_fields":{"wcpaData":{"product":{"product_price":450,"price_html":"From&nbsp;<span class=\"woocommerce-Price-amount amount\"><bdi>450,00&nbsp;<span class=\"woocommerce-Price-currencySymbol\">&euro;<\/span><\/bdi><\/span>","original_product_price":450,"price_including_tax":450,"price_excluding_tax":450,"product_id":{"parent":11971,"variation":false},"is_variable":false,"stock_status":"instock","stock_quantity":null,"parent_sku":"CV11971","product_attributes":[],"custom_fields":[],"is_taxable":false,"product_name":"Silvia: Yacht Charter<br\/>Gran Canaria","hasImage":false},"fields":{"sec_26687d4f04b1a4":{"extra":{"key":"sec_26687d4f04b1a4","section_id":"sec_26687d4f04b1a4","name":"Default","status":1,"cl_rule":"show","enableCl":false,"relations":[],"toggle":true,"title_tag":"h3","show_title":false,"showPrice":"default","form_id":12255,"form_rules":{"exclude_from_discount":true,"fee_label":"Fee","disp_hide_options_price":true,"disp_show_section_price":false,"disp_show_field_price":true,"layout_option":"standard","pric_use_as_fee":false,"process_fee_as":"woo_fee"},"layout_option":"standard"},"fields":[[{"label":"\ud83d\udcc5 Date","active":true,"required":true,"elementId":"date_106687d4f04b1c4","picker_type":"custom","picker_mode":"single","placeholder":"","description":"","tooltip":"","name":"date_106687d4f04b1c4","label_position":"default","desc_position":"default","enablePrice":false,"className":"","enableCl":false,"relations":[{"operator":"and","rules":[{"operator":"AND","rules":{"cl_field":"radio-group_565c78ffa81208","cl_relation":"is","cl_val":"3 Hour Trip"}}]}],"date_pic_inline":true,"date_pic_inline_hide":true,"min_date":{"type":"days","val":"2"},"max_date":{"type":"days","val":"365"},"date_pic_conf":{"disabledWeeks":[]},"price":"","cl_rule":"show","col":6,"type":"date","error":false,"enableDesign":false,"LabelColor":"","gt_translate_keys":["label","placeholder","description","tooltip"],"price_dependency":false,"cl_dependency":false,"value":""}],[{"elementId":"separator_76687d4f04b1e0","separatorType":"blank","className":"","height":"3","enableCl":false,"relations":false,"cl_rule":"show","col":6,"type":"separator","error":false,"gt_translate_keys":[],"price_dependency":false,"cl_dependency":false,"value":""}],[{"active":true,"col":6,"relations":false,"cl_rule":"show","enableCl":false,"price":"","enablePrice":true,"className":"","label_position":"default","desc_position":"default","type":"select","required":true,"elementId":"select_96687d4f04b1ea","label":"\u23f3 Trip Duration","name":"select_96687d4f04b1ea","values":[{"label":"3 Hours (450\u20ac)","value":"3","selected":false,"tempId":"aco_556","price":"450","gt_translate_keys":["label"]},{"label":"6 Hours (800\u20ac)","value":"6","selected":false,"tempId":"aco_122","price":"800","gt_translate_keys":["label"]}],"dropdown_type":"basic","error":false,"placeholder":"Select Trip Duration","priceOptions":"different_for_all","pricingType":"fixed","is_show_price":false,"gt_translate_keys":["label","placeholder"],"price_dependency":false,"cl_dependency":false,"value":""}],[{"label":"\u2705 Number of People","active":true,"required":true,"elementId":"select_86687d4f04b1f4","dropdown_type":"basic","placeholder":"Select Number of People","name":"select_86687d4f04b1f4","label_position":"default","desc_position":"default","enablePrice":false,"className":"","enableCl":false,"relations":[{"operator":false,"rules":[{"operator":"AND","rules":{"cl_field":"radio-group_565c78ffa81208","cl_relation":"is","cl_val":"3 Hour Trip"}}]}],"values":[{"label":"1 person","value":"1","selected":false,"tempId":"aco_1471","price":"0","gt_translate_keys":["label"]},{"label":"2 people","value":"2","selected":false,"tempId":"aco_1472","price":"0","gt_translate_keys":["label"]},{"label":"3 people","value":"3","selected":false,"tempId":"aco_1500","price":"0","gt_translate_keys":["label"]},{"label":"4 people","value":"4","selected":false,"tempId":"aco_1510","price":"0","gt_translate_keys":["label"]},{"label":"5 people","value":"5","selected":false,"tempId":"aco_1520","price":"0","gt_translate_keys":["label"]},{"label":"6 people","value":"6","selected":false,"tempId":"aco_1728","price":"0","gt_translate_keys":["label"]},{"label":"7 people","value":"7","selected":false,"tempId":"aco_1738","price":"0","gt_translate_keys":["label"]},{"label":"8 people","value":"8","selected":false,"tempId":"aco_1748","price":"0","gt_translate_keys":["label"]}],"price":"","cl_rule":"show","col":6,"type":"select","error":false,"priceOptions":"different_for_all","pricingType":"fixed","is_show_price":false,"gt_translate_keys":["label","placeholder"],"price_dependency":["select_86687d4f04b1fe"],"cl_dependency":false,"value":""}],[{"active":true,"col":6,"relations":false,"cl_rule":"show","enableCl":false,"price":"","enablePrice":true,"className":"","label_position":"default","desc_position":"default","type":"select","required":false,"elementId":"select_86687d4f04b1fe","label":"\ud83c\udf57 Meal (+10\u20ac\/person)","name":"select_86687d4f04b1fe","values":[{"label":"No","value":"No","selected":false,"tempId":"aco_2562","price":"","gt_translate_keys":["label"]},{"label":"Yes (+10\u20ac\/person)","value":"Yes","selected":false,"tempId":"aco_2563","price":"{field.select_86687d4f04b1f4.value}*10","gt_translate_keys":["label"]}],"dropdown_type":"basic","error":false,"description":"Snacks and drinks are included. If you want an extra meal, please select this option. The meal is marinated chicken with mojo potatoes and coleslaw.","priceOptions":"different_for_all","pricingType":"custom","isTemplate":false,"is_show_price":true,"gt_translate_keys":["label","description"],"price_dependency":false,"cl_dependency":false,"value":""}]]},"sec_106687d4f04b227":{"extra":{"key":"sec_106687d4f04b227","section_id":"sec_106687d4f04b227","name":"Pickup Location","status":1,"cl_rule":"show","enableCl":false,"relations":[],"toggle":true,"title_tag":"h4","show_title":false,"showPrice":"default","form_id":12255,"form_rules":{"exclude_from_discount":true,"fee_label":"Fee","disp_hide_options_price":true,"disp_show_section_price":false,"disp_show_field_price":true,"layout_option":"standard","pric_use_as_fee":false,"process_fee_as":"woo_fee"},"layout_option":"standard"},"fields":[[{"elementId":"separator_16687d4f04b232","separatorType":"blank","className":"","height":"3","enableCl":false,"relations":false,"cl_rule":"show","col":6,"type":"separator","error":false,"gt_translate_keys":[],"price_dependency":false,"cl_dependency":false,"value":""}],[{"active":true,"col":6,"relations":[{"operator":false,"rules":[{"operator":"AND","rules":{"cl_field":"radio-group_565c78ffa81208","cl_relation":"is","cl_val":"3 Hour Trip"}}]}],"cl_rule":"show","enableCl":false,"price":"","enablePrice":false,"className":"","label_position":"default","desc_position":"default","type":"select","required":false,"elementId":"select_66687d4f04b23c","label":"\u23f0 Departure","name":"select_66687d4f04b23c","values":[{"label":"09:00","value":"09:00","selected":false,"tempId":"aco_1471","gt_translate_keys":["label"]},{"label":"12:00","value":"12:00","selected":false,"tempId":"aco_1510","gt_translate_keys":["label"]},{"label":"15:00","value":"15:00","selected":false,"tempId":"aco_1738","gt_translate_keys":["label"]}],"dropdown_type":"basic","error":false,"placeholder":"Whichever Time is Best","gt_translate_keys":["label","placeholder"],"price_dependency":false,"cl_dependency":false,"value":""}],[{"elementId":"separator_86687d4f04b246","separatorType":"blank","className":"","height":"1","enableCl":false,"relations":false,"cl_rule":"show","col":6,"type":"separator","gt_translate_keys":[],"price_dependency":false,"cl_dependency":false,"value":""}],[{"elementId":"separator_86687d4f04b250","separatorType":"blank","className":"","height":"1","enableCl":false,"relations":false,"cl_rule":"show","col":6,"type":"separator","error":false,"gt_translate_keys":[],"price_dependency":false,"cl_dependency":false,"value":""}],[{"active":true,"col":6,"relations":false,"cl_rule":"show","enableCl":false,"price":"","enablePrice":false,"className":"","label_position":"default","desc_position":"default","type":"text","subtype":"text","required":false,"elementId":"text_66687d4f04b259","label":"\ud83d\ude8c Pickup Location","name":"text_66687d4f04b259","value":"","error":false,"description":"Pick-up service in some locations. Simply provide your address or hotel name. (+2\u20ac\/person paid at pickup to the driver)","gt_translate_keys":["label","description","value"],"price_dependency":false,"cl_dependency":false}]]}},"config":{"price_override":"always","enable_recaptcha":false,"bind_quantity":false,"quantity_bind_formula":false,"disp_summ_show_option_price":true,"disp_summ_show_product_price":false,"disp_summ_show_total_price":true,"disp_summ_show_fee":true,"disp_summ_show_discount":true,"summary_title":"","options_total_label":"Options Price","total_label":"Total Amount","options_product_label":"Product Price","fee_label":"Fee","discount_label":"Discount","has_price":true,"has_quantity_formula":false},"mc_unit":1,"tax_rate":1,"tax_rate_real":1,"discount":{"percentage":0,"fixed":0},"design":{"conf":{"LabelPosition":"above","DescPosition":"above","UploadField":"custom_1","QuantityFieldStyle":"custom_1"},"css":{"LeftLabelWidth":"120px"}},"formulas":{"fmla_1708364241278155361":"(({field.select_3666b1eb2b11fe.value}>=8)?(1400):(({field.select_3666b1eb2b11fe.value}>=7)?(1225):(({field.select_3666b1eb2b11fe.value}>=6)?(1050):(({field.select_3666b1eb2b11fe.value}>=5)?(875):(({field.select_3666b1eb2b11fe.value}>=4)?(700):(({field.select_3666b1eb2b11fe.value}>=3)?(500):(0)))))))","fmla_1718295979528641619":"(({field.select_3666b1eb2b11fe.value}>=8)?(280):(({field.select_3666b1eb2b11fe.value}>=7)?(205):(({field.select_3666b1eb2b11fe.value}>=6)?(150):(({field.select_3666b1eb2b11fe.value}>=5)?(175):(({field.select_3666b1eb2b11fe.value}>=4)?(200):(({field.select_3666b1eb2b11fe.value}>=3)?(150):(0)))))))"},"lookuptables":[],"clones":false,"cartKey":false}},"_links":{"self":[{"href":"https:\/\/canaryvip.com\/pl\/wp-json\/wp\/v2\/product\/11971","targetHints":{"allow":["GET"]}}],"collection":[{"href":"https:\/\/canaryvip.com\/pl\/wp-json\/wp\/v2\/product"}],"about":[{"href":"https:\/\/canaryvip.com\/pl\/wp-json\/wp\/v2\/types\/product"}],"replies":[{"embeddable":true,"href":"https:\/\/canaryvip.com\/pl\/wp-json\/wp\/v2\/comments?post=11971"}],"wp:featuredmedia":[{"embeddable":true,"href":"https:\/\/canaryvip.com\/pl\/wp-json\/wp\/v2\/media\/12219"}],"wp:attachment":[{"href":"https:\/\/canaryvip.com\/pl\/wp-json\/wp\/v2\/media?parent=11971"}],"wp:term":[{"taxonomy":"product_brand","embeddable":true,"href":"https:\/\/canaryvip.com\/pl\/wp-json\/wp\/v2\/product_brand?post=11971"},{"taxonomy":"product_cat","embeddable":true,"href":"https:\/\/canaryvip.com\/pl\/wp-json\/wp\/v2\/product_cat?post=11971"},{"taxonomy":"product_tag","embeddable":true,"href":"https:\/\/canaryvip.com\/pl\/wp-json\/wp\/v2\/product_tag?post=11971"}],"curies":[{"name":"wp","href":"https:\/\/api.w.org\/{rel}","templated":true}]}}