{"id":11626,"date":"2024-06-06T11:14:41","date_gmt":"2024-06-06T10:14:41","guid":{"rendered":"https:\/\/canaryvip.com\/?post_type=product&#038;p=11626"},"modified":"2026-04-10T14:33:12","modified_gmt":"2026-04-10T13:33:12","slug":"natural-pools-masca-los-gigantes-tour","status":"publish","type":"product","link":"https:\/\/canaryvip.com\/pl\/shop\/natural-pools-masca-los-gigantes-tour\/","title":{"rendered":"Naturalne baseny, Masca i Los Gigantes Tour + piknik"},"content":{"rendered":"<h2>O wycieczce do Masca, naturalnych basen\u00f3w i Los Gigantes<\/h2>\n<p>Odkryj jeden z najbardziej kompletnych <strong>Wycieczki z przewodnikiem po Teneryfie<\/strong> z tym niezapomnianym do\u015bwiadczeniem \u0142\u0105cz\u0105cym natur\u0119, lokaln\u0105 kultur\u0119 i zapieraj\u0105ce dech w piersiach widoki. W CanaryVIP oferujemy mo\u017cliwo\u015b\u0107 odkrywania ukrytych klejnot\u00f3w wyspy podczas tej wycieczki. <strong>Masca Tour z przewodnikiem<\/strong>, w tym dramatyczne klify, tradycyjne wioski i s\u0142ynne <strong>naturalne baseny Teneryfa<\/strong> jest znany z.<\/p>\n<p>Ta wycieczka jest przeznaczona dla podr\u00f3\u017cnych, kt\u00f3rzy chc\u0105 zobaczy\u0107 inn\u0105 stron\u0119 Teneryfy w ma\u0142ej grupie, z bardziej osobist\u0105 i zrelaksowan\u0105 atmosfer\u0105.<\/p>\n<h3>Najwa\u017cniejsze atrakcje wycieczki: Masca, naturalne baseny i Los Gigantes<\/h3>\n<ul>\n<li>\ud83c\udf04 <strong>Panoramiczny punkt widzenia:<\/strong> Ciesz si\u0119 wspania\u0142ymi widokami na dolin\u0119 Masca, jeden z najbardziej imponuj\u0105cych krajobraz\u00f3w na Teneryfie.<\/li>\n<li>\ud83c\udfd8\ufe0f <strong>Masca Village:<\/strong> Sp\u0119d\u017a oko\u0142o 1 godziny na zwiedzaniu tej uroczej g\u00f3rskiej wioski. Spaceruj w\u0105skimi uliczkami, odkrywaj lokalne produkty i ciesz si\u0119 wyj\u0105tkow\u0105 atmosfer\u0105.<\/li>\n<li>\ud83c\udfd4\ufe0f <strong>Klify Los Gigantes:<\/strong> Odwied\u017a s\u0142ynne klify wznosz\u0105ce si\u0119 do 600 metr\u00f3w nad oceanem, jeden z najbardziej charakterystycznych naturalnych punkt\u00f3w orientacyjnych na wyspie.<\/li>\n<li>\ud83c\udfca <strong>Naturalne baseny wulkaniczne i piknik:<\/strong> Od\u015bwie\u017c si\u0119 w naturalnych basenach wulkanicznych nad morzem i ciesz si\u0119 relaksuj\u0105cym piknikiem w pi\u0119knej nadmorskiej scenerii.<\/li>\n<\/ul>\n<h3>Co wchodzi w sk\u0142ad do\u015bwiadczenia<\/h3>\n<ul>\n<li>\ud83e\uddd1\u200d\ud83c\udfeb Lokalny przewodnik z dog\u0142\u0119bn\u0105 znajomo\u015bci\u0105 okolicy.<\/li>\n<li>\ud83d\udee0\ufe0f Ca\u0142y sprz\u0119t niezb\u0119dny do wykonywania czynno\u015bci.<\/li>\n<li>\ud83d\udee1\ufe0f Ubezpieczenie aktywno\u015bci dla Twojego spokoju ducha.<\/li>\n<li>Transport z\/do miejsca spotkania wygodnym 9-osobowym vanem.<\/li>\n<li>\ud83d\udcf8 Zdj\u0119cia i filmy ze swoich do\u015bwiadcze\u0144, aby zabra\u0107 do domu niezapomniane wspomnienia.<\/li>\n<\/ul>\n<h3>Najwa\u017cniejsze szczeg\u00f3\u0142y wycieczki<\/h3>\n<ul>\n<li>\ud83d\udd52 <strong>Czas rozpocz\u0119cia:<\/strong> Zima o 15:00 | Lato o 16:00.<\/li>\n<li>\u23f3 <strong>Czas trwania:<\/strong> Oko\u0142o 5 godzin.<\/li>\n<li>\ud83d\udc65 <strong>Do\u015bwiadczenie w ma\u0142ej grupie:<\/strong> Dost\u0119pne s\u0105 ograniczone miejsca na bardziej spersonalizowan\u0105 wycieczk\u0119.<\/li>\n<li>\ud83d\udccd <strong>Transport:<\/strong> Podr\u00f3\u017c komfortowym 9-osobowym vanem.<\/li>\n<li>\ud83e\udde5 <strong>Co zabra\u0107:<\/strong> Wygodne ubranie, str\u00f3j k\u0105pielowy i r\u0119cznik do naturalnych basen\u00f3w.<\/li>\n<\/ul>\n<h3>Wa\u017cne informacje i zasady<\/h3>\n<ul>\n<li>\ud83d\udd04 <strong>Zasady anulowania rezerwacji:<\/strong> Bezp\u0142atne anulowanie rezerwacji jest mo\u017cliwe w przypadku rezerwacji dla maksymalnie 2 os\u00f3b z co najmniej 72-godzinnym wyprzedzeniem. W przypadku rezerwacji dla 3 do 7 os\u00f3b wymagane jest powiadomienie z co najmniej 5-dniowym wyprzedzeniem. W przypadku grup powy\u017cej 7 os\u00f3b anulowanie rezerwacji musi nast\u0105pi\u0107 z co najmniej 10-dniowym wyprzedzeniem. Ze wzgl\u0119du na ograniczon\u0105 dost\u0119pno\u015b\u0107 i niewielki rozmiar grupy, p\u00f3\u017ane anulowanie rezerwacji lub niepojawienie si\u0119 na miejscu mo\u017ce podlega\u0107 pe\u0142nym op\u0142atom. Zawsze zalecamy wcze\u015bniejsze potwierdzenie plan\u00f3w.<\/li>\n<li>\ud83d\udd52 <strong>Punktualno\u015b\u0107:<\/strong> Prosimy o punktualne przybycie na miejsce spotkania, aby zapewni\u0107 grupie sprawny start.<\/li>\n<li>\u26a0\ufe0f <strong>Ograniczona dost\u0119pno\u015b\u0107:<\/strong> To do\u015bwiadczenie dzia\u0142a w ma\u0142ych grupach, wi\u0119c liczba miejsc jest bardzo ograniczona i zwykle szybko si\u0119 wyprzedaje.<\/li>\n<\/ul>\n<h4>Wsparcie na trasie<\/h4>\n<ul>\n<li>\u2714\ufe0f W CanaryVIP starannie dobieramy do\u015bwiadczenia, aby zapewni\u0107 jako\u015b\u0107 i bezpiecze\u0144stwo.<\/li>\n<li>\ud83d\udde3\ufe0f Podczas wycieczki zawsze mo\u017cna porozmawia\u0107 bezpo\u015brednio z przewodnikiem w celu uzyskania pomocy.<\/li>\n<li>Nasz zesp\u00f3\u0142 jest dost\u0119pny przed i po dokonaniu rezerwacji, je\u015bli potrzebujesz pomocy lub masz pytania.<\/li>\n<\/ul>\n<h3>\ud83c\udf0a\ud83c\udfd4\ufe0f Zarezerwuj wycieczk\u0119 do Masca i naturalnych basen\u00f3w ju\u017c dzi\u015b<\/h3>\n<p>Je\u015bli szukasz jednego z najlepszych <strong>Wycieczki z przewodnikiem po Teneryfie<\/strong>, To do\u015bwiadczenie \u0142\u0105czy w sobie wszystko: g\u00f3ry, ocean, kultur\u0119 i relaks. Od wyj\u0105tkowego uroku wioski Masca po orze\u017awiaj\u0105c\u0105 k\u0105piel w oceanie. <strong>naturalne baseny Teneryfa<\/strong> Ka\u017cda chwila ma by\u0107 niezapomniana.<\/p>\n<p>W CanaryVIP sprawiamy, \u017ce rezerwacja jest prosta i niezawodna, dzi\u0119ki czemu mo\u017cesz skupi\u0107 si\u0119 na cieszeniu si\u0119 podr\u00f3\u017c\u0105. Niezale\u017cnie od tego, czy odwiedzasz Teneryf\u0119 po raz pierwszy, czy wracasz, aby odkrywa\u0107 wi\u0119cej, to <strong>Masca Tour z przewodnikiem<\/strong> to obowi\u0105zkowe do\u015bwiadczenie.<\/p>\n<p>Zarezerwuj miejsce ju\u017c teraz i odkryj Teneryf\u0119 w zupe\u0142nie inny spos\u00f3b.<\/p>","protected":false},"excerpt":{"rendered":"<p><strong>Szczeg\u00f3\u0142y wycieczki:<\/strong><br \/>\n\u2705 Bezpieczna p\u0142atno\u015b\u0107.<br \/>\nPoznaj wiosk\u0119 Masca.<br \/>\nOdkryj naturalne baseny.<br \/>\n\ud83c\udfd4\ufe0f Odwied\u017a klif Los Gigantes.<br \/>\nPiknik wliczony w cen\u0119.<br \/>\nCodziennie.<br \/>\nCzas trwania Oko\u0142o 5 godzin.<br \/>\nVAN do 9 os\u00f3b.<br \/>\nOdbi\u00f3r i dow\u00f3z z hotelu.<br \/>\n\ud83d\udd04 Bezp\u0142atne anulowanie rezerwacji w ci\u0105gu 72 godzin.<br \/>\n\ud83e\udd11 Gwarancja najlepszej ceny.<br \/>\n\ud83c\udf81 Dost\u0119pne zni\u017cki grupowe.<br \/>\n\ud83c\udf1f Zarezerwuj teraz i zaoszcz\u0119d\u017a!<\/p>","protected":false},"featured_media":16977,"comment_status":"open","ping_status":"closed","template":"","meta":{"_acf_changed":false},"product_brand":[],"product_cat":[52],"product_tag":[],"class_list":{"0":"post-11626","1":"product","2":"type-product","3":"status-publish","4":"has-post-thumbnail","6":"product_cat-bus-tours","7":"wcpa_has_options","9":"first","10":"instock","11":"sale","12":"virtual","13":"purchasable","14":"product-type-simple"},"acf":[],"wcpa_form_fields":{"wcpaData":{"product":{"product_price":85,"price_html":"From&nbsp;<del aria-hidden=\"true\"><span class=\"woocommerce-Price-amount amount\"><bdi>90,00&nbsp;<span class=\"woocommerce-Price-currencySymbol\">&euro;<\/span><\/bdi><\/span><\/del> <span class=\"screen-reader-text\">Pierwotna cena wynosi\u0142a: 90,00&nbsp;&euro;.<\/span><ins aria-hidden=\"true\"><span class=\"woocommerce-Price-amount amount\"><bdi>85,00&nbsp;<span class=\"woocommerce-Price-currencySymbol\">&euro;<\/span><\/bdi><\/span><\/ins><span class=\"screen-reader-text\">Aktualna cena: 85,00&nbsp;&euro;.<\/span>","original_product_price":90,"price_including_tax":85,"price_excluding_tax":85,"product_id":{"parent":11626,"variation":false},"is_variable":false,"stock_status":"instock","stock_quantity":null,"parent_sku":"CV11626","product_attributes":[],"custom_fields":[],"is_taxable":false,"product_name":"Natural Pools, Masca & Los Gigantes Tour + Picnic","hasImage":false},"fields":{"sec_169cd3c7b1d53f":{"extra":{"key":"sec_169cd3c7b1d53f","section_id":"sec_169cd3c7b1d53f","name":"South Tenerife","status":1,"cl_rule":"show","enableCl":false,"relations":[{"operator":false,"rules":[{"operator":"AND","rules":{"cl_field":"radio-group_665df45fcbc30b","cl_relation":"is","cl_val":"Siam Park Regular Tickets"}}]}],"toggle":true,"title_tag":"h4","show_title":false,"showPrice":"default","form_id":16980,"form_rules":{"exclude_from_discount":true,"fee_label":"Fee","disp_hide_options_price":true,"disp_show_section_price":false,"disp_show_field_price":true,"layout_option":"standard","pric_use_as_fee":false,"process_fee_as":"woo_fee"},"layout_option":"standard"},"fields":[[{"label":"\ud83d\udcc5 Date","active":true,"required":true,"elementId":"date_869cd3c7b1d560","picker_type":"custom","picker_mode":"single","placeholder":"","description":"","tooltip":"","name":"date_869cd3c7b1d560","label_position":"default","desc_position":"default","enablePrice":false,"className":"","enableCl":false,"relations":[{"operator":"and","rules":[{"operator":"AND","rules":{"cl_field":"radio-group_665df45fcbc30b","cl_relation":"is","cl_val":"3 Hour Trip"}}]}],"date_pic_inline":true,"date_pic_inline_hide":true,"min_date":{"type":"days","val":"2"},"max_date":{"type":"days","val":"180"},"date_pic_conf":{"disabledWeeks":[],"enabledDates":[]},"price":"","cl_rule":"show","col":6,"type":"date","error":false,"enableDesign":false,"LabelColor":"","value":"2024-07-04","isWeightTemplate":false,"isTemplate":false,"min_quantity":"1","quantity_decimal":false,"quantity_step":"1","quantity_label":"Quantity","repeater_field_label":"{field_label}","repeater_bind":"","gt_translate_keys":["label","placeholder","description","value","tooltip","repeater_field_label","quantity_label"],"price_dependency":false,"cl_dependency":false}],[{"elementId":"separator_569cd3c7b1d57a","separatorType":"blank","className":"","height":"10","enableCl":false,"relations":false,"cl_rule":"show","col":6,"type":"separator","gt_translate_keys":[],"price_dependency":false,"cl_dependency":false,"value":""}],[{"active":true,"col":6,"relations":false,"cl_rule":"show","enableCl":false,"price":"","enablePrice":false,"className":"","label_position":"default","desc_position":"default","type":"content","required":false,"elementId":"content_369cd3c7b1d585","label":"People","name":"content_369cd3c7b1d585","contentType":"plain","value":"","error":false,"show_in_checkout":true,"inline":false,"gt_translate_keys":["label","value"],"price_dependency":false,"cl_dependency":false}],[{"active":true,"col":6,"relations":[{"operator":false,"rules":[{"operator":"AND","rules":{"cl_field":"","cl_relation":"","cl_val":""}}]}],"cl_rule":"show","enableCl":true,"price":"85","enablePrice":true,"className":"","label_position":"default","desc_position":"default","type":"radio-group","required":false,"elementId":"radio-group_969cd3c7b1d590","label":"","name":"radio-group_969cd3c7b1d590","values":[{"label":"\ud83d\udc64 People (85\u20ac)","value":"Adult","selected":true,"tempId":"aco_32","tooltip":"+12 Years","description":"","gt_translate_keys":["label","tooltip","description"]}],"layOut":"","error":false,"checkUi":"button","priceOptions":"fixed_for_all","pricingType":"fixed","enable_quantity":true,"quantity_label":"","min_quantity":"0","options_tooltip":true,"options_description":true,"isWeightTemplate":false,"isTemplate":false,"quantity_decimal":false,"quantity_step":"1","repeater_field_label":"{field_label}","repeater_bind":"","gt_translate_keys":["label","repeater_field_label","quantity_label"],"price_dependency":false,"cl_dependency":false,"value":""}],[{"active":true,"col":6,"relations":false,"cl_rule":"show","enableCl":false,"price":"","enablePrice":false,"className":"","label_position":"default","desc_position":"default","type":"separator","required":false,"elementId":"separator_269cd3c7b1d5af","label":"Separator Field","height":"7","separatorType":"blank","error":false,"gt_translate_keys":["label"],"price_dependency":false,"cl_dependency":false,"value":""}],[{"active":true,"col":6,"relations":false,"cl_rule":"show","enableCl":false,"price":"","enablePrice":false,"className":"","label_position":"default","desc_position":"default","type":"text","subtype":"text","required":false,"elementId":"text_369cd3c7b1d5b8","label":"\ud83d\ude8c Pickup Location","name":"text_369cd3c7b1d5b8","value":"","description":"Pick-up service in South Tenerife. Simply provide your address or hotel name.","error":false,"isWeightTemplate":false,"isTemplate":false,"min_quantity":"1","quantity_decimal":false,"quantity_step":"1","quantity_label":"Quantity","repeater_field_label":"{field_label}","repeater_bind":"","gt_translate_keys":["label","description","value","repeater_field_label","quantity_label"],"price_dependency":false,"cl_dependency":false}]]}},"config":{"price_override":"always","enable_recaptcha":false,"bind_quantity":false,"quantity_bind_formula":false,"disp_summ_show_option_price":true,"disp_summ_show_product_price":false,"disp_summ_show_total_price":true,"disp_summ_show_fee":true,"disp_summ_show_discount":true,"summary_title":"","options_total_label":"Options Price","total_label":"Total Amount","options_product_label":"Product Price","fee_label":"Fee","discount_label":"Discount","has_price":true,"has_quantity_formula":false},"mc_unit":1,"tax_rate":1,"tax_rate_real":1,"discount":{"percentage":0,"fixed":0},"design":{"conf":{"LabelPosition":"above","DescPosition":"above","UploadField":"custom_1","QuantityFieldStyle":"custom_1"},"css":{"LeftLabelWidth":"120px"}},"formulas":[],"lookuptables":[],"clones":false,"cartKey":false}},"_links":{"self":[{"href":"https:\/\/canaryvip.com\/pl\/wp-json\/wp\/v2\/product\/11626","targetHints":{"allow":["GET"]}}],"collection":[{"href":"https:\/\/canaryvip.com\/pl\/wp-json\/wp\/v2\/product"}],"about":[{"href":"https:\/\/canaryvip.com\/pl\/wp-json\/wp\/v2\/types\/product"}],"replies":[{"embeddable":true,"href":"https:\/\/canaryvip.com\/pl\/wp-json\/wp\/v2\/comments?post=11626"}],"wp:featuredmedia":[{"embeddable":true,"href":"https:\/\/canaryvip.com\/pl\/wp-json\/wp\/v2\/media\/16977"}],"wp:attachment":[{"href":"https:\/\/canaryvip.com\/pl\/wp-json\/wp\/v2\/media?parent=11626"}],"wp:term":[{"taxonomy":"product_brand","embeddable":true,"href":"https:\/\/canaryvip.com\/pl\/wp-json\/wp\/v2\/product_brand?post=11626"},{"taxonomy":"product_cat","embeddable":true,"href":"https:\/\/canaryvip.com\/pl\/wp-json\/wp\/v2\/product_cat?post=11626"},{"taxonomy":"product_tag","embeddable":true,"href":"https:\/\/canaryvip.com\/pl\/wp-json\/wp\/v2\/product_tag?post=11626"}],"curies":[{"name":"wp","href":"https:\/\/api.w.org\/{rel}","templated":true}]}}