{"id":11582,"date":"2024-06-03T16:40:35","date_gmt":"2024-06-03T15:40:35","guid":{"rendered":"https:\/\/canaryvip.com\/?post_type=product&#038;p=11582"},"modified":"2025-12-11T18:13:25","modified_gmt":"2025-12-11T18:13:25","slug":"stargazing-tenerife-teide-by-night","status":"publish","type":"product","link":"https:\/\/canaryvip.com\/pl\/shop\/stargazing-tenerife-teide-by-night\/","title":{"rendered":"Star Tour Teneryfa:<br\/>Teide noc\u0105 + kolacja"},"content":{"rendered":"<h2>\ud83d\ude8c O obserwacji Teneryfy noc\u0105: Teide noc\u0105<\/h2>\n<p>The <strong>Teide noc\u0105<\/strong> Wycieczka, dost\u0119pna za po\u015brednictwem CanaryVIP, to jeden z najbardziej wyj\u0105tkowych sposob\u00f3w na poznanie g\u00f3ry Teide po zachodzie s\u0142o\u0144ca. Lokalny operator organizuje t\u0119 wycieczk\u0119, \u0142\u0105cz\u0105c pi\u0119kny zach\u00f3d s\u0142o\u0144ca, wulkaniczn\u0105 sceneri\u0119 i relaksuj\u0105c\u0105 sesj\u0119 obserwacji gwiazd na jednym z najczystszych niebios w Europie. Park Narodowy Teide posiada certyfikat Starlight Destination, co oznacza, \u017ce jego niebo jest wyj\u0105tkowo czyste i wolne od zanieczyszczenia \u015bwiat\u0142em.<\/p>\n<h3>Najwa\u017cniejsze atrakcje wycieczki: Teide noc\u0105<\/h3>\n<ul>\n<li>\ud83c\udf04 <strong>Zatrzymanie o zachodzie s\u0142o\u0144ca<\/strong>: Wycieczka rozpoczyna si\u0119 od postoju, aby podziwia\u0107 zach\u00f3d s\u0142o\u0144ca z jednego z punkt\u00f3w widokowych w Parku Narodowym. Zmieniaj\u0105ce si\u0119 kolory nieba tworz\u0105 spokojn\u0105 i niezapomnian\u0105 atmosfer\u0119, idealn\u0105 do robienia zdj\u0119\u0107 przed wieczorn\u0105 obserwacj\u0105 gwiazd.<\/li>\n<li>\ud83d\udd2d <strong>Obserwacja gwiazd na Teneryfie<\/strong>: Po zmroku przewodnik w przyst\u0119pny i przyjazny spos\u00f3b wyja\u015bnia konstelacje, u\u017cywaj\u0105c wska\u017anika laserowego. Go\u015bcie maj\u0105 do dyspozycji teleskop, dzi\u0119ki czemu mog\u0105 obserwowa\u0107 gwiazdy, planety i obiekty g\u0142\u0119bokiego nieba, jednocze\u015bnie poznaj\u0105c ciekawe historie zwi\u0105zane z nocnym niebem.<\/li>\n<li>\ud83c\udfd4\ufe0f <strong>G\u00f3ra Teide<\/strong>: G\u00f3ra Teide, o wysoko\u015bci 3715 metr\u00f3w, jest najwy\u017cszym szczytem Hiszpanii i <a href=\"https:\/\/whc.unesco.org\/en\/list\/1258\/\" target=\"_blank\" rel=\"noopener\">\u015awiatowe dziedzictwo UNESCO<\/a> miejsce. Jego wulkaniczne krajobrazy sprawiaj\u0105 wra\u017cenie niemal nieziemskich i by\u0142y wykorzystywane jako miejsca kr\u0119cenia kilku mi\u0119dzynarodowych produkcji filmowych.<\/li>\n<li>\ud83c\udf7d\ufe0f <strong>Kolacja<\/strong>: Kolacja jest wliczona w cen\u0119 i zazwyczaj serwowana jest w restauracji kanaryjskiej, takiej jak Casa Sira, chocia\u017c konkretna restauracja mo\u017ce si\u0119 r\u00f3\u017cni\u0107 w zale\u017cno\u015bci od dost\u0119pno\u015bci. Posi\u0142ek jest prosty i lokalny, odpowiedni przed kontynuowaniem nocnej obserwacji gwiazd. Zazwyczaj dost\u0119pne s\u0105 opcje dietetyczne.<\/li>\n<\/ul>\n<h3>Stargazing na Teneryfie obejmuje<\/h3>\n<ul>\n<li>\ud83d\ude8c Odbi\u00f3r i dow\u00f3z z hotelu.<\/li>\n<li>\ud83d\udde3\ufe0f Przewodnicy m\u00f3wi\u0105cy po angielsku, kt\u00f3rzy udzielaj\u0105 wyja\u015bnie\u0144 podczas ca\u0142ej wycieczki.<\/li>\n<li>\ud83d\udcf8 Kilka przystank\u00f3w na zdj\u0119cia, zw\u0142aszcza podczas zachodu s\u0142o\u0144ca.<\/li>\n<li>\ud83d\udcdc Ca\u0142y wiecz\u00f3r po\u015bwi\u0119cony odkrywaniu krajobraz\u00f3w Teide i nocnego nieba.<\/li>\n<li>\ud83d\udcb0 Gwarancja najlepszej ceny i elastyczna polityka anulowania rezerwacji.<\/li>\n<\/ul>\n<h3>Szczeg\u00f3\u0142y wycieczki Essential Stargazing Tenerife Tour<\/h3>\n<ul>\n<li>\ud83c\udf9f\ufe0f Prosimy o zabranie ze sob\u0105 cyfrowego biletu CanaryVIP.<\/li>\n<li>\ud83d\udeab Autokar nie posiada toalety na pok\u0142adzie i nie jest przystosowany do przewozu os\u00f3b na w\u00f3zkach inwalidzkich.<\/li>\n<li>\ud83c\udf7d\ufe0f Kolacja jest wliczona w cen\u0119.<\/li>\n<li>\u23f3 Wycieczka trwa oko\u0142o 6 godzin.<\/li>\n<li>\ud83e\udde5 Ciep\u0142a odzie\u017c jest niezb\u0119dna, poniewa\u017c w nocy temperatura znacznie spada.<\/li>\n<li>\ud83d\udccc Prosimy o podanie dok\u0142adnych danych hotelu, aby zapewni\u0107 prawid\u0142ow\u0105 organizacj\u0119 odbioru.<\/li>\n<li>\ud83c\udf25\ufe0f <strong>Komunikat pogodowy<\/strong>: Widoczno\u015b\u0107 gwiazd zale\u017cy od warunk\u00f3w pogodowych i nie mo\u017cna jej w pe\u0142ni zagwarantowa\u0107. Operator zawsze do\u0142o\u017cy wszelkich stara\u0144, aby zapewni\u0107 Pa\u0144stwu to do\u015bwiadczenie.<\/li>\n<\/ul>\n<h3>Etykieta i zasady dotycz\u0105ce wycieczek<\/h3>\n<ul>\n<li>\ud83d\udd04 <strong>Elastyczne anulowanie<\/strong>: Bezp\u0142atna anulacja do 48 godzin przed rozpocz\u0119ciem atrakcji. Grupy obj\u0119te s\u0105 specjalnymi warunkami: grupy od 5 do 7 os\u00f3b mog\u0105 anulowa\u0107 rezerwacj\u0119 do 72 godzin przed rozpocz\u0119ciem atrakcji. Grupy od 8 do 14 os\u00f3b musz\u0105 anulowa\u0107 rezerwacj\u0119 z 4-dniowym wyprzedzeniem. Grupy licz\u0105ce 15 lub wi\u0119cej os\u00f3b musz\u0105 anulowa\u0107 rezerwacj\u0119 co najmniej 6 dni przed rozpocz\u0119ciem atrakcji.<\/li>\n<li>\ud83d\udd52 <strong>Terminowo\u015b\u0107<\/strong>: Prosimy o punktualne stawienie si\u0119 w wyznaczonym miejscu odbioru, aby unikn\u0105\u0107 op\u00f3\u017anie\u0144 dla pozosta\u0142ych cz\u0142onk\u00f3w grupy.<\/li>\n<li>\ud83d\udce2 <strong>Post\u0119puj zgodnie z harmonogramem<\/strong>Go\u015bcie powinni post\u0119powa\u0107 zgodnie z instrukcjami przewodnika, aby zapewni\u0107 wszystkim p\u0142ynny i przyjemny przebieg wycieczki.<\/li>\n<\/ul>\n<h4>Pomoc i odpowiedzialno\u015b\u0107 na trasie<\/h4>\n<ul>\n<li>\u2714\ufe0f <strong>Zobowi\u0105zanie dotycz\u0105ce us\u0142ug<\/strong>: CanaryVIP zapewnia p\u0142ynny proces rezerwacji i jasn\u0105 komunikacj\u0119 przed wycieczk\u0105. Sama aktywno\u015b\u0107 jest realizowana przez licencjonowanego lokalnego operatora.<\/li>\n<li>\ud83d\udde3\ufe0f <strong>Pomoc podczas wycieczki<\/strong>Wszelkie pytania lub w\u0105tpliwo\u015bci podczas wycieczki mo\u017cna kierowa\u0107 bezpo\u015brednio do przewodnika, kt\u00f3ry jest na miejscu, aby s\u0142u\u017cy\u0107 pomoc\u0105.<\/li>\n<li>\ud83d\udcb0 <strong>Zasady zwrotu koszt\u00f3w w przypadku problem\u00f3w zwi\u0105zanych z wycieczk\u0105<\/strong>: Je\u015bli podczas zaj\u0119\u0107 wyst\u0105pi\u0105 nieprzewidziane okoliczno\u015bci, zwroty koszt\u00f3w b\u0119d\u0105 realizowane zgodnie z ustalonymi zasadami, zawsze priorytetowo traktuj\u0105c przejrzysto\u015b\u0107 i zadowolenie go\u015bci.<\/li>\n<\/ul>\n<h3>\ud83c\udf0b\ud83d\ude8c\ud83c\udfde\ufe0f Zarezerwuj wycieczk\u0119 na Teide ju\u017c teraz<\/h3>\n<p>Teide by Night to spokojny i niezapomniany spos\u00f3b na odkrywanie jednego z najbardziej charakterystycznych miejsc na Teneryfie. Ogl\u0105danie zachodu s\u0142o\u0144ca z Parku Narodowego, a nast\u0119pnie obserwowanie nocnego nieba sprawia, \u017ce ta wycieczka jest ulubion\u0105 atrakcj\u0105 dla par, rodzin i wszystkich, kt\u00f3rzy chc\u0105 do\u015bwiadczy\u0107 Teide w innym \u015bwietle.<\/p>\n<p>Je\u015bli chcesz zwiedzi\u0107 park r\u00f3wnie\u017c w ci\u0105gu dnia, zapraszamy do zapoznania si\u0119 z nasz\u0105 ofert\u0105. <a href=\"https:\/\/canaryvip.com\/pl\/shop\/teide-guided-bus-tour\/\">P\u00f3\u0142dniowa wycieczka autobusowa na Teide<\/a>. Ta opcja dzienna obejmuje krajobrazy wulkaniczne, punkty widokowe, wiosk\u0119 Vilaflor i Roques de Garc\u00eda, z opcjonaln\u0105 przeja\u017cd\u017ck\u0105 kolejk\u0105 linow\u0105, je\u015bli pozwala na to pogoda.<\/p>\n<p>Rezerwuj\u0105c obie wycieczki przez CanaryVIP, mo\u017cesz cieszy\u0107 si\u0119 pe\u0142nym kontrastem Teide, od jasnych kolor\u00f3w w ci\u0105gu dnia po spokojne, rozgwie\u017cd\u017cone noce.<\/p>\n<p>Twoja przygoda na Teide czeka, a\u017c b\u0119dziesz gotowy.<\/p>","protected":false},"excerpt":{"rendered":"<p><strong>\ud83d\udd0d Teide noc\u0105:<\/strong><br \/>\n\u2705 Bezpieczna p\u0142atno\u015b\u0107.<br \/>\n\ud83d\uddfb Odwied\u017a Park Narodowy Teide.<br \/>\n\ud83d\udd2d Profesjonalne teleskopy.<br \/>\n\ud83c\udf20 Ogl\u0105daj Gwiazdy i konstelacje.<br \/>\n\ud83c\udf7d\ufe0f Posi\u0142ek kanaryjski wliczony w cen\u0119.<br \/>\n\ud83e\uddc3 Napoje wliczone w cen\u0119.<br \/>\n\ud83d\udcc5 Wtorek, \u015broda, czwartek, pi\u0105tek, niedziela.<br \/>\nCzas trwania Oko\u0142o 6 godzin.<br \/>\n\ud83d\ude8c Odbi\u00f3r i dow\u00f3z z hotelu.<br \/>\n\ud83d\udd04 Bezp\u0142atne anulowanie rezerwacji w ci\u0105gu 48 godzin.<br \/>\n\ud83e\udd11 Gwarancja najlepszej ceny.<br \/>\n\ud83c\udf81 Dost\u0119pne zni\u017cki grupowe.<br \/>\nPrzewodniki w Twoich j\u0119zykach.<br \/>\n\ud83c\udf1f Zarezerwuj teraz i zaoszcz\u0119d\u017a!<\/p>","protected":false},"featured_media":11584,"comment_status":"open","ping_status":"closed","template":"","meta":{"_acf_changed":false},"product_brand":[],"product_cat":[52],"product_tag":[],"class_list":{"0":"post-11582","1":"product","2":"type-product","3":"status-publish","4":"has-post-thumbnail","6":"product_cat-bus-tours","7":"wcpa_has_options","9":"first","10":"instock","11":"sale","12":"virtual","13":"purchasable","14":"product-type-simple"},"acf":[],"wcpa_form_fields":{"wcpaData":{"product":{"product_price":79,"price_html":"From&nbsp;<del aria-hidden=\"true\"><span class=\"woocommerce-Price-amount amount\"><bdi>89,00&nbsp;<span class=\"woocommerce-Price-currencySymbol\">&euro;<\/span><\/bdi><\/span><\/del> <span class=\"screen-reader-text\">Pierwotna cena wynosi\u0142a: 89,00&nbsp;&euro;.<\/span><ins aria-hidden=\"true\"><span class=\"woocommerce-Price-amount amount\"><bdi>79,00&nbsp;<span class=\"woocommerce-Price-currencySymbol\">&euro;<\/span><\/bdi><\/span><\/ins><span class=\"screen-reader-text\">Aktualna cena: 79,00&nbsp;&euro;.<\/span>","original_product_price":89,"price_including_tax":79,"price_excluding_tax":79,"product_id":{"parent":11582,"variation":false},"is_variable":false,"stock_status":"instock","stock_quantity":null,"parent_sku":"CV11582","product_attributes":[],"custom_fields":[],"is_taxable":false,"product_name":"Star Tour Tenerife:<br\/>Teide by Night + Dinner","hasImage":false},"fields":{"sec_2665e36bde09f4":{"extra":{"key":"sec_2665e36bde09f4","section_id":"sec_2665e36bde09f4","name":"South Tenerife","status":1,"cl_rule":"show","enableCl":false,"relations":[{"operator":false,"rules":[{"operator":"AND","rules":{"cl_field":"radio-group_665df45fcbc30b","cl_relation":"is","cl_val":"Siam Park Regular Tickets"}}]}],"toggle":true,"title_tag":"h4","show_title":false,"showPrice":"default","form_id":11592,"form_rules":{"exclude_from_discount":true,"fee_label":"Fee","disp_hide_options_price":true,"disp_show_section_price":false,"disp_show_field_price":true,"layout_option":"standard","pric_use_as_fee":false,"process_fee_as":"woo_fee"},"layout_option":"standard"},"fields":[[{"label":"\ud83d\udcc5 Date","active":true,"required":true,"elementId":"date_10665e36bde0a12","picker_type":"custom","picker_mode":"single","placeholder":"","description":"","tooltip":"","name":"date_10665e36bde0a12","label_position":"default","desc_position":"default","enablePrice":false,"className":"","enableCl":false,"relations":[{"operator":"and","rules":[{"operator":"AND","rules":{"cl_field":"radio-group_665df45fcbc30b","cl_relation":"is","cl_val":"3 Hour Trip"}}]}],"date_pic_inline":true,"date_pic_inline_hide":true,"min_date":{"type":"days","val":"1"},"max_date":{"type":"days","val":"365"},"date_pic_conf":{"disabledWeeks":[1]},"price":"","cl_rule":"show","col":6,"type":"date","error":false,"enableDesign":false,"LabelColor":"","isWeightTemplate":false,"isTemplate":false,"min_quantity":"1","quantity_decimal":false,"quantity_step":"1","quantity_label":"Quantity","repeater_field_label":"{field_label}","repeater_bind":"","gt_translate_keys":["label","placeholder","description","tooltip","repeater_field_label","quantity_label"],"price_dependency":false,"cl_dependency":false,"value":""}],[{"elementId":"separator_8665e36bde0a21","separatorType":"blank","className":"","height":"10","enableCl":false,"relations":false,"cl_rule":"show","col":6,"type":"separator","gt_translate_keys":[],"price_dependency":false,"cl_dependency":false,"value":""}],[{"active":true,"col":6,"relations":false,"cl_rule":"show","enableCl":false,"price":"","enablePrice":false,"className":"","label_position":"default","desc_position":"default","type":"content","required":false,"elementId":"content_9665e36bde0a2d","label":"People","name":"content_9665e36bde0a2d","contentType":"plain","value":"","error":false,"show_in_checkout":true,"inline":false,"gt_translate_keys":["label","value"],"price_dependency":false,"cl_dependency":false}],[{"active":true,"col":6,"relations":[{"operator":false,"rules":[{"operator":"AND","rules":{"cl_field":"","cl_relation":"","cl_val":""}}]}],"cl_rule":"show","enableCl":true,"price":"79","enablePrice":true,"className":"","label_position":"default","desc_position":"default","type":"radio-group","required":false,"elementId":"radio-group_10665e36bde0a38","label":"","name":"radio-group_10665e36bde0a38","values":[{"label":"\ud83d\udc64 Adult (79\u20ac)","value":"Adult","selected":true,"tempId":"aco_32","tooltip":"+14 Years","description":"","gt_translate_keys":["label","tooltip","description"]}],"layOut":"","error":false,"checkUi":"button","priceOptions":"fixed_for_all","pricingType":"fixed","enable_quantity":true,"quantity_label":"","min_quantity":"0","options_tooltip":true,"options_description":true,"gt_translate_keys":["label","quantity_label"],"price_dependency":false,"cl_dependency":false,"value":""}],[{"label":"","active":true,"required":false,"elementId":"radio-group_10665e36bde0a43","name":"radio-group_10665e36bde0a43","label_position":"default","desc_position":"default","enablePrice":true,"className":"","enableCl":false,"relations":false,"enable_quantity":true,"quantity_label":"","min_quantity":"0","checkUi":"button","layOut":"","values":[{"label":"\ud83d\udc66 Child (49\u20ac)","value":"Child","selected":true,"tempId":"aco_32","tooltip":"4-13 Years","description":"","gt_translate_keys":["label","tooltip","description"]}],"priceOptions":"fixed_for_all","pricingType":"fixed","price":"49","cl_rule":"show","col":6,"type":"radio-group","error":false,"options_tooltip":true,"options_description":true,"gt_translate_keys":["label","quantity_label"],"price_dependency":false,"cl_dependency":false,"value":""}],[{"label":"","active":true,"required":false,"elementId":"radio-group-0497504259","name":"radio-group-0497504259","label_position":"default","desc_position":"default","enablePrice":true,"className":"","enableCl":false,"relations":false,"enable_quantity":true,"quantity_label":"","min_quantity":"0","checkUi":"button","layOut":"","options_tooltip":true,"options_description":true,"values":[{"label":"\ud83d\udc76 Infant (Free)","value":"Infant","selected":true,"tempId":"aco_32","tooltip":"0-3 Years","description":"","gt_translate_keys":["label","tooltip","description"]}],"priceOptions":"fixed_for_all","pricingType":"fixed","price":"0","cl_rule":"show","col":6,"type":"radio-group","error":false,"gt_translate_keys":["label","quantity_label"],"price_dependency":false,"cl_dependency":false,"value":""}],[{"active":true,"col":6,"relations":false,"cl_rule":"show","enableCl":false,"price":"","enablePrice":false,"className":"","label_position":"default","desc_position":"default","type":"select","required":false,"elementId":"select_5665e36bde0a4d","label":"\ud83c\udf0e Language","name":"select_5665e36bde0a4d","values":[{"label":"English","value":"English","selected":false,"tempId":"aco_389","gt_translate_keys":["label"]},{"label":"Spanish","value":"Spanish","selected":false,"tempId":"aco_390","gt_translate_keys":["label"]},{"label":"Deutsch","value":"Deutsch","selected":false,"tempId":"aco_409","gt_translate_keys":["label"]},{"label":"French","value":"French","selected":false,"tempId":"aco_581","gt_translate_keys":["label"]},{"label":"Dutch","value":"Dutch","selected":false,"tempId":"aco_672","gt_translate_keys":["label"]},{"label":"Italian","value":"Italian","selected":false,"tempId":"aco_700","gt_translate_keys":["label"]}],"dropdown_type":"basic","error":false,"isWeightTemplate":false,"isTemplate":false,"min_quantity":"1","quantity_decimal":false,"quantity_step":"1","quantity_label":"Quantity","repeater_field_label":"{field_label}","repeater_bind":"","placeholder":"Select Language","gt_translate_keys":["label","placeholder","repeater_field_label","quantity_label"],"price_dependency":false,"cl_dependency":false,"value":""}],[{"active":true,"col":6,"relations":false,"cl_rule":"show","enableCl":false,"price":"","enablePrice":false,"className":"","label_position":"default","desc_position":"default","type":"separator","required":false,"elementId":"separator_4665e36bde0a57","label":"Separator Field","height":"7","separatorType":"blank","error":false,"gt_translate_keys":["label"],"price_dependency":false,"cl_dependency":false,"value":""}],[{"active":true,"col":6,"relations":false,"cl_rule":"show","enableCl":false,"price":"","enablePrice":false,"className":"","label_position":"default","desc_position":"default","type":"text","subtype":"text","required":false,"elementId":"text_10665e36bde0a60","label":"\ud83d\ude8c Pickup Location","name":"text_10665e36bde0a60","value":"","description":"Included Pick-up service in South Tenerife. Simply provide your address or hotel name.","error":false,"gt_translate_keys":["label","description","value"],"price_dependency":false,"cl_dependency":false}]]}},"config":{"price_override":"always","enable_recaptcha":false,"bind_quantity":false,"quantity_bind_formula":false,"disp_summ_show_option_price":true,"disp_summ_show_product_price":false,"disp_summ_show_total_price":true,"disp_summ_show_fee":true,"disp_summ_show_discount":true,"summary_title":"","options_total_label":"Options Price","total_label":"Total Amount","options_product_label":"Product Price","fee_label":"Fee","discount_label":"Discount","has_price":true,"has_quantity_formula":false},"mc_unit":1,"tax_rate":1,"tax_rate_real":1,"discount":{"percentage":0,"fixed":0},"design":{"conf":{"LabelPosition":"above","DescPosition":"above","UploadField":"custom_1","QuantityFieldStyle":"custom_1"},"css":{"LeftLabelWidth":"120px"}},"formulas":[],"lookuptables":[],"clones":false,"cartKey":false}},"_links":{"self":[{"href":"https:\/\/canaryvip.com\/pl\/wp-json\/wp\/v2\/product\/11582","targetHints":{"allow":["GET"]}}],"collection":[{"href":"https:\/\/canaryvip.com\/pl\/wp-json\/wp\/v2\/product"}],"about":[{"href":"https:\/\/canaryvip.com\/pl\/wp-json\/wp\/v2\/types\/product"}],"replies":[{"embeddable":true,"href":"https:\/\/canaryvip.com\/pl\/wp-json\/wp\/v2\/comments?post=11582"}],"wp:featuredmedia":[{"embeddable":true,"href":"https:\/\/canaryvip.com\/pl\/wp-json\/wp\/v2\/media\/11584"}],"wp:attachment":[{"href":"https:\/\/canaryvip.com\/pl\/wp-json\/wp\/v2\/media?parent=11582"}],"wp:term":[{"taxonomy":"product_brand","embeddable":true,"href":"https:\/\/canaryvip.com\/pl\/wp-json\/wp\/v2\/product_brand?post=11582"},{"taxonomy":"product_cat","embeddable":true,"href":"https:\/\/canaryvip.com\/pl\/wp-json\/wp\/v2\/product_cat?post=11582"},{"taxonomy":"product_tag","embeddable":true,"href":"https:\/\/canaryvip.com\/pl\/wp-json\/wp\/v2\/product_tag?post=11582"}],"curies":[{"name":"wp","href":"https:\/\/api.w.org\/{rel}","templated":true}]}}