{"id":11531,"date":"2024-05-21T11:43:07","date_gmt":"2024-05-21T10:43:07","guid":{"rendered":"https:\/\/canaryvip.com\/?post_type=product&#038;p=11531"},"modified":"2025-06-29T00:06:38","modified_gmt":"2025-06-28T23:06:38","slug":"history-music-tenerife","status":"publish","type":"product","link":"https:\/\/canaryvip.com\/pl\/shop\/history-music-tenerife\/","title":{"rendered":"Historia, Ewolucja muzyki:<br\/>Nocny pokaz na Teneryfie"},"content":{"rendered":"<h2>\ud83c\udfb6 Odkryj histori\u0119, ewolucj\u0119 muzyki na Teneryfie<\/h2>\n<p>Zanurz si\u0119 w niezapomnianej muzycznej podr\u00f3\u017cy podczas \"History: The Evolution of Music Show\" na Teneryfie, z dum\u0105 prezentowanej przez Auditorio Pir\u00e1mide de Arona. To spektakularne wydarzenie, dost\u0119pne za po\u015brednictwem CanaryVIP, prezentuje najbardziej kultowe momenty w historii muzyki, z udzia\u0142em zr\u00f3\u017cnicowanego zespo\u0142u 30 utalentowanych artyst\u00f3w z 15 r\u00f3\u017cnych kraj\u00f3w.<\/p>\n<p>Prze\u017cyj porywaj\u0105cy wiecz\u00f3r z muzyk\u0105 na \u017cywo, \u017cywio\u0142owym ta\u0144cem i osza\u0142amiaj\u0105cymi choreografiami, kt\u00f3re oddaj\u0105 ho\u0142d muzycznym legendom od Mozarta po Michaela Jacksona. Ten 2-godzinny wyst\u0119p, z 15-minutow\u0105 przerw\u0105, zapowiada noc wype\u0142nion\u0105 rytmami i d\u017awi\u0119kami, kt\u00f3re ukszta\u0142towa\u0142y nasz \u015bwiat.<\/p>\n<h3>Podr\u00f3\u017c przez muzyczne epoki<\/h3>\n<p><strong>Ewolucja muzyki:<\/strong> To show zabierze Ci\u0119 w hipnotyzuj\u0105c\u0105 podr\u00f3\u017c w czasie, celebruj\u0105c dzie\u0142a Beethovena, Caruso, Elvisa, The Beatles, Queen, ABBA, Pink Floyd i wielu innych. Od \u015bredniowiecza po dzisiejsze hity, ka\u017cda epoka o\u017cywa dzi\u0119ki zapieraj\u0105cym dech w piersiach materia\u0142om audiowizualnym i ol\u015bniewaj\u0105cym kostiumom.<\/p>\n<p><strong>Dynamiczna wydajno\u015b\u0107:<\/strong> \u0141\u0105cz\u0105c muzyk\u0119 na \u017cywo, taniec, teatr i akrobatyk\u0119, show tworzy dynamiczne i wci\u0105gaj\u0105ce do\u015bwiadczenie odpowiednie dla wszystkich grup wiekowych. Osza\u0142amiaj\u0105ce wyst\u0119py i interpretacje na \u017cywo s\u0142ynnych \u015bcie\u017cek d\u017awi\u0119kowych i hit\u00f3w Broadwayu zapewniaj\u0105 niezapomniany wiecz\u00f3r dla ka\u017cdego uczestnika.<\/p>\n<h3>Miejsce wydarzenia i harmonogram<\/h3>\n<p><strong>Lokalizacja:<\/strong> Pokaz odbywa si\u0119 w eleganckim <a href=\"https:\/\/www.google.com\/maps\/place\/Pir%C3%A1mide+de+Arona\/@28.05472,-16.7337319,17z\/data=!3m1!4b1!4m6!3m5!1s0xc6a977926d44d3d:0x16c097dc6a370b29!8m2!3d28.05472!4d-16.731157!16s%2Fg%2F1vyxknvw?entry=tts&amp;g_ep=EgoyMDI0MDUxOC4wKgBIAVAD\" target=\"_blank\" rel=\"noopener\">Auditorio Pir\u00e1mide de Arona<\/a>znajduje si\u0119 w Playa de las Am\u00e9ricas na Teneryfie. W centrum handlowym Oasis, tu\u017c przed obiektem, dost\u0119pny jest du\u017cy parking podziemny.<\/p>\n<p><strong>Harmonogram:<\/strong> Spektakl odbywa si\u0119 w ka\u017cd\u0105 sobot\u0119, a drzwi otwierane s\u0105 o godzinie 20:00, a wyst\u0119p rozpoczyna si\u0119 o godzinie 21:00. Miejsca s\u0105 nieprzypisane, wi\u0119c kto pierwszy, ten lepszy.<\/p>\n<h3>\ud83c\udf9f\ufe0f Opcje i ceny bilet\u00f3w<\/h3>\n<p>W CanaryVIP oferujemy bilety na \"History: The Evolution of Music Show\" z gwarancj\u0105 najlepszej ceny. Bilety kosztuj\u0105 49 \u20ac za osob\u0119. Korzystaj ze zni\u017cek grupowych, aby uzyska\u0107 bardziej przyst\u0119pne wra\u017cenia, dzi\u0119ki czemu jest to idealne rozwi\u0105zanie dla rodzin, przyjaci\u00f3\u0142 i na specjalne okazje. Zarezerwuj ju\u017c teraz, aby zapewni\u0107 sobie miejsce na niezapomniany wiecz\u00f3r.<\/p>\n<h3>Elastyczne zasady rezerwacji i anulowania rezerwacji<\/h3>\n<p><strong>Bezp\u0142atne anulowanie:<\/strong> Anulowanie do 24 godzin przed pokazem zapewnia pe\u0142ny zwrot koszt\u00f3w. Je\u015bli nie anulujesz lub nie pojawisz si\u0119, nie b\u0119dziesz uprawniony do zwrotu pieni\u0119dzy.<\/p>\n<p><strong>Pokazy prywatne:<\/strong> Oferujemy r\u00f3wnie\u017c mo\u017cliwo\u015b\u0107 rezerwacji prywatnych pokaz\u00f3w na imprezy firmowe i wydarzenia specjalne. <a href=\"https:\/\/canaryvip.com\/pl\/contact\/\">Skontaktuj si\u0119 z nami<\/a> aby uzyska\u0107 wi\u0119cej informacji na temat organizacji spersonalizowanego wydarzenia.<\/p>\n<h3>Kodeks ubioru i dodatkowe informacje<\/h3>\n<p><strong>Dress Code:<\/strong> Zalecany jest elegancki, swobodny str\u00f3j, kt\u00f3ry uzupe\u0142ni eleganck\u0105 opraw\u0119. D\u017cinsy i \u0142adny t-shirt s\u0105 dopuszczalne, ale str\u00f3j sportowy i szorty s\u0105 odradzane, aby zachowa\u0107 wyrafinowan\u0105 atmosfer\u0119 pokazu.<\/p>\n<p><strong>Wej\u015bcie na pokaz:<\/strong> Aby uzyska\u0107 wygodny dost\u0119p do \"History: The Evolution of Music Show\" nale\u017cy skorzysta\u0107 z wyznaczonego wej\u015bcia znajduj\u0105cego si\u0119 po lewej stronie g\u0142\u00f3wnego wej\u015bcia do hotelu. Wej\u015bcie to jest specjalnie zarezerwowane dla uczestnik\u00f3w pokazu, zapewniaj\u0105c p\u0142ynne i bezproblemowe wej\u015bcie do obiektu.<\/p>\n<h3>Do\u0142\u0105cz do nas na niezapomniany wiecz\u00f3r<\/h3>\n<p>Poczuj magi\u0119 \"Historii: The Evolution of Music Show\" z CanaryVIP. Pozw\u00f3l nam zabra\u0107 Ci\u0119 w podr\u00f3\u017c przez bogat\u0105 histori\u0119 muzyki, z wyst\u0119pami na \u017cywo, kt\u00f3re oczaruj\u0105 i zainspiruj\u0105.<\/p>\n<p>Zarezerwuj bilety ju\u017c teraz na wiecz\u00f3r pe\u0142en elegancji, rozrywki i kulturalnego zanurzenia w sercu Teneryfy.<\/p>\n<p>Zarezerwuj bilety na to obowi\u0105zkowe wieczorne show na Teneryfie ju\u017c dzi\u015b! \ud83c\udf1f\ud83c\udfb6<\/p>","protected":false},"excerpt":{"rendered":"<p><strong>\ud83d\udd0d Muzyczne show \"History\":<\/strong><br \/>\n\u2705 Bezpieczna p\u0142atno\u015b\u0107.<br \/>\n\ud83c\udfa4 Music Show.<br \/>\n\ud83c\udfb6 +30 utalentowanych artyst\u00f3w.<br \/>\n\ud83d\udcc6 W ka\u017cd\u0105 sobot\u0119.<br \/>\n\u23f0 Drzwi otwarte 20:00.<br \/>\n\ud83d\udd58 Pokaz rozpoczyna si\u0119 o godzinie 21:00.<br \/>\n\u23f3 Czas trwania \u2248 2:15 godz.<br \/>\n\ud83c\udf0d Angielski gospodarz.<br \/>\n\ud83d\ude80 Nowe show na Teneryfie!<br \/>\n\ud83e\udd11 Gwarancja najlepszej ceny.<br \/>\n\ud83d\udc6a Zni\u017cki dla grup.<br \/>\n\ud83d\udd01 Bezp\u0142atne anulowanie rezerwacji do 24h.<br \/>\n\ud83d\udccd Venue at <a href=\"https:\/\/www.google.com\/maps\/place\/Pir%C3%A1mide+de+Arona\/@28.05472,-16.7337319,17z\/data=!3m1!4b1!4m6!3m5!1s0xc6a977926d44d3d:0x16c097dc6a370b29!8m2!3d28.05472!4d-16.731157!16s%2Fg%2F1vyxknvw?entry=tts&amp;g_ep=EgoyMDI0MDUxOC4wKgBIAVAD\">Pir\u00e1mide de Arona.<\/a><\/p>","protected":false},"featured_media":11532,"comment_status":"open","ping_status":"closed","template":"","meta":{"_acf_changed":false},"product_brand":[],"product_cat":[59],"product_tag":[],"class_list":{"0":"post-11531","1":"product","2":"type-product","3":"status-publish","4":"has-post-thumbnail","6":"product_cat-evening-shows","7":"wcpa_has_options","9":"first","10":"instock","11":"virtual","12":"purchasable","13":"product-type-simple"},"acf":[],"wcpa_form_fields":{"wcpaData":{"product":{"product_price":49,"price_html":"From&nbsp;<span class=\"woocommerce-Price-amount amount\"><bdi>49,00&nbsp;<span class=\"woocommerce-Price-currencySymbol\">&euro;<\/span><\/bdi><\/span>","original_product_price":49,"price_including_tax":49,"price_excluding_tax":49,"product_id":{"parent":11531,"variation":false},"is_variable":false,"stock_status":"instock","stock_quantity":null,"parent_sku":"CV11531","product_attributes":[],"custom_fields":[],"is_taxable":false,"product_name":"History, The Evolution of Music:<br\/>Tenerife Night Show","hasImage":false},"fields":{"sec_10664c7e1fdf7bf":{"extra":{"key":"sec_10664c7e1fdf7bf","section_id":"sec_10664c7e1fdf7bf","name":"Tickets","status":1,"cl_rule":"show","enableCl":false,"relations":[{"operator":false,"rules":[{"operator":"AND","rules":{"cl_field":"radio-group_5664c7e1fdf7be","cl_relation":"is","cl_val":"Gold Entrance"}}]}],"toggle":true,"title_tag":"h4","show_title":false,"showPrice":"default","form_id":11537,"form_rules":{"exclude_from_discount":true,"fee_label":"Fee","disp_hide_options_price":true,"disp_show_section_price":false,"disp_show_field_price":true,"layout_option":"standard","pric_use_as_fee":false,"process_fee_as":"woo_fee"},"layout_option":"standard"},"fields":[[{"label":"\ud83d\udcc5 Date","active":true,"required":true,"elementId":"date_7664c7e1fdf7ad","picker_type":"custom","picker_mode":"single","placeholder":"","description":"","tooltip":"","name":"date_7664c7e1fdf7ad","label_position":"default","desc_position":"default","enablePrice":false,"className":"","enableCl":false,"relations":[{"operator":"and","rules":[{"operator":"AND","rules":{"cl_field":"radio-group_5664c7e1fdf7be","cl_relation":"is_not_empty","cl_val":"3 Hour Trip"}}]}],"date_pic_inline":true,"date_pic_inline_hide":true,"min_date":{"type":"days","val":"0"},"max_date":{"type":"days","val":"365"},"date_pic_conf":{"disabledWeeks":[0,1,2,3,4,5],"disabledDates":["2025-09-20","2025-09-29","2025-10-04","2025-11-13 to 2025-12-13","2026-09-26","2026-10-10","2026-10-17"]},"price":"","cl_rule":"show","col":6,"type":"date","error":false,"enableDesign":false,"LabelColor":"","date_conf_custom":{"minDate":"let d = new Date();\nif (d.getHours() >= 21) {\n  d.setDate(d.getDate() + 1);\n} else {\n  d.setDate(d.getDate() + 0);\n}\nreturn d;"},"isWeightTemplate":false,"isTemplate":false,"min_quantity":"1","quantity_decimal":false,"quantity_step":"1","quantity_label":"Quantity","repeater_field_label":"{field_label}","repeater_bind":"","gt_translate_keys":["label","placeholder","description","tooltip","repeater_field_label","quantity_label"],"price_dependency":false,"cl_dependency":false,"value":""}],[{"active":true,"col":6,"relations":false,"cl_rule":"show","enableCl":false,"price":"","enablePrice":false,"className":"","label_position":"default","desc_position":"default","type":"separator","required":false,"elementId":"separator_7664c7e1fdf7cc","label":"Separator Field","height":"8","separatorType":"blank","error":false,"gt_translate_keys":["label"],"price_dependency":false,"cl_dependency":false,"value":""}],[{"active":true,"col":6,"relations":false,"cl_rule":"show","enableCl":false,"price":"","enablePrice":false,"className":"","label_position":"default","desc_position":"default","type":"content","required":false,"elementId":"content_1664c7e1fdf7d8","label":"People","name":"content_1664c7e1fdf7d8","contentType":"plain","value":"","error":false,"show_in_checkout":true,"inline":false,"gt_translate_keys":["label","value"],"price_dependency":false,"cl_dependency":false}],[{"active":true,"col":6,"relations":[{"operator":false,"rules":[{"operator":"AND","rules":{"cl_field":"","cl_relation":"","cl_val":""}}]}],"cl_rule":"show","enableCl":true,"price":"49","enablePrice":true,"className":"","label_position":"default","desc_position":"default","type":"radio-group","required":false,"elementId":"radio-group_9664c7e1fdf7e3","label":"","name":"radio-group_9664c7e1fdf7e3","values":[{"label":"\ud83d\udc64 Adult (49\u20ac)","value":"Adult (49\u20ac)","selected":true,"tempId":"aco_32","tooltip":"+16 Years","description":"","gt_translate_keys":["label","tooltip","description"]}],"layOut":"","error":false,"checkUi":"button","priceOptions":"fixed_for_all","pricingType":"fixed","enable_quantity":true,"quantity_label":"","min_quantity":"0","options_tooltip":true,"options_description":true,"gt_translate_keys":["label","quantity_label"],"price_dependency":false,"cl_dependency":false,"value":""}],[{"label":"","active":true,"required":false,"elementId":"radio-group_3664c7e1fdf7ef","name":"radio-group_3664c7e1fdf7ef","label_position":"default","desc_position":"default","enablePrice":true,"className":"","enableCl":true,"relations":[{"operator":false,"rules":[{"operator":"AND","rules":{"cl_field":"","cl_relation":"","cl_val":""}}]}],"enable_quantity":true,"quantity_label":"","min_quantity":"0","checkUi":"button","layOut":"","options_tooltip":true,"options_description":true,"values":[{"label":"\ud83d\udc66 Child (25\u20ac)","value":"Child","selected":true,"tempId":"aco_32","tooltip":"5-15 Years","description":"","gt_translate_keys":["label","tooltip","description"]}],"priceOptions":"fixed_for_all","pricingType":"fixed","price":"25","cl_rule":"show","col":6,"type":"radio-group","error":false,"gt_translate_keys":["label","quantity_label"],"price_dependency":false,"cl_dependency":false,"value":""}],[{"label":"","active":true,"required":false,"elementId":"radio-group-9164063374","name":"radio-group-9164063374","label_position":"default","desc_position":"default","enablePrice":true,"className":"","enableCl":true,"relations":[{"operator":false,"rules":[{"operator":"AND","rules":{"cl_field":"","cl_relation":"","cl_val":""}}]}],"enable_quantity":true,"quantity_label":"","min_quantity":"0","checkUi":"button","layOut":"","options_tooltip":true,"options_description":true,"values":[{"label":"\ud83d\udc76 Toddler (Free)","value":"Toddler","selected":true,"tempId":"aco_32","tooltip":"0-4 Years","description":"","gt_translate_keys":["label","tooltip","description"]}],"priceOptions":"fixed_for_all","pricingType":"fixed","price":"0","cl_rule":"show","col":6,"type":"radio-group","error":false,"gt_translate_keys":["label","quantity_label"],"price_dependency":false,"cl_dependency":false,"value":""}]]}},"config":{"price_override":"always","enable_recaptcha":false,"bind_quantity":false,"quantity_bind_formula":false,"disp_summ_show_option_price":true,"disp_summ_show_product_price":false,"disp_summ_show_total_price":true,"disp_summ_show_fee":true,"disp_summ_show_discount":true,"summary_title":"","options_total_label":"Options Price","total_label":"Total Amount","options_product_label":"Product Price","fee_label":"Fee","discount_label":"Discount","has_price":true,"has_quantity_formula":false},"mc_unit":1,"tax_rate":1,"tax_rate_real":1,"discount":{"percentage":0,"fixed":0},"design":{"conf":{"LabelPosition":"above","DescPosition":"above","UploadField":"custom_1","QuantityFieldStyle":"custom_1"},"css":{"LeftLabelWidth":"120px"}},"formulas":[],"lookuptables":[],"clones":false,"cartKey":false}},"_links":{"self":[{"href":"https:\/\/canaryvip.com\/pl\/wp-json\/wp\/v2\/product\/11531","targetHints":{"allow":["GET"]}}],"collection":[{"href":"https:\/\/canaryvip.com\/pl\/wp-json\/wp\/v2\/product"}],"about":[{"href":"https:\/\/canaryvip.com\/pl\/wp-json\/wp\/v2\/types\/product"}],"replies":[{"embeddable":true,"href":"https:\/\/canaryvip.com\/pl\/wp-json\/wp\/v2\/comments?post=11531"}],"wp:featuredmedia":[{"embeddable":true,"href":"https:\/\/canaryvip.com\/pl\/wp-json\/wp\/v2\/media\/11532"}],"wp:attachment":[{"href":"https:\/\/canaryvip.com\/pl\/wp-json\/wp\/v2\/media?parent=11531"}],"wp:term":[{"taxonomy":"product_brand","embeddable":true,"href":"https:\/\/canaryvip.com\/pl\/wp-json\/wp\/v2\/product_brand?post=11531"},{"taxonomy":"product_cat","embeddable":true,"href":"https:\/\/canaryvip.com\/pl\/wp-json\/wp\/v2\/product_cat?post=11531"},{"taxonomy":"product_tag","embeddable":true,"href":"https:\/\/canaryvip.com\/pl\/wp-json\/wp\/v2\/product_tag?post=11531"}],"curies":[{"name":"wp","href":"https:\/\/api.w.org\/{rel}","templated":true}]}}