{"id":11493,"date":"2024-05-14T14:46:09","date_gmt":"2024-05-14T13:46:09","guid":{"rendered":"https:\/\/canaryvip.com\/?post_type=product&#038;p=11493"},"modified":"2025-08-09T14:10:34","modified_gmt":"2025-08-09T13:10:34","slug":"scuba-diving-open-water-course-tenerife","status":"publish","type":"product","link":"https:\/\/canaryvip.com\/pl\/shop\/scuba-diving-open-water-course-tenerife\/","title":{"rendered":"PADI Scuba Diving: Kurs Open Water Teneryfa"},"content":{"rendered":"<h2><strong>Kurs nurkowania PADI Open Water na Teneryfie<\/strong><\/h2>\n<p>Odkryj najlepsze do\u015bwiadczenie nurkowe dzi\u0119ki naszemu kursowi PADI Scuba Diving Open Water Course na Teneryfie. Zdob\u0105d\u017a licencj\u0119 nurkow\u0105 i odkryj cuda podwodnego \u015bwiata Teneryfy. Nasze kursy zosta\u0142y zaprojektowane tak, aby przygotowa\u0107 Ci\u0119 do nurkowania w ka\u017cdych warunkach, dzi\u0119ki czemu Teneryfa jest idealnym miejscem do rozpocz\u0119cia nurkowej podr\u00f3\u017cy.<\/p>\n<h3><strong>\u23f1\ufe0f Kurs nurkowania PADI Open Water: Do\u015bwiadczenie nie jest wymagane!<\/strong><\/h3>\n<ul>\n<li><strong>Certyfikacja:<\/strong> Uzyskaj certyfikat PADI Open Water na Teneryfie, umo\u017cliwiaj\u0105cy nurkowanie w dowolnym miejscu na \u015bwiecie, w tym w innych krajach.<\/li>\n<li><strong>Lokalizacja:<\/strong> Nasze kursy prowadzone s\u0105 w profesjonalnej szkole nurkowania w Los Cristianos.<\/li>\n<li><strong>Czas trwania:<\/strong> Kurs trwa 2-3 dni, w tym 4 nurkowania i kompleksowe lekcje teorii.<\/li>\n<\/ul>\n<h3><strong>Kompleksowe lekcje nurkowania na Teneryfie<\/strong><\/h3>\n<ul>\n<li><strong>Szkolenie:<\/strong> Naucz si\u0119 nurkowa\u0107 z wysoko wykwalifikowanym instruktorem PADI, nurkuj\u0105c do maksymalnej g\u0142\u0119boko\u015bci 18 metr\u00f3w. Do\u015bwiadcz podwodnego \u015bwiata jak nigdy dot\u0105d, rozumiej\u0105c pr\u0105dy oceaniczne, \u017cycie morskie i podwodne prawa.<\/li>\n<li><strong>Kurs dla dzieci:<\/strong> M\u0142odzi nurkowie w wieku 10-14 lat mog\u0105 r\u00f3wnie\u017c zdoby\u0107 certyfikat Junior PADI Open Water, nurkuj\u0105c na g\u0142\u0119boko\u015b\u0107 do 12 metr\u00f3w.<\/li>\n<li>Pe\u0142ne wyposa\u017cenie w zestawie.<\/li>\n<\/ul>\n<h3><strong>Warunki do nurkowania na Teneryfie<\/strong><\/h3>\n<ul>\n<li><strong>Temperatura wody:<\/strong> Ciesz si\u0119 komfortowymi warunkami do nurkowania przez ca\u0142y rok z temperaturami w zakresie 18-25\u00b0C (64-77\u00b0F).<\/li>\n<li><strong>Widoczno\u015b\u0107:<\/strong> Do\u015bwiadcz wyra\u017anej widoczno\u015bci pod wod\u0105 od 15 do 30 metr\u00f3w, idealnej do obserwowania r\u00f3\u017cnorodnego \u017cycia morskiego, takiego jak p\u0142aszczki, \u017c\u00f3\u0142wie, o\u015bmiornice i nie tylko.<\/li>\n<li><strong>Dogodna lokalizacja:<\/strong> Szko\u0142a nurkowania znajduje si\u0119 w Los Cristianos, z \u0142atwym dost\u0119pem do najlepszych miejsc nurkowych i opcjonaln\u0105 us\u0142ug\u0105 odbioru w po\u0142udniowej cz\u0119\u015bci Teneryfy.<\/li>\n<\/ul>\n<h3><strong>Co obejmuje kurs PADI na Teneryfie?<\/strong><\/h3>\n<ul>\n<li>Opcjonalna us\u0142uga odbioru i dowozu.<\/li>\n<li>Lekcje nurkowania z przewodnikiem prowadzone przez do\u015bwiadczonych instruktor\u00f3w.<\/li>\n<li>Szafki na rzeczy osobiste.<\/li>\n<li>20-45 minut nurkowania na sesj\u0119.<\/li>\n<li>Wieloj\u0119zyczne przewodniki zapewniaj\u0105 przejrzyste instrukcje.<\/li>\n<\/ul>\n<h3><strong>\u2696\ufe0f Zasady rezerwacji i anulowania rezerwacji na nurkowanie na Teneryfie<\/strong><\/h3>\n<ul>\n<li><strong>Elastyczne anulowanie:<\/strong> Anuluj do 48 godzin przed nurkowaniem, aby uzyska\u0107 pe\u0142ny zwrot koszt\u00f3w. Rozumiemy, \u017ce plany mog\u0105 ulec zmianie.<\/li>\n<li><strong>Zale\u017cne od pogody:<\/strong> W przypadku z\u0142ej pogody mo\u017cesz zmieni\u0107 termin lub otrzyma\u0107 pe\u0142ny zwrot pieni\u0119dzy. Poinformujemy Ci\u0119 o tym z co najmniej godzinnym wyprzedzeniem.<\/li>\n<li><strong>Wymagania medyczne:<\/strong> Przed nurkowaniem nale\u017cy wype\u0142ni\u0107 formularz medyczny, aby upewni\u0107 si\u0119, \u017ce jeste\u015b zdolny do nurkowania.<\/li>\n<\/ul>\n<h3><strong>Przygotowanie do przygody z nurkowaniem<\/strong><\/h3>\n<ul>\n<li><strong>Co zabra\u0107:<\/strong> Str\u00f3j k\u0105pielowy, klapki, r\u0119cznik i bilet CanaryVIP (wydrukowany lub w telefonie).<\/li>\n<li><strong>Zdrowie i bezpiecze\u0144stwo:<\/strong> Nurkowanie nie jest zalecane dla os\u00f3b powy\u017cej 5 miesi\u0105ca ci\u0105\u017cy. Uczestnicy musz\u0105 czu\u0107 si\u0119 komfortowo w wodzie i umie\u0107 p\u0142ywa\u0107.<\/li>\n<li><strong>Sprz\u0119t:<\/strong> Ca\u0142y niezb\u0119dny sprz\u0119t do nurkowania jest zapewniony. Przyniesienie w\u0142asnego sprz\u0119tu mo\u017ce zwi\u0119kszy\u0107 komfort.<\/li>\n<\/ul>\n<h3>\u2753 <strong>Najcz\u0119\u015bciej zadawane pytania: Odpowiedzi na pytania dotycz\u0105ce nurkowania<\/strong><\/h3>\n<ul>\n<li><strong>Czy musz\u0119 mie\u0107 wcze\u015bniejsze do\u015bwiadczenie w nurkowaniu?<\/strong> Nie, nasze kursy s\u0105 przeznaczone dla pocz\u0105tkuj\u0105cych. Przygotuj si\u0119 na ekscytuj\u0105c\u0105 podwodn\u0105 przygod\u0119.<\/li>\n<li><strong>W co powinienem si\u0119 ubra\u0107?<\/strong> Zapewniamy ca\u0142y niezb\u0119dny sprz\u0119t bezpiecze\u0144stwa i sprz\u0119t do nurkowania.<\/li>\n<li><strong>Czy istniej\u0105 ograniczenia wiekowe?<\/strong> Odpowiedni dla os\u00f3b w wieku od 10 lat. Dzieci w wieku 10-14 lat mog\u0105 zapisa\u0107 si\u0119 na kurs Junior Open Water.<\/li>\n<li><strong>Co je\u015bli nie zobacz\u0119 \u017c\u00f3\u0142wi ani p\u0142aszczek?<\/strong> Chocia\u017c obserwacje s\u0105 powszechne, nie mo\u017cna ich zagwarantowa\u0107, poniewa\u017c zale\u017cy to od natury.<\/li>\n<\/ul>\n<h3><strong>Szczeg\u00f3\u0142y kursu<\/strong><\/h3>\n<ul>\n<li><strong>Czas trwania:<\/strong> Kurs trwa 2-3 dni, obejmuje 4 nurkowania i lekcje teorii.<\/li>\n<li><strong>Minimalny wiek:<\/strong> 10 lat. M\u0142odsi nurkowie (w wieku 10-14 lat) s\u0105 certyfikowani do nurkowania do 12 metr\u00f3w.<\/li>\n<li><strong>Certyfikacja:<\/strong> Po uko\u0144czeniu otrzymasz certyfikat PADI Open Water Diver, umo\u017cliwiaj\u0105cy nurkowanie do 18 metr\u00f3w w dowolnym miejscu na \u015bwiecie, zawsze z partnerem.<\/li>\n<li><strong>Struktura kursu:<\/strong>\n<ul>\n<li><strong>Teoria:<\/strong> Dowiedz si\u0119 o sprz\u0119cie, bezpiecze\u0144stwie i nawigacji podwodnej, kt\u00f3re mo\u017cna uko\u0144czy\u0107 online przed rozpocz\u0119ciem kursu.<\/li>\n<li><strong>\u0106wiczenia praktyczne:<\/strong> \u0106wiczenia pod wod\u0105 i na powierzchni pozwalaj\u0105 nabra\u0107 pewno\u015bci siebie podczas korzystania ze sprz\u0119tu.<\/li>\n<li><strong>Nurkowania:<\/strong> Uko\u0144cz 4 nurkowania - 2 do 12 metr\u00f3w i 2 do 18 metr\u00f3w, \u0107wicz\u0105c umiej\u0119tno\u015bci nabyte podczas sesji teoretycznych i praktycznych.<\/li>\n<\/ul>\n<\/li>\n<li><strong>Sprz\u0119t:<\/strong> Ca\u0142y niezb\u0119dny sprz\u0119t jest wliczony w cen\u0119 kursu.<\/li>\n<li><strong>Certyfikacja dla junior\u00f3w:<\/strong> Dzieci w wieku 10-14 lat otrzymuj\u0105 certyfikat Junior Open Water Diver, umo\u017cliwiaj\u0105cy nurkowanie do 12 metr\u00f3w.<\/li>\n<\/ul>\n<h4><strong>Gotowy do zanurzenia si\u0119?<\/strong><\/h4>\n<p>Rozpocznij niezapomniany kurs PADI <a href=\"https:\/\/canaryvip.com\/pl\/shop\/scuba-diving-tenerife\/\">Nurkowanie<\/a> Kurs Open Water na Teneryfie. Niezale\u017cnie od tego, czy nurkujesz z Los Cristianos, obserwujesz \u017c\u00f3\u0142wie, czy odkrywasz t\u0119tni\u0105ce \u017cyciem morskie \u017cycie, Twoja przygoda z CanaryVIP obiecuje emocje i trwa\u0142e wspomnienia.<\/p>\n<p>Zarezerwuj swoje miejsce ju\u017c dzi\u015b i zanurz si\u0119 w cudach oceanu z CanaryVIP! \ud83e\udd3f\ud83d\udc22\ud83c\udf0a<\/p>","protected":false},"excerpt":{"rendered":"<p><strong>Kurs PADI na Teneryfie:<\/strong><br \/>\n\u2705 Bezpieczna p\u0142atno\u015b\u0107.<br \/>\n\ud83c\udfab Zdob\u0105d\u017a certyfikat PADI.<br \/>\n\ud83d\udc20 Obserwacje \u017cycia morskiego.<br \/>\nCzas trwania kursu: 2-3 dni.<br \/>\n\ud83e\udd3f Dostarczony sprz\u0119t.<br \/>\n\ud83d\udd59 Poranny odlot.<br \/>\n\ud83d\udcc5 Dost\u0119pne codziennie.<br \/>\n\ud83d\ude0e Nie wymaga do\u015bwiadczenia w nurkowaniu.<br \/>\n\ud83c\udfca\ud83c\udffc Wymagane podstawowe p\u0142ywanie.<br \/>\n\ud83e\udd11 Gwarancja najlepszej ceny.<br \/>\n\ud83d\ude8d Opcjonalny transport wahad\u0142owy.<br \/>\n\ud83d\udc6a Zni\u017cki grupowe.<br \/>\n\ud83d\udd01 48 Zasady anulowania rezerwacji.<br \/>\n\ud83c\udf0d Przewodniki w j\u0119zyku angielskim i hiszpa\u0144skim.<br \/>\n\ud83c\udf1f Wczesna rezerwacja i oszcz\u0119dno\u015b\u0107.<br \/>\n\ud83d\udccd Odej\u015bcie od\u00a0<a href=\"https:\/\/maps.app.goo.gl\/g9c9rZaJv7igjr3t8\">Los Cristianos<\/a>.<\/p>","protected":false},"featured_media":11503,"comment_status":"open","ping_status":"closed","template":"","meta":{"_acf_changed":false},"product_brand":[],"product_cat":[53],"product_tag":[],"class_list":{"0":"post-11493","1":"product","2":"type-product","3":"status-publish","4":"has-post-thumbnail","6":"product_cat-water-sports","7":"wcpa_has_options","9":"first","10":"instock","11":"virtual","12":"purchasable","13":"product-type-simple"},"acf":[],"wcpa_form_fields":{"wcpaData":{"product":{"product_price":370,"price_html":"From&nbsp;<span class=\"woocommerce-Price-amount amount\"><bdi>370,00&nbsp;<span class=\"woocommerce-Price-currencySymbol\">&euro;<\/span><\/bdi><\/span>","original_product_price":370,"price_including_tax":370,"price_excluding_tax":370,"product_id":{"parent":11493,"variation":false},"is_variable":false,"stock_status":"instock","stock_quantity":null,"parent_sku":"CV11493","product_attributes":[],"custom_fields":[],"is_taxable":false,"product_name":"PADI Scuba Diving: Open Water Course Tenerife","hasImage":false},"fields":{"sec_46644afc54864b":{"extra":{"key":"sec_46644afc54864b","section_id":"sec_46644afc54864b","name":"Default","status":1,"cl_rule":"show","enableCl":false,"relations":[],"toggle":true,"title_tag":"h3","show_title":false,"showPrice":"default","form_id":11507,"form_rules":{"exclude_from_discount":true,"fee_label":"Fee","disp_hide_options_price":true,"disp_show_section_price":false,"disp_show_field_price":true,"layout_option":"standard","pric_use_as_fee":false,"process_fee_as":"woo_fee"},"layout_option":"standard"},"fields":[[{"label":"\ud83d\udcc5 Date","active":true,"required":true,"elementId":"date_96644afc54866b","picker_type":"custom","picker_mode":"single","placeholder":"","description":"","tooltip":"","name":"date_96644afc54866b","label_position":"default","desc_position":"default","enablePrice":false,"className":"","enableCl":false,"relations":[{"operator":"and","rules":[{"operator":"AND","rules":{"cl_field":"radio-group_4664295c2b9c39","cl_relation":"is","cl_val":"3 Hour Trip"}}]}],"date_pic_inline":true,"date_pic_inline_hide":true,"min_date":{"type":"days","val":"1"},"max_date":{"type":"days","val":"365"},"date_pic_conf":{"disabledWeeks":[]},"price":"","cl_rule":"show","col":6,"type":"date","error":false,"enableDesign":false,"LabelColor":"","gt_translate_keys":["label","placeholder","description","tooltip"],"price_dependency":false,"cl_dependency":false,"value":""}],[{"active":true,"col":6,"relations":false,"cl_rule":"show","enableCl":false,"price":"","enablePrice":false,"className":"","label_position":"default","desc_position":"default","type":"separator","required":false,"elementId":"separator_76644afc54867a","label":"Separator Field","height":"2","separatorType":"blank","error":false,"gt_translate_keys":["label"],"price_dependency":false,"cl_dependency":false,"value":""}]]},"sec_06644afc54875a":{"extra":{"key":"sec_06644afc54875a","section_id":"sec_06644afc54875a","name":"Dive with a License","status":1,"cl_rule":"show","enableCl":false,"relations":[{"operator":false,"rules":[{"operator":"AND","rules":{"cl_field":"radio-group_26644afc548687","cl_relation":"is","cl_val":"Dive with a License"}}]}],"toggle":true,"title_tag":"h4","show_title":false,"showPrice":"default","form_id":11507,"form_rules":{"exclude_from_discount":true,"fee_label":"Fee","disp_hide_options_price":true,"disp_show_section_price":false,"disp_show_field_price":true,"layout_option":"standard","pric_use_as_fee":false,"process_fee_as":"woo_fee"},"layout_option":"standard"},"fields":[[{"contentType":"rich","active":true,"label":"","elementId":"content_46644afc54876d","value":"<p>\ud83c\udf9f\ufe0f <strong>Reservation<\/strong>: Pay only a deposit now to reserve; the rest is due on the day of the activity upon arrival.<\/p>","inline":true,"show_in_checkout":true,"name":"content_46644afc54876d","enablePrice":false,"className":"","subtype":"div","enableCl":false,"relations":false,"price":"","cl_rule":"show","col":6,"type":"content","gt_translate_keys":["label","value"],"price_dependency":false,"cl_dependency":false}],[{"active":true,"col":6,"relations":false,"cl_rule":"show","enableCl":false,"price":"","enablePrice":true,"className":"","label_position":"default","desc_position":"default","type":"select","required":false,"elementId":"select_96644afc548776","label":"\ud83e\udeaa PADI Open Water Course","name":"select_96644afc548776","values":[{"label":"1 Person (370\u20ac)","value":"1","selected":false,"tempId":"aco_6352","price":"370","gt_translate_keys":["label"]},{"label":"2 People (740\u20ac)","value":"2","selected":false,"tempId":"aco_6353","price":"740","gt_translate_keys":["label"]},{"label":"3 People (1.110\u20ac)","value":"3","selected":false,"tempId":"aco_6354","price":"1110","gt_translate_keys":["label"]},{"label":"4 People (1.480\u20ac)","value":"4","selected":false,"tempId":"aco_922","price":"1480","gt_translate_keys":["label"]}],"dropdown_type":"basic","error":false,"priceOptions":"different_for_all","pricingType":"fixed","placeholder":"Select Amount of People","is_show_price":true,"gt_translate_keys":["label","placeholder"],"price_dependency":["content_106644afc548789","content_46644afc548793","content_76644afc54879c"],"cl_dependency":false,"value":""}],[{"elementId":"separator_106644afc548780","separatorType":"fill","separatorColor":"#66a6b6","className":"","height":"6","enableCl":false,"relations":false,"cl_rule":"show","col":6,"type":"separator","gt_translate_keys":[],"price_dependency":false,"cl_dependency":false,"value":""}],[{"contentType":"plain","active":true,"label":"Deposit Now","elementId":"content_106644afc548789","value":"","inline":true,"show_in_checkout":true,"name":"content_106644afc548789","enablePrice":true,"className":"","fee_label":"","subtype":"div","enableCl":false,"relations":false,"scrollBar":false,"enableDesign":true,"LabelColor":"","LabelSize":"14px","pricingType":"custom","isTemplate":false,"price":"{field.select_96644afc548776.price}*0.1581081","use_as_fee":false,"is_show_price":false,"cl_rule":"show","col":6,"type":"content","error":false,"formulaId":"fmla_1715641843927697789","gt_translate_keys":["label","value"],"price_dependency":false,"cl_dependency":false}],[{"contentType":"plain","active":true,"label":"Payment at Arrival","elementId":"content_46644afc548793","value":"","inline":true,"show_in_checkout":true,"name":"content_46644afc548793","enablePrice":true,"className":"","fee_label":"","subtype":"div","enableCl":false,"relations":[{"operator":false,"rules":[{"operator":"AND","rules":{"cl_field":"content_86644afc5486bd","cl_relation":"is_not_empty","cl_val":""}}]}],"scrollBar":false,"enableDesign":true,"LabelColor":"","LabelSize":"14px","pricingType":"custom","isTemplate":false,"price":"{field.select_96644afc548776.price}*0.8418919","use_as_fee":false,"is_show_price":true,"cl_rule":"disable","col":6,"type":"content","error":false,"formulaId":"fmla_1715642020961697970","gt_translate_keys":["label","value"],"price_dependency":false,"cl_dependency":false}],[{"contentType":"plain","active":true,"label":"Total Amount","elementId":"content_76644afc54879c","value":"","inline":true,"show_in_checkout":true,"name":"content_76644afc54879c","enablePrice":true,"className":"","fee_label":"","subtype":"div","enableCl":false,"relations":[{"operator":false,"rules":[{"operator":"AND","rules":{"cl_field":"content_86644afc5486bd","cl_relation":"is_not_empty","cl_val":""}}]}],"scrollBar":false,"enableDesign":true,"LabelColor":"","LabelSize":"14px","pricingType":"custom","isTemplate":false,"price":"{field.select_96644afc548776.price}","use_as_fee":false,"is_show_price":true,"cl_rule":"disable","col":6,"type":"content","error":false,"gt_translate_keys":["label","value"],"price_dependency":false,"cl_dependency":false}]]},"sec_16644afc54879d":{"extra":{"key":"sec_16644afc54879d","section_id":"sec_16644afc54879d","name":"Pickup Location","status":1,"cl_rule":"show","enableCl":false,"relations":[],"toggle":true,"title_tag":"h4","show_title":false,"showPrice":"default","form_id":11507,"form_rules":{"exclude_from_discount":true,"fee_label":"Fee","disp_hide_options_price":true,"disp_show_section_price":false,"disp_show_field_price":true,"layout_option":"standard","pric_use_as_fee":false,"process_fee_as":"woo_fee"},"layout_option":"standard"},"fields":[[{"active":true,"col":6,"relations":[{"operator":false,"rules":[{"operator":"AND","rules":{"cl_field":"radio-group_4664295c2b9c39","cl_relation":"is","cl_val":"3 Hour Trip"}}]}],"cl_rule":"show","enableCl":false,"price":"","enablePrice":false,"className":"","label_position":"default","desc_position":"default","type":"select","required":true,"elementId":"select_106644afc5487a6","label":"\u23f0 Departure Time","name":"select_106644afc5487a6","values":[{"label":"9:00 AM","value":"9:00","selected":true,"tempId":"aco_1450","gt_translate_keys":["label"]}],"dropdown_type":"basic","error":false,"placeholder":"","gt_translate_keys":["label","placeholder"],"price_dependency":false,"cl_dependency":false,"value":""}],[{"active":true,"col":6,"relations":false,"cl_rule":"show","enableCl":false,"price":"","enablePrice":false,"className":"","label_position":"default","desc_position":"default","type":"separator","required":false,"elementId":"separator_46644afc5487b0","label":"Separator Field","height":"1","separatorType":"blank","error":false,"gt_translate_keys":["label"],"price_dependency":false,"cl_dependency":false,"value":""}],[{"active":true,"col":6,"relations":[{"operator":false,"rules":[{"operator":false,"rules":{"cl_field":"radio-group_4664295c2b9c39","cl_relation":"is_not","cl_val":"4.5 Hour Trip from North Tenerife"}}]}],"cl_rule":"show","enableCl":false,"price":"","enablePrice":false,"className":"","label_position":"default","desc_position":"default","type":"text","subtype":"text","required":false,"elementId":"text_66644afc5487b9","label":"\ud83d\ude8c Pickup Location","name":"text_66644afc5487b9","value":"","error":false,"description":"Pick-up service in Tenerife South available for an extra 2\u20ac per person, to be paid on arrival. Please provide your address or hotel name to book the shuttle service; if not needed, leave it blank. | For Callao Salvaje and Palm-Mar, the extra cost is 4\u20ac per person | El M\u00e9dano: 15\u20ac per car | Golf del Sur: 10\u20ac per car.","repeater":false,"repeater_field_label":"{field_label}","repeater_bind":"","gt_translate_keys":["label","description","value","repeater_field_label"],"price_dependency":false,"cl_dependency":false}]]}},"config":{"price_override":"always","enable_recaptcha":false,"bind_quantity":false,"quantity_bind_formula":false,"disp_summ_show_option_price":true,"disp_summ_show_product_price":false,"disp_summ_show_total_price":false,"disp_summ_show_fee":true,"disp_summ_show_discount":true,"summary_title":"","options_total_label":"Options Price","total_label":"Deposit Amount","options_product_label":"Product Price","fee_label":"Fee","discount_label":"Discount","has_price":true,"has_quantity_formula":false},"mc_unit":1,"tax_rate":1,"tax_rate_real":1,"discount":{"percentage":0,"fixed":0},"design":{"conf":{"LabelPosition":"above","DescPosition":"above","UploadField":"custom_1","QuantityFieldStyle":"custom_1"},"css":{"LeftLabelWidth":"120px"}},"formulas":{"fmla_1715641843927697789":"(({field.select_5483136313.value}>=3)?(24):(({field.select_5483136313.value}>=2)?(38):(({field.select_5483136313.value}>=1)?(52):(0))))","fmla_1715642020961697970":"(({field.select_5483136313.value}>=3)?(56):(({field.select_5483136313.value}>=2)?(112):(({field.select_5483136313.value}>=1)?(168):(0))))"},"lookuptables":[],"clones":false,"cartKey":false}},"_links":{"self":[{"href":"https:\/\/canaryvip.com\/pl\/wp-json\/wp\/v2\/product\/11493","targetHints":{"allow":["GET"]}}],"collection":[{"href":"https:\/\/canaryvip.com\/pl\/wp-json\/wp\/v2\/product"}],"about":[{"href":"https:\/\/canaryvip.com\/pl\/wp-json\/wp\/v2\/types\/product"}],"replies":[{"embeddable":true,"href":"https:\/\/canaryvip.com\/pl\/wp-json\/wp\/v2\/comments?post=11493"}],"wp:featuredmedia":[{"embeddable":true,"href":"https:\/\/canaryvip.com\/pl\/wp-json\/wp\/v2\/media\/11503"}],"wp:attachment":[{"href":"https:\/\/canaryvip.com\/pl\/wp-json\/wp\/v2\/media?parent=11493"}],"wp:term":[{"taxonomy":"product_brand","embeddable":true,"href":"https:\/\/canaryvip.com\/pl\/wp-json\/wp\/v2\/product_brand?post=11493"},{"taxonomy":"product_cat","embeddable":true,"href":"https:\/\/canaryvip.com\/pl\/wp-json\/wp\/v2\/product_cat?post=11493"},{"taxonomy":"product_tag","embeddable":true,"href":"https:\/\/canaryvip.com\/pl\/wp-json\/wp\/v2\/product_tag?post=11493"}],"curies":[{"name":"wp","href":"https:\/\/api.w.org\/{rel}","templated":true}]}}