{"id":11456,"date":"2024-05-12T23:05:18","date_gmt":"2024-05-12T22:05:18","guid":{"rendered":"https:\/\/canaryvip.com\/?post_type=product&#038;p=11456"},"modified":"2026-03-05T17:06:36","modified_gmt":"2026-03-05T17:06:36","slug":"party-boat-tenerife","status":"publish","type":"product","link":"https:\/\/canaryvip.com\/pl\/shop\/party-boat-tenerife\/","title":{"rendered":"Utopia Boat Party Teneryfa"},"content":{"rendered":"<h2>\u0141\u00f3d\u017a imprezowa na Teneryfie z CanaryVIP<\/h2>\n<p><strong>Prze\u017cyj niezapomnian\u0105 zabaw\u0119 z CanaryVIP:<\/strong> Zanurz si\u0119 w niezwyk\u0142ej przygodzie dzi\u0119ki naszym biletom na Party Boat Tenerife. Rozpoczynaj\u0105ca si\u0119 w Puerto Col\u00f3n, ta ekscytuj\u0105ca podr\u00f3\u017c oferuje \u017cywio\u0142ow\u0105 muzyk\u0119, osza\u0142amiaj\u0105ce s\u0142o\u0144ce i kosmopolityczny t\u0142um.<\/p>\n<p><strong>CanaryVIP<\/strong> CanaryVIP oferuje bilety na najbardziej ekscytuj\u0105ce imprezy na \u0142odzi na Teneryfie, obiecuj\u0105c wyj\u0105tkowe i niezapomniane wra\u017cenia, \u0142\u0105cz\u0105ce ekscytuj\u0105c\u0105 imprez\u0119 wst\u0119pn\u0105, energiczn\u0105 przeja\u017cd\u017ck\u0119 \u0142odzi\u0105 i ekscytuj\u0105ce after party.<\/p>\n<p><strong>Ultimate Party Experience:<\/strong>\u00a0: Do\u0142\u0105cz do nas na pok\u0142adzie tego wyj\u0105tkowego wydarzenia. Niezwyk\u0142a mieszanka House, RnB, Hip Hop, DnB, EDM i Reggaeton, a wszystko to zasilane przez najwy\u017cszej klasy system d\u017awi\u0119kowy. Profesjonalni DJ-e i MC zapewniaj\u0105 nieprzerwan\u0105 rozrywk\u0119, dzi\u0119ki czemu jest to najlepsze imprezowe do\u015bwiadczenie na Teneryfie.<\/p>\n<h3>\ud83c\udf9f\ufe0f Opcje bilet\u00f3w<\/h3>\n<p>Wszystkie bilety obejmuj\u0105 dost\u0119p do legendarnej 3-godzinnej imprezy na \u0142odzi z muzyk\u0105 House, RnB, Hip Hop, DnB, EDM i Reggaeton w wykonaniu najlepszych DJ-\u00f3w i MC, ogromnego 15 000-watowego systemu d\u017awi\u0119kowego Utopia oraz bezp\u0142atnych profesjonalnych zdj\u0119\u0107 online. Do wyboru s\u0105 nast\u0119puj\u0105ce opcje bilet\u00f3w:<\/p>\n<ul>\n<li><strong>Bilet podstawowy:<\/strong> Oferta obejmuje 4 drinki z lokalnych alkoholi (rum, whisky, gin, w\u00f3dka, likier kokosowy, amaretto), piwo Victoria M\u00e1laga lub napoje bezalkoholowe (cola, pomara\u0144czowy, cytrynowy, sprite).<\/li>\n<li><strong>Bilet standardowy Open Bar:<\/strong> Obejmuje nieograniczony 3-godzinny open bar z lokalnym piwem, alkoholami i mikserami.<\/li>\n<li><strong>Bilet na napoje premium:<\/strong> Obejmuje nielimitowane markowe alkohole premium, takie jak Absolut Vodka, Bacardi, Havana, Beefeater Gin (zwyk\u0142y i r\u00f3\u017cowy), Disaronno, Malibu, Jim Beam, Ballantine's whisky, a tak\u017ce Red Bull i miksery premium.<\/li>\n<li><strong>Bilet VIP:<\/strong> Obejmuje wszystkie korzy\u015bci Premium, a tak\u017ce pierwsze\u0144stwo wej\u015bcia na pok\u0142ad i wy\u0142\u0105czny dost\u0119p do prywatnej strefy VIP oraz dedykowanego baru na pok\u0142adzie.<\/li>\n<\/ul>\n<h3>Szczeg\u00f3\u0142y \u2728 Party Boat Teneryfa<\/h3>\n<p><strong>Kompleksowy pakiet imprezowy:<\/strong> Podr\u00f3\u017c rozpoczyna si\u0119 od o\u017cywionej imprezy wst\u0119pnej w <a href=\"https:\/\/maps.app.goo.gl\/Vt7HqjMeKHLczpy69\" target=\"_blank\" rel=\"noopener\">Pasek Black Pearl,<\/a> gdzie b\u0119dzie mo\u017cna napi\u0107 si\u0119 bezp\u0142atnego drinka i pozna\u0107 innych imprezowicz\u00f3w. G\u0142\u00f3wnym wydarzeniem jest <strong>3-godzinny rejs<\/strong> na pok\u0142adzie <strong>\u0141\u00f3d\u017a imprezowa Utopia,<\/strong>\u00a0, z otwartym barem i dynamiczn\u0105 scen\u0105 muzyczn\u0105, a nast\u0119pnie after party w barze Black Pearl z ekskluzywnymi ofertami.<\/p>\n<p><strong>Integracja dla wszystkich:<\/strong> Ta aktywno\u015b\u0107 zaspokaja potrzeby wszystkich entuzjast\u00f3w imprez, zapewniaj\u0105c zr\u00f3wnowa\u017cone po\u0142\u0105czenie zabawy, muzyki i interakcji spo\u0142ecznych. Jest to najlepszy wyb\u00f3r dla tych, kt\u00f3rzy szukaj\u0105 t\u0119tni\u0105cego \u017cyciem i niezapomnianego <a href=\"https:\/\/canaryvip.com\/pl\/tenerife\/boat-excursions\/\">wycieczka \u0142odzi\u0105.<\/a><\/p>\n<h3>Czego spodziewa\u0107 si\u0119 podczas imprezy na \u0142odzi na Teneryfie?<\/h3>\n<ul>\n<li><strong>Ekscytuj\u0105ca muzyka i rozrywka:<\/strong>\u00a0: Ta\u0144cz do rytm\u00f3w House, RnB, Hip Hop, DnB, EDM i Reggaeton na tej w pe\u0142ni wyposa\u017conej \u0142odzi imprezowej na Teneryfie.<\/li>\n<li><strong>Otwarty bar:<\/strong>\u00a0: Ciesz si\u0119 3-godzinnym otwartym barem z wyborem piwa, lokalnych alkoholi i mikser\u00f3w podczas rejsu \u0142odzi\u0105 imprezow\u0105 na Teneryfie.<\/li>\n<li><strong>Komfort i udogodnienia:<\/strong>\u00a0: Zrelaksuj si\u0119 dzi\u0119ki wygodnym siedzeniom, czystym udogodnieniom i \u017cywej atmosferze.<\/li>\n<li><strong>Pi\u0119kno krajobrazu: <\/strong>: Uchwy\u0107 wspania\u0142e widoki na wybrze\u017ce Teneryfy podczas zabawy na falach.<\/li>\n<li><strong>Bezpiecze\u0144stwo przede wszystkim: <\/strong>: Za\u0142oga priorytetowo traktuje Twoje bezpiecze\u0144stwo dzi\u0119ki jasnym wytycznym i wieloj\u0119zycznemu wsparciu.<\/li>\n<\/ul>\n<h3>\ud83d\udee5\ufe0f Przygotowanie do imprezy na Teneryfie<\/h3>\n<p>Zapewnij sobie bezproblemowe wra\u017cenia, zabieraj\u0105c ze sob\u0105 str\u00f3j k\u0105pielowy, krem do opalania i <strong>CanaryVIP<\/strong> bilet w formie cyfrowej lub drukowanej. Zalecamy wcze\u015bniejsze zjedzenie posi\u0142ku i unikanie alkoholu, aby zmniejszy\u0107 ryzyko choroby morskiej. Rozwa\u017c za\u017cycie tabletki na chorob\u0119 lokomocyjn\u0105 przed odlotem, aby zapewni\u0107 sobie komfortow\u0105 podr\u00f3\u017c.<\/p>\n<h3>\ud83d\udea4 Imprezowa \u0142\u00f3d\u017a na Teneryfie: Twoja najlepsza uroczysto\u015b\u0107<\/h3>\n<p>Wybierz CanaryVIP dla swojego <strong>\u0141\u00f3d\u017a imprezowa na Teneryfie<\/strong> oferuj\u0105c bezkonkurencyjn\u0105 warto\u015b\u0107 i wyj\u0105tkow\u0105 obs\u0142ug\u0119.<br \/>\nDo\u0142\u0105cz do nas, aby prze\u017cy\u0107 najlepsz\u0105 imprez\u0119 na \u0142odzi:<\/p>\n<ul>\n<li><strong>Najlepsze stawki gwarantowane:<\/strong> Ciesz si\u0119 konkurencyjnymi cenami za niezapomniane wra\u017cenia z rejsu \u0142odzi\u0105 imprezow\u0105 na Teneryfie.<\/li>\n<li><strong>Zni\u017cki grupowe:<\/strong> Zaoszcz\u0119d\u017a wi\u0119cej dzi\u0119ki naszym specjalnym cenom dla grup na naszej \u0142odzi imprezowej na Teneryfie.<\/li>\n<li><strong>Wcze\u015bniejsza rezerwacja:<\/strong> Zabezpiecz swoje miejsce wcze\u015bniej, aby nie przegapi\u0107 tej ekskluzywnej \u0142odzi imprezowej na Teneryfie!<\/li>\n<li><strong>Elastyczne zasady anulowania rezerwacji:<\/strong> Skorzystaj z naszych przyjaznych dla klienta warunk\u00f3w anulowania.<\/li>\n<li><strong>Zaufany operator:<\/strong> Jako wiod\u0105cy dostawca bilet\u00f3w na Wyspach Kanaryjskich, <strong>CanaryVIP<\/strong> jest preferowanym wyborem dla entuzjast\u00f3w \u0142odzi imprezowych na Teneryfie.<\/li>\n<\/ul>\n<h3>\ud83d\ude99 Miejsce spotka\u0144 i parking<\/h3>\n<p><strong>Do\u0142\u0105cz do nas w Puerto Col\u00f3n:<\/strong> Spotkaj si\u0119 z nami w barze Black Pearl, aby wzi\u0105\u0107 udzia\u0142 w imprezie na Teneryfie. Przyb\u0105d\u017a co najmniej 15 minut przed wyp\u0142yni\u0119ciem, aby zapewni\u0107 sprawne wej\u015bcie na pok\u0142ad. W porcie dost\u0119pny jest du\u017cy parking, dzi\u0119ki czemu jest on wygodny dla os\u00f3b do\u0142\u0105czaj\u0105cych do naszej imprezowej \u0142odzi na Teneryfie.<\/p>\n<h3>Warunki korzystania z serwisu CanaryVIP<\/h3>\n<p>Ciesz si\u0119 spokojem dzi\u0119ki naszym kompleksowym polisom na Twoj\u0105 przygod\u0119. Oto, co musisz wiedzie\u0107:<\/p>\n<ul>\n<li><strong>Plany awaryjne na wypadek niepogody:<\/strong> W przypadku niebezpiecznych warunk\u00f3w pogodowych zapewnione zostan\u0105 opcje zmiany harmonogramu lub pe\u0142nego zwrotu koszt\u00f3w.<\/li>\n<li><strong>Elastyczne zasady anulowania rezerwacji:<\/strong>\n<ul>\n<li>Bezp\u0142atne anulowanie lub zmiana harmonogramu do 7 dni wcze\u015bniej w przypadku rezerwacji indywidualnych.<\/li>\n<li>W przypadku grup powy\u017cej 10 os\u00f3b bezp\u0142atna anulacja do 12 dni przed wydarzeniem.<\/li>\n<li>W przypadku grup powy\u017cej 20 os\u00f3b bezp\u0142atne anulowanie rezerwacji do 16 dni przed wydarzeniem.<\/li>\n<li>Musisz <a href=\"https:\/\/canaryvip.com\/pl\/contact\/\">skontaktuj si\u0119 z nami<\/a> dla wniosk\u00f3w o anulowanie.<\/li>\n<\/ul>\n<\/li>\n<li><strong>Niestawienie si\u0119 i p\u00f3\u017ane przybycie:<\/strong> Zwroty nie s\u0105 przewidziane w przypadku niestawienia si\u0119 lub sp\u00f3\u017anienia. Upewnij si\u0119, \u017ce przyby\u0142e\u015b na czas, poniewa\u017c impreza na \u0142odzi jest zazwyczaj w pe\u0142ni zarezerwowana.<\/li>\n<li><strong>Zachowanie na pok\u0142adzie:<\/strong> Oczekuje si\u0119, \u017ce go\u015bcie b\u0119d\u0105 utrzymywa\u0107 przyjemne i bezpieczne \u015brodowisko. Niew\u0142a\u015bciwe zachowanie mo\u017ce skutkowa\u0107 usuni\u0119ciem z \u0142odzi bez zwrotu koszt\u00f3w.<\/li>\n<li><strong>Choroba morska i zmiany w planie podr\u00f3\u017cy:<\/strong> W przypadku wyst\u0105pienia choroby morskiej i konieczno\u015bci zmiany planu podr\u00f3\u017cy zwrot koszt\u00f3w nie b\u0119dzie mo\u017cliwy.<\/li>\n<li><strong>Skargi:<\/strong> Wszelkie problemy nale\u017cy rozwi\u0105zywa\u0107 z personelem \u0142odzi w dniu wydarzenia, poniewa\u017c personel CanaryVIP nie jest obecny na \u0142odzi.<\/li>\n<\/ul>\n<p>Zarezerwuj ju\u017c teraz i do\u0142\u0105cz do nas na niezapomnian\u0105 imprez\u0119 na falach Teneryfy!<\/p>","protected":false},"excerpt":{"rendered":"<p><strong>\ud83d\udd0d Boat Party na Teneryfie:<\/strong><br \/>\n\u2705 Bezpieczna p\u0142atno\u015b\u0107.<br \/>\n\ud83d\ude80 3-godzinna wycieczka \u0142odzi\u0105 imprezow\u0105.<br \/>\n\ud83c\udf7b 3h OPEN BAR wliczony w cen\u0119.<br \/>\n\ud83d\udcc6 soboty o 12:30.<br \/>\n\ud83c\udfb6 DJ-e i muzyka.<br \/>\n\ud83d\udeab TYLKO +18 lat.<br \/>\n\ud83e\udd11 Gwarancja najlepszej ceny.<br \/>\n\ud83c\udf1f Zarezerwuj teraz i zaoszcz\u0119d\u017a!<br \/>\n\ud83d\udccd Odej\u015bcie od\u00a0<a href=\"https:\/\/www.google.com\/maps\/place\/Puerto+Col%C3%B3n\/@28.0783432,-16.7368735,18.52z\/data=!4m6!3m5!1s0xc6a9743509c9ebf:0xd62345524f768247!8m2!3d28.0789928!4d-16.7359737!16s%2Fg%2F11c6cqryw_?entry=tts\">Puerto Colon<\/a>.<\/p>","protected":false},"featured_media":11461,"comment_status":"open","ping_status":"closed","template":"","meta":{"_acf_changed":false},"product_brand":[],"product_cat":[46],"product_tag":[],"class_list":{"0":"post-11456","1":"product","2":"type-product","3":"status-publish","4":"has-post-thumbnail","6":"product_cat-boat-excursions","7":"wcpa_has_options","9":"first","10":"instock","11":"sale","12":"virtual","13":"purchasable","14":"product-type-simple"},"acf":[],"wcpa_form_fields":{"wcpaData":{"product":{"product_price":70,"price_html":"From&nbsp;<del aria-hidden=\"true\"><span class=\"woocommerce-Price-amount amount\"><bdi>75,00&nbsp;<span class=\"woocommerce-Price-currencySymbol\">&euro;<\/span><\/bdi><\/span><\/del> <span class=\"screen-reader-text\">Pierwotna cena wynosi\u0142a: 75,00&nbsp;&euro;.<\/span><ins aria-hidden=\"true\"><span class=\"woocommerce-Price-amount amount\"><bdi>70,00&nbsp;<span class=\"woocommerce-Price-currencySymbol\">&euro;<\/span><\/bdi><\/span><\/ins><span class=\"screen-reader-text\">Aktualna cena: 70,00&nbsp;&euro;.<\/span>","original_product_price":75,"price_including_tax":70,"price_excluding_tax":70,"product_id":{"parent":11456,"variation":false},"is_variable":false,"stock_status":"instock","stock_quantity":null,"parent_sku":"CV11456","product_attributes":[],"custom_fields":[],"is_taxable":false,"product_name":"Utopia Boat Party Tenerife","hasImage":false},"fields":{"sec_06641441f5ff23":{"extra":{"key":"sec_06641441f5ff23","section_id":"sec_06641441f5ff23","name":"Default","status":1,"cl_rule":"show","enableCl":false,"relations":[],"toggle":true,"title_tag":"h3","show_title":false,"showPrice":"default","form_id":11462,"form_rules":{"exclude_from_discount":true,"fee_label":"Fee","disp_hide_options_price":true,"disp_show_section_price":false,"disp_show_field_price":true,"layout_option":"standard","pric_use_as_fee":false,"process_fee_as":"woo_fee"},"layout_option":"standard"},"fields":[[{"active":true,"col":6,"relations":false,"cl_rule":"show","enableCl":false,"price":"","enablePrice":false,"className":"oferta-especial","label_position":"default","desc_position":"default","type":"content","required":false,"elementId":"content_1421636141","label":"","name":"content_1421636141","contentType":"rich","value":"<p><strong>\ud83d\udd25 Utopia Boat Party Limited Time Offer!<br>\n<\/strong>Exclusive 5% discount automatically applied at checkout.<\/p>","error":false,"isTemplate":false,"gt_translate_keys":["label","value"],"price_dependency":false,"cl_dependency":false}],[{"label":"\ud83d\udcc5 Date","active":true,"required":true,"elementId":"date_66641441f5ff41","picker_type":"custom","picker_mode":"single","placeholder":"","description":"","tooltip":"","name":"date_66641441f5ff41","label_position":"default","desc_position":"default","enablePrice":false,"className":"","enableCl":false,"relations":[{"operator":"and","rules":[{"operator":"AND","rules":{"cl_field":"radio-group_56641441f5ff51","cl_relation":"is_not_empty","cl_val":"3 Hour Trip"}}]}],"date_pic_inline":true,"date_pic_inline_hide":true,"min_date":{"type":"days","val":"1"},"max_date":"","date_pic_conf":{"disabledWeeks":[1,2,3,4,5,0],"disabledDates":["2024-05-19","2024-05-26","2025-04-06","2025-04-13","2025-04-16","2025-04-20","2025-04-27","2025-09-01 to 2025-09-30"]},"price":"","cl_rule":"show","col":6,"type":"date","error":false,"enableDesign":false,"LabelColor":"","isWeightTemplate":false,"isTemplate":false,"min_quantity":"1","quantity_decimal":false,"quantity_step":"1","quantity_label":"Quantity","repeater_field_label":"{field_label}","repeater_bind":"","gt_translate_keys":["label","placeholder","description","tooltip","repeater_field_label","quantity_label"],"price_dependency":false,"cl_dependency":false,"value":""}],[{"active":true,"col":6,"relations":[{"operator":false,"rules":[{"operator":"AND","rules":{"cl_field":"","cl_relation":"","cl_val":""}}]}],"cl_rule":"show","enableCl":true,"price":"70","enablePrice":true,"className":"","label_position":"default","desc_position":"below","type":"radio-group","required":false,"elementId":"radio-group_86641441f5ff75","label":"","name":"radio-group_86641441f5ff75","values":[{"label":"\ud83d\udfe2 Basic Ticket (70\u20ac)","value":"Basic Ticket","selected":true,"tempId":"aco_32","tooltip":"","description":"","gt_translate_keys":["label","tooltip","description"]}],"layOut":"","error":false,"checkUi":"button","priceOptions":"fixed_for_all","pricingType":"fixed","enable_quantity":true,"quantity_label":"","min_quantity":"0","options_tooltip":true,"options_description":true,"description":"Ideal for budget-friendly fun. Includes a drinks package with 4 beverages at a discounted price.","enableDesign":false,"gt_translate_keys":["label","description","quantity_label"],"price_dependency":false,"cl_dependency":false,"value":""}],[{"active":true,"col":6,"relations":false,"cl_rule":"show","enableCl":false,"price":"","enablePrice":false,"className":"","label_position":"default","desc_position":"default","type":"separator","required":false,"elementId":"separator_1097273251","label":"Separator Field","height":"3","separatorType":"fill","error":false,"separatorColor":"#4a90e2","gt_translate_keys":["label"],"price_dependency":false,"cl_dependency":false,"value":""}],[{"label":"","active":true,"required":false,"elementId":"radio-group-0169646210","description":"Open bar with unlimited beer, local spirits, and mixers. Perfect for music and drink lovers.","name":"radio-group-0169646210","label_position":"default","desc_position":"below","enablePrice":true,"className":"","enableCl":true,"relations":[{"operator":false,"rules":[{"operator":"AND","rules":{"cl_field":"","cl_relation":"","cl_val":""}}]}],"enableDesign":false,"enable_quantity":true,"quantity_label":"","min_quantity":"0","checkUi":"button","layOut":"","options_tooltip":true,"options_description":true,"values":[{"label":"\ud83c\udf9f\ufe0f Standard Ticket (90\u20ac)","value":"Standard Ticket","selected":true,"tempId":"aco_32","tooltip":"","description":"","gt_translate_keys":["label","tooltip","description"]}],"priceOptions":"fixed_for_all","pricingType":"fixed","price":"90","cl_rule":"show","col":6,"type":"radio-group","error":false,"gt_translate_keys":["label","description","quantity_label"],"price_dependency":false,"cl_dependency":false,"value":""}],[{"elementId":"separator-0973524418","separatorType":"fill","separatorColor":"#4a90e2","className":"","height":"3","enableCl":false,"relations":false,"cl_rule":"show","col":6,"type":"separator","gt_translate_keys":[],"price_dependency":false,"cl_dependency":false,"value":""}],[{"label":"","active":true,"required":false,"elementId":"radio-group_56641441f5ffa1","name":"radio-group_56641441f5ffa1","label_position":"default","desc_position":"below","enablePrice":true,"className":"","enableCl":false,"relations":[{"operator":false,"rules":[{"operator":"AND","rules":{"cl_field":"","cl_relation":"","cl_val":""}}]}],"enable_quantity":true,"quantity_label":"","min_quantity":"0","checkUi":"button","layOut":"","options_tooltip":true,"values":[{"label":"\u2b50\ufe0f Premium Ticket (110\u20ac)","value":"Premium Ticket (95\u20ac)","selected":true,"tempId":"aco_32","tooltip":"","description":"","gt_translate_keys":["label","tooltip","description"]}],"priceOptions":"fixed_for_all","pricingType":"fixed","price":"110","cl_rule":"show","col":6,"type":"radio-group","error":false,"description":"Upgrade your experience with premium spirits like Absolut, Bacardi, Havana, and more, plus Red Bull and premium mixers.","options_description":true,"gt_translate_keys":["label","description","quantity_label"],"price_dependency":false,"cl_dependency":false,"value":""}],[{"elementId":"separator-0973774727","separatorType":"fill","separatorColor":"#4a90e2","className":"","height":"3","enableCl":false,"relations":false,"cl_rule":"show","col":6,"type":"separator","gt_translate_keys":[],"price_dependency":false,"cl_dependency":false,"value":""}],[{"label":"","active":true,"required":false,"elementId":"radio-group-1821003227","description":"The ultimate luxury experience. Access the VIP area with open bar featuring premium spirits, Red Bull, and exclusive vibes.","name":"radio-group-1821003227","label_position":"default","desc_position":"below","enablePrice":true,"className":"","enableCl":false,"relations":[{"operator":false,"rules":[{"operator":"AND","rules":{"cl_field":"","cl_relation":"","cl_val":""}}]}],"enable_quantity":true,"quantity_label":"","min_quantity":"0","checkUi":"button","layOut":"","options_tooltip":true,"options_description":true,"values":[{"label":"\ud83d\udc8e VIP Ticket (130\u20ac)","value":"VIP Ticket","selected":true,"tempId":"aco_32","tooltip":"","description":"","gt_translate_keys":["label","tooltip","description"]}],"priceOptions":"fixed_for_all","pricingType":"fixed","price":"130","cl_rule":"show","col":6,"type":"radio-group","error":false,"gt_translate_keys":["label","description","quantity_label"],"price_dependency":false,"cl_dependency":false,"value":""}],[{"elementId":"separator-0974175336","separatorType":"fill","separatorColor":"#4a90e2","className":"","height":"3","enableCl":false,"relations":false,"cl_rule":"show","col":6,"type":"separator","gt_translate_keys":[],"price_dependency":false,"cl_dependency":false,"value":""}]]}},"config":{"price_override":"always","enable_recaptcha":false,"bind_quantity":false,"quantity_bind_formula":false,"disp_summ_show_option_price":true,"disp_summ_show_product_price":false,"disp_summ_show_total_price":true,"disp_summ_show_fee":true,"disp_summ_show_discount":true,"summary_title":"","options_total_label":"Options Price","total_label":"Total Amount","options_product_label":"Product Price","fee_label":"Fee","discount_label":"Discount","has_price":true,"has_quantity_formula":false},"mc_unit":1,"tax_rate":1,"tax_rate_real":1,"discount":{"percentage":0,"fixed":0},"design":{"conf":{"LabelPosition":"above","DescPosition":"above","UploadField":"custom_1","QuantityFieldStyle":"custom_1"},"css":{"LeftLabelWidth":"120px"}},"formulas":[],"lookuptables":[],"clones":false,"cartKey":false}},"_links":{"self":[{"href":"https:\/\/canaryvip.com\/pl\/wp-json\/wp\/v2\/product\/11456","targetHints":{"allow":["GET"]}}],"collection":[{"href":"https:\/\/canaryvip.com\/pl\/wp-json\/wp\/v2\/product"}],"about":[{"href":"https:\/\/canaryvip.com\/pl\/wp-json\/wp\/v2\/types\/product"}],"replies":[{"embeddable":true,"href":"https:\/\/canaryvip.com\/pl\/wp-json\/wp\/v2\/comments?post=11456"}],"wp:featuredmedia":[{"embeddable":true,"href":"https:\/\/canaryvip.com\/pl\/wp-json\/wp\/v2\/media\/11461"}],"wp:attachment":[{"href":"https:\/\/canaryvip.com\/pl\/wp-json\/wp\/v2\/media?parent=11456"}],"wp:term":[{"taxonomy":"product_brand","embeddable":true,"href":"https:\/\/canaryvip.com\/pl\/wp-json\/wp\/v2\/product_brand?post=11456"},{"taxonomy":"product_cat","embeddable":true,"href":"https:\/\/canaryvip.com\/pl\/wp-json\/wp\/v2\/product_cat?post=11456"},{"taxonomy":"product_tag","embeddable":true,"href":"https:\/\/canaryvip.com\/pl\/wp-json\/wp\/v2\/product_tag?post=11456"}],"curies":[{"name":"wp","href":"https:\/\/api.w.org\/{rel}","templated":true}]}}