{"id":11438,"date":"2024-05-11T22:23:40","date_gmt":"2024-05-11T21:23:40","guid":{"rendered":"https:\/\/canaryvip.com\/?post_type=product&#038;p=11438"},"modified":"2025-11-04T12:52:18","modified_gmt":"2025-11-04T12:52:18","slug":"ole-flamenco-show-tenerife","status":"publish","type":"product","link":"https:\/\/canaryvip.com\/pl\/shop\/ole-flamenco-show-tenerife\/","title":{"rendered":"OL\u00c9 Flamenco Show Teneryfa"},"content":{"rendered":"<h2>Odkryj najlepszy pokaz flamenco na Teneryfie<\/h2>\n<p>Zanurz si\u0119 w t\u0119tni\u0105cym \u017cyciem duchu Hiszpanii podczas Ol\u00e9 Flamenco Show Tenerife, najwa\u017cniejszego pokazu flamenco na Teneryfie. <a href=\"https:\/\/canaryvip.com\/pl\/tenerife\/evening-shows\/\">show na Teneryfie.<\/a> Prze\u017cyj porywaj\u0105cy wiecz\u00f3r pe\u0142en nami\u0119tnej muzyki, elektryzuj\u0105cego ta\u0144ca i bogatej ekspresji kulturowej pod fachowym kierownictwem znanego Frana Chafino.<\/p>\n<p>Ten 90-minutowy spektakl obiecuje niezapomnian\u0105 noc, \u0142\u0105cz\u0105c tradycyjne style flamenco ze wsp\u00f3\u0142czesnym stylem, a wszystko to w luksusowym tle hotelu GF Victoria.<\/p>\n<p>Od rytmicznej pracy st\u00f3p po uduchowion\u0105 gitar\u0119 i ekspresyjny wokal, ka\u017cdy element pokazu ma na celu oczarowanie i zainspirowanie, co czyni go obowi\u0105zkowym punktem zar\u00f3wno dla mieszka\u0144c\u00f3w, jak i turyst\u00f3w poszukuj\u0105cych autentycznego hiszpa\u0144skiego do\u015bwiadczenia.<\/p>\n<h3>\ud83c\udf7d\ufe0f Luksusowe miejsce w GF Victoria Hotel<\/h3>\n<p><strong>Lokalizacja:<\/strong> Elegancki <a href=\"https:\/\/www.google.com\/maps\/place\/GF+Victoria\/@28.0917871,-16.7412967,17z\/data=!3m1!4b1!4m9!3m8!1s0xc6a974d01c4268f:0x3c0e40669a61bb47!5m2!4m1!1i2!8m2!3d28.0917871!4d-16.7387218!16s%2Fg%2F11bvv59vv2?entry=ttu\" target=\"_new\" rel=\"noreferrer noopener\">GF Victoria Hotel<\/a> w Costa Adeje jest gospodarzem tego czaruj\u0105cego wydarzenia, zapewniaj\u0105c wyrafinowan\u0105 atmosfer\u0119 niezapomnianego pokazu flamenco na Teneryfie.<\/p>\n<p><strong>Harmonogram:<\/strong> Przedstawienie rozpocznie si\u0119 o godzinie 21:00, a drzwi zostan\u0105 otwarte o godzinie 20:15. Przerwa trwa 15 minut, a ca\u0142y wyst\u0119p ko\u0144czy si\u0119 o 22:30.<\/p>\n<h3>\ud83c\udf9f\ufe0f Wybierz sw\u00f3j idealny wiecz\u00f3r<\/h3>\n<p><strong>Bilety Gold:<\/strong> Wej\u015bcie na spektakl kosztuje 49 \u20ac za osob\u0119. To miejsce zapewnia wspania\u0142y widok na scen\u0119 i \u017cywe wra\u017cenia dla 140 go\u015bci.<\/p>\n<p><strong>Bilety Platinum:<\/strong> W cenie 59 euro za osob\u0119 opcja ta obejmuje wst\u0119p, kieliszek wina i lekkie przek\u0105ski. Strefa Platinum, bli\u017cej sceny, zapewnia intymne otoczenie dla 80 go\u015bci.<\/p>\n<h3>Do\u015bwiadczenie autentycznego flamenco<\/h3>\n<p><strong>Poznaj Fran Chafino:<\/strong> Gwiazda pokazu, Fran Chafino, jest znany ze swojego niezwyk\u0142ego talentu i o\u017cywia autentyczne flamenco, zapewniaj\u0105c, \u017ce ka\u017cdy go\u015b\u0107 jest zahipnotyzowany wyst\u0119pem.<\/p>\n<p><strong>Bogata r\u00f3\u017cnorodno\u015b\u0107 dzia\u0142a\u0144:<\/strong> Od buler\u00edas po alegr\u00edas, show zawiera dynamiczn\u0105 mieszank\u0119 \u015bpiewu, gitary i ta\u0144ca, urzekaj\u0105c publiczno\u015b\u0107 ka\u017cdym wyj\u0105tkowym wyst\u0119pem.<\/p>\n<p><strong>Interaktywna atmosfera:<\/strong> Chocia\u017c udzia\u0142 publiczno\u015bci w ta\u0144cu nie jest uwzgl\u0119dniony, zaanga\u017cowanie wykonawc\u00f3w tworzy intymne i energiczne do\u015bwiadczenie.<\/p>\n<h3><a href=\"https:\/\/canaryvip.com\/pl\/contact\/?swcfpc=1\">\ud83d\udd70\ufe0f<\/a> Podstawowe informacje<\/h3>\n<p><strong>Dress Code:<\/strong> Zalecany jest elegancki, swobodny str\u00f3j, kt\u00f3ry uzupe\u0142ni eleganck\u0105 opraw\u0119. D\u017cinsy i \u0142adny t-shirt s\u0105 dopuszczalne, ale str\u00f3j sportowy i szorty s\u0105 odradzane, aby zachowa\u0107 wyrafinowan\u0105 atmosfer\u0119 pokazu.<\/p>\n<p><strong>Informacje o parkingu:<\/strong> W odleg\u0142o\u015bci kr\u00f3tkiego spaceru od obiektu znajduje si\u0119 du\u017cy parking przy centrum handlowym Plaza del Duque.<\/p>\n<p><strong>Wej\u015bcie na pokaz:<\/strong> Wejd\u017a przez wyznaczone wej\u015bcie po lewej stronie g\u0142\u00f3wnego wej\u015bcia do hotelu, aby uzyska\u0107 \u0142atwy dost\u0119p do Las Olas Showroom.<\/p>\n<h3>\u2696\ufe0f Elastyczne zasady rezerwacji i anulowania rezerwacji<\/h3>\n<p><strong>Korzy\u015bci z wcze\u015bniejszej rezerwacji:<\/strong> Zapewnij sobie najlepsze ceny i upro\u015b\u0107 planowanie dzi\u0119ki wcze\u015bniejszej rezerwacji.<\/p>\n<p><strong>Bezp\u0142atne anulowanie:<\/strong> Anuluj do 48 godzin przed pokazem, aby uzyska\u0107 pe\u0142ny zwrot pieni\u0119dzy.<\/p>\n<p><strong>Rezerwacje grupowe:<\/strong> W przypadku grup wi\u0119kszych ni\u017c sze\u015bcioosobowe anulowanie rezerwacji z maksymalnie czterodniowym wyprzedzeniem nie wi\u0105\u017ce si\u0119 z \u017cadnymi op\u0142atami. Anulowanie rezerwacji na 2-4 dni przed wydarzeniem wi\u0105\u017ce si\u0119 ze zwrotem koszt\u00f3w w wysoko\u015bci 50%.<\/p>\n<p><strong>Zasady dotycz\u0105ce niestawienia si\u0119:<\/strong> Brak zwrot\u00f3w za niestawienie si\u0119 lub anulowanie rezerwacji w ci\u0105gu 48 godzin od wydarzenia.<\/p>\n<h3>Prywatne wydarzenia flamenco<\/h3>\n<p><strong>Ekskluzywne uroczysto\u015bci:<\/strong> CanaryVIP mo\u017ce zorganizowa\u0107 prywatne pokazy flamenco dostosowane do urodzin, imprez firmowych i specjalnych spotka\u0144, zapewniaj\u0105c spersonalizowan\u0105 i niezapomnian\u0105 okazj\u0119. <a href=\"https:\/\/canaryvip.com\/pl\/contact\/?swcfpc=1\">Skontaktuj si\u0119 z nami, aby uzyska\u0107 wi\u0119cej informacji.<\/a><\/p>\n<h3>Odkryj histori\u0119 i pasj\u0119 flamenco<\/h3>\n<p><strong>Podr\u00f3\u017c przez bogate dziedzictwo flamenco:<\/strong> Ol\u00e9 Flamenco Show Tenerife nie tylko bawi, ale tak\u017ce oferuje g\u0142\u0119bokie zanurzenie si\u0119 w historii i pasji flamenco. Pochodz\u0105ce z andaluzyjskiego regionu Hiszpanii flamenco to dynamiczna forma sztuki \u0142\u0105cz\u0105ca \u015bpiew (cante), gr\u0119 na gitarze (toque) i taniec (baile). Ta wielowiekowa tradycja znana jest z emocjonalnej intensywno\u015bci i ekspresyjnego opowiadania historii, odzwierciedlaj\u0105c kulturowy gobelin Hiszpanii.<\/p>\n<p><strong>Wizja artystyczna Fran Chafino:<\/strong> Pod mistrzowskim kierownictwem Fran Chafino, Ol\u00e9 Flamenco Show Tenerife o\u017cywia to bogate dziedzictwo nowoczesnymi akcentami. Choreografia Fran jest mieszank\u0105 tradycyjnych technik i wsp\u00f3\u0142czesnych element\u00f3w, tworz\u0105c wyj\u0105tkowy wyst\u0119p, kt\u00f3ry honoruje korzenie flamenco, jednocze\u015bnie urzekaj\u0105c wsp\u00f3\u0142czesn\u0105 publiczno\u015b\u0107.<\/p>\n<p><strong>R\u00f3\u017cnorodne style flamenco:<\/strong> Pokaz obejmuje r\u00f3\u017cnorodne style flamenco, takie jak szybkie buler\u00edas i radosne alegr\u00edas, z kt\u00f3rych ka\u017cdy ma sw\u00f3j w\u0142asny rytm i nastr\u00f3j. Ta r\u00f3\u017cnorodno\u015b\u0107 zapewnia \u017cywe i wci\u0105gaj\u0105ce do\u015bwiadczenie, prezentuj\u0105c pe\u0142ne spektrum emocjonalnego i muzycznego zakresu flamenco.<\/p>\n<h3>Do\u0142\u0105cz do nas na niezapomniany wiecz\u00f3r<\/h3>\n<p>Do\u015bwiadcz magii pokazu flamenco na Teneryfie z CanaryVIP. Zanurz si\u0119 w hipnotyzuj\u0105cej mieszance nami\u0119tnej muzyki, \u017cywio\u0142owego ta\u0144ca i bogatej hiszpa\u0144skiej kultury w luksusowym hotelu GF Victoria.<\/p>\n<p>Ten porywaj\u0105cy spektakl, wyre\u017cyserowany przez uznanego Frana Chafino, zapowiada niezapomniany wiecz\u00f3r pe\u0142en autentycznych styl\u00f3w flamenco i nowoczesnego stylu. Zarezerwuj bilety ju\u017c teraz na wiecz\u00f3r pe\u0142en elegancji i rozrywki i daj si\u0119 oczarowa\u0107 rytmicznym rytmom i ekspresyjnym wyst\u0119pom. Nie przegap tego wyj\u0105tkowego do\u015bwiadczenia kulturalnego w sercu Teneryfy.<\/p>\n<p>Zarezerwuj bilety na Flamenco Show Teneryfa ju\u017c dzi\u015b! \ud83c\udf0c\ud83d\udc83<\/p>","protected":false},"excerpt":{"rendered":"<p><strong>\ud83d\udd0d Pokaz flamenco na Teneryfie:<\/strong><br \/>\n\u2705 Bezpieczna p\u0142atno\u015b\u0107.<br \/>\n\ud83d\udc83 Autentyczny pokaz flamenco.<br \/>\n\ud83d\udd59 W ka\u017cdy czwartek o 20:15.<br \/>\n\u23f3 Czas trwania \u2248 2h<br \/>\n\ud83d\ude80 Bardzo popularny!<br \/>\n\ud83e\udd11 Gwarancja najlepszej ceny.<br \/>\n\ud83d\udc6a Zni\u017cki dla rezerwacji grupowych.<br \/>\n\ud83d\udd01 Bezp\u0142atne anulowanie rezerwacji do 48 godzin.<br \/>\n\ud83c\udf1f Wczesna rezerwacja, szybko si\u0119 zape\u0142nia!<br \/>\n\ud83d\udccd Venue at\u00a0<a href=\"https:\/\/maps.app.goo.gl\/boB3JcWYHb8AiGY58\">Hotel GF Victoria<\/a>.<\/p>","protected":false},"featured_media":11440,"comment_status":"open","ping_status":"closed","template":"","meta":{"_acf_changed":false},"product_brand":[],"product_cat":[59],"product_tag":[],"class_list":{"0":"post-11438","1":"product","2":"type-product","3":"status-publish","4":"has-post-thumbnail","6":"product_cat-evening-shows","7":"wcpa_has_options","9":"first","10":"instock","11":"virtual","12":"purchasable","13":"product-type-simple"},"acf":[],"wcpa_form_fields":{"wcpaData":{"product":{"product_price":51,"price_html":"From&nbsp;<span class=\"woocommerce-Price-amount amount\"><bdi>51,00&nbsp;<span class=\"woocommerce-Price-currencySymbol\">&euro;<\/span><\/bdi><\/span>","original_product_price":51,"price_including_tax":51,"price_excluding_tax":51,"product_id":{"parent":11438,"variation":false},"is_variable":false,"stock_status":"instock","stock_quantity":null,"parent_sku":"CV11438","product_attributes":[],"custom_fields":[],"is_taxable":false,"product_name":"OL\u00c9 Flamenco Show Tenerife","hasImage":false},"fields":{"sec_5663fdb09e5296":{"extra":{"key":"sec_5663fdb09e5296","section_id":"sec_5663fdb09e5296","name":"Default","status":1,"cl_rule":"show","enableCl":false,"relations":[],"toggle":true,"title_tag":"h3","show_title":false,"showPrice":"default","form_id":11439,"form_rules":{"exclude_from_discount":true,"fee_label":"Fee","disp_hide_options_price":true,"disp_show_section_price":false,"disp_show_field_price":true,"layout_option":"standard","pric_use_as_fee":false,"process_fee_as":"woo_fee"},"layout_option":"standard"},"fields":[[{"label":"\ud83d\udcc5 Date","active":true,"required":true,"elementId":"date_2663fdb09e52b5","picker_type":"custom","picker_mode":"single","placeholder":"","description":"","tooltip":"","name":"date_2663fdb09e52b5","label_position":"default","desc_position":"default","enablePrice":false,"className":"","enableCl":false,"relations":[{"operator":"and","rules":[{"operator":"AND","rules":{"cl_field":"radio-group_4663fdb09e52c5","cl_relation":"is_not_empty","cl_val":"3 Hour Trip"}}]}],"date_pic_inline":true,"date_pic_inline_hide":true,"min_date":{"type":"days","val":"1"},"max_date":{"type":"days","val":"180"},"date_pic_conf":{"disabledWeeks":[0,1,3,5,6,2],"disabledDates":["2025-02-06","2025-06-27 to 2025-07-01","2026-01-01 to 2026-01-14","2026-03-12","2026-03-19"]},"price":"","cl_rule":"show","col":6,"type":"date","error":false,"enableDesign":false,"LabelColor":"","isWeightTemplate":false,"isTemplate":false,"min_quantity":"1","quantity_decimal":false,"quantity_step":"1","quantity_label":"Quantity","repeater_field_label":"{field_label}","repeater_bind":"","gt_translate_keys":["label","placeholder","description","tooltip","repeater_field_label","quantity_label"],"price_dependency":false,"cl_dependency":["radio-group_4663fdb09e52c5"],"value":""}],[{"active":true,"col":6,"relations":[{"operator":false,"rules":[{"operator":"AND","rules":{"cl_field":"","cl_relation":"","cl_val":""}}]}],"cl_rule":"show","enableCl":false,"price":"","enablePrice":false,"className":"","label_position":"default","desc_position":"default","type":"radio-group","required":true,"elementId":"radio-group_4663fdb09e52c5","label":"\ud83c\udf1f Type of Ticket","name":"radio-group_4663fdb09e52c5","values":[{"label":"Gold Entrance (51\u20ac)","value":"Gold Entrance","selected":false,"tempId":"aco_28","description":"Enjoy the live show.","options_cl":false,"relations":[{"operator":false,"rules":[{"operator":"AND","rules":{"cl_field":"","cl_relation":"","cl_val":""}}]}],"cl_rule":"show","gt_translate_keys":["label","description"]},{"label":"Platinum Entrance (61\u20ac)","value":"Platinum Entrance","selected":false,"tempId":"aco_29","description":"Enjoy the live show, wine, snacks and better seating.","options_cl":true,"relations":[{"operator":false,"rules":[{"operator":"AND","rules":{"cl_field":"date_2663fdb09e52b5","cl_relation":"is","cl_val":"2026-04-16"}}]}],"cl_rule":"hide","gt_translate_keys":["label","description"]}],"layOut":"","error":false,"checkUi":"toggle","enableDesign":false,"scrollBar":false,"description":"","other":false,"options_description":true,"show_selected_option":false,"isWeightTemplate":false,"isTemplate":false,"min_quantity":"1","quantity_decimal":false,"quantity_step":"1","quantity_label":"Quantity","repeater_field_label":"{field_label}","repeater_bind":"","gt_translate_keys":["label","description","repeater_field_label","quantity_label"],"price_dependency":false,"cl_dependency":[false,false],"value":""}]]},"sec_1663fdb09e52c7":{"extra":{"key":"sec_1663fdb09e52c7","section_id":"sec_1663fdb09e52c7","name":"Gold","status":1,"cl_rule":"show","enableCl":true,"relations":[{"operator":false,"rules":[{"operator":"AND","rules":{"cl_field":"radio-group_4663fdb09e52c5","cl_relation":"is","cl_val":"Gold Entrance"}}]}],"toggle":true,"title_tag":"h4","show_title":false,"showPrice":"default","form_id":11439,"form_rules":{"exclude_from_discount":true,"fee_label":"Fee","disp_hide_options_price":true,"disp_show_section_price":false,"disp_show_field_price":true,"layout_option":"standard","pric_use_as_fee":false,"process_fee_as":"woo_fee"},"layout_option":"standard"},"fields":[[{"active":true,"col":6,"relations":false,"cl_rule":"show","enableCl":false,"price":"","enablePrice":false,"className":"","label_position":"default","desc_position":"default","type":"separator","required":false,"elementId":"separator_6663fdb09e52d3","label":"Separator Field","height":"8","separatorType":"blank","error":false,"gt_translate_keys":["label"],"price_dependency":false,"cl_dependency":false,"value":""}],[{"active":true,"col":6,"relations":false,"cl_rule":"show","enableCl":false,"price":"","enablePrice":false,"className":"","label_position":"default","desc_position":"default","type":"content","required":false,"elementId":"content_6663fdb09e5310","label":"People","name":"content_6663fdb09e5310","contentType":"plain","value":"","error":false,"show_in_checkout":true,"inline":false,"gt_translate_keys":["label","value"],"price_dependency":false,"cl_dependency":false}],[{"active":true,"col":6,"relations":[{"operator":false,"rules":[{"operator":"AND","rules":{"cl_field":"","cl_relation":"","cl_val":""}}]}],"cl_rule":"show","enableCl":true,"price":"51","enablePrice":true,"className":"","label_position":"default","desc_position":"default","type":"radio-group","required":false,"elementId":"radio-group_0663fdb09e531c","label":"","name":"radio-group_0663fdb09e531c","values":[{"label":"\ud83d\udc64 Adult (51\u20ac)","value":"Adult","selected":true,"tempId":"aco_32","tooltip":"+13 Years","description":"","gt_translate_keys":["label","tooltip","description"]}],"layOut":"","error":false,"checkUi":"button","priceOptions":"fixed_for_all","pricingType":"fixed","enable_quantity":true,"quantity_label":"","min_quantity":"0","options_tooltip":true,"options_description":true,"gt_translate_keys":["label","quantity_label"],"price_dependency":false,"cl_dependency":false,"value":""}],[{"label":"","active":true,"required":false,"elementId":"radio-group-0980466659","name":"radio-group-0980466659","label_position":"default","desc_position":"default","enablePrice":true,"className":"","enableCl":true,"relations":[{"operator":false,"rules":[{"operator":"AND","rules":{"cl_field":"","cl_relation":"","cl_val":""}}]}],"enable_quantity":true,"quantity_label":"","min_quantity":"0","checkUi":"button","layOut":"","options_tooltip":true,"options_description":true,"values":[{"label":"\ud83d\udc66 Child (25,50\u20ac)","value":"Child","selected":true,"tempId":"aco_32","tooltip":"3-12 Years","description":"","gt_translate_keys":["label","tooltip","description"]}],"priceOptions":"fixed_for_all","pricingType":"fixed","price":"25,50","cl_rule":"show","col":6,"type":"radio-group","error":false,"gt_translate_keys":["label","quantity_label"],"price_dependency":false,"cl_dependency":false,"value":""}]]},"sec_2663fdb09e531d":{"extra":{"key":"sec_2663fdb09e531d","section_id":"sec_2663fdb09e531d","name":"Platinum","status":1,"cl_rule":"show","enableCl":true,"relations":[{"operator":false,"rules":[{"operator":"AND","rules":{"cl_field":"radio-group_4663fdb09e52c5","cl_relation":"is","cl_val":"Platinum Entrance"}}]}],"toggle":true,"title_tag":"h4","show_title":false,"showPrice":"default","form_id":11439,"form_rules":{"exclude_from_discount":true,"fee_label":"Fee","disp_hide_options_price":true,"disp_show_section_price":false,"disp_show_field_price":true,"layout_option":"standard","pric_use_as_fee":false,"process_fee_as":"woo_fee"},"layout_option":"standard"},"fields":[[{"elementId":"separator_6663fdb09e5327","separatorType":"blank","className":"","height":"8","enableCl":false,"relations":false,"cl_rule":"show","col":6,"type":"separator","error":false,"gt_translate_keys":[],"price_dependency":false,"cl_dependency":false,"value":""}],[{"contentType":"plain","active":true,"label":"People","elementId":"content_0663fdb09e5331","value":"","inline":false,"show_in_checkout":true,"name":"content_0663fdb09e5331","enablePrice":false,"className":"","enableCl":false,"relations":false,"price":"","cl_rule":"show","col":6,"type":"content","gt_translate_keys":["label","value"],"price_dependency":false,"cl_dependency":false}],[{"label":"","active":true,"required":false,"elementId":"radio-group_9663fdb09e533c","name":"radio-group_9663fdb09e533c","label_position":"default","desc_position":"default","enablePrice":true,"className":"","enableCl":false,"relations":[{"operator":false,"rules":[{"operator":"AND","rules":{"cl_field":"","cl_relation":"","cl_val":""}}]}],"enable_quantity":true,"quantity_label":"","min_quantity":"0","checkUi":"button","layOut":"","options_tooltip":true,"values":[{"label":"\ud83d\udc64 Adult (61\u20ac)","value":"Adult","selected":true,"tempId":"aco_32","tooltip":"+13 Years","gt_translate_keys":["label","tooltip"]}],"priceOptions":"fixed_for_all","pricingType":"fixed","price":"61","cl_rule":"show","col":6,"type":"radio-group","error":false,"gt_translate_keys":["label","quantity_label"],"price_dependency":false,"cl_dependency":false,"value":""}],[{"label":"","active":true,"required":false,"elementId":"radio-group-1037099900","name":"radio-group-1037099900","label_position":"default","desc_position":"default","enablePrice":true,"className":"","enableCl":true,"relations":[{"operator":false,"rules":[{"operator":"AND","rules":{"cl_field":"","cl_relation":"","cl_val":""}}]}],"enable_quantity":true,"quantity_label":"","min_quantity":"0","checkUi":"button","layOut":"","options_tooltip":true,"options_description":true,"values":[{"label":"\ud83d\udc66 Child (30,50\u20ac)","value":"Child","selected":true,"tempId":"aco_32","tooltip":"3-12 Years","description":"","gt_translate_keys":["label","tooltip","description"]}],"priceOptions":"fixed_for_all","pricingType":"fixed","price":"30,50","cl_rule":"show","col":6,"type":"radio-group","error":false,"gt_translate_keys":["label","quantity_label"],"price_dependency":false,"cl_dependency":false,"value":""}]]}},"config":{"price_override":"always","enable_recaptcha":false,"bind_quantity":false,"quantity_bind_formula":false,"disp_summ_show_option_price":true,"disp_summ_show_product_price":false,"disp_summ_show_total_price":true,"disp_summ_show_fee":true,"disp_summ_show_discount":true,"summary_title":"","options_total_label":"Options Price","total_label":"Total Amount","options_product_label":"Product Price","fee_label":"Fee","discount_label":"Discount","has_price":true,"has_quantity_formula":false},"mc_unit":1,"tax_rate":1,"tax_rate_real":1,"discount":{"percentage":0,"fixed":0},"design":{"conf":{"LabelPosition":"above","DescPosition":"above","UploadField":"custom_1","QuantityFieldStyle":"custom_1"},"css":{"LeftLabelWidth":"120px"}},"formulas":[],"lookuptables":[],"clones":false,"cartKey":false}},"_links":{"self":[{"href":"https:\/\/canaryvip.com\/pl\/wp-json\/wp\/v2\/product\/11438","targetHints":{"allow":["GET"]}}],"collection":[{"href":"https:\/\/canaryvip.com\/pl\/wp-json\/wp\/v2\/product"}],"about":[{"href":"https:\/\/canaryvip.com\/pl\/wp-json\/wp\/v2\/types\/product"}],"replies":[{"embeddable":true,"href":"https:\/\/canaryvip.com\/pl\/wp-json\/wp\/v2\/comments?post=11438"}],"wp:featuredmedia":[{"embeddable":true,"href":"https:\/\/canaryvip.com\/pl\/wp-json\/wp\/v2\/media\/11440"}],"wp:attachment":[{"href":"https:\/\/canaryvip.com\/pl\/wp-json\/wp\/v2\/media?parent=11438"}],"wp:term":[{"taxonomy":"product_brand","embeddable":true,"href":"https:\/\/canaryvip.com\/pl\/wp-json\/wp\/v2\/product_brand?post=11438"},{"taxonomy":"product_cat","embeddable":true,"href":"https:\/\/canaryvip.com\/pl\/wp-json\/wp\/v2\/product_cat?post=11438"},{"taxonomy":"product_tag","embeddable":true,"href":"https:\/\/canaryvip.com\/pl\/wp-json\/wp\/v2\/product_tag?post=11438"}],"curies":[{"name":"wp","href":"https:\/\/api.w.org\/{rel}","templated":true}]}}