{"id":11400,"date":"2024-05-07T12:18:46","date_gmt":"2024-05-07T11:18:46","guid":{"rendered":"https:\/\/canaryvip.com\/?post_type=product&#038;p=11400"},"modified":"2025-08-09T12:37:17","modified_gmt":"2025-08-09T11:37:17","slug":"white-heaven-tenerife","status":"publish","type":"product","link":"https:\/\/canaryvip.com\/pl\/shop\/white-heaven-tenerife\/","title":{"rendered":"White Heaven Boat Teneryfa"},"content":{"rendered":"<h2><strong>\ud83d\udee5\ufe0f White Heaven Wynajem \u0142odzi na Teneryfie<\/strong><\/h2>\n<p>Do\u015bwiadcz elegancji i dreszczyku emocji na wodach Teneryfy dzi\u0119ki czarterowi \u0142odzi White Heaven, wyr\u00f3\u017cniaj\u0105cej si\u0119 w\u015br\u00f3d naszych luksusowych \u0142odzi motorowych dost\u0119pnych od <a href=\"https:\/\/www.google.com\/maps\/place\/Puerto+Col%C3%B3n\/@28.078002,-16.7394902,17z\/data=!3m2!4b1!5s0xc6a97433884bdf9:0x76d293b7b99db23a!4m6!3m5!1s0xc6a9743509c9ebf:0xd62345524f768247!8m2!3d28.078002!4d-16.7369153!16s%2Fg%2F11c6cqryw_?entry=tts&amp;g_ep=EgoyMDI0MDUwNS4wKgBIAVAD\" target=\"_blank\" rel=\"noopener\">Puerto Col\u00f3n<\/a>. Idealny zar\u00f3wno na huczne uroczysto\u015bci, jak i spokojne rodzinne wypady, White Heaven zosta\u0142 zaprojektowany tak, aby zapewni\u0107 idealne po\u0142\u0105czenie pr\u0119dko\u015bci, komfortu i niezapomnianych chwil na wodzie, co czyni go idealnym wyborem dla ka\u017cdego, kto szuka <a href=\"https:\/\/canaryvip.com\/pl\/tenerife\/boat-hire-tenerife\/?swcfpc=1\">Wynajem \u0142odzi na Teneryfie<\/a>.<\/p>\n<h3>\u2b50\ufe0f <strong>Luksus i emocje na pok\u0142adzie White Heaven<\/strong><\/h3>\n<p><span style=\"text-decoration: underline;\"><strong>Kluczowe cechy White Heaven:<\/strong><\/span><\/p>\n<ul>\n<li>Mocny silnik o mocy 700 KM zapewnia szybki i wydajny rejs.<\/li>\n<li>Luksusowo wygodne siedzenia i zacieniony obszar, aby cieszy\u0107 si\u0119 morsk\u0105 bryz\u0105 bez bezpo\u015bredniego \u015bwiat\u0142a s\u0142onecznego.<\/li>\n<li>Smaczne przek\u0105ski dla smakoszy i wyb\u00f3r zimnych napoj\u00f3w zapewniaj\u0105 orze\u017awienie.<\/li>\n<li>Do\u015bwiadczony kapitan i za\u0142oga zapewniaj\u0105 bezpieczne i przyjemne do\u015bwiadczenie dla wszystkich.<\/li>\n<\/ul>\n<h4>\ud83d\udea4 <strong>Rozpocznij swoj\u0105 morsk\u0105 przygod\u0119<\/strong><\/h4>\n<p>Wyrusz w podr\u00f3\u017c z Puerto Col\u00f3n w Costa Adeje, gdzie czeka elegancka \u0142\u00f3d\u017a White Heaven do wynaj\u0119cia na Teneryfie. Zaprojektowany z my\u015bl\u0105 o kameralnych grupach, ten czarter ogranicza liczb\u0119 go\u015bci do 11, zapewniaj\u0105c osobiste i ekskluzywne do\u015bwiadczenie na pi\u0119knych wodach Teneryfy. To sprawia, \u017ce jest to najlepszy wyb\u00f3r dla tych, kt\u00f3rzy chc\u0105 wynaj\u0105\u0107 \u0142\u00f3d\u017a na Teneryfie.<\/p>\n<h4>\ud83c\udf0a <strong>Odkryj pi\u0119kno w\u00f3d Teneryfy<\/strong><\/h4>\n<p>Po wej\u015bciu na pok\u0142ad przekonasz si\u0119, \u017ce urzekaj\u0105ce b\u0142\u0119kitne wody Teneryfy oferuj\u0105 co\u015b wi\u0119cej ni\u017c tylko widok - s\u0105 placem zabaw dla poszukiwaczy przyg\u00f3d i relaksu. Niezale\u017cnie od tego, czy wygrzewasz si\u0119 w s\u0142o\u0144cu na przestronnym pok\u0142adzie, czy szukasz komfortu w zacienionych miejscach, ka\u017cda chwila na pok\u0142adzie White Heaven zosta\u0142a zaprojektowana tak, aby zachwyca\u0107 i inspirowa\u0107.<\/p>\n<h4>\ud83d\udc2c <strong>Elegancja i warto\u015b\u0107 w jednym<\/strong><\/h4>\n<p>W CanaryVIP zwi\u0119kszamy komfort wynajmu \u0142odzi na Teneryfie, \u0142\u0105cz\u0105c luksusowe udogodnienia z wyj\u0105tkow\u0105 warto\u015bci\u0105. Odkryj malownicze wybrze\u017ca Teneryfy na pok\u0142adzie White Heaven, gdzie ka\u017cdy szczeg\u00f3\u0142, od bezpiecze\u0144stwa po rozrywk\u0119, jest skrupulatnie zarz\u0105dzany, aby zapewni\u0107 niezapomnian\u0105 wycieczk\u0119 \u0142odzi\u0105 na Teneryfie.<\/p>\n<h3>\ud83d\udd52 <strong>Wybierz preferowany czas trwania podr\u00f3\u017cy<\/strong><\/h3>\n<ul>\n<li><strong>3-godzinna wycieczka po przybrze\u017cnych skarbach<\/strong>: Wybierz si\u0119 na trzygodzinn\u0105 wycieczk\u0119 luksusowym jachtem wzd\u0142u\u017c po\u0142udniowego wybrze\u017ca Teneryfy. Zanurz si\u0119 w krystalicznie czystych wodach podczas snorkelingu lub zrelaksuj si\u0119 i podziwiaj panoramiczne widoki. Ten kr\u00f3tki czarter obejmuje przek\u0105ski, napoje i ca\u0142y niezb\u0119dny sprz\u0119t do snorkelingu, oferuj\u0105c wspania\u0142e spojrzenie na raj, idealne na szybk\u0105 wycieczk\u0119 \u0142odzi\u0105 na Teneryfie.<\/li>\n<li><strong>4-godzinna wycieczka po po\u0142udniowym wybrze\u017cu<\/strong>: Zanurz si\u0119 w luksusie i przygodzie podczas naszej czterogodzinnej podr\u00f3\u017cy jachtem. Odkryj pi\u0119kne po\u0142udniowe wybrze\u017ce, ciesz si\u0119 snorkelingiem w g\u0142\u0119binach oceanu i podziwiaj wspania\u0142e widoki z wyj\u0105tkowej perspektywy. Ten czarter obejmuje wszystkie posi\u0142ki, napoje i sprz\u0119t do snorkelingu, idealny dla tych, kt\u00f3rzy chc\u0105 podnie\u015b\u0107 poziom swojego wypadu.<\/li>\n<li><strong>5-godzinny rejs odkrywczy<\/strong>: Wyrusz na prawdziwie epick\u0105 przygod\u0119 podczas naszej pi\u0119ciogodzinnej wycieczki jachtem. Podr\u00f3\u017cuj wzd\u0142u\u017c malowniczego po\u0142udniowego wybrze\u017ca Teneryfy, we\u017a udzia\u0142 w ekscytuj\u0105cych sesjach snorkelingu i do\u015bwiadcz majestatycznego oceanu w ca\u0142ej okaza\u0142o\u015bci. Ten kompleksowy czarter obejmuje posi\u0142ki, napoje i sprz\u0119t do nurkowania, dzi\u0119ki czemu jest idealny na niezapomniany dzie\u0144 na wodach Teneryfy.<\/li>\n<\/ul>\n<p>Ka\u017cda opcja wycieczki jest przeznaczona dla maksymalnie sze\u015bciu os\u00f3b, z mo\u017cliwo\u015bci\u0105 dodania wi\u0119kszej liczby uczestnik\u00f3w za dodatkow\u0105 op\u0142at\u0105 w wysoko\u015bci 20 \u20ac za osob\u0119, maksymalnie do jedenastu os\u00f3b. Ta elastyczno\u015b\u0107 gwarantuje, \u017ce niezale\u017cnie od tego, czy szukasz kr\u00f3tkiej ucieczki, czy d\u0142u\u017cszej eksploracji, Twoje do\u015bwiadczenie b\u0119dzie wygodne, luksusowe i niezapomniane.<\/p>\n<h3>\u2705 <strong>Wszystko, czego potrzebujesz, aby sp\u0119dzi\u0107 idealny dzie\u0144 na morzu<\/strong><\/h3>\n<ul>\n<li>Ciesz si\u0119 nieograniczonymi przek\u0105skami i napojami dla smakoszy, zaspokajaj\u0105c wszystkie preferencje i potrzeby dietetyczne.<\/li>\n<li>Wieloj\u0119zyczna i do\u015bwiadczona za\u0142oga jest gotowa zaspokoi\u0107 Twoje potrzeby, zapewniaj\u0105c bezproblemow\u0105 i bezpieczn\u0105 podr\u00f3\u017c.<\/li>\n<\/ul>\n<h3>\ud83d\udccd <strong>Wyp\u0142yni\u0119cie z Puerto Col\u00f3n<\/strong><\/h3>\n<p>Twoja przygoda z wycieczk\u0105 \u0142odzi\u0105 na Teneryfie rozpoczyna si\u0119 w samym sercu Costa Adeje, a White Heaven wyp\u0142ywa z Puerto Col\u00f3n. Zalecamy przybycie 15 minut przed odlotem, aby zapewni\u0107 bezstresowy pocz\u0105tek dnia. Wygodny parking jest dost\u0119pny w porcie, co u\u0142atwia dost\u0119p do ekskluzywnego czarteru.<\/p>\n<h4>\ud83d\udcdc <strong>Bezproblemowa rezerwacja i jasne zasady anulowania rezerwacji<\/strong><\/h4>\n<p>Zapewnienie sobie miejsca na White Heaven jest proste dzi\u0119ki naszemu przyjaznemu dla u\u017cytkownika systemowi rezerwacji i jasnym zasadom:<\/p>\n<ul>\n<li><strong>Gwarancja pogody<\/strong>: Monitorujemy warunki, aby zapewni\u0107 p\u0142ynn\u0105 \u017ceglug\u0119. W przypadku odwo\u0142ania rejsu z powodu z\u0142ych warunk\u00f3w pogodowych, mo\u017cesz wybra\u0107 pomi\u0119dzy zmian\u0105 harmonogramu lub pe\u0142nym zwrotem koszt\u00f3w, stawiaj\u0105c na pierwszym miejscu swoje bezpiecze\u0144stwo i satysfakcj\u0119.<\/li>\n<li><strong>Elastyczne anulowanie<\/strong>: \u017bycie jest nieprzewidywalne. Anulowanie rezerwacji z maksymalnie 4-dniowym wyprzedzeniem zapewnia pe\u0142ny zwrot koszt\u00f3w. W ci\u0105gu 4 dni pe\u0142na kwota nie podlega zwrotowi.<\/li>\n<li><strong>Bilety cyfrowe<\/strong>: \u0141atwy dost\u0119p do kart pok\u0142adowych za pomoc\u0105 telefonu lub wydrukowanej kopii dla wygody.<\/li>\n<\/ul>\n<p><strong>Zarezerwuj swoj\u0105 niezapomnian\u0105 podr\u00f3\u017c na White Heaven z CanaryVIP ju\u017c dzi\u015b i pop\u0142y\u0144 w dzie\u0144 wype\u0142niony luksusem, komfortem i niezapomnianymi morskimi przygodami.<\/strong><\/p>","protected":false},"excerpt":{"rendered":"<p>\ud83d\udd0d <strong>Szczeg\u00f3\u0142y White Heaven:<\/strong><br \/>\n\u2705 Bezpieczna p\u0142atno\u015b\u0107.<br \/>\n\ud83d\udd10 Wycieczki prywatne.<br \/>\n\ud83d\udee5\ufe0f 11-metrowa \u0142\u00f3d\u017a.<br \/>\n\u23f3 Codzienne wycieczki trwaj\u0105ce od 3 do 5 godzin.<br \/>\n\ud83d\udd59 Konfigurowalne godziny odlot\u00f3w.<br \/>\n\ud83c\udf74 Posi\u0142ki i napoje wliczone w cen\u0119.<br \/>\n\ud83d\udc65 Do 11 go\u015bci.<br \/>\n\ud83e\udd3f Zapewniamy sprz\u0119t do nurkowania z rurk\u0105.<br \/>\n\ud83e\udd11 Gwarancja najlepszej ceny.<br \/>\n\ud83d\udc6a  Aktywowane rabaty.<br \/>\n\ud83d\udd01 Anulowanie do 4 dni.<br \/>\n\ud83c\udf0d Wieloj\u0119zyczna za\u0142oga.<br \/>\n\ud83c\udf1f Rezerwuj wcze\u015bniej i oszcz\u0119dzaj!<br \/>\n\ud83d\udccd Odej\u015bcie od <a href=\"https:\/\/www.google.com\/maps\/place\/Puerto+Col%C3%B3n\/@28.078002,-16.7394902,17z\/data=!3m2!4b1!5s0xc6a97433884bdf9:0x76d293b7b99db23a!4m6!3m5!1s0xc6a9743509c9ebf:0xd62345524f768247!8m2!3d28.078002!4d-16.7369153!16s%2Fg%2F11c6cqryw_?entry=tts&amp;g_ep=EgoyMDI0MDUwNS4wKgBIAVAD\">Puerto Col\u00f3n<\/a>.<\/p>","protected":false},"featured_media":11401,"comment_status":"open","ping_status":"closed","template":"","meta":{"_acf_changed":false},"product_brand":[],"product_cat":[47],"product_tag":[],"class_list":{"0":"post-11400","1":"product","2":"type-product","3":"status-publish","4":"has-post-thumbnail","6":"product_cat-boat-hire-tenerife","7":"wcpa_has_options","9":"first","10":"instock","11":"virtual","12":"purchasable","13":"product-type-simple"},"acf":[],"wcpa_form_fields":{"wcpaData":{"product":{"product_price":600,"price_html":"From&nbsp;<span class=\"woocommerce-Price-amount amount\"><bdi>600,00&nbsp;<span class=\"woocommerce-Price-currencySymbol\">&euro;<\/span><\/bdi><\/span>","original_product_price":600,"price_including_tax":600,"price_excluding_tax":600,"product_id":{"parent":11400,"variation":false},"is_variable":false,"stock_status":"instock","stock_quantity":null,"parent_sku":"CV11400","product_attributes":[],"custom_fields":[],"is_taxable":false,"product_name":"White Heaven Boat Tenerife","hasImage":false},"fields":{"sec_4663a0ecdc484d":{"extra":{"key":"sec_4663a0ecdc484d","section_id":"sec_4663a0ecdc484d","name":"Default","status":1,"cl_rule":"show","enableCl":false,"relations":[],"toggle":true,"title_tag":"h3","show_title":false,"showPrice":"default","form_id":11405,"form_rules":{"exclude_from_discount":true,"fee_label":"Fee","disp_hide_options_price":true,"disp_show_section_price":false,"disp_show_field_price":true,"layout_option":"standard","pric_use_as_fee":false,"process_fee_as":"woo_fee"},"layout_option":"standard"},"fields":[[{"label":"\ud83d\udcc5 Date","active":true,"required":true,"elementId":"date_6663a0ecdc486b","picker_type":"custom","picker_mode":"single","placeholder":"","description":"","tooltip":"","name":"date_6663a0ecdc486b","label_position":"default","desc_position":"default","enablePrice":false,"className":"","enableCl":false,"relations":[{"operator":"and","rules":[{"operator":"AND","rules":{"cl_field":"radio-group_565c78ffa81208","cl_relation":"is","cl_val":"3 Hour Trip"}}]}],"date_pic_inline":true,"date_pic_inline_hide":true,"min_date":{"type":"days","val":"2"},"max_date":{"type":"days","val":"365"},"date_pic_conf":{"disabledWeeks":[]},"price":"","cl_rule":"show","col":6,"type":"date","error":false,"enableDesign":false,"LabelColor":"","gt_translate_keys":["label","placeholder","description","tooltip"],"price_dependency":false,"cl_dependency":false,"value":""}],[{"contentType":"rich","active":true,"label":"","elementId":"content_2663a0ecdc4879","value":"<p>\ud83c\udf9f\ufe0f <strong>Reservation<\/strong>: Pay only a deposit now to reserve; the rest is due on the day of the activity upon arrival.<\/p>","inline":false,"name":"content_2663a0ecdc4879","enablePrice":false,"className":"","subtype":"p","enableCl":false,"relations":false,"price":"","cl_rule":"show","col":6,"type":"content","error":false,"pricingType":"custom","isTemplate":false,"is_show_price":true,"show_in_checkout":true,"gt_translate_keys":["label","value"],"price_dependency":false,"cl_dependency":false}],[{"elementId":"separator_5663a0ecdc4885","separatorType":"blank","className":"","height":"3","enableCl":false,"relations":false,"cl_rule":"show","col":6,"type":"separator","error":false,"gt_translate_keys":[],"price_dependency":false,"cl_dependency":false,"value":""}],[{"active":true,"col":6,"relations":false,"cl_rule":"show","enableCl":false,"price":"","enablePrice":true,"className":"","label_position":"default","desc_position":"default","type":"select","required":true,"elementId":"select_2663a0ecdc488f","label":"\u23f3 Trip Duration","name":"select_2663a0ecdc488f","values":[{"label":"3 Hours (600\u20ac)","value":"3","selected":false,"tempId":"aco_556","price":"600","gt_translate_keys":["label"]},{"label":"4 Hours (800\u20ac)","value":"4","selected":false,"tempId":"aco_640","price":"800","gt_translate_keys":["label"]},{"label":"5 Hours (1000\u20ac)","value":"5","selected":false,"tempId":"aco_660","price":"1000","gt_translate_keys":["label"]}],"dropdown_type":"basic","error":false,"placeholder":"Select Trip Duration","priceOptions":"different_for_all","pricingType":"fixed","is_show_price":true,"gt_translate_keys":["label","placeholder"],"price_dependency":["content_8663a0ecdc48a2","content_9663a0ecdc48ab"],"cl_dependency":false,"value":""}],[{"label":"\u2705 Number of People","active":true,"required":true,"elementId":"select_6663a0ecdc48db","dropdown_type":"basic","placeholder":"Select Number of People","name":"select_6663a0ecdc48db","label_position":"default","desc_position":"default","enablePrice":true,"className":"","enableCl":false,"relations":[{"operator":false,"rules":[{"operator":"AND","rules":{"cl_field":"radio-group_565c78ffa81208","cl_relation":"is","cl_val":"3 Hour Trip"}}]}],"values":[{"label":"1 person","value":"1","selected":false,"tempId":"aco_1471","price":"0","gt_translate_keys":["label"]},{"label":"2 people","value":"2","selected":false,"tempId":"aco_1472","price":"0","gt_translate_keys":["label"]},{"label":"3 people","value":"3","selected":false,"tempId":"aco_1500","price":"0","gt_translate_keys":["label"]},{"label":"4 people","value":"4","selected":false,"tempId":"aco_1510","price":"0","gt_translate_keys":["label"]},{"label":"5 people","value":"5","selected":false,"tempId":"aco_1520","price":"0","gt_translate_keys":["label"]},{"label":"6 people","value":"6","selected":false,"tempId":"aco_1728","price":"0","gt_translate_keys":["label"]},{"label":"7 people (+20\u20ac)","value":"7","selected":false,"tempId":"aco_1738","price":"20","gt_translate_keys":["label"]},{"label":"8 people (+40\u20ac)","value":"8","selected":false,"tempId":"aco_1748","price":"40","gt_translate_keys":["label"]},{"label":"9 people (+60\u20ac)","value":"9","selected":false,"tempId":"aco_1912","price":"60","gt_translate_keys":["label"]},{"label":"10 people (+80\u20ac)","value":"10","selected":false,"tempId":"aco_1922","price":"80","gt_translate_keys":["label"]},{"label":"11 people (+100\u20ac)","value":"11","selected":false,"tempId":"aco_705","price":"100","gt_translate_keys":["label"]}],"price":"","cl_rule":"show","col":6,"type":"select","error":false,"priceOptions":"different_for_all","pricingType":"fixed","is_show_price":true,"gt_translate_keys":["label","placeholder"],"price_dependency":["content_8663a0ecdc48a2","content_9663a0ecdc48ab"],"cl_dependency":false,"value":""}],[{"elementId":"separator_6663a0ecdc4899","separatorType":"fill","className":"","height":"6","enableCl":false,"relations":false,"cl_rule":"show","col":6,"type":"separator","error":false,"separatorColor":"#66a6b6","gt_translate_keys":[],"price_dependency":false,"cl_dependency":false,"value":""}],[{"active":true,"col":6,"relations":false,"cl_rule":"show","enableCl":false,"price":"({field.select_2663a0ecdc488f.price} + {field.select_6663a0ecdc48db.price})*0.20","enablePrice":true,"className":"","label_position":"default","desc_position":"default","type":"content","required":false,"elementId":"content_8663a0ecdc48a2","label":"Deposit Payment","name":"content_8663a0ecdc48a2","contentType":"plain","value":"","error":false,"pricingType":"custom","isTemplate":false,"is_show_price":false,"enableDesign":true,"scrollBar":false,"use_as_fee":false,"fee_label":"Payment Now","inline":true,"show_in_checkout":true,"subtype":"div","formulaId":"fmla_1708364241278155361","LabelSize":"14px","gt_translate_keys":["label","value"],"price_dependency":["content_8663a0ecdc48b4"],"cl_dependency":false}],[{"contentType":"plain","active":true,"label":"Payment at Arrival","elementId":"content_9663a0ecdc48ab","value":"","inline":true,"show_in_checkout":true,"name":"content_9663a0ecdc48ab","enablePrice":true,"className":"","fee_label":"Payment at Arrival","subtype":"div","enableCl":false,"relations":false,"scrollBar":false,"enableDesign":true,"pricingType":"custom","isTemplate":false,"price":"({field.select_2663a0ecdc488f.price} + {field.select_6663a0ecdc48db.price})*0.80","use_as_fee":false,"is_show_price":true,"cl_rule":"show","col":6,"type":"content","error":false,"formulaId":"fmla_1708360988969136756","LabelSize":"14px","gt_translate_keys":["label","value"],"price_dependency":["content_8663a0ecdc48b4"],"cl_dependency":false}],[{"contentType":"plain","active":true,"label":"Total Price","elementId":"content_8663a0ecdc48b4","value":"","inline":true,"show_in_checkout":true,"name":"content_8663a0ecdc48b4","enablePrice":true,"className":"","fee_label":"Payment at Arrival","subtype":"div","enableCl":false,"relations":false,"scrollBar":false,"enableDesign":true,"LabelSize":"14px","pricingType":"custom","isTemplate":false,"price":"({field.content_8663a0ecdc48a2.price}) + ({field.content_9663a0ecdc48ab.price})","formulaId":"fmla_1708360988969136756","use_as_fee":false,"is_show_price":true,"cl_rule":"show","col":6,"type":"content","error":false,"gt_translate_keys":["label","value"],"price_dependency":false,"cl_dependency":false}],[{"elementId":"separator_1663a0ecdc48bf","separatorType":"blank","className":"","height":"3","enableCl":false,"relations":false,"cl_rule":"show","col":6,"type":"separator","error":false,"gt_translate_keys":[],"price_dependency":false,"cl_dependency":false,"value":""}],[{"active":true,"col":6,"relations":[{"operator":false,"rules":[{"operator":"AND","rules":{"cl_field":"radio-group_565c78ffa81208","cl_relation":"is","cl_val":"3 Hour Trip"}}]}],"cl_rule":"show","enableCl":false,"price":"","enablePrice":false,"className":"","label_position":"default","desc_position":"default","type":"select","required":false,"elementId":"select_7663a0ecdc48c8","label":"\u23f0 Departure","name":"select_7663a0ecdc48c8","values":[{"label":"09:00","value":"09:00","selected":false,"tempId":"aco_1471","gt_translate_keys":["label"]},{"label":"10:00","value":"10:00","selected":false,"tempId":"aco_1472","gt_translate_keys":["label"]},{"label":"11:00","value":"11:00","selected":false,"tempId":"aco_1500","gt_translate_keys":["label"]},{"label":"12:00","value":"12:00","selected":false,"tempId":"aco_1510","gt_translate_keys":["label"]},{"label":"13:00 (1:00 PM)","value":"13:00","selected":false,"tempId":"aco_1520","gt_translate_keys":["label"]},{"label":"14:00 (2:00 PM)","value":"14:00","selected":false,"tempId":"aco_1728","gt_translate_keys":["label"]},{"label":"15:00 (3:00 PM)","value":"15:00","selected":false,"tempId":"aco_1738","gt_translate_keys":["label"]}],"dropdown_type":"basic","error":false,"placeholder":"Whichever Time is Best","gt_translate_keys":["label","placeholder"],"price_dependency":false,"cl_dependency":false,"value":""}],[{"elementId":"separator_0663a0ecdc48d2","separatorType":"blank","className":"","height":"1","enableCl":false,"relations":false,"cl_rule":"show","col":6,"type":"separator","error":false,"gt_translate_keys":[],"price_dependency":false,"cl_dependency":false,"value":""}]]}},"config":{"price_override":"always","enable_recaptcha":false,"bind_quantity":false,"quantity_bind_formula":false,"disp_summ_show_option_price":true,"disp_summ_show_product_price":false,"disp_summ_show_total_price":false,"disp_summ_show_fee":true,"disp_summ_show_discount":true,"summary_title":"","options_total_label":"Options Price","total_label":"Deposit Amount","options_product_label":"Product Price","fee_label":"Fee","discount_label":"Discount","has_price":true,"has_quantity_formula":false},"mc_unit":1,"tax_rate":1,"tax_rate_real":1,"discount":{"percentage":0,"fixed":0},"design":{"conf":{"LabelPosition":"above","DescPosition":"above","UploadField":"custom_1","QuantityFieldStyle":"custom_1"},"css":{"LeftLabelWidth":"120px"}},"formulas":{"fmla_1708360988969136756":"(({field.select_2663a0ecdc488f.value}>=5)?(640):(({field.select_2663a0ecdc488f.value}>=4)?(520):(({field.select_2663a0ecdc488f.value}>=3)?(440):(0))))","fmla_1708364241278155361":"(({field.select_5841412719.value}>=8)?({field.select_5841412719.price}):(({field.select_5841412719.value}>=5)?({field.select_5841412719.price}):(({field.select_5841412719.value}>=3)?({field.select_5841412719.price}):(0))))"},"lookuptables":[],"clones":false,"cartKey":false}},"_links":{"self":[{"href":"https:\/\/canaryvip.com\/pl\/wp-json\/wp\/v2\/product\/11400","targetHints":{"allow":["GET"]}}],"collection":[{"href":"https:\/\/canaryvip.com\/pl\/wp-json\/wp\/v2\/product"}],"about":[{"href":"https:\/\/canaryvip.com\/pl\/wp-json\/wp\/v2\/types\/product"}],"replies":[{"embeddable":true,"href":"https:\/\/canaryvip.com\/pl\/wp-json\/wp\/v2\/comments?post=11400"}],"wp:featuredmedia":[{"embeddable":true,"href":"https:\/\/canaryvip.com\/pl\/wp-json\/wp\/v2\/media\/11401"}],"wp:attachment":[{"href":"https:\/\/canaryvip.com\/pl\/wp-json\/wp\/v2\/media?parent=11400"}],"wp:term":[{"taxonomy":"product_brand","embeddable":true,"href":"https:\/\/canaryvip.com\/pl\/wp-json\/wp\/v2\/product_brand?post=11400"},{"taxonomy":"product_cat","embeddable":true,"href":"https:\/\/canaryvip.com\/pl\/wp-json\/wp\/v2\/product_cat?post=11400"},{"taxonomy":"product_tag","embeddable":true,"href":"https:\/\/canaryvip.com\/pl\/wp-json\/wp\/v2\/product_tag?post=11400"}],"curies":[{"name":"wp","href":"https:\/\/api.w.org\/{rel}","templated":true}]}}