{"id":11386,"date":"2024-05-06T14:37:45","date_gmt":"2024-05-06T13:37:45","guid":{"rendered":"https:\/\/canaryvip.com\/?post_type=product&#038;p=11386"},"modified":"2025-08-09T12:38:08","modified_gmt":"2025-08-09T11:38:08","slug":"valkyrie-yacht-hire-tenerife","status":"publish","type":"product","link":"https:\/\/canaryvip.com\/pl\/shop\/valkyrie-yacht-hire-tenerife\/","title":{"rendered":"Wynajem \u0142odzi Valkyrie Teneryfa"},"content":{"rendered":"<h2>\ud83d\udee5\ufe0f Valkyrie czarter jacht\u00f3w Teneryfa<\/h2>\n<p>Wyrusz na prywatn\u0105 przygod\u0119 jachtem na Teneryfie z CanaryVIP's Valkyrie Yacht, \u0142\u0105cz\u0105c luksus, relaks i ekscytuj\u0105ce emocje. <a href=\"https:\/\/canaryvip.com\/pl\/tenerife\/boat-hire-tenerife\/\">wynajem \u0142odzi<\/a> wzd\u0142u\u017c zapieraj\u0105cego dech w piersiach wybrze\u017ca Teneryfy. Ten wyj\u0105tkowy 15-metrowy <em>Model Princess 45 Fly<\/em> zosta\u0142 zaprojektowany z my\u015bl\u0105 o komforcie i stylu, oferuj\u0105c kameralny czarter dla maksymalnie 10 os\u00f3b.<\/p>\n<h3>\u2b50\ufe0f <strong>Niezr\u00f3wnany luksus i komfort na pok\u0142adzie<\/strong><\/h3>\n<p><span style=\"text-decoration: underline;\"><strong>Poznaj godne uwagi funkcje Valkyrie:<\/strong><\/span><\/p>\n<ul>\n<li>Przestronny taras zaprojektowany z my\u015bl\u0105 o relaksie i malowniczych widokach.<\/li>\n<li>WiFi, g\u0142o\u015bniki Bluetooth i wygodna platforma k\u0105pielowa.<\/li>\n<li>Kabiny z prywatnym prysznicem i toalet\u0105, idealne do przebrania si\u0119 lub odpoczynku.<\/li>\n<li>Sprz\u0119t do nurkowania z rurk\u0105, p\u0142etwy do p\u0142ywania i deska do wios\u0142owania do uprawiania sport\u00f3w wodnych.<\/li>\n<\/ul>\n<h3>\ud83d\udea4 <strong>Wybierz swoj\u0105 idealn\u0105 wycieczk\u0119 \u0142odzi\u0105 po Teneryfie<\/strong><\/h3>\n<h4>3-godzinna podr\u00f3\u017c<\/h4>\n<p>Idealny dla rodzin i grup szukaj\u0105cych szybkiej, ale niezapomnianej prywatnej wycieczki \u0142odzi\u0105 po Teneryfie.<\/p>\n<ul>\n<li>\u017begluj wzd\u0142u\u017c osza\u0142amiaj\u0105cego wybrze\u017ca Teneryfy z mo\u017cliwo\u015bci\u0105 zobaczenia delfin\u00f3w i wieloryb\u00f3w.<\/li>\n<li>Kotwica do p\u0142ywania, snorkelingu i paddleboardingu w czystych wodach.<\/li>\n<li>Go\u015bcie mog\u0105 korzysta\u0107 z otwartego baru z wyborem napoj\u00f3w alkoholowych, w tym wina musuj\u0105cego, alkoholi wysokoprocentowych, napoj\u00f3w mieszanych i piwa, a tak\u017ce r\u00f3\u017cnych napoj\u00f3w bezalkoholowych, zar\u00f3wno gor\u0105cych, jak i zimnych.<\/li>\n<li>Skosztuj pieczonej pizzy, tortilli i gor\u0105cych paelli na \u017c\u0105danie, uzupe\u0142nionych asortymentem lekkich przek\u0105sek i przystawek.<\/li>\n<\/ul>\n<h4>5-godzinna eksploracja<\/h4>\n<p>Odkryj wi\u0119cej pi\u0119kna wybrze\u017ca Teneryfy z dodatkowym czasem na aktywno\u015bci wodne.<\/p>\n<ul>\n<li>\u017begluj po niezwyk\u0142ym wybrze\u017cu Teneryfy, uwa\u017caj\u0105c na \u017cycie morskie.<\/li>\n<li>Zakotwicz w pobli\u017cu zatoki Arme\u00f1ime, aby nurkowa\u0107 z rurk\u0105, p\u0142ywa\u0107 lub zrelaksowa\u0107 si\u0119 na pok\u0142adzie.<\/li>\n<li>Opr\u00f3cz lekkich przek\u0105sek i przystawek mo\u017cna tu skosztowa\u0107 wy\u015bmienitych przek\u0105sek, w tym pizzy, tortilli i niestandardowych gor\u0105cych paelli.<\/li>\n<li>Podczas ca\u0142ego rejsu serwowany jest pe\u0142ny otwarty bar z napojami alkoholowymi i bezalkoholowymi oraz gor\u0105ca kawa.<\/li>\n<\/ul>\n<h4>8-godzinny Grand Tour<\/h4>\n<p>Zanurz si\u0119 g\u0142\u0119boko w nadmorskich cudach Teneryfy, podr\u00f3\u017cuj\u0105c do Los Gigantes i Masca.<\/p>\n<ul>\n<li>\u017begluj obok dramatycznych klif\u00f3w i zatoczek z wieloma przystankami na atrakcje wodne.<\/li>\n<li>Zakotwicz w osza\u0142amiaj\u0105cych miejscach do p\u0142ywania, spo\u017cywania posi\u0142k\u00f3w i podziwiania niesamowitych krajobraz\u00f3w Teneryfy.<\/li>\n<li>Rozkoszuj si\u0119 wszechstronnymi doznaniami kulinarnymi z pieczonymi pizzami, tortillami, gor\u0105cymi paellami na zam\u00f3wienie oraz r\u00f3\u017cnorodnymi tacami wype\u0142nionymi lekkimi przek\u0105skami i przystawkami.<\/li>\n<li>Szeroki wyb\u00f3r napoj\u00f3w z otwartego baru zapewnia orze\u017awiaj\u0105ce doznania podczas ca\u0142ej przygody.<\/li>\n<\/ul>\n<h3>\u2705 <strong>Us\u0142uga all-inclusive dla twojego prywatnego jachtu na Teneryfie<\/strong><\/h3>\n<ul>\n<li>Nielimitowane napoje i wykwintne przek\u0105ski dla wszystkich grup wiekowych.<\/li>\n<li>Przyjazna, wieloj\u0119zyczna za\u0142oga gotowa do pomocy, w tym kapitan i kelnerka.<\/li>\n<li>Najwy\u017cszej jako\u015bci sprz\u0119t do snorkelingu i deski do paddleboardingu zapewniaj\u0105 nieko\u0144cz\u0105c\u0105 si\u0119 zabaw\u0119.<\/li>\n<\/ul>\n<h3>\ud83d\udccd <strong>Rozpocznij swoj\u0105 przygod\u0119 z wynajmem \u0142odzi na Teneryfie w Las Galletas<\/strong><\/h3>\n<p><a href=\"https:\/\/www.google.com\/maps\/place\/Marina+del+Sur+Tenerife.+Puerto+de+Las+Galletas.\/@28.0069667,-16.6636839,16z\/data=!3m1!4b1!4m6!3m5!1s0xc6aa271048d957b:0x66913daf70f663b3!8m2!3d28.006962!4d-16.661109!16s%2Fg%2F1tfzyr98?entry=tts\" target=\"_blank\" rel=\"noopener\">Las Galletas<\/a> jest bram\u0105 do najlepszej prywatnej podr\u00f3\u017cy jachtem na Teneryf\u0119, oferuj\u0105c du\u017cy parking dla bezstresowego do\u015bwiadczenia.<\/p>\n<h4>\ud83d\udcdc <strong>\u0141atwa rezerwacja i przejrzyste zasady<\/strong><\/h4>\n<p>CanaryVIP zapewnia p\u0142ynny proces rezerwacji z przejrzystymi zasadami:<\/p>\n<ul>\n<li><strong>Gwarancja pogody:<\/strong> W przypadku nieodpowiedniej pogody mo\u017cna zmieni\u0107 termin lub otrzyma\u0107 pe\u0142ny zwrot koszt\u00f3w.<\/li>\n<li><strong>Elastyczne anulowanie:<\/strong> Anuluj do 5 dni przed podr\u00f3\u017c\u0105, aby uzyska\u0107 pe\u0142ny zwrot pieni\u0119dzy, 3-5 dni w przypadku 70% i w ci\u0105gu 1-3 dni w przypadku 35%.<\/li>\n<li><strong>Bilety \u0142atwego dost\u0119pu:<\/strong> Miej kart\u0119 pok\u0142adow\u0105 pod r\u0119k\u0105 w telefonie, aby bezproblemowo wej\u015b\u0107 na pok\u0142ad.<\/li>\n<li><strong>Kompleksowa opieka:<\/strong> W przypadku konieczno\u015bci wcze\u015bniejszego zako\u0144czenia podr\u00f3\u017cy za\u0142oga s\u0142u\u017cy pomoc\u0105 (cho\u0107 zwrot koszt\u00f3w nie jest mo\u017cliwy).<\/li>\n<li><strong>Elastyczno\u015b\u0107 p\u0142atno\u015bci:<\/strong> Wybierz opcj\u0119 p\u0142atno\u015bci, kt\u00f3ra najbardziej Ci odpowiada.<\/li>\n<\/ul>\n<p>Zarezerwuj rejs jachtem Valkyrie z CanaryVIP ju\u017c dzi\u015b, aby wynaj\u0105\u0107 \u0142\u00f3d\u017a na Teneryfie i do\u015bwiadczy\u0107 prywatnego czarteru jachtu jak nigdy dot\u0105d, odblokowuj\u0105c niezapomniane chwile na morzu.<\/p>","protected":false},"excerpt":{"rendered":"<p>\ud83d\udd0d <strong>Czarter jacht\u00f3w Valkyrie:<\/strong><br \/>\n\u2705 Bezpieczna p\u0142atno\u015b\u0107.<br \/>\n\ud83d\udd10 Wycieczki prywatne.<br \/>\n\ud83d\udee5\ufe0f 15-metrowy jacht.<br \/>\n\u23f3 Codzienne wycieczki trwaj\u0105ce od 3 do 8 godzin.<br \/>\n\ud83d\udd59 Konfigurowalne godziny odlot\u00f3w.<br \/>\n\ud83c\udf74 Posi\u0142ki i napoje wliczone w cen\u0119.<br \/>\n\ud83d\udc65 Do 10 go\u015bci.<br \/>\n\ud83c\udfc4\u200d\u2640\ufe0f Deski do wios\u0142owania w zestawie.<br \/>\n\ud83e\udd3f Zapewniamy sprz\u0119t do nurkowania z rurk\u0105.<br \/>\n\ud83d\udd0a Odtwarzanie muzyki.<br \/>\n\ud83d\ude97 Us\u0142uga transportowa wliczona w cen\u0119.<br \/>\n\ud83e\udd11 Gwarancja najlepszej ceny.<br \/>\n\ud83d\udc6a  Aktywowane rabaty.<br \/>\n\ud83d\udd01 Anulowanie do 5 dni.<br \/>\n\ud83c\udf0d Wieloj\u0119zyczna za\u0142oga.<br \/>\n\ud83c\udf1f Rezerwuj wcze\u015bniej i oszcz\u0119dzaj!<br \/>\n\ud83d\udccd Odej\u015bcie od <a href=\"https:\/\/www.google.com\/maps\/place\/Marina+del+Sur+Tenerife.+Puerto+de+Las+Galletas.\/@28.0069667,-16.6636839,16z\/data=!3m1!4b1!4m6!3m5!1s0xc6aa271048d957b:0x66913daf70f663b3!8m2!3d28.006962!4d-16.661109!16s%2Fg%2F1tfzyr98?entry=tts\">Las Galletas<\/a>.<\/p>","protected":false},"featured_media":11387,"comment_status":"open","ping_status":"closed","template":"","meta":{"_acf_changed":false},"product_brand":[],"product_cat":[47],"product_tag":[],"class_list":{"0":"post-11386","1":"product","2":"type-product","3":"status-publish","4":"has-post-thumbnail","6":"product_cat-boat-hire-tenerife","7":"wcpa_has_options","9":"first","10":"instock","11":"virtual","12":"purchasable","13":"product-type-simple"},"acf":[],"wcpa_form_fields":{"wcpaData":{"product":{"product_price":750,"price_html":"From&nbsp;<span class=\"woocommerce-Price-amount amount\"><bdi>750,00&nbsp;<span class=\"woocommerce-Price-currencySymbol\">&euro;<\/span><\/bdi><\/span>","original_product_price":750,"price_including_tax":750,"price_excluding_tax":750,"product_id":{"parent":11386,"variation":false},"is_variable":false,"stock_status":"instock","stock_quantity":null,"parent_sku":"CV11386","product_attributes":[],"custom_fields":[],"is_taxable":false,"product_name":"Valkyrie Boat Hire Tenerife","hasImage":false},"fields":{"sec_16638eb5b2356a":{"extra":{"key":"sec_16638eb5b2356a","section_id":"sec_16638eb5b2356a","name":"Default","status":1,"cl_rule":"show","enableCl":false,"relations":[],"toggle":true,"title_tag":"h3","show_title":false,"showPrice":"default","form_id":11397,"form_rules":{"exclude_from_discount":true,"fee_label":"Fee","disp_hide_options_price":true,"disp_show_section_price":false,"disp_show_field_price":true,"layout_option":"standard","pric_use_as_fee":false,"process_fee_as":"woo_fee"},"layout_option":"standard"},"fields":[[{"label":"\ud83d\udcc5 Date","active":true,"required":true,"elementId":"date_06638eb5b2358a","picker_type":"custom","picker_mode":"single","placeholder":"","description":"","tooltip":"","name":"date_06638eb5b2358a","label_position":"default","desc_position":"default","enablePrice":false,"className":"","enableCl":false,"relations":[{"operator":"and","rules":[{"operator":"AND","rules":{"cl_field":"radio-group_565c78ffa81208","cl_relation":"is","cl_val":"3 Hour Trip"}}]}],"date_pic_inline":true,"date_pic_inline_hide":true,"min_date":{"type":"days","val":"2"},"max_date":{"type":"days","val":"365"},"date_pic_conf":{"disabledWeeks":[]},"price":"","cl_rule":"show","col":6,"type":"date","error":false,"enableDesign":false,"LabelColor":"","gt_translate_keys":["label","placeholder","description","tooltip"],"price_dependency":false,"cl_dependency":false,"value":""}],[{"contentType":"rich","active":true,"label":"","elementId":"content_86638eb5b23598","value":"<p>\ud83c\udf9f\ufe0f <strong>Reservation<\/strong>: Pay only a deposit now to reserve; the rest is due on the day of the activity upon arrival.<\/p>","inline":false,"name":"content_86638eb5b23598","enablePrice":false,"className":"","subtype":"p","enableCl":false,"relations":false,"price":"","cl_rule":"show","col":6,"type":"content","error":false,"pricingType":"custom","isTemplate":false,"is_show_price":true,"show_in_checkout":true,"gt_translate_keys":["label","value"],"price_dependency":false,"cl_dependency":false}],[{"elementId":"separator_56638eb5b235a4","separatorType":"blank","className":"","height":"3","enableCl":false,"relations":false,"cl_rule":"show","col":6,"type":"separator","error":false,"gt_translate_keys":[],"price_dependency":false,"cl_dependency":false,"value":""}],[{"active":true,"col":6,"relations":false,"cl_rule":"show","enableCl":false,"price":"","enablePrice":true,"className":"","label_position":"default","desc_position":"default","type":"select","required":true,"elementId":"select_56638eb5b235ae","label":"\u23f3 Trip Duration","name":"select_56638eb5b235ae","values":[{"label":"3 Hours (750\u20ac)","value":"1","selected":false,"tempId":"aco_556","price":"750","gt_translate_keys":["label"]},{"label":"5 Hours (1.150\u20ac)","value":"2","selected":false,"tempId":"aco_640","price":"1150","gt_translate_keys":["label"]},{"label":"8 Hours (1.600\u20ac)","value":"3","selected":false,"tempId":"aco_660","price":"1600","gt_translate_keys":["label"]}],"dropdown_type":"basic","error":false,"placeholder":"Select Trip Duration","priceOptions":"different_for_all","pricingType":"fixed","is_show_price":true,"gt_translate_keys":["label","placeholder"],"price_dependency":["content_86638eb5b235c3"],"cl_dependency":false,"value":""}],[{"elementId":"separator_86638eb5b235b9","separatorType":"fill","className":"","height":"6","enableCl":false,"relations":false,"cl_rule":"show","col":6,"type":"separator","error":false,"separatorColor":"#66a6b6","gt_translate_keys":[],"price_dependency":false,"cl_dependency":false,"value":""}],[{"active":true,"col":6,"relations":false,"cl_rule":"show","enableCl":false,"price":"{field.select_56638eb5b235ae.price}","enablePrice":true,"className":"","label_position":"default","desc_position":"default","type":"content","required":false,"elementId":"content_86638eb5b235c3","label":"Deposit Payment","name":"content_86638eb5b235c3","contentType":"plain","value":"","error":false,"pricingType":"custom","isTemplate":true,"is_show_price":false,"enableDesign":true,"scrollBar":false,"use_as_fee":false,"fee_label":"Payment Now","inline":true,"show_in_checkout":true,"subtype":"div","formulaId":"fmla_1718295979528641619","LabelSize":"14px","gt_translate_keys":["label","value"],"price_dependency":["content_36638eb5b235d5"],"cl_dependency":false}],[{"contentType":"plain","active":true,"label":"Payment at Arrival","elementId":"content_36638eb5b235cc","value":"","inline":true,"show_in_checkout":true,"name":"content_36638eb5b235cc","enablePrice":true,"className":"","fee_label":"Payment at Arrival","subtype":"div","enableCl":false,"relations":false,"scrollBar":false,"enableDesign":true,"pricingType":"custom","isTemplate":true,"price":"({field.radio-group_965c78ffa8129a.quantity}*22) + ({field.radio-group_865c78ffa812a3.quantity}*11)","use_as_fee":false,"is_show_price":true,"cl_rule":"show","col":6,"type":"content","error":false,"formulaId":"fmla_1718296441738487083","LabelSize":"14px","gt_translate_keys":["label","value"],"price_dependency":["content_36638eb5b235d5"],"cl_dependency":false}],[{"contentType":"plain","active":true,"label":"Total Price","elementId":"content_36638eb5b235d5","value":"","inline":true,"show_in_checkout":true,"name":"content_36638eb5b235d5","enablePrice":true,"className":"","fee_label":"Payment at Arrival","subtype":"div","enableCl":false,"relations":false,"scrollBar":false,"enableDesign":true,"LabelSize":"14px","pricingType":"custom","isTemplate":false,"price":"({field.content_86638eb5b235c3.price}) + ({field.content_36638eb5b235cc.price})","formulaId":"fmla_1708360988969136756","use_as_fee":false,"is_show_price":true,"cl_rule":"show","col":6,"type":"content","error":false,"gt_translate_keys":["label","value"],"price_dependency":false,"cl_dependency":false}]]},"sec_26638eb5b235d6":{"extra":{"key":"sec_26638eb5b235d6","section_id":"sec_26638eb5b235d6","name":"Pickup Location","status":1,"cl_rule":"show","enableCl":false,"relations":[],"toggle":true,"title_tag":"h4","show_title":false,"showPrice":"default","form_id":11397,"form_rules":{"exclude_from_discount":true,"fee_label":"Fee","disp_hide_options_price":true,"disp_show_section_price":false,"disp_show_field_price":true,"layout_option":"standard","pric_use_as_fee":false,"process_fee_as":"woo_fee"},"layout_option":"standard"},"fields":[[{"elementId":"separator_36638eb5b235e0","separatorType":"blank","className":"","height":"3","enableCl":false,"relations":false,"cl_rule":"show","col":6,"type":"separator","error":false,"gt_translate_keys":[],"price_dependency":false,"cl_dependency":false,"value":""}],[{"active":true,"col":6,"relations":[{"operator":false,"rules":[{"operator":"AND","rules":{"cl_field":"radio-group_565c78ffa81208","cl_relation":"is","cl_val":"3 Hour Trip"}}]}],"cl_rule":"show","enableCl":false,"price":"","enablePrice":false,"className":"","label_position":"default","desc_position":"default","type":"select","required":false,"elementId":"select_36638eb5b235e9","label":"\u23f0 Departure","name":"select_36638eb5b235e9","values":[{"label":"09:00","value":"09:00","selected":false,"tempId":"aco_1471","gt_translate_keys":["label"]},{"label":"10:00","value":"10:00","selected":false,"tempId":"aco_1472","gt_translate_keys":["label"]},{"label":"11:00","value":"11:00","selected":false,"tempId":"aco_1500","gt_translate_keys":["label"]},{"label":"12:00","value":"12:00","selected":false,"tempId":"aco_1510","gt_translate_keys":["label"]},{"label":"13:00 (1:00 PM)","value":"13:00","selected":false,"tempId":"aco_1520","gt_translate_keys":["label"]},{"label":"14:00 (2:00 PM)","value":"14:00","selected":false,"tempId":"aco_1728","gt_translate_keys":["label"]},{"label":"15:00 (3:00 PM)","value":"15:00","selected":false,"tempId":"aco_1738","gt_translate_keys":["label"]}],"dropdown_type":"basic","error":false,"placeholder":"Whichever Time is Best","gt_translate_keys":["label","placeholder"],"price_dependency":false,"cl_dependency":false,"value":""}],[{"elementId":"separator-9240792349","separatorType":"blank","className":"","height":"1","enableCl":false,"relations":false,"cl_rule":"show","col":6,"type":"separator","gt_translate_keys":[],"price_dependency":false,"cl_dependency":false,"value":""}],[{"label":"\u2705 Number of People","active":true,"required":true,"elementId":"select-6395569238","dropdown_type":"basic","placeholder":"Select Number of People","name":"select-6395569238","label_position":"default","desc_position":"default","enablePrice":false,"className":"","enableCl":false,"relations":[{"operator":false,"rules":[{"operator":"AND","rules":{"cl_field":"radio-group_565c78ffa81208","cl_relation":"is","cl_val":"3 Hour Trip"}}]}],"values":[{"label":"1 person","value":"1","selected":false,"tempId":"aco_1471","gt_translate_keys":["label"]},{"label":"2 people","value":"2","selected":false,"tempId":"aco_1472","gt_translate_keys":["label"]},{"label":"3 people","value":"3","selected":false,"tempId":"aco_1500","gt_translate_keys":["label"]},{"label":"4 people","value":"4","selected":false,"tempId":"aco_1510","gt_translate_keys":["label"]},{"label":"5 people","value":"5","selected":false,"tempId":"aco_1520","gt_translate_keys":["label"]},{"label":"6 people","value":"6","selected":false,"tempId":"aco_1728","gt_translate_keys":["label"]},{"label":"7 people","value":"7","selected":false,"tempId":"aco_1738","gt_translate_keys":["label"]},{"label":"8 people","value":"8","selected":false,"tempId":"aco_1748","gt_translate_keys":["label"]},{"label":"9 people","value":"9","selected":false,"tempId":"aco_1912","gt_translate_keys":["label"]},{"label":"10 people","value":"10","selected":false,"tempId":"aco_1922","gt_translate_keys":["label"]}],"price":"","cl_rule":"show","col":6,"type":"select","error":false,"gt_translate_keys":["label","placeholder"],"price_dependency":false,"cl_dependency":false,"value":""}],[{"elementId":"separator-8246171731","separatorType":"blank","className":"","height":"1","enableCl":false,"relations":false,"cl_rule":"show","col":6,"type":"separator","error":false,"gt_translate_keys":[],"price_dependency":false,"cl_dependency":false,"value":""}],[{"active":true,"col":6,"relations":false,"cl_rule":"show","enableCl":false,"price":"","enablePrice":false,"className":"","label_position":"default","desc_position":"default","type":"text","subtype":"text","required":false,"elementId":"text_1786063067","label":"\ud83d\ude8c Pickup Location","name":"text_1786063067","value":"","error":false,"description":"Free pick-up service in Tenerife South. Simply provide your address or hotel name.","gt_translate_keys":["label","description","value"],"price_dependency":false,"cl_dependency":false}]]}},"config":{"price_override":"always","enable_recaptcha":false,"bind_quantity":false,"quantity_bind_formula":false,"disp_summ_show_option_price":true,"disp_summ_show_product_price":false,"disp_summ_show_total_price":false,"disp_summ_show_fee":true,"disp_summ_show_discount":true,"summary_title":"","options_total_label":"Options Price","total_label":"Deposit Amount","options_product_label":"Product Price","fee_label":"Fee","discount_label":"Discount","has_price":true,"has_quantity_formula":false},"mc_unit":1,"tax_rate":1,"tax_rate_real":1,"discount":{"percentage":0,"fixed":0},"design":{"conf":{"LabelPosition":"above","DescPosition":"above","UploadField":"custom_1","QuantityFieldStyle":"custom_1"},"css":{"LeftLabelWidth":"120px"}},"formulas":{"fmla_1718295979528641619":"(({field.select_56638eb5b235ae.value}>=3)?(400):(({field.select_56638eb5b235ae.value}>=2)?(300):(({field.select_56638eb5b235ae.value}>=1)?(210):(0))))","fmla_1718296441738487083":"(({field.select_56638eb5b235ae.value}>=3)?(1200):(({field.select_56638eb5b235ae.value}>=2)?(850):(({field.select_56638eb5b235ae.value}>=1)?(540):(0))))"},"lookuptables":[],"clones":false,"cartKey":false}},"_links":{"self":[{"href":"https:\/\/canaryvip.com\/pl\/wp-json\/wp\/v2\/product\/11386","targetHints":{"allow":["GET"]}}],"collection":[{"href":"https:\/\/canaryvip.com\/pl\/wp-json\/wp\/v2\/product"}],"about":[{"href":"https:\/\/canaryvip.com\/pl\/wp-json\/wp\/v2\/types\/product"}],"replies":[{"embeddable":true,"href":"https:\/\/canaryvip.com\/pl\/wp-json\/wp\/v2\/comments?post=11386"}],"wp:featuredmedia":[{"embeddable":true,"href":"https:\/\/canaryvip.com\/pl\/wp-json\/wp\/v2\/media\/11387"}],"wp:attachment":[{"href":"https:\/\/canaryvip.com\/pl\/wp-json\/wp\/v2\/media?parent=11386"}],"wp:term":[{"taxonomy":"product_brand","embeddable":true,"href":"https:\/\/canaryvip.com\/pl\/wp-json\/wp\/v2\/product_brand?post=11386"},{"taxonomy":"product_cat","embeddable":true,"href":"https:\/\/canaryvip.com\/pl\/wp-json\/wp\/v2\/product_cat?post=11386"},{"taxonomy":"product_tag","embeddable":true,"href":"https:\/\/canaryvip.com\/pl\/wp-json\/wp\/v2\/product_tag?post=11386"}],"curies":[{"name":"wp","href":"https:\/\/api.w.org\/{rel}","templated":true}]}}