{"id":11308,"date":"2024-04-16T23:45:59","date_gmt":"2024-04-16T22:45:59","guid":{"rendered":"https:\/\/canaryvip.com\/?post_type=product&#038;p=11308"},"modified":"2025-08-09T12:39:52","modified_gmt":"2025-08-09T11:39:52","slug":"banana-boat-tenerife","status":"publish","type":"product","link":"https:\/\/canaryvip.com\/pl\/shop\/banana-boat-tenerife\/","title":{"rendered":"Banana Boat Teneryfa"},"content":{"rendered":"<h2><strong>Banana Boat Teneryfa - dzikie fale i \u015bmiech<\/strong><\/h2>\n<p>Przygotuj si\u0119 na \u015bwietn\u0105 zabaw\u0119 dzi\u0119ki naszym <strong>Banana Boat Teneryfa<\/strong> przeja\u017cd\u017cki! Idealne dla rodzin i grup, te przeja\u017cd\u017cki \u0142\u0105cz\u0105 pr\u0119dko\u015b\u0107, pluski i \u015bmiech, zapewniaj\u0105c niezapomniany dzie\u0144 na wodzie. Nasz <strong>Wycieczki \u0142odzi\u0105 bananow\u0105<\/strong> to ponadczasowy spos\u00f3b na prze\u017cycie morskich emocji w Costa Adeje.<\/p>\n<h3><strong>Rozpocznij swoj\u0105 przygod\u0119 w Puerto Col\u00f3n<\/strong><\/h3>\n<ul>\n<li><strong>Ekscytuj\u0105ca premiera:<\/strong> Podr\u00f3\u017c \u0142odzi\u0105 bananow\u0105 rozpoczyna si\u0119 w <a href=\"https:\/\/maps.app.goo.gl\/bkqEhAxsobcjz9wG9\" target=\"_blank\" rel=\"noopener\">Puerto Col\u00f3n,<\/a> gdzie nasi entuzjastyczni przewodnicy powitaj\u0105 Ci\u0119 i przeprowadz\u0105 kr\u00f3tk\u0105 instrukcj\u0119 bezpiecze\u0144stwa, zanim wskoczysz na kultow\u0105 \u017c\u00f3\u0142t\u0105 tratw\u0119.<\/li>\n<li><strong>Ekscytuj\u0105ca jazda:<\/strong> Wejd\u017a na pok\u0142ad nadmuchiwanego banana i trzymaj si\u0119 mocno, gdy motor\u00f3wka ci\u0105gnie Ci\u0119 po falach. Przygotuj si\u0119 na spadki i wstrz\u0105sy, \u015bmiej\u0105c si\u0119 i krzycz\u0105c z zachwytu z przyjaci\u00f3\u0142mi i rodzin\u0105!<\/li>\n<\/ul>\n<h3><strong>Co sprawia, \u017ce nasze przeja\u017cd\u017cki \u0142odzi\u0105 bananow\u0105 s\u0105 wyj\u0105tkowe?<\/strong><\/h3>\n<ul>\n<li><strong>Dost\u0119pna zabawa:<\/strong> Tylko 15 \u20ac za osob\u0119 zapewnia miejsce na tym popularnym sporcie wodnym, idealnym r\u00f3wnie\u017c dla grup. To niedroga i ekscytuj\u0105ca wycieczka dla ka\u017cdego!<\/li>\n<li><strong>Konsekwentna pochwa\u0142a:<\/strong> Jeste\u015bmy dumni z rado\u015bci i \u015bmiechu, jakie przynosz\u0105 nasze przeja\u017cd\u017cki, co znajduje odzwierciedlenie w pochlebnych recenzjach naszych kierowc\u00f3w. Dobra zabawa jest naszym priorytetem!<\/li>\n<li><strong>Elastyczne rezerwacje:<\/strong> Zmiana plan\u00f3w? Mo\u017cesz anulowa\u0107 rezerwacj\u0119 z 24-godzinnym wyprzedzeniem i otrzyma\u0107 pe\u0142ny zwrot koszt\u00f3w - jeste\u015bmy zobowi\u0105zani do dostosowania si\u0119 do Twoich wakacyjnych potrzeb.<\/li>\n<\/ul>\n<h3><strong>Przeja\u017cd\u017cka \u0142odzi\u0105 bananow\u0105 na Teneryfie<\/strong><\/h3>\n<ul>\n<li><strong>Dynamika grupy:<\/strong> Prze\u017cyj dreszczyk emocji z maksymalnie 12 kierowcami. Wsp\u00f3lna ekscytacja i wsp\u00f3lne reakcje tworz\u0105 niezapomnian\u0105 przygod\u0119.<\/li>\n<li><strong>Safe and Sound:<\/strong> Nasza wyszkolona za\u0142oga zapewnia bezpieczn\u0105 jazd\u0119 od pocz\u0105tku do ko\u0144ca, zarz\u0105dzaj\u0105c \u0142odzi\u0105 z fachow\u0105 opiek\u0105, aby zmaksymalizowa\u0107 przyjemno\u015b\u0107 i bezpiecze\u0144stwo.<\/li>\n<\/ul>\n<h3><strong>Wi\u0119cej ni\u017c tylko \u0142odzie bananowe<\/strong><\/h3>\n<ul>\n<li>Rozszerz swoje przygody ze sportami wodnymi dzi\u0119ki opcjom takim jak <a href=\"https:\/\/canaryvip.com\/pl\/shop\/jetski-tenerife\/\">skuter wodny Teneryfa<\/a>, <a href=\"https:\/\/canaryvip.com\/pl\/shop\/parasailing-tenerife\/\">parasailing Teneryfa<\/a>a nawet <a href=\"https:\/\/canaryvip.com\/pl\/tenerife\/boat-excursions\/\">wycieczki z obserwacj\u0105 wieloryb\u00f3w<\/a>wszystkie z tej samej t\u0119tni\u0105cej \u017cyciem lokalizacji w Puerto Col\u00f3n.<\/li>\n<\/ul>\n<h3>\ud83d\udcc5 <strong>Zarezerwuj rejs \u0142odzi\u0105 bananow\u0105 na Teneryfie ju\u017c dzi\u015b<\/strong><\/h3>\n<p>Niezale\u017cnie od tego, czy szukasz emocji, czy zabawy grupowej, nasze przeja\u017cd\u017cki \u0142odzi\u0105 bananow\u0105 oferuj\u0105 idealne po\u0142\u0105czenie obu. Zarezerwuj miejsce ju\u017c dzi\u015b i przygotuj si\u0119 na ekscytuj\u0105ce do\u015bwiadczenie na wodzie.<\/p>\n<h3>\u2705 <strong>Co obejmuje przeja\u017cd\u017cka \u0142odzi\u0105 bananow\u0105?<\/strong><\/h3>\n<ul>\n<li>Pe\u0142ny instrukta\u017c bezpiecze\u0144stwa i kamizelki ratunkowe dla wszystkich uczestnik\u00f3w.<\/li>\n<li>Ekscytuj\u0105ca 10-minutowa przeja\u017cd\u017cka.<\/li>\n<li>Zdj\u0119cia z przygody dost\u0119pne do kupienia, aby uchwyci\u0107 pe\u0142ne zabawy chwile.<\/li>\n<\/ul>\n<h3><strong>\u2696\ufe0f Niezawodna rezerwacja i \u0142atwe anulowanie rezerwacji<\/strong><\/h3>\n<ul>\n<li><strong>Bezproblemowa rezerwacja:<\/strong> Zarezerwuj z \u0142atwo\u015bci\u0105 i wiedz, \u017ce mo\u017cesz anulowa\u0107 do 24 godzin wcze\u015bniej z pe\u0142nym zwrotem koszt\u00f3w, je\u015bli Twoje plany ulegn\u0105 zmianie.<\/li>\n<li><strong>Wszyscy s\u0105 zaproszeni:<\/strong> Odpowiednie dla poszukiwaczy mocnych wra\u017ce\u0144 w wieku od 10 do 65 lat. Nasze przeja\u017cd\u017cki s\u0105 zaprojektowane tak, aby by\u0142y integracyjne i przyjemne dla wszystkich.<\/li>\n<\/ul>\n<h3><strong>Przygotowanie do jazdy<\/strong><\/h3>\n<ul>\n<li><strong>No\u015b odpowiedni sprz\u0119t:<\/strong> Przyjd\u017a ubrany w str\u00f3j k\u0105pielowy i przygotuj si\u0119 na zmoczenie! Nie zapomnij zabra\u0107 ze sob\u0105 r\u0119cznika i kremu z filtrem chroni\u0105cego przed s\u0142o\u0144cem.<\/li>\n<li><strong>Przechowuj cenne przedmioty w bezpiecznym miejscu:<\/strong> Buty i przedmioty antypo\u015blizgowe nale\u017cy pozostawi\u0107 w naszych bezpiecznych schowkach w doku. Przynie\u015b wodoodporny aparat, je\u015bli chcesz robi\u0107 osobiste zdj\u0119cia.<\/li>\n<li><strong>Zdrowie i bezpiecze\u0144stwo:<\/strong> Nasza aktywno\u015b\u0107 nie jest odpowiednia dla os\u00f3b w ci\u0105\u017cy, ale jest fantastyczna dla prawie wszystkich innych! Upewnij si\u0119, \u017ce jeste\u015b gotowy na fizyczn\u0105 przeja\u017cd\u017ck\u0119.<\/li>\n<\/ul>\n<h3>\u2753 <strong>Cz\u0119sto zadawane pytania<\/strong><\/h3>\n<ul>\n<li><strong>Czy ka\u017cdy mo\u017ce wzi\u0105\u0107 udzia\u0142 w przeja\u017cd\u017cce \u0142odzi\u0105 bananow\u0105?<\/strong> Tak! Nasze przeja\u017cd\u017cki \u0142odzi\u0105 bananow\u0105 s\u0105 idealne dla ka\u017cdego w wieku od 10 do 65 lat. Nie s\u0105 wymagane \u017cadne wcze\u015bniejsze umiej\u0119tno\u015bci p\u0142ywackie, poniewa\u017c wszyscy uczestnicy b\u0119d\u0105 wyposa\u017ceni w kamizelki ratunkowe.<\/li>\n<li><strong>Czego mog\u0119 si\u0119 spodziewa\u0107 podczas jazdy?<\/strong> Spodziewaj si\u0119, \u017ce zostaniesz spryskany, ochlapany i wy\u015bmiany (w dobrym duchu)! Chodzi o zabaw\u0119 i do\u015bwiadczenie dreszczyku emocji oceanu.<\/li>\n<\/ul>\n<h4><strong>Gotowy do jazdy?<\/strong><\/h4>\n<p>Zanurz si\u0119 w zabawie dzi\u0119ki naszym przeja\u017cd\u017ckom \u0142odzi\u0105 bananow\u0105 w <strong>CanaryVIP.<\/strong> Zarezerwuj ju\u017c teraz i przygotuj si\u0119 na fale na pi\u0119knym morzu Teneryfy!<\/p>","protected":false},"excerpt":{"rendered":"<p>\ud83d\udd0d <strong>Banana Boat Teneryfa:<br \/>\n<\/strong>\u2705 Bezpieczna p\u0142atno\u015b\u0107.<br \/>\n\ud83d\udc65 Maksymalnie 12 pasa\u017cer\u00f3w na przejazd.<br \/>\n\ud83d\ude80 Przeja\u017cd\u017cki trwaj\u0105 10 minut.<br \/>\n\ud83c\udfde\ufe0f Szybkie przejazdy.<br \/>\n\ud83d\udd59 Przez ca\u0142y dzie\u0144.<br \/>\n\ud83d\udcc5 Dost\u0119pne codziennie.<br \/>\n\ud83e\udd11 Gwarancja najlepszej ceny.<br \/>\n\ud83d\udc6a Zni\u017cki dla grup.<br \/>\n\ud83d\udd01 Zasady anulowania rezerwacji w ci\u0105gu 24 godzin.<br \/>\n\ud83c\udf0d Obs\u0142uga wielu j\u0119zyk\u00f3w.<br \/>\n\ud83c\udf1f Zarezerwuj z wyprzedzeniem, aby zaoszcz\u0119dzi\u0107.<br \/>\n\ud83d\udccd Odej\u015bcie od <a href=\"https:\/\/maps.app.goo.gl\/bkqEhAxsobcjz9wG9\">Puerto Col\u00f3n<\/a>.<\/p>","protected":false},"featured_media":11311,"comment_status":"open","ping_status":"closed","template":"","meta":{"_acf_changed":false},"product_brand":[],"product_cat":[53],"product_tag":[],"class_list":{"0":"post-11308","1":"product","2":"type-product","3":"status-publish","4":"has-post-thumbnail","6":"product_cat-water-sports","7":"wcpa_has_options","9":"first","10":"instock","11":"virtual","12":"purchasable","13":"product-type-simple"},"acf":[],"wcpa_form_fields":{"wcpaData":{"product":{"product_price":18,"price_html":"From&nbsp;<span class=\"woocommerce-Price-amount amount\"><bdi>18,00&nbsp;<span class=\"woocommerce-Price-currencySymbol\">&euro;<\/span><\/bdi><\/span>","original_product_price":18,"price_including_tax":18,"price_excluding_tax":18,"product_id":{"parent":11308,"variation":false},"is_variable":false,"stock_status":"instock","stock_quantity":null,"parent_sku":"CV11308","product_attributes":[],"custom_fields":[],"is_taxable":false,"product_name":"Banana Boat Tenerife","hasImage":false},"fields":{"sec_7661f1665d94fb":{"extra":{"key":"sec_7661f1665d94fb","section_id":"sec_7661f1665d94fb","name":"Default","status":1,"cl_rule":"show","enableCl":false,"relations":[],"toggle":true,"title_tag":"h3","show_title":false,"showPrice":"default","form_id":11314,"form_rules":{"exclude_from_discount":true,"fee_label":"Fee","disp_hide_options_price":true,"disp_show_section_price":false,"disp_show_field_price":true,"layout_option":"standard","pric_use_as_fee":false,"process_fee_as":"woo_fee"},"layout_option":"standard"},"fields":[[{"label":"\ud83d\udcc5 Date","active":true,"required":true,"elementId":"date_3661f1665d951b","picker_type":"custom","picker_mode":"single","placeholder":"","description":"","tooltip":"","name":"date_3661f1665d951b","label_position":"default","desc_position":"default","enablePrice":false,"className":"","enableCl":false,"relations":[{"operator":"and","rules":[{"operator":"AND","rules":{"cl_field":"radio-group_5661bc90f5e8f5","cl_relation":"is_not_empty","cl_val":"3 Hour Trip"}}]}],"date_pic_inline":true,"date_pic_inline_hide":true,"min_date":{"type":"days","val":"1"},"max_date":{"type":"days","val":"365"},"date_pic_conf":{"disabledWeeks":[]},"price":"","cl_rule":"show","col":6,"type":"date","error":false,"enableDesign":false,"LabelColor":"","gt_translate_keys":["label","placeholder","description","tooltip"],"price_dependency":false,"cl_dependency":false,"value":""}],[{"active":true,"col":6,"relations":false,"cl_rule":"show","enableCl":false,"price":"","enablePrice":false,"className":"","label_position":"default","desc_position":"default","type":"select","required":true,"elementId":"select_3477053266","label":"\u23f0 Departure Time","name":"select_3477053266","values":[{"label":"Whichever Time is Best","value":"Whichever Time is Best","selected":false,"tempId":"aco_312","gt_translate_keys":["label"]},{"label":"10:30","value":"10:30","selected":false,"tempId":"aco_313","gt_translate_keys":["label"]},{"label":"11:30","value":"11:30","selected":false,"tempId":"aco_314","gt_translate_keys":["label"]},{"label":"12:30 ","value":"12:30","selected":false,"tempId":"aco_711","gt_translate_keys":["label"]},{"label":"13:30","value":"13:30","selected":false,"tempId":"aco_721","gt_translate_keys":["label"]},{"label":"14:30","value":"14:30","selected":false,"tempId":"aco_983","gt_translate_keys":["label"]},{"label":"15:30","value":"15:30","selected":false,"tempId":"aco_993","gt_translate_keys":["label"]},{"label":"16:30","value":"16:30","selected":false,"tempId":"aco_1183","gt_translate_keys":["label"]}],"dropdown_type":"basic","error":false,"multiple":false,"placeholder":"None","gt_translate_keys":["label","placeholder"],"price_dependency":false,"cl_dependency":false,"value":""}],[{"active":true,"col":6,"relations":[{"operator":false,"rules":[{"operator":"AND","rules":{"cl_field":"","cl_relation":"","cl_val":""}}]}],"cl_rule":"show","enableCl":true,"price":"18","enablePrice":true,"className":"","label_position":"default","desc_position":"default","type":"radio-group","required":false,"elementId":"radio-group_0661f1665d9537","label":"","name":"radio-group_0661f1665d9537","values":[{"label":"\ud83d\udc64 People (18\u20ac)","value":"People","selected":true,"tempId":"aco_32","tooltip":"","description":"","gt_translate_keys":["label","tooltip","description"]}],"layOut":"","error":false,"checkUi":"button","priceOptions":"fixed_for_all","pricingType":"fixed","enable_quantity":true,"quantity_label":"","min_quantity":"0","options_tooltip":true,"options_description":true,"is_show_price":true,"gt_translate_keys":["label","quantity_label"],"price_dependency":["content_2802764779","content-8155931385","content-8167489432"],"cl_dependency":false,"value":""}],[{"active":true,"col":6,"relations":false,"cl_rule":"show","enableCl":false,"price":"","enablePrice":false,"className":"","label_position":"default","desc_position":"default","type":"separator","required":false,"elementId":"separator_2804989181","label":"Separator Field","height":"6","separatorType":"fill","error":false,"separatorColor":"#66a5b6","gt_translate_keys":["label"],"price_dependency":false,"cl_dependency":false,"value":""}],[{"active":true,"col":6,"relations":false,"cl_rule":"show","enableCl":false,"price":"{field.radio-group_0661f1665d9537.price}*0.30","enablePrice":true,"className":"","label_position":"default","desc_position":"default","type":"content","required":false,"elementId":"content_2802764779","label":"Deposit Now","name":"content_2802764779","contentType":"plain","value":"","error":false,"subtype":"div","inline":true,"show_in_checkout":true,"pricingType":"custom","isTemplate":false,"gt_translate_keys":["label","value"],"price_dependency":false,"cl_dependency":false}],[{"contentType":"plain","active":true,"label":"Payment at Arrival","elementId":"content-8155931385","value":"","inline":true,"show_in_checkout":true,"name":"content-8155931385","enablePrice":true,"className":"","subtype":"div","enableCl":false,"relations":false,"pricingType":"custom","isTemplate":false,"price":"{field.radio-group_0661f1665d9537.price}*0.70","is_show_price":true,"cl_rule":"show","col":6,"type":"content","error":false,"gt_translate_keys":["label","value"],"price_dependency":false,"cl_dependency":false}],[{"contentType":"plain","active":true,"label":"Total Price","elementId":"content-8167489432","value":"","inline":true,"show_in_checkout":true,"name":"content-8167489432","enablePrice":true,"className":"","subtype":"div","enableCl":false,"relations":false,"pricingType":"custom","isTemplate":false,"price":"{field.radio-group_0661f1665d9537.price}","is_show_price":true,"cl_rule":"show","col":6,"type":"content","error":false,"gt_translate_keys":["label","value"],"price_dependency":false,"cl_dependency":false}]]}},"config":{"price_override":"always","enable_recaptcha":false,"bind_quantity":false,"quantity_bind_formula":false,"disp_summ_show_option_price":true,"disp_summ_show_product_price":false,"disp_summ_show_total_price":true,"disp_summ_show_fee":true,"disp_summ_show_discount":true,"summary_title":"","options_total_label":"Options Price","total_label":"Total Amount","options_product_label":"Product Price","fee_label":"Fee","discount_label":"Discount","has_price":true,"has_quantity_formula":false},"mc_unit":1,"tax_rate":1,"tax_rate_real":1,"discount":{"percentage":0,"fixed":0},"design":{"conf":{"LabelPosition":"above","DescPosition":"above","UploadField":"custom_1","QuantityFieldStyle":"custom_1"},"css":{"LeftLabelWidth":"120px"}},"formulas":[],"lookuptables":[],"clones":false,"cartKey":false}},"_links":{"self":[{"href":"https:\/\/canaryvip.com\/pl\/wp-json\/wp\/v2\/product\/11308","targetHints":{"allow":["GET"]}}],"collection":[{"href":"https:\/\/canaryvip.com\/pl\/wp-json\/wp\/v2\/product"}],"about":[{"href":"https:\/\/canaryvip.com\/pl\/wp-json\/wp\/v2\/types\/product"}],"replies":[{"embeddable":true,"href":"https:\/\/canaryvip.com\/pl\/wp-json\/wp\/v2\/comments?post=11308"}],"wp:featuredmedia":[{"embeddable":true,"href":"https:\/\/canaryvip.com\/pl\/wp-json\/wp\/v2\/media\/11311"}],"wp:attachment":[{"href":"https:\/\/canaryvip.com\/pl\/wp-json\/wp\/v2\/media?parent=11308"}],"wp:term":[{"taxonomy":"product_brand","embeddable":true,"href":"https:\/\/canaryvip.com\/pl\/wp-json\/wp\/v2\/product_brand?post=11308"},{"taxonomy":"product_cat","embeddable":true,"href":"https:\/\/canaryvip.com\/pl\/wp-json\/wp\/v2\/product_cat?post=11308"},{"taxonomy":"product_tag","embeddable":true,"href":"https:\/\/canaryvip.com\/pl\/wp-json\/wp\/v2\/product_tag?post=11308"}],"curies":[{"name":"wp","href":"https:\/\/api.w.org\/{rel}","templated":true}]}}