{"id":11303,"date":"2024-04-16T23:11:21","date_gmt":"2024-04-16T22:11:21","guid":{"rendered":"https:\/\/canaryvip.com\/?post_type=product&#038;p=11303"},"modified":"2025-08-09T12:40:39","modified_gmt":"2025-08-09T11:40:39","slug":"flyfish-tenerife","status":"publish","type":"product","link":"https:\/\/canaryvip.com\/pl\/shop\/flyfish-tenerife\/","title":{"rendered":"FlyFish Teneryfa"},"content":{"rendered":"<h2><strong>\ud83c\udf0a FlyFish Teneryfa - jazda na falach oceanu<\/strong><\/h2>\n<p>Przygotuj si\u0119 na pompuj\u0105ce adrenalin\u0119 do\u015bwiadczenie z naszymi <strong>FlyFish Teneryfa<\/strong> przygoda! Poczuj p\u0119d latania nad morzem, trzymaj\u0105c si\u0119 naszej specjalnie zaprojektowanej nadmuchiwanej tratwy. Nasz <strong>Wycieczki FlyFish<\/strong> Obiecaj sobie niezapomniany dzie\u0144 szybkich sport\u00f3w wodnych w pi\u0119knym otoczeniu Costa Adeje.<\/p>\n<h3><strong>Rozpocz\u0119cie przygody z w\u0119dkarstwem muchowym<\/strong><\/h3>\n<ul>\n<li><strong>Przygoda si\u0119 zaczyna:<\/strong> Podr\u00f3\u017c rozpoczyna si\u0119 bezpo\u015brednio w <a href=\"https:\/\/maps.app.goo.gl\/bkqEhAxsobcjz9wG9\" target=\"_blank\" rel=\"noopener\">Puerto Col\u00f3n,<\/a>\u00a0oficjalny punkt rozpocz\u0119cia przygody z FlyFish. Po przybyciu na miejsce zostaniesz wprowadzony w ekscytuj\u0105cy \u015bwiat FlyFish, otrzymasz kompleksow\u0105 odpraw\u0119 dotycz\u0105c\u0105 bezpiecze\u0144stwa i przygotujesz si\u0119 na ekscytuj\u0105c\u0105 jazd\u0119, kt\u00f3ra Ci\u0119 czeka.<\/li>\n<li><strong>The FlyFish Experience:<\/strong> Zapnij pasy i trzymaj si\u0119 mocno, gdy motor\u00f3wka mknie przez fale. Ciesz si\u0119 pluskiem wody morskiej i wiatrem na twarzy podczas tej ekscytuj\u0105cej przeja\u017cd\u017cki.<\/li>\n<\/ul>\n<p>&nbsp;<\/p>\n<h3><strong>\u2728 Dlaczego warto wybra\u0107 CanaryVIP, by prze\u017cy\u0107 przygod\u0119 z FlyFish?<\/strong><\/h3>\n<ul>\n<li><strong>Konkurencyjne ceny:<\/strong> Wejd\u017a na pok\u0142ad ju\u017c za 45 \u20ac za osob\u0119, z fantastycznymi stawkami dla grup i widz\u00f3w. Jako\u015b\u0107 i emocje w cenie nie do pobicia!<\/li>\n<li><strong>Pochwa\u0142y klient\u00f3w:<\/strong> Znani z wyj\u0105tkowej obs\u0142ugi, jeste\u015bmy dumni z doskona\u0142ych recenzji naszych go\u015bci. Twoje wspania\u0142e do\u015bwiadczenie jest naszym celem!<\/li>\n<li><strong>Elastyczno\u015b\u0107 rezerwacji:<\/strong> Plany uleg\u0142y zmianie? Bez obaw - anuluj do 24 godzin przed podr\u00f3\u017c\u0105, aby uzyska\u0107 pe\u0142ny zwrot koszt\u00f3w dzi\u0119ki naszej elastycznej polityce anulowania.<\/li>\n<\/ul>\n<h3><strong>Lataj wysoko z FlyFish Tenerife<\/strong><\/h3>\n<ul>\n<li><strong>Ekscytuj\u0105ce przeja\u017cd\u017cki:<\/strong> FlyFish zabierze Ci\u0119 na szalon\u0105 przeja\u017cd\u017ck\u0119 nad wodami Playa de Las Am\u00e9ricas, szybuj\u0105c i nurkuj\u0105c z falami przez oko\u0142o 10 ekscytuj\u0105cych minut.<\/li>\n<li><strong>Wskaz\u00f3wki ekspert\u00f3w:<\/strong> Nasi wykwalifikowani instruktorzy zapewniaj\u0105 bezpieczne i niezapomniane wra\u017cenia, prowadz\u0105c Ci\u0119 p\u0142ynnie od pocz\u0105tku do ko\u0144ca.<\/li>\n<\/ul>\n<h3><strong>Wi\u0119cej ni\u017c tylko FlyFish<\/strong><\/h3>\n<ul>\n<li>Szukasz czego\u015b wi\u0119cej? Oferujemy szerok\u0105 gam\u0119 <a href=\"https:\/\/canaryvip.com\/pl\/tenerife\/water-sports\/\">aktywno\u015bci wodnych na Teneryfie,<\/a>\u00a0z <a href=\"https:\/\/canaryvip.com\/pl\/shop\/jetski-tenerife\/\">narty wodne<\/a> do parasailingu, zapewniaj\u0105c, \u017ce zawsze jest co\u015b nowego do wypr\u00f3bowania.<\/li>\n<li>Nasze przygody nie ograniczaj\u0105 si\u0119 do Teneryfy - sprawd\u017a nasze oferty na Gran Canarii, aby uzyska\u0107 jeszcze wi\u0119cej wodnej zabawy!<\/li>\n<\/ul>\n<h3>\ud83d\udcc5 <strong>Zarezerwuj swoje do\u015bwiadczenie FlyFish ju\u017c dzi\u015b<\/strong><\/h3>\n<p>Nie przegap tej wyj\u0105tkowej przygody. Idealna dla poszukiwaczy adrenaliny i entuzjast\u00f3w mocnych wra\u017ce\u0144. Zarezerwuj przeja\u017cd\u017ck\u0119 FlyFish ju\u017c teraz i dodaj szczypt\u0119 emocji do swoich wakacji na Teneryfie.<\/p>\n<h3>\u2705 <strong>Co wchodzi w sk\u0142ad FlyFish Ride?<\/strong><\/h3>\n<ul>\n<li>Ca\u0142y sprz\u0119t bezpiecze\u0144stwa i pe\u0142na odprawa przed odlotem.<\/li>\n<li>10-minutowa przeja\u017cd\u017cka FlyFish, kt\u00f3ra obiecuje podnie\u015b\u0107 poziom adrenaliny.<\/li>\n<li>Profesjonalny nadz\u00f3r i mo\u017cliwo\u015bci fotografowania, aby uchwyci\u0107 swoje \u015bmia\u0142e wyczyny (zdj\u0119cia dost\u0119pne do zakupu).<\/li>\n<\/ul>\n<h3><strong>\u2696\ufe0f Godne zaufania opcje rezerwacji i anulowania rezerwacji<\/strong><\/h3>\n<ul>\n<li><strong>\u0141atwa rezerwacja:<\/strong> Zarezerwuj swoje miejsce z \u0142atwo\u015bci\u0105 i pewno\u015bci\u0105, wiedz\u0105c, \u017ce mo\u017cesz anulowa\u0107 do 24 godzin wcze\u015bniej i otrzyma\u0107 pe\u0142ny zwrot pieni\u0119dzy.<\/li>\n<li><strong>Do\u015bwiadczenie integracyjne:<\/strong> Zapraszamy wszystkich, od podr\u00f3\u017cuj\u0105cych w pojedynk\u0119 po grupy szukaj\u0105ce ekscytuj\u0105cej wycieczki. Poinformuj nas o swoich preferencjach, a my dostosujemy przeja\u017cd\u017ck\u0119 do Twoich potrzeb.<\/li>\n<\/ul>\n<h3><strong>Przygotowanie do przygody z w\u0119dkarstwem muchowym<\/strong><\/h3>\n<ul>\n<li><strong>Przygotuj si\u0119 na zmokni\u0119cie:<\/strong> Za\u0142\u00f3\u017c str\u00f3j k\u0105pielowy, r\u0119cznik i krem z filtrem przeciws\u0142onecznym. To b\u0119dzie wspania\u0142a przeja\u017cd\u017cka!<\/li>\n<li><strong>Podstawy obs\u0142ugi kamery:<\/strong> Zabierz ze sob\u0105 wodoodporny aparat lub telefon z ochronnym etui, aby uwieczni\u0107 chwile sp\u0119dzone na FlyFish. Zachowaj wolne r\u0119ce do machania i trzymania si\u0119 mocno!<\/li>\n<li><strong>Dost\u0119pno\u015b\u0107:<\/strong> Ta aktywno\u015b\u0107 jest \u015bwietna dla ka\u017cdego w wieku od 10 do 65 lat. Uwaga: nie jest odpowiednia dla kobiet w ci\u0105\u017cy lub os\u00f3b, kt\u00f3re nie czuj\u0105 si\u0119 komfortowo w wodzie.<\/li>\n<\/ul>\n<h3>\u2753 <strong>Cz\u0119sto zadawane pytania<\/strong><\/h3>\n<ul>\n<li><strong>Kto mo\u017ce wzi\u0105\u0107 udzia\u0142 we FlyFish Tenerife?<\/strong> Poszukiwacze przyg\u00f3d w wieku od 10 do 65 lat s\u0105 mile widziani! Dla bezpiecze\u0144stwa wymagana jest podstawowa umiej\u0119tno\u015b\u0107 p\u0142ywania.<\/li>\n<li><strong>Jak bezpieczny jest FlyFish?<\/strong> Bezpiecze\u0144stwo jest naszym priorytetem. Wszyscy uczestnicy s\u0105 wyposa\u017ceni w kamizelki ratunkowe, a nasz do\u015bwiadczony zesp\u00f3\u0142 zapewnia bezpieczne i przyjemne wra\u017cenia.<\/li>\n<\/ul>\n<h4><strong>Gotowy do zrobienia plusku?<\/strong><\/h4>\n<p>Prze\u017cyj dreszczyk emocji FlyFish na Teneryfie z <strong>CanaryVIP.<\/strong> Zarezerwuj swoj\u0105 przygod\u0119 ju\u017c dzi\u015b i przygotuj si\u0119 na niezapomnian\u0105, szybk\u0105 przeja\u017cd\u017ck\u0119 nad powierzchni\u0105 oceanu!<\/p>","protected":false},"excerpt":{"rendered":"<p>\ud83d\udd0d <strong>FlyFish Teneryfa:<\/strong><br \/>\n\u2705 Bezpieczna p\u0142atno\u015b\u0107.<br \/>\nMaksymalnie 3 kierowc\u00f3w na przejazd.<br \/>\nPrzeja\u017cd\u017cki trwaj\u0105 oko\u0142o 10 minut.<br \/>\n\ud83c\udfde\ufe0f Szybkie dzia\u0142anie wody.<br \/>\nDost\u0119pne przez ca\u0142y dzie\u0144.<br \/>\nPrzeja\u017cd\u017cki dost\u0119pne codziennie.<br \/>\n\ud83e\udd11 Gwarancja najlepszej ceny.<br \/>\n\ud83d\udc6a Zni\u017cki dla grup.<br \/>\n\ud83d\udd01 Zasady anulowania rezerwacji w ci\u0105gu 24 godzin.<br \/>\nObs\u0142uga wielu j\u0119zyk\u00f3w.<br \/>\n\ud83c\udf1f Zarezerwuj z wyprzedzeniem, aby zaoszcz\u0119dzi\u0107.<br \/>\n\ud83d\udccd Odej\u015bcie od <a href=\"https:\/\/maps.app.goo.gl\/bkqEhAxsobcjz9wG9\">Puerto Col\u00f3n.<\/a><\/p>","protected":false},"featured_media":11317,"comment_status":"open","ping_status":"closed","template":"","meta":{"_acf_changed":false},"product_brand":[],"product_cat":[53],"product_tag":[],"class_list":{"0":"post-11303","1":"product","2":"type-product","3":"status-publish","4":"has-post-thumbnail","6":"product_cat-water-sports","7":"wcpa_has_options","9":"first","10":"instock","11":"virtual","12":"purchasable","13":"product-type-simple"},"acf":[],"wcpa_form_fields":{"wcpaData":{"product":{"product_price":18,"price_html":"From&nbsp;<span class=\"woocommerce-Price-amount amount\"><bdi>18,00&nbsp;<span class=\"woocommerce-Price-currencySymbol\">&euro;<\/span><\/bdi><\/span>","original_product_price":18,"price_including_tax":18,"price_excluding_tax":18,"product_id":{"parent":11303,"variation":false},"is_variable":false,"stock_status":"instock","stock_quantity":null,"parent_sku":"CV11303","product_attributes":[],"custom_fields":[],"is_taxable":false,"product_name":"FlyFish Tenerife","hasImage":false},"fields":{"sec_7661f1665d94fb":{"extra":{"key":"sec_7661f1665d94fb","section_id":"sec_7661f1665d94fb","name":"Default","status":1,"cl_rule":"show","enableCl":false,"relations":[],"toggle":true,"title_tag":"h3","show_title":false,"showPrice":"default","form_id":11314,"form_rules":{"exclude_from_discount":true,"fee_label":"Fee","disp_hide_options_price":true,"disp_show_section_price":false,"disp_show_field_price":true,"layout_option":"standard","pric_use_as_fee":false,"process_fee_as":"woo_fee"},"layout_option":"standard"},"fields":[[{"label":"\ud83d\udcc5 Date","active":true,"required":true,"elementId":"date_3661f1665d951b","picker_type":"custom","picker_mode":"single","placeholder":"","description":"","tooltip":"","name":"date_3661f1665d951b","label_position":"default","desc_position":"default","enablePrice":false,"className":"","enableCl":false,"relations":[{"operator":"and","rules":[{"operator":"AND","rules":{"cl_field":"radio-group_5661bc90f5e8f5","cl_relation":"is_not_empty","cl_val":"3 Hour Trip"}}]}],"date_pic_inline":true,"date_pic_inline_hide":true,"min_date":{"type":"days","val":"1"},"max_date":{"type":"days","val":"365"},"date_pic_conf":{"disabledWeeks":[]},"price":"","cl_rule":"show","col":6,"type":"date","error":false,"enableDesign":false,"LabelColor":"","gt_translate_keys":["label","placeholder","description","tooltip"],"price_dependency":false,"cl_dependency":false,"value":""}],[{"active":true,"col":6,"relations":false,"cl_rule":"show","enableCl":false,"price":"","enablePrice":false,"className":"","label_position":"default","desc_position":"default","type":"select","required":true,"elementId":"select_3477053266","label":"\u23f0 Departure Time","name":"select_3477053266","values":[{"label":"Whichever Time is Best","value":"Whichever Time is Best","selected":false,"tempId":"aco_312","gt_translate_keys":["label"]},{"label":"10:30","value":"10:30","selected":false,"tempId":"aco_313","gt_translate_keys":["label"]},{"label":"11:30","value":"11:30","selected":false,"tempId":"aco_314","gt_translate_keys":["label"]},{"label":"12:30 ","value":"12:30","selected":false,"tempId":"aco_711","gt_translate_keys":["label"]},{"label":"13:30","value":"13:30","selected":false,"tempId":"aco_721","gt_translate_keys":["label"]},{"label":"14:30","value":"14:30","selected":false,"tempId":"aco_983","gt_translate_keys":["label"]},{"label":"15:30","value":"15:30","selected":false,"tempId":"aco_993","gt_translate_keys":["label"]},{"label":"16:30","value":"16:30","selected":false,"tempId":"aco_1183","gt_translate_keys":["label"]}],"dropdown_type":"basic","error":false,"multiple":false,"placeholder":"None","gt_translate_keys":["label","placeholder"],"price_dependency":false,"cl_dependency":false,"value":""}],[{"active":true,"col":6,"relations":[{"operator":false,"rules":[{"operator":"AND","rules":{"cl_field":"","cl_relation":"","cl_val":""}}]}],"cl_rule":"show","enableCl":false,"price":"18","enablePrice":true,"className":"","label_position":"default","desc_position":"default","type":"radio-group","required":false,"elementId":"radio-group_0661f1665d9537","label":"","name":"radio-group_0661f1665d9537","values":[{"label":"\ud83d\udc64 People (18\u20ac)","value":"People","selected":true,"tempId":"aco_32","tooltip":"","description":"","gt_translate_keys":["label","tooltip","description"]}],"layOut":"","error":false,"checkUi":"button","priceOptions":"fixed_for_all","pricingType":"fixed","enable_quantity":true,"quantity_label":"","min_quantity":"0","options_tooltip":true,"options_description":true,"is_show_price":true,"isWeightTemplate":false,"isTemplate":false,"quantity_decimal":false,"quantity_step":"1","repeater_field_label":"{field_label}","repeater_bind":"","gt_translate_keys":["label","repeater_field_label","quantity_label"],"price_dependency":["content_2802764779","content-8155931385","content-8167489432"],"cl_dependency":false,"value":""}],[{"active":true,"col":6,"relations":false,"cl_rule":"show","enableCl":false,"price":"","enablePrice":false,"className":"","label_position":"default","desc_position":"default","type":"separator","required":false,"elementId":"separator_2804989181","label":"Separator Field","height":"6","separatorType":"fill","error":false,"separatorColor":"#66a5b6","gt_translate_keys":["label"],"price_dependency":false,"cl_dependency":false,"value":""}],[{"active":true,"col":6,"relations":false,"cl_rule":"show","enableCl":false,"price":"{field.radio-group_0661f1665d9537.price}*0.30","enablePrice":true,"className":"","label_position":"default","desc_position":"default","type":"content","required":false,"elementId":"content_2802764779","label":"Deposit Now","name":"content_2802764779","contentType":"plain","value":"","error":false,"subtype":"div","inline":true,"show_in_checkout":true,"pricingType":"custom","isTemplate":false,"gt_translate_keys":["label","value"],"price_dependency":false,"cl_dependency":false}],[{"contentType":"plain","active":true,"label":"Payment at Arrival","elementId":"content-8155931385","value":"","inline":true,"show_in_checkout":true,"name":"content-8155931385","enablePrice":true,"className":"","subtype":"div","enableCl":false,"relations":false,"pricingType":"custom","isTemplate":false,"price":"{field.radio-group_0661f1665d9537.price}*0.70","is_show_price":true,"cl_rule":"show","col":6,"type":"content","error":false,"gt_translate_keys":["label","value"],"price_dependency":false,"cl_dependency":false}],[{"contentType":"plain","active":true,"label":"Total Price","elementId":"content-8167489432","value":"","inline":true,"show_in_checkout":true,"name":"content-8167489432","enablePrice":true,"className":"","subtype":"div","enableCl":false,"relations":false,"pricingType":"custom","isTemplate":false,"price":"{field.radio-group_0661f1665d9537.price}","is_show_price":true,"cl_rule":"show","col":6,"type":"content","error":false,"gt_translate_keys":["label","value"],"price_dependency":false,"cl_dependency":false}]]}},"config":{"price_override":"always","enable_recaptcha":false,"bind_quantity":false,"quantity_bind_formula":false,"disp_summ_show_option_price":true,"disp_summ_show_product_price":false,"disp_summ_show_total_price":true,"disp_summ_show_fee":true,"disp_summ_show_discount":true,"summary_title":"","options_total_label":"Options Price","total_label":"Total Amount","options_product_label":"Product Price","fee_label":"Fee","discount_label":"Discount","has_price":true,"has_quantity_formula":false},"mc_unit":1,"tax_rate":1,"tax_rate_real":1,"discount":{"percentage":0,"fixed":0},"design":{"conf":{"LabelPosition":"above","DescPosition":"above","UploadField":"custom_1","QuantityFieldStyle":"custom_1"},"css":{"LeftLabelWidth":"120px"}},"formulas":[],"lookuptables":[],"clones":false,"cartKey":false}},"_links":{"self":[{"href":"https:\/\/canaryvip.com\/pl\/wp-json\/wp\/v2\/product\/11303","targetHints":{"allow":["GET"]}}],"collection":[{"href":"https:\/\/canaryvip.com\/pl\/wp-json\/wp\/v2\/product"}],"about":[{"href":"https:\/\/canaryvip.com\/pl\/wp-json\/wp\/v2\/types\/product"}],"replies":[{"embeddable":true,"href":"https:\/\/canaryvip.com\/pl\/wp-json\/wp\/v2\/comments?post=11303"}],"wp:featuredmedia":[{"embeddable":true,"href":"https:\/\/canaryvip.com\/pl\/wp-json\/wp\/v2\/media\/11317"}],"wp:attachment":[{"href":"https:\/\/canaryvip.com\/pl\/wp-json\/wp\/v2\/media?parent=11303"}],"wp:term":[{"taxonomy":"product_brand","embeddable":true,"href":"https:\/\/canaryvip.com\/pl\/wp-json\/wp\/v2\/product_brand?post=11303"},{"taxonomy":"product_cat","embeddable":true,"href":"https:\/\/canaryvip.com\/pl\/wp-json\/wp\/v2\/product_cat?post=11303"},{"taxonomy":"product_tag","embeddable":true,"href":"https:\/\/canaryvip.com\/pl\/wp-json\/wp\/v2\/product_tag?post=11303"}],"curies":[{"name":"wp","href":"https:\/\/api.w.org\/{rel}","templated":true}]}}