{"id":11298,"date":"2024-04-16T15:58:27","date_gmt":"2024-04-16T14:58:27","guid":{"rendered":"https:\/\/canaryvip.com\/?post_type=product&#038;p=11298"},"modified":"2025-08-09T12:41:31","modified_gmt":"2025-08-09T11:41:31","slug":"parasailing-tenerife","status":"publish","type":"product","link":"https:\/\/canaryvip.com\/pl\/shop\/parasailing-tenerife\/","title":{"rendered":"Parasailing Teneryfa"},"content":{"rendered":"<h2><strong>Parasailing Teneryfa - szybuj nad kryszta\u0142owymi wodami<\/strong><\/h2>\n<p>Do\u0142\u0105cz do nas na ekscytuj\u0105cy <strong>Przygoda z parasailingiem na Teneryfie<\/strong> i poczuj dreszczyk emocji lataj\u0105c nad oceanem! Nasz <strong>Parasailing Teneryfa - wycieczki<\/strong> oferuj\u0105 zapieraj\u0105ce dech w piersiach widoki na Costa Adeje z wyj\u0105tkowej perspektywy. Niezale\u017cnie od tego, czy chcesz lata\u0107 w pojedynk\u0119, czy z przyjaci\u00f3\u0142mi, gwarantujemy niezapomniane podniebne wra\u017cenia.<\/p>\n<h3><strong>Rozpocznij swoj\u0105 przygod\u0119 w Puerto Col\u00f3n<\/strong><\/h3>\n<ul>\n<li><strong>Powitalny start:<\/strong> Twoja przygoda zaczyna si\u0119 w <a href=\"https:\/\/maps.app.goo.gl\/bkqEhAxsobcjz9wG9\" target=\"_blank\" rel=\"noopener\">Puerto Col\u00f3n,<\/a>\u00a0Costa Adeje, gdzie powitaj\u0105 Ci\u0119 nasi przyja\u017ani przewodnicy. Wyposa\u017c\u0105 ci\u0119 w niezb\u0119dny sprz\u0119t i opowiedz\u0105, czego mo\u017cesz si\u0119 spodziewa\u0107 podczas lotu.<\/li>\n<li><strong>Przygotowanie do lotu:<\/strong> Przygotuj si\u0119 na bezpieczne przymocowanie do parasaila przed startem z platformy. Usi\u0105d\u017a wygodnie i ciesz si\u0119 radosnym uczuciem unoszenia si\u0119 nad falami.<\/li>\n<\/ul>\n<h3><strong>Co wyr\u00f3\u017cnia nasz\u0105 us\u0142ug\u0119 Parasailing Teneryfa?<\/strong><\/h3>\n<ul>\n<li><strong>Doskona\u0142o\u015b\u0107 w przyst\u0119pnej cenie:<\/strong> Ciesz si\u0119 konkurencyjnymi cenami ju\u017c od 45 \u20ac za osob\u0119, ze specjalnymi stawkami dla grup i widz\u00f3w. Prze\u017cyj wysokiej jako\u015bci przygod\u0119 bez rozbijania banku!<\/li>\n<li><strong>Zadowolenie klienta:<\/strong> Jeste\u015bmy dumni z naszej znakomitej reputacji, popartej \u015bwietnymi recenzjami od poszukiwaczy przyg\u00f3d takich jak Ty. Nasze zaanga\u017cowanie w jako\u015b\u0107 i emocje przejawia si\u0119 w ka\u017cdym locie.<\/li>\n<li><strong>Elastyczna rezerwacja:<\/strong> Zmiana plan\u00f3w? Nie ma problemu. Dzi\u0119ki naszej elastycznej polityce anulowania mo\u017cesz anulowa\u0107 subskrypcj\u0119 do 24 godzin przed rozpocz\u0119ciem przygody i otrzyma\u0107 pe\u0142ny zwrot koszt\u00f3w.<\/li>\n<li><strong>Do\u015bwiadczenie zawodowe:<\/strong> Bogate do\u015bwiadczenie naszego zespo\u0142u w parasailingu zapewnia bezpieczne i ekscytuj\u0105ce wra\u017cenia od pocz\u0105tku do ko\u0144ca.<\/li>\n<\/ul>\n<h3><strong>Prze\u017cyj dreszczyk emocji podczas parasailingu na Teneryfie<\/strong><\/h3>\n<ul>\n<li><strong>Loty widokowe:<\/strong> Szybuj nad osza\u0142amiaj\u0105cymi wodami Puerto Colon i Playa de Las Am\u00e9ricas. Sp\u0119dzisz oko\u0142o 10 minut w powietrzu, ciesz\u0105c si\u0119 spokojnym otoczeniem i malowniczymi widokami.<\/li>\n<li><strong>Bezpieczne l\u0105dowania:<\/strong> Nasi wyszkoleni profesjonali\u015bci pokieruj\u0105 twoim l\u0105dowaniem, ewentualnie omijaj\u0105c wod\u0119 dla zabawnego plusku przed bezpiecznym powrotem na \u0142\u00f3d\u017a.<\/li>\n<\/ul>\n<h3><strong>Dodatkowe sporty wodne i przygody<\/strong><\/h3>\n<ul>\n<li>Odkryj wi\u0119cej ni\u017c parasailing dzi\u0119ki naszej ofercie <a href=\"https:\/\/canaryvip.com\/pl\/tenerife\/water-sports\/\">aktywno\u015bci wodnych na Teneryfie.<\/a>\u00a0Od <a href=\"https:\/\/canaryvip.com\/pl\/shop\/jetski-tenerife\/\">narty wodne<\/a> Ka\u017cdy znajdzie tu co\u015b dla siebie - od sport\u00f3w wodnych po bardziej spokojne sporty wodne.<\/li>\n<li>Odwiedzasz Gran Canari\u0119? Nie przegap naszych przyg\u00f3d z parasailingiem!<\/li>\n<\/ul>\n<h3>\ud83d\udcc5 <strong>Zarezerwuj swoj\u0105 wycieczk\u0119 parasailingow\u0105 na Teneryfie ju\u017c dzi\u015b<\/strong><\/h3>\n<p>Zanurz si\u0119 w przestworzach dzi\u0119ki naszym przygodom z parasailingiem. Idealny dla poszukiwaczy mocnych wra\u017ce\u0144 i tych, kt\u00f3rzy chc\u0105 cieszy\u0107 si\u0119 wyj\u0105tkowym widokiem na wybrze\u017ca Teneryfy. Ju\u017c teraz zarezerwuj miejsce na wyj\u0105tkow\u0105 podr\u00f3\u017c nad morzem.<\/p>\n<h3>\u2705 <strong>Co obejmuje Twoja przygoda z parasailingiem?<\/strong><\/h3>\n<ul>\n<li>Kompleksowy instrukta\u017c bezpiecze\u0144stwa i ca\u0142y niezb\u0119dny sprz\u0119t.<\/li>\n<li>Oko\u0142o 10 minut lotu, \u0142\u0105cznie z podr\u00f3\u017c\u0105 \u0142odzi\u0105 oko\u0142o 40 minut.<\/li>\n<li>Profesjonalny przewodnik i fotograf, kt\u00f3ry uwieczni Twoje chwile (zdj\u0119cia mo\u017cna kupi\u0107).<\/li>\n<\/ul>\n<h3><strong>\u2696\ufe0f Niezawodna rezerwacja i \u0142atwe anulowanie rezerwacji<\/strong><\/h3>\n<ul>\n<li><strong>Proste rezerwacje:<\/strong> Zarezerwuj bez obaw, wiedz\u0105c, \u017ce mo\u017cesz anulowa\u0107 rezerwacj\u0119 z 24-godzinnym wyprzedzeniem i otrzyma\u0107 pe\u0142ny zwrot koszt\u00f3w - idealne rozwi\u0105zanie dla os\u00f3b, kt\u00f3re maj\u0105 zmienne plany podr\u00f3\u017cy.<\/li>\n<li><strong>Dost\u0119pno\u015b\u0107 dla wszystkich:<\/strong> Nasze wycieczki s\u0105 zaprojektowane tak, aby pomie\u015bci\u0107 wszystkich, z opcjami latania solo, w parach lub w tr\u00f3jkach. Om\u00f3w swoje preferencje z naszym przewodnikiem, aby dostosowa\u0107 swoje wra\u017cenia.<\/li>\n<\/ul>\n<h3><strong>Wskaz\u00f3wki dotycz\u0105ce fantastycznego lotu<\/strong><\/h3>\n<ul>\n<li><strong>W co si\u0119 ubra\u0107:<\/strong> Zalecamy stroje k\u0105pielowe, poniewa\u017c mo\u017cna si\u0119 troch\u0119 zmoczy\u0107. Nie zapomnij o kremie do opalania i r\u0119czniku!<\/li>\n<li><strong>Camera Ready:<\/strong> Zabierz ze sob\u0105 aparat lub telefon, aby uchwyci\u0107 wspania\u0142e widoki - tylko uwa\u017caj, aby go nie upu\u015bci\u0107!<\/li>\n<li><strong>Zdrowie i bezpiecze\u0144stwo:<\/strong> Chocia\u017c parasailing jest delikatn\u0105 aktywno\u015bci\u0105 odpowiedni\u0105 dla wszystkich grup wiekowych, nie jest zalecany dla kobiet w ci\u0105\u017cy.<\/li>\n<\/ul>\n<h3>\u2753 <strong>Cz\u0119sto zadawane pytania<\/strong><\/h3>\n<ul>\n<li><strong>Czy ka\u017cdy mo\u017ce uprawia\u0107 parasailing?<\/strong> Tak, parasailing na Teneryfie jest idealny dla os\u00f3b w wieku od 3 lat. Nie s\u0105 wymagane \u017cadne umiej\u0119tno\u015bci p\u0142ywackie, poniewa\u017c startujesz i l\u0105dujesz bezpo\u015brednio na \u0142odzi.<\/li>\n<li><strong>Jakie s\u0105 \u015brodki bezpiecze\u0144stwa?<\/strong> Bezpiecze\u0144stwo jest naszym priorytetem. Zostaniesz wyposa\u017cony w kamizelk\u0119 ratunkow\u0105, a nasi do\u015bwiadczeni przewodnicy zapewni\u0105 p\u0142ynn\u0105 prac\u0119 od startu do l\u0105dowania.<\/li>\n<\/ul>\n<h4><strong>Gotowy do lotu?<\/strong><\/h4>\n<p>Przenie\u015b swoje wakacje na Teneryfie na nowy poziom dzi\u0119ki naszym do\u015bwiadczeniom zwi\u0105zanym z parasailingiem. Zarezerwuj lot ju\u017c dzi\u015b i poczuj dreszczyk emocji unosz\u0105c si\u0119 nad pi\u0119knymi wodami Kanar\u00f3w.<\/p>","protected":false},"excerpt":{"rendered":"<p>\ud83d\udd0d <strong>Parasailing na Teneryfie:<br \/>\n<\/strong>\u2705 Bezpieczna p\u0142atno\u015b\u0107.<br \/>\nDo 3 pasa\u017cer\u00f3w na lot.<br \/>\nCzas trwania lotu 10 min.<br \/>\n\ud83c\udfde\ufe0f Wznie\u015b si\u0119 ponad ocean.<br \/>\nLoty przez ca\u0142y dzie\u0144.<br \/>\nLoty dost\u0119pne codziennie.<br \/>\n\ud83e\udd11 Gwarancja najlepszej ceny.<br \/>\n\ud83d\udc6a Zni\u017cki dla grup.<br \/>\n\ud83d\udd01 Zasady anulowania rezerwacji w ci\u0105gu 24 godzin.<br \/>\nPrzewodniki w j\u0119zyku angielskim i hiszpa\u0144skim.<br \/>\n\ud83c\udf1f Zarezerwuj z wyprzedzeniem, aby zaoszcz\u0119dzi\u0107.<br \/>\nStart z <a href=\"https:\/\/maps.app.goo.gl\/bkqEhAxsobcjz9wG9\">Puerto Col\u00f3n.<\/a><\/p>","protected":false},"featured_media":11302,"comment_status":"open","ping_status":"closed","template":"","meta":{"_acf_changed":false},"product_brand":[],"product_cat":[53],"product_tag":[],"class_list":{"0":"post-11298","1":"product","2":"type-product","3":"status-publish","4":"has-post-thumbnail","6":"product_cat-water-sports","7":"wcpa_has_options","9":"first","10":"instock","11":"virtual","12":"purchasable","13":"product-type-simple"},"acf":[],"wcpa_form_fields":{"wcpaData":{"product":{"product_price":55,"price_html":"From&nbsp;<span class=\"woocommerce-Price-amount amount\"><bdi>55,00&nbsp;<span class=\"woocommerce-Price-currencySymbol\">&euro;<\/span><\/bdi><\/span>","original_product_price":55,"price_including_tax":55,"price_excluding_tax":55,"product_id":{"parent":11298,"variation":false},"is_variable":false,"stock_status":"instock","stock_quantity":null,"parent_sku":"CV11298","product_attributes":[],"custom_fields":[],"is_taxable":false,"product_name":"Parasailing Tenerife","hasImage":false},"fields":{"sec_4661f18b33f9ea":{"extra":{"key":"sec_4661f18b33f9ea","section_id":"sec_4661f18b33f9ea","name":"Default","status":1,"cl_rule":"show","enableCl":false,"relations":[],"toggle":true,"title_tag":"h3","show_title":false,"showPrice":"default","form_id":11316,"form_rules":{"exclude_from_discount":true,"fee_label":"Fee","disp_hide_options_price":true,"disp_show_section_price":false,"disp_show_field_price":true,"layout_option":"standard","pric_use_as_fee":false,"process_fee_as":"woo_fee"},"layout_option":"standard"},"fields":[[{"label":"\ud83d\udcc5 Date","active":true,"required":true,"elementId":"date_9661f18b33fa0a","picker_type":"custom","picker_mode":"single","placeholder":"","description":"","tooltip":"","name":"date_9661f18b33fa0a","label_position":"default","desc_position":"default","enablePrice":false,"className":"","enableCl":false,"relations":[{"operator":"and","rules":[{"operator":"AND","rules":{"cl_field":"radio-group_5661bc90f5e8f5","cl_relation":"is_not_empty","cl_val":"3 Hour Trip"}}]}],"date_pic_inline":true,"date_pic_inline_hide":true,"min_date":{"type":"days","val":"0"},"max_date":{"type":"days","val":"365"},"date_pic_conf":{"disabledWeeks":[],"disabledDates":[]},"price":"","cl_rule":"show","col":6,"type":"date","error":false,"enableDesign":false,"LabelColor":"","gt_translate_keys":["label","placeholder","description","tooltip"],"price_dependency":false,"cl_dependency":false,"value":""}],[{"active":true,"col":6,"relations":false,"cl_rule":"show","enableCl":false,"price":"","enablePrice":false,"className":"","label_position":"default","desc_position":"default","type":"select","required":true,"elementId":"select_2661f18b33fa25","label":"\u23f0 Departure Time","name":"select_2661f18b33fa25","values":[{"label":"Whichever Time is Best","value":"Whichever Time is Best","selected":false,"tempId":"aco_312","gt_translate_keys":["label"]},{"label":"10:00","value":"10:00","selected":false,"tempId":"aco_313","gt_translate_keys":["label"]},{"label":"11:00","value":"11:00","selected":false,"tempId":"aco_314","gt_translate_keys":["label"]},{"label":"12:00","value":"12:00","selected":false,"tempId":"aco_711","gt_translate_keys":["label"]},{"label":"13:00 (1:00 PM)","value":"13:00","selected":false,"tempId":"aco_721","gt_translate_keys":["label"]},{"label":"14:00 (2:00 PM)","value":"14:00","selected":false,"tempId":"aco_983","gt_translate_keys":["label"]},{"label":"15:00 (3:00 PM)","value":"15:00","selected":false,"tempId":"aco_993","gt_translate_keys":["label"]},{"label":"16:00 (4:00 PM)","value":"16:00","selected":false,"tempId":"aco_1183","gt_translate_keys":["label"]}],"dropdown_type":"basic","error":false,"multiple":false,"placeholder":"None","gt_translate_keys":["label","placeholder"],"price_dependency":false,"cl_dependency":false,"value":""}],[{"active":true,"col":6,"relations":false,"cl_rule":"show","enableCl":false,"price":"","enablePrice":false,"className":"","label_position":"default","desc_position":"default","type":"separator","required":false,"elementId":"separator_6164213577","label":"Separator Field","height":"3","separatorType":"fill","error":false,"separatorColor":"#66a5b6","gt_translate_keys":["label"],"price_dependency":false,"cl_dependency":false,"value":""}],[{"active":true,"col":6,"relations":false,"cl_rule":"show","enableCl":false,"price":"","enablePrice":false,"className":"","label_position":"default","desc_position":"default","type":"content","required":false,"elementId":"content_2993137763","label":"","name":"content_2993137763","contentType":"rich","value":"<p>\ud83c\udf9f\ufe0f <strong>Reservation<\/strong>: Pay only a deposit now to reserve; the rest is due on the day of the activity upon arrival.<\/p>","error":false,"gt_translate_keys":["label","value"],"price_dependency":false,"cl_dependency":false}],[{"active":true,"col":6,"relations":[{"operator":false,"rules":[{"operator":"AND","rules":{"cl_field":"","cl_relation":"","cl_val":""}}]}],"cl_rule":"show","enableCl":true,"price":"55","enablePrice":true,"className":"","label_position":"default","desc_position":"default","type":"radio-group","required":false,"elementId":"radio-group_6661f18b33fa1a","label":"","name":"radio-group_6661f18b33fa1a","values":[{"label":"\ud83d\udc64 Participant (55\u20ac)","value":"Participant","selected":true,"tempId":"aco_32","tooltip":"","description":"","gt_translate_keys":["label","tooltip","description"]}],"layOut":"","error":false,"checkUi":"button","priceOptions":"fixed_for_all","pricingType":"fixed","enable_quantity":true,"quantity_label":"","min_quantity":"0","options_tooltip":true,"options_description":true,"is_show_price":true,"gt_translate_keys":["label","quantity_label"],"price_dependency":["content-2927599540"],"cl_dependency":false,"value":""}],[{"label":"","active":true,"required":false,"elementId":"radio-group-9560399481","name":"radio-group-9560399481","label_position":"default","desc_position":"default","enablePrice":true,"className":"","enableCl":true,"relations":[{"operator":false,"rules":[{"operator":"AND","rules":{"cl_field":"","cl_relation":"","cl_val":""}}]}],"enable_quantity":true,"quantity_label":"","min_quantity":"0","checkUi":"button","layOut":"","options_tooltip":true,"options_description":true,"values":[{"label":"\ud83d\udc40 Spectator (45\u20ac)","value":"Spectator","selected":true,"tempId":"aco_32","tooltip":"","description":"","gt_translate_keys":["label","tooltip","description"]}],"priceOptions":"fixed_for_all","pricingType":"fixed","price":"45","is_show_price":true,"cl_rule":"show","col":6,"type":"radio-group","error":false,"gt_translate_keys":["label","quantity_label"],"price_dependency":false,"cl_dependency":false,"value":""}],[{"elementId":"separator-6195229594","separatorType":"fill","separatorColor":"#66a5b6","className":"","height":"3","enableCl":false,"relations":false,"cl_rule":"show","col":6,"type":"separator","error":false,"gt_translate_keys":[],"price_dependency":false,"cl_dependency":false,"value":""}],[{"active":true,"col":6,"relations":false,"cl_rule":"show","enableCl":false,"price":"({field.radio-group_6661f18b33fa1a.quantity}*15)+({field.radio-group-9560399481.quantity}*10)","enablePrice":true,"className":"","label_position":"default","desc_position":"default","type":"content","required":false,"elementId":"content_1028160381","label":"Deposit Payment","name":"content_1028160381","contentType":"plain","value":"","error":false,"subtype":"div","pricingType":"custom","isTemplate":false,"inline":true,"show_in_checkout":true,"gt_translate_keys":["label","value"],"price_dependency":false,"cl_dependency":false}],[{"contentType":"plain","active":true,"label":"Payment at Arrival","elementId":"content-2904205255","value":"","inline":true,"show_in_checkout":true,"name":"content-2904205255","enablePrice":true,"className":"","subtype":"div","enableCl":false,"relations":false,"pricingType":"custom","isTemplate":false,"price":"({field.radio-group_6661f18b33fa1a.quantity}*40)+({field.radio-group-9560399481.quantity}*35)","is_show_price":true,"cl_rule":"show","col":6,"type":"content","error":false,"gt_translate_keys":["label","value"],"price_dependency":false,"cl_dependency":false}],[{"contentType":"plain","active":true,"label":"Total Amount","elementId":"content-2927599540","value":"","inline":true,"show_in_checkout":true,"name":"content-2927599540","enablePrice":true,"className":"","subtype":"div","enableCl":false,"relations":false,"pricingType":"custom","isTemplate":false,"price":"{field.radio-group_6661f18b33fa1a.price}+{field.radio-group-9560399481.quantity}","is_show_price":true,"cl_rule":"show","col":6,"type":"content","error":false,"gt_translate_keys":["label","value"],"price_dependency":false,"cl_dependency":false}]]}},"config":{"price_override":"always","enable_recaptcha":false,"bind_quantity":false,"quantity_bind_formula":false,"disp_summ_show_option_price":true,"disp_summ_show_product_price":false,"disp_summ_show_total_price":false,"disp_summ_show_fee":true,"disp_summ_show_discount":true,"summary_title":"","options_total_label":"Options Price","total_label":"Total Amount","options_product_label":"Product Price","fee_label":"Fee","discount_label":"Discount","has_price":true,"has_quantity_formula":false},"mc_unit":1,"tax_rate":1,"tax_rate_real":1,"discount":{"percentage":0,"fixed":0},"design":{"conf":{"LabelPosition":"above","DescPosition":"above","UploadField":"custom_1","QuantityFieldStyle":"custom_1"},"css":{"LeftLabelWidth":"120px"}},"formulas":[],"lookuptables":[],"clones":false,"cartKey":false}},"_links":{"self":[{"href":"https:\/\/canaryvip.com\/pl\/wp-json\/wp\/v2\/product\/11298","targetHints":{"allow":["GET"]}}],"collection":[{"href":"https:\/\/canaryvip.com\/pl\/wp-json\/wp\/v2\/product"}],"about":[{"href":"https:\/\/canaryvip.com\/pl\/wp-json\/wp\/v2\/types\/product"}],"replies":[{"embeddable":true,"href":"https:\/\/canaryvip.com\/pl\/wp-json\/wp\/v2\/comments?post=11298"}],"wp:featuredmedia":[{"embeddable":true,"href":"https:\/\/canaryvip.com\/pl\/wp-json\/wp\/v2\/media\/11302"}],"wp:attachment":[{"href":"https:\/\/canaryvip.com\/pl\/wp-json\/wp\/v2\/media?parent=11298"}],"wp:term":[{"taxonomy":"product_brand","embeddable":true,"href":"https:\/\/canaryvip.com\/pl\/wp-json\/wp\/v2\/product_brand?post=11298"},{"taxonomy":"product_cat","embeddable":true,"href":"https:\/\/canaryvip.com\/pl\/wp-json\/wp\/v2\/product_cat?post=11298"},{"taxonomy":"product_tag","embeddable":true,"href":"https:\/\/canaryvip.com\/pl\/wp-json\/wp\/v2\/product_tag?post=11298"}],"curies":[{"name":"wp","href":"https:\/\/api.w.org\/{rel}","templated":true}]}}