{"id":11268,"date":"2024-04-14T23:59:56","date_gmt":"2024-04-14T22:59:56","guid":{"rendered":"https:\/\/canaryvip.com\/?post_type=product&#038;p=11268"},"modified":"2025-12-02T11:33:37","modified_gmt":"2025-12-02T11:33:37","slug":"rent-a-boat-compass-160e-without-license","status":"publish","type":"product","link":"https:\/\/canaryvip.com\/pl\/shop\/rent-a-boat-compass-160e-without-license\/","title":{"rendered":"Wynajem \u0142odzi Compass 160e bez licencji"},"content":{"rendered":"<h2>Wynajem Compass 160e bez licencji w CanaryVIP<\/h2>\n<p><strong>Kieruj w\u0142asnym kursem z CanaryVIP:<\/strong> Przejmij kontrol\u0119 nad w\u0142asn\u0105 wodn\u0105 przygod\u0105 dzi\u0119ki Compass 160e, zwinnej \u0142odzi motorowej idealnej dla tych, kt\u00f3rzy chc\u0105 wynaj\u0105\u0107 \u0142\u00f3d\u017a na Teneryfie i cieszy\u0107 si\u0119 swobod\u0105 samodzielnej nawigacji.<\/p>\n<p>Dost\u0119pna od 2023 r. i zaprojektowana z kompaktow\u0105 d\u0142ugo\u015bci\u0105 5 m, ta niewymagaj\u0105ca licencji \u0142\u00f3d\u017a jest idealna dla ka\u017cdego, kto chce odkrywa\u0107 pi\u0119kno wybrze\u017ca Teneryfy dzi\u0119ki naszej us\u0142udze samodzielnego wynajmu \u0142odzi na Teneryfie.<\/p>\n<p>Odlot z kultowego <a href=\"https:\/\/maps.app.goo.gl\/F7XZ1rpbWXBTYFND9\" target=\"_blank\" rel=\"noopener\">Los Gigantes<\/a>gdzie <strong>Compass 160e<\/strong> oferuje wyj\u0105tkow\u0105 szans\u0119 na odkrycie odosobnionych miejsc, wygrzewanie si\u0119 na s\u0142o\u0144cu lub piknik na wodzie w otoczeniu krystalicznie czystych fal Atlantyku.<\/p>\n<p><strong>Rzemios\u0142o wygody i niezawodno\u015bci:<\/strong>\u00a0Compass 160e zosta\u0142 zbudowany z my\u015bl\u0105 o \u0142atwo\u015bci, wyposa\u017cony w silnik o mocy 15 KM, kt\u00f3ry zapewnia p\u0142ynn\u0105 \u017ceglug\u0119. Ta \u0142\u00f3d\u017a mo\u017ce pomie\u015bci\u0107 do 6 pasa\u017cer\u00f3w i jest idealna dla tych, kt\u00f3rzy chc\u0105 wynaj\u0105\u0107 \u0142\u00f3d\u017a na Teneryfie na p\u00f3\u0142dniowe lub ca\u0142odniowe przygody.<\/p>\n<h3>Compass 160e Teneryfa: Twoja podr\u00f3\u017c, Twoje polecenie<\/h3>\n<ul>\n<li><strong>Kompaktowa konstrukcja:<\/strong> Pilotuj zupe\u0142nie nowy Compass 160e z 2023 roku, znany ze swojego eleganckiego wygl\u0105du i wygodnej nawigacji.<\/li>\n<li><strong>Osza\u0142amiaj\u0105ca sceneria:<\/strong> \u017begluj w pobli\u017cu s\u0142ynnych klif\u00f3w Masca i Los Gigantes na Teneryfie, podziwiaj\u0105c t\u0119tni\u0105ce \u017cyciem morskie \u017cycie wok\u00f3\u0142 siebie.<\/li>\n<li><strong>Prywatne zanurzenia:<\/strong> Zarzu\u0107 kotwic\u0119 w ukrytych zatoczkach idealnych do p\u0142ywania, snorkelingu lub opalania.<\/li>\n<li><strong>Przek\u0105ski na morzu:<\/strong> Swoboda wnoszenia i korzystania z w\u0142asnego jedzenia na pok\u0142adzie zwi\u0119ksza to osobiste do\u015bwiadczenie wynajmu \u0142odzi na Teneryfie.<\/li>\n<li><strong>Obs\u0142uga bez wysi\u0142ku:<\/strong> Dzi\u0119ki przyjaznej dla u\u017cytkownika konstrukcji i stabilnym mo\u017cliwo\u015bciom p\u0142ywania, Compass 160e sprawia, \u017ce \u017ceglarstwo jest dost\u0119pne dla ka\u017cdego.<\/li>\n<\/ul>\n<h3>Kluczowe szczeg\u00f3\u0142y dotycz\u0105ce wynajmu Compass 160e<\/h3>\n<p><strong>Dostosowane do preferencji u\u017cytkownika:<\/strong> Idealny dla pary lub na wycieczk\u0119 grupow\u0105, nasz Compass 160e, odpowiedni dla maksymalnie 6 os\u00f3b, jest gotowy na ka\u017cde wydarzenie. Zapewniamy kompleksowe instrukcje, aby zapewni\u0107 bezpieczne i przyjemne wra\u017cenia na wodzie.<\/p>\n<p><strong>Wszechstronny wyb\u00f3r dla wszystkich:<\/strong> Idealny dla rodzin, przyjaci\u00f3\u0142 lub samotnych odkrywc\u00f3w, Compass 160e bez prawa jazdy pozwala do\u015bwiadczy\u0107 po\u0142\u0105czenia autonomii i malowniczego luksusu na tle wybrze\u017ca Teneryfy.<\/p>\n<h3>\ud83d\udea4 Przygotowanie do wycieczki z Compass 160e<\/h3>\n<p>Przygotuj si\u0119 na niezapomniany dzie\u0144 na morzu z niezb\u0119dnymi rzeczami, takimi jak str\u00f3j k\u0105pielowy i krem do opalania. Wszystkie niezb\u0119dne narz\u0119dzia nawigacyjne s\u0105 dostarczane przez nas, dzi\u0119ki czemu mo\u017cesz skupi\u0107 si\u0119 wy\u0142\u0105cznie na przyjemno\u015bci odkrywania.<\/p>\n<p>Nie zapomnij o aparacie fotograficznym, aby uchwyci\u0107 zapieraj\u0105ce dech w piersiach widoki wybrze\u017cy Teneryfy i \u017cycia wodnego, kt\u00f3re kwitnie poni\u017cej.<\/p>\n<h3>Punkt startowy i parking<\/h3>\n<p><strong>Rozpocznij od <a href=\"https:\/\/maps.app.goo.gl\/F7XZ1rpbWXBTYFND9\" target=\"_blank\" rel=\"noopener\">Los Gigantes<\/a>:<\/strong> Morska przygoda zaczyna si\u0119 w <strong>Puerto de Los Gigantes.<\/strong> Du\u017cy parking w porcie u\u0142atwia rozpocz\u0119cie dnia. Przyjed\u017a nieco wcze\u015bniej, aby rozpocz\u0105\u0107 podr\u00f3\u017c bez po\u015bpiechu.<\/p>\n<h3>Poznaj r\u00f3wnie\u017c: Wynajem Saxdor 200 z licencj\u0105<\/h3>\n<p>Dla tych, kt\u00f3rzy szukaj\u0105 po\u0142\u0105czenia luksusu i wydajno\u015bci, warto rozwa\u017cy\u0107 nasze <strong><a href=\"https:\/\/canaryvip.com\/pl\/shop\/rent-boat-saxdor-200-with-license\/\">Saxdor 200 z licencj\u0105.<\/a><\/strong> Ta wyrafinowana opcja jest idealna dla tych, kt\u00f3rzy chc\u0105 przej\u0105\u0107 ster i cieszy\u0107 si\u0119 najwy\u017cszej jako\u015bci do\u015bwiadczeniem \u017ceglarskim z nieco wi\u0119ksz\u0105 moc\u0105 i stylem.<\/p>\n<p>Wyruszaj\u0105cy z tego samego s\u0142ynnego Los Gigantes, Saxdor 200 oferuje najwy\u017cszej klasy \u017ceglarsk\u0105 przygod\u0119 z silnikiem o mocy 115 KM i mo\u017cliwo\u015bci\u0105 przyj\u0119cia do 6 go\u015bci. Prze\u017cyj dreszczyk emocji przecinaj\u0105c fale, ciesz\u0105c si\u0119 luksusowymi wygodami i najnowocze\u015bniejsz\u0105 konstrukcj\u0105 naszego Saxdor 200.<\/p>\n<h3>Zobowi\u0105zanie CanaryVIP wobec Ciebie<\/h3>\n<p>W CanaryVIP ponad wszystko stawiamy zadowolenie u\u017cytkownik\u00f3w. Korzystaj z elastycznych zasad anulowania, kt\u00f3re zapewniaj\u0105 bezpiecze\u0144stwo podczas rezerwacji <strong>Wynajem Compass 160e.<\/strong> Dok\u0142adamy wszelkich stara\u0144, aby zapewni\u0107 wyj\u0105tkow\u0105 obs\u0142ug\u0119, koncentruj\u0105c si\u0119 na bezpiecze\u0144stwie i pragnieniu zwi\u0119kszenia wra\u017ce\u0144 z majestatycznych w\u00f3d Teneryfy.<\/p>\n<p>Wyrusz na przygod\u0119 z <strong>Compass 160e bez licencji,<\/strong>\u00a0rejsy po wspania\u0142ych morzach Teneryfy i odkrywanie ukrytych klejnot\u00f3w wzd\u0142u\u017c wybrze\u017ca <strong>Los Gigantes.<\/strong><\/p>\n<p>Zarezerwuj ju\u017c dzi\u015b na ekskluzywn\u0105 \u017ceglarsk\u0105 przygod\u0119, kt\u00f3ra \u0142\u0105czy w sobie niezale\u017cno\u015b\u0107, komfort i nieskazitelne pi\u0119kno Wysp Kanaryjskich. Zarezerwuj teraz i stw\u00f3rz trwa\u0142e wspomnienia na morzu!<\/p>","protected":false},"excerpt":{"rendered":"<p><strong>\ud83d\udd0d Atrakcje zwi\u0105zane z wynajmem \u0142odzi:<\/strong><br \/>\n\u2705 Bezpieczna p\u0142atno\u015b\u0107.<br \/>\nBez licencji na \u0142\u00f3d\u017a.<br \/>\n\ud83d\udee5\ufe0f \u0141\u00f3d\u017a o d\u0142ugo\u015bci 5 m.<br \/>\n\u23f3 Wynajem dzienny od 2 do 8 godzin.<br \/>\n\ud83d\udd59 Konfigurowalne godziny odlot\u00f3w.<br \/>\nDo 6 os\u00f3b.<br \/>\n\ud83e\udd3f Zapewniamy sprz\u0119t do nurkowania z rurk\u0105.<br \/>\n\ud83e\udd11 Gwarancja najlepszej ceny.<br \/>\n\ud83d\udc6a  Aktywowane rabaty.<br \/>\n\ud83d\udd01 Anulowanie do 4 dni.<br \/>\n\ud83c\udf0d Obs\u0142uga wielu j\u0119zyk\u00f3w.<br \/>\n\ud83c\udf1f Rezerwuj wcze\u015bniej i oszcz\u0119dzaj!<br \/>\n\ud83d\udccd Odej\u015bcie od\u00a0<a href=\"https:\/\/maps.app.goo.gl\/F7XZ1rpbWXBTYFND9\">Los Gigantes<\/a>.<\/p>","protected":false},"featured_media":11269,"comment_status":"open","ping_status":"closed","template":"","meta":{"_acf_changed":false},"product_brand":[],"product_cat":[130],"product_tag":[],"class_list":{"0":"post-11268","1":"product","2":"type-product","3":"status-publish","4":"has-post-thumbnail","6":"product_cat-self-drive-boat-hire","7":"wcpa_has_options","9":"first","10":"instock","11":"virtual","12":"purchasable","13":"product-type-simple"},"acf":[],"wcpa_form_fields":{"wcpaData":{"product":{"product_price":220,"price_html":"From&nbsp;<span class=\"woocommerce-Price-amount amount\"><bdi>220,00&nbsp;<span class=\"woocommerce-Price-currencySymbol\">&euro;<\/span><\/bdi><\/span>","original_product_price":220,"price_including_tax":220,"price_excluding_tax":220,"product_id":{"parent":11268,"variation":false},"is_variable":false,"stock_status":"instock","stock_quantity":null,"parent_sku":"CV11268","product_attributes":[],"custom_fields":[],"is_taxable":false,"product_name":"Rent Boat Compass 160e Without License","hasImage":false},"fields":{"sec_7692ecea7b7938":{"extra":{"key":"sec_7692ecea7b7938","section_id":"sec_7692ecea7b7938","name":"Default","status":1,"cl_rule":"show","enableCl":false,"relations":[],"toggle":true,"title_tag":"h3","show_title":false,"showPrice":"default","form_id":16318,"form_rules":{"exclude_from_discount":true,"fee_label":"Fee","disp_hide_options_price":true,"disp_show_section_price":false,"disp_show_field_price":true,"layout_option":"standard","pric_use_as_fee":false,"process_fee_as":"woo_fee"},"layout_option":"standard"},"fields":[[{"label":"\ud83d\udcc5 Date","active":true,"required":true,"elementId":"date_9692ecea7b7958","picker_type":"custom","picker_mode":"single","placeholder":"","description":"","tooltip":"","name":"date_9692ecea7b7958","label_position":"default","desc_position":"default","enablePrice":false,"className":"","enableCl":false,"relations":[{"operator":"and","rules":[{"operator":"AND","rules":{"cl_field":"radio-group_565c78ffa81208","cl_relation":"is","cl_val":"3 Hour Trip"}}]}],"date_pic_inline":true,"date_pic_inline_hide":true,"min_date":{"type":"days","val":"0"},"max_date":{"type":"days","val":"365"},"date_pic_conf":{"disabledWeeks":[],"disabledDates":[]},"price":"","cl_rule":"show","col":6,"type":"date","error":false,"enableDesign":false,"LabelColor":"","isWeightTemplate":false,"isTemplate":false,"min_quantity":"1","quantity_decimal":false,"quantity_step":"1","quantity_label":"Quantity","repeater_field_label":"{field_label}","repeater_bind":"","gt_translate_keys":["label","placeholder","description","tooltip","repeater_field_label","quantity_label"],"price_dependency":false,"cl_dependency":false,"value":""}],[{"active":true,"col":6,"relations":false,"cl_rule":"show","enableCl":false,"price":"","enablePrice":true,"className":"","label_position":"default","desc_position":"default","type":"select","required":true,"elementId":"select_10692ecea7b7973","label":"\u23f3 Trip Duration","name":"select_10692ecea7b7973","values":[{"label":"2 Hours (220\u20ac)","value":"2","selected":false,"tempId":"aco_85","price":"220","gt_translate_keys":["label"]},{"label":"3 Hours (250\u20ac)","value":"3","selected":false,"tempId":"aco_556","price":"250","gt_translate_keys":["label"]},{"label":"4 Hours (310\u20ac)","value":"4","selected":false,"tempId":"aco_605","price":"310","gt_translate_keys":["label"]},{"label":"5 Hours (370\u20ac)","value":"5","selected":false,"tempId":"aco_724","price":"370","gt_translate_keys":["label"]},{"label":"6 Hours (430\u20ac)","value":"6","selected":false,"tempId":"aco_401","price":"430","gt_translate_keys":["label"]}],"dropdown_type":"basic","error":false,"placeholder":"Select Trip Duration","priceOptions":"different_for_all","pricingType":"fixed","is_show_price":false,"isWeightTemplate":false,"isTemplate":false,"min_quantity":"1","quantity_decimal":false,"quantity_step":"1","quantity_label":"Quantity","repeater_field_label":"{field_label}","repeater_bind":"","gt_translate_keys":["label","placeholder","repeater_field_label","quantity_label"],"price_dependency":false,"cl_dependency":false,"value":""}],[{"active":true,"col":6,"relations":[{"operator":false,"rules":[{"operator":"AND","rules":{"cl_field":"radio-group_565c78ffa81208","cl_relation":"is","cl_val":"3 Hour Trip"}}]}],"cl_rule":"show","enableCl":false,"price":"","enablePrice":false,"className":"","label_position":"default","desc_position":"default","type":"select","required":false,"elementId":"select_4692ecea7b79b3","label":"\u23f0 Departure Time","name":"select_4692ecea7b79b3","values":[{"label":"10:00","value":"10:00","selected":false,"tempId":"aco_1472","gt_translate_keys":["label"]},{"label":"13:00","value":"13:00","selected":false,"tempId":"aco_1500","gt_translate_keys":["label"]},{"label":"14:00","value":"14:00","selected":false,"tempId":"aco_1510","gt_translate_keys":["label"]},{"label":"15:00","value":"15:00","selected":false,"tempId":"aco_1520","gt_translate_keys":["label"]}],"dropdown_type":"basic","error":false,"placeholder":"Whichever Time is Best","isWeightTemplate":false,"isTemplate":false,"min_quantity":"1","quantity_decimal":false,"quantity_step":"1","quantity_label":"Quantity","repeater_field_label":"{field_label}","repeater_bind":"","gt_translate_keys":["label","placeholder","repeater_field_label","quantity_label"],"price_dependency":false,"cl_dependency":false,"value":""}],[{"elementId":"separator_3692ecea7b79bd","separatorType":"blank","className":"","height":"1","enableCl":false,"relations":false,"cl_rule":"show","col":6,"type":"separator","gt_translate_keys":[],"price_dependency":false,"cl_dependency":false,"value":""}],[{"label":"\u2705 Number of People","active":true,"required":true,"elementId":"select_8692ecea7b79c7","dropdown_type":"basic","placeholder":"Select Number of People","name":"select_8692ecea7b79c7","label_position":"default","desc_position":"default","enablePrice":false,"className":"","enableCl":false,"relations":[{"operator":false,"rules":[{"operator":"AND","rules":{"cl_field":"radio-group_565c78ffa81208","cl_relation":"is","cl_val":"3 Hour Trip"}}]}],"values":[{"label":"1 person","value":"1","selected":false,"tempId":"aco_1471","gt_translate_keys":["label"]},{"label":"2 people","value":"2","selected":false,"tempId":"aco_1472","gt_translate_keys":["label"]},{"label":"3 people","value":"3","selected":false,"tempId":"aco_1500","gt_translate_keys":["label"]},{"label":"4 people","value":"4","selected":false,"tempId":"aco_1510","gt_translate_keys":["label"]},{"label":"5 people","value":"5","selected":false,"tempId":"aco_1520","gt_translate_keys":["label"]},{"label":"6 people","value":"6","selected":false,"tempId":"aco_2006","gt_translate_keys":["label"]}],"price":"","cl_rule":"show","col":6,"type":"select","error":false,"isWeightTemplate":false,"isTemplate":false,"min_quantity":"1","quantity_decimal":false,"quantity_step":"1","quantity_label":"Quantity","repeater_field_label":"{field_label}","repeater_bind":"","gt_translate_keys":["label","placeholder","repeater_field_label","quantity_label"],"price_dependency":false,"cl_dependency":false,"value":""}]]}},"config":{"price_override":"always","enable_recaptcha":false,"bind_quantity":false,"quantity_bind_formula":false,"disp_summ_show_option_price":true,"disp_summ_show_product_price":false,"disp_summ_show_total_price":true,"disp_summ_show_fee":true,"disp_summ_show_discount":true,"summary_title":"","options_total_label":"Options Price","total_label":"Total Amount","options_product_label":"Product Price","fee_label":"Fee","discount_label":"Discount","has_price":true,"has_quantity_formula":false},"mc_unit":1,"tax_rate":1,"tax_rate_real":1,"discount":{"percentage":0,"fixed":0},"design":{"conf":{"LabelPosition":"above","DescPosition":"above","UploadField":"custom_1","QuantityFieldStyle":"custom_1"},"css":{"LeftLabelWidth":"120px"}},"formulas":{"fmla_1708364241278155361":"(({field.select_10692ecea7b7973.value}>=6)?(130):(({field.select_10692ecea7b7973.value}>=5)?(110):(({field.select_10692ecea7b7973.value}>=4)?(90):(({field.select_10692ecea7b7973.value}>=3)?(70):(({field.select_10692ecea7b7973.value}>=2)?(60):(0))))))","fmla_172299064258378161":"(({field.select_10692ecea7b7973.value}>=6)?(330):(({field.select_10692ecea7b7973.value}>=5)?(280):(({field.select_10692ecea7b7973.value}>=4)?(230):(({field.select_10692ecea7b7973.value}>=3)?(180):(({field.select_10692ecea7b7973.value}>=2)?(120):(0))))))"},"lookuptables":[],"clones":false,"cartKey":false}},"_links":{"self":[{"href":"https:\/\/canaryvip.com\/pl\/wp-json\/wp\/v2\/product\/11268","targetHints":{"allow":["GET"]}}],"collection":[{"href":"https:\/\/canaryvip.com\/pl\/wp-json\/wp\/v2\/product"}],"about":[{"href":"https:\/\/canaryvip.com\/pl\/wp-json\/wp\/v2\/types\/product"}],"replies":[{"embeddable":true,"href":"https:\/\/canaryvip.com\/pl\/wp-json\/wp\/v2\/comments?post=11268"}],"wp:featuredmedia":[{"embeddable":true,"href":"https:\/\/canaryvip.com\/pl\/wp-json\/wp\/v2\/media\/11269"}],"wp:attachment":[{"href":"https:\/\/canaryvip.com\/pl\/wp-json\/wp\/v2\/media?parent=11268"}],"wp:term":[{"taxonomy":"product_brand","embeddable":true,"href":"https:\/\/canaryvip.com\/pl\/wp-json\/wp\/v2\/product_brand?post=11268"},{"taxonomy":"product_cat","embeddable":true,"href":"https:\/\/canaryvip.com\/pl\/wp-json\/wp\/v2\/product_cat?post=11268"},{"taxonomy":"product_tag","embeddable":true,"href":"https:\/\/canaryvip.com\/pl\/wp-json\/wp\/v2\/product_tag?post=11268"}],"curies":[{"name":"wp","href":"https:\/\/api.w.org\/{rel}","templated":true}]}}