{"id":11181,"date":"2024-04-11T19:47:34","date_gmt":"2024-04-11T18:47:34","guid":{"rendered":"https:\/\/canaryvip.com\/?post_type=product&#038;p=11181"},"modified":"2026-03-06T15:02:30","modified_gmt":"2026-03-06T15:02:30","slug":"la-gomera-jeep-safari-from-tenerife","status":"publish","type":"product","link":"https:\/\/canaryvip.com\/pl\/shop\/la-gomera-jeep-safari-from-tenerife\/","title":{"rendered":"Safari jeepem z Teneryfy na wyspie La Gomera"},"content":{"rendered":"<h2>Rozpocznij <strong>Safari jeepem na wyspie La Gomera z Teneryfy<\/strong><\/h2>\n<p>Do\u0142\u0105cz do nas na ekscytuj\u0105cym <strong>Safari jeepem na La Gomera,<\/strong> wyj\u0105tkowy klejnot w\u015br\u00f3d Wysp Kanaryjskich. Do\u015bwiadcz kameralnej atmosfery podczas naszych ma\u0142ych wycieczek grupowych, idealnych dla rodzin lub przyjaci\u00f3\u0142, mieszcz\u0105cych do 8 pasa\u017cer\u00f3w na Jeepa.<\/p>\n<p>Zanurz si\u0119 w czaruj\u0105cym \u015bwiecie podczas podr\u00f3\u017cy przez Atlantyk z Teneryfy do wybrze\u017cy San Sebasti\u00e1n de La Gomera. Nasze wygodne promy przetransportuj\u0105 Ci\u0119 p\u0142ynnie, przygotowuj\u0105c na przygod\u0119, kt\u00f3ra \u0142\u0105czy w sobie naturalne pi\u0119kno z dziedzictwem kulturowym.<\/p>\n<p><strong>\u26a0\ufe0f <span style=\"text-decoration: underline;\">WA\u017bNA INFORMACJA:<\/span><\/strong> Nale\u017cy pami\u0119ta\u0107 o posiadaniu wa\u017cnego paszportu w dniu wycieczki. Bez wa\u017cnego paszportu nie b\u0119dziesz m\u00f3g\u0142 wej\u015b\u0107 na pok\u0142ad promu na La Gomer\u0119, a zwrot pieni\u0119dzy nie b\u0119dzie mo\u017cliwy. Upewnij si\u0119, \u017ce masz gotowy paszport, aby cieszy\u0107 si\u0119 niezapomnian\u0105 podr\u00f3\u017c\u0105 wype\u0142nion\u0105 naturalnym pi\u0119knem La Gomery.<\/p>\n<h3><strong>La Gomera - najwa\u017cniejsze atrakcje wycieczki:<\/strong><\/h3>\n<ul>\n<li>\ud83c\udf3f <strong>Park Narodowy Garajonay:<\/strong> Odkryj staro\u017cytne lasy laurowe i bujn\u0105 ziele\u0144 tego wpisanego na List\u0119 \u015awiatowego Dziedzictwa UNESCO miejsca. To raj dla mi\u0142o\u015bnik\u00f3w przyrody i spektakl r\u00f3\u017cnorodno\u015bci biologicznej.<\/li>\n<li>\ud83c\udfde\ufe0f <strong>Hermigua:<\/strong> Znana z zielonych gaj\u00f3w palmowych i produkcji kanaryjskiego soku guarapo. Odkryj, dlaczego Hermigua s\u0142ynie z wysokiej jako\u015bci \u017cycia i pi\u0119kna krajobrazu.<\/li>\n<li>\ud83c\udf74 <strong>Autentyczna kuchnia lokalna:<\/strong> Zanurz si\u0119 w tradycyjnych kanaryjskich potrawach w lokalnej restauracji, gdzie mo\u017cesz delektowa\u0107 si\u0119 smakami, kt\u00f3re sprawiaj\u0105, \u017ce kuchnia La Gomery jest niezapomniana.<\/li>\n<li>\ud83c\udf0a <strong>San Sebasti\u00e1n de La Gomera:<\/strong> Spaceruj kolorowymi uliczkami stolicy wyspy, podziwiaj jej architektoniczne pi\u0119kno i ciesz si\u0119 wolnym czasem na samodzielne zwiedzanie.<\/li>\n<li>\ud83c\udf04 <strong>Agulo:<\/strong> Jeep przez t\u0119 urocz\u0105 wiosk\u0119, znan\u0105 z w\u0105skich brukowanych uliczek i zapieraj\u0105cych dech w piersiach widok\u00f3w na Atlantyk.<\/li>\n<li>\ud83c\udfd6\ufe0f <strong>Laguna Grande:<\/strong> Niezwyk\u0142e i spokojne miejsce idealne do kontemplacji w Garajonay. Jego wyj\u0105tkowe otoczenie sprawia, \u017ce jest to kluczowy przystanek na naszej trasie.<\/li>\n<\/ul>\n<h3><strong>Co obejmuje nasza wycieczka La Gomera Jeep Safari Tour:<\/strong><\/h3>\n<ul>\n<li>\ud83d\ude90 <strong>Transport w obie strony:<\/strong> Oferujemy wygodny odbi\u00f3r i dow\u00f3z z miejsca zakwaterowania lub pobliskiej lokalizacji w Puerto de la Cruz lub Playa de las Am\u00e9ricas.<\/li>\n<li>\u26f4\ufe0f <strong>Transfery promowe:<\/strong> Ciesz si\u0119 p\u0142ynnymi rejsami promowymi do i z La Gomery, zapewniaj\u0105c wygodn\u0105 podr\u00f3\u017c przez Atlantyk.<\/li>\n<li>\ud83c\udf7d\ufe0f <strong>Lunch i lokalne degustacje:<\/strong> W cen\u0119 wliczony jest pyszny posi\u0142ek, kt\u00f3ry pozwoli skosztowa\u0107 lokalnych przysmak\u00f3w kulinarnych.<\/li>\n<li>\ud83d\udde3\ufe0f <strong>Obs\u0142uga wielu j\u0119zyk\u00f3w:<\/strong> Nasze wycieczki s\u0105 dost\u0119pne w wielu j\u0119zykach, w tym hiszpa\u0144skim, angielskim, niemieckim, francuskim, w\u0142oskim, holenderskim i polskim, aby zaspokoi\u0107 potrzeby naszych r\u00f3\u017cnorodnych go\u015bci.<\/li>\n<\/ul>\n<h3><b>Zasady rezerwacji i elastyczno\u015b\u0107<\/b><\/h3>\n<p><span style=\"font-weight: 400;\">\ud83d\udd01 <\/span><b>Bezp\u0142atne anulowanie do 48 godzin:<\/b><span style=\"font-weight: 400;\"> Plany mog\u0105 ulec zmianie. U\u017cytkownik mo\u017ce anulowa\u0107 lub zmodyfikowa\u0107 rezerwacj\u0119 do <\/span><b>48 godzin przed aktywno\u015bci\u0105<\/b><span style=\"font-weight: 400;\"> i otrzyma\u0107 pe\u0142ny zwrot pieni\u0119dzy.<\/span><\/p>\n<p><span style=\"font-weight: 400;\">\ud83d\udeab <\/span><b>Zasady dotycz\u0105ce niestawienia si\u0119:<\/b><span style=\"font-weight: 400;\"> Je\u015bli u\u017cytkownik nie we\u017amie udzia\u0142u w zaj\u0119ciach lub przyb\u0119dzie na nie zbyt p\u00f3\u017ano, rezerwacja zostanie uznana za niewa\u017cn\u0105. <\/span><b>nie pojawienia si\u0119 i nie podlega zwrotowi<\/b><span style=\"font-weight: 400;\">.<\/span><\/p>\n<p><span style=\"font-weight: 400;\">\ud83c\udf0a <\/span><b>Warunki pogodowe:<\/b><span style=\"font-weight: 400;\"> Je\u015bli wycieczka nie mo\u017ce si\u0119 odby\u0107 z powodu niebezpiecznych warunk\u00f3w pogodowych, u\u017cytkownik ma mo\u017cliwo\u015b\u0107 <\/span><b>zmieni\u0107 termin na inny dzie\u0144 lub otrzyma\u0107 pe\u0142ny zwrot pieni\u0119dzy<\/b><span style=\"font-weight: 400;\">.<\/span><\/p>\n<h4><strong>Zarezerwuj swoj\u0105 przygod\u0119 Jeep Safari na La Gomera ju\u017c dzi\u015b!<\/strong><\/h4>\n<p>Nie przegap tej wyj\u0105tkowej okazji, aby odkry\u0107 osza\u0142amiaj\u0105ce krajobrazy i bogactwo kulturowe <a href=\"https:\/\/www.google.com\/maps\/place\/La+Gomera\/@28.1188754,-17.3060924,12z\/data=!3m1!4b1!4m6!3m5!1s0xc6ae33697cbc54d:0x59c58fe23f47d04e!8m2!3d28.1033035!4d-17.2193578!16zL20vMDFnNG1q?entry=ttu\" target=\"_blank\" rel=\"noopener\">La Gomera<\/a> z <a href=\"https:\/\/canaryvip.com\/pl\/\">CanaryVIP.<\/a><\/p>\n<p>Od magicznych las\u00f3w Garajonay po urokliwe uliczki Agulo i nie tylko, wyrusz w podr\u00f3\u017c pe\u0142n\u0105 odkry\u0107 i przyg\u00f3d. Zarezerwuj swoje miejsce ju\u017c teraz i do\u015bwiadcz tego, co najlepsze w La Gomera!<\/p>","protected":false},"excerpt":{"rendered":"<p>\ud83d\udd0d <strong>Najwa\u017cniejsze atrakcje wycieczki:<\/strong><br \/>\n\u2705 Bezpieczna p\u0142atno\u015b\u0107.<br \/>\n\ud83c\uddee\ud83c\udde8 Odwied\u017a wysp\u0119 La Gomera.<br \/>\n\ud83c\udf33 Odwied\u017a park Garajonay.<br \/>\n\ud83d\udde3\ufe0f Gwizdanie na \u017cywo.<br \/>\n\ud83c\udf7d\ufe0f Kanaryjski lunch wliczony w cen\u0119.<br \/>\n\ud83d\udcc5 Od poniedzia\u0142ku do soboty.<br \/>\n\u23f0 Czas trwania: oko\u0142o 9 godzin.<br \/>\n\ud83d\ude8c Odbi\u00f3r i dow\u00f3z z hotelu.<br \/>\n\ud83d\udd04 Bezp\u0142atne anulowanie rezerwacji w ci\u0105gu 48 godzin.<br \/>\n\ud83c\udf0d Przewodnik w Twoim j\u0119zyku.<br \/>\n\ud83e\udd11 Gwarancja najlepszej ceny.<br \/>\n\ud83c\udf1f Zarezerwuj teraz i zaoszcz\u0119d\u017a!<\/p>","protected":false},"featured_media":11183,"comment_status":"open","ping_status":"closed","template":"","meta":{"_acf_changed":false},"product_brand":[],"product_cat":[67],"product_tag":[],"class_list":{"0":"post-11181","1":"product","2":"type-product","3":"status-publish","4":"has-post-thumbnail","6":"product_cat-jeep-tours","7":"wcpa_has_options","9":"first","10":"instock","11":"virtual","12":"purchasable","13":"product-type-simple"},"acf":[],"wcpa_form_fields":{"wcpaData":{"product":{"product_price":145,"price_html":"From&nbsp;<span class=\"woocommerce-Price-amount amount\"><bdi>145,00&nbsp;<span class=\"woocommerce-Price-currencySymbol\">&euro;<\/span><\/bdi><\/span>","original_product_price":145,"price_including_tax":145,"price_excluding_tax":145,"product_id":{"parent":11181,"variation":false},"is_variable":false,"stock_status":"instock","stock_quantity":null,"parent_sku":"CV11181","product_attributes":[],"custom_fields":[],"is_taxable":false,"product_name":"La Gomera Jeep Safari from Tenerife","hasImage":false},"fields":{"sec_36619078bba64e":{"extra":{"key":"sec_36619078bba64e","section_id":"sec_36619078bba64e","name":"Tickets","status":1,"cl_rule":"show","enableCl":false,"relations":[{"operator":false,"rules":[{"operator":"AND","rules":{"cl_field":"radio-group_665df45fcbc30b","cl_relation":"is","cl_val":"Siam Park Regular Tickets"}}]}],"toggle":true,"title_tag":"h4","show_title":false,"showPrice":"default","form_id":11188,"form_rules":{"exclude_from_discount":true,"fee_label":"Fee","disp_hide_options_price":true,"disp_show_section_price":false,"disp_show_field_price":true,"layout_option":"standard","pric_use_as_fee":false,"process_fee_as":"woo_fee"},"layout_option":"standard"},"fields":[[{"active":true,"col":6,"relations":false,"cl_rule":"show","enableCl":false,"price":"","enablePrice":false,"className":"","label_position":"default","desc_position":"default","type":"select","required":true,"elementId":"select_06619078bba6b6","label":"\ud83c\udf0e Language","name":"select_06619078bba6b6","values":[{"label":"English","value":"English","selected":false,"tempId":"aco_1213","gt_translate_keys":["label"]},{"label":"Dutch","value":"Dutch","selected":false,"tempId":"aco_693","gt_translate_keys":["label"]},{"label":"German","value":"German","selected":false,"tempId":"aco_1567","gt_translate_keys":["label"]},{"label":"French","value":"French","selected":false,"tempId":"aco_1215","gt_translate_keys":["label"]},{"label":"Polish","value":"Polish","selected":false,"tempId":"aco_1212","gt_translate_keys":["label"]},{"label":"Italian","value":"Italian","selected":false,"tempId":"aco_611","gt_translate_keys":["label"]},{"label":"Spanish","value":"Spanish","selected":false,"tempId":"aco_1214","gt_translate_keys":["label"]}],"dropdown_type":"basic","error":false,"placeholder":"None","gt_translate_keys":["label","placeholder"],"price_dependency":false,"cl_dependency":["date_86619078bba66f","date_86619078bba66f","date_86619078bba66f","date-8573541398","date-8573541398","date-0948401647","date-1264231762"],"value":""}],[{"label":"\ud83d\udcc5 Date","active":true,"required":true,"elementId":"date_86619078bba66f","picker_type":"custom","picker_mode":"single","placeholder":"","description":"","tooltip":"","name":"date_86619078bba66f","label_position":"default","desc_position":"default","enablePrice":false,"className":"","enableCl":true,"relations":[{"operator":"and","rules":[{"operator":"or","rules":{"cl_field":"select_06619078bba6b6","cl_relation":"is","cl_val":"Dutch"}},{"operator":"or","rules":{"cl_field":"select_06619078bba6b6","cl_relation":"is","cl_val":"German"}},{"operator":"AND","rules":{"cl_field":"select_06619078bba6b6","cl_relation":"is","cl_val":"French"}}]}],"date_pic_inline":true,"date_pic_inline_hide":true,"min_date":{"type":"days","val":"3"},"max_date":{"type":"days","val":"365"},"date_pic_conf":{"disabledWeeks":[0,6]},"price":"","cl_rule":"show","col":6,"type":"date","error":false,"enableDesign":false,"LabelColor":"","isWeightTemplate":false,"isTemplate":false,"min_quantity":"1","quantity_decimal":false,"quantity_step":"1","quantity_label":"Quantity","repeater_field_label":"{field_label}","repeater_bind":"","gt_translate_keys":["label","placeholder","description","tooltip","repeater_field_label","quantity_label"],"price_dependency":false,"cl_dependency":false,"value":""}],[{"label":"\ud83d\udcc5 Date","active":true,"required":true,"elementId":"date-8573541398","picker_type":"custom","picker_mode":"single","placeholder":"","description":"","tooltip":"","name":"date-8573541398","label_position":"default","desc_position":"default","enablePrice":false,"className":"","enableCl":true,"relations":[{"operator":"and","rules":[{"operator":"or","rules":{"cl_field":"select_06619078bba6b6","cl_relation":"is","cl_val":"English"}},{"operator":false,"rules":{"cl_field":"select_06619078bba6b6","cl_relation":"is","cl_val":"Spanish"}}]}],"enableDesign":false,"LabelColor":"","date_pic_inline":true,"date_pic_inline_hide":true,"min_date":{"type":"days","val":"3"},"max_date":{"type":"days","val":"365"},"date_pic_conf":{"disabledWeeks":[0,2,3,6,4]},"price":"","cl_rule":"show","col":6,"type":"date","error":false,"isWeightTemplate":false,"isTemplate":false,"min_quantity":"1","quantity_decimal":false,"quantity_step":"1","quantity_label":"Quantity","repeater_field_label":"{field_label}","repeater_bind":"","gt_translate_keys":["label","placeholder","description","tooltip","repeater_field_label","quantity_label"],"price_dependency":false,"cl_dependency":false,"value":""}],[{"label":"\ud83d\udcc5 Date","active":true,"required":true,"elementId":"date-0948401647","picker_type":"custom","picker_mode":"single","placeholder":"","description":"","tooltip":"","name":"date-0948401647","label_position":"default","desc_position":"default","enablePrice":false,"className":"","enableCl":true,"relations":[{"operator":"and","rules":[{"operator":false,"rules":{"cl_field":"select_06619078bba6b6","cl_relation":"is","cl_val":"Polish"}}]}],"enableDesign":false,"LabelColor":"","date_pic_inline":true,"date_pic_inline_hide":true,"min_date":{"type":"days","val":"3"},"max_date":{"type":"days","val":"365"},"date_pic_conf":{"disabledWeeks":[0,2,4,5]},"price":"","cl_rule":"show","col":6,"type":"date","error":false,"isWeightTemplate":false,"isTemplate":false,"min_quantity":"1","quantity_decimal":false,"quantity_step":"1","quantity_label":"Quantity","repeater_field_label":"{field_label}","repeater_bind":"","gt_translate_keys":["label","placeholder","description","tooltip","repeater_field_label","quantity_label"],"price_dependency":false,"cl_dependency":false,"value":""}],[{"label":"\ud83d\udcc5 Date","active":true,"required":true,"elementId":"date-1264231762","picker_type":"custom","picker_mode":"single","placeholder":"","description":"","tooltip":"","name":"date-1264231762","label_position":"default","desc_position":"default","enablePrice":false,"className":"","enableCl":true,"relations":[{"operator":"and","rules":[{"operator":false,"rules":{"cl_field":"select_06619078bba6b6","cl_relation":"is","cl_val":"Italian"}}]}],"enableDesign":false,"LabelColor":"","date_pic_inline":true,"date_pic_inline_hide":true,"min_date":{"type":"days","val":"3"},"max_date":{"type":"days","val":"365"},"date_pic_conf":{"disabledWeeks":[0,1,2,3,5,6]},"price":"","cl_rule":"show","col":6,"type":"date","error":false,"isWeightTemplate":false,"isTemplate":false,"min_quantity":"1","quantity_decimal":false,"quantity_step":"1","quantity_label":"Quantity","repeater_field_label":"{field_label}","repeater_bind":"","gt_translate_keys":["label","placeholder","description","tooltip","repeater_field_label","quantity_label"],"price_dependency":false,"cl_dependency":false,"value":""}],[{"elementId":"separator_76619078bba67e","separatorType":"blank","className":"","height":"10","enableCl":false,"relations":false,"cl_rule":"show","col":6,"type":"separator","gt_translate_keys":[],"price_dependency":false,"cl_dependency":false,"value":""}],[{"active":true,"col":6,"relations":false,"cl_rule":"show","enableCl":false,"price":"","enablePrice":false,"className":"","label_position":"default","desc_position":"default","type":"content","required":false,"elementId":"content_106619078bba68a","label":"People","name":"content_106619078bba68a","contentType":"plain","value":"","error":false,"show_in_checkout":true,"inline":false,"gt_translate_keys":["label","value"],"price_dependency":false,"cl_dependency":false}],[{"active":true,"col":6,"relations":[{"operator":false,"rules":[{"operator":"AND","rules":{"cl_field":"","cl_relation":"","cl_val":""}}]}],"cl_rule":"show","enableCl":false,"price":"145","enablePrice":true,"className":"","label_position":"default","desc_position":"default","type":"radio-group","required":false,"elementId":"radio-group_96619078bba696","label":"","name":"radio-group_96619078bba696","values":[{"label":"\ud83d\udc64 Adult (145\u20ac)","value":"Adult","selected":true,"tempId":"aco_32","tooltip":"+12 Years","description":"","gt_translate_keys":["label","tooltip","description"]}],"layOut":"","error":false,"checkUi":"button","priceOptions":"fixed_for_all","pricingType":"fixed","enable_quantity":true,"quantity_label":"","min_quantity":"0","options_tooltip":true,"options_description":true,"isWeightTemplate":false,"isTemplate":false,"quantity_decimal":false,"quantity_step":"1","repeater_field_label":"{field_label}","repeater_bind":"","gt_translate_keys":["label","repeater_field_label","quantity_label"],"price_dependency":false,"cl_dependency":false,"value":""}],[{"label":"","active":true,"required":false,"elementId":"radio-group_56619078bba6a2","name":"radio-group_56619078bba6a2","label_position":"default","desc_position":"default","enablePrice":true,"className":"","enableCl":false,"relations":false,"enable_quantity":true,"quantity_label":"","min_quantity":"0","checkUi":"button","layOut":"","values":[{"label":"\ud83d\udc66 Child (118\u20ac)","value":"Child","selected":true,"tempId":"aco_32","tooltip":"3-11 Years","description":"","gt_translate_keys":["label","tooltip","description"]}],"priceOptions":"fixed_for_all","pricingType":"fixed","price":"118","cl_rule":"show","col":6,"type":"radio-group","error":false,"options_tooltip":true,"options_description":true,"isWeightTemplate":false,"isTemplate":false,"quantity_decimal":false,"quantity_step":"1","repeater_field_label":"{field_label}","repeater_bind":"","gt_translate_keys":["label","repeater_field_label","quantity_label"],"price_dependency":false,"cl_dependency":false,"value":""}],[{"label":"","active":true,"required":false,"elementId":"radio-group_96619078bba6ad","name":"radio-group_96619078bba6ad","label_position":"default","desc_position":"default","enablePrice":true,"className":"","enableCl":false,"relations":false,"enable_quantity":true,"quantity_label":"","min_quantity":"0","checkUi":"button","layOut":"","options_tooltip":true,"options_description":true,"values":[{"label":"\ud83d\udc76 Toddler (6,25\u20ac)","value":"Toddler","selected":true,"tempId":"aco_32","tooltip":"0-2 Years","description":"","gt_translate_keys":["label","tooltip","description"]}],"priceOptions":"fixed_for_all","pricingType":"fixed","price":"6,25","cl_rule":"show","col":6,"type":"radio-group","error":false,"gt_translate_keys":["label","quantity_label"],"price_dependency":false,"cl_dependency":false,"value":""}],[{"active":true,"col":6,"relations":false,"cl_rule":"show","enableCl":false,"price":"","enablePrice":false,"className":"","label_position":"default","desc_position":"default","type":"separator","required":false,"elementId":"separator_86619078bba6c1","label":"Separator Field","height":"7","separatorType":"blank","error":false,"gt_translate_keys":["label"],"price_dependency":false,"cl_dependency":false,"value":""}],[{"active":true,"col":6,"relations":false,"cl_rule":"show","enableCl":false,"price":"","enablePrice":false,"className":"","label_position":"default","desc_position":"default","type":"text","subtype":"text","required":true,"elementId":"text_76619078bba6ca","label":"\ud83d\ude8c Pickup Location","name":"text_76619078bba6ca","value":"","description":"Free pick-up service in Tenerife South. Simply provide your address or hotel name.","error":false,"isWeightTemplate":false,"isTemplate":false,"min_quantity":"1","quantity_decimal":false,"quantity_step":"1","quantity_label":"Quantity","repeater_field_label":"{field_label}","repeater_bind":"","gt_translate_keys":["label","description","value","repeater_field_label","quantity_label"],"price_dependency":false,"cl_dependency":false}]]}},"config":{"price_override":"always","enable_recaptcha":false,"bind_quantity":false,"quantity_bind_formula":false,"disp_summ_show_option_price":true,"disp_summ_show_product_price":false,"disp_summ_show_total_price":true,"disp_summ_show_fee":true,"disp_summ_show_discount":true,"summary_title":"","options_total_label":"Options Price","total_label":"Total Amount","options_product_label":"Product Price","fee_label":"Fee","discount_label":"Discount","has_price":true,"has_quantity_formula":false},"mc_unit":1,"tax_rate":1,"tax_rate_real":1,"discount":{"percentage":0,"fixed":0},"design":{"conf":{"LabelPosition":"above","DescPosition":"above","UploadField":"custom_1","QuantityFieldStyle":"custom_1"},"css":{"LeftLabelWidth":"120px"}},"formulas":[],"lookuptables":[],"clones":false,"cartKey":false}},"_links":{"self":[{"href":"https:\/\/canaryvip.com\/pl\/wp-json\/wp\/v2\/product\/11181","targetHints":{"allow":["GET"]}}],"collection":[{"href":"https:\/\/canaryvip.com\/pl\/wp-json\/wp\/v2\/product"}],"about":[{"href":"https:\/\/canaryvip.com\/pl\/wp-json\/wp\/v2\/types\/product"}],"replies":[{"embeddable":true,"href":"https:\/\/canaryvip.com\/pl\/wp-json\/wp\/v2\/comments?post=11181"}],"wp:featuredmedia":[{"embeddable":true,"href":"https:\/\/canaryvip.com\/pl\/wp-json\/wp\/v2\/media\/11183"}],"wp:attachment":[{"href":"https:\/\/canaryvip.com\/pl\/wp-json\/wp\/v2\/media?parent=11181"}],"wp:term":[{"taxonomy":"product_brand","embeddable":true,"href":"https:\/\/canaryvip.com\/pl\/wp-json\/wp\/v2\/product_brand?post=11181"},{"taxonomy":"product_cat","embeddable":true,"href":"https:\/\/canaryvip.com\/pl\/wp-json\/wp\/v2\/product_cat?post=11181"},{"taxonomy":"product_tag","embeddable":true,"href":"https:\/\/canaryvip.com\/pl\/wp-json\/wp\/v2\/product_tag?post=11181"}],"curies":[{"name":"wp","href":"https:\/\/api.w.org\/{rel}","templated":true}]}}