{"id":10904,"date":"2024-04-08T11:19:03","date_gmt":"2024-04-08T10:19:03","guid":{"rendered":"https:\/\/canaryvip.com\/?post_type=product&#038;p=10904"},"modified":"2025-06-28T21:05:29","modified_gmt":"2025-06-28T20:05:29","slug":"rent-boat-saxdor-200-with-license","status":"publish","type":"product","link":"https:\/\/canaryvip.com\/pl\/shop\/rent-boat-saxdor-200-with-license\/","title":{"rendered":"Wynajem \u0142odzi Saxdor 200 z licencj\u0105 Teneryfa"},"content":{"rendered":"<h2>Wynajem Saxdor 200 z licencj\u0105 w CanaryVIP<\/h2>\n<p><strong>Przejmij ster w swojej morskiej przygodzie z CanaryVIP:<\/strong> Zarz\u0105dzaj swoim w\u0142asnym dniem na morzu dzi\u0119ki Saxdor 200, wyr\u00f3\u017cniaj\u0105cej si\u0119 otwartej \u0142odzi, kt\u00f3ra \u0142\u0105czy nowoczesny design z mo\u017cliwo\u015bci\u0105 ca\u0142odziennego \u017ceglowania.<\/p>\n<p>Ten urodzony w 2023 r. i elegancki jacht o d\u0142ugo\u015bci 6 m jest idealny dla tych, kt\u00f3rzy chc\u0105 porusza\u0107 si\u0119 po wodach Teneryfy ze stylem i \u0142atwo\u015bci\u0105.<br \/>\nWyp\u0142yni\u0119cie z malowniczego <a href=\"https:\/\/maps.app.goo.gl\/F7XZ1rpbWXBTYFND9\" target=\"_blank\" rel=\"noopener\">Los Gigantes,<\/a> w <strong>Saxdor 200 z licencj\u0105<\/strong>\u00a0To wyj\u0105tkowa okazja do odkrywania ukrytych zatok, wygrzewania si\u0119 w s\u0142o\u0144cu na pok\u0142adzie lub zjedzenia lunchu na pok\u0142adzie w\u015br\u00f3d lazurowych fal Atlantyku.<\/p>\n<p><strong>Statek elegancji i wydajno\u015bci:<\/strong>\u00a0Saxdor 200 zosta\u0142 zaprojektowany z my\u015bl\u0105 o doskona\u0142o\u015bci, wyposa\u017cony w silnik o mocy 115 KM, kt\u00f3ry precyzyjnie sunie po wodzie. Dzi\u0119ki pojemno\u015bci dla 6 pasa\u017cer\u00f3w i zbiornikowi paliwa gotowemu na przygod\u0119, ta \u0142\u00f3d\u017a jest bram\u0105 do skarb\u00f3w Teneryfy Po\u0142udniowej.<\/p>\n<h3>Saxdor 200 na Teneryfie: Tw\u00f3j dzie\u0144, Twoja droga<\/h3>\n<ul>\n<li><strong>Wyrafinowany design:<\/strong> Ciesz si\u0119 luksusem pilotowania Saxdora 200 z 2023 roku, znanego ze stylowego wygl\u0105du i wygodnych siedze\u0144.<\/li>\n<li><strong>Niezapomniane widoki:<\/strong> Pop\u0142y\u0144 w kierunku s\u0142ynnych klif\u00f3w Masca i Los Gigantes, gdzie \u017cycie morskie kwitnie w swoim naturalnym \u015brodowisku.<\/li>\n<li><strong>Odosobnione k\u0105piele:<\/strong> Zakotwicz w spokojnych zatokach, idealnych do p\u0142ywania, nurkowania lub po prostu wygrzewania si\u0119 na s\u0142o\u0144cu.<\/li>\n<li><strong>Przyjemno\u015bci na pok\u0142adzie:<\/strong> Wynajem obejmuje swobod\u0119 delektowania si\u0119 posi\u0142kami na wodzie, wzbogacaj\u0105c doznania kulinarnymi przysmakami.<\/li>\n<li><strong>Bezproblemowe \u017ceglowanie:<\/strong> Dzi\u0119ki mocnemu silnikowi i \u0142atwej obs\u0142udze, Saxdor 200 zapewnia p\u0142ynn\u0105 podr\u00f3\u017c przez fale.<\/li>\n<\/ul>\n<h3>\u2728 Szczeg\u00f3\u0142y dotycz\u0105ce wynajmu Saxdor 200<\/h3>\n<p><strong>Do\u015bwiadczenie dostosowane do Ciebie:<\/strong> Niezale\u017cnie od tego, czy szukasz intymnej wycieczki we dwoje, czy \u017cywio\u0142owej wycieczki z przyjaci\u00f3\u0142mi, nasz Saxdor 200, mieszcz\u0105cy do 6 os\u00f3b, jest wyposa\u017cony na ka\u017cd\u0105 okazj\u0119. Ka\u017cdy wynajem obejmuje kompleksowe wskaz\u00f3wki, dzi\u0119ki czemu czas sp\u0119dzony na morzu jest zar\u00f3wno bezpieczny, jak i przyjemny.<\/p>\n<p><strong>Wypo\u017cyczalnia, kt\u00f3ra zaspokoi potrzeby ka\u017cdego:<\/strong> Idealny dla rodzin, grup lub samotnych poszukiwaczy przyg\u00f3d, Saxdor 200 z licencj\u0105 obiecuje niezr\u00f3wnane po\u0142\u0105czenie luksusu i przygody, uzupe\u0142nione osza\u0142amiaj\u0105cym t\u0142em wybrze\u017ca Teneryfy.<\/p>\n<h3>\ud83d\udea4 Przygotowanie do podr\u00f3\u017cy Saxdor 200<\/h3>\n<p>Przygotuj si\u0119 na wyj\u0105tkowy dzie\u0144 na wodzie dzi\u0119ki niezb\u0119dnym elementom, takim jak str\u00f3j k\u0105pielowy i krem z filtrem przeciws\u0142onecznym. Zapewniamy ca\u0142y niezb\u0119dny sprz\u0119t nawigacyjny, pozwalaj\u0105c ci skupi\u0107 si\u0119 na odkrywaniu i rado\u015bci z \u017ceglowania.<\/p>\n<p>Upewnij si\u0119, \u017ce aparat jest pod r\u0119k\u0105, aby uchwyci\u0107 pi\u0119kno wybrze\u017cy Teneryfy i \u017cycie morskie, kt\u00f3re ta\u0144czy pod falami. Dzi\u0119ki CanaryVIP ka\u017cda chwila na pok\u0142adzie Saxdor 200 b\u0119dzie niezapomniana.<\/p>\n<h3>Punkt wej\u015bcia na pok\u0142ad i parking<\/h3>\n<p><strong>Wyruszy\u0107 z <a href=\"https:\/\/maps.app.goo.gl\/F7XZ1rpbWXBTYFND9\" target=\"_blank\" rel=\"noopener\">Los Gigantes<\/a>:<\/strong> Twoja \u017ceglarska przygoda zaczyna si\u0119 w <strong>Puerto de Los Gigantes.<\/strong> Wygodny parking w porcie pozwala na bezstresowe rozpocz\u0119cie wycieczki. Zalecamy przybycie nieco wcze\u015bniej, aby zapewni\u0107 sprawny odlot.<\/p>\n<h3>Dost\u0119pne r\u00f3wnie\u017c: Wypo\u017cycz Compass 160e bez licencji<\/h3>\n<p>Dla tych, kt\u00f3rzy wol\u0105 bardziej swobodne \u017ceglowanie, oferujemy r\u00f3wnie\u017c<strong> <a href=\"https:\/\/canaryvip.com\/pl\/shop\/rent-boat-compass-160e-without-license\/\">Compass 160e,<\/a><\/strong> dost\u0119pne do wynaj\u0119cia \u0142odzi bez licencji. Ta opcja jest idealna dla poszukiwaczy przyg\u00f3d, kt\u00f3rzy chc\u0105 sterowa\u0107 w\u0142asnym kursem po pi\u0119knych wodach Teneryfy.<\/p>\n<p>Wyrusz z tej samej dogodnej lokalizacji w Puerto de Los Gigantes i odkryj wolno\u015b\u0107 morza bez konieczno\u015bci posiadania licencji \u017ceglarskiej. Niezale\u017cnie od tego, czy chcesz odkrywa\u0107 zaciszne zatoczki, czy po prostu cieszy\u0107 si\u0119 otwart\u0105 wod\u0105 we w\u0142asnym tempie, Compass 160e to niezawodny i stylowy wyb\u00f3r.<\/p>\n<h3>Zobowi\u0105zanie CanaryVIP wobec u\u017cytkownika<\/h3>\n<p>W CanaryVIP Twoje zadowolenie jest dla nas najwa\u017cniejsze. Korzystaj z elastycznych zasad anulowania rezerwacji, zapewniaj\u0105c sobie spok\u00f3j ducha podczas rezerwacji jachtu Saxdor 200. Naszym celem jest oferowanie niezwyk\u0142ych wra\u017ce\u0144, podkre\u015blonych skrupulatn\u0105 dba\u0142o\u015bci\u0105 o bezpiecze\u0144stwo i pasj\u0105 do dzielenia si\u0119 wspania\u0142o\u015bci\u0105 m\u00f3rz Teneryfy.<\/p>\n<p>Wyrusz w odkrywcz\u0105 podr\u00f3\u017c z aplikacj\u0105 <strong>Saxdor 200 z licencj\u0105,<\/strong>\u00a0\u017ceglowanie po majestatycznych wodach Teneryfy i odkrywanie ukrytych klejnot\u00f3w wzd\u0142u\u017c wybrze\u017ca <strong>Los Gigantes.<\/strong><\/p>\n<p>Zarezerwuj ju\u017c teraz ekskluzywn\u0105 morsk\u0105 przygod\u0119, kt\u00f3ra \u0142\u0105czy w sobie wolno\u015b\u0107, luksus i naturalne pi\u0119kno Wysp Kanaryjskich.<\/p>","protected":false},"excerpt":{"rendered":"<p><strong>Karta No Worries:<\/strong><br \/>\n\u2705 Bezpieczna p\u0142atno\u015b\u0107.<br \/>\nWymagana licencja na \u0142\u00f3d\u017a.<br \/>\n\ud83d\udee5\ufe0f \u0141\u00f3d\u017a o d\u0142ugo\u015bci 6 m.<br \/>\nWynajem dzienny od 3 do 8 godzin.<br \/>\n\ud83d\udd59 Konfigurowalne godziny odlot\u00f3w.<br \/>\nDo 6 os\u00f3b.<br \/>\n\ud83e\udd3f Zapewniamy sprz\u0119t do nurkowania z rurk\u0105.<br \/>\n\ud83e\udd11 Gwarancja najlepszej ceny.<br \/>\n\ud83d\udc6a  Aktywowane rabaty.<br \/>\n\ud83d\udd01 Anulowanie do 4 dni.<br \/>\n\ud83c\udf0d Wieloj\u0119zyczna za\u0142oga.<br \/>\n\ud83c\udf1f Rezerwuj wcze\u015bniej i oszcz\u0119dzaj!<br \/>\n\ud83d\udccd Odej\u015bcie od\u00a0<a href=\"https:\/\/maps.app.goo.gl\/F7XZ1rpbWXBTYFND9\">Los Gigantes<\/a>.<\/p>","protected":false},"featured_media":11029,"comment_status":"open","ping_status":"closed","template":"","meta":{"_acf_changed":false},"product_brand":[],"product_cat":[130],"product_tag":[],"class_list":{"0":"post-10904","1":"product","2":"type-product","3":"status-publish","4":"has-post-thumbnail","6":"product_cat-self-drive-boat-hire","7":"wcpa_has_options","9":"first","10":"instock","11":"virtual","12":"purchasable","13":"product-type-simple"},"acf":[],"wcpa_form_fields":{"wcpaData":{"product":{"product_price":300,"price_html":"From&nbsp;<span class=\"woocommerce-Price-amount amount\"><bdi>300,00&nbsp;<span class=\"woocommerce-Price-currencySymbol\">&euro;<\/span><\/bdi><\/span>","original_product_price":300,"price_including_tax":300,"price_excluding_tax":300,"product_id":{"parent":10904,"variation":false},"is_variable":false,"stock_status":"instock","stock_quantity":null,"parent_sku":"CV10904","product_attributes":[],"custom_fields":[],"is_taxable":false,"product_name":"Rent Boat Saxdor 200 with License Tenerife","hasImage":false},"fields":{"sec_4668282996d361":{"extra":{"key":"sec_4668282996d361","section_id":"sec_4668282996d361","name":"Contact us","status":1,"cl_rule":"show","enableCl":false,"relations":[],"toggle":true,"title_tag":"h3","show_title":false,"showPrice":"default","form_id":12153,"form_rules":{"exclude_from_discount":true,"fee_label":"Fee","disp_hide_options_price":true,"disp_show_section_price":false,"disp_show_field_price":true,"layout_option":"standard","pric_use_as_fee":false,"process_fee_as":"woo_fee"},"layout_option":"standard"},"fields":[[{"active":true,"col":6,"relations":false,"cl_rule":"show","enableCl":false,"price":"","enablePrice":false,"className":"","label_position":"default","desc_position":"default","type":"content","required":false,"elementId":"content_8291538701","label":"","name":"content_8291538701","contentType":"rich","value":"<p><a href=\"https:\/\/api.whatsapp.com\/send\/?phone=34629670312&amp;text&amp;type=phone_number&amp;app_absent=0\" target=\"_blank\"><strong>Contact us on WhatsApp<\/strong><\/a><strong> to get a personalized price for this activity\/excursion\/rental.<\/strong><\/p>","error":false,"subtype":"div","gt_translate_keys":["label","value"],"price_dependency":false,"cl_dependency":false}]]}},"config":{"price_override":"","enable_recaptcha":false,"bind_quantity":false,"quantity_bind_formula":false,"disp_summ_show_option_price":true,"disp_summ_show_product_price":true,"disp_summ_show_total_price":true,"disp_summ_show_fee":true,"disp_summ_show_discount":true,"summary_title":"","options_total_label":"Options Price","total_label":"Total","options_product_label":"Product Price","fee_label":"Fee","discount_label":"Discount","has_price":true,"has_quantity_formula":false},"mc_unit":1,"tax_rate":1,"tax_rate_real":1,"discount":{"percentage":0,"fixed":0},"design":{"conf":{"LabelPosition":"above","DescPosition":"above","UploadField":"custom_1","QuantityFieldStyle":"custom_1"},"css":{"LeftLabelWidth":"120px"}},"formulas":[],"lookuptables":[],"clones":false,"cartKey":false}},"_links":{"self":[{"href":"https:\/\/canaryvip.com\/pl\/wp-json\/wp\/v2\/product\/10904","targetHints":{"allow":["GET"]}}],"collection":[{"href":"https:\/\/canaryvip.com\/pl\/wp-json\/wp\/v2\/product"}],"about":[{"href":"https:\/\/canaryvip.com\/pl\/wp-json\/wp\/v2\/types\/product"}],"replies":[{"embeddable":true,"href":"https:\/\/canaryvip.com\/pl\/wp-json\/wp\/v2\/comments?post=10904"}],"wp:featuredmedia":[{"embeddable":true,"href":"https:\/\/canaryvip.com\/pl\/wp-json\/wp\/v2\/media\/11029"}],"wp:attachment":[{"href":"https:\/\/canaryvip.com\/pl\/wp-json\/wp\/v2\/media?parent=10904"}],"wp:term":[{"taxonomy":"product_brand","embeddable":true,"href":"https:\/\/canaryvip.com\/pl\/wp-json\/wp\/v2\/product_brand?post=10904"},{"taxonomy":"product_cat","embeddable":true,"href":"https:\/\/canaryvip.com\/pl\/wp-json\/wp\/v2\/product_cat?post=10904"},{"taxonomy":"product_tag","embeddable":true,"href":"https:\/\/canaryvip.com\/pl\/wp-json\/wp\/v2\/product_tag?post=10904"}],"curies":[{"name":"wp","href":"https:\/\/api.w.org\/{rel}","templated":true}]}}