{"id":10522,"date":"2024-03-23T17:19:31","date_gmt":"2024-03-23T17:19:31","guid":{"rendered":"https:\/\/canaryvip.com\/?post_type=product&#038;p=10522"},"modified":"2026-01-01T21:05:33","modified_gmt":"2026-01-01T21:05:33","slug":"submarine-tenerife","status":"publish","type":"product","link":"https:\/\/canaryvip.com\/pl\/shop\/submarine-tenerife\/","title":{"rendered":"Safari \u0142odzi\u0105 podwodn\u0105 na Teneryfie"},"content":{"rendered":"<h2>Zanurz si\u0119 g\u0142\u0119boko z Submarine Safari na Teneryfie<\/h2>\n<p>Prze\u017cyj niesamowit\u0105 przygod\u0119 z naszym <strong>safari \u0142odzi\u0105 podwodn\u0105 na Teneryfie,<\/strong>\u00a0gdzie ekscytuj\u0105ce odkrycia spotykaj\u0105 si\u0119 z edukacyjn\u0105 eksploracj\u0105 pod falami. Ta wyj\u0105tkowa podr\u00f3\u017c zaprasza do odkrycia ukrytych cud\u00f3w oceanu, co czyni j\u0105 obowi\u0105zkow\u0105 dla ka\u017cdego odkrywcy. Chocia\u017c obserwacje \u017cycia morskiego r\u00f3\u017cni\u0105 si\u0119, istota tej podr\u00f3\u017cy jest nieodpartym powodem, aby wyruszy\u0107 w podr\u00f3\u017c. <strong>\u0142\u00f3d\u017a podwodna Teneryfa<\/strong> przygoda.<\/p>\n<h4><strong>Poznaj kultow\u0105 \u017c\u00f3\u0142t\u0105 \u0142\u00f3d\u017a podwodn\u0105 na Teneryfie<\/strong><\/h4>\n<p>Nasza kultowa \u017c\u00f3\u0142ta \u0142\u00f3d\u017a podwodna, cud techniki, nurkuje na g\u0142\u0119boko\u015b\u0107 od 30 do 60 metr\u00f3w w g\u0142\u0105b oceanu. Zobacz hipnotyzuj\u0105ce pi\u0119kno podwodnego \u015bwiata i dowiedz si\u0119 o zawi\u0142o\u015bciach operacyjnych \u0142odzi podwodnej od naszej do\u015bwiadczonej za\u0142ogi na pok\u0142adzie. <strong>safari \u0142odzi\u0105 podwodn\u0105 na Teneryfie.<\/strong><\/p>\n<h4><strong>Submarine Tenerife, spektakularna podwodna wycieczka<\/strong><\/h4>\n<p>Nasza \u0142\u00f3d\u017a podwodna, dostosowana do ostatecznej podwodnej eksploracji, oferuje intymne widoki \u015brodowiska morskiego. Podczas gdy spotkania z wielorybami i delfinami s\u0105 mniej powszechne podczas <strong>safari \u0142odzi\u0105 podwodn\u0105 na Teneryfie,<\/strong>\u00a0zach\u0119camy go\u015bci do zapoznania si\u0119 z nasz\u0105 <a href=\"https:\/\/canaryvip.com\/pl\/tenerife\/boat-excursions\/?swcfpc=1\">Wycieczki \u0142odzi\u0105 w poszukiwaniu wieloryb\u00f3w i delfin\u00f3w na Teneryfie<\/a> aby zobaczy\u0107 te wspania\u0142e stworzenia z wyj\u0105tkowej perspektywy.<\/p>\n<h2>\ud83d\udea4 Przygotuj si\u0119 na podwodne safari na Teneryfie<\/h2>\n<p>Rozpocznij swoj\u0105 przygod\u0119 od kompleksowej odprawy dotycz\u0105cej bezpiecze\u0144stwa, prowadz\u0105cej do wej\u015bcia na pok\u0142ad. Po zaj\u0119ciu miejsca w fotelu, z kt\u00f3rych ka\u017cdy wyposa\u017cony jest w okno widokowe, przygotuj si\u0119 na zapieraj\u0105ce dech w piersiach sceny podczas lotu. <strong>safari \u0142odzi\u0105 podwodn\u0105 na Teneryfie.<\/strong><\/p>\n<h4><strong>Odkryj morsk\u0105 bior\u00f3\u017cnorodno\u015b\u0107 Wysp Kanaryjskich<\/strong><\/h4>\n<p>Wody wok\u00f3\u0142 Wysp Kanaryjskich t\u0119tni\u0105 \u017cyciem, oferuj\u0105c osza\u0142amiaj\u0105c\u0105 prezentacj\u0119 lokalnych ryb, p\u0142aszczek i, je\u015bli fortuna sprzyja, delfin\u00f3w lub wieloryb\u00f3w, zwi\u0119kszaj\u0105c twoje mo\u017cliwo\u015bci. <strong>\u0142\u00f3d\u017a podwodna Teneryfa<\/strong> do\u015bwiadczenie.<\/p>\n<h4><strong>Ulepszone wra\u017cenia z ogl\u0105dania pod wod\u0105<\/strong><\/h4>\n<p>Nasza \u0142\u00f3d\u017a podwodna jest wyposa\u017cona w osobiste ekrany telewizyjne w ka\u017cdym porcie widokowym, oferuj\u0105c alternatywne perspektywy i cenne informacje na temat podr\u00f3\u017cy \u0142odzi\u0105 podwodn\u0105, w tym g\u0142\u0119boko\u015b\u0107 i temperatur\u0119, wzbogacaj\u0105c Twoje wra\u017cenia. <strong>safari \u0142odzi\u0105 podwodn\u0105 Teneryfa<\/strong> przygoda.<\/p>\n<h2>\u2728 Niezb\u0119dne informacje dotycz\u0105ce safari \u0142odzi\u0105 podwodn\u0105 na Teneryfie<\/h2>\n<p>Nasza niezr\u00f3wnana \u017c\u00f3\u0142ta \u0142\u00f3d\u017a podwodna zapewnia wygodn\u0105 i bezpieczn\u0105 eksploracj\u0119 dla wszystkich, co czyni j\u0105 najlepszym wyborem dla <strong>\u0142\u00f3d\u017a podwodna Teneryfa<\/strong> przygoda.<\/p>\n<h4><strong>Safari \u0142odzi\u0105 podwodn\u0105 na Teneryfie, co musisz wiedzie\u0107<\/strong><\/h4>\n<p>Przy przybli\u017conym czasie trwania wynosz\u0105cym jedn\u0105 godzin\u0119, priorytetem jest bezpiecze\u0144stwo i komfort. Rezerwacje grupowe otrzymuj\u0105 specjalne zni\u017cki, dzi\u0119ki czemu jest to idealna aktywno\u015b\u0107 grupowa.<\/p>\n<h4><strong>Co zobaczysz<\/strong><\/h4>\n<p>Przygotuj si\u0119 na spotkania z r\u00f3\u017cnorodnym \u017cyciem morskim, ze specjalnymi funkcjami naszej \u0142odzi podwodnej, aby poprawi\u0107 wra\u017cenia z ogl\u0105dania, zapewniaj\u0105c, \u017ce ka\u017cda chwila na pok\u0142adzie b\u0119dzie niezapomniana.<\/p>\n<h4><strong>Przed wyruszeniem w podr\u00f3\u017c<\/strong><\/h4>\n<p>Czy <strong>CanaryVIP<\/strong> Przygotuj bilet i rozwa\u017c wszelkie niezb\u0119dne \u015brodki ostro\u017cno\u015bci zwi\u0105zane z chorob\u0105 lokomocyjn\u0105. Ta przyjazna rodzinom przygoda jest dost\u0119pna dla uczestnik\u00f3w w wieku od 2 lat, przy czym dzieciom poni\u017cej 16 roku \u017cycia musi towarzyszy\u0107 osoba doros\u0142a.<\/p>\n<h3>Bezp\u0142atny odbi\u00f3r, spotkania i informacje o zasadach<\/h3>\n<p>Tw\u00f3j <strong>\u0142\u00f3d\u017a podwodna Teneryfa<\/strong> przygoda zaczyna si\u0119 w <a href=\"https:\/\/maps.app.goo.gl\/NhudtS2DwkDHnEAP8\" target=\"_blank\" rel=\"noopener\">Przysta\u0144 Puerto Amarilla<\/a> w San Miguel de Abona. Upewnij si\u0119, \u017ce przyby\u0142e\u015b co najmniej 15 minut przed odlotem z biletem, aby zapewni\u0107 bezproblemowy start.<\/p>\n<h4><strong>Bezp\u0142atne i p\u0142atne us\u0142ugi odbioru<\/strong><\/h4>\n<p>Dla Twojej wygody oferujemy bezp\u0142atny odbi\u00f3r z lokalizacji na po\u0142udniu Teneryfy, zapewniaj\u0105c \u0142atwy i wygodny spos\u00f3b dotarcia do nas. Ponadto dla naszych go\u015bci przebywaj\u0105cych na p\u00f3\u0142nocy Teneryfy dost\u0119pna jest p\u0142atna us\u0142uga odbioru, zapewniaj\u0105ca dost\u0119p do naszego wyj\u0105tkowego do\u015bwiadczenia z ca\u0142ej wyspy.<\/p>\n<h4><strong>Bezproblemowe anulowanie dla Twojej wygody<\/strong><\/h4>\n<p>Zapewniamy elastyczno\u015b\u0107 w zakresie anulowania lub zmiany harmonogramu do 24 godzin przed wycieczk\u0105 bez \u017cadnych dodatkowych koszt\u00f3w. P\u00f3\u017ane anulowanie lub niestawienie si\u0119 na wycieczk\u0119 wi\u0105\u017ce si\u0119 z op\u0142at\u0105, co jest cz\u0119\u015bci\u0105 naszego zobowi\u0105zania do uczciwo\u015bci wobec wszystkich naszych go\u015bci.<\/p>\n<p>Do\u0142\u0105cz do CanaryVIP na niezr\u00f3wnany <strong>safari \u0142odzi\u0105 podwodn\u0105 na Teneryfie,<\/strong>\u00a0gdzie \u0142\u0105czymy bezpiecze\u0144stwo, przyjemno\u015b\u0107 i szacunek dla \u015brodowiska morskiego w niezwyk\u0142\u0105 eksploracj\u0119 g\u0142\u0119bin oceanu. Czy jeste\u015b gotowy na przygod\u0119? Zanurz si\u0119 z nami i odkryj tajemnice podwodnego \u015bwiata!<\/p>","protected":false},"excerpt":{"rendered":"<p><strong>\ud83d\udd0d \u0141\u00f3d\u017a podwodna na Teneryfie:<\/strong><br \/>\n\u2705 Bezpieczna p\u0142atno\u015b\u0107.<br \/>\n\ud83d\udc1f Odkryj morskie \u017cycie.<br \/>\n\ud83d\ude80 1h Wycieczki.<br \/>\n<span>\ud83d\udd59 Wiele ram czasowych.<\/span><br \/>\n\ud83d\udcc5 Codziennie opr\u00f3cz soboty.<br \/>\n\ud83e\udd11 Gwarancja najlepszej ceny.<br \/>\n\ud83d\udc6a  Aktywowane rabaty.<br \/>\n\ud83d\udd01 Anulowanie do 24 godzin.<br \/>\n\ud83c\udf0d Wieloj\u0119zyczna za\u0142oga.<br \/>\n\ud83c\udf1f Zarezerwuj teraz i zaoszcz\u0119d\u017a!<br \/>\n\ud83d\udccd Odej\u015bcie od <a href=\"https:\/\/maps.app.goo.gl\/aeD9xSzsoLo9TsdF8\" target=\"_blank\" rel=\"noopener\">Amarilla Golf<\/a>.<\/p>","protected":false},"featured_media":10706,"comment_status":"open","ping_status":"closed","template":"","meta":{"_acf_changed":false},"product_brand":[],"product_cat":[46],"product_tag":[],"class_list":{"0":"post-10522","1":"product","2":"type-product","3":"status-publish","4":"has-post-thumbnail","6":"product_cat-boat-excursions","7":"wcpa_has_options","9":"first","10":"instock","11":"virtual","12":"purchasable","13":"product-type-simple"},"acf":[],"wcpa_form_fields":{"wcpaData":{"product":{"product_price":61,"price_html":"From&nbsp;<span class=\"woocommerce-Price-amount amount\"><bdi>61,00&nbsp;<span class=\"woocommerce-Price-currencySymbol\">&euro;<\/span><\/bdi><\/span>","original_product_price":61,"price_including_tax":61,"price_excluding_tax":61,"product_id":{"parent":10522,"variation":false},"is_variable":false,"stock_status":"instock","stock_quantity":null,"parent_sku":"CV10522","product_attributes":[],"custom_fields":[],"is_taxable":false,"product_name":"Submarine Safari Tenerife","hasImage":false},"fields":{"sec_7661bc90f5e8c6":{"extra":{"key":"sec_7661bc90f5e8c6","section_id":"sec_7661bc90f5e8c6","name":"Default","status":1,"cl_rule":"show","enableCl":false,"relations":[],"toggle":true,"title_tag":"h3","show_title":false,"showPrice":"default","form_id":11259,"form_rules":{"exclude_from_discount":true,"fee_label":"Fee","disp_hide_options_price":true,"disp_show_section_price":false,"disp_show_field_price":true,"layout_option":"standard","pric_use_as_fee":false,"process_fee_as":"woo_fee"},"layout_option":"standard"},"fields":[[{"label":"\ud83d\udcc5 Date","active":true,"required":true,"elementId":"date_9661bc90f5e8e5","picker_type":"custom","picker_mode":"single","placeholder":"","description":"","tooltip":"","name":"date_9661bc90f5e8e5","label_position":"default","desc_position":"default","enablePrice":false,"className":"","enableCl":false,"relations":[{"operator":"and","rules":[{"operator":"AND","rules":{"cl_field":"radio-group_5661bc90f5e8f5","cl_relation":"is_not_empty","cl_val":"3 Hour Trip"}}]}],"date_pic_inline":true,"date_pic_inline_hide":true,"min_date":{"type":"days","val":"2"},"max_date":{"type":"days","val":"365"},"date_pic_conf":{"disabledWeeks":[6],"disabledDates":["2024-05-19 to 2024-05-25"]},"price":"","cl_rule":"show","col":6,"type":"date","error":false,"enableDesign":false,"LabelColor":"","gt_translate_keys":["label","placeholder","description","tooltip"],"price_dependency":false,"cl_dependency":false,"value":""}],[{"active":true,"col":6,"relations":false,"cl_rule":"show","enableCl":false,"price":"","enablePrice":false,"className":"","label_position":"default","desc_position":"default","type":"content","required":false,"elementId":"content_10661bc90f5e917","label":"People","name":"content_10661bc90f5e917","contentType":"plain","value":"","error":false,"show_in_checkout":true,"inline":false,"gt_translate_keys":["label","value"],"price_dependency":false,"cl_dependency":false}],[{"active":true,"col":6,"relations":[{"operator":false,"rules":[{"operator":"AND","rules":{"cl_field":"","cl_relation":"","cl_val":""}}]}],"cl_rule":"show","enableCl":true,"price":"61","enablePrice":true,"className":"","label_position":"default","desc_position":"default","type":"radio-group","required":false,"elementId":"radio-group_5661bc90f5e923","label":"","name":"radio-group_5661bc90f5e923","values":[{"label":"\ud83d\udc64 Adult (61\u20ac)","value":"Adult","selected":true,"tempId":"aco_32","tooltip":"+15 Years","description":"","gt_translate_keys":["label","tooltip","description"]}],"layOut":"","error":false,"checkUi":"button","priceOptions":"fixed_for_all","pricingType":"fixed","enable_quantity":true,"quantity_label":"","min_quantity":"0","options_tooltip":true,"options_description":true,"gt_translate_keys":["label","quantity_label"],"price_dependency":false,"cl_dependency":false,"value":""}],[{"label":"","active":true,"required":false,"elementId":"radio-group_6661bc90f5e92d","name":"radio-group_6661bc90f5e92d","label_position":"default","desc_position":"default","enablePrice":true,"className":"","enableCl":true,"relations":[{"operator":false,"rules":[{"operator":"AND","rules":{"cl_field":"","cl_relation":"","cl_val":""}}]}],"enable_quantity":true,"quantity_label":"","min_quantity":"0","checkUi":"button","layOut":"","options_tooltip":true,"options_description":true,"values":[{"label":"\ud83d\udc66 Child (37\u20ac)","value":"Child","selected":true,"tempId":"aco_32","tooltip":"2-14 Years","description":"","gt_translate_keys":["label","tooltip","description"]}],"priceOptions":"fixed_for_all","pricingType":"fixed","price":"37","cl_rule":"show","col":6,"type":"radio-group","error":false,"gt_translate_keys":["label","quantity_label"],"price_dependency":false,"cl_dependency":false,"value":""}],[{"active":true,"col":6,"relations":false,"cl_rule":"show","enableCl":false,"price":"","enablePrice":false,"className":"","label_position":"default","desc_position":"default","type":"select","required":false,"elementId":"select_2793421639","label":"\ud83c\udf0e Tour Language","name":"select_2793421639","values":[{"label":"\ud83c\uddec\ud83c\udde7 English","value":"English","selected":false,"tempId":"aco_744","gt_translate_keys":["label"]},{"label":"\ud83c\uddea\ud83c\uddf8 Spanish","value":"Spanish","selected":false,"tempId":"aco_754","gt_translate_keys":["label"]},{"label":"\ud83c\udde9\ud83c\uddf0 Danish","value":"Danish","selected":false,"tempId":"aco_354","gt_translate_keys":["label"]},{"label":"\ud83c\udde9\ud83c\uddea Deutsch","value":"Deutsch","selected":false,"tempId":"aco_355","gt_translate_keys":["label"]},{"label":"\ud83c\uddf3\ud83c\uddf1 Dutch","value":"Dutch","selected":false,"tempId":"aco_356","gt_translate_keys":["label"]},{"label":"\ud83c\uddeb\ud83c\uddee Finnish","value":"Finnish","selected":false,"tempId":"aco_1070","gt_translate_keys":["label"]},{"label":"\ud83c\uddeb\ud83c\uddf7 French","value":"French","selected":false,"tempId":"aco_1278","gt_translate_keys":["label"]},{"label":"\ud83c\udded\ud83c\uddfa Hungarian","value":"Hungarian","selected":false,"tempId":"aco_1396","gt_translate_keys":["label"]},{"label":"\ud83c\uddee\ud83c\uddf9 Italian","value":"Italian","selected":false,"tempId":"aco_1568","gt_translate_keys":["label"]},{"label":"\ud83c\uddf5\ud83c\uddf1 Polish","value":"Polish","selected":false,"tempId":"aco_1650","gt_translate_keys":["label"]},{"label":"\ud83c\uddf7\ud83c\uddf4 Romanian","value":"Romanian","selected":false,"tempId":"aco_1660","gt_translate_keys":["label"]},{"label":"\ud83c\uddf8\ud83c\uddea Swedish","value":"Swedish","selected":false,"tempId":"aco_1922","gt_translate_keys":["label"]}],"dropdown_type":"basic","error":false,"placeholder":"Select Preferred Language","gt_translate_keys":["label","placeholder"],"price_dependency":false,"cl_dependency":false,"value":""}]]},"sec_10661bc90f5e958":{"extra":{"key":"sec_10661bc90f5e958","section_id":"sec_10661bc90f5e958","name":"Shuttle Service?","status":1,"cl_rule":"show","enableCl":false,"relations":[{"operator":false,"rules":[{"operator":"AND","rules":{"cl_field":"radio-group_5661bc90f5e8f5","cl_relation":"is_not_empty","cl_val":""}}]}],"toggle":true,"title_tag":"h4","show_title":false,"showPrice":"default","form_id":11259,"form_rules":{"exclude_from_discount":true,"fee_label":"Fee","disp_hide_options_price":true,"disp_show_section_price":false,"disp_show_field_price":true,"layout_option":"standard","pric_use_as_fee":false,"process_fee_as":"woo_fee"},"layout_option":"standard"},"fields":[[{"active":true,"col":6,"relations":false,"cl_rule":"show","enableCl":false,"price":"","enablePrice":false,"className":"","label_position":"default","desc_position":"default","type":"separator","required":false,"elementId":"separator_2797064121","label":"Separator Field","height":"4","separatorType":"blank","error":false,"gt_translate_keys":["label"],"price_dependency":false,"cl_dependency":false,"value":""}],[{"active":true,"col":6,"relations":[{"operator":false,"rules":[{"operator":"or","rules":{"cl_field":"checkbox_9661bc90f5e962","cl_relation":"is_empty","cl_val":"Adult (57\u20ac)"}},{"operator":"AND","rules":{"cl_field":"checkbox_9661bc90f5e962","cl_relation":"is","cl_val":false}}]}],"cl_rule":"show","enableCl":true,"price":"","enablePrice":false,"className":"","label_position":"default","desc_position":"default","type":"text","subtype":"text","required":false,"elementId":"text_4981331526","label":"\ud83d\ude8c South Tenerife Free Pickup","name":"text_4981331526","value":"","description":"Free pick-up service in Tenerife South. Simply provide your address or hotel name.","error":false,"gt_translate_keys":["label","description","value"],"price_dependency":false,"cl_dependency":false}],[{"active":true,"col":6,"relations":false,"cl_rule":"show","enableCl":false,"price":"","enablePrice":false,"className":"","label_position":"default","desc_position":"default","type":"separator","required":false,"elementId":"separator_8316621916","label":"Separator Field","height":"10","separatorType":"blank","gt_translate_keys":["label"],"price_dependency":false,"cl_dependency":false,"value":""}],[{"active":true,"col":6,"relations":false,"cl_rule":"show","enableCl":false,"price":"({field.radio-group_5661bc90f5e923.quantity}*13)+({field.radio-group_6661bc90f5e92d.quantity}*8)","enablePrice":true,"className":"","label_position":"default","desc_position":"below","type":"checkbox","required":false,"elementId":"checkbox_9661bc90f5e962","label":"Pickup from North Tenerife? (13\u20ac)","name":"checkbox_9661bc90f5e962","value":"","check_value":"Yes","checkUi":"toggle","error":false,"description":"Pick-up from your hotel in North Tenerife available for an extra \u20ac13\/adult and \u20ac8\/child.","pricingType":"custom","isTemplate":false,"gt_translate_keys":["label","description","value","check_value"],"price_dependency":false,"cl_dependency":["text_4981331526","text_4981331526","text-6367321769"]}],[{"label":"\ud83d\ude8c North Tenerife Pickup Location","active":true,"required":false,"elementId":"text-6367321769","value":"","description":"Pick-up service in Tenerife North. Simply provide your address or hotel name.","name":"text-6367321769","label_position":"default","desc_position":"default","enablePrice":false,"className":"","enableCl":true,"relations":[{"operator":false,"rules":[{"operator":"AND","rules":{"cl_field":"checkbox_9661bc90f5e962","cl_relation":"is","cl_val":true}}]}],"subtype":"text","price":"","cl_rule":"show","col":6,"type":"text","error":false,"gt_translate_keys":["label","description","value"],"price_dependency":false,"cl_dependency":false}]]}},"config":{"price_override":"always","enable_recaptcha":false,"bind_quantity":false,"quantity_bind_formula":false,"disp_summ_show_option_price":true,"disp_summ_show_product_price":false,"disp_summ_show_total_price":true,"disp_summ_show_fee":true,"disp_summ_show_discount":true,"summary_title":"","options_total_label":"Options Price","total_label":"Total Amount","options_product_label":"Product Price","fee_label":"Fee","discount_label":"Discount","has_price":true,"has_quantity_formula":false},"mc_unit":1,"tax_rate":1,"tax_rate_real":1,"discount":{"percentage":0,"fixed":0},"design":{"conf":{"LabelPosition":"above","DescPosition":"above","UploadField":"custom_1","QuantityFieldStyle":"custom_1"},"css":{"LeftLabelWidth":"120px"}},"formulas":[],"lookuptables":[],"clones":false,"cartKey":false}},"_links":{"self":[{"href":"https:\/\/canaryvip.com\/pl\/wp-json\/wp\/v2\/product\/10522","targetHints":{"allow":["GET"]}}],"collection":[{"href":"https:\/\/canaryvip.com\/pl\/wp-json\/wp\/v2\/product"}],"about":[{"href":"https:\/\/canaryvip.com\/pl\/wp-json\/wp\/v2\/types\/product"}],"replies":[{"embeddable":true,"href":"https:\/\/canaryvip.com\/pl\/wp-json\/wp\/v2\/comments?post=10522"}],"wp:featuredmedia":[{"embeddable":true,"href":"https:\/\/canaryvip.com\/pl\/wp-json\/wp\/v2\/media\/10706"}],"wp:attachment":[{"href":"https:\/\/canaryvip.com\/pl\/wp-json\/wp\/v2\/media?parent=10522"}],"wp:term":[{"taxonomy":"product_brand","embeddable":true,"href":"https:\/\/canaryvip.com\/pl\/wp-json\/wp\/v2\/product_brand?post=10522"},{"taxonomy":"product_cat","embeddable":true,"href":"https:\/\/canaryvip.com\/pl\/wp-json\/wp\/v2\/product_cat?post=10522"},{"taxonomy":"product_tag","embeddable":true,"href":"https:\/\/canaryvip.com\/pl\/wp-json\/wp\/v2\/product_tag?post=10522"}],"curies":[{"name":"wp","href":"https:\/\/api.w.org\/{rel}","templated":true}]}}