{"id":10465,"date":"2024-03-22T00:31:19","date_gmt":"2024-03-22T00:31:19","guid":{"rendered":"https:\/\/canaryvip.com\/?post_type=product&#038;p=10465"},"modified":"2025-08-09T12:48:53","modified_gmt":"2025-08-09T11:48:53","slug":"kayaking-tenerife","status":"publish","type":"product","link":"https:\/\/canaryvip.com\/pl\/shop\/kayaking-tenerife\/","title":{"rendered":"Sp\u0142yw kajakowy z \u017c\u00f3\u0142wiami Teneryfa"},"content":{"rendered":"<h2><strong>Sp\u0142yw kajakowy Teneryfa - wios\u0142uj przez raj<\/strong><\/h2>\n<p>Odkryj pi\u0119kno spokojnych w\u00f3d Teneryfy dzi\u0119ki naszym niezr\u00f3wnanym <strong>Kajakarskie przygody.<\/strong>\u00a0. Poczuj rado\u015b\u0107 z przecinania morza, gdzie emocje zwi\u0105zane z aktywnym uprawianiem sportu \u0142\u0105cz\u0105 si\u0119 z uspokajaj\u0105cym u\u015bciskiem natury. Z naszym <strong>sp\u0142ywy kajakowe Teneryfa<\/strong> wycieczki, \u015bwiadek <a href=\"https:\/\/canaryvip.com\/pl\/tenerife\/boat-excursions\/\"><strong>obserwacje delfin\u00f3w<\/strong><\/a> oraz <strong>nurkowanie z \u017c\u00f3\u0142wiami<\/strong> w pe\u0142en szacunku, nieinwazyjny spos\u00f3b, oferuj\u0105c idealne miejsce dla mi\u0142o\u015bnik\u00f3w przyrody.<\/p>\n<h3><strong>\u23f1\ufe0f Eksploracja oceanu z kajakarstwem na Teneryfie<\/strong><\/h3>\n<ul>\n<li><strong>Przygoda:<\/strong> Uruchom sw\u00f3j <strong>sp\u0142ywy kajakowe Teneryfa<\/strong> Wyrusz w podr\u00f3\u017c z brzeg\u00f3w Los Cristianos, \u0142\u0105cz\u0105c \u0107wiczenia w wodzie z urokami otwartego morza. Nasze wycieczki obiecuj\u0105 energiczne wios\u0142owanie i osobiste spotkania z t\u0119tni\u0105cym \u017cyciem morskim Teneryfy.<\/li>\n<li><strong>Cechy:<\/strong> Chocia\u017c obserwacje dzikich zwierz\u0105t mog\u0105 si\u0119 r\u00f3\u017cni\u0107, nasze zaanga\u017cowanie w zapewnianie niezwyk\u0142ej <strong>sp\u0142ywy kajakowe Teneryfa<\/strong> do\u015bwiadczenie pozostaje niezmienne.<\/li>\n<li><strong>Dodatkowe korzy\u015bci:<\/strong> Opr\u00f3cz emocji zwi\u0105zanych z p\u0142ywaniem kajakiem, skorzystaj z okazji do nurkowania z rurk\u0105 w krystalicznych wodach Palm Mar, sanktuarium \u017c\u00f3\u0142wi morskich i mn\u00f3stwa gatunk\u00f3w morskich. Wzbogaci to Twoj\u0105 przygod\u0119, u\u0142atwiaj\u0105c bliskie spotkania z cudami oceanu.<\/li>\n<\/ul>\n<h3><strong>Spotkanie z \u017cyciem morskim podczas sp\u0142ywu kajakowego na Teneryfie<\/strong><\/h3>\n<ul>\n<li><strong>Do\u015bwiadczenie:<\/strong> Wios\u0142uj po spokojnych wodach Teneryfy na naszym <strong>wycieczki kajakowe<\/strong> aby mie\u0107 szans\u0119 obserwowa\u0107 delfiny w ich naturalnym \u015brodowisku. Chocia\u017c nie zezwalamy na p\u0142ywanie z delfinami, nasze wycieczki kultywuj\u0105 poczucie szacunku i podziwu dla tych wspania\u0142ych stworze\u0144.<\/li>\n<li><strong>Najwa\u017cniejsze wydarzenia:<\/strong> Segment snorkelingu oferuje zanurzenie si\u0119 w podwodnym \u015bwiecie, z du\u017cym prawdopodobie\u0144stwem p\u0142ywania obok \u017c\u00f3\u0142wi i p\u0142aszczek, pokazuj\u0105c blask i r\u00f3\u017cnorodno\u015b\u0107 \u017cycia morskiego Teneryfy.<\/li>\n<li><strong>Wygoda:<\/strong> Zdecyduj si\u0119 na nasz\u0105 bezstresow\u0105 us\u0142ug\u0119 odbioru za niewielk\u0105 dodatkow\u0105 op\u0142at\u0105, gwarantuj\u0105c\u0105 p\u0142ynny pocz\u0105tek Twojej podr\u00f3\u017cy. <strong>sp\u0142ywy kajakowe Teneryfa<\/strong> przygoda. Priorytetem jest dla nas komfort, dzi\u0119ki czemu ka\u017cda cz\u0119\u015b\u0107 podr\u00f3\u017cy przebiega bez zak\u0142\u00f3ce\u0144.<\/li>\n<\/ul>\n<h3>Niezb\u0119dne informacje dotycz\u0105ce sp\u0142yw\u00f3w kajakowych na Teneryfie<\/h3>\n<ul>\n<li><strong>Zapewnienie bezpiecze\u0144stwa<\/strong>: Ka\u017cdy <strong>sp\u0142ywy kajakowe Teneryfa<\/strong> jest poparta naszym zaanga\u017cowaniem w bezpiecze\u0144stwo. Przed ka\u017cd\u0105 wycieczk\u0105 przeprowadzamy szczeg\u00f3\u0142owe odprawy dotycz\u0105ce bezpiecze\u0144stwa i wyposa\u017camy wszystkich uczestnik\u00f3w w niezb\u0119dny sprz\u0119t, w tym kamizelki ratunkowe i zestawy do snorkelingu, aby zapewni\u0107 bezpieczn\u0105 i przyjemn\u0105 przygod\u0119.<\/li>\n<li><strong>Przewodniki wieloj\u0119zyczne<\/strong>: Nasi wykwalifikowani przewodnicy biegle pos\u0142uguj\u0105 si\u0119 j\u0119zykiem angielskim i hiszpa\u0144skim, zapewniaj\u0105c spersonalizowane i pouczaj\u0105ce komentarze przez ca\u0142y czas trwania wycieczki. <strong>sp\u0142ywy kajakowe Teneryfa<\/strong> wycieczka. Zapewnia to przyjazn\u0105 atmosfer\u0119 dla mi\u0119dzynarodowych poszukiwaczy przyg\u00f3d, dzi\u0119ki czemu ka\u017cda chwila wycieczki jest zar\u00f3wno wci\u0105gaj\u0105ca, jak i edukacyjna.<\/li>\n<li><strong>Instrukta\u017c ekspercki<\/strong>: Przed <strong>sp\u0142ywy kajakowe Teneryfa<\/strong> Do\u015bwiadczenie, nasz zesp\u00f3\u0142 zapewnia fachowe wskaz\u00f3wki dotycz\u0105ce technik kajakarskich i praktyk bezpiecze\u0144stwa. Niezale\u017cnie od tego, czy jeste\u015b pocz\u0105tkuj\u0105cym, czy masz ju\u017c do\u015bwiadczenie, nasze wskaz\u00f3wki maj\u0105 na celu zwi\u0119kszenie pewno\u015bci siebie i przyjemno\u015bci z p\u0142ywania.<\/li>\n<\/ul>\n<h3>\ud83d\udcc5 <strong>Zabezpiecz swoj\u0105 przygod\u0119 z kajakiem na Teneryfie i zarezerwuj ju\u017c teraz<\/strong><\/h3>\n<p>Nasz <strong>Sp\u0142ywy kajakowe na Teneryfie<\/strong> s\u0105 starannie wyselekcjonowane, aby zanurzy\u0107 Ci\u0119 w cudach natury wyspy, zapewniaj\u0105c wyj\u0105tkowe wra\u017cenia, kt\u00f3re intymnie \u0142\u0105cz\u0105 Ci\u0119 z morzem.<br \/>\nPoniewa\u017c miejsca szybko si\u0119 zape\u0142niaj\u0105, zalecamy wcze\u015bniejsz\u0105 rezerwacj\u0119. Wybierz <strong>CanaryVIP<\/strong> dla sprawnego procesu rezerwacji, zapewniaj\u0105c sobie miejsce w tym wodnym raju.<\/p>\n<h3>\u2705 <strong>Co obejmuje podr\u00f3\u017c kajakiem po Teneryfie?<\/strong><\/h3>\n<ul>\n<li>Opcjonalna us\u0142uga odbioru i dowozu za symboliczn\u0105 op\u0142at\u0105, zwi\u0119kszaj\u0105ca wygod\u0119 przygody.<\/li>\n<li>Wycieczka z przewodnikiem prowadzona przez do\u015bwiadczonych instruktor\u00f3w, \u0142\u0105cz\u0105ca sp\u0142ywy kajakowe i nurkowanie z rurk\u0105.<\/li>\n<li>Oko\u0142o 1,5 godziny sp\u0142ywu kajakowego, uzupe\u0142nione 30-minutow\u0105 sesj\u0105 nurkowania z rurk\u0105 w celu zbadania podwodnego \u015bwiata.<\/li>\n<li>Szafki do bezpiecznego przechowywania rzeczy podczas korzystania z wodnych atrakcji.<\/li>\n<li>Wieloj\u0119zyczny przewodnik zapewnia jasn\u0105 komunikacj\u0119 i bogate do\u015bwiadczenie.<\/li>\n<\/ul>\n<h3><strong>\u2696\ufe0f Zasady rezerwacji i anulowania rezerwacji sp\u0142yw\u00f3w kajakowych na Teneryfie:<\/strong><\/h3>\n<ul>\n<li><strong>Planuj z wyprzedzeniem:<\/strong> Zarezerwuj wcze\u015bniej, aby zapewni\u0107 sobie miejsce i skorzysta\u0107 ze specjalnej zni\u017cki za po\u015brednictwem CanaryVIP. Pami\u0119taj, \u017ce sp\u0142ywy kajakowe, zw\u0142aszcza te oferuj\u0105ce spotkania z dzik\u0105 przyrod\u0105, ciesz\u0105 si\u0119 du\u017cym zainteresowaniem.<\/li>\n<li><strong>Elastyczne anulowanie:<\/strong> \u017bycie bywa nieprzewidywalne. Anuluj do 24 godzin przed rozpocz\u0119ciem wycieczki, aby uzyska\u0107 pe\u0142ny zwrot koszt\u00f3w. Aby zapewni\u0107 bezstresowe wra\u017cenia, rozumiemy potrzeb\u0119 elastyczno\u015bci.<\/li>\n<li><strong>Wymagania dotycz\u0105ce uczestnik\u00f3w:<\/strong> Odpowiednie dla os\u00f3b, kt\u00f3re s\u0105 w miar\u0119 sprawne i czuj\u0105 si\u0119 komfortowo w wodzie. Nie jest wymagane wcze\u015bniejsze do\u015bwiadczenie w kajakarstwie, ale uczestnicy powinni umie\u0107 p\u0142ywa\u0107 podczas sesji snorkelingu.<\/li>\n<\/ul>\n<h3><strong>Przygotowanie do sp\u0142ywu kajakowego:<\/strong><\/h3>\n<ul>\n<li><strong>Co zabra\u0107:<\/strong> Komfort ma kluczowe znaczenie dla Twojej przygody. W ch\u0142odniejsze dni ubierz si\u0119 w str\u00f3j k\u0105pielowy pod piank\u0119. Chocia\u017c klapki nie s\u0105 zalecane, solidne buty s\u0105 niezb\u0119dne podczas podr\u00f3\u017cy. Pami\u0119taj o spakowaniu kremu z filtrem przeciws\u0142onecznym, kapelusza na wycieczki w ci\u0105gu dnia i r\u0119cznika po nurkowaniu.<\/li>\n<li><strong>Wspomnienia fotograficzne:<\/strong> Chocia\u017c nie oferujemy us\u0142ug fotograficznych, zach\u0119camy do zabrania ze sob\u0105 aparatu lub telefonu, aby uchwyci\u0107 zapieraj\u0105ce dech w piersiach widoki. Nale\u017cy pami\u0119ta\u0107, \u017ce przenoszenie tych przedmiot\u00f3w odbywa si\u0119 na w\u0142asne ryzyko.<\/li>\n<li><strong>Zdrowie i bezpiecze\u0144stwo:<\/strong> Aby zagwarantowa\u0107 bezpiecze\u0144stwo i satysfakcj\u0119 wszystkich uczestnik\u00f3w, aktywno\u015b\u0107 nie jest zalecana dla os\u00f3b w ci\u0105\u017cy powy\u017cej 5 miesi\u0105ca. Wa\u017cne jest, aby wszyscy kajakarze posiadali podstawow\u0105 umiej\u0119tno\u015b\u0107 p\u0142ywania, szczeg\u00f3lnie w przypadku cz\u0119\u015bci wycieczki zwi\u0105zanej z nurkowaniem z rurk\u0105.<\/li>\n<\/ul>\n<h3>\u2753 <strong>Najcz\u0119\u015bciej zadawane pytania: Odpowiedzi na pytania dotycz\u0105ce kajakarstwa<\/strong><\/h3>\n<ul>\n<li><strong>Czy musz\u0119 mie\u0107 wcze\u015bniejsze do\u015bwiadczenie w kajakarstwie?<\/strong> Wcale nie, nasi przewodnicy wyposa\u017c\u0105 Ci\u0119 w podstawowe techniki wios\u0142owania. Wystarczy czu\u0107 si\u0119 komfortowo w wodzie i by\u0107 gotowym na wci\u0105gaj\u0105cy dzie\u0144.<\/li>\n<li><strong>W co powinienem si\u0119 ubra\u0107?<\/strong> Opr\u00f3cz stroju k\u0105pielowego i kremu z filtrem przeciws\u0142onecznym, w ch\u0142odniejsze dni zaleca si\u0119 noszenie pianki. Zapewniamy ca\u0142y niezb\u0119dny sprz\u0119t bezpiecze\u0144stwa i sprz\u0119t do snorkelingu.<\/li>\n<li><strong>Czy istniej\u0105 ograniczenia wiekowe?<\/strong> Kajakarze musz\u0105 mie\u0107 uko\u0144czone 6 lat. Dzieciom w wieku od 6 do 11 lat musi towarzyszy\u0107 osoba doros\u0142a.<\/li>\n<li><strong>Czy mog\u0119 zmieni\u0107 kajak?<\/strong> Oczywi\u015bcie mo\u017cesz wybra\u0107 sp\u0142yw solo, z partnerem lub w trzyosobowej grupie, bez wp\u0142ywu na cen\u0119.<\/li>\n<\/ul>\n<h4><strong>Gotowy na przygod\u0119 z morzem?<\/strong><\/h4>\n<p>Zanurz si\u0119 w niezapomnianym sp\u0142ywie kajakowym u wybrze\u017cy Teneryfy. Niezale\u017cnie od tego, czy \u017ceglujesz po wodach Los Cristianos, podziwiaj\u0105c <strong>delfiny,<\/strong>\u00a0lub <strong>nurkowanie z \u017c\u00f3\u0142wiami,<\/strong>\u00a0Twoja przygoda z <strong>CanaryVIP<\/strong> Zapowiada si\u0119 mieszanka pi\u0119kna, rado\u015bci i trwa\u0142ych wspomnie\u0144.<br \/>\nZarezerwuj miejsce ju\u017c dzi\u015b i przygotuj si\u0119 na zadziwienie cudami oceanu! \ud83d\udea3\u200d\u2640\ufe0f\ud83d\udc2c\ud83d\udc22<\/p>\n<p>Aby prze\u017cy\u0107 niezr\u00f3wnan\u0105 przygod\u0119 na dziewiczych wodach Teneryfy, zarezerwuj sp\u0142yw kajakowy ju\u017c dzi\u015b!<\/p>","protected":false},"excerpt":{"rendered":"<p><strong>\ud83d\udd0d Kajakarstwo na Teneryfie:<\/strong><br \/>\n\u2705 Bezpieczna p\u0142atno\u015b\u0107.<br \/>\n\ud83d\udc0b Obserwacje delfin\u00f3w i \u017c\u00f3\u0142wi.<br \/>\n\ud83d\ude80 2h przygody.<br \/>\n\ud83e\udd3f Zapewniony sprz\u0119t do nurkowania z rurk\u0105.<br \/>\nR\u00f3\u017cne czasy odlot\u00f3w.<br \/>\n\ud83d\udcc5 Dost\u0119pne codziennie.<br \/>\n\ud83e\udd11 Gwarancja najlepszej ceny.<br \/>\n\ud83d\ude8d Opcjonalny transport wahad\u0142owy.<br \/>\n\ud83d\udc6a Zni\u017cki rodzinne i grupowe.<br \/>\n\ud83d\udd01 Zasady anulowania rezerwacji w ci\u0105gu 24 godzin.<br \/>\n\ud83c\udf0d Przewodniki w j\u0119zyku angielskim i hiszpa\u0144skim.<br \/>\n\ud83c\udf1f Wczesna rezerwacja i oszcz\u0119dno\u015b\u0107.<br \/>\n\ud83d\udccd Odej\u015bcie od <a href=\"https:\/\/maps.app.goo.gl\/g9c9rZaJv7igjr3t8\">Los Cristianos<\/a>.<\/p>","protected":false},"featured_media":10794,"comment_status":"open","ping_status":"closed","template":"","meta":{"_acf_changed":false},"product_brand":[],"product_cat":[53],"product_tag":[],"class_list":{"0":"post-10465","1":"product","2":"type-product","3":"status-publish","4":"has-post-thumbnail","6":"product_cat-water-sports","7":"wcpa_has_options","9":"first","10":"instock","11":"sale","12":"virtual","13":"purchasable","14":"product-type-simple"},"acf":[],"wcpa_form_fields":{"wcpaData":{"product":{"product_price":35,"price_html":"From&nbsp;<del aria-hidden=\"true\"><span class=\"woocommerce-Price-amount amount\"><bdi>45,00&nbsp;<span class=\"woocommerce-Price-currencySymbol\">&euro;<\/span><\/bdi><\/span><\/del> <span class=\"screen-reader-text\">Pierwotna cena wynosi\u0142a: 45,00&nbsp;&euro;.<\/span><ins aria-hidden=\"true\"><span class=\"woocommerce-Price-amount amount\"><bdi>35,00&nbsp;<span class=\"woocommerce-Price-currencySymbol\">&euro;<\/span><\/bdi><\/span><\/ins><span class=\"screen-reader-text\">Aktualna cena: 35,00&nbsp;&euro;.<\/span>","original_product_price":45,"price_including_tax":35,"price_excluding_tax":35,"product_id":{"parent":10465,"variation":false},"is_variable":false,"stock_status":"instock","stock_quantity":null,"parent_sku":"CV10465","product_attributes":[],"custom_fields":[],"is_taxable":false,"product_name":"Kayaking with Turtles Tenerife","hasImage":false},"fields":{"sec_1066337d57eb5e3":{"extra":{"key":"sec_1066337d57eb5e3","section_id":"sec_1066337d57eb5e3","name":"Default","status":1,"cl_rule":"show","enableCl":false,"relations":[],"toggle":true,"title_tag":"h3","show_title":false,"showPrice":"default","form_id":11372,"form_rules":{"exclude_from_discount":true,"fee_label":"Fee","disp_hide_options_price":true,"disp_show_section_price":false,"disp_show_field_price":true,"layout_option":"standard","pric_use_as_fee":false,"process_fee_as":"woo_fee"},"layout_option":"standard"},"fields":[[{"label":"\ud83d\udcc5 Date","active":true,"required":true,"elementId":"date_666337d57eb607","picker_type":"custom","picker_mode":"single","placeholder":"","description":"","tooltip":"","name":"date_666337d57eb607","label_position":"default","desc_position":"default","enablePrice":false,"className":"","enableCl":false,"relations":[{"operator":"and","rules":[{"operator":"AND","rules":{"cl_field":"radio-group_5661bc90f5e8f5","cl_relation":"is_not_empty","cl_val":"3 Hour Trip"}}]}],"date_pic_inline":true,"date_pic_inline_hide":true,"min_date":{"type":"days","val":"0"},"max_date":{"type":"days","val":"365"},"date_pic_conf":{"disabledWeeks":[]},"price":"","cl_rule":"show","col":6,"type":"date","error":false,"enableDesign":false,"LabelColor":"","gt_translate_keys":["label","placeholder","description","tooltip"],"price_dependency":false,"cl_dependency":false,"value":""}],[{"active":true,"col":6,"relations":false,"cl_rule":"show","enableCl":false,"price":"","enablePrice":false,"className":"","label_position":"default","desc_position":"default","type":"select","required":true,"elementId":"select_566337d57eb62f","label":"\u23f0 Departure Time","name":"select_566337d57eb62f","values":[{"label":"Whichever Time is Best","value":"Whichever Time is Best","selected":false,"tempId":"aco_312","gt_translate_keys":["label"]},{"label":"10:00","value":"10:00","selected":false,"tempId":"aco_313","gt_translate_keys":["label"]},{"label":"12:30 (12:30 PM)","value":"12:30","selected":false,"tempId":"aco_314","gt_translate_keys":["label"]},{"label":"14:00 (2:00 PM)","value":"14:00","selected":false,"tempId":"aco_711","gt_translate_keys":["label"]}],"dropdown_type":"basic","error":false,"multiple":false,"placeholder":"None","gt_translate_keys":["label","placeholder"],"price_dependency":false,"cl_dependency":false,"value":""}],[{"active":true,"col":6,"relations":false,"cl_rule":"show","enableCl":false,"price":"","enablePrice":false,"className":"","label_position":"default","desc_position":"default","type":"content","required":false,"elementId":"content_1042762875","label":"","name":"content_1042762875","contentType":"rich","value":"<p>\ud83c\udf9f\ufe0f <strong>Reservation<\/strong>: Pay only a deposit now to reserve; the rest is due on the day of the activity upon arrival.<\/p>","show_in_checkout":true,"error":false,"gt_translate_keys":["label","value"],"price_dependency":false,"cl_dependency":false}],[{"active":true,"col":6,"relations":[{"operator":false,"rules":[{"operator":"AND","rules":{"cl_field":"","cl_relation":"","cl_val":""}}]}],"cl_rule":"show","enableCl":true,"price":"35","enablePrice":true,"className":"","label_position":"default","desc_position":"default","type":"radio-group","required":false,"elementId":"radio-group_166337d57eb617","label":"","name":"radio-group_166337d57eb617","values":[{"label":"\ud83d\udc64 Adult (35\u20ac)","value":"Adult","selected":true,"tempId":"aco_32","tooltip":"+11 Years","description":"","gt_translate_keys":["label","tooltip","description"]}],"layOut":"","error":false,"checkUi":"button","priceOptions":"fixed_for_all","pricingType":"fixed","enable_quantity":true,"quantity_label":"","min_quantity":"0","options_tooltip":true,"options_description":true,"is_show_price":true,"gt_translate_keys":["label","quantity_label"],"price_dependency":false,"cl_dependency":false,"value":""}],[{"label":"","active":true,"required":false,"elementId":"radio-group_166337d57eb624","name":"radio-group_166337d57eb624","label_position":"default","desc_position":"default","enablePrice":true,"className":"","enableCl":true,"relations":[{"operator":false,"rules":[{"operator":"AND","rules":{"cl_field":"","cl_relation":"","cl_val":""}}]}],"enable_quantity":true,"quantity_label":"","min_quantity":"0","checkUi":"button","layOut":"","options_tooltip":true,"options_description":true,"values":[{"label":"\ud83d\udc66 Child (20\u20ac)","value":"Child","selected":true,"tempId":"aco_32","tooltip":"6-10 Years","description":"","gt_translate_keys":["label","tooltip","description"]}],"priceOptions":"fixed_for_all","pricingType":"fixed","price":"20","cl_rule":"show","col":6,"type":"radio-group","error":false,"is_show_price":true,"gt_translate_keys":["label","quantity_label"],"price_dependency":false,"cl_dependency":false,"value":""}],[{"active":true,"col":6,"relations":false,"cl_rule":"show","enableCl":false,"price":"","enablePrice":false,"className":"","label_position":"default","desc_position":"default","type":"separator","required":false,"elementId":"separator_9019492152","label":"Separator Field","height":"6","separatorType":"fill","error":false,"separatorColor":"#66a6b6","gt_translate_keys":["label"],"price_dependency":false,"cl_dependency":false,"value":""}],[{"active":true,"col":6,"relations":false,"cl_rule":"show","enableCl":false,"price":"({field.radio-group_166337d57eb617.quantity}*10)+({field.radio-group_166337d57eb624.quantity}*7.50)","enablePrice":true,"className":"","label_position":"default","desc_position":"default","type":"content","required":false,"elementId":"content_8712621725","label":"Deposit Now","name":"content_8712621725","contentType":"plain","value":"","error":false,"pricingType":"custom","isTemplate":false,"is_show_price":false,"show_in_checkout":true,"enableDesign":true,"LabelSize":"14px","inline":true,"gt_translate_keys":["label","value"],"price_dependency":["content-8850121983"],"cl_dependency":false}],[{"contentType":"plain","active":true,"label":"Payment at Arrival","elementId":"content-8797651822","value":"","name":"content-8797651822","enablePrice":true,"className":"","enableCl":false,"relations":false,"price":"({field.radio-group_166337d57eb617.quantity}*25)+({field.radio-group_166337d57eb624.quantity}*12.50)","cl_rule":"show","col":6,"type":"content","error":false,"is_show_price":true,"pricingType":"custom","isTemplate":false,"show_in_checkout":true,"enableDesign":true,"LabelSize":"14px","inline":true,"gt_translate_keys":["label","value"],"price_dependency":["content-8850121983"],"cl_dependency":false}],[{"contentType":"plain","active":true,"label":"Total Amount","elementId":"content-8850121983","value":"","name":"content-8850121983","enablePrice":true,"className":"","enableCl":false,"relations":false,"price":"{field.content_8712621725.price}+{field.content-8797651822.price}","cl_rule":"show","col":6,"type":"content","error":false,"is_show_price":true,"pricingType":"custom","isTemplate":false,"show_in_checkout":true,"enableDesign":true,"LabelSize":"14px","inline":true,"gt_translate_keys":["label","value"],"price_dependency":false,"cl_dependency":false}]]},"sec_he1t7j115":{"extra":{"key":"sec_he1t7j115","section_id":"sec_he1t7j115","name":"Pickup","status":1,"cl_rule":"show","enableCl":false,"relations":[],"toggle":true,"title_tag":"h4","show_title":false,"showPrice":"default","form_id":11372,"form_rules":{"exclude_from_discount":true,"fee_label":"Fee","disp_hide_options_price":true,"disp_show_section_price":false,"disp_show_field_price":true,"layout_option":"standard","pric_use_as_fee":false,"process_fee_as":"woo_fee"},"layout_option":"standard"},"fields":[[{"active":true,"col":6,"relations":false,"cl_rule":"show","enableCl":false,"price":"","enablePrice":false,"className":"","label_position":"default","desc_position":"default","type":"text","subtype":"text","required":false,"elementId":"text_0736264724","label":"\ud83d\ude8c Pickup Location","name":"text_0736264724","value":"","error":false,"description":"Pick-up service in Tenerife South available for an extra 2\u20ac per person, to be paid on arrival. Please provide your address or hotel name to book the shuttle service; if not needed, leave it blank. | For Callao Salvaje and Palm-Mar, the extra cost is 4\u20ac per person | El M\u00e9dano: 15\u20ac per car | Golf del Sur: 10\u20ac per car.","gt_translate_keys":["label","description","value"],"price_dependency":false,"cl_dependency":false}]]}},"config":{"price_override":"always","enable_recaptcha":false,"bind_quantity":false,"quantity_bind_formula":false,"disp_summ_show_option_price":true,"disp_summ_show_product_price":false,"disp_summ_show_total_price":false,"disp_summ_show_fee":true,"disp_summ_show_discount":true,"summary_title":"","options_total_label":"Options Price","total_label":"Total Amount","options_product_label":"Product Price","fee_label":"Fee","discount_label":"Discount","has_price":true,"has_quantity_formula":false},"mc_unit":1,"tax_rate":1,"tax_rate_real":1,"discount":{"percentage":0,"fixed":0},"design":{"conf":{"LabelPosition":"above","DescPosition":"above","UploadField":"custom_1","QuantityFieldStyle":"custom_1"},"css":{"LeftLabelWidth":"120px"}},"formulas":[],"lookuptables":[],"clones":false,"cartKey":false}},"_links":{"self":[{"href":"https:\/\/canaryvip.com\/pl\/wp-json\/wp\/v2\/product\/10465","targetHints":{"allow":["GET"]}}],"collection":[{"href":"https:\/\/canaryvip.com\/pl\/wp-json\/wp\/v2\/product"}],"about":[{"href":"https:\/\/canaryvip.com\/pl\/wp-json\/wp\/v2\/types\/product"}],"replies":[{"embeddable":true,"href":"https:\/\/canaryvip.com\/pl\/wp-json\/wp\/v2\/comments?post=10465"}],"wp:featuredmedia":[{"embeddable":true,"href":"https:\/\/canaryvip.com\/pl\/wp-json\/wp\/v2\/media\/10794"}],"wp:attachment":[{"href":"https:\/\/canaryvip.com\/pl\/wp-json\/wp\/v2\/media?parent=10465"}],"wp:term":[{"taxonomy":"product_brand","embeddable":true,"href":"https:\/\/canaryvip.com\/pl\/wp-json\/wp\/v2\/product_brand?post=10465"},{"taxonomy":"product_cat","embeddable":true,"href":"https:\/\/canaryvip.com\/pl\/wp-json\/wp\/v2\/product_cat?post=10465"},{"taxonomy":"product_tag","embeddable":true,"href":"https:\/\/canaryvip.com\/pl\/wp-json\/wp\/v2\/product_tag?post=10465"}],"curies":[{"name":"wp","href":"https:\/\/api.w.org\/{rel}","templated":true}]}}