{"id":10186,"date":"2024-03-28T05:27:33","date_gmt":"2024-03-28T05:27:33","guid":{"rendered":"https:\/\/canaryvip.com\/?post_type=product&#038;p=10186"},"modified":"2025-06-28T23:11:45","modified_gmt":"2025-06-28T22:11:45","slug":"rent-a-car-tenerife","status":"publish","type":"product","link":"https:\/\/canaryvip.com\/pl\/shop\/rent-a-car-tenerife\/","title":{"rendered":"Wynajem samochod\u00f3w Teneryfa"},"content":{"rendered":"<h2>Odkryj Teneryf\u0119 z nasz\u0105 najlepsz\u0105 wypo\u017cyczalni\u0105 samochod\u00f3w<\/h2>\n<p>Do\u015bwiadcz najwy\u017cszej swobody odkrywania zapieraj\u0105cych dech w piersiach krajobraz\u00f3w Teneryfy we w\u0142asnym tempie. Nasz <strong>Wynajem samochod\u00f3w Teneryfa<\/strong> us\u0142uga na <strong>CanaryVIP<\/strong> oferuje niezr\u00f3wnan\u0105 wygod\u0119 i elastyczno\u015b\u0107 podczas podr\u00f3\u017cy na wysp\u0119. Od wygrzewania si\u0119 w s\u0142o\u0144cu na dziewiczych pla\u017cach po trekking przez majestatyczne <a href=\"https:\/\/canaryvip.com\/pl\/discover-the-teide-the-ultimate-guide-iconic-volcano\/\">Park Narodowy Teide,<\/a>\u00a0i odkrywanie ukrytych klejnot\u00f3w wyspy, nasza zr\u00f3\u017cnicowana flota jest przepustk\u0105 do niezapomnianej przygody.<\/p>\n<h3>\u2b50\ufe0f Dlaczego warto wybra\u0107 Rent a Car Tenerife?<\/h3>\n<p>Wyb\u00f3r <strong>Wynajem samochodu na Teneryfie<\/strong> z CanaryVIP oznacza podarowanie sobie wolno\u015bci. Nie jeste\u015b ju\u017c zwi\u0105zany ograniczeniami transportu publicznego ani sztywnymi harmonogramami zorganizowanych wycieczek, masz swobod\u0119 odkrywania tej osza\u0142amiaj\u0105cej wyspy we w\u0142asnym tempie i zgodnie z w\u0142asnymi zainteresowaniami.<\/p>\n<ul>\n<li><strong>Elastyczno\u015b\u0107:<\/strong> Nasz <strong>wypo\u017cyczalnia samochod\u00f3w na Teneryfie<\/strong> zapewnia kontrol\u0119 nad planem podr\u00f3\u017cy. Od wschodu do zachodu s\u0142o\u0144ca to Ty decydujesz, co i kiedy chcesz zobaczy\u0107.<\/li>\n<li><strong>R\u00f3\u017cnorodno\u015b\u0107:<\/strong> Nasza flota jest zr\u00f3\u017cnicowana i zaspokaja wszystkie preferencje i potrzeby. Niezale\u017cnie od tego, czy szukasz kompaktowego samochodu na wycieczki po mie\u015bcie, czy przestronnego SUV-a na przygody w trudnym terenie w <strong>Teneryfa Po\u0142udniowa,<\/strong>\u00a0jeste\u015bmy do Twojej dyspozycji.<\/li>\n<li><strong>Konkurencyjne ceny:<\/strong> Naszym celem jest przyst\u0119pna cena bez po\u015bwi\u0119cania jako\u015bci. Nasz <strong>wynajem samochod\u00f3w<\/strong> Opcje na Teneryfie s\u0105 wycenione tak, aby zapewni\u0107 najlepsz\u0105 warto\u015b\u0107, zapewniaj\u0105c niedrogie zwiedzanie wyspy.<\/li>\n<li><strong>Wygoda:<\/strong> Odbierz wypo\u017cyczony samoch\u00f3d z kluczowych lokalizacji, takich jak <strong><a href=\"https:\/\/maps.app.goo.gl\/YAWX2KPn75tN8YMUA\" target=\"_blank\" rel=\"noopener\">Lotnisko Teneryfa Po\u0142udniowa<\/a>.<\/strong>\u00a0Od momentu wyl\u0105dowania przygoda na Teneryfie rozpoczyna si\u0119 bez op\u00f3\u017anie\u0144.<\/li>\n<\/ul>\n<h4>Poznaj Teneryf\u0119 jak nigdy dot\u0105d<\/h4>\n<p>Urok Teneryfy tkwi nie tylko w jej s\u0142ynnych pla\u017cach i miejscach turystycznych, ale tak\u017ce w jej mniej znanych lokalizacjach. Z <strong>wynajem samochod\u00f3w Teneryfa,<\/strong>\u00a0Jeste\u015b przygotowany do odkrywania bogatej historii wyspy, t\u0119tni\u0105cej \u017cyciem kultury i osza\u0142amiaj\u0105cego naturalnego pi\u0119kna. Przejed\u017a przez urocze wioski, odwied\u017a lokalne rynki i znajd\u017a sw\u00f3j w\u0142asny kawa\u0142ek raju na zacisznych pla\u017cach.<\/p>\n<h4>\ud83d\udd0d Odkryj wi\u0119cej dzi\u0119ki wypo\u017cyczalni samochod\u00f3w na Teneryfie<\/h4>\n<p>Ka\u017cdy zakr\u0119t na Teneryfie to nowe odkrycie, a z <strong>Wypo\u017cyczalnia samochod\u00f3w CanaryVIP na Teneryfie,<\/strong>\u00a0Mo\u017cesz goni\u0107 ka\u017cdy zach\u00f3d s\u0142o\u0144ca, wspina\u0107 si\u0119 na ka\u017cd\u0105 g\u00f3r\u0119 i ch\u0142on\u0105\u0107 ka\u017cdy widok. Wyjd\u017a poza przewodniki i uczy\u0144 swoj\u0105 podr\u00f3\u017c antologi\u0105 osobistych do\u015bwiadcze\u0144 i niezapomnianych wspomnie\u0144.<\/p>\n<h4>\u0141atwa rezerwacja<\/h4>\n<p>Nasz proces rezerwacji jest prosty i przyjazny dla u\u017cytkownika. Wystarczy kilka klikni\u0119\u0107, aby wybra\u0107 preferowany pojazd, okres wynajmu i wszelkie niezb\u0119dne dodatki. Naszym celem jest u\u0142atwienie <strong>Wynajem samochod\u00f3w na Teneryfie<\/strong> do\u015bwiadczenie tak p\u0142ynne i bezproblemowe, jak to tylko mo\u017cliwe.<\/p>\n<h4>\ud83d\udee1\ufe0f Bezpiecze\u0144stwo i komfort<\/h4>\n<p>Twoje bezpiecze\u0144stwo i komfort s\u0105 najwa\u017cniejsze. Ka\u017cdy pojazd w naszej flocie jest starannie utrzymywany, aby spe\u0142nia\u0107 najwy\u017csze standardy bezpiecze\u0144stwa i wydajno\u015bci. Je\u015bli zdecydujesz si\u0119 na <strong>wynajem samochod\u00f3w na Teneryfie Po\u0142udniowej,<\/strong>\u00a0mo\u017cesz mie\u0107 pewno\u015b\u0107, \u017ce zadbamy o Tw\u00f3j komfort i dobre samopoczucie.<\/p>\n<h4>Zr\u00f3wnowa\u017cone podr\u00f3\u017ce<\/h4>\n<p>Jeste\u015bmy zaanga\u017cowani w ekologiczne inicjatywy turystyczne. Nasz wyb\u00f3r pojazd\u00f3w obejmuje opcje, kt\u00f3re s\u0105 \u0142agodne dla \u015brodowiska, umo\u017cliwiaj\u0105c odkrywanie naturalnego pi\u0119kna Teneryfy przy jednoczesnym zminimalizowaniu \u015bladu w\u0119glowego.<\/p>\n<h4>Odblokuj to, co najlepsze na Teneryfie<\/h4>\n<p>Teneryfa to wyspa pe\u0142na nieko\u0144cz\u0105cych si\u0119 przyg\u00f3d i pi\u0119kna, od sk\u0105panych w s\u0142o\u0144cu wybrze\u017cy po mistyczne szczyty Teide. Z naszym <strong>us\u0142ugi wynajmu samochod\u00f3w,<\/strong>\u00a0Ka\u017cdy zak\u0105tek tej czaruj\u0105cej wyspy jest w zasi\u0119gu r\u0119ki. <strong>Wynajem samochodu na Teneryfie<\/strong> i wyruszy\u0107 w podr\u00f3\u017c pe\u0142n\u0105 odkry\u0107 i cud\u00f3w.<\/p>\n<h3>Jak zarezerwowa\u0107 wynajem samochodu?<\/h3>\n<p>Uzyskanie <strong>Wynajem samochodu na Teneryfie<\/strong> to tylko kilka klikni\u0119\u0107. Nasz intuicyjny system rezerwacji online zosta\u0142 zaprojektowany z my\u015bl\u0105 o Twojej wygodzie, umo\u017cliwiaj\u0105c wyb\u00f3r samochodu, ustawienie okresu wynajmu i \u0142atwe zarz\u0105dzanie rezerwacj\u0105. Potwierdzenie jest szybkie, dzi\u0119ki czemu jeste\u015b gotowy do zwiedzania zaraz po przyje\u017adzie.<\/p>\n<h4>Twoja przygoda czeka<\/h4>\n<p>Przygoda na Teneryfie to nie tylko miejsca docelowe, ale tak\u017ce podr\u00f3\u017ce mi\u0119dzy nimi. Ka\u017cda trasa, kt\u00f3r\u0105 pokonujesz ze swoim <strong>wynajem samochodu na Teneryfie<\/strong> odkrywa co\u015b nowego - ukryt\u0105 zatoczk\u0119, zapieraj\u0105cy dech w piersiach punkt widokowy lub lokaln\u0105 restauracj\u0119, kt\u00f3ra oferuje smaki, kt\u00f3rych nigdy wcze\u015bniej nie pr\u00f3bowa\u0142e\u015b. Dzi\u0119ki CanaryVIP najlepiej strze\u017cone sekrety wyspy staj\u0105 si\u0119 dost\u0119pne, przekszta\u0142caj\u0105c podr\u00f3\u017c w poszukiwanie skarb\u00f3w.<\/p>\n<h4>Niech liczy si\u0119 ka\u017cda chwila<\/h4>\n<p>Kiedy <strong>wynaj\u0105\u0107 samoch\u00f3d na Teneryfie,<\/strong>\u00a0to nie tylko oszcz\u0119dno\u015b\u0107 czasu - liczy si\u0119 ka\u017cda chwila wakacji. Wjed\u017a na osza\u0142amiaj\u0105ce klify Los Gigantes, aby podziwia\u0107 zach\u00f3d s\u0142o\u0144ca, lub znajd\u017a ukojenie na spokojnych szlakach Parku Wiejskiego Anaga. Czas na Teneryfie mo\u017cesz sp\u0119dzi\u0107 tak, jak chcesz, bez ogranicze\u0144 zwi\u0105zanych z zaplanowanymi wycieczkami i transportem publicznym.<\/p>\n<h4>Dostosowane do Twoich potrzeb<\/h4>\n<p>Rozumiej\u0105c, \u017ce ka\u017cdy podr\u00f3\u017cny ma unikalne potrzeby, nasze <strong>wynajem samochod\u00f3w Teneryfa<\/strong> oferuj\u0105 szerok\u0105 gam\u0119 opcji dostosowanych do ka\u017cdych preferencji i wymaga\u0144. Od luksusowych kabriolet\u00f3w, kt\u00f3re pozwalaj\u0105 poczu\u0107 oceaniczn\u0105 bryz\u0119, po przyjazne rodzinie minivany wyposa\u017cone z my\u015bl\u0105 o komforcie, <strong>CanaryVIP<\/strong> gwarantuje, \u017ce Tw\u00f3j pojazd b\u0119dzie pasowa\u0142 do podr\u00f3\u017cy, kt\u00f3r\u0105 sobie wyobra\u017casz.<\/p>\n<h3>Zobowi\u0105zanie do doskona\u0142o\u015bci<\/h3>\n<p>Przy <strong>CanaryVIP<\/strong>Doskona\u0142o\u015b\u0107 le\u017cy u podstaw wszystkiego, co robimy. Od jako\u015bci naszych pojazd\u00f3w po obs\u0142ug\u0119 klienta, staramy si\u0119 przekracza\u0107 Twoje oczekiwania. Nasz zesp\u00f3\u0142 jest zawsze gotowy, aby zaoferowa\u0107 rekomendacje, pom\u00f3c w wyborze trasy lub zapewni\u0107 wszelkie wsparcie, kt\u00f3rego potrzebujesz podczas podr\u00f3\u017cy. <strong>Wynajem samochod\u00f3w na Teneryfie<\/strong> do\u015bwiadczenie. Nie jeste\u015bmy tylko us\u0142ug\u0105; jeste\u015bmy Twoim partnerem w podr\u00f3\u017cy na Teneryf\u0119.<\/p>\n<h4>\ud83d\udddd\ufe0f Wykorzystaj okazj\u0119<\/h4>\n<p>Pi\u0119kno Teneryfy nie czeka na nikogo, a dzi\u0119ki CanaryVIP korzystanie z okazji do odkrywania tego raju na wyspie nigdy nie by\u0142o \u0142atwiejsze. Nie pozw\u00f3l, aby szansa na stworzenie w\u0142asnej przygody wymkn\u0119\u0142a ci si\u0119 z r\u0105k. <strong>Wynajem samochodu na Teneryfie<\/strong> ju\u017c dzi\u015b i przejmij kontrol\u0119 nad swoimi wakacjami, tworz\u0105c podr\u00f3\u017c tak wyj\u0105tkow\u0105, jak Ty.<\/p>\n<h4>\u2764\ufe0f Zarezerwuj przeja\u017cd\u017ck\u0119 marze\u0144 ju\u017c dzi\u015b<\/h4>\n<p>Gotowy na odkrywanie Teneryfy na w\u0142asnych warunkach?<\/p>\n<p>Odwied\u017a <strong>CanaryVIP<\/strong> ju\u017c teraz, aby zarezerwowa\u0107 idealny samoch\u00f3d. Wystarczy kilka klikni\u0119\u0107, aby wyruszy\u0107 w niezapomnian\u0105 podr\u00f3\u017c pe\u0142n\u0105 odkry\u0107, wolno\u015bci i czystej rado\u015bci z odkrywania.<\/p>\n<p>Twoja przygoda czeka dzi\u0119ki us\u0142udze CanaryVIP Rent a Car Tenerife - zarezerwuj teraz i odblokuj magi\u0119 Teneryfy.<\/p>","protected":false},"excerpt":{"rendered":"<p><strong>Wynajem samochodu na Teneryfie:<\/strong><br \/>\n\u2705 Bezpieczna p\u0142atno\u015b\u0107.<br \/>\nWiele opcji samochod\u00f3w.<br \/>\nOd 1 do 30 dni.<br \/>\nUbezpieczenie wliczone w cen\u0119.<br \/>\nNieograniczona liczba kilometr\u00f3w.<br \/>\n\ud83d\udc64 +25 lat mo\u017ce prowadzi\u0107 samoch\u00f3d.<br \/>\n\ud83e\udd11 Gwarancja najlepszej ceny.<br \/>\nBezp\u0142atna dostawa do hotelu.<br \/>\n\u2708\ufe0f Dostawa i odbi\u00f3r z lotniska.<br \/>\n\ud83d\udc6a  Aktywowane rabaty.<br \/>\n\ud83c\udf1f Zarezerwuj teraz i zaoszcz\u0119d\u017a!<\/p>","protected":false},"featured_media":10916,"comment_status":"open","ping_status":"closed","template":"","meta":{"_acf_changed":false},"product_brand":[],"product_cat":[83],"product_tag":[],"class_list":{"0":"post-10186","1":"product","2":"type-product","3":"status-publish","4":"has-post-thumbnail","6":"product_cat-rentals","7":"wcpa_has_options","9":"first","10":"instock","11":"virtual","12":"purchasable","13":"product-type-simple"},"acf":[],"wcpa_form_fields":{"wcpaData":{"product":{"product_price":50,"price_html":"From&nbsp;<span class=\"woocommerce-Price-amount amount\"><bdi>50,00&nbsp;<span class=\"woocommerce-Price-currencySymbol\">&euro;<\/span><\/bdi><\/span>","original_product_price":50,"price_including_tax":50,"price_excluding_tax":50,"product_id":{"parent":10186,"variation":false},"is_variable":false,"stock_status":"instock","stock_quantity":null,"parent_sku":"CV10186","product_attributes":[],"custom_fields":[],"is_taxable":false,"product_name":"Rent a Car Tenerife","hasImage":false},"fields":{"sec_4668282996d361":{"extra":{"key":"sec_4668282996d361","section_id":"sec_4668282996d361","name":"Contact us","status":1,"cl_rule":"show","enableCl":false,"relations":[],"toggle":true,"title_tag":"h3","show_title":false,"showPrice":"default","form_id":12153,"form_rules":{"exclude_from_discount":true,"fee_label":"Fee","disp_hide_options_price":true,"disp_show_section_price":false,"disp_show_field_price":true,"layout_option":"standard","pric_use_as_fee":false,"process_fee_as":"woo_fee"},"layout_option":"standard"},"fields":[[{"active":true,"col":6,"relations":false,"cl_rule":"show","enableCl":false,"price":"","enablePrice":false,"className":"","label_position":"default","desc_position":"default","type":"content","required":false,"elementId":"content_8291538701","label":"","name":"content_8291538701","contentType":"rich","value":"<p><a href=\"https:\/\/api.whatsapp.com\/send\/?phone=34629670312&amp;text&amp;type=phone_number&amp;app_absent=0\" target=\"_blank\"><strong>Contact us on WhatsApp<\/strong><\/a><strong> to get a personalized price for this activity\/excursion\/rental.<\/strong><\/p>","error":false,"subtype":"div","gt_translate_keys":["label","value"],"price_dependency":false,"cl_dependency":false}]]},"sec_16644ac1d03e64":{"extra":{"key":"sec_16644ac1d03e64","section_id":"sec_16644ac1d03e64","name":"Default","status":1,"cl_rule":"show","enableCl":false,"relations":[],"toggle":true,"title_tag":"h3","show_title":false,"showPrice":"default","form_id":11506,"form_rules":{"exclude_from_discount":true,"fee_label":"Fee","disp_hide_options_price":true,"disp_show_section_price":false,"disp_show_field_price":true,"layout_option":"standard","pric_use_as_fee":false,"process_fee_as":"woo_fee"},"layout_option":"standard"},"fields":[]}},"config":{"price_override":"","enable_recaptcha":false,"bind_quantity":false,"quantity_bind_formula":false,"disp_summ_show_option_price":true,"disp_summ_show_product_price":true,"disp_summ_show_total_price":true,"disp_summ_show_fee":true,"disp_summ_show_discount":true,"summary_title":"","options_total_label":"Options Price","total_label":"Total","options_product_label":"Product Price","fee_label":"Fee","discount_label":"Discount","has_price":true,"has_quantity_formula":false},"mc_unit":1,"tax_rate":1,"tax_rate_real":1,"discount":{"percentage":0,"fixed":0},"design":{"conf":{"LabelPosition":"above","DescPosition":"above","UploadField":"custom_1","QuantityFieldStyle":"custom_1"},"css":{"LeftLabelWidth":"120px"}},"formulas":[],"lookuptables":[],"clones":false,"cartKey":false}},"_links":{"self":[{"href":"https:\/\/canaryvip.com\/pl\/wp-json\/wp\/v2\/product\/10186","targetHints":{"allow":["GET"]}}],"collection":[{"href":"https:\/\/canaryvip.com\/pl\/wp-json\/wp\/v2\/product"}],"about":[{"href":"https:\/\/canaryvip.com\/pl\/wp-json\/wp\/v2\/types\/product"}],"replies":[{"embeddable":true,"href":"https:\/\/canaryvip.com\/pl\/wp-json\/wp\/v2\/comments?post=10186"}],"wp:featuredmedia":[{"embeddable":true,"href":"https:\/\/canaryvip.com\/pl\/wp-json\/wp\/v2\/media\/10916"}],"wp:attachment":[{"href":"https:\/\/canaryvip.com\/pl\/wp-json\/wp\/v2\/media?parent=10186"}],"wp:term":[{"taxonomy":"product_brand","embeddable":true,"href":"https:\/\/canaryvip.com\/pl\/wp-json\/wp\/v2\/product_brand?post=10186"},{"taxonomy":"product_cat","embeddable":true,"href":"https:\/\/canaryvip.com\/pl\/wp-json\/wp\/v2\/product_cat?post=10186"},{"taxonomy":"product_tag","embeddable":true,"href":"https:\/\/canaryvip.com\/pl\/wp-json\/wp\/v2\/product_tag?post=10186"}],"curies":[{"name":"wp","href":"https:\/\/api.w.org\/{rel}","templated":true}]}}