{"id":10109,"date":"2024-02-25T19:09:18","date_gmt":"2024-02-25T19:09:18","guid":{"rendered":"https:\/\/canaryvip.com\/?post_type=product&#038;p=10109"},"modified":"2025-11-25T16:28:10","modified_gmt":"2025-11-25T16:28:10","slug":"gulliver-private-yacht-charter-tenerife","status":"publish","type":"product","link":"https:\/\/canaryvip.com\/pl\/shop\/gulliver-private-yacht-charter-tenerife\/","title":{"rendered":"Gulliver: Wynajem jacht\u00f3w Teneryfa"},"content":{"rendered":"<h2><strong>\ud83d\udee5\ufe0f Gulliver Yacht = niezapomniane chwile<\/strong><\/h2>\n<p>Wejd\u017a do \u015bwiata morskiej rozkoszy z Gulliver Yacht, najlepszym rodzinnym jachtem na Teneryfie, zaprojektowanym tak, aby oferowa\u0107 p\u0142ynne po\u0142\u0105czenie emocji, wypoczynku i niezapomnianych wra\u017ce\u0144. Ten 20-metrowy klejnot stanowi scen\u0119 dla niezr\u00f3wnanej morskiej przygody, idealnej dla rodzin i grup szukaj\u0105cych ekskluzywnego kawa\u0142ka oceanicznego raju.<\/p>\n<h3>\u2b50\ufe0f <strong>Bezgraniczna rado\u015b\u0107 i komfort na pok\u0142adzie<\/strong><\/h3>\n<p><span style=\"text-decoration: underline;\"><strong>Odkryj wyj\u0105tkowe cechy Gullivera:<\/strong><\/span><\/p>\n<ul>\n<li>Przestronny taras zaprojektowany z my\u015bl\u0105 o maksymalnej przyjemno\u015bci dla ca\u0142ej rodziny.<\/li>\n<li>Zach\u0119caj\u0105ce poduszki przeciws\u0142oneczne do wygodnego wygrzewania si\u0119 na s\u0142o\u0144cu.<\/li>\n<li>Od\u015bwie\u017caj\u0105ce zabawki wodne, w tym nadmuchiwana zje\u017cd\u017calnia, paddleboardy i podwodne skutery dla wszystkich grup wiekowych.<\/li>\n<li>Wspania\u0142e opcje gastronomiczne zaspokajaj\u0105ce r\u00f3\u017cne potrzeby \u017cywieniowe, w tym opcje bezglutenowe.<\/li>\n<li>Nieograniczony pocz\u0119stunek: napoje bezalkoholowe, wino, piwo, sangria i cava, aby podnie\u015b\u0107 poziom morskiej podr\u00f3\u017cy.<\/li>\n<\/ul>\n<h4>\ud83d\udea4 <strong>Wyrusz w odkrywcz\u0105 podr\u00f3\u017c<\/strong><\/h4>\n<p>Twoja przygoda zaczyna si\u0119 w <a href=\"https:\/\/www.google.com\/maps\/place\/Puerto+Col%C3%B3n\/@28.078002,-16.7394902,17z\/data=!3m2!4b1!5s0xc6a97433884bdf9:0x76d293b7b99db23a!4m6!3m5!1s0xc6a9743509c9ebf:0xd62345524f768247!8m2!3d28.078002!4d-16.7369153!16s%2Fg%2F11c6cqryw_?entry=ttu\" target=\"_blank\" rel=\"noopener\">Puerto Col\u00f3n<\/a>W sercu t\u0119tni\u0105cego \u017cyciem morskim Costa Adeje, gdzie Gulliver czeka, aby zabra\u0107 Ci\u0119 w intymny rejs ograniczony do 12 os\u00f3b. Zapewnia to osobiste i ekskluzywne do\u015bwiadczenie, niezale\u017cnie od tego, czy \u017ceglujesz przez kilka godzin, czy wyruszasz na wielk\u0105 eksploracj\u0119.<\/p>\n<h4>\ud83c\udf0a <strong>We\u017a udzia\u0142 w niezr\u00f3wnanych aktywno\u015bciach na morzu<\/strong><\/h4>\n<p>Gdy tylko wejdziesz na pok\u0142ad Gulliver, przygoda wzywa. Hipnotyzuj\u0105ce wody Teneryfy stan\u0105 si\u0119 Twoim placem zabaw, oferuj\u0105c nieograniczone mo\u017cliwo\u015bci zabawy i odkrywania. Zanurz si\u0119 w orze\u017awiaj\u0105cych morskich falach, pop\u0142ywaj na desce z wios\u0142em lub odkryj podwodny \u015bwiat z naszym najwy\u017cszej klasy sprz\u0119tem do snorkelingu. Ka\u017cda aktywno\u015b\u0107 jest przygotowana tak, aby Twoja morska przygoda by\u0142a naprawd\u0119 niezapomniana, zach\u0119caj\u0105c do tworzenia wspomnie\u0144, kt\u00f3re pozostan\u0105 na ca\u0142e \u017cycie.<\/p>\n<h4>\ud83d\udc2c <strong>Podwy\u017cszona elegancja w wyj\u0105tkowej cenie<\/strong><\/h4>\n<p>CanaryVIP podnosi <a href=\"https:\/\/canaryvip.com\/pl\/tenerife\/boat-hire-tenerife\/?swcfpc=1\">czarter jacht\u00f3w<\/a> Do\u015bwiadczenie z Gulliver, \u0142\u0105cz\u0105c bogaty luksus z bezkonkurencyjn\u0105 warto\u015bci\u0105. Odkryj przygod\u0119, w kt\u00f3rej przyst\u0119pna cena spotyka si\u0119 z wyrafinowaniem, wraz z konkurencyjnymi cenami, kt\u00f3re obejmuj\u0105 wszystkie udogodnienia i us\u0142ugi niezb\u0119dne do niezwyk\u0142ej podr\u00f3\u017cy morskiej.<\/p>\n<h3>\ud83d\udd52 <strong>Wybierz swoj\u0105 przygod\u0119: Od jednodniowych czarter\u00f3w po d\u0142u\u017csze pobyty<\/strong><\/h3>\n<ul>\n<li><b>Karta 3,5-godzinna: <\/b>Szukasz przyjemnego i \u0142atwego sposobu na podziwianie oceanu? Ten 3,5-godzinny prywatny czarter jest idealny dla rodzin lub grup, kt\u00f3re chc\u0105 zrelaksowa\u0107 si\u0119 i pozna\u0107 wspania\u0142e wybrze\u017ce Teneryfy. P\u0142ywaj, nurkuj i ciesz si\u0119 morsk\u0105 bryz\u0105, korzystaj\u0105c z naszej pok\u0142adowej zje\u017cd\u017calni wodnej - ulubionej zar\u00f3wno przez dzieci, jak i doros\u0142ych!<\/li>\n<li><b>Karta 5-godzinna: <\/b><span style=\"font-weight: 400;\">Potrzebujesz wi\u0119cej czasu na zwiedzanie? 5-godzinny czarter zapewnia idealn\u0105 r\u00f3wnowag\u0119 mi\u0119dzy przygod\u0105 a relaksem. Pop\u0142yniesz wzd\u0142u\u017c wybrze\u017ca, zakotwiczysz w ukrytych zatokach i b\u0119dziesz cieszy\u0107 si\u0119 p\u0142ywaniem, nurkowaniem z rurk\u0105 i opalaniem. Oczywi\u015bcie zje\u017cd\u017calnia wodna jest zawsze gotowa na dodatkow\u0105 zabaw\u0119 na wodzie. Idealny dla tych, kt\u00f3rzy chc\u0105 dzia\u0142a\u0107 we w\u0142asnym tempie.<\/span><\/li>\n<li><b>7-godzinny czarter - wycieczka do Los Gigantes: <\/b><span style=\"font-weight: 400;\">Aby sp\u0119dzi\u0107 niezapomniany dzie\u0144 na morzu, nasz 7-godzinny czarter zabierze Ci\u0119 a\u017c do dramatycznych klif\u00f3w Los Gigantes - jednego z najbardziej kultowych cud\u00f3w natury na Teneryfie. Po drodze b\u0119dziesz mia\u0142 mn\u00f3stwo czasu na p\u0142ywanie, nurkowanie i podziwianie ka\u017cdego zak\u0105tka tej zapieraj\u0105cej dech w piersiach podr\u00f3\u017cy. Pok\u0142adowa zje\u017cd\u017calnia wodna dodaje zabawnego akcentu, dzi\u0119ki czemu jest to hit dla grup, rodzin lub par, kt\u00f3re chc\u0105 do\u015bwiadczy\u0107 Teneryfy z zupe\u0142nie nowej perspektywy.<\/span><\/li>\n<\/ul>\n<h3>\u2705 <strong>Wszystko, czego potrzebujesz, aby sp\u0119dzi\u0107 idealny dzie\u0144 na morzu<\/strong><\/h3>\n<ul>\n<li>Bezp\u0142atne przek\u0105ski dla smakoszy i nieograniczone napoje dla wszystkich grup wiekowych.<\/li>\n<li>Do\u015bwiadczona, wieloj\u0119zyczna za\u0142oga gotowa zaspokoi\u0107 ka\u017cd\u0105 potrzeb\u0119, w tym dedykowana kelnerka i kapitan.<\/li>\n<li>Pe\u0142ny sprz\u0119t do nurkowania z rurk\u0105 do podwodnych przyg\u00f3d.<\/li>\n<li>Obs\u0142uga VIP z wygodnymi siedzeniami i du\u017c\u0105 przestrzeni\u0105 dla ka\u017cdego go\u015bcia.<\/li>\n<\/ul>\n<h3>\ud83d\udccd <strong>Wyruszamy z Puerto Col\u00f3n: Twoja brama do przygody<\/strong><\/h3>\n<p>Po\u0142o\u017cony przy bramie 3 w t\u0119tni\u0105cym \u017cyciem sercu Costa Adeje, Puerto Col\u00f3n jest idealnym miejscem na rozpocz\u0119cie przygody z Gulliver Yacht. Przyb\u0105d\u017a zaledwie 15 minut przed planowanym odlotem, aby zapewni\u0107 sobie p\u0142ynny pocz\u0105tek przygody, z wygodnym parkingiem dost\u0119pnym w porcie dla \u0142atwego dost\u0119pu.<\/p>\n<h4>\ud83d\udcdc <strong>\u0141atwa rezerwacja i przejrzyste zasady zapewniaj\u0105ce spok\u00f3j ducha<\/strong><\/h4>\n<p>Rozpocz\u0119cie przygody z Gulliver Yacht ma by\u0107 tak p\u0142ynne, jak to tylko mo\u017cliwe, od momentu rezerwacji do wej\u015bcia na pok\u0142ad. CanaryVIP priorytetowo traktuje komfort i bezpiecze\u0144stwo, zapewniaj\u0105c, \u017ce ka\u017cdy aspekt podr\u00f3\u017cy jest obj\u0119ty jasno\u015bci\u0105 i trosk\u0105.<\/p>\n<ul>\n<li><strong>Gwarancja pogody<\/strong>: Monitorujemy morza, aby zapewni\u0107 p\u0142ynn\u0105 \u017ceglug\u0119. W przypadku niekorzystnych warunk\u00f3w mo\u017cna wybra\u0107 mi\u0119dzy zmian\u0105 harmonogramu lub pe\u0142nym zwrotem koszt\u00f3w, zapewniaj\u0105c przede wszystkim bezpiecze\u0144stwo i satysfakcj\u0119.<\/li>\n<li><strong>Elastyczne anulowanie<\/strong>: Plany si\u0119 zmieniaj\u0105 i my to rozumiemy. Anuluj do 5 dni przed podr\u00f3\u017c\u0105, aby uzyska\u0107 pe\u0142ny zwrot koszt\u00f3w. W przypadku powiadomienia z wyprzedzeniem kr\u00f3tszym ni\u017c 5 dni lub niepojawienia si\u0119 na miejscu, niestety nie przys\u0142uguje zwrot koszt\u00f3w. Nale\u017cy pami\u0119ta\u0107, \u017ce op\u0142aty za przetwarzanie p\u0142atno\u015bci, stanowi\u0105ce r\u00f3wnowarto\u015b\u0107 3% ca\u0142kowitej p\u0142atno\u015bci, w \u017cadnym wypadku nie podlegaj\u0105 zwrotowi.<\/li>\n<li><strong>Bilety \u0142atwego dost\u0119pu<\/strong>: Dla wygody kart\u0119 pok\u0142adow\u0105 mo\u017cna przechowywa\u0107 w telefonie lub wydrukowa\u0107. Nasze cyfrowe bilety zapewniaj\u0105 gotowo\u015b\u0107 do wyp\u0142yni\u0119cia bez \u017cadnych k\u0142opot\u00f3w.<\/li>\n<li><strong>Kompleksowa opieka<\/strong>: W przypadku z\u0142ego samopoczucia lub decyzji o wcze\u015bniejszym zako\u0144czeniu podr\u00f3\u017cy nasz zesp\u00f3\u0142 s\u0142u\u017cy pomoc\u0105, cho\u0107 w takich przypadkach nie mo\u017cemy zapewni\u0107 zwrotu koszt\u00f3w.<\/li>\n<li><strong>Elastyczno\u015b\u0107 p\u0142atno\u015bci<\/strong>: Wybierz metod\u0119 p\u0142atno\u015bci, kt\u00f3ra Ci odpowiada.<\/li>\n<\/ul>\n<p><strong>\ud83c\udf0a\ud83c\udf1f\ud83d\udee5\ufe0f Zarezerwuj sw\u00f3j Gulliver Yacht z CanaryVIP ju\u017c dzi\u015b i otw\u00f3rz drzwi do niezapomnianych chwil na morzu.<\/strong><\/p>","protected":false},"excerpt":{"rendered":"<p><strong>\ud83d\udd0d Gulliver Charter:<\/strong><br \/>\n\u2705 Bezpieczna p\u0142atno\u015b\u0107.<br \/>\n\ud83d\udd10 Dost\u0119pne prywatne wycieczki.<br \/>\n<span>\ud83d\udc65 Dost\u0119pne wsp\u00f3lne wycieczki.<\/span><br \/>\n\ud83d\udee5\ufe0f 20m Yacht Comfort.<br \/>\n\u23f3 Codzienne wycieczki trwaj\u0105ce od 3 do 9 godzin.<br \/>\n\ud83d\udd59 Konfigurowalne godziny odlot\u00f3w.<br \/>\n\ud83c\udf74 Posi\u0142ki i napoje wliczone w cen\u0119.<br \/>\n\ud83d\udc65 Do 12 go\u015bci.<br \/>\n\ud83e\udd29 Zabawne dmucha\u0144ce.<br \/>\n\ud83d\udef6 Kajaki w zestawie.<br \/>\n\ud83d\udeb2 Morskie rowery wodne.<br \/>\n\ud83d\udedd Zje\u017cd\u017calnia wodna Ultimate.<br \/>\n\ud83c\udfc4\u200d\u2640\ufe0f Deski do wios\u0142owania w zestawie.<br \/>\n\ud83e\udd3f Zapewniamy sprz\u0119t do nurkowania z rurk\u0105.<br \/>\n\ud83d\udd0a Odtwarzanie muzyki.<br \/>\n\ud83e\udd11 Gwarancja najlepszej ceny.<br \/>\n\ud83d\udc6a  Aktywowane rabaty.<br \/>\n\ud83d\udd01 Anulowanie do 5 dni.<br \/>\n\ud83c\udf0d Wieloj\u0119zyczna za\u0142oga.<br \/>\n\ud83c\udf1f Rezerwuj wcze\u015bniej i oszcz\u0119dzaj!<br \/>\n\ud83d\udccd Odej\u015bcie od\u00a0<a href=\"https:\/\/maps.app.goo.gl\/ocJuu7A8R1JWjPbS9\">Puerto Colon<\/a>.<\/p>","protected":false},"featured_media":10114,"comment_status":"open","ping_status":"closed","template":"","meta":{"_acf_changed":false},"product_brand":[],"product_cat":[47],"product_tag":[],"class_list":{"0":"post-10109","1":"product","2":"type-product","3":"status-publish","4":"has-post-thumbnail","6":"product_cat-boat-hire-tenerife","7":"wcpa_has_options","9":"first","10":"instock","11":"sale","12":"virtual","13":"purchasable","14":"product-type-simple"},"acf":[],"wcpa_form_fields":{"wcpaData":{"product":{"product_price":895,"price_html":"From&nbsp;<del aria-hidden=\"true\"><span class=\"woocommerce-Price-amount amount\"><bdi>950,00&nbsp;<span class=\"woocommerce-Price-currencySymbol\">&euro;<\/span><\/bdi><\/span><\/del> <span class=\"screen-reader-text\">Pierwotna cena wynosi\u0142a: 950,00&nbsp;&euro;.<\/span><ins aria-hidden=\"true\"><span class=\"woocommerce-Price-amount amount\"><bdi>895,00&nbsp;<span class=\"woocommerce-Price-currencySymbol\">&euro;<\/span><\/bdi><\/span><\/ins><span class=\"screen-reader-text\">Aktualna cena: 895,00&nbsp;&euro;.<\/span>","original_product_price":950,"price_including_tax":895,"price_excluding_tax":895,"product_id":{"parent":10109,"variation":false},"is_variable":false,"stock_status":"instock","stock_quantity":null,"parent_sku":"CV10109","product_attributes":[],"custom_fields":[],"is_taxable":false,"product_name":"Gulliver: Yacht Hire Tenerife","hasImage":false},"fields":{"sec_96638f078b8951":{"extra":{"key":"sec_96638f078b8951","section_id":"sec_96638f078b8951","name":"Default","status":1,"cl_rule":"show","enableCl":false,"relations":[],"toggle":true,"title_tag":"h3","show_title":false,"showPrice":"default","form_id":11398,"form_rules":{"exclude_from_discount":true,"fee_label":"Fee","disp_hide_options_price":true,"disp_show_section_price":false,"disp_show_field_price":true,"layout_option":"standard","pric_use_as_fee":false,"process_fee_as":"woo_fee"},"layout_option":"standard"},"fields":[[{"label":"\ud83d\udcc5 Date","active":true,"required":true,"elementId":"date_106638f078b8973","picker_type":"custom","picker_mode":"single","placeholder":"","description":"","tooltip":"","name":"date_106638f078b8973","label_position":"default","desc_position":"default","enablePrice":false,"className":"","enableCl":false,"relations":[{"operator":"and","rules":[{"operator":"AND","rules":{"cl_field":"radio-group_565c78ffa81208","cl_relation":"is","cl_val":"3 Hour Trip"}}]}],"date_pic_inline":true,"date_pic_inline_hide":true,"min_date":{"type":"days","val":"1"},"max_date":{"type":"days","val":"365"},"date_pic_conf":{"disabledWeeks":[],"disabledDates":["2024-06-30","2024-07-25","2024-11-28 to 2024-12-04","2025-03-29"]},"price":"","cl_rule":"show","col":6,"type":"date","error":false,"enableDesign":false,"LabelColor":"","gt_translate_keys":["label","placeholder","description","tooltip"],"price_dependency":false,"cl_dependency":false,"value":""}],[{"elementId":"separator_66638f078b898d","separatorType":"blank","className":"","height":"3","enableCl":false,"relations":false,"cl_rule":"show","col":6,"type":"separator","error":false,"gt_translate_keys":[],"price_dependency":false,"cl_dependency":false,"value":""}],[{"active":true,"col":6,"relations":false,"cl_rule":"show","enableCl":false,"price":"","enablePrice":true,"className":"","label_position":"default","desc_position":"default","type":"select","required":true,"elementId":"select_96638f078b8998","label":"\u23f3 Trip Duration","name":"select_96638f078b8998","values":[{"label":"3.5 Hours (895\u20ac)","value":"3","selected":false,"tempId":"aco_556","price":"895","gt_translate_keys":["label"]},{"label":"5 Hours (1.200\u20ac)","value":"5","selected":false,"tempId":"aco_141","price":"1200","gt_translate_keys":["label"]},{"label":"7 Hours (1.750\u20ac)","value":"7","selected":false,"tempId":"aco_151","price":"1750","gt_translate_keys":["label"]}],"dropdown_type":"basic","error":false,"placeholder":"Select Trip Duration","priceOptions":"different_for_all","pricingType":"fixed","is_show_price":false,"gt_translate_keys":["label","placeholder"],"price_dependency":false,"cl_dependency":false,"value":""}],[{"active":true,"col":6,"relations":false,"cl_rule":"show","enableCl":false,"price":"","enablePrice":true,"className":"","label_position":"default","desc_position":"default","type":"select","required":false,"elementId":"select_0041641856","label":"\ud83d\udca6 Add jet-skis?","name":"select_0041641856","values":[{"label":"2 JetSkis for 1 Hour (500\u20ac)","value":"2 x JetSki for 1 Hour","selected":false,"tempId":"aco_2502","price":"500","gt_translate_keys":["label"]},{"label":"1 JetSki for 2 Hours (500\u20ac)","value":"1 x JetSki for 2 Hours","selected":false,"tempId":"aco_2503","price":"500","gt_translate_keys":["label"]},{"label":"2 JetSkis for 2 Hours (800\u20ac)","value":"2 x JetSki for 2 Hours","selected":false,"tempId":"aco_2927","price":"800","gt_translate_keys":["label"]}],"dropdown_type":"basic","error":false,"description":"Private JetSki tour from the boat with a JetSki instructor.","placeholder":"None","priceOptions":"different_for_all","pricingType":"fixed","is_show_price":false,"isWeightTemplate":false,"isTemplate":false,"min_quantity":"1","quantity_decimal":false,"quantity_step":"1","quantity_label":"Quantity","repeater_field_label":"{field_label}","repeater_bind":"","gt_translate_keys":["label","placeholder","description","repeater_field_label","quantity_label"],"price_dependency":false,"cl_dependency":false,"value":""}],[{"elementId":"separator_16638f078b89f1","separatorType":"blank","className":"","height":"1","enableCl":false,"relations":false,"cl_rule":"show","col":6,"type":"separator","error":false,"gt_translate_keys":[],"price_dependency":false,"cl_dependency":false,"value":""}],[{"active":true,"col":6,"relations":[{"operator":false,"rules":[{"operator":"AND","rules":{"cl_field":"radio-group_565c78ffa81208","cl_relation":"is","cl_val":"3 Hour Trip"}}]}],"cl_rule":"show","enableCl":false,"price":"","enablePrice":false,"className":"","label_position":"default","desc_position":"default","type":"select","required":false,"elementId":"select_76638f078b89d4","label":"\u23f0 Departure Time","name":"select_76638f078b89d4","values":[{"label":"10:00","value":"10:00","selected":false,"tempId":"aco_1472","gt_translate_keys":["label"]},{"label":"14:00 (2:00 PM)","value":"14:00","selected":false,"tempId":"aco_1728","gt_translate_keys":["label"]},{"label":"17:30 (5:30 PM)","value":"17:30","selected":false,"tempId":"aco_28","gt_translate_keys":["label"]}],"dropdown_type":"basic","error":false,"placeholder":"Whichever Time is Best","gt_translate_keys":["label","placeholder"],"price_dependency":false,"cl_dependency":false,"value":""}],[{"elementId":"separator-2954713577","separatorType":"blank","className":"","height":"1","enableCl":false,"relations":false,"cl_rule":"show","col":6,"type":"separator","gt_translate_keys":[],"price_dependency":false,"cl_dependency":false,"value":""}],[{"label":"\u2705 Number of People","active":true,"required":true,"elementId":"select_76638f078b89e7","dropdown_type":"basic","placeholder":"Select Number of People","name":"select_76638f078b89e7","label_position":"default","desc_position":"default","enablePrice":true,"className":"","enableCl":false,"relations":[{"operator":false,"rules":[{"operator":"AND","rules":{"cl_field":"radio-group_565c78ffa81208","cl_relation":"is","cl_val":"3 Hour Trip"}}]}],"values":[{"label":"1 person","value":"1","selected":false,"tempId":"aco_1471","gt_translate_keys":["label"]},{"label":"2 people","value":"2","selected":false,"tempId":"aco_1472","gt_translate_keys":["label"]},{"label":"3 people (+10\u20ac)","value":"3","selected":false,"tempId":"aco_1500","price":"10","gt_translate_keys":["label"]},{"label":"4 people (+20\u20ac)","value":"4","selected":false,"tempId":"aco_1510","price":"20","gt_translate_keys":["label"]},{"label":"5 people (+30\u20ac)","value":"5","selected":false,"tempId":"aco_1520","price":"30","gt_translate_keys":["label"]},{"label":"6 people (+40\u20ac)","value":"6","selected":false,"tempId":"aco_1728","price":"40","gt_translate_keys":["label"]},{"label":"7 people (+50\u20ac)","value":"7","selected":false,"tempId":"aco_1738","price":"50","gt_translate_keys":["label"]},{"label":"8 people (+60\u20ac)","value":"8","selected":false,"tempId":"aco_1748","price":"60","gt_translate_keys":["label"]},{"label":"9 people (+70\u20ac)","value":"9","selected":false,"tempId":"aco_1912","price":"70","gt_translate_keys":["label"]},{"label":"10 people (+80\u20ac)","value":"10","selected":false,"tempId":"aco_1922","price":"80","gt_translate_keys":["label"]},{"label":"11 People (+90\u20ac)","value":"11","selected":false,"tempId":"aco_19","price":"90","gt_translate_keys":["label"]},{"label":"12 People (+100\u20ac)","value":"12","selected":false,"tempId":"aco_29","price":"100","gt_translate_keys":["label"]}],"price":"","cl_rule":"show","col":6,"type":"select","error":false,"priceOptions":"different_for_all","pricingType":"fixed","gt_translate_keys":["label","placeholder"],"price_dependency":false,"cl_dependency":false,"value":""}],[{"elementId":"separator_26638f078b89de","separatorType":"blank","className":"","height":"1","enableCl":false,"relations":false,"cl_rule":"show","col":6,"type":"separator","gt_translate_keys":[],"price_dependency":false,"cl_dependency":false,"value":""}]]}},"config":{"price_override":"always","enable_recaptcha":false,"bind_quantity":false,"quantity_bind_formula":false,"disp_summ_show_option_price":true,"disp_summ_show_product_price":false,"disp_summ_show_total_price":true,"disp_summ_show_fee":true,"disp_summ_show_discount":true,"summary_title":"","options_total_label":"Options Price","total_label":"Total Amount","options_product_label":"Product Price","fee_label":"Fee","discount_label":"Discount","has_price":true,"has_quantity_formula":false},"mc_unit":1,"tax_rate":1,"tax_rate_real":1,"discount":{"percentage":0,"fixed":0},"design":{"conf":{"LabelPosition":"above","DescPosition":"above","UploadField":"custom_1","QuantityFieldStyle":"custom_1"},"css":{"LeftLabelWidth":"120px"}},"formulas":{"fmla_1708360988969136756":"(({field.select_56638eb5b235ae.value}>=3)?(1200):(({field.select_56638eb5b235ae.value}>=2)?(850):(({field.select_56638eb5b235ae.value}>=1)?(540):(0))))","fmla_1708364241278155361":"(({field.select_5841412719.value}>=8)?({field.select_5841412719.price}):(({field.select_5841412719.value}>=5)?({field.select_5841412719.price}):(({field.select_5841412719.value}>=3)?({field.select_5841412719.price}):(0))))"},"lookuptables":[],"clones":false,"cartKey":false}},"_links":{"self":[{"href":"https:\/\/canaryvip.com\/pl\/wp-json\/wp\/v2\/product\/10109","targetHints":{"allow":["GET"]}}],"collection":[{"href":"https:\/\/canaryvip.com\/pl\/wp-json\/wp\/v2\/product"}],"about":[{"href":"https:\/\/canaryvip.com\/pl\/wp-json\/wp\/v2\/types\/product"}],"replies":[{"embeddable":true,"href":"https:\/\/canaryvip.com\/pl\/wp-json\/wp\/v2\/comments?post=10109"}],"wp:featuredmedia":[{"embeddable":true,"href":"https:\/\/canaryvip.com\/pl\/wp-json\/wp\/v2\/media\/10114"}],"wp:attachment":[{"href":"https:\/\/canaryvip.com\/pl\/wp-json\/wp\/v2\/media?parent=10109"}],"wp:term":[{"taxonomy":"product_brand","embeddable":true,"href":"https:\/\/canaryvip.com\/pl\/wp-json\/wp\/v2\/product_brand?post=10109"},{"taxonomy":"product_cat","embeddable":true,"href":"https:\/\/canaryvip.com\/pl\/wp-json\/wp\/v2\/product_cat?post=10109"},{"taxonomy":"product_tag","embeddable":true,"href":"https:\/\/canaryvip.com\/pl\/wp-json\/wp\/v2\/product_tag?post=10109"}],"curies":[{"name":"wp","href":"https:\/\/api.w.org\/{rel}","templated":true}]}}