{"id":9195,"date":"2024-01-28T19:23:23","date_gmt":"2024-01-28T19:23:23","guid":{"rendered":"https:\/\/canaryvip.com\/?page_id=9195"},"modified":"2026-03-04T18:17:48","modified_gmt":"2026-03-04T18:17:48","slug":"collaborate-with-canaryvip","status":"publish","type":"page","link":"https:\/\/canaryvip.com\/pl\/collaborate-with-canaryvip\/","title":{"rendered":"Partner z CanaryVIP: zaoferuj swoje do\u015bwiadczenia mi\u0119dzynarodowym podr\u00f3\u017cnikom"},"content":{"rendered":"<p>Zosta\u0144 partnerem CanaryVIP i zaprezentuj swoje atrakcje turystom z ca\u0142ego \u015bwiata. Poniewa\u017c nasza platforma stale si\u0119 rozwija na Teneryfie, Gran Canarii, Fuerteventurze, Lanzarote, La Palmie i El Hierro, aktywnie poszukujemy wsp\u00f3\u0142pracy z profesjonalnymi dostawcami us\u0142ug i organizatorami wycieczek.<\/p>\n<p>Nasz cel jest prosty: po\u0142\u0105czy\u0107 wysokiej jako\u015bci lokalne do\u015bwiadczenia z mi\u0119dzynarodowymi go\u015b\u0107mi, kt\u00f3rzy chc\u0105 odkry\u0107 to, co Wyspy Kanaryjskie maj\u0105 najlepszego do zaoferowania.<\/p>\n<h2>Operatorzy wycieczek i aktywno\u015bci<\/h2>\n<p>Je\u015bli organizujesz wycieczki, wyprawy \u0142odzi\u0105, przygody na \u015bwie\u017cym powietrzu, sporty wodne, do\u015bwiadczenia z przewodnikiem lub jak\u0105kolwiek wyj\u0105tkow\u0105 dzia\u0142alno\u015b\u0107 na Wyspach Kanaryjskich, CanaryVIP mo\u017ce pom\u00f3c Ci dotrze\u0107 do szerszej publiczno\u015bci.<\/p>\n<p>Dzi\u0119ki naszej platformie twoja aktywno\u015b\u0107 mo\u017ce zyska\u0107 widoczno\u015b\u0107 w\u015br\u00f3d mi\u0119dzynarodowych podr\u00f3\u017cnik\u00f3w, kt\u00f3rzy aktywnie szukaj\u0105 rzeczy do zrobienia podczas pobytu na Wyspach Kanaryjskich.<\/p>\n<p>Wsp\u00f3\u0142pracuj\u0105c z CanaryVIP, Twoja dzia\u0142alno\u015b\u0107 mo\u017ce odnie\u015b\u0107 korzy\u015bci:<\/p>\n<p>- Zwi\u0119kszona ekspozycja na mi\u0119dzynarodowych go\u015bci<br \/>\n- Dodatkowe rezerwacje za po\u015brednictwem naszej platformy internetowej<br \/>\n- Promocja za po\u015brednictwem naszych cyfrowych kana\u0142\u00f3w marketingowych<br \/>\n- Prosty i przejrzysty model wsp\u00f3\u0142pracy<\/p>\n<p>Wsp\u00f3\u0142pracujemy ze starannie wybranymi partnerami, kt\u00f3rzy zapewniaj\u0105 odwiedzaj\u0105cym profesjonalne, bezpieczne i niezapomniane wra\u017cenia.<\/p>\n<h2>Wymagania dotycz\u0105ce wsp\u00f3\u0142pracy<\/h2>\n<p>Aby zapewni\u0107 naszym klientom najlepsze do\u015bwiadczenia, wsp\u00f3\u0142pracujemy z operatorami, kt\u00f3rzy spe\u0142niaj\u0105 profesjonalne i prawne standardy. Obejmuje to posiadanie odpowiednich licencji, ubezpieczenia i zgodno\u015bci z lokalnymi przepisami, w stosownych przypadkach.<\/p>\n<p>Cenimy partner\u00f3w, kt\u00f3rzy s\u0105 niezawodni, komunikuj\u0105 si\u0119 w jasny spos\u00f3b i utrzymuj\u0105 wysoki poziom obs\u0142ugi go\u015bci.<\/p>\n<h2>Dzia\u0142ania, kt\u00f3rych szukamy<\/h2>\n<p>Jeste\u015bmy zainteresowani wsp\u00f3\u0142prac\u0105 z szerok\u0105 gam\u0105 dostawc\u00f3w aktywno\u015bci na Wyspach Kanaryjskich, w tym:<\/p>\n<p>- Wycieczki \u0142odzi\u0105 i prywatne czartery jacht\u00f3w<br \/>\n- Wycieczki z obserwacj\u0105 wieloryb\u00f3w i delfin\u00f3w<br \/>\n- Narty wodne i sporty wodne<br \/>\n- Przygody z quadami i buggy<br \/>\n- Wycieczki piesze i przyrodnicze<br \/>\n- Do\u015bwiadczenia kulturalne i do\u015bwiadczenia z przewodnikiem<br \/>\n- Nurkowanie, snorkeling i aktywno\u015bci w oceanie<\/p>\n<p>Je\u015bli oferujesz wyj\u0105tkowe do\u015bwiadczenie, kt\u00f3re spodoba\u0142oby si\u0119 odwiedzaj\u0105cym Wyspy Kanaryjskie, ch\u0119tnie si\u0119 z Tob\u0105 skontaktujemy.<\/p>\n<h2>Zwi\u0119ksz liczb\u0119 rezerwacji dzi\u0119ki CanaryVIP<\/h2>\n<p>Nasz\u0105 misj\u0105 jest wspieranie lokalnych operator\u00f3w, jednocze\u015bnie u\u0142atwiaj\u0105c podr\u00f3\u017cnym odkrywanie i rezerwowanie autentycznych wra\u017ce\u0144 na Wyspach Kanaryjskich.<\/p>\n<p>Je\u015bli chcesz, aby Twoje wycieczki lub us\u0142ugi by\u0142y prezentowane na CanaryVIP, skontaktuj si\u0119 z naszym zespo\u0142em i opowiedz nam wi\u0119cej o swojej dzia\u0142alno\u015bci.<\/p>\n<p><strong>Jeste\u015b zainteresowany wsp\u00f3\u0142prac\u0105? Skontaktuj si\u0119 z nami ju\u017c dzi\u015b i sprawd\u017amy, jak mo\u017cemy si\u0119 razem rozwija\u0107.<\/strong><\/p>","protected":false},"excerpt":{"rendered":"<p>Zosta\u0144 partnerem CanaryVIP i zaprezentuj swoje atrakcje turystom z ca\u0142ego \u015bwiata. Poniewa\u017c nasza platforma stale si\u0119 rozwija na Teneryfie, Gran Canarii, Fuerteventurze, Lanzarote, La Palmie i El Hierro, aktywnie poszukujemy wsp\u00f3\u0142pracy z profesjonalnymi dostawcami us\u0142ug i organizatorami wycieczek. Nasz cel jest prosty: po\u0142\u0105czy\u0107 wysokiej jako\u015bci lokalne do\u015bwiadczenia z mi\u0119dzynarodowymi...<\/p>","protected":false},"author":1,"featured_media":0,"parent":0,"menu_order":0,"comment_status":"closed","ping_status":"closed","template":"","meta":{"_acf_changed":false,"footnotes":""},"class_list":["post-9195","page","type-page","status-publish","hentry"],"acf":[],"_links":{"self":[{"href":"https:\/\/canaryvip.com\/pl\/wp-json\/wp\/v2\/pages\/9195","targetHints":{"allow":["GET"]}}],"collection":[{"href":"https:\/\/canaryvip.com\/pl\/wp-json\/wp\/v2\/pages"}],"about":[{"href":"https:\/\/canaryvip.com\/pl\/wp-json\/wp\/v2\/types\/page"}],"author":[{"embeddable":true,"href":"https:\/\/canaryvip.com\/pl\/wp-json\/wp\/v2\/users\/1"}],"replies":[{"embeddable":true,"href":"https:\/\/canaryvip.com\/pl\/wp-json\/wp\/v2\/comments?post=9195"}],"version-history":[{"count":8,"href":"https:\/\/canaryvip.com\/pl\/wp-json\/wp\/v2\/pages\/9195\/revisions"}],"predecessor-version":[{"id":16786,"href":"https:\/\/canaryvip.com\/pl\/wp-json\/wp\/v2\/pages\/9195\/revisions\/16786"}],"wp:attachment":[{"href":"https:\/\/canaryvip.com\/pl\/wp-json\/wp\/v2\/media?parent=9195"}],"curies":[{"name":"wp","href":"https:\/\/api.w.org\/{rel}","templated":true}]}}