{"id":9191,"date":"2024-01-28T19:00:41","date_gmt":"2024-01-28T19:00:41","guid":{"rendered":"https:\/\/canaryvip.com\/?page_id=9191"},"modified":"2026-03-07T10:38:22","modified_gmt":"2026-03-07T10:38:22","slug":"privacy-policy","status":"publish","type":"page","link":"https:\/\/canaryvip.com\/pl\/privacy-policy\/","title":{"rendered":"Polityka prywatno\u015bci"},"content":{"rendered":"<section class=\"l-section wpb_row us_custom_4af741be height_auto\"><div class=\"l-section-h i-cf\"><div class=\"g-cols vc_row via_flex valign_top type_default stacking_default\"><div class=\"vc_col-sm-12 wpb_column vc_column_container\"><div class=\"vc_column-inner us_custom_5cd26a65\"><div class=\"wpb_wrapper\"><div class=\"wpb_text_column\"><div class=\"wpb_wrapper\"><h2>1. Wprowadzenie<\/h2>\n<p>Witamy na stronie CanaryVIP.com. Ochrona danych osobowych u\u017cytkownik\u00f3w i ich prywatno\u015bci to dla nas podstawowe priorytety. Niniejsza Polityka prywatno\u015bci opisuje kategorie gromadzonych przez nas danych osobowych, cele, dla kt\u00f3rych je wykorzystujemy, spos\u00f3b ich udost\u0119pniania i przechowywania oraz \u015brodki bezpiecze\u0144stwa, kt\u00f3re stosujemy w celu zapewnienia ich bezpiecze\u0144stwa. Wszystkie dzia\u0142ania zwi\u0105zane z przetwarzaniem danych s\u0105 prowadzone zgodnie z obowi\u0105zuj\u0105cymi przepisami dotycz\u0105cymi ochrony danych, w tym z og\u00f3lnym rozporz\u0105dzeniem o ochronie danych (RODO).<\/p>\n<h2>2. Administrator danych<\/h2>\n<p>Zgodnie z RODO podmiotem odpowiedzialnym za przetwarzanie danych osobowych u\u017cytkownika jest:<\/p>\n<p><img decoding=\"async\" class=\"alignnone wp-image-15255\" src=\"https:\/\/canaryvip.com\/wp-content\/uploads\/2025\/07\/canaryvipcompany.png\" alt=\"CanaryVIP\" width=\"400\" height=\"145\" srcset=\"https:\/\/canaryvip.com\/wp-content\/uploads\/2025\/07\/canaryvipcompany.png 772w, https:\/\/canaryvip.com\/wp-content\/uploads\/2025\/07\/canaryvipcompany-300x109.png 300w, https:\/\/canaryvip.com\/wp-content\/uploads\/2025\/07\/canaryvipcompany-18x7.png 18w, https:\/\/canaryvip.com\/wp-content\/uploads\/2025\/07\/canaryvipcompany-600x218.png 600w\" sizes=\"(max-width: 400px) 100vw, 400px\" title=\"\"><\/p>\n<h2>3. Podstawa prawna przetwarzania<\/h2>\n<p>Zgodnie z art. 6 RODO, CanaryVIP opiera si\u0119 na nast\u0119puj\u0105cych podstawach prawnych przetwarzania danych osobowych:<\/p>\n<h3>3.1 Wykonanie umowy (art. 6 ust. 1 lit. b))<\/h3>\n<p>Przetwarzamy dane osobowe, gdy jest to konieczne do wykonania umowy zawartej z u\u017cytkownikiem lub do podj\u0119cia krok\u00f3w na \u017c\u0105danie u\u017cytkownika przed zawarciem umowy. Obejmuje to:<\/p>\n<ul>\n<li>Przetwarzanie rezerwacji i zarz\u0105dzanie rezerwacjami.<\/li>\n<li>Zapewnienie obs\u0142ugi klienta w zwi\u0105zku z zarezerwowanymi us\u0142ugami.<\/li>\n<li>Obs\u0142uga odwo\u0142a\u0144, zwrot\u00f3w i zmian planu podr\u00f3\u017cy.<\/li>\n<\/ul>\n<h3>3.2 Zgoda (art. 6.1.a)<\/h3>\n<p>Tam, gdzie jest to wymagane przez prawo, przed przetwarzaniem danych osobowych uzyskujemy wyra\u017an\u0105 zgod\u0119 u\u017cytkownika. Dotyczy to w szczeg\u00f3lno\u015bci:<\/p>\n<ul>\n<li>Wysy\u0142anie promocyjnych wiadomo\u015bci e-mail, biuletyn\u00f3w lub komunikat\u00f3w marketingowych.<\/li>\n<li>Zbieranie dodatkowych informacji za po\u015brednictwem opcjonalnych formularzy na naszej stronie internetowej.<\/li>\n<\/ul>\n<p>U\u017cytkownik mo\u017ce wycofa\u0107 swoj\u0105 zgod\u0119 w dowolnym momencie bez wp\u0142ywu na zgodno\u015b\u0107 z prawem przetwarzania dokonanego przed jej wycofaniem.<\/p>\n<h3>3.3 Obowi\u0105zek prawny (art. 6 ust. 1 lit. c))<\/h3>\n<p>Mo\u017cemy przetwarza\u0107 dane osobowe w celu wype\u0142nienia zobowi\u0105za\u0144 prawnych wi\u0105\u017c\u0105cych CanaryVIP, w tym:<\/p>\n<ul>\n<li>Przepisy podatkowe i finansowe zwi\u0105zane z fakturowaniem i transakcjami.<\/li>\n<li>Przepisy dotycz\u0105ce ochrony konsument\u00f3w.<\/li>\n<li>Odpowiadanie na zgodne z prawem \u017c\u0105dania organ\u00f3w publicznych lub organ\u00f3w \u015bcigania.<\/li>\n<\/ul>\n<h3>3.4 Uzasadniony interes (art. 6 ust. 1 lit. f))<\/h3>\n<p>Mo\u017cemy przetwarza\u0107 dane na podstawie naszych uzasadnionych interes\u00f3w biznesowych, pod warunkiem, \u017ce interesy te nie s\u0105 nadrz\u0119dne wobec praw i wolno\u015bci u\u017cytkownika. Przyk\u0142ady obejmuj\u0105:<\/p>\n<ul>\n<li>Ulepszanie naszych us\u0142ug dzi\u0119ki informacjom zwrotnym od klient\u00f3w i analizom.<\/li>\n<li>Zapobieganie oszustwom i cyberbezpiecze\u0144stwo.<\/li>\n<li>Odpowiadanie na og\u00f3lne zapytania i pro\u015bby o obs\u0142ug\u0119 klienta.<\/li>\n<\/ul>\n<p>U\u017cytkownik ma prawo w dowolnym momencie sprzeciwi\u0107 si\u0119 przetwarzaniu danych w oparciu o uzasadniony interes. Aby skorzysta\u0107 z tego prawa, nale\u017cy skontaktowa\u0107 si\u0119 z nami pod adresem <strong><a href=\"mailto:info@canaryvip.com\">info@canaryvip.com<\/a><\/strong>.<\/p>\n<hr \/>\n<h2>4. Gromadzone przez nas informacje i spos\u00f3b ich wykorzystywania<\/h2>\n<h3>4.1 Kategorie danych osobowych<\/h3>\n<p>Mo\u017cemy gromadzi\u0107 i przetwarza\u0107 nast\u0119puj\u0105ce rodzaje danych osobowych:<\/p>\n<ul>\n<li><strong>Dane identyfikacyjne:<\/strong> Imi\u0119, nazwisko, data urodzenia.<\/li>\n<li><strong>Dane kontaktowe:<\/strong> Adres e-mail, numer telefonu.<\/li>\n<li><strong>Dane rezerwacji:<\/strong> Szczeg\u00f3\u0142y wycieczki, informacje o rezerwacji i powi\u0105zane p\u0142atno\u015bci.<\/li>\n<li><strong>Dane komunikacyjne:<\/strong> E-maile, wiadomo\u015bci i zapisy interakcji z obs\u0142ug\u0105 klienta.<\/li>\n<li><strong>Dane transakcji:<\/strong> Informacje o p\u0142atno\u015bciach s\u0105 bezpiecznie przetwarzane przez zewn\u0119trznych dostawc\u00f3w us\u0142ug p\u0142atniczych.<\/li>\n<\/ul>\n<h3>4.2 Cele przetwarzania<\/h3>\n<p>Gromadzone przez nas dane osobowe wykorzystujemy do nast\u0119puj\u0105cych cel\u00f3w:<\/p>\n<ul>\n<li>Przetwarzanie i zarz\u0105dzanie rezerwacjami.<\/li>\n<li>Zapewnienie obs\u0142ugi klienta przed, w trakcie i po wycieczkach.<\/li>\n<li>Wysy\u0142anie wiadomo\u015bci zwi\u0105zanych z us\u0142ugami (potwierdzenia, przypomnienia, aktualizacje).<\/li>\n<li>Wype\u0142nianie zobowi\u0105za\u0144 prawnych i regulacyjnych.<\/li>\n<\/ul>\n<hr \/>\n<h2>5. Udost\u0119pnianie i przechowywanie danych<\/h2>\n<h3>5.1 Kiedy udost\u0119pniamy dane<\/h3>\n<p>Udost\u0119pniamy dane osobowe tylko wtedy, gdy jest to absolutnie konieczne i zawsze zgodnie z RODO. Odbiorcy mog\u0105 obejmowa\u0107:<\/p>\n<ul>\n<li><strong>Podmioty przetwarzaj\u0105ce p\u0142atno\u015bci:<\/strong> Bezpieczne przetwarzanie transakcji. (np. Stripe, PayPal).<\/li>\n<li><strong>Organy regulacyjne:<\/strong> Gdy ujawnienie jest wymagane przez prawo.<\/li>\n<li><strong>Dostawcy us\u0142ug:<\/strong> Zapobieganie oszustwom, bezpiecze\u0144stwo i wsparcie operacyjne.<\/li>\n<\/ul>\n<p>Informacje na temat danych udost\u0119pnianych za po\u015brednictwem plik\u00f3w cookie i technologii \u015bledzenia mo\u017cna znale\u017a\u0107 na stronie <strong><a href=\"https:\/\/canaryvip.com\/pl\/cookie-policy\/\" target=\"_blank\" rel=\"noopener\">Polityka dotycz\u0105ca plik\u00f3w cookie<\/a><\/strong>.<\/p>\n<h3>5.2 Mi\u0119dzynarodowe transfery danych<\/h3>\n<p>W celu \u015bwiadczenia naszych us\u0142ug, CanaryVIP mo\u017ce udost\u0119pnia\u0107 dane osobowe zewn\u0119trznym dostawcom zlokalizowanym poza Europejskim Obszarem Gospodarczym (EOG). W takim przypadku zapewniamy zgodno\u015b\u0107 z art. 44-50 RODO poprzez odpowiednie zabezpieczenia prawne:<\/p>\n<ul>\n<li>Niekt\u00f3rzy dostawcy, w tym <strong>Google, Meta (Facebook i Instagram) oraz TikTok<\/strong>, maj\u0105 siedzib\u0119 w Stanach Zjednoczonych i uczestnicz\u0105 w programie <strong>Ramy prywatno\u015bci danych UE-USA (DPF)<\/strong>.<\/li>\n<li>W przypadku dostawc\u00f3w nieobj\u0119tych DPF, takich jak <strong>Stripe i PayPal<\/strong>, polegamy na <strong>Standardowe klauzule umowne (SCC)<\/strong> zatwierdzone przez Komisj\u0119 Europejsk\u0105 w celu zagwarantowania odpowiedniego poziomu ochrony danych.<\/li>\n<\/ul>\n<p>W przypadku pyta\u0144 dotycz\u0105cych mi\u0119dzynarodowych transfer\u00f3w danych prosimy o kontakt pod adresem <strong><a href=\"mailto:info@canaryvip.com\">info@canaryvip.com<\/a><\/strong>.<\/p>\n<h3>5.3 Jak d\u0142ugo przechowujemy dane u\u017cytkownika<\/h3>\n<ul>\n<li>Dane osobowe s\u0105 przechowywane tylko tak d\u0142ugo, jak jest to konieczne do realizacji cel\u00f3w opisanych w niniejszej polityce.<\/li>\n<li>Rejestry rezerwacji s\u0105 przechowywane przez co najmniej <strong>5 lat<\/strong> przestrzegania zobowi\u0105za\u0144 prawnych i podatkowych.<\/li>\n<li>U\u017cytkownik mo\u017ce za\u017c\u0105da\u0107 usuni\u0119cia swoich danych w dowolnym momencie, z zastrze\u017ceniem wszelkich wymog\u00f3w prawnych dotycz\u0105cych przechowywania danych, kt\u00f3re mog\u0105 mie\u0107 zastosowanie.<\/li>\n<\/ul>\n<hr \/>\n<h2>6. Bezpiecze\u0144stwo danych<\/h2>\n<p>Stosujemy \u015brodki techniczne i organizacyjne w celu ochrony danych osobowych przed nieuprawnionym dost\u0119pem, utrat\u0105, zmian\u0105 lub ujawnieniem. \u015arodki te obejmuj\u0105:<\/p>\n<ul>\n<li><strong>Szyfrowanie SSL\/TLS:<\/strong> Wszystkie dane przesy\u0142ane za po\u015brednictwem naszej strony internetowej s\u0105 szyfrowane podczas przesy\u0142ania.<\/li>\n<li><strong>Ochrona Cloudflare:<\/strong> Korzystamy z us\u0142ug bezpiecze\u0144stwa Cloudflare, w tym ograniczania atak\u00f3w DDoS, zapory aplikacji internetowych i filtrowania bot\u00f3w.<\/li>\n<li><strong>Kontrola dost\u0119pu:<\/strong> Dost\u0119p do wra\u017cliwych danych mo\u017ce uzyska\u0107 tylko upowa\u017cniony personel, kt\u00f3ry ma uzasadnion\u0105 potrzeb\u0119.<\/li>\n<li><strong>Minimalizacja danych:<\/strong> Gromadzimy i przechowujemy tylko te dane osobowe, kt\u00f3re s\u0105 absolutnie niezb\u0119dne.<\/li>\n<\/ul>\n<hr \/>\n<h2>7. Prawa u\u017cytkownika wynikaj\u0105ce z RODO<\/h2>\n<p>Og\u00f3lne rozporz\u0105dzenie o ochronie danych przyznaje u\u017cytkownikowi nast\u0119puj\u0105ce prawa do danych osobowych:<\/p>\n<ul>\n<li><strong>Prawo dost\u0119pu:<\/strong> U\u017cytkownik mo\u017ce za\u017c\u0105da\u0107 potwierdzenia, czy przetwarzamy jego dane i uzyska\u0107 ich kopi\u0119.<\/li>\n<li><strong>Prawo do sprostowania:<\/strong> U\u017cytkownik mo\u017ce za\u017c\u0105da\u0107 poprawienia wszelkich niedok\u0142adnych lub niekompletnych danych, kt\u00f3re posiadamy na jego temat.<\/li>\n<li><strong>Prawo do usuni\u0119cia danych:<\/strong> U\u017cytkownik mo\u017ce poprosi\u0107 nas o usuni\u0119cie jego danych osobowych, z zastrze\u017ceniem obowi\u0105zuj\u0105cych zobowi\u0105za\u0144 prawnych dotycz\u0105cych przechowywania danych.<\/li>\n<li><strong>Prawo do ogranicze\u0144:<\/strong> U\u017cytkownik mo\u017ce za\u017c\u0105da\u0107, aby\u015bmy w pewnych okoliczno\u015bciach ograniczyli spos\u00f3b przetwarzania jego danych.<\/li>\n<li><strong>Prawo do sprzeciwu:<\/strong> U\u017cytkownik mo\u017ce sprzeciwi\u0107 si\u0119 przetwarzaniu danych na podstawie prawnie uzasadnionego interesu.<\/li>\n<li><strong>Prawo do przenoszenia danych:<\/strong> U\u017cytkownik mo\u017ce za\u017c\u0105da\u0107 kopii swoich danych w ustrukturyzowanym, powszechnie u\u017cywanym formacie nadaj\u0105cym si\u0119 do odczytu maszynowego.<\/li>\n<\/ul>\n<p>Aby skorzysta\u0107 z kt\u00f3regokolwiek z tych praw, nale\u017cy skontaktowa\u0107 si\u0119 z nami pod adresem <strong><a href=\"mailto:info@canaryvip.com\">info@canaryvip.com<\/a><\/strong>.<\/p>\n<hr \/>\n<h2>8. Zmiany w niniejszej Polityce<\/h2>\n<p>Korzystaj\u0105c z naszych us\u0142ug, u\u017cytkownik wyra\u017ca zgod\u0119 na gromadzenie i wykorzystywanie jego danych osobowych w spos\u00f3b opisany w niniejszych zasadach.<\/p>\n<p>CanaryVIP zastrzega sobie prawo do aktualizacji niniejszej Polityki prywatno\u015bci w dowolnym momencie. Wszelkie zmiany b\u0119d\u0105 publikowane na tej stronie. Zach\u0119camy do okresowego przegl\u0105dania niniejszej polityki, aby by\u0107 na bie\u017c\u0105co.<\/p>\n<p><strong>Niniejsza Polityka prywatno\u015bci nie obejmuje korzystania z plik\u00f3w cookie ani technologii \u015bledzenia. Prosimy o zapoznanie si\u0119 z nasz\u0105 <a href=\"https:\/\/canaryvip.com\/pl\/cookie-policy\/\" target=\"_blank\" rel=\"noopener\">Polityka dotycz\u0105ca plik\u00f3w cookie<\/a> aby uzyska\u0107 szczeg\u00f3\u0142owe informacje na te tematy.<\/strong><\/p>\n<hr \/>\n<h2>9. Kontakt<\/h2>\n<p>W przypadku jakichkolwiek pyta\u0144 dotycz\u0105cych niniejszej Polityki prywatno\u015bci lub sposobu, w jaki post\u0119pujemy z danymi osobowymi u\u017cytkownika, mo\u017cna skontaktowa\u0107 si\u0119 z nami pod adresem:<\/p>\n<p>\ud83d\udce7 <strong>E-mail:<\/strong> <a href=\"mailto:info@canaryvip.com\">info@canaryvip.com<\/a><br \/>\n\ud83c\udf0d <strong>Strona internetowa:<\/strong> <a href=\"https:\/\/canaryvip.com\/pl\/\" target=\"_blank\" rel=\"noopener\">www.canaryvip.com<\/a><\/p>\n<\/div><\/div><\/div><\/div><\/div><\/div><\/div><\/section>","protected":false},"excerpt":{"rendered":"1. Wprowadzenie Witamy na stronie CanaryVIP.com. Ochrona danych osobowych u\u017cytkownik\u00f3w i ich prywatno\u015bci to dla nas podstawowe priorytety. Niniejsza Polityka prywatno\u015bci opisuje kategorie gromadzonych przez nas danych osobowych, cele, dla kt\u00f3rych je wykorzystujemy, spos\u00f3b ich udost\u0119pniania i przechowywania oraz \u015brodki bezpiecze\u0144stwa, kt\u00f3re stosujemy, aby zapewni\u0107 ich bezpiecze\u0144stwo. Wszystkie procesy przetwarzania...","protected":false},"author":1,"featured_media":0,"parent":0,"menu_order":0,"comment_status":"closed","ping_status":"closed","template":"","meta":{"_acf_changed":false,"footnotes":""},"class_list":["post-9191","page","type-page","status-publish","hentry"],"acf":[],"_links":{"self":[{"href":"https:\/\/canaryvip.com\/pl\/wp-json\/wp\/v2\/pages\/9191","targetHints":{"allow":["GET"]}}],"collection":[{"href":"https:\/\/canaryvip.com\/pl\/wp-json\/wp\/v2\/pages"}],"about":[{"href":"https:\/\/canaryvip.com\/pl\/wp-json\/wp\/v2\/types\/page"}],"author":[{"embeddable":true,"href":"https:\/\/canaryvip.com\/pl\/wp-json\/wp\/v2\/users\/1"}],"replies":[{"embeddable":true,"href":"https:\/\/canaryvip.com\/pl\/wp-json\/wp\/v2\/comments?post=9191"}],"version-history":[{"count":18,"href":"https:\/\/canaryvip.com\/pl\/wp-json\/wp\/v2\/pages\/9191\/revisions"}],"predecessor-version":[{"id":16863,"href":"https:\/\/canaryvip.com\/pl\/wp-json\/wp\/v2\/pages\/9191\/revisions\/16863"}],"wp:attachment":[{"href":"https:\/\/canaryvip.com\/pl\/wp-json\/wp\/v2\/media?parent=9191"}],"curies":[{"name":"wp","href":"https:\/\/api.w.org\/{rel}","templated":true}]}}