{"id":8956,"date":"2024-01-16T17:06:23","date_gmt":"2024-01-16T17:06:23","guid":{"rendered":"https:\/\/canaryvip.com\/?page_id=8956"},"modified":"2026-03-07T10:37:58","modified_gmt":"2026-03-07T10:37:58","slug":"best-guaranteed-price-policy","status":"publish","type":"page","link":"https:\/\/canaryvip.com\/pl\/best-guaranteed-price-policy\/","title":{"rendered":"Najlepsza gwarantowana polityka cenowa"},"content":{"rendered":"<section class=\"l-section wpb_row us_custom_4af741be height_auto\"><div class=\"l-section-h i-cf\"><div class=\"g-cols vc_row via_flex valign_top type_default stacking_default\"><div class=\"vc_col-sm-12 wpb_column vc_column_container\"><div class=\"vc_column-inner\"><div class=\"wpb_wrapper\"><div class=\"wpb_text_column\"><div class=\"wpb_wrapper\"><p>Przy <strong>CanaryVIP<\/strong>, Chcemy, aby\u015b do\u015bwiadczy\u0142 tego, co najlepsze na Teneryfie, nigdy nie przep\u0142acaj\u0105c. Nasza gwarancja dopasowania ceny odzwierciedla nasze zaanga\u017cowanie w oferowanie najbardziej konkurencyjnych cen na rynku.<\/p>\n<h2>1. Jak to dzia\u0142a<\/h2>\n<p>Je\u015bli znajdziesz t\u0119 sam\u0105 wycieczk\u0119 lub aktywno\u015b\u0107 w ni\u017cszej cenie na innej stronie internetowej, dopasujemy j\u0105. Proces ten jest prosty i ma zastosowanie zar\u00f3wno przed, jak i po dokonaniu rezerwacji.<\/p>\n<h3>1.1 Co si\u0119 kwalifikuje<\/h3>\n<p>Aby konkurencyjna oferta kwalifikowa\u0142a si\u0119 do dopasowania ceny, musz\u0105 zosta\u0107 spe\u0142nione wszystkie poni\u017csze warunki:<\/p>\n<ul>\n<li>Oferta musi odnosi\u0107 si\u0119 dok\u0142adnie do tego samego produktu lub us\u0142ugi dost\u0119pnej na CanaryVIP.<\/li>\n<li>Daty rezerwacji musz\u0105 by\u0107 identyczne.<\/li>\n<li>Zasady anulowania i og\u00f3lne warunki obu ofert musz\u0105 by\u0107 zgodne.<\/li>\n<\/ul>\n<h3>1.2 Co si\u0119 nie kwalifikuje<\/h3>\n<p>Istniej\u0105 szczeg\u00f3lne sytuacje, w kt\u00f3rych dopasowanie ceny nie mo\u017ce zosta\u0107 zastosowane:<\/p>\n<ul>\n<li><strong>Ukryte lub warunkowe szczeg\u00f3\u0142y:<\/strong> Je\u015bli konkurencyjna oferta ukrywa kluczowe informacje o produkcie lub us\u0142udze dopiero po dokonaniu przez klienta rezerwacji.<\/li>\n<li><strong>Lojalno\u015b\u0107, nagrody lub ceny za polecenie:<\/strong> Je\u015bli ni\u017csza cena jest wynikiem programu cz\u0142onkowskiego, systemu polece\u0144, rabatu opartego na logowaniu lub dowolnego mechanizmu, kt\u00f3ry modyfikuje publicznie wy\u015bwietlan\u0105 cen\u0119 poprzez dzia\u0142ania specyficzne dla u\u017cytkownika.<\/li>\n<\/ul>\n<h2>2. \u017b\u0105danie dopasowania ceny przed dokonaniem rezerwacji<\/h2>\n<ol>\n<li><strong>Udost\u0119pnij konkurencyjn\u0105 ofert\u0119.<\/strong> Przed dokonaniem rezerwacji prze\u015blij nam szczeg\u00f3\u0142y oferty z ni\u017csz\u0105 cen\u0105. Do\u0142\u0105cz bezpo\u015bredni link i upewnij si\u0119, \u017ce oferta jest publicznie dost\u0119pna online, aby\u015bmy mogli j\u0105 zweryfikowa\u0107.<\/li>\n<li><strong>Poczekaj na potwierdzenie.<\/strong> Nasz zesp\u00f3\u0142 przeanalizuje konkurencyjn\u0105 ofert\u0119 i potwierdzi, czy si\u0119 kwalifikuje. Po zatwierdzeniu dopasowania cenowego powiadomimy Ci\u0119 o tym.<\/li>\n<li><strong>Doko\u0144cz rezerwacj\u0119.<\/strong> Po otrzymaniu naszego potwierdzenia, przejd\u017a do rezerwacji aktywno\u015bci na CanaryVIP w dopasowanej cenie.<\/li>\n<\/ol>\n<h2>3. \u017b\u0105danie dopasowania ceny po dokonaniu rezerwacji<\/h2>\n<ol>\n<li><strong>Znajd\u017a ni\u017csz\u0105 cen\u0119.<\/strong> Je\u015bli znajdziesz ta\u0144sz\u0105 cen\u0119 za ten sam produkt lub us\u0142ug\u0119 po dokonaniu u nas rezerwacji, zbierz szczeg\u00f3\u0142y tej oferty.<\/li>\n<li><strong>Skontaktuj si\u0119 z nami.<\/strong> Skontaktuj si\u0119 z naszym zespo\u0142em pomocy technicznej za po\u015brednictwem dowolnego z dost\u0119pnych kana\u0142\u00f3w i udost\u0119pnij informacje.<\/li>\n<li><strong>Podaj to, co musimy zweryfikowa\u0107.<\/strong> Aby przetworzy\u0107 dopasowanie ceny po dokonaniu rezerwacji, b\u0119dziemy potrzebowa\u0107\n<ul>\n<li>Bezpo\u015bredni link do konkurencyjnej oferty.<\/li>\n<li>Potwierdzenie, \u017ce oferta jest nadal aktualna i publicznie dost\u0119pna do naszego wgl\u0105du.<\/li>\n<\/ul>\n<\/li>\n<\/ol>\n<p>&nbsp;<\/p>\n<p>Twoja satysfakcja jest najwa\u017cniejsza. Gwarancja dopasowania ceny istnieje po to, aby ka\u017cdy klient m\u00f3g\u0142 dokona\u0107 rezerwacji z pe\u0142nym zaufaniem, wiedz\u0105c, \u017ce otrzymuje najlepsz\u0105 dost\u0119pn\u0105 cen\u0119 za wybrane do\u015bwiadczenie.<\/p>\n<p><strong>Zarezerwuj z CanaryVIP i ciesz si\u0119 do\u015bwiadczeniem VIP bez uszczerbku dla przyst\u0119pnej ceny.<\/strong><\/p>\n<\/div><\/div><\/div><\/div><\/div><\/div><\/div><\/section>","protected":false},"excerpt":{"rendered":"At CanaryVIP, we want you to experience the best of Tenerife without ever overpaying. Our Price Match Guarantee reflects our commitment to offering the most competitive prices on the market. 1. How It Works If you find the same excursion or activity listed at a lower price on another website, we will match it. The...","protected":false},"author":1,"featured_media":0,"parent":0,"menu_order":0,"comment_status":"closed","ping_status":"closed","template":"","meta":{"_acf_changed":false,"footnotes":""},"class_list":["post-8956","page","type-page","status-publish","hentry"],"acf":[],"_links":{"self":[{"href":"https:\/\/canaryvip.com\/pl\/wp-json\/wp\/v2\/pages\/8956","targetHints":{"allow":["GET"]}}],"collection":[{"href":"https:\/\/canaryvip.com\/pl\/wp-json\/wp\/v2\/pages"}],"about":[{"href":"https:\/\/canaryvip.com\/pl\/wp-json\/wp\/v2\/types\/page"}],"author":[{"embeddable":true,"href":"https:\/\/canaryvip.com\/pl\/wp-json\/wp\/v2\/users\/1"}],"replies":[{"embeddable":true,"href":"https:\/\/canaryvip.com\/pl\/wp-json\/wp\/v2\/comments?post=8956"}],"version-history":[{"count":8,"href":"https:\/\/canaryvip.com\/pl\/wp-json\/wp\/v2\/pages\/8956\/revisions"}],"predecessor-version":[{"id":16862,"href":"https:\/\/canaryvip.com\/pl\/wp-json\/wp\/v2\/pages\/8956\/revisions\/16862"}],"wp:attachment":[{"href":"https:\/\/canaryvip.com\/pl\/wp-json\/wp\/v2\/media?parent=8956"}],"curies":[{"name":"wp","href":"https:\/\/api.w.org\/{rel}","templated":true}]}}