{"id":14018,"date":"2025-03-20T01:29:58","date_gmt":"2025-03-20T01:29:58","guid":{"rendered":"https:\/\/canaryvip.com\/?page_id=14018"},"modified":"2026-03-07T10:04:29","modified_gmt":"2026-03-07T10:04:29","slug":"cookie-policy","status":"publish","type":"page","link":"https:\/\/canaryvip.com\/pl\/cookie-policy\/","title":{"rendered":"Polityka dotycz\u0105ca plik\u00f3w cookie"},"content":{"rendered":"<section class=\"l-section wpb_row us_custom_5cd26a65 height_auto\"><div class=\"l-section-h i-cf\"><div class=\"g-cols vc_row via_flex valign_top type_default stacking_default\"><div class=\"vc_col-sm-12 wpb_column vc_column_container\"><div class=\"vc_column-inner\"><div class=\"wpb_wrapper\"><div class=\"wpb_text_column\"><div class=\"wpb_wrapper\"><h2>1. Co obejmuje niniejsza polityka<\/h2>\n<p>Niniejsza Polityka plik\u00f3w cookie wyja\u015bnia, w jaki spos\u00f3b CanaryVIP.com wykorzystuje pliki cookie i podobne technologie \u015bledzenia podczas odwiedzania naszej witryny. Kontynuuj\u0105c przegl\u0105danie naszej witryny, u\u017cytkownik wyra\u017ca zgod\u0119 na korzystanie z plik\u00f3w cookie w spos\u00f3b opisany w niniejszym dokumencie.<\/p>\n<p>Pliki cookie to ma\u0142e pliki tekstowe, kt\u00f3re s\u0105 umieszczane na urz\u0105dzeniu u\u017cytkownika podczas odwiedzania strony internetowej. S\u0142u\u017c\u0105 one r\u00f3\u017cnym celom: poprawie komfortu przegl\u0105dania, analizie sposobu korzystania z witryny i umo\u017cliwieniu nam dostarczania bardziej odpowiednich tre\u015bci. Niekt\u00f3re pliki cookie s\u0105 niezb\u0119dne do dzia\u0142ania witryny.<\/p>\n<hr \/>\n<h2>2. Rodzaje u\u017cywanych przez nas plik\u00f3w cookie<\/h2>\n<h3>2.1 Niezb\u0119dne pliki cookie (\u015bci\u015ble niezb\u0119dne)<\/h3>\n<p>Te pliki cookie s\u0105 niezb\u0119dne dla podstawowej funkcjonalno\u015bci naszej strony internetowej. Umo\u017cliwiaj\u0105 one podstawowe funkcje, takie jak nawigacja po stronie, dost\u0119p do bezpiecznych obszar\u00f3w i przetwarzanie p\u0142atno\u015bci. Bez nich witryna nie mo\u017ce dzia\u0142a\u0107 poprawnie i nie mo\u017cna ich wy\u0142\u0105czy\u0107.<\/p>\n<h3>2.2 Analityczne pliki cookie<\/h3>\n<p>Analityczne pliki cookie pozwalaj\u0105 nam zrozumie\u0107, w jaki spos\u00f3b odwiedzaj\u0105cy wchodz\u0105 w interakcj\u0119 z nasz\u0105 witryn\u0105. Pomagaj\u0105 nam mierzy\u0107 wydajno\u015b\u0107 tre\u015bci, identyfikowa\u0107 wzorce u\u017cytkowania i poprawia\u0107 og\u00f3lne wra\u017cenia u\u017cytkownika. U\u017cywamy <strong>Google Analytics<\/strong> w tym celu (<a href=\"https:\/\/policies.google.com\/privacy\" target=\"_blank\" rel=\"noopener\">Polityka prywatno\u015bci Google<\/a>).<\/p>\n<h3>2.3 Reklamowe i marketingowe pliki cookie<\/h3>\n<p>Te pliki cookie s\u0105 umieszczane w celu dostarczania reklam, kt\u00f3re s\u0105 odpowiednie dla zainteresowa\u0144 u\u017cytkownika w oparciu o jego aktywno\u015b\u0107 przegl\u0105dania. Wsp\u00f3\u0142pracujemy z zewn\u0119trznymi platformami reklamowymi, w tym <strong>Reklamy Google<\/strong>, <strong>Meta (Facebook i Instagram)<\/strong>oraz <strong>Reklamy TikTok<\/strong> w celu wy\u015bwietlania spersonalizowanych reklam. Mo\u017cesz zapozna\u0107 si\u0119 z praktykami Meta dotycz\u0105cymi danych w ich <a href=\"https:\/\/www.facebook.com\/privacy\/policy\" target=\"_blank\" rel=\"noopener\">Polityka prywatno\u015bci<\/a>.<\/p>\n<h3>2.4 Preferencyjne pliki cookie<\/h3>\n<p>Preferencyjne pliki cookie zapami\u0119tuj\u0105 wybory dokonane przez u\u017cytkownika w naszej witrynie, takie jak j\u0119zyk, waluta, ustawienia lokalizacji, preferowana metoda p\u0142atno\u015bci lub aktywna sesja logowania. Pozwalaj\u0105 nam one zapewni\u0107 bardziej spersonalizowane wra\u017cenia podczas kolejnych wizyt.<\/p>\n<hr \/>\n<h2>3. Jak uzyskujemy zgod\u0119 u\u017cytkownika<\/h2>\n<p>Podczas pierwszej wizyty na naszej stronie internetowej wy\u015bwietlany jest baner plik\u00f3w cookie z nast\u0119puj\u0105cymi opcjami:<\/p>\n<ul>\n<li><strong>Akceptuj wszystkie pliki cookie<\/strong> aby umo\u017cliwi\u0107 pe\u0142ny zakres funkcjonalno\u015bci i personalizacji.<\/li>\n<li><strong>Odrzucanie niepotrzebnych plik\u00f3w cookie<\/strong> aby ograniczy\u0107 \u015bledzenie tylko do tego, co jest absolutnie konieczne.<\/li>\n<li><strong>Dostosuj swoje preferencje<\/strong> aby wybra\u0107 dok\u0142adnie te kategorie plik\u00f3w cookie, na kt\u00f3re zezwalasz.<\/li>\n<\/ul>\n<p>Preferencje dotycz\u0105ce plik\u00f3w cookie mo\u017cna zmieni\u0107 w dowolnym momencie, klikaj\u0105c przycisk <strong>\u201cUstawienia plik\u00f3w cookie\u201d<\/strong> link znajduj\u0105cy si\u0119 w stopce naszej strony internetowej.<\/p>\n<hr \/>\n<h2>4. Zarz\u0105dzanie plikami cookie i ich usuwanie<\/h2>\n<p>Wi\u0119kszo\u015b\u0107 przegl\u0105darek umo\u017cliwia kontrolowanie lub blokowanie plik\u00f3w cookie za pomoc\u0105 ich ustawie\u0144. Poni\u017cej znajduj\u0105 si\u0119 bezpo\u015brednie linki do instrukcji zarz\u0105dzania plikami cookie dla najpopularniejszych przegl\u0105darek:<\/p>\n<ul>\n<li><strong>Google Chrome:<\/strong> <a href=\"https:\/\/support.google.com\/accounts\/answer\/32050\" target=\"_blank\" rel=\"noopener\">Zarz\u0105dzanie plikami cookie<\/a><\/li>\n<li><strong>Mozilla Firefox:<\/strong> <a href=\"https:\/\/support.mozilla.org\/en-US\/kb\/enable-and-disable-cookies-website-preferences\" target=\"_blank\" rel=\"noopener\">Zarz\u0105dzanie plikami cookie<\/a><\/li>\n<li><strong>Safari:<\/strong> <a href=\"https:\/\/support.apple.com\/en-us\/HT201265\" target=\"_blank\" rel=\"noopener\">Zarz\u0105dzanie plikami cookie<\/a><\/li>\n<li><strong>Microsoft Edge:<\/strong> <a href=\"https:\/\/support.microsoft.com\/en-us\/help\/4027947\/microsoft-edge-delete-cookies\" target=\"_blank\" rel=\"noopener\">Zarz\u0105dzanie plikami cookie<\/a><\/li>\n<\/ul>\n<p>Je\u015bli u\u017cytkownik chce zrezygnowa\u0107 ze \u015bledzenia przez Google Analytics, mo\u017ce to zrobi\u0107 tutaj: <a href=\"https:\/\/tools.google.com\/dlpage\/gaoptout\" target=\"_blank\" rel=\"noopener\">Dodatek do przegl\u0105darki blokuj\u0105cy Google Analytics<\/a>.<\/p>\n<hr \/>\n<h2>5. Pliki cookie stron trzecich<\/h2>\n<p>Niekt\u00f3re us\u0142ugi stron trzecich zintegrowane z nasz\u0105 witryn\u0105 mog\u0105 umieszcza\u0107 w\u0142asne pliki cookie na urz\u0105dzeniu u\u017cytkownika. Us\u0142ugi te obejmuj\u0105:<\/p>\n<ul>\n<li><strong>Google Analytics<\/strong> (<a href=\"https:\/\/policies.google.com\/privacy\" target=\"_blank\" rel=\"noopener\">Polityka prywatno\u015bci<\/a>)<\/li>\n<li><strong>Meta (reklamy na Facebooku i Instagramie)<\/strong> (<a href=\"https:\/\/www.facebook.com\/privacy\/policy\" target=\"_blank\" rel=\"noopener\">Polityka prywatno\u015bci<\/a>)<\/li>\n<li><strong>Reklamy TikTok<\/strong> (<a href=\"https:\/\/www.tiktok.com\/legal\/privacy-policy\" target=\"_blank\" rel=\"noopener\">Polityka prywatno\u015bci<\/a>)<\/li>\n<\/ul>\n<p>Ka\u017cda z tych firm przetwarza dane zgodnie z w\u0142asn\u0105 polityk\u0105 prywatno\u015bci. CanaryVIP nie kontroluje sposobu, w jaki strony trzecie przetwarzaj\u0105 dane zebrane za pomoc\u0105 plik\u00f3w cookie.<\/p>\n<hr \/>\n<h2>6. Aktualizacje niniejszej Polityki<\/h2>\n<p>CanaryVIP mo\u017ce od czasu do czasu zmienia\u0107 niniejsz\u0105 Polityk\u0119 plik\u00f3w cookie. Wszelkie aktualizacje b\u0119d\u0105 publikowane na tej stronie. Zalecamy okresowe sprawdzanie tej polityki, aby by\u0107 na bie\u017c\u0105co z informacjami o tym, jak u\u017cywamy plik\u00f3w cookie.<\/p>\n<hr \/>\n<h2>7. Kontakt<\/h2>\n<p>W przypadku jakichkolwiek pyta\u0144 dotycz\u0105cych niniejszej Polityki plik\u00f3w cookie lub sposobu korzystania z plik\u00f3w cookie w naszej witrynie internetowej mo\u017cna skontaktowa\u0107 si\u0119 z nami pod adresem:<\/p>\n<p>\ud83d\udce7 <strong>E-mail:<\/strong> <a href=\"mailto:info@canaryvip.com\">info@canaryvip.com<\/a><\/p>\n<\/div><\/div><\/div><\/div><\/div><\/div><\/div><\/section>","protected":false},"excerpt":{"rendered":"1. What This Policy Covers This Cookie Policy explains how CanaryVIP.com uses cookies and similar tracking technologies when you visit our website. By continuing to browse our site, you agree to the use of cookies as described in this document. Cookies are small text files that are placed on your device when you visit a...","protected":false},"author":1,"featured_media":0,"parent":0,"menu_order":0,"comment_status":"closed","ping_status":"closed","template":"","meta":{"_acf_changed":false,"footnotes":""},"class_list":["post-14018","page","type-page","status-publish","hentry"],"acf":[],"_links":{"self":[{"href":"https:\/\/canaryvip.com\/pl\/wp-json\/wp\/v2\/pages\/14018","targetHints":{"allow":["GET"]}}],"collection":[{"href":"https:\/\/canaryvip.com\/pl\/wp-json\/wp\/v2\/pages"}],"about":[{"href":"https:\/\/canaryvip.com\/pl\/wp-json\/wp\/v2\/types\/page"}],"author":[{"embeddable":true,"href":"https:\/\/canaryvip.com\/pl\/wp-json\/wp\/v2\/users\/1"}],"replies":[{"embeddable":true,"href":"https:\/\/canaryvip.com\/pl\/wp-json\/wp\/v2\/comments?post=14018"}],"version-history":[{"count":4,"href":"https:\/\/canaryvip.com\/pl\/wp-json\/wp\/v2\/pages\/14018\/revisions"}],"predecessor-version":[{"id":16858,"href":"https:\/\/canaryvip.com\/pl\/wp-json\/wp\/v2\/pages\/14018\/revisions\/16858"}],"wp:attachment":[{"href":"https:\/\/canaryvip.com\/pl\/wp-json\/wp\/v2\/media?parent=14018"}],"curies":[{"name":"wp","href":"https:\/\/api.w.org\/{rel}","templated":true}]}}