{"id":14002,"date":"2025-03-19T21:07:11","date_gmt":"2025-03-19T21:07:11","guid":{"rendered":"https:\/\/canaryvip.com\/?page_id=14002"},"modified":"2025-07-29T17:08:42","modified_gmt":"2025-07-29T16:08:42","slug":"legal-notice","status":"publish","type":"page","link":"https:\/\/canaryvip.com\/pl\/legal-notice\/","title":{"rendered":"Nota prawna"},"content":{"rendered":"<h2>1. IDENTYFIKACJA US\u0141UGODAWCY<\/h2>\n<p>Zgodnie z ustaw\u0105 34\/2002 z dnia 11 lipca o us\u0142ugach spo\u0142ecze\u0144stwa informacyjnego i handlu elektronicznym (LSSI-CE) podajemy nast\u0119puj\u0105ce informacje:<\/p>\n<h2><img decoding=\"async\" class=\"alignnone wp-image-15255\" src=\"https:\/\/canaryvip.com\/wp-content\/uploads\/2025\/07\/canaryvipcompany.png\" alt=\"CanaryVIP\" width=\"400\" height=\"145\" title=\"\" srcset=\"https:\/\/canaryvip.com\/wp-content\/uploads\/2025\/07\/canaryvipcompany.png 772w, https:\/\/canaryvip.com\/wp-content\/uploads\/2025\/07\/canaryvipcompany-300x109.png 300w, https:\/\/canaryvip.com\/wp-content\/uploads\/2025\/07\/canaryvipcompany-18x7.png 18w, https:\/\/canaryvip.com\/wp-content\/uploads\/2025\/07\/canaryvipcompany-600x218.png 600w\" sizes=\"(max-width: 400px) 100vw, 400px\" \/><\/h2>\n<h2>2. CEL NINIEJSZEJ STRONY INTERNETOWEJ<\/h2>\n<p>CanaryVIP.com to platforma internetowa po\u015bwi\u0119cona oferowaniu wycieczek, wycieczek i do\u015bwiadcze\u0144 na Wyspach Kanaryjskich. U\u017cytkownicy mog\u0105 przegl\u0105da\u0107, rezerwowa\u0107 i kupowa\u0107 atrakcje za po\u015brednictwem strony internetowej.<\/p>\n<h2>3. WARUNKI U\u017bYTKOWANIA<\/h2>\n<h3>3.1. Odpowiedzialno\u015b\u0107 u\u017cytkownika<\/h3>\n<p>U\u017cytkownik zobowi\u0105zuje si\u0119 do w\u0142a\u015bciwego korzystania ze strony internetowej i jej zawarto\u015bci. Zabronione jest anga\u017cowanie si\u0119 w nielegalne dzia\u0142ania lub dzia\u0142ania, kt\u00f3re mog\u0142yby zaszkodzi\u0107 CanaryVIP.com lub stronom trzecim.<\/p>\n<h3>3.2. Dok\u0142adno\u015b\u0107 informacji<\/h3>\n<p>Chocia\u017c dok\u0142adamy wszelkich stara\u0144, aby wszystkie informacje na naszej stronie internetowej by\u0142y dok\u0142adne i aktualne, CanaryVIP.com nie gwarantuje, \u017ce wszystkie opisy, ceny i dost\u0119pno\u015b\u0107 us\u0142ug s\u0105 wolne od b\u0142\u0119d\u00f3w. Zastrzegamy sobie prawo do poprawiania wszelkich nie\u015bcis\u0142o\u015bci lub aktualizacji tre\u015bci bez wcze\u015bniejszego powiadomienia.<\/p>\n<h3>3.3. Linki zewn\u0119trzne<\/h3>\n<p>Ta strona internetowa mo\u017ce zawiera\u0107 linki do stron internetowych os\u00f3b trzecich. CanaryVIP.com nie ma kontroli nad tymi zewn\u0119trznymi witrynami i nie ponosi odpowiedzialno\u015bci za ich zawarto\u015b\u0107 ani polityk\u0119 prywatno\u015bci. W\u0142\u0105czenie link\u00f3w nie oznacza poparcia przez CanaryVIP.com.<\/p>\n<h2>4. W\u0141ASNO\u015a\u0106 INTELEKTUALNA<\/h2>\n<p>Ca\u0142a zawarto\u015b\u0107 CanaryVIP.com, w tym mi\u0119dzy innymi tekst, obrazy, filmy, grafika, logo i oprogramowanie, jest w\u0142asno\u015bci\u0105 CanaryVIP.com lub jej dostawc\u00f3w tre\u015bci i jest chroniona prawem w\u0142asno\u015bci intelektualnej. Nieautoryzowane wykorzystywanie, powielanie lub rozpowszechnianie jakichkolwiek tre\u015bci jest surowo zabronione bez uprzedniej pisemnej zgody CanaryVIP.com.<\/p>\n<h2>5. OGRANICZENIE ODPOWIEDZIALNO\u015aCI<\/h2>\n<p>CanaryVIP.com nie ponosi odpowiedzialno\u015bci za:<\/p>\n<ul>\n<li>Wszelkie przerwy lub awarie techniczne wp\u0142ywaj\u0105ce na dost\u0119p do strony internetowej z przyczyn zewn\u0119trznych.<\/li>\n<li>B\u0142\u0119dy w informacjach dostarczanych przez zewn\u0119trznych dostawc\u00f3w wycieczek i aktywno\u015bci.<\/li>\n<li>Nieprzestrzeganie przez u\u017cytkownik\u00f3w zasad rezerwacji i anulowania okre\u015blonych w Regulaminie.<\/li>\n<li>Wszelkie szkody spowodowane niew\u0142a\u015bciwym korzystaniem z witryny przez u\u017cytkownik\u00f3w.<\/li>\n<\/ul>\n<h2>6. OCHRONA DANYCH<\/h2>\n<p class=\"translation-block\">Gromadzenie i przetwarzanie danych osobowych odbywa si\u0119 zgodnie z <strong>og\u00f3lnym rozporz\u0105dzeniem o ochronie danych (RODO)<\/strong> i <strong>hiszpa\u0144sk\u0105 ustaw\u0105 organiczn\u0105 3\/2018 o ochronie danych osobowych i gwarancji praw cyfrowych (LOPDGDD)<\/strong>. Wi\u0119cej informacji mo\u017cna znale\u017a\u0107 w naszej <a href=\"https:\/\/canaryvip.com\/pl\/privacy-policy\/\" target=\"_self\">Polityce prywatno\u015bci<\/a>.<\/p>\n<h2>7. MODYFIKACJE NINIEJSZEJ INFORMACJI PRAWNEJ<\/h2>\n<p>CanaryVIP.com zastrzega sobie prawo do zmiany niniejszej Informacji prawnej w dowolnym momencie w celu odzwierciedlenia zmian w prawie lub praktykach biznesowych. U\u017cytkownicy powinni regularnie przegl\u0105da\u0107 t\u0119 stron\u0119, aby by\u0107 na bie\u017c\u0105co z aktualizacjami.<\/p>\n<h2>8. PRAWO W\u0141A\u015aCIWE I JURYSDYKCJA<\/h2>\n<p class=\"translation-block\">Niniejsza Nota Prawna podlega prawu hiszpa\u0144skiemu. Wszelkie spory wynikaj\u0105ce z korzystania z niniejszej strony internetowej podlegaj\u0105 jurysdykcji <strong>s\u0105d\u00f3w w Santa Cruz de Tenerife, Hiszpania<\/strong>, chyba \u017ce obowi\u0105zuj\u0105ce przepisy konsumenckie stanowi\u0105 inaczej.<\/p>\n<p>W przypadku jakichkolwiek pyta\u0144 dotycz\u0105cych niniejszej Informacji prawnej prosimy o kontakt pod adresem <strong>info@canaryvip.com<\/strong>.<\/p>","protected":false},"excerpt":{"rendered":"<p>1. IDENTIFICATION OF THE SERVICE PROVIDER In accordance with Law 34\/2002, of July 11, on Information Society Services and Electronic Commerce (LSSI-CE), the following information is provided: 2. PURPOSE OF THIS WEBSITE CanaryVIP.com is an online platform dedicated to offering excursions, tours, and experiences in the Canary Islands. Users can browse, book, and purchase activities&#8230;<\/p>","protected":false},"author":1,"featured_media":0,"parent":0,"menu_order":0,"comment_status":"closed","ping_status":"closed","template":"","meta":{"_acf_changed":false,"footnotes":""},"class_list":["post-14002","page","type-page","status-publish","hentry"],"acf":[],"_links":{"self":[{"href":"https:\/\/canaryvip.com\/pl\/wp-json\/wp\/v2\/pages\/14002","targetHints":{"allow":["GET"]}}],"collection":[{"href":"https:\/\/canaryvip.com\/pl\/wp-json\/wp\/v2\/pages"}],"about":[{"href":"https:\/\/canaryvip.com\/pl\/wp-json\/wp\/v2\/types\/page"}],"author":[{"embeddable":true,"href":"https:\/\/canaryvip.com\/pl\/wp-json\/wp\/v2\/users\/1"}],"replies":[{"embeddable":true,"href":"https:\/\/canaryvip.com\/pl\/wp-json\/wp\/v2\/comments?post=14002"}],"version-history":[{"count":8,"href":"https:\/\/canaryvip.com\/pl\/wp-json\/wp\/v2\/pages\/14002\/revisions"}],"predecessor-version":[{"id":15258,"href":"https:\/\/canaryvip.com\/pl\/wp-json\/wp\/v2\/pages\/14002\/revisions\/15258"}],"wp:attachment":[{"href":"https:\/\/canaryvip.com\/pl\/wp-json\/wp\/v2\/media?parent=14002"}],"curies":[{"name":"wp","href":"https:\/\/api.w.org\/{rel}","templated":true}]}}