{"id":13824,"date":"2025-02-24T13:59:27","date_gmt":"2025-02-24T13:59:27","guid":{"rendered":"https:\/\/canaryvip.com\/?page_id=13824"},"modified":"2025-02-24T15:06:00","modified_gmt":"2025-02-24T15:06:00","slug":"about-us","status":"publish","type":"page","link":"https:\/\/canaryvip.com\/pl\/about-us\/","title":{"rendered":"O nas"},"content":{"rendered":"<section class=\"l-section wpb_row height_medium width_custom\" style=\"--site-content-width:700px;\"><div class=\"l-section-h i-cf\"><div class=\"g-cols vc_row via_flex valign_top type_default stacking_default\"><div class=\"vc_col-sm-12 wpb_column vc_column_container\"><div class=\"vc_column-inner\"><div class=\"wpb_wrapper\"><h1 class=\"w-text\"><span class=\"w-text-h\"><span class=\"w-text-value\">O nas - CanaryVIP<\/span><\/span><\/h1><h2 class=\"w-text us_custom_fe162ea1\"><span class=\"w-text-h\"><span class=\"w-text-value\">Kim jeste\u015bmy<\/span><\/span><\/h2><div class=\"wpb_text_column\"><div class=\"wpb_wrapper\"><p>CanaryVIP to wiod\u0105ca platforma internetowa oferuj\u0105ca najlepsze atrakcje i wycieczki na Wyspach Kanaryjskich. Jako cz\u0119\u015b\u0107 Tu Nido Tenerife, jednej z najlepszych agencji nieruchomo\u015bci na Teneryfie z ponad 20-letnim do\u015bwiadczeniem w bran\u017cy nieruchomo\u015bci i budowy nieruchomo\u015bci, od 2010 roku oferujemy niezapomniane wra\u017cenia na Wyspach Kanaryjskich.<\/p>\n<\/div><\/div><\/div><\/div><\/div><div class=\"vc_col-sm-12 wpb_column vc_column_container\"><div class=\"vc_column-inner\"><div class=\"wpb_wrapper\"><h2 class=\"w-text us_custom_9d8033b1\"><span class=\"w-text-h\"><span class=\"w-text-value\">Nasza podr\u00f3\u017c<\/span><\/span><\/h2><div class=\"wpb_text_column\"><div class=\"wpb_wrapper\"><p data-pm-slice=\"1 1 &#091;&#093;\"><span>Nasza firma zajmuje si\u0119 budownictwem na Teneryfie od 2003 roku, buduj\u0105c silne fundamenty w sektorze nieruchomo\u015bci. W 2010 roku rozszerzyli\u015bmy nasze us\u0142ugi pod nazw\u0105 Tu Nido Tenerife, dzia\u0142aj\u0105c z biura w Playa Fa\u00f1ab\u00e9. W miar\u0119 rozwoju naszej dzia\u0142alno\u015bci przenie\u015bli\u015bmy si\u0119 do Plaza Fa\u00f1ab\u00e9, a nast\u0119pnie rozszerzyli\u015bmy dzia\u0142alno\u015b\u0107 o drugie biuro w Vista Sur. Obecnie nasza nowa siedziba znajduje si\u0119 w Madro\u00f1al de Fa\u00f1ab\u00e9, gdzie dzia\u0142aj\u0105 zar\u00f3wno Tu Nido Tenerife, jak i CanaryVIP, kontynuuj\u0105c \u015bwiadczenie najwy\u017cszej jako\u015bci us\u0142ug dla naszych klient\u00f3w.<\/span><\/p>\n<\/div><\/div><\/div><\/div><\/div><div class=\"vc_col-sm-12 wpb_column vc_column_container\"><div class=\"vc_column-inner\"><div class=\"wpb_wrapper\"><div class=\"w-image us_custom_af6a9b6a align_none\"><div class=\"w-image-h\"><img decoding=\"async\" width=\"1024\" height=\"683\" src=\"https:\/\/canaryvip.com\/wp-content\/uploads\/2025\/02\/TuNido-Office_Web-1.webp\" class=\"attachment-large size-large\" alt=\"Biuro\" loading=\"lazy\" srcset=\"https:\/\/canaryvip.com\/wp-content\/uploads\/2025\/02\/TuNido-Office_Web-1.webp 1024w, https:\/\/canaryvip.com\/wp-content\/uploads\/2025\/02\/TuNido-Office_Web-1-300x200.webp 300w, https:\/\/canaryvip.com\/wp-content\/uploads\/2025\/02\/TuNido-Office_Web-1-18x12.webp 18w, https:\/\/canaryvip.com\/wp-content\/uploads\/2025\/02\/TuNido-Office_Web-1-600x400.webp 600w\" sizes=\"auto, (max-width: 1024px) 100vw, 1024px\" title=\"\"><\/div><\/div><h2 class=\"w-text us_custom_9d8033b1\"><span class=\"w-text-h\"><span class=\"w-text-value\">Narodziny CanaryVIP<\/span><\/span><\/h2><div class=\"wpb_text_column\"><div class=\"wpb_wrapper\"><p data-pm-slice=\"1 1 &#091;&#093;\"><span>W 2024 r. podj\u0119li\u015bmy strategiczn\u0105 decyzj\u0119 o oddzieleniu naszej dzia\u0142alno\u015bci zwi\u0105zanej z aktywno\u015bciami i wycieczkami od Tu Nido Tenerife, daj\u0105c pocz\u0105tek CanaryVIP jako samodzielnej marce po\u015bwi\u0119conej wy\u0142\u0105cznie do\u015bwiadczeniom turystycznym na Wyspach Kanaryjskich. Podczas gdy Tu Nido Tenerife pozostaje dobrze ugruntowan\u0105 mark\u0105 w bran\u017cy turystycznej na Wyspach Kanaryjskich. <a href=\"https:\/\/www.tunidotenerife.com\/en\/inmobiliaria-tenerife\/\" target=\"_blank\" rel=\"noopener\">nieruchomo\u015bci Teneryfa<\/a> sektor, <strong>CanaryVIP<\/strong> szybko sta\u0142a si\u0119 wiod\u0105c\u0105 mark\u0105 internetow\u0105, u\u0142atwiaj\u0105c odwiedzaj\u0105cym rezerwacj\u0119 niesamowitych atrakcji, wycieczek i przyg\u00f3d na wyspach.<\/span><\/p>\n<\/div><\/div><div class=\"w-html us_custom_af6a9b6a\"><iframe src=\"https:\/\/www.google.com\/maps\/embed?pb=!1m18!1m12!1m3!1d5215.387122659485!2d-16.72642792321668!3d28.09472697596261!2m3!1f0!2f0!3f0!3m2!1i1024!2i768!4f13.1!3m3!1m2!1s0xc6a996288a2335b%3A0x6e5358268b00a79!2sCanaryVIP%20-%20Tours%20and%20Excursions!5e1!3m2!1sen!2ses!4v1740406697434!5m2!1sen!2ses\" width=\"700\" height=\"300\" style=\"border:0;\" allowfullscreen=\"\" loading=\"lazy\" referrerpolicy=\"no-referrer-when-downgrade\"><\/iframe><\/div><\/div><\/div><\/div><div class=\"vc_col-sm-12 wpb_column vc_column_container\"><div class=\"vc_column-inner\"><div class=\"wpb_wrapper\"><h2 class=\"w-text us_custom_9d8033b1\"><span class=\"w-text-h\"><span class=\"w-text-value\">Nasza misja<\/span><\/span><\/h2><div class=\"wpb_text_column\"><div class=\"wpb_wrapper\"><p data-pm-slice=\"1 1 &#091;&#093;\"><span>W CanaryVIP jeste\u015bmy pasjonatami dostarczania wyj\u0105tkowych, wysokiej jako\u015bci do\u015bwiadcze\u0144, kt\u00f3re pokazuj\u0105 to, co najlepsze na Wyspach Kanaryjskich. Niezale\u017cnie od tego, czy szukasz wycieczek \u0142odzi\u0105, sport\u00f3w wodnych, pieszych w\u0119dr\u00f3wek, czy ekskluzywnych prywatnych wycieczek, zapewniamy niezapomnian\u0105 podr\u00f3\u017c dostosowan\u0105 do Twoich potrzeb.<\/span><\/p>\n<\/div><\/div><div class=\"w-separator size_medium\"><\/div><\/div><\/div><\/div><\/div><\/div><\/section>","protected":false},"excerpt":{"rendered":"O nas - CanaryVIP Kim jeste\u015bmy CanaryVIP to wiod\u0105ca platforma internetowa oferuj\u0105ca najlepsze atrakcje i wycieczki na Wyspach Kanaryjskich. Jako cz\u0119\u015b\u0107 Tu Nido Tenerife, jednej z najlepszych agencji nieruchomo\u015bci na Teneryfie z ponad 20-letnim do\u015bwiadczeniem w bran\u017cy nieruchomo\u015bci i budowy nieruchomo\u015bci, oferujemy niezapomniane...","protected":false},"author":1,"featured_media":0,"parent":0,"menu_order":0,"comment_status":"closed","ping_status":"closed","template":"","meta":{"_acf_changed":false,"footnotes":""},"class_list":["post-13824","page","type-page","status-publish","hentry"],"acf":[],"_links":{"self":[{"href":"https:\/\/canaryvip.com\/pl\/wp-json\/wp\/v2\/pages\/13824","targetHints":{"allow":["GET"]}}],"collection":[{"href":"https:\/\/canaryvip.com\/pl\/wp-json\/wp\/v2\/pages"}],"about":[{"href":"https:\/\/canaryvip.com\/pl\/wp-json\/wp\/v2\/types\/page"}],"author":[{"embeddable":true,"href":"https:\/\/canaryvip.com\/pl\/wp-json\/wp\/v2\/users\/1"}],"replies":[{"embeddable":true,"href":"https:\/\/canaryvip.com\/pl\/wp-json\/wp\/v2\/comments?post=13824"}],"version-history":[{"count":5,"href":"https:\/\/canaryvip.com\/pl\/wp-json\/wp\/v2\/pages\/13824\/revisions"}],"predecessor-version":[{"id":13832,"href":"https:\/\/canaryvip.com\/pl\/wp-json\/wp\/v2\/pages\/13824\/revisions\/13832"}],"wp:attachment":[{"href":"https:\/\/canaryvip.com\/pl\/wp-json\/wp\/v2\/media?parent=13824"}],"curies":[{"name":"wp","href":"https:\/\/api.w.org\/{rel}","templated":true}]}}