{"id":9834,"date":"2024-02-15T22:11:39","date_gmt":"2024-02-15T22:11:39","guid":{"rendered":"https:\/\/canaryvip.com\/?post_type=product&#038;p=9834"},"modified":"2025-08-09T12:53:55","modified_gmt":"2025-08-09T11:53:55","slug":"forestal-park-tenerife","status":"publish","type":"product","link":"https:\/\/canaryvip.com\/nb\/shop\/forestal-park-tenerife\/","title":{"rendered":"Forestal Park Tenerife"},"content":{"rendered":"<h2><strong>\ud83c\udf32 Forestal Park Tenerife: Dykk ned i naturens lekeplass!<\/strong><\/h2>\n<p>Legg ut p\u00e5 et eventyr uten sidestykke p\u00e5 <strong>Forestal Park Tenerife,<\/strong> hvor spenningen i naturen m\u00f8ter den rolige skj\u00f8nnheten i de hundre \u00e5r gamle furuskogene. Opplev spenningen ved \u00e5 navigere gjennom Kanari\u00f8yenes st\u00f8rste zip line- og opplevelsespark. Med over 90 unike utfordringer i h\u00f8yden, inkludert hengebroer, nett, lianer og fantastiske zip-linjer, vil eventyrlysten din stige til nye h\u00f8yder.<\/p>\n<h3><strong>\ud83c\udfa2 Hvorfor velge v\u00e5rt eventyr?<\/strong><\/h3>\n<ul>\n<li><strong>Garantert moro:<\/strong> Sikre deg plass ved \u00e5 bestille p\u00e5 forh\u00e5nd, s\u00e5 slipper du \u00e5 bli skuffet over en full park.<\/li>\n<li><strong>Eksklusive rabatter:<\/strong> F\u00e5 eksklusive rabatter n\u00e5r du bestiller ditt neste eventyr hos oss!<\/li>\n<li><strong>Fleksible planer:<\/strong> Endringer i planene? V\u00e5re lempelige avbestillingsregler dekker deg.<\/li>\n<li><strong>R\u00e5d fra innsidere:<\/strong> Dra nytte av v\u00e5re f\u00f8rsteh\u00e5ndserfaringer og anbefalinger for det beste eventyret.<\/li>\n<\/ul>\n<h3><strong>\ud83d\udc65 Teambuilding og gruppeopplevelser<\/strong><\/h3>\n<p>Med v\u00e5re varierte teambuilding-opplevelser kan du styrke kameratskapet og knytte varige b\u00e5nd i alle grupper. <strong>Forestal Park Tenerife<\/strong> et s\u00e6rpreget bakteppe som er perfekt for \u00e5 styrke lagf\u00f8lelsen blant <strong>bedriftsgrupper,<\/strong>\u00a0feirer spesielle \u00f8yeblikk med <strong>venner,<\/strong>\u00a0markerer milep\u00e6ler som <strong>bursdager,<\/strong>\u00a0eller \u00e5 ta med <strong>store familiesammenkomster<\/strong> tettere sammen.<\/p>\n<p>tettere sammen. V\u00e5re n\u00f8ye utformede utfordringer er ikke bare underholdende, men fremmer ogs\u00e5 samarbeid, kommunikasjon og en felles f\u00f8lelse av triumf og samhold p\u00e5 tvers av alle typer grupper. Enten du \u00f8nsker \u00e5 styrke bedriftsteam, skape uforglemmelige bursdagsminner, forene venner i et eventyr eller samle storfamilier til en dag med moro, s\u00f8rger parken v\u00e5r for en inkluderende, engasjerende og minneverdig opplevelse for alle.<\/p>\n<h3><strong>\ud83d\udee0\ufe0f Gj\u00f8r deg klar for eventyret<\/strong><\/h3>\n<ul>\n<li><strong>Bestill i forveien:<\/strong> Sikre deg adgang ved \u00e5 bestille p\u00e5 forh\u00e5nd.<\/li>\n<li><strong>Tips om ankomst<\/strong>: Overnattingsstedet ligger i La Esperanza, og vi anbefaler gjester som bor p\u00e5 Tenerife S\u00f8r \u00e5 planlegge bes\u00f8ket n\u00f8ye p\u00e5 forh\u00e5nd, da det tar minst 1 time \u00e5 kj\u00f8re dit med bil. Ta h\u00f8yde for eventuelle forsinkelser p\u00e5 grunn av lokale syklister og fjellveiforholdene for \u00e5 sikre at du kommer frem i tide.<\/li>\n<li><strong>Kjole til h\u00f8yre:<\/strong> Bruk passende kl\u00e6r for en aktiv dag utend\u00f8rs.<\/li>\n<li><strong>F\u00f8r bes\u00f8ket:<\/strong> Sjekk inn 30 minutter f\u00f8r du booker for \u00e5 bli kjent med parkens fasiliteter.<\/li>\n<\/ul>\n<h3><strong>\ud83c\udf33 Eventyret venter p\u00e5 hvert hj\u00f8rne<\/strong><\/h3>\n<ul>\n<li><strong>Varierte utfordringer:<\/strong> Fra rolige spaserturer til ekstrem spenning - parken v\u00e5r passer for eventyrlystne p\u00e5 alle niv\u00e5er.<\/li>\n<li><strong>Konstant sikkerhet:<\/strong> V\u00e5rt profesjonelle team s\u00f8rger for at du er trygt tilkoblet til enhver tid, slik at du f\u00e5r en bekymringsfri opplevelse.<\/li>\n<li><strong>Mer \u00e5 utforske:<\/strong> Oppdag det store utvalget av opplevelser som Tenerife har \u00e5 by p\u00e5 utenfor tretoppene.<\/li>\n<\/ul>\n<h3><strong>\ud83c\udfde\ufe0f Funksjoner i utend\u00f8rsparken v\u00e5r<\/strong><\/h3>\n<ul>\n<li><strong>Uts\u00f8kt natur:<\/strong> Fordyp deg i det frodige biologiske mangfoldet i Tenerifes skoger.<\/li>\n<li><strong>Aktiviteter for alle:<\/strong> Nyt en rekke utfordringer i tretoppene som passer for alle aldre og ferdighetsniv\u00e5er.<\/li>\n<li><strong>Ekspertveiledning:<\/strong> V\u00e5re kvalifiserte instrukt\u00f8rer s\u00f8rger for en morsom og trygg opplevelse for alle.<\/li>\n<li><strong>Milj\u00f8bevisst:<\/strong> V\u00e5rt engasjement for b\u00e6rekraft inneb\u00e6rer at vi nyter naturen uten \u00e5 skade den.<\/li>\n<li><strong>Fasiliteter:<\/strong> Fyll p\u00e5 drivstoff i kafeen v\u00e5r og benytt de rene fasilitetene v\u00e5re for en behagelig dag.<\/li>\n<\/ul>\n<h3><strong>\ud83d\udcc5 Planlegg bes\u00f8ket<\/strong><\/h3>\n<ul>\n<li><strong>Timer med eventyr:<\/strong> \u00c5pent hver dag fra kl. 10.00 til 18.00. S\u00f8rg for \u00e5 v\u00e6re fremme innen kl. 16.30 for siste inngang.<\/li>\n<li><strong>Enkel bestilling p\u00e5 nettet:<\/strong> Hopp over k\u00f8ene ved \u00e5 bestille billetter p\u00e5 nettet. Se etter spesialpriser og rabatter!<\/li>\n<\/ul>\n<h3><strong>\ud83d\udee1\ufe0f Trygghet ved bestilling<\/strong><\/h3>\n<ul>\n<li><strong>\u00d8yeblikkelig bekreftelse:<\/strong> Motta en e-postbekreftelse med bestillingsinformasjonen din og et unikt referansenummer.<\/li>\n<li><strong>Spesialtilbud:<\/strong> Alle bestillinger kommer med en spesialrabatt for ditt neste eventyr, i tillegg til grupperabatter.<\/li>\n<li><strong>Forpliktelse til sikkerhet:<\/strong> For at bes\u00f8ket skal bli b\u00e5de trygt og morsomt, er det viktig at du f\u00f8lger sikkerhetsretningslinjene v\u00e5re.<\/li>\n<li><strong>Hensynsfull avbestilling:<\/strong> Fleksible avbestillingsregler som tillater kostnadsfrie endringer opptil 48 timer f\u00f8r du booker. Ved avbestilling innen 48 timer p\u00e5l\u00f8per det et gebyr p\u00e5 50%, og uteblivelser refunderes ikke.<\/li>\n<\/ul>\n<h4><strong>\ud83c\udf04 Klar til \u00e5 oppleve det ultimate utend\u00f8rseventyret?<\/strong><\/h4>\n<p>Bli med oss p\u00e5 en reise gjennom tretoppene og oppdag Tenerifes naturlige skj\u00f8nnhet fra oven. Bestill turen n\u00e5 og bli med inn i en verden av spenning og oppdagelser! \ud83c\udf32\ud83c\udfde\ufe0f<\/p>","protected":false},"excerpt":{"rendered":"<p>\ud83d\udd0d <strong>Forestal Park Tenerife<\/strong>:<br \/>\n\u2705 Sikker betaling.<br \/>\n\ud83c\udf32 St\u00f8rste zip-line og opplevelsespark.<br \/>\n\ud83d\udc64 Aktiviteter for alle aldre.<br \/>\n\ud83d\udd56 \u00c5pent 10:00 - 18:00.<br \/>\n\ud83d\udcc5 fre, l\u00f8r og s\u00f8n.<br \/>\n\ud83d\ude97 Parkering tilgjengelig for bes\u00f8kende.<br \/>\n\ud83e\udd7e Sikkerhetsutstyr medf\u00f8lger.<br \/>\n\ud83e\udd11 Garantert beste pris.<br \/>\n\ud83d\udc68\u200d\ud83d\udc69\u200d\ud83d\udc67\u200d\ud83d\udc66 Gruppe- og familierabatter.<br \/>\n\ud83c\udf10 Flerspr\u00e5klig personale.<br \/>\n\ud83c\udf32 Forh\u00e5ndsbestilling anbefales.<br \/>\n\ud83d\udccd Ligger i <a href=\"https:\/\/maps.app.goo.gl\/JbRxgrnnevPucnau9\">La Esperanza, Tenerife<\/a>.<\/p>","protected":false},"featured_media":9837,"comment_status":"open","ping_status":"closed","template":"","meta":{"_acf_changed":false},"product_brand":[],"product_cat":[82],"product_tag":[],"class_list":{"0":"post-9834","1":"product","2":"type-product","3":"status-publish","4":"has-post-thumbnail","6":"product_cat-fun-activities","7":"wcpa_has_options","9":"first","10":"instock","11":"virtual","12":"purchasable","13":"product-type-simple"},"acf":[],"wcpa_form_fields":{"wcpaData":{"product":{"product_price":26,"price_html":"From&nbsp;<span class=\"woocommerce-Price-amount amount\"><bdi>26,00&nbsp;<span class=\"woocommerce-Price-currencySymbol\">&euro;<\/span><\/bdi><\/span>","original_product_price":26,"price_including_tax":26,"price_excluding_tax":26,"product_id":{"parent":9834,"variation":false},"is_variable":false,"stock_status":"instock","stock_quantity":null,"parent_sku":"CV9834","product_attributes":[],"custom_fields":[],"is_taxable":false,"product_name":"Forestal Park Tenerife","hasImage":false},"fields":{"sec_465e50fd642ff4":{"extra":{"key":"sec_465e50fd642ff4","section_id":"sec_465e50fd642ff4","name":"Default","status":1,"cl_rule":"show","enableCl":false,"relations":[],"toggle":true,"title_tag":"h3","show_title":false,"showPrice":"default","form_id":10220,"form_rules":{"exclude_from_discount":true,"fee_label":"Fee","disp_hide_options_price":true,"disp_show_section_price":false,"disp_show_field_price":true,"layout_option":"standard","pric_use_as_fee":false,"process_fee_as":"woo_fee"},"layout_option":"standard"},"fields":[[{"label":"\ud83d\udcc5 Date","active":true,"required":true,"elementId":"date_365e50fd643030","picker_type":"custom","picker_mode":"single","placeholder":"","description":"","tooltip":"","name":"date_365e50fd643030","label_position":"default","desc_position":"default","enablePrice":false,"className":"","enableCl":false,"relations":[{"operator":"and","rules":[{"operator":"AND","rules":{"cl_field":"radio-group_365e50fd643015","cl_relation":"is","cl_val":"3 Hour Trip"}}]}],"date_pic_inline":true,"date_pic_inline_hide":true,"min_date":{"type":"days","val":"2"},"max_date":{"type":"days","val":"365"},"date_pic_conf":{"disabledWeeks":[1,2,3,4]},"price":"","cl_rule":"show","col":6,"type":"date","error":false,"enableDesign":false,"LabelColor":"","gt_translate_keys":["label","placeholder","description","tooltip"],"price_dependency":false,"cl_dependency":false,"value":""}],[{"active":true,"col":6,"relations":[{"operator":false,"rules":[{"operator":"AND","rules":{"cl_field":"","cl_relation":"","cl_val":""}}]}],"cl_rule":"show","enableCl":false,"price":"","enablePrice":false,"className":"","label_position":"default","desc_position":"default","type":"radio-group","required":true,"elementId":"radio-group_365e50fd643015","label":"\ud83c\udf1f Type of Ticket","name":"radio-group_365e50fd643015","values":[{"label":"Regular Tickets (26\u20ac)","value":"Regular Tickets","selected":false,"tempId":"aco_28","description":"Regular Admission Tickets.","gt_translate_keys":["label","description"]},{"label":"Resident Tickets (22\u20ac)","value":"Resident Tickets","selected":false,"tempId":"aco_30","description":"Regular Tickets for Canary Island Residents. You must present a valid document as proof of residency.","gt_translate_keys":["label","description"]}],"layOut":"","error":false,"checkUi":"toggle","enableDesign":false,"scrollBar":false,"description":"","other":false,"options_description":true,"show_selected_option":false,"gt_translate_keys":["label","description"],"price_dependency":false,"cl_dependency":[false,false],"value":""}]]},"sec_665e50fd643017":{"extra":{"key":"sec_665e50fd643017","section_id":"sec_665e50fd643017","name":"Regular Tickets","status":1,"cl_rule":"show","enableCl":true,"relations":[{"operator":false,"rules":[{"operator":"AND","rules":{"cl_field":"radio-group_365e50fd643015","cl_relation":"is","cl_val":"Regular Tickets"}}]}],"toggle":true,"title_tag":"h4","show_title":false,"showPrice":"default","form_id":10220,"form_rules":{"exclude_from_discount":true,"fee_label":"Fee","disp_hide_options_price":true,"disp_show_section_price":false,"disp_show_field_price":true,"layout_option":"standard","pric_use_as_fee":false,"process_fee_as":"woo_fee"},"layout_option":"standard"},"fields":[[{"elementId":"separator_1065e50fd64303b","separatorType":"blank","className":"","height":"10","enableCl":false,"relations":false,"cl_rule":"show","col":6,"type":"separator","gt_translate_keys":[],"price_dependency":false,"cl_dependency":false,"value":""}],[{"active":true,"col":6,"relations":false,"cl_rule":"show","enableCl":false,"price":"","enablePrice":false,"className":"","label_position":"default","desc_position":"default","type":"content","required":false,"elementId":"content_565e50fd643045","label":"People","name":"content_565e50fd643045","contentType":"plain","value":"","error":false,"show_in_checkout":true,"inline":false,"gt_translate_keys":["label","value"],"price_dependency":false,"cl_dependency":false}],[{"active":true,"col":6,"relations":[{"operator":false,"rules":[{"operator":"AND","rules":{"cl_field":"","cl_relation":"","cl_val":""}}]}],"cl_rule":"show","enableCl":true,"price":"26","enablePrice":true,"className":"","label_position":"default","desc_position":"default","type":"radio-group","required":false,"elementId":"radio-group_565e50fd643051","label":"","name":"radio-group_565e50fd643051","values":[{"label":"\ud83d\udc64 Adult (26\u20ac)","value":"Adult (26<\u20ac)","selected":true,"tempId":"aco_32","tooltip":"+13 Years","description":"","gt_translate_keys":["label","tooltip","description"]}],"layOut":"","error":false,"checkUi":"button","priceOptions":"fixed_for_all","pricingType":"fixed","enable_quantity":true,"quantity_label":"","min_quantity":"0","options_tooltip":true,"options_description":true,"gt_translate_keys":["label","quantity_label"],"price_dependency":false,"cl_dependency":false,"value":""}],[{"label":"","active":true,"required":false,"elementId":"radio-group_965e50fd64305c","name":"radio-group_965e50fd64305c","label_position":"default","desc_position":"default","enablePrice":true,"className":"","enableCl":false,"relations":false,"enable_quantity":true,"quantity_label":"","min_quantity":"0","checkUi":"button","layOut":"","values":[{"label":"\ud83d\udc66 Child (21\u20ac)","value":"Child (21\u20ac)","selected":true,"tempId":"aco_32","tooltip":"5-12 Years","description":"","gt_translate_keys":["label","tooltip","description"]}],"priceOptions":"fixed_for_all","pricingType":"fixed","price":"21","cl_rule":"show","col":6,"type":"radio-group","error":false,"options_tooltip":true,"options_description":true,"gt_translate_keys":["label","quantity_label"],"price_dependency":false,"cl_dependency":false,"value":""}]]},"sec_965e50fd6430a4":{"extra":{"key":"sec_965e50fd6430a4","section_id":"sec_965e50fd6430a4","name":"Resident Tickets","status":1,"cl_rule":"show","enableCl":true,"relations":[{"operator":false,"rules":[{"operator":"AND","rules":{"cl_field":"radio-group_365e50fd643015","cl_relation":"is","cl_val":"Resident Tickets"}}]}],"toggle":true,"title_tag":"h4","show_title":false,"showPrice":"default","form_id":10220,"form_rules":{"exclude_from_discount":true,"fee_label":"Fee","disp_hide_options_price":true,"disp_show_section_price":false,"disp_show_field_price":true,"layout_option":"standard","pric_use_as_fee":false,"process_fee_as":"woo_fee"},"layout_option":"standard"},"fields":[[{"elementId":"separator_465e50fd6430c1","separatorType":"blank","className":"","height":"10","enableCl":false,"relations":false,"cl_rule":"show","col":6,"type":"separator","gt_translate_keys":[],"price_dependency":false,"cl_dependency":false,"value":""}],[{"contentType":"plain","active":true,"label":"People","elementId":"content_865e50fd6430cb","value":"","inline":false,"show_in_checkout":true,"name":"content_865e50fd6430cb","enablePrice":false,"className":"","enableCl":false,"relations":false,"price":"","cl_rule":"show","col":6,"type":"content","gt_translate_keys":["label","value"],"price_dependency":false,"cl_dependency":false}],[{"label":"","active":true,"required":false,"elementId":"radio-group_665e50fd6430d6","name":"radio-group_665e50fd6430d6","label_position":"default","desc_position":"default","enablePrice":true,"className":"","enableCl":true,"relations":[{"operator":false,"rules":[{"operator":"AND","rules":{"cl_field":"","cl_relation":"","cl_val":""}}]}],"enable_quantity":true,"quantity_label":"","min_quantity":"0","checkUi":"button","layOut":"","options_tooltip":true,"values":[{"label":"\ud83d\udc64 Adult (22\u20ac)","value":"Adult (22\u20ac)","selected":true,"tempId":"aco_32","tooltip":"+13 Years","gt_translate_keys":["label","tooltip"]}],"priceOptions":"fixed_for_all","pricingType":"fixed","price":"22","cl_rule":"show","col":6,"type":"radio-group","error":false,"gt_translate_keys":["label","quantity_label"],"price_dependency":false,"cl_dependency":false,"value":""}],[{"label":"","active":true,"required":false,"elementId":"radio-group_465e50fd6430e0","name":"radio-group_465e50fd6430e0","label_position":"default","desc_position":"default","enablePrice":true,"className":"","enableCl":false,"relations":false,"enable_quantity":true,"quantity_label":"","min_quantity":"0","checkUi":"button","layOut":"","options_tooltip":true,"values":[{"label":"\ud83d\udc66 Child (15\u20ac)","value":"Children (15\u20ac)","selected":true,"tempId":"aco_32","tooltip":"5-12 Years","gt_translate_keys":["label","tooltip"]}],"priceOptions":"fixed_for_all","pricingType":"fixed","price":"15","cl_rule":"show","col":6,"type":"radio-group","error":false,"gt_translate_keys":["label","quantity_label"],"price_dependency":false,"cl_dependency":false,"value":""}]]}},"config":{"price_override":"always","enable_recaptcha":false,"bind_quantity":false,"quantity_bind_formula":false,"disp_summ_show_option_price":true,"disp_summ_show_product_price":false,"disp_summ_show_total_price":true,"disp_summ_show_fee":true,"disp_summ_show_discount":true,"summary_title":"","options_total_label":"Options Price","total_label":"Total Amount","options_product_label":"Product Price","fee_label":"Fee","discount_label":"Discount","has_price":true,"has_quantity_formula":false},"mc_unit":1,"tax_rate":1,"tax_rate_real":1,"discount":{"percentage":0,"fixed":0},"design":{"conf":{"LabelPosition":"above","DescPosition":"above","UploadField":"custom_1","QuantityFieldStyle":"custom_1"},"css":{"LeftLabelWidth":"120px"}},"formulas":[],"lookuptables":[],"clones":false,"cartKey":false}},"_links":{"self":[{"href":"https:\/\/canaryvip.com\/nb\/wp-json\/wp\/v2\/product\/9834","targetHints":{"allow":["GET"]}}],"collection":[{"href":"https:\/\/canaryvip.com\/nb\/wp-json\/wp\/v2\/product"}],"about":[{"href":"https:\/\/canaryvip.com\/nb\/wp-json\/wp\/v2\/types\/product"}],"replies":[{"embeddable":true,"href":"https:\/\/canaryvip.com\/nb\/wp-json\/wp\/v2\/comments?post=9834"}],"wp:featuredmedia":[{"embeddable":true,"href":"https:\/\/canaryvip.com\/nb\/wp-json\/wp\/v2\/media\/9837"}],"wp:attachment":[{"href":"https:\/\/canaryvip.com\/nb\/wp-json\/wp\/v2\/media?parent=9834"}],"wp:term":[{"taxonomy":"product_brand","embeddable":true,"href":"https:\/\/canaryvip.com\/nb\/wp-json\/wp\/v2\/product_brand?post=9834"},{"taxonomy":"product_cat","embeddable":true,"href":"https:\/\/canaryvip.com\/nb\/wp-json\/wp\/v2\/product_cat?post=9834"},{"taxonomy":"product_tag","embeddable":true,"href":"https:\/\/canaryvip.com\/nb\/wp-json\/wp\/v2\/product_tag?post=9834"}],"curies":[{"name":"wp","href":"https:\/\/api.w.org\/{rel}","templated":true}]}}