{"id":9654,"date":"2024-02-11T16:27:15","date_gmt":"2024-02-11T16:27:15","guid":{"rendered":"https:\/\/canaryvip.com\/?post_type=product&#038;p=9654"},"modified":"2026-03-26T13:04:23","modified_gmt":"2026-03-26T13:04:23","slug":"book-scandal-dinner-show","status":"publish","type":"product","link":"https:\/\/canaryvip.com\/nb\/shop\/book-scandal-dinner-show\/","title":{"rendered":"Scandal Middagsshow p\u00e5 Tenerife"},"content":{"rendered":"<h2><strong>\ud83c\udfad Scandal Burlesque-middagsforestilling<\/strong><\/h2>\n<p>En kveld med luksus, humor og fengslende opptredener tilbys p\u00e5 <strong>Scandal Burlesk middagsforestilling.<\/strong> Dette arrangementet, som er designet for dem som \u00f8nsker en oppl\u00f8ftende kveld ute, kombinerer burlesk med engasjerende komedie, magi og musikalske innslag. <strong>CanaryVIP<\/strong> inviterer b\u00e5de lokalbefolkningen og tilreisende til en minneverdig opplevelse.<\/p>\n<h3><strong>\ud83c\udf7d\ufe0f Luksuri\u00f8s middag p\u00e5 GF Victoria 5*<\/strong><\/h3>\n<ul>\n<li><strong>Beliggenhet:<\/strong> Den prestisjefylte <a href=\"https:\/\/www.google.com\/maps\/place\/GF+Victoria\/@28.0917871,-16.7412967,17z\/data=!3m1!4b1!4m9!3m8!1s0xc6a974d01c4268f:0x3c0e40669a61bb47!5m2!4m1!1i2!8m2!3d28.0917871!4d-16.7387218!16s%2Fg%2F11bvv59vv2?entry=tts&amp;g_ep=EgoyMDI0MDUwOC4wKgBIAVAD\" target=\"_blank\" rel=\"noopener\">GF Victoria<\/a> Det 5-stjerners hotellet i Costa Adeje fungerer som m\u00f8tested, og tilbyr en perfekt blanding av bekvemmelighet og storhet for en uforglemmelig kveld.<\/li>\n<li><strong>Kj\u00f8kken:<\/strong> Gjestene kan nyte en overd\u00e5dig 5-retters meny, omhyggelig tilberedt av de fineste r\u00e5varer og servert med profesjonell eleganse. Hver enkelt rett lover \u00e5 fortrylle smaksl\u00f8kene med kulinariske herligheter.<\/li>\n<\/ul>\n<h3><strong>\ud83d\udd70\ufe0f Reiseplan for kvelden<\/strong><\/h3>\n<ul>\n<li><strong>Tidsplan:<\/strong> Kvelden starter kl. 20.00, og forestillingene begynner kl. 20.30 og varer i ca. 3 timer. Etter showet inviteres gjestene til hotellets Skybar for en lengre kveld med avslapning og cocktails i en fantastisk kulisse.<\/li>\n<li><strong>Antrekk:<\/strong> Gjestene oppfordres til \u00e5 ta kvelden if\u00f8rt stilige kveldskl\u00e6r som gjenspeiler arrangementets sofistikerte atmosf\u00e6re. Denne sammenkomsten er beregnet p\u00e5 gjester fra 16 \u00e5r og oppover, noe som sikrer en moden og elegant opplevelse.<\/li>\n<\/ul>\n<h3><strong>\ud83c\udf9f\ufe0f Velg din perfekte kveld<\/strong><\/h3>\n<ul>\n<li><strong>Golden Pass:<\/strong> Ta et dypdykk i showet med en gourmetmeny med smakspr\u00f8ver og et utvalg av ubegrensede mengder drikke for en virkelig luksuri\u00f8s kveld.<\/li>\n<li><strong>Platinum Experience:<\/strong> Hvis du \u00f8nsker ekstra luksus, kan du velge Platinum Experience, som inkluderer alle fordelene ved Golden Pass samt et eget bord, noe som gj\u00f8r kvelden enda mer spesiell.<\/li>\n<\/ul>\n<h3><strong>\ud83d\udccd Din plass til forestillingen<\/strong><\/h3>\n<ul>\n<li>Lokalet er n\u00f8ye planlagt for \u00e5 sikre at alle gjester har fri sikt til scenen, slik at hver forestilling kan nytes fra alle vinkler.<\/li>\n<\/ul>\n<h3><strong>\ud83c\udf89 Skreddersydde feiringer<\/strong><\/h3>\n<ul>\n<li>Spesielle anledninger, fra bursdager til bedriftssamlinger, med plass til grupper fra 30 til 150 personer, kan markeres. Arrangementsteamet st\u00e5r klare til \u00e5 skreddersy kveldene til perfeksjon.<\/li>\n<\/ul>\n<h3><strong>\ud83c\udf1f Essensen av en burlesk forestilling:<\/strong><\/h3>\n<ul>\n<li><strong>Interaktiv underholdning:<\/strong> Ut\u00f8verne g\u00e5r i direkte dialog med publikum og skaper en intim og livlig atmosf\u00e6re som fenger og begeistrer.<\/li>\n<li><strong>Et rikt utvalg av handlinger:<\/strong> Showet byr p\u00e5 en mangfoldig og spennende opplevelse i hvert nummer, fra klassisk burlesk til moderne tolkninger.<\/li>\n<\/ul>\n<h3><strong>\ud83c\udf72 En meny for enhver smak:<\/strong><\/h3>\n<p>Vi tilbyr et variert menyutvalg for enhver smak, inkludert vegetariske og veganske alternativer p\u00e5 foresp\u00f8rsel. Det uts\u00f8kte utvalget omfatter blant annet<\/p>\n<ul>\n<li>Knasende herligheter akkompagnert av raita, r\u00f8kt maiskrem med en d\u00e6sj koriander og saftig iberisk svinekj\u00f8tt.<\/li>\n<li>Delikat tilberedt paccheri-pasta med en fyldig soppragu, forsterket med syltede innslag.<\/li>\n<li>M\u00f8rt tilberedt svart gris med sataysaus, sammen med en kreativt presentert faux risotto.<\/li>\n<li>En dessertfinale best\u00e5ende av makroner med r\u00f8de b\u00e6r og hvit sjokolade.<\/li>\n<\/ul>\n<h3><strong>\u2696\ufe0f Reservasjons- og avbestillingsregler:<\/strong><\/h3>\n<ul>\n<li><strong>Bestill i forveien for \u00e5 f\u00e5 fordeler:<\/strong> Forh\u00e5ndsbestilling sikrer deg de beste prisene og forenkler planleggingsprosessen.<\/li>\n<li><strong>Fleksible avbestillinger:<\/strong> Gratis avbestilling tilbys opptil 48 timer f\u00f8r planlagt showtime, noe som gir fleksibilitet i planene.<\/li>\n<li><strong>Gruppebestillinger forenklet:<\/strong> For grupper p\u00e5 mer enn 6 personer gjelder enkle avbestillingsregler inntil 4 dager f\u00f8r arrangementet. Avbestillinger som gj\u00f8res 2 til 4 dager f\u00f8r arrangementet, er berettiget til en 50%-refusjon.<\/li>\n<\/ul>\n<h3><strong>\ud83c\udf92 Gj\u00f8r deg klar for natten:<\/strong><\/h3>\n<ul>\n<li><strong>Kleskode:<\/strong> Gjestene oppfordres til \u00e5 kle seg i sitt fineste kveldsantrekk for \u00e5 matche arrangementets elegante rammer. Jeans og en fin t-skjorte er akseptabelt, men sportsantrekk og herreshorts frar\u00e5des for \u00e5 opprettholde den eksklusive atmosf\u00e6ren.<\/li>\n<li><strong>Informasjon om parkering:<\/strong> Du kan parkere i n\u00e6rheten av kj\u00f8pesenteret Plaza del Duque, en kort spasertur fra hotellet, slik at det er lett tilgjengelig for alle gjester.<\/li>\n<\/ul>\n<h4><strong>\ud83c\udf1f En uforglemmelig kveld i vente<\/strong><\/h4>\n<p>Scandal Burlesque <a href=\"https:\/\/canaryvip.com\/nb\/tenerife\/evening-shows\/\">Middagsshow<\/a> lover \u00e5 bli h\u00f8ydepunktet p\u00e5 ditt bes\u00f8k p\u00e5 Tenerife med <strong>CanaryVIP.<\/strong>\u00a0Sikre deg billetter n\u00e5 for en enest\u00e5ende blanding av underholdning, bespisning og naturskj\u00f8nn utsikt. \ud83c\udf0c\ud83c\udf78<\/p>","protected":false},"excerpt":{"rendered":"<p><strong>\ud83d\udd0d Scandal Show Highlights:<\/strong><br \/>\n\u2705 Sikker betaling.<br \/>\n\ud83d\udc83 Show i burlesk stil.<br \/>\n\ud83d\udd59 Hver l\u00f8rdag kl. 20.30.<br \/>\n\ud83c\udf5b Middag inkludert.<br \/>\n\ud83c\udf77 Vin og brus inkludert.<br \/>\n\ud83c\udf0d Engelsk og spansk vert.<br \/>\n\u2705 +16 Kun for voksne.<br \/>\n\ud83d\ude80 Veldig popul\u00e6r!<br \/>\n\ud83e\udd11 Garantert beste pris.<br \/>\n\ud83d\udc6a Rabatter for gruppebestillinger.<br \/>\n\ud83d\udd01 Gratis avbestilling i opptil 48 timer.<br \/>\n\ud83c\udf1f Bestill tidlig, det blir fort fullt!<br \/>\n\ud83d\udccd Sted p\u00e5 <a href=\"https:\/\/maps.app.goo.gl\/boB3JcWYHb8AiGY58\">Hotel GF Victoria<\/a>.<\/p>","protected":false},"featured_media":9659,"comment_status":"open","ping_status":"closed","template":"","meta":{"_acf_changed":false},"product_brand":[],"product_cat":[59],"product_tag":[],"class_list":{"0":"post-9654","1":"product","2":"type-product","3":"status-publish","4":"has-post-thumbnail","6":"product_cat-evening-shows","7":"wcpa_has_options","9":"first","10":"instock","11":"virtual","12":"purchasable","13":"product-type-simple"},"acf":[],"wcpa_form_fields":{"wcpaData":{"product":{"product_price":94,"price_html":"From&nbsp;<span class=\"woocommerce-Price-amount amount\"><bdi>94,00&nbsp;<span class=\"woocommerce-Price-currencySymbol\">&euro;<\/span><\/bdi><\/span>","original_product_price":94,"price_including_tax":94,"price_excluding_tax":94,"product_id":{"parent":9654,"variation":false},"is_variable":false,"stock_status":"instock","stock_quantity":null,"parent_sku":"CV9654","product_attributes":[],"custom_fields":[],"is_taxable":false,"product_name":"Scandal Dinner Show Tenerife","hasImage":false},"fields":{"sec_165e506ca90d2c":{"extra":{"key":"sec_165e506ca90d2c","section_id":"sec_165e506ca90d2c","name":"Default","status":1,"cl_rule":"show","enableCl":false,"relations":[],"toggle":true,"title_tag":"h3","show_title":false,"showPrice":"default","form_id":10217,"form_rules":{"exclude_from_discount":true,"fee_label":"Fee","disp_hide_options_price":true,"disp_show_section_price":false,"disp_show_field_price":true,"layout_option":"standard","pric_use_as_fee":false,"process_fee_as":"woo_fee"},"layout_option":"standard"},"fields":[[{"label":"\ud83d\udcc5 Date","active":true,"required":true,"elementId":"date_265e506ca90d6a","picker_type":"custom","picker_mode":"single","placeholder":"","description":"","tooltip":"","name":"date_265e506ca90d6a","label_position":"default","desc_position":"default","enablePrice":false,"className":"","enableCl":false,"relations":[{"operator":"and","rules":[{"operator":"AND","rules":{"cl_field":"radio-group_765e506ca90d4e","cl_relation":"is_not_empty","cl_val":"3 Hour Trip"}}]}],"date_pic_inline":true,"date_pic_inline_hide":true,"min_date":{"type":"days","val":"1"},"max_date":{"type":"days","val":"180"},"date_pic_conf":{"disabledWeeks":[0,1,2,3,4,5],"disabledDates":["2024-05-25","2024-08-10","2024-11-02","2024-12-14","2024-12-27 to 2024-12-28"]},"price":"","cl_rule":"show","col":6,"type":"date","error":false,"enableDesign":false,"LabelColor":"","date_conf_custom":{"minDate":"let d = new Date();\nif (d.getHours() >= 18) {\n  d.setDate(d.getDate() + 3);\n} else if (d.getHours() >= 12) {\n  d.setDate(d.getDate() + 1);\n} else {\nd.setDate(d.getDate());\n}\nreturn d;"},"isWeightTemplate":false,"isTemplate":false,"min_quantity":"1","quantity_decimal":false,"quantity_step":"1","quantity_label":"Quantity","repeater_field_label":"{field_label}","repeater_bind":"","gt_translate_keys":["label","placeholder","description","tooltip","repeater_field_label","quantity_label"],"price_dependency":false,"cl_dependency":["radio-group_765e506ca90d4e","radio-group_765e506ca90d4e"],"value":""}],[{"active":true,"col":6,"relations":[{"operator":false,"rules":[{"operator":"AND","rules":{"cl_field":"","cl_relation":"","cl_val":""}}]}],"cl_rule":"show","enableCl":false,"price":"","enablePrice":false,"className":"","label_position":"default","desc_position":"default","type":"radio-group","required":true,"elementId":"radio-group_765e506ca90d4e","label":"\ud83c\udf1f Type of Ticket","name":"radio-group_765e506ca90d4e","values":[{"label":"Gold Entrance (94\u20ac)","value":"Gold Entrance","selected":false,"tempId":"aco_28","description":"Enjoy the live show, tasting menu, and unlimited drinks.","gt_translate_keys":["label","description"]},{"label":"Platinum Entrance (114\u20ac)","value":"Platinum Entrance","selected":false,"tempId":"aco_29","description":"Enjoy the live show, tasting menu, unlimited drinks, and a private table.","options_cl":true,"relations":[{"operator":false,"rules":[{"operator":"or","rules":{"cl_field":"date_265e506ca90d6a","cl_relation":"is","cl_val":"2026-04-02"}},{"operator":false,"rules":{"cl_field":"date_265e506ca90d6a","cl_relation":"is","cl_val":"2026-03-26"}}]}],"cl_rule":"hide","gt_translate_keys":["label","description"]}],"layOut":"","error":false,"checkUi":"toggle","enableDesign":false,"scrollBar":false,"description":"","other":false,"options_description":true,"show_selected_option":false,"isWeightTemplate":false,"isTemplate":false,"min_quantity":"1","quantity_decimal":false,"quantity_step":"1","quantity_label":"Quantity","repeater_field_label":"{field_label}","repeater_bind":"","gt_translate_keys":["label","description","repeater_field_label","quantity_label"],"price_dependency":false,"cl_dependency":[false,false],"value":""}]]},"sec_965e506ca90d50":{"extra":{"key":"sec_965e506ca90d50","section_id":"sec_965e506ca90d50","name":"Gold","status":1,"cl_rule":"show","enableCl":true,"relations":[{"operator":false,"rules":[{"operator":"AND","rules":{"cl_field":"radio-group_765e506ca90d4e","cl_relation":"is","cl_val":"Gold Entrance"}}]}],"toggle":true,"title_tag":"h4","show_title":false,"showPrice":"default","form_id":10217,"form_rules":{"exclude_from_discount":true,"fee_label":"Fee","disp_hide_options_price":true,"disp_show_section_price":false,"disp_show_field_price":true,"layout_option":"standard","pric_use_as_fee":false,"process_fee_as":"woo_fee"},"layout_option":"standard"},"fields":[[{"elementId":"separator_765e506ca90d74","separatorType":"blank","className":"","height":"10","enableCl":false,"relations":false,"cl_rule":"show","col":6,"type":"separator","gt_translate_keys":[],"price_dependency":false,"cl_dependency":false,"value":""}],[{"active":true,"col":6,"relations":false,"cl_rule":"show","enableCl":false,"price":"","enablePrice":false,"className":"","label_position":"default","desc_position":"default","type":"content","required":false,"elementId":"content_365e506ca90d7f","label":"People","name":"content_365e506ca90d7f","contentType":"plain","value":"","error":false,"show_in_checkout":true,"inline":false,"gt_translate_keys":["label","value"],"price_dependency":false,"cl_dependency":false}],[{"active":true,"col":6,"relations":[{"operator":false,"rules":[{"operator":"AND","rules":{"cl_field":"","cl_relation":"","cl_val":""}}]}],"cl_rule":"show","enableCl":true,"price":"94","enablePrice":true,"className":"","label_position":"default","desc_position":"default","type":"radio-group","required":false,"elementId":"radio-group_265e506ca90d8a","label":"","name":"radio-group_265e506ca90d8a","values":[{"label":"\ud83d\udc64 Adult (94\u20ac)","value":"Adult","selected":true,"tempId":"aco_32","tooltip":"+16 Years","description":"","gt_translate_keys":["label","tooltip","description"]}],"layOut":"","error":false,"checkUi":"button","priceOptions":"fixed_for_all","pricingType":"fixed","enable_quantity":true,"quantity_label":"","min_quantity":"0","options_tooltip":true,"options_description":true,"gt_translate_keys":["label","quantity_label"],"price_dependency":false,"cl_dependency":false,"value":""}]]},"sec_365e506ca90da0":{"extra":{"key":"sec_365e506ca90da0","section_id":"sec_365e506ca90da0","name":"Platinum","status":1,"cl_rule":"show","enableCl":true,"relations":[{"operator":false,"rules":[{"operator":"AND","rules":{"cl_field":"radio-group_765e506ca90d4e","cl_relation":"is","cl_val":"Platinum Entrance"}}]}],"toggle":true,"title_tag":"h4","show_title":false,"showPrice":"default","form_id":10217,"form_rules":{"exclude_from_discount":true,"fee_label":"Fee","disp_hide_options_price":true,"disp_show_section_price":false,"disp_show_field_price":true,"layout_option":"standard","pric_use_as_fee":false,"process_fee_as":"woo_fee"},"layout_option":"standard"},"fields":[[{"elementId":"separator_565e506ca90daa","separatorType":"blank","className":"","height":"8","enableCl":false,"relations":false,"cl_rule":"show","col":6,"type":"separator","error":false,"gt_translate_keys":[],"price_dependency":false,"cl_dependency":false,"value":""}],[{"contentType":"plain","active":true,"label":"People","elementId":"content_365e506ca90dc6","value":"","inline":false,"show_in_checkout":true,"name":"content_365e506ca90dc6","enablePrice":false,"className":"","enableCl":false,"relations":false,"price":"","cl_rule":"show","col":6,"type":"content","gt_translate_keys":["label","value"],"price_dependency":false,"cl_dependency":false}],[{"label":"","active":true,"required":false,"elementId":"radio-group_365e506ca90dd1","name":"radio-group_365e506ca90dd1","label_position":"default","desc_position":"default","enablePrice":true,"className":"","enableCl":false,"relations":[{"operator":false,"rules":[{"operator":"AND","rules":{"cl_field":"","cl_relation":"","cl_val":""}}]}],"enable_quantity":true,"quantity_label":"","min_quantity":"0","checkUi":"button","layOut":"","options_tooltip":true,"values":[{"label":"\ud83d\udc64 Adult (114\u20ac)","value":"Adult","selected":true,"tempId":"aco_32","tooltip":"+16 Years","gt_translate_keys":["label","tooltip"]}],"priceOptions":"fixed_for_all","pricingType":"fixed","price":"114","cl_rule":"show","col":6,"type":"radio-group","error":false,"isWeightTemplate":false,"isTemplate":false,"quantity_decimal":false,"quantity_step":"1","repeater_field_label":"{field_label}","repeater_bind":"","gt_translate_keys":["label","repeater_field_label","quantity_label"],"price_dependency":false,"cl_dependency":false,"value":""}]]}},"config":{"price_override":"always","enable_recaptcha":false,"bind_quantity":false,"quantity_bind_formula":false,"disp_summ_show_option_price":true,"disp_summ_show_product_price":false,"disp_summ_show_total_price":true,"disp_summ_show_fee":true,"disp_summ_show_discount":true,"summary_title":"","options_total_label":"Options Price","total_label":"Total Amount","options_product_label":"Product Price","fee_label":"Fee","discount_label":"Discount","has_price":true,"has_quantity_formula":false},"mc_unit":1,"tax_rate":1,"tax_rate_real":1,"discount":{"percentage":0,"fixed":0},"design":{"conf":{"LabelPosition":"above","DescPosition":"above","UploadField":"custom_1","QuantityFieldStyle":"custom_1"},"css":{"LeftLabelWidth":"120px"}},"formulas":[],"lookuptables":[],"clones":false,"cartKey":false}},"_links":{"self":[{"href":"https:\/\/canaryvip.com\/nb\/wp-json\/wp\/v2\/product\/9654","targetHints":{"allow":["GET"]}}],"collection":[{"href":"https:\/\/canaryvip.com\/nb\/wp-json\/wp\/v2\/product"}],"about":[{"href":"https:\/\/canaryvip.com\/nb\/wp-json\/wp\/v2\/types\/product"}],"replies":[{"embeddable":true,"href":"https:\/\/canaryvip.com\/nb\/wp-json\/wp\/v2\/comments?post=9654"}],"wp:featuredmedia":[{"embeddable":true,"href":"https:\/\/canaryvip.com\/nb\/wp-json\/wp\/v2\/media\/9659"}],"wp:attachment":[{"href":"https:\/\/canaryvip.com\/nb\/wp-json\/wp\/v2\/media?parent=9654"}],"wp:term":[{"taxonomy":"product_brand","embeddable":true,"href":"https:\/\/canaryvip.com\/nb\/wp-json\/wp\/v2\/product_brand?post=9654"},{"taxonomy":"product_cat","embeddable":true,"href":"https:\/\/canaryvip.com\/nb\/wp-json\/wp\/v2\/product_cat?post=9654"},{"taxonomy":"product_tag","embeddable":true,"href":"https:\/\/canaryvip.com\/nb\/wp-json\/wp\/v2\/product_tag?post=9654"}],"curies":[{"name":"wp","href":"https:\/\/api.w.org\/{rel}","templated":true}]}}