{"id":9623,"date":"2024-02-11T01:34:38","date_gmt":"2024-02-11T01:34:38","guid":{"rendered":"https:\/\/canaryvip.com\/?post_type=product&#038;p=9623"},"modified":"2025-08-09T12:57:36","modified_gmt":"2025-08-09T11:57:36","slug":"tenerife-island-guided-bus-tour","status":"publish","type":"product","link":"https:\/\/canaryvip.com\/nb\/shop\/tenerife-island-guided-bus-tour\/","title":{"rendered":"Tenerife Island Tour: Guidet busstur"},"content":{"rendered":"<h2>\ud83d\ude8c <strong>Guidet busstur til Tenerife<\/strong><\/h2>\n<p>Oppdag hjertet av Tenerife med <strong>CanaryVIP<\/strong> p\u00e5 en oppslukende heldags guidet busstur som spenner over hele \u00f8ya. Fra den \u00e6refryktinngytende <a href=\"https:\/\/www.google.com\/maps\/place\/Acantilados+de+Los+Gigantes,+Santa+Cruz+de+Tenerife\/@28.244027,-16.8456497,15z\/data=!3m1!4b1!4m6!3m5!1s0xc6a8c153fdc6811:0xa0340f674cf6610!8m2!3d28.2408828!4d-16.8377834!16s%2Fm%2F026dqlb?entry=ttu\" target=\"_blank\" rel=\"noopener\">Los Gigantes-klippene<\/a> til de historiske gatene i <a href=\"https:\/\/www.google.com\/maps\/place\/La+Orotava,+Santa+Cruz+de+Tenerife\/@28.3929248,-16.5287568,15z\/data=!3m1!4b1!4m6!3m5!1s0xc402aae32ddf575:0x27206a076b427988!8m2!3d28.3892926!4d-16.525264!16zL20vMDdrcmx5?entry=ttu\" target=\"_blank\" rel=\"noopener\">La Orotava<\/a>P\u00e5 denne reisen f\u00e5r du et rikt innblikk i Tenerifes mangfoldige landskap og kulturskatter.<\/p>\n<h3><strong>Turens h\u00f8ydepunkter: Utforskning av hele \u00f8ya<\/strong><\/h3>\n<ul>\n<li>\ud83c\udf04 <strong>Los Gigantes-klippene<\/strong>: Begynn eventyret med et bes\u00f8k til de fantastiske Los Gigantes-klippene, der naturens storhet kan beskues til fulle.<\/li>\n<li>\ud83d\udc40 <strong>Mirador de Garachico<\/strong>: Vi fortsetter til Mirador de Garachico, som byr p\u00e5 en fantastisk utsikt som oppsummerer skj\u00f8nnheten p\u00e5 Tenerifes nordkyst.<\/li>\n<li>\ud83c\udf33 <strong>Icod de los Vinos<\/strong>: Utforsk Icod de los Vinos og beundre det tusen\u00e5rige dragetreet, et historisk naturmonument.<\/li>\n<li>\ud83c\udfd8\ufe0f <strong>La Orotava<\/strong>: La Orotava er en sjarmerende by, og vi bes\u00f8ker det ber\u00f8mte Casa de los Balcones, et symbol p\u00e5 kanarisk arkitektur og tradisjon.<\/li>\n<li>\ud83d\udecd\ufe0f <strong>Puerto de la Cruz<\/strong>: Fritid i Puerto de la Cruz til shopping, sightseeing og lunsj (mat er ikke inkludert i utflukten).<\/li>\n<li>\ud83d\ude4f <strong>Candelaria<\/strong>: Vi gj\u00f8r et siste stopp i Candelaria for \u00e5 hylle Kanari\u00f8yenes skytshelgen og avrunder en dag med utforskning og oppdagelser.<\/li>\n<\/ul>\n<h3><strong>Din reise med CanaryVIP inkluderer:<\/strong><\/h3>\n<ul>\n<li>\ud83d\ude8c A <strong>komfortabel og naturskj\u00f8nn busstur<\/strong> over hele Tenerife, slik at reisen blir like behagelig som selve reisem\u00e5let.<\/li>\n<li>\ud83c\udfe8 <strong>Praktisk hente- og bringetjeneste<\/strong> p\u00e5 hotellet, for en stressfri reiseopplevelse fra start til slutt.<\/li>\n<li>\ud83d\udde3\ufe0f <strong>Engasjerende veiledning fra flerspr\u00e5klige reiseledere<\/strong>og beriker opplevelsen din med fascinerende innblikk i hvert enkelt sted.<\/li>\n<li>\ud83d\udd52 An <strong>ca. 8-timers tur<\/strong>, designet for \u00e5 maksimere utforskningen av Tenerifes fantastiske landskap og kulturarv.<\/li>\n<li>\ud83d\udcf8 Utallige <strong>Fotomuligheter<\/strong> i variert terreng, noe som gir minner for livet.<\/li>\n<li>\ud83d\udcb0 L\u00f8ftet om CanaryVIP fra CanaryVIP <strong>beste pris<\/strong>Vi har ogs\u00e5 fleksible avbestillingsregler for \u00e5 gj\u00f8re det enklere for deg.<\/li>\n<\/ul>\n<h3><strong>Viktige detaljer om turen:<\/strong><\/h3>\n<ul>\n<li>\ud83c\udf9f\ufe0f Oppbevar din CanaryVIP-billett i digital eller trykt form for en s\u00f8ml\u00f8s turopplevelse.<\/li>\n<li>\ud83e\udde5 Kle deg komfortabelt og ta p\u00e5 deg flere lag med kl\u00e6r, siden det er forskjellige klimaer p\u00e5 \u00f8ya.<\/li>\n<li>\ud83c\udf7d\ufe0f Ta en lunsjpause i Puerto de la Cruz, hvor du kan velge mellom en rekke spisesteder. (Lunsj er ikke inkludert i prisen)<\/li>\n<li>\ud83d\udccc Tidspunkt og sted for henting vil bli bekreftet etter bestilling. S\u00f8rg for at overnattingsopplysningene dine er korrekte for \u00e5 sikre en smidig reise.<\/li>\n<\/ul>\n<h3><strong>Avbestillingsregler:<\/strong><\/h3>\n<ul>\n<li>\ud83d\udd04 <strong>Tilpasningsdyktig avbestilling for enkeltpersoner:<\/strong> V\u00e5re retningslinjer tar h\u00f8yde for livets uforutsigbarhet, og tillater avbestillinger inntil 24 timer f\u00f8r den planlagte turen mot full refusjon. Denne fleksibiliteten sikrer at du kan endre reiseruten etter behov uten problemer.<\/li>\n<li>\ud83d\udd52 <strong>Alternativer for avbestilling av grupper:<\/strong> For de som reiser i grupper, tilbyr vi skreddersydde avbestillingsvilk\u00e5r. Sm\u00e5 grupper p\u00e5 5-7 personer kan avbestille uten gebyrer inntil 48 timer f\u00f8r turen. Mellomstore grupper p\u00e5 8-14 personer kan avbestille inntil 4 dager f\u00f8r turen og f\u00e5 refundert hele bel\u00f8pet, mens st\u00f8rre grupper p\u00e5 15 personer eller mer m\u00e5 avbestille minst 6 dager i forveien for \u00e5 unng\u00e5 avbestillingsgebyr. Disse retningslinjene er satt for \u00e5 gj\u00f8re planleggingen enklere for grupper av alle st\u00f8rrelser.<\/li>\n<li>\ud83d\udca1 <strong>Enkel avbestillingsprosedyre:<\/strong> Det er enkelt \u00e5 avbestille turen, enten du reiser alene eller med en gruppe. Det er bare \u00e5 ta kontakt via nettstedet v\u00e5rt, sende en e-post eller ringe oss. Vi s\u00f8rger for en rask refusjonsprosess, noe som gj\u00f8r avbestillingen til en enkel og bekymringsfri opplevelse.<\/li>\n<li>\ud83d\udd0d <strong>Bekreftelse av bestilling:<\/strong> Det er lurt \u00e5 dobbeltsjekke bestillingsdetaljene i god tid f\u00f8r reisedatoen. P\u00e5 den m\u00e5ten kan du gj\u00f8re n\u00f8dvendige justeringer eller avbestillinger innenfor de angitte tidsfristene og unng\u00e5 eventuelle gebyrer.<\/li>\n<\/ul>\n<h4><strong>Assistanse og ansvar p\u00e5 turen:<\/strong><\/h4>\n<ul>\n<li>\u2714\ufe0f CanaryVIP er opptatt av \u00e5 sikre en minneverdig og s\u00f8ml\u00f8s turopplevelse, fra bestilling til utforskning.<\/li>\n<li>\ud83d\udde3\ufe0f <strong>Direkte kommunikasjon:<\/strong> Guidene v\u00e5re er tilgjengelige for \u00e5 hjelpe deg med eventuelle sp\u00f8rsm\u00e5l eller behov under turen.<\/li>\n<li>\ud83d\udcb0 <strong>Transparente retningslinjer for refusjon:<\/strong> Vi setter kunden i sentrum og l\u00f8ser alle problemer raskt og rettferdig.<\/li>\n<\/ul>\n<h4><strong>\ud83d\ude8c\ud83c\udf04\ud83c\udfdb\ufe0f Bestill ditt \u00f8y-eventyr n\u00e5!<\/strong><\/h4>\n<p>Grip denne unike muligheten til \u00e5 utforske Tenerifes enorme skj\u00f8nnhet og rike kultur sammen med CanaryVIP. Reserver din plass p\u00e5 \u00f8ya Tenerife <a href=\"https:\/\/canaryvip.com\/nb\/tenerife\/guided-tours\/bus-tours\/\">Guidet busstur<\/a> i dag, og legg ut p\u00e5 en uforglemmelig reise til \u00f8yas mest ikoniske severdigheter og skjulte perler.<\/p>\n<p>Eventyret ditt venter!<\/p>","protected":false},"excerpt":{"rendered":"<p><strong>\ud83d\udd0d Tenerife Island Tour:<\/strong><br \/>\n\u2705 Sikker betaling.<br \/>\n\u26f0\ufe0f Bes\u00f8k Los Gigantes Cliff.<br \/>\n\ud83d\udc09 Utforsk Icods dragetre.<br \/>\n\ud83d\udca6 Oppdag Garachico.<br \/>\n\ud83d\udee4\ufe0f Bes\u00f8k La Orotava.<br \/>\n\ud83d\udecd\ufe0f Nyt Puerto de la Cruz.<br \/>\n\u26ea\ufe0f Bes\u00f8k Candelaria.<br \/>\n\ud83d\udcc5 Tirsdager og l\u00f8rdager.<br \/>\n\u23f0 Varighet Rundt 8 timer.<br \/>\n\ud83d\ude8c Henting og levering p\u00e5 hotellet.<br \/>\n\ud83d\udd04 24 timers gratis avbestilling.<br \/>\n\ud83e\udd11 Garantert beste pris.<br \/>\n\ud83c\udf81 Grupperabatter er tilgjengelige.<br \/>\n\ud83c\udf0d Veiledning p\u00e5 ditt spr\u00e5k.<br \/>\n\ud83c\udf1f Bestill n\u00e5 og spar penger!<\/p>","protected":false},"featured_media":9624,"comment_status":"open","ping_status":"closed","template":"","meta":{"_acf_changed":false},"product_brand":[],"product_cat":[68,52],"product_tag":[],"class_list":{"0":"post-9623","1":"product","2":"type-product","3":"status-publish","4":"has-post-thumbnail","6":"product_cat-guided-tours","7":"product_cat-bus-tours","8":"wcpa_has_options","10":"first","11":"instock","12":"virtual","13":"purchasable","14":"product-type-simple"},"acf":[],"wcpa_form_fields":{"wcpaData":{"product":{"product_price":48,"price_html":"From&nbsp;<span class=\"woocommerce-Price-amount amount\"><bdi>48,00&nbsp;<span class=\"woocommerce-Price-currencySymbol\">&euro;<\/span><\/bdi><\/span>","original_product_price":48,"price_including_tax":48,"price_excluding_tax":48,"product_id":{"parent":9623,"variation":false},"is_variable":false,"stock_status":"instock","stock_quantity":null,"parent_sku":"CV9623","product_attributes":[],"custom_fields":[],"is_taxable":false,"product_name":"Tenerife Island Tour: Guided Bus Trip","hasImage":false},"fields":{"sec_265e50550df885":{"extra":{"key":"sec_265e50550df885","section_id":"sec_265e50550df885","name":"South Tenerife","status":1,"cl_rule":"show","enableCl":false,"relations":[{"operator":false,"rules":[{"operator":"AND","rules":{"cl_field":"radio-group_665df45fcbc30b","cl_relation":"is","cl_val":"Siam Park Regular Tickets"}}]}],"toggle":true,"title_tag":"h4","show_title":false,"showPrice":"default","form_id":10216,"form_rules":{"exclude_from_discount":true,"fee_label":"Fee","disp_hide_options_price":true,"disp_show_section_price":false,"disp_show_field_price":true,"layout_option":"standard","pric_use_as_fee":false,"process_fee_as":"woo_fee"},"layout_option":"standard"},"fields":[[{"label":"\ud83d\udcc5 Date","active":true,"required":true,"elementId":"date_365e50550df8bb","picker_type":"custom","picker_mode":"single","placeholder":"","description":"","tooltip":"","name":"date_365e50550df8bb","label_position":"default","desc_position":"default","enablePrice":false,"className":"","enableCl":false,"relations":[{"operator":"and","rules":[{"operator":"AND","rules":{"cl_field":"radio-group_665df45fcbc30b","cl_relation":"is","cl_val":"3 Hour Trip"}}]}],"date_pic_inline":true,"date_pic_inline_hide":true,"min_date":{"type":"days","val":"1"},"max_date":{"type":"days","val":"365"},"date_pic_conf":{"disabledWeeks":[0,1,3,4,5,6]},"price":"","cl_rule":"show","col":6,"type":"date","error":false,"enableDesign":false,"LabelColor":"","gt_translate_keys":["label","placeholder","description","tooltip"],"price_dependency":false,"cl_dependency":false,"value":""}],[{"elementId":"separator_665e50550df8cb","separatorType":"blank","className":"","height":"10","enableCl":false,"relations":false,"cl_rule":"show","col":6,"type":"separator","gt_translate_keys":[],"price_dependency":false,"cl_dependency":false,"value":""}],[{"active":true,"col":6,"relations":false,"cl_rule":"show","enableCl":false,"price":"","enablePrice":false,"className":"","label_position":"default","desc_position":"default","type":"content","required":false,"elementId":"content_565e50550df8e4","label":"People","name":"content_565e50550df8e4","contentType":"plain","value":"","error":false,"show_in_checkout":true,"inline":false,"gt_translate_keys":["label","value"],"price_dependency":false,"cl_dependency":false}],[{"active":true,"col":6,"relations":[{"operator":false,"rules":[{"operator":"AND","rules":{"cl_field":"","cl_relation":"","cl_val":""}}]}],"cl_rule":"show","enableCl":false,"price":"50","enablePrice":true,"className":"","label_position":"default","desc_position":"default","type":"radio-group","required":false,"elementId":"radio-group_665e50550df8f0","label":"","name":"radio-group_665e50550df8f0","values":[{"label":"\ud83d\udc64 Adult (50\u20ac)","value":"Adult","selected":true,"tempId":"aco_32","tooltip":"+12 Years","description":"","gt_translate_keys":["label","tooltip","description"]}],"layOut":"","error":false,"checkUi":"button","priceOptions":"fixed_for_all","pricingType":"fixed","enable_quantity":true,"quantity_label":"","min_quantity":"0","options_tooltip":true,"options_description":true,"isWeightTemplate":false,"isTemplate":false,"quantity_decimal":false,"quantity_step":"1","repeater_field_label":"{field_label}","repeater_bind":"","gt_translate_keys":["label","repeater_field_label","quantity_label"],"price_dependency":false,"cl_dependency":false,"value":""}],[{"label":"","active":true,"required":false,"elementId":"radio-group_665e50550df8fb","name":"radio-group_665e50550df8fb","label_position":"default","desc_position":"default","enablePrice":true,"className":"","enableCl":false,"relations":false,"enable_quantity":true,"quantity_label":"","min_quantity":"0","checkUi":"button","layOut":"","values":[{"label":"\ud83d\udc66 Child (31\u20ac)","value":"Child","selected":true,"tempId":"aco_32","tooltip":"2-11 Years","description":"","gt_translate_keys":["label","tooltip","description"]}],"priceOptions":"fixed_for_all","pricingType":"fixed","price":"31","cl_rule":"show","col":6,"type":"radio-group","error":false,"options_tooltip":true,"options_description":true,"gt_translate_keys":["label","quantity_label"],"price_dependency":false,"cl_dependency":false,"value":""}],[{"active":true,"col":6,"relations":false,"cl_rule":"show","enableCl":false,"price":"","enablePrice":false,"className":"","label_position":"default","desc_position":"default","type":"select","required":false,"elementId":"select_265e50550df905","label":"\ud83c\udf0e Language","name":"select_265e50550df905","values":[{"label":"English","value":"English","selected":false,"tempId":"aco_310","gt_translate_keys":["label"]},{"label":"Spanish","value":"Spanish","selected":false,"tempId":"aco_311","gt_translate_keys":["label"]},{"label":"French","value":"French","selected":false,"tempId":"aco_312","gt_translate_keys":["label"]}],"dropdown_type":"basic","error":false,"gt_translate_keys":["label"],"price_dependency":false,"cl_dependency":false,"value":""}],[{"active":true,"col":6,"relations":false,"cl_rule":"show","enableCl":false,"price":"","enablePrice":false,"className":"","label_position":"default","desc_position":"default","type":"separator","required":false,"elementId":"separator_665e50550df90f","label":"Separator Field","height":"7","separatorType":"blank","error":false,"gt_translate_keys":["label"],"price_dependency":false,"cl_dependency":false,"value":""}],[{"active":true,"col":6,"relations":false,"cl_rule":"show","enableCl":false,"price":"","enablePrice":false,"className":"","label_position":"default","desc_position":"default","type":"text","subtype":"text","required":false,"elementId":"text_565e50550df918","label":"\ud83d\ude8c Pickup Location","name":"text_565e50550df918","value":"","description":"Pick-up service in South Tenerife. Simply provide your address or hotel name.","error":false,"gt_translate_keys":["label","description","value"],"price_dependency":false,"cl_dependency":false}]]}},"config":{"price_override":"always","enable_recaptcha":false,"bind_quantity":false,"quantity_bind_formula":false,"disp_summ_show_option_price":true,"disp_summ_show_product_price":false,"disp_summ_show_total_price":true,"disp_summ_show_fee":true,"disp_summ_show_discount":true,"summary_title":"","options_total_label":"Options Price","total_label":"Total Amount","options_product_label":"Product Price","fee_label":"Fee","discount_label":"Discount","has_price":true,"has_quantity_formula":false},"mc_unit":1,"tax_rate":1,"tax_rate_real":1,"discount":{"percentage":0,"fixed":0},"design":{"conf":{"LabelPosition":"above","DescPosition":"above","UploadField":"custom_1","QuantityFieldStyle":"custom_1"},"css":{"LeftLabelWidth":"120px"}},"formulas":[],"lookuptables":[],"clones":false,"cartKey":false}},"_links":{"self":[{"href":"https:\/\/canaryvip.com\/nb\/wp-json\/wp\/v2\/product\/9623","targetHints":{"allow":["GET"]}}],"collection":[{"href":"https:\/\/canaryvip.com\/nb\/wp-json\/wp\/v2\/product"}],"about":[{"href":"https:\/\/canaryvip.com\/nb\/wp-json\/wp\/v2\/types\/product"}],"replies":[{"embeddable":true,"href":"https:\/\/canaryvip.com\/nb\/wp-json\/wp\/v2\/comments?post=9623"}],"wp:featuredmedia":[{"embeddable":true,"href":"https:\/\/canaryvip.com\/nb\/wp-json\/wp\/v2\/media\/9624"}],"wp:attachment":[{"href":"https:\/\/canaryvip.com\/nb\/wp-json\/wp\/v2\/media?parent=9623"}],"wp:term":[{"taxonomy":"product_brand","embeddable":true,"href":"https:\/\/canaryvip.com\/nb\/wp-json\/wp\/v2\/product_brand?post=9623"},{"taxonomy":"product_cat","embeddable":true,"href":"https:\/\/canaryvip.com\/nb\/wp-json\/wp\/v2\/product_cat?post=9623"},{"taxonomy":"product_tag","embeddable":true,"href":"https:\/\/canaryvip.com\/nb\/wp-json\/wp\/v2\/product_tag?post=9623"}],"curies":[{"name":"wp","href":"https:\/\/api.w.org\/{rel}","templated":true}]}}