{"id":9493,"date":"2024-02-05T22:56:26","date_gmt":"2024-02-05T22:56:26","guid":{"rendered":"https:\/\/canaryvip.com\/?post_type=product&#038;p=9493"},"modified":"2025-08-09T12:59:18","modified_gmt":"2025-08-09T11:59:18","slug":"jungle-park-tickets","status":"publish","type":"product","link":"https:\/\/canaryvip.com\/nb\/shop\/jungle-park-tickets\/","title":{"rendered":"Kj\u00f8p billetter til Jungle Park"},"content":{"rendered":"<h2>\ud83e\udd85 <strong>Jungle Park Tenerife: Et safarieventyr og et paradis for dyrelivet<\/strong><\/h2>\n<p><strong>\u23f0 Utforsk hver dag:<\/strong> Eventyret venter fra kl. 10.00 til 17.30 og byr p\u00e5 en hel dag med utforskning og oppdagelser.<\/p>\n<p>\ud83d\udccd <strong>Safari venter p\u00e5 deg:<\/strong> Oppdag Tenerifes ville side i Chayofas jungelpark, en oppslukende opplevelse som blander dyrehage og botanisk hage i et stort jungellandskap. Planlegg bes\u00f8ket ved \u00e5 <a href=\"https:\/\/maps.app.goo.gl\/K7g47iUPFiKyfYdU9\" target=\"_blank\" rel=\"noopener\">finne parken p\u00e5 Google Maps<\/a>.<\/p>\n<p>\ud83c\udf92 <strong>Grunnleggende om eventyr:<\/strong> Pakk til en dag i jungelen med solkrem, behagelige tursko og ikke glem kameraet for de mange fotomulighetene blant eksotiske dyr og frodig natur.<\/p>\n<p>\ud83d\udca7 <strong>Oppdater og fyll p\u00e5 drivstoff:<\/strong> Inne i parken finner du ulike muligheter til \u00e5 drikke og spise, noe som sikrer en behagelig og hyggelig dag for alle.<\/p>\n<p>\ud83c\udfab <strong>Rask tilgang:<\/strong> Unng\u00e5 ventetiden med forh\u00e5ndskj\u00f8pte CanaryVIP-billetter, som gir raskere inngang for de som er forberedt, sammenlignet med bes\u00f8kende som kj\u00f8per billetter ved ankomst.<\/p>\n<p>\ud83d\ude8c <strong>Skyttelbuss til jungelen:<\/strong> Du kan benytte deg av den kostnadsfrie shuttleservicen som kj\u00f8rer rundt fra S\u00f8r-Tenerife og s\u00f8rger for en direkte og praktisk rute til Jungle Park.<\/p>\n<p>\ud83c\udf1f <strong>CanaryVIP Exclusives:<\/strong> Ved \u00e5 bestille med CanaryVIP sikrer du deg ikke bare adgang, men f\u00e5r ogs\u00e5 tilgang til spesialrabatter, prioritert adgang og mye mer, noe som gj\u00f8r bes\u00f8ket i Jungle Park enda bedre.<\/p>\n<ul>\n<li><strong>\u00d8yeblikkelig besparelse:<\/strong> L\u00e5s opp eksklusive rabatter umiddelbart n\u00e5r du bestiller hos oss.<\/li>\n<li><strong>Mer for mindre:<\/strong> Ta en titt p\u00e5 kombinasjonsbillettene v\u00e5re for enda st\u00f8rre besparelser og dobbelt s\u00e5 mye moro.<\/li>\n<li><strong>Bekymringsfri planlegging:<\/strong> Du kan trygt avbestille inntil 72 timer f\u00f8r det planlagte bes\u00f8ket.<\/li>\n<\/ul>\n<p>\ud83d\udc3e <strong>M\u00f8t dyrestjernene v\u00e5re:<\/strong> Jungle Park huser et mangfoldig dyreliv, fra de lekne orangutangene, gibbonene og kapusinene i primatparadiset til de majestetiske leopardene og jaguarene i storkattreservatet. G\u00e5 heller ikke glipp av pingviner, sj\u00f8l\u00f8ver, surikater, vaskebj\u00f8rner og v\u00e5r imponerende reptilsamling med slanger, skilpadder, krokodiller og kaimaner.<\/p>\n<p>\ud83e\udd9c <strong>H\u00f8ydepunkter fra Showtime:<\/strong> Det daglige sj\u00f8l\u00f8veshowet kl. 13.30 er en morsom opplevelse, mens rovfuglshowet kl. 12.30 viser den utrolige smidigheten til v\u00e5re fj\u00e6rkledde venner, deriblant den praktfulle hav\u00f8rnen. Disse showene er ikke bare underholdende, men ogs\u00e5 l\u00e6rerike og gir et innblikk i livet til disse fantastiske skapningene.<\/p>\n<p>\ud83d\udc68\u200d\ud83d\udc69\u200d\ud83d\udc67\u200d\ud83d\udc66 <strong>Et familieeventyr:<\/strong> Jungle Park tilbyr spennende safarier, rolige turer i naturen og interaktive m\u00f8ter med dyr, perfekt for bes\u00f8kende i alle aldre. Bli med p\u00e5 spesielle turer i parken, eller pr\u00f8v bobsl\u00e6dekj\u00f8ringen gjennom jungelen for ekstra spenning.<\/p>\n<h3>\ud83d\ude8c Gratis henteservice<\/h3>\n<p><strong>S\u00f8ml\u00f8s skyttelforbindelse:<\/strong> Benytt v\u00e5r gratis shuttletjeneste for en stressfri reise fra S\u00f8r-Tenerife til Jungle Park. S\u00f8rg for at eventyret begynner og slutter uten problemer.<\/p>\n<p><strong>Rutetider og returer:<\/strong> Vi henter deg enkelt i Costa Adeje, Playa de Las Am\u00e9ricas og Los Cristianos, slik at du enkelt kan bes\u00f8ke Jungle Park. V\u00e5r gratis daglige busstjeneste bringer deg enkelt frem og tilbake:<\/p>\n<ul>\n<li><a href=\"https:\/\/canaryvip.com\/nb\/shop\/aqualand-tickets\/\">Aqualand<\/a> Costa Adeje: 9:30 | 10:45<\/li>\n<li>H. Labranda Suites Costa Adeje: 9:35 | 10:50<\/li>\n<li>The Duke Shops kj\u00f8pesenter: 9:35 | 10:55<\/li>\n<li>Hotel Sunwing Fa\u00f1ab\u00e9: 9:40 | 11:00<\/li>\n<li>Hotel Allsun Hibiscos: 9.45 | 11.05<\/li>\n<li>Calle Llanos De Troya: 9:50 | 11:35<\/li>\n<li>Bar Leonardo's: 9:55 | 11:40<\/li>\n<li>Hotel Best Tenerife: 10:00 | 11:45<\/li>\n<li>Pasarela kj\u00f8pesenter \"La Pepa\": 10:10 | 11:50<\/li>\n<li>Hotel Sol Arona Tenerife: 10:15 | 11:55<\/li>\n<\/ul>\n<p><strong>Tider for returnering<\/strong>: 16:30 | 17:30.<\/p>\n<p>V\u00e6r oppmerksom p\u00e5 at det er begrenset antall plasser p\u00e5 skyttelbussen, og at det er f\u00f8rst til m\u00f8lla-basis uten forh\u00e5ndsreservasjon.<\/p>\n<h3>\ud83d\udd25 <strong>Bestill n\u00e5 for eksklusive tilbud fra Jungle Park<\/strong><\/h3>\n<p>Fordyp deg i den ville skj\u00f8nnheten i Tenerifes jungelpark med CanaryVIP. Sikre deg de beste tilbudene, f\u00e5 problemfri tilgang og skap uforglemmelige minner i Chayofas frodige omgivelser.<\/p>\n<p>Dykk ned i en verden der dyreliv og eventyr m\u00f8tes i Tenerifes jungelpark, der hver sti f\u00f8rer til oppdagelser og hvert m\u00f8te er en historie som venter p\u00e5 \u00e5 bli fortalt. Bestill reisen i dag og slipp l\u00f8s oppdageren i deg!<\/p>","protected":false},"excerpt":{"rendered":"<p><strong>\ud83d\udd0d Jungle Park Highligts:<\/strong><br \/>\n\u2705 Sikker betaling.<br \/>\n\ud83d\ude80 Hurtiginngang for passinnehavere.<br \/>\n\ud83e\udd85 Adgang til alle forestillinger.<br \/>\n\ud83d\udd59 \u00c5pent fra 10:00 til 17:30.<br \/>\n\ud83e\udd11 Garantert beste pris.<br \/>\n\ud83d\ude8d Gratis skyttelbuss.<br \/>\n\ud83d\udc6a Rabatter for gruppebestillinger.<br \/>\n\ud83d\udd01 Opptil 72 timer Avbestilling.<br \/>\n\ud83c\udf0d St\u00f8tte p\u00e5 flere spr\u00e5k.<br \/>\n\ud83c\udf1f Bestill n\u00e5 og spar penger!<br \/>\n\ud83d\udccd Finn <a href=\"https:\/\/maps.app.goo.gl\/K7g47iUPFiKyfYdU9\">Jungle Park p\u00e5 kart<\/a>.<\/p>","protected":false},"featured_media":9501,"comment_status":"open","ping_status":"closed","template":"","meta":{"_acf_changed":false},"product_brand":[],"product_cat":[54],"product_tag":[],"class_list":{"0":"post-9493","1":"product","2":"type-product","3":"status-publish","4":"has-post-thumbnail","6":"product_cat-theme-parks","7":"wcpa_has_options","9":"first","10":"instock","11":"virtual","12":"purchasable","13":"product-type-simple"},"acf":[],"wcpa_form_fields":{"wcpaData":{"product":{"product_price":35,"price_html":"From&nbsp;<span class=\"woocommerce-Price-amount amount\"><bdi>35,00&nbsp;<span class=\"woocommerce-Price-currencySymbol\">&euro;<\/span><\/bdi><\/span>","original_product_price":35,"price_including_tax":35,"price_excluding_tax":35,"product_id":{"parent":9493,"variation":false},"is_variable":false,"stock_status":"instock","stock_quantity":null,"parent_sku":"CV9493","product_attributes":[],"custom_fields":[],"is_taxable":false,"product_name":"Buy Jungle Park Tickets","hasImage":false},"fields":{"sec_065df48f68f816":{"extra":{"key":"sec_065df48f68f816","section_id":"sec_065df48f68f816","name":"Jungle Park Tickets","status":1,"cl_rule":"show","enableCl":false,"relations":[{"operator":false,"rules":[{"operator":"AND","rules":{"cl_field":"radio-group_665df45fcbc30b","cl_relation":"is","cl_val":"Siam Park Regular Tickets"}}]}],"toggle":true,"title_tag":"h4","show_title":false,"showPrice":"default","form_id":10144,"form_rules":{"exclude_from_discount":true,"fee_label":"Fee","disp_hide_options_price":true,"disp_show_section_price":false,"disp_show_field_price":true,"layout_option":"standard","pric_use_as_fee":false,"process_fee_as":"woo_fee"},"layout_option":"standard"},"fields":[[{"label":"\ud83d\udcc5 Date","active":true,"required":true,"elementId":"date_365df48f68f836","picker_type":"custom","picker_mode":"single","placeholder":"","description":"","tooltip":"","name":"date_365df48f68f836","label_position":"default","desc_position":"default","enablePrice":false,"className":"","enableCl":false,"relations":[{"operator":"and","rules":[{"operator":"AND","rules":{"cl_field":"radio-group_665df45fcbc30b","cl_relation":"is","cl_val":"3 Hour Trip"}}]}],"date_pic_inline":true,"date_pic_inline_hide":true,"min_date":{"type":"days","val":"0"},"max_date":{"type":"days","val":"365"},"date_pic_conf":{"disabledWeeks":[]},"price":"","cl_rule":"show","col":6,"type":"date","error":false,"enableDesign":false,"LabelColor":"","gt_translate_keys":["label","placeholder","description","tooltip"],"price_dependency":false,"cl_dependency":false,"value":""}],[{"elementId":"separator_765df48f68f845","separatorType":"blank","className":"","height":"10","enableCl":false,"relations":false,"cl_rule":"show","col":6,"type":"separator","gt_translate_keys":[],"price_dependency":false,"cl_dependency":false,"value":""}],[{"active":true,"col":6,"relations":false,"cl_rule":"show","enableCl":false,"price":"","enablePrice":false,"className":"","label_position":"default","desc_position":"default","type":"content","required":false,"elementId":"content_265df48f68f851","label":"People","name":"content_265df48f68f851","contentType":"plain","value":"","error":false,"show_in_checkout":true,"inline":false,"gt_translate_keys":["label","value"],"price_dependency":false,"cl_dependency":false}],[{"active":true,"col":6,"relations":[{"operator":false,"rules":[{"operator":"AND","rules":{"cl_field":"","cl_relation":"","cl_val":""}}]}],"cl_rule":"show","enableCl":true,"price":"35","enablePrice":true,"className":"","label_position":"default","desc_position":"default","type":"radio-group","required":false,"elementId":"radio-group_165df48f68f85d","label":"","name":"radio-group_165df48f68f85d","values":[{"label":"\ud83d\udc64 Adult (35\u20ac)","value":"Adult","selected":true,"tempId":"aco_32","tooltip":"+11 Years","description":"","gt_translate_keys":["label","tooltip","description"]}],"layOut":"","error":false,"checkUi":"button","priceOptions":"fixed_for_all","pricingType":"fixed","enable_quantity":true,"quantity_label":"","min_quantity":"0","options_tooltip":true,"options_description":true,"gt_translate_keys":["label","quantity_label"],"price_dependency":false,"cl_dependency":false,"value":""}],[{"label":"","active":true,"required":false,"elementId":"radio-group_265df48f68f868","name":"radio-group_265df48f68f868","label_position":"default","desc_position":"default","enablePrice":true,"className":"","enableCl":false,"relations":false,"enable_quantity":true,"quantity_label":"","min_quantity":"0","checkUi":"button","layOut":"","values":[{"label":"\ud83d\udc66 Child (29\u20ac)","value":"Child","selected":true,"tempId":"aco_32","tooltip":"5-10 Years","description":"","gt_translate_keys":["label","tooltip","description"]}],"priceOptions":"fixed_for_all","pricingType":"fixed","price":"29","cl_rule":"show","col":6,"type":"radio-group","error":false,"options_tooltip":true,"options_description":true,"gt_translate_keys":["label","quantity_label"],"price_dependency":false,"cl_dependency":false,"value":""}],[{"label":"","active":true,"required":false,"elementId":"radio-group_1065df48f68f873","name":"radio-group_1065df48f68f873","label_position":"default","desc_position":"default","enablePrice":true,"className":"","enableCl":false,"relations":false,"enable_quantity":true,"quantity_label":"","min_quantity":"0","checkUi":"button","layOut":"","values":[{"label":"\ud83d\udc76 Toddler (16\u20ac)","value":"Toddler","selected":true,"tempId":"aco_32","tooltip":"3-4 Years","gt_translate_keys":["label","tooltip"]}],"priceOptions":"fixed_for_all","pricingType":"fixed","price":"16","cl_rule":"show","col":6,"type":"radio-group","error":false,"options_tooltip":true,"gt_translate_keys":["label","quantity_label"],"price_dependency":false,"cl_dependency":false,"value":""}]]}},"config":{"price_override":"always","enable_recaptcha":false,"bind_quantity":false,"quantity_bind_formula":false,"disp_summ_show_option_price":true,"disp_summ_show_product_price":false,"disp_summ_show_total_price":true,"disp_summ_show_fee":true,"disp_summ_show_discount":true,"summary_title":"","options_total_label":"Options Price","total_label":"Total Amount","options_product_label":"Product Price","fee_label":"Fee","discount_label":"Discount","has_price":true,"has_quantity_formula":false},"mc_unit":1,"tax_rate":1,"tax_rate_real":1,"discount":{"percentage":0,"fixed":0},"design":{"conf":{"LabelPosition":"above","DescPosition":"above","UploadField":"custom_1","QuantityFieldStyle":"custom_1"},"css":{"LeftLabelWidth":"120px"}},"formulas":[],"lookuptables":[],"clones":false,"cartKey":false}},"_links":{"self":[{"href":"https:\/\/canaryvip.com\/nb\/wp-json\/wp\/v2\/product\/9493","targetHints":{"allow":["GET"]}}],"collection":[{"href":"https:\/\/canaryvip.com\/nb\/wp-json\/wp\/v2\/product"}],"about":[{"href":"https:\/\/canaryvip.com\/nb\/wp-json\/wp\/v2\/types\/product"}],"replies":[{"embeddable":true,"href":"https:\/\/canaryvip.com\/nb\/wp-json\/wp\/v2\/comments?post=9493"}],"wp:featuredmedia":[{"embeddable":true,"href":"https:\/\/canaryvip.com\/nb\/wp-json\/wp\/v2\/media\/9501"}],"wp:attachment":[{"href":"https:\/\/canaryvip.com\/nb\/wp-json\/wp\/v2\/media?parent=9493"}],"wp:term":[{"taxonomy":"product_brand","embeddable":true,"href":"https:\/\/canaryvip.com\/nb\/wp-json\/wp\/v2\/product_brand?post=9493"},{"taxonomy":"product_cat","embeddable":true,"href":"https:\/\/canaryvip.com\/nb\/wp-json\/wp\/v2\/product_cat?post=9493"},{"taxonomy":"product_tag","embeddable":true,"href":"https:\/\/canaryvip.com\/nb\/wp-json\/wp\/v2\/product_tag?post=9493"}],"curies":[{"name":"wp","href":"https:\/\/api.w.org\/{rel}","templated":true}]}}