{"id":9488,"date":"2024-02-05T21:54:37","date_gmt":"2024-02-05T21:54:37","guid":{"rendered":"https:\/\/canaryvip.com\/?post_type=product&#038;p=9488"},"modified":"2025-08-09T13:00:03","modified_gmt":"2025-08-09T12:00:03","slug":"aqualand-tickets","status":"publish","type":"product","link":"https:\/\/canaryvip.com\/nb\/shop\/aqualand-tickets\/","title":{"rendered":"Kj\u00f8p Aqualand-billetter"},"content":{"rendered":"<h2>\ud83c\udf0a <strong>Aqualand Costa Adeje: Dykk ned i moro og eventyr!<\/strong><\/h2>\n<ul>\n<li><strong>\u00c5pent hver dag:<\/strong> Plask og lek fra kl. 10.00 til 17.00, noe som sikrer en dag full av moro og spenning.<\/li>\n<li><strong>Praktisk beliggenhet:<\/strong> Aqualand ligger i det pulserende omr\u00e5det Costa Adeje og lover en lett tilgjengelig dagstur for alle.<\/li>\n<li><strong>Billettfleksibilitet:<\/strong> Eventyret venter, og billettene er gyldige i 90 dager etter at du har kj\u00f8pt dem, slik at du kan velge den perfekte dagen for bes\u00f8ket.<\/li>\n<\/ul>\n<p>\ud83d\udccd <strong>Prime Spot:<\/strong> Aqualand ligger i det travle ferieomr\u00e5det Costa Adeje, et viktig reisem\u00e5l for badelandsentusiaster.<br \/>\nFor veibeskrivelse, uten problemer <a href=\"https:\/\/maps.app.goo.gl\/A5TcFcUtHUGD1ykJ7\" target=\"_blank\" rel=\"noopener\">Finn Aqualand p\u00e5 Google Maps<\/a> og planlegg en fantastisk plaskedag p\u00e5 forh\u00e5nd.<\/p>\n<p>\ud83c\udf92 <strong>Forbered deg p\u00e5 eventyr:<\/strong> Husk solkrem, badet\u00f8y og h\u00e5ndkle for en dag med solfylt moro. Du kan leie skap for \u00e5 oppbevare eiendelene dine trygt.<\/p>\n<p>\ud83d\udca7 <strong>Drikkestasjon:<\/strong> Ta med vann for \u00e5 holde deg hydrert i solen, og det finnes mat- og drikkemuligheter inne i parken.<\/p>\n<p>\ud83c\udfab <strong>S\u00f8ml\u00f8s inngang:<\/strong> Med CanaryVIP-billetter slipper du \u00e5 st\u00e5 i k\u00f8 for \u00e5 kj\u00f8pe billett p\u00e5 stedet og f\u00e5r raskere adgang. Med forh\u00e5ndskj\u00f8pte billetter er det enkelt \u00e5 komme i gang med Aqualand-eventyret.<\/p>\n<p>\ud83d\ude8c <strong>Gratis transport til Aqualand:<\/strong> Benytt deg av Aqualands eksklusive gratis shuttleservice for enkel transport fra ulike steder p\u00e5 S\u00f8r-Tenerife.<\/p>\n<p>\ud83c\udf1f <strong>Eksklusive CanaryVIP-fordeler:<\/strong> F\u00e5 spesielle rabatter og fordeler n\u00e5r du bestiller Aqualand-billetter hos oss! B\u00e5de voksne og barn kan glede seg til en dag med moro uten sidestykke til konkurransedyktige priser.<\/p>\n<ul>\n<li><strong>\u00d8yeblikkelige rabatter:<\/strong> Sikre billettene dine gjennom CanaryVIP og spar penger med en gang.<\/li>\n<li><strong>Prioritert tilgang:<\/strong> G\u00e5 utenom k\u00f8ene og kast deg rett inn i handlingen.<\/li>\n<li><strong>Prisgunstige tilbud:<\/strong> Hold utkikk etter v\u00e5re kombinasjonstilbud med <a href=\"https:\/\/canaryvip.com\/nb\/shop\/aqualand-jungle-park-2park\/\">Aqualand og Jungle Park<\/a>og maksimerer moroa samtidig som du sparer penger.<\/li>\n<li><strong>Fleksibel avbestilling:<\/strong> Endrede planer? Du kan avbestille inntil 72 timer f\u00f8r bes\u00f8ket og f\u00e5 full refusjon.<\/li>\n<\/ul>\n<p>\ud83d\udc2c <strong>Delfin-showet du bare m\u00e5 se:<\/strong> G\u00e5 ikke glipp av de fengslende delfinforestillingene kl. 15.30 hver dag, som er gratis inkludert i inngangsbilletten til parken.<\/p>\n<p>\ud83d\udc6a <strong>Familievennlig moro:<\/strong> Aqualand byr p\u00e5 en perfekt blanding av spennende sklier for de adrenalins\u00f8kende og rolige lekeomr\u00e5der for de minste, noe som sikrer en minneverdig dag for hele familien.<\/p>\n<h2>\ud83d\ude8c Eksklusiv Aqualand Shuttle Service<\/h2>\n<p><strong>S\u00f8ml\u00f8s Shuttle-opplevelse:<\/strong> Gj\u00f8r Aqualand-bes\u00f8ket enda bedre med v\u00e5r gratis shuttleservice, som s\u00f8rger for en stressfri reise til parken. Nyt den enkle gratisbussen v\u00e5r, som s\u00f8ml\u00f8st forbinder Los Cristianos, Playa De las Am\u00e9ricas og Costa Adeje og s\u00f8rger for en uanstrengt opplevelse.<\/p>\n<p><span style=\"text-decoration: underline;\"><strong>Gratis skyttelbuss med rutetider:<\/strong><\/span><\/p>\n<ul>\n<li><strong>Ruter:<\/strong> Los Cristianos - Playa De las Am\u00e9ricas - Costa Adeje<\/li>\n<li><strong>Bussholdeplasser og -tider:<\/strong>\n<ul>\n<li>Pasarela kj\u00f8pesenter: 9:30 | 10:30 | 11:30<\/li>\n<li>Hotel Sol Arona Tenerife: 9:35 | 10:35 | 11:35<\/li>\n<li>Hotel Best Tenerife: 9.40 | 10.40 | 11.40<\/li>\n<li>Bar Leonardo's: 9:45 | 10:45 | 11:45<\/li>\n<li>Llanos de Troya Street: 9:50 | 10:50 | 11:50<\/li>\n<li>H. Labranda Suites Costa Adeje: 10:05 | 11:05 | 12:05<\/li>\n<li>Duke Shops kj\u00f8pesenter: 10:05 | 11:05 | 12:05<\/li>\n<li>Hotel Sunwing Fa\u00f1ab\u00e9: 10.10 | 11.10 | 12.10<\/li>\n<\/ul>\n<\/li>\n<\/ul>\n<p><strong>Tidspunkt for retur:<\/strong> 16:30 og 17:15.<\/p>\n<p>V\u00e6r oppmerksom p\u00e5 at det er et begrenset antall plasser p\u00e5 hver shuttletur, og at de fylles opp etter f\u00f8rst-til-m\u00f8lla-prinsippet uten forh\u00e5ndsreservasjon. S\u00f8rg for en problemfri start og avslutning p\u00e5 Aqualand-eventyret ved \u00e5 komme tidlig til det angitte hentestedet.<\/p>\n<h3>\ud83d\udd25 <strong>Ikke g\u00e5 glipp av noe: Eksklusive tilbud p\u00e5 CanaryVIP.com<\/strong><\/h3>\n<p>Er du klar for en spennende dag p\u00e5 Aqualand Costa Adeje?<\/p>\n<p>Bok med <strong>CanaryVIP<\/strong> for de beste prisene og en problemfri opplevelse, komplett med spesialtilbud og vennlige avbestillingsregler. Sl\u00e5 deg l\u00f8s og skap uforglemmelige minner!<\/p>","protected":false},"excerpt":{"rendered":"<p><strong>\ud83d\udd0d Adgangskort til Aqualand:<\/strong><br \/>\n\u2705 Sikker betaling.<br \/>\n\ud83d\ude80 Hurtiginngang for passinnehavere.<br \/>\n\ud83c\udf0a Tilgang til alle spennende attraksjoner.<br \/>\n\ud83d\udc2c Inkludert delfinshow.<br \/>\n\ud83d\udd59 \u00c5pent fra kl. 10.00 til 17.00.<br \/>\n\ud83e\udd11 Garantert beste pris.<br \/>\n\ud83d\ude8d Gratis skyttelbuss.<br \/>\n\ud83d\udc6a Rabatter for gruppebestillinger.<br \/>\n\ud83d\udd01 Opptil 72 timer Avbestilling.<br \/>\n\ud83c\udf0d St\u00f8tte p\u00e5 flere spr\u00e5k.<br \/>\n\ud83c\udf1f Bestill n\u00e5 og spar penger!<br \/>\n\ud83d\udccd Finn <a href=\"https:\/\/maps.app.goo.gl\/A5TcFcUtHUGD1ykJ7\">Aqualand p\u00e5 kart<\/a>.<\/p>","protected":false},"featured_media":9492,"comment_status":"open","ping_status":"closed","template":"","meta":{"_acf_changed":false},"product_brand":[],"product_cat":[54],"product_tag":[],"class_list":{"0":"post-9488","1":"product","2":"type-product","3":"status-publish","4":"has-post-thumbnail","6":"product_cat-theme-parks","7":"wcpa_has_options","9":"first","10":"instock","11":"virtual","12":"purchasable","13":"product-type-simple"},"acf":[],"wcpa_form_fields":{"wcpaData":{"product":{"product_price":36,"price_html":"From&nbsp;<span class=\"woocommerce-Price-amount amount\"><bdi>36,00&nbsp;<span class=\"woocommerce-Price-currencySymbol\">&euro;<\/span><\/bdi><\/span>","original_product_price":36,"price_including_tax":36,"price_excluding_tax":36,"product_id":{"parent":9488,"variation":false},"is_variable":false,"stock_status":"instock","stock_quantity":null,"parent_sku":"CV9488","product_attributes":[],"custom_fields":[],"is_taxable":false,"product_name":"Buy Aqualand Tickets","hasImage":false},"fields":{"sec_665df45fcbc30e":{"extra":{"key":"sec_665df45fcbc30e","section_id":"sec_665df45fcbc30e","name":"Aqualand Tickets","status":1,"cl_rule":"show","enableCl":false,"relations":[{"operator":false,"rules":[{"operator":"AND","rules":{"cl_field":"radio-group_665df45fcbc30b","cl_relation":"is","cl_val":"Siam Park Regular Tickets"}}]}],"toggle":true,"title_tag":"h4","show_title":false,"showPrice":"default","form_id":10143,"form_rules":{"exclude_from_discount":true,"fee_label":"Fee","disp_hide_options_price":true,"disp_show_section_price":false,"disp_show_field_price":true,"layout_option":"standard","pric_use_as_fee":false,"process_fee_as":"woo_fee"},"layout_option":"standard"},"fields":[[{"label":"\ud83d\udcc5 Date","active":true,"required":true,"elementId":"date_365df45fcbc347","picker_type":"custom","picker_mode":"single","placeholder":"","description":"","tooltip":"","name":"date_365df45fcbc347","label_position":"default","desc_position":"default","enablePrice":false,"className":"","enableCl":false,"relations":[{"operator":"and","rules":[{"operator":"AND","rules":{"cl_field":"radio-group_665df45fcbc30b","cl_relation":"is","cl_val":"3 Hour Trip"}}]}],"date_pic_inline":true,"date_pic_inline_hide":true,"min_date":{"type":"days","val":"0"},"max_date":{"type":"days","val":"365"},"date_pic_conf":{"disabledWeeks":[]},"price":"","cl_rule":"show","col":6,"type":"date","error":false,"enableDesign":false,"LabelColor":"","gt_translate_keys":["label","placeholder","description","tooltip"],"price_dependency":false,"cl_dependency":false,"value":""}],[{"elementId":"separator_865df45fcbc360","separatorType":"blank","className":"","height":"10","enableCl":false,"relations":false,"cl_rule":"show","col":6,"type":"separator","gt_translate_keys":[],"price_dependency":false,"cl_dependency":false,"value":""}],[{"active":true,"col":6,"relations":false,"cl_rule":"show","enableCl":false,"price":"","enablePrice":false,"className":"","label_position":"default","desc_position":"default","type":"content","required":false,"elementId":"content_265df45fcbc377","label":"People","name":"content_265df45fcbc377","contentType":"plain","value":"","error":false,"show_in_checkout":true,"inline":false,"gt_translate_keys":["label","value"],"price_dependency":false,"cl_dependency":false}],[{"active":true,"col":6,"relations":[{"operator":false,"rules":[{"operator":"AND","rules":{"cl_field":"","cl_relation":"","cl_val":""}}]}],"cl_rule":"show","enableCl":true,"price":"36","enablePrice":true,"className":"","label_position":"default","desc_position":"default","type":"radio-group","required":false,"elementId":"radio-group_365df45fcbc390","label":"","name":"radio-group_365df45fcbc390","values":[{"label":"\ud83d\udc64 Adult (36\u20ac)","value":"Adult","selected":true,"tempId":"aco_32","tooltip":"+11 Years","description":"","gt_translate_keys":["label","tooltip","description"]}],"layOut":"","error":false,"checkUi":"button","priceOptions":"fixed_for_all","pricingType":"fixed","enable_quantity":true,"quantity_label":"","min_quantity":"0","options_tooltip":true,"options_description":true,"gt_translate_keys":["label","quantity_label"],"price_dependency":false,"cl_dependency":false,"value":""}],[{"label":"","active":true,"required":false,"elementId":"radio-group_565df45fcbc3a8","name":"radio-group_565df45fcbc3a8","label_position":"default","desc_position":"default","enablePrice":true,"className":"","enableCl":false,"relations":false,"enable_quantity":true,"quantity_label":"","min_quantity":"0","checkUi":"button","layOut":"","values":[{"label":"\ud83d\udc66 Child (29\u20ac)","value":"Child","selected":true,"tempId":"aco_32","tooltip":"5-10 Years","description":"","gt_translate_keys":["label","tooltip","description"]}],"priceOptions":"fixed_for_all","pricingType":"fixed","price":"29","cl_rule":"show","col":6,"type":"radio-group","error":false,"options_tooltip":true,"options_description":true,"gt_translate_keys":["label","quantity_label"],"price_dependency":false,"cl_dependency":false,"value":""}],[{"label":"","active":true,"required":false,"elementId":"radio-group_865df45fcbc3bf","name":"radio-group_865df45fcbc3bf","label_position":"default","desc_position":"default","enablePrice":true,"className":"","enableCl":false,"relations":false,"enable_quantity":true,"quantity_label":"","min_quantity":"0","checkUi":"button","layOut":"","values":[{"label":"\ud83d\udc76 Toddler (16\u20ac)","value":"Toddler","selected":true,"tempId":"aco_32","tooltip":"3-4 Years","gt_translate_keys":["label","tooltip"]}],"priceOptions":"fixed_for_all","pricingType":"fixed","price":"16","cl_rule":"show","col":6,"type":"radio-group","error":false,"options_tooltip":true,"gt_translate_keys":["label","quantity_label"],"price_dependency":false,"cl_dependency":false,"value":""}]]}},"config":{"price_override":"always","enable_recaptcha":false,"bind_quantity":false,"quantity_bind_formula":false,"disp_summ_show_option_price":true,"disp_summ_show_product_price":false,"disp_summ_show_total_price":true,"disp_summ_show_fee":true,"disp_summ_show_discount":true,"summary_title":"","options_total_label":"Options Price","total_label":"Total Amount","options_product_label":"Product Price","fee_label":"Fee","discount_label":"Discount","has_price":true,"has_quantity_formula":false},"mc_unit":1,"tax_rate":1,"tax_rate_real":1,"discount":{"percentage":0,"fixed":0},"design":{"conf":{"LabelPosition":"above","DescPosition":"above","UploadField":"custom_1","QuantityFieldStyle":"custom_1"},"css":{"LeftLabelWidth":"120px"}},"formulas":[],"lookuptables":[],"clones":false,"cartKey":false}},"_links":{"self":[{"href":"https:\/\/canaryvip.com\/nb\/wp-json\/wp\/v2\/product\/9488","targetHints":{"allow":["GET"]}}],"collection":[{"href":"https:\/\/canaryvip.com\/nb\/wp-json\/wp\/v2\/product"}],"about":[{"href":"https:\/\/canaryvip.com\/nb\/wp-json\/wp\/v2\/types\/product"}],"replies":[{"embeddable":true,"href":"https:\/\/canaryvip.com\/nb\/wp-json\/wp\/v2\/comments?post=9488"}],"wp:featuredmedia":[{"embeddable":true,"href":"https:\/\/canaryvip.com\/nb\/wp-json\/wp\/v2\/media\/9492"}],"wp:attachment":[{"href":"https:\/\/canaryvip.com\/nb\/wp-json\/wp\/v2\/media?parent=9488"}],"wp:term":[{"taxonomy":"product_brand","embeddable":true,"href":"https:\/\/canaryvip.com\/nb\/wp-json\/wp\/v2\/product_brand?post=9488"},{"taxonomy":"product_cat","embeddable":true,"href":"https:\/\/canaryvip.com\/nb\/wp-json\/wp\/v2\/product_cat?post=9488"},{"taxonomy":"product_tag","embeddable":true,"href":"https:\/\/canaryvip.com\/nb\/wp-json\/wp\/v2\/product_tag?post=9488"}],"curies":[{"name":"wp","href":"https:\/\/api.w.org\/{rel}","templated":true}]}}