{"id":9428,"date":"2024-02-05T13:40:56","date_gmt":"2024-02-05T13:40:56","guid":{"rendered":"https:\/\/canaryvip.com\/?post_type=product&#038;p=9428"},"modified":"2025-08-09T13:01:57","modified_gmt":"2025-08-09T12:01:57","slug":"gran-canaria-experience-with-poema-del-mar","status":"publish","type":"product","link":"https:\/\/canaryvip.com\/nb\/shop\/gran-canaria-experience-with-poema-del-mar\/","title":{"rendered":"Guidet tur p\u00e5 Gran Canaria med Poema del Mar fra Tenerife"},"content":{"rendered":"<h2>\ud83d\udc20 <strong>Opplevelse p\u00e5 Gran Canaria: En hel dag p\u00e5 oppdagelsesferd<\/strong><\/h2>\n<ul>\n<li><strong>\ud83c\udfe8 Henting og levering p\u00e5 hotellet:<\/strong> Begynn og avslutt dagen bekvemt. Tjenesten inkluderer transport fra hotellet til fergen og tilbake.<\/li>\n<li><strong>\ud83d\udea2 Fergetur:<\/strong> Reis komfortabelt med Fred Olsen fra Santa Cruz de Tenerife til <a href=\"https:\/\/www.google.com\/maps\/place\/Fred.+Olsen\/@28.0998592,-15.708991,15.51z\/data=!4m15!1m8!3m7!1s0xc408b65894cde91:0x2a021e37bef00582!2sAgaete,+Las+Palmas!3b1!8m2!3d28.1002592!4d-15.6996738!16zL20vMDNtczVu!3m5!1s0xc4095471a4e3083:0x7763d59b2d7b3eaf!8m2!3d28.0994937!4d-15.7121943!16s%2Fg%2F1q5bmfyx3?entry=ttu\" target=\"_blank\" rel=\"noopener\">Agaete<\/a>og oppleve havets skj\u00f8nnhet.<\/li>\n<li><strong>\ud83c\udf79 Arehucas Distillery Discovery:<\/strong> Avsl\u00f8r hemmelighetene bak den uts\u00f8kte romproduksjonen, bes\u00f8k en av Europas eldste romkjellere og nyt en herlig smaksopplevelse.<\/li>\n<li><strong>\ud83d\udc20 Dykk ned i Poema del Mar:<\/strong> Utforsk det enorme marine livet i et topp moderne akvarium med verdens st\u00f8rste buede visningspanel i det pulserende Las Palmas.<\/li>\n<\/ul>\n<p>\ud83d\udccd <strong>Steder du bare m\u00e5 bes\u00f8ke:<\/strong> Reis fra Arehucas' rike kulturarv til Poema del Mar, som byr p\u00e5 et unikt innblikk i Gran Canarias kultur og naturskj\u00f8nnhet.<\/p>\n<p>\ud83c\udf92 <strong>Grunnleggende om eventyr:<\/strong> Ta med forundringssansen, behagelige tursko og ikke glem kameraet for \u00e5 forevige dagens minneverdige \u00f8yeblikk.<\/p>\n<p>\ud83d\udca1 <strong>Kulturell innsikt:<\/strong> F\u00e5 fascinerende kunnskap om kunsten \u00e5 lage rom og beundre det biologiske mangfoldet i Poema del Mars moderne utstillinger.<\/p>\n<p>\ud83c\udfab <strong>Eventyr med alt inkludert:<\/strong> Denne heldagsutflukten inkluderer henting og bringing p\u00e5 hotellet, Fred Olsen-ferge, inngang til Poema del Mar og en guidet tur til fots i <a href=\"https:\/\/www.google.com\/maps\/place\/Vegueta,+35001+Las+Palmas+de+Gran+Canaria,+Las+Palmas\/@28.0980197,-15.4181459,17z\/data=!3m1!4b1!4m6!3m5!1s0xc40958cfffd3b6f:0x14a4665fe84d3b40!8m2!3d28.0980197!4d-15.415571!16s%2Fg%2F11bzq2sgf3?entry=ttu\" target=\"_blank\" rel=\"noopener\">Veguetas historiske bydel<\/a>. <span style=\"text-decoration: underline;\">V\u00e6r oppmerksom p\u00e5 at m\u00e5ltider ikke er inkludert, slik at du kan spise etter eget \u00f8nske.<\/span><\/p>\n<p>\ud83d\udeb6\u200d\u2642\ufe0f<strong>Historisk Vegueta til fots:<\/strong> Avslutt dagen med en guidet spasertur gjennom de sjarmerende gatene i Vegueta, der du kan fordype deg i den rike historien og den fantastiske arkitekturen i Gran Canarias gamleby.<\/p>\n<p>\ud83d\udd57 <strong>Start- og sluttidspunkt:<\/strong> Heldagseventyret begynner med at dere blir hentet p\u00e5 hotellet rundt kl. 08.00 - pluss minus noen minutter, avhengig av hvilket hotell dere bor p\u00e5 eller hvor dere blir hentet. Dagen avsluttes med avlevering rundt kl. 20.30, ogs\u00e5 her litt avhengig av hvilket hotell du bor p\u00e5. Vi s\u00f8rger for en hel dag med utforskning og forn\u00f8yelser, og tar oss av alle detaljer slik at du kan fordype deg i opplevelsen uten bekymringer.<\/p>\n<p>\ud83c\udf1f <strong>Eksklusive CanaryVIP-fordeler:<\/strong> Opplev en innholdsrik dag til en konkurransedyktig pris, med alle viktige opplevelser inkludert. Du kan stole p\u00e5 at vi s\u00f8rger for en s\u00f8ml\u00f8s opplevelse, og at vi f\u00f8lger deg fra start til slutt.<\/p>\n<p><strong>\ud83d\udd17 Klar for et eventyr?<\/strong> Ikke g\u00e5 glipp av denne omfattende <a href=\"https:\/\/canaryvip.com\/nb\/tenerife\/guided-tours\/bus-tours\/?swcfpc=1\">guidet busstur<\/a> p\u00e5 Gran Canaria, fra de historiske dypene i Arehucas-destilleriet til naturpraktene i Poema del Mar. Sikre deg plass n\u00e5 for en dag full av utforskning og fortryllelse!<\/p>","protected":false},"excerpt":{"rendered":"<p><strong>\ud83d\udd0d Gran Canaria Experience:<\/strong><br \/>\n\u2705 Sikker betaling.<br \/>\n\ud83d\udcc5 Hver fredag.<br \/>\n\ud83d\udef3\ufe0f Avreise fra Tenerife.<br \/>\n\ud83d\ude80 F\u00e5 en guidet omvisning.<br \/>\n\ud83d\udc20 Oppdag Poema del Mar.<br \/>\n\ud83e\udd43 Opplev Arehucas-destilleriet.<br \/>\n\ud83c\udff0 Utforsk den historiske byen Vegueta.<br \/>\n\ud83d\udd59 12 timers heldagsopplevelse.<br \/>\n\ud83e\udd11 Garantert beste pris.<br \/>\n\ud83d\ude8c Henting og levering p\u00e5 hotellet.<br \/>\n\ud83d\udc6a Rabatter for gruppebestillinger.<br \/>\n\ud83d\udd01 Gratis avbestilling i opptil 72 timer.<br \/>\n\ud83c\udf0d St\u00f8tte for flere spr\u00e5k.<br \/>\n\ud83c\udf1f Bestill n\u00e5 og spar penger!<br \/>\n\ud83d\udccd Finn <a href=\"https:\/\/maps.app.goo.gl\/FMkYHCdfK35bQLag9\">Poema del Mar p\u00e5 kart<\/a>!<\/p>","protected":false},"featured_media":9433,"comment_status":"open","ping_status":"closed","template":"","meta":{"_acf_changed":false},"product_brand":[],"product_cat":[68,52],"product_tag":[],"class_list":{"0":"post-9428","1":"product","2":"type-product","3":"status-publish","4":"has-post-thumbnail","6":"product_cat-guided-tours","7":"product_cat-bus-tours","8":"wcpa_has_options","10":"first","11":"instock","12":"virtual","13":"purchasable","14":"product-type-simple"},"acf":[],"wcpa_form_fields":{"wcpaData":{"product":{"product_price":125,"price_html":"From&nbsp;<span class=\"woocommerce-Price-amount amount\"><bdi>125,00&nbsp;<span class=\"woocommerce-Price-currencySymbol\">&euro;<\/span><\/bdi><\/span>","original_product_price":125,"price_including_tax":125,"price_excluding_tax":125,"product_id":{"parent":9428,"variation":false},"is_variable":false,"stock_status":"instock","stock_quantity":null,"parent_sku":"CV9428","product_attributes":[],"custom_fields":[],"is_taxable":false,"product_name":"Gran Canaria Guided Tour with Poema del Mar from Tenerife","hasImage":false},"fields":{"sec_465e4c52d01ea2":{"extra":{"key":"sec_465e4c52d01ea2","section_id":"sec_465e4c52d01ea2","name":"Tickets","status":1,"cl_rule":"show","enableCl":false,"relations":[{"operator":false,"rules":[{"operator":"AND","rules":{"cl_field":"radio-group_665df45fcbc30b","cl_relation":"is","cl_val":"Siam Park Regular Tickets"}}]}],"toggle":true,"title_tag":"h4","show_title":false,"showPrice":"default","form_id":10213,"form_rules":{"exclude_from_discount":true,"fee_label":"Fee","disp_hide_options_price":true,"disp_show_section_price":false,"disp_show_field_price":true,"layout_option":"standard","pric_use_as_fee":false,"process_fee_as":"woo_fee"},"layout_option":"standard"},"fields":[[{"label":"\ud83d\udcc5 Date","active":true,"required":true,"elementId":"date_865e4c52d01ec0","picker_type":"custom","picker_mode":"single","placeholder":"","description":"","tooltip":"","name":"date_865e4c52d01ec0","label_position":"default","desc_position":"default","enablePrice":false,"className":"","enableCl":false,"relations":[{"operator":"and","rules":[{"operator":"AND","rules":{"cl_field":"radio-group_665df45fcbc30b","cl_relation":"is","cl_val":"3 Hour Trip"}}]}],"date_pic_inline":true,"date_pic_inline_hide":true,"min_date":{"type":"days","val":"2"},"max_date":{"type":"days","val":"365"},"date_pic_conf":{"disabledWeeks":[0,1,2,3,4,6]},"price":"","cl_rule":"show","col":6,"type":"date","error":false,"enableDesign":false,"LabelColor":"","gt_translate_keys":["label","placeholder","description","tooltip"],"price_dependency":false,"cl_dependency":false,"value":""}],[{"elementId":"separator_665e4c52d01ece","separatorType":"blank","className":"","height":"10","enableCl":false,"relations":false,"cl_rule":"show","col":6,"type":"separator","gt_translate_keys":[],"price_dependency":false,"cl_dependency":false,"value":""}],[{"active":true,"col":6,"relations":false,"cl_rule":"show","enableCl":false,"price":"","enablePrice":false,"className":"","label_position":"default","desc_position":"default","type":"content","required":false,"elementId":"content_765e4c52d01eda","label":"People","name":"content_765e4c52d01eda","contentType":"plain","value":"","error":false,"show_in_checkout":true,"inline":false,"gt_translate_keys":["label","value"],"price_dependency":false,"cl_dependency":false}],[{"active":true,"col":6,"relations":[{"operator":false,"rules":[{"operator":"AND","rules":{"cl_field":"","cl_relation":"","cl_val":""}}]}],"cl_rule":"show","enableCl":false,"price":"130","enablePrice":true,"className":"","label_position":"default","desc_position":"default","type":"radio-group","required":false,"elementId":"radio-group_065e4c52d01ee6","label":"","name":"radio-group_065e4c52d01ee6","values":[{"label":"\ud83d\udc64 Adult (130\u20ac)","value":"Adult","selected":true,"tempId":"aco_32","tooltip":"+12 Years","description":"","gt_translate_keys":["label","tooltip","description"]}],"layOut":"","error":false,"checkUi":"button","priceOptions":"fixed_for_all","pricingType":"fixed","enable_quantity":true,"quantity_label":"","min_quantity":"0","options_tooltip":true,"options_description":true,"isWeightTemplate":false,"isTemplate":false,"quantity_decimal":false,"quantity_step":"1","repeater_field_label":"{field_label}","repeater_bind":"","gt_translate_keys":["label","repeater_field_label","quantity_label"],"price_dependency":false,"cl_dependency":false,"value":""}],[{"label":"","active":true,"required":false,"elementId":"radio-group_665e4c52d01ef1","name":"radio-group_665e4c52d01ef1","label_position":"default","desc_position":"default","enablePrice":true,"className":"","enableCl":false,"relations":false,"enable_quantity":true,"quantity_label":"","min_quantity":"0","checkUi":"button","layOut":"","values":[{"label":"\ud83d\udc66 Child (30\u20ac)","value":"Child","selected":true,"tempId":"aco_32","tooltip":"3-11 Years","description":"","gt_translate_keys":["label","tooltip","description"]}],"priceOptions":"fixed_for_all","pricingType":"fixed","price":"30","cl_rule":"show","col":6,"type":"radio-group","error":false,"options_tooltip":true,"options_description":true,"isWeightTemplate":false,"isTemplate":false,"quantity_decimal":false,"quantity_step":"1","repeater_field_label":"{field_label}","repeater_bind":"","gt_translate_keys":["label","repeater_field_label","quantity_label"],"price_dependency":false,"cl_dependency":false,"value":""}],[{"label":"","active":true,"required":false,"elementId":"radio-group_1065e4c52d01efb","name":"radio-group_1065e4c52d01efb","label_position":"default","desc_position":"default","enablePrice":true,"className":"","enableCl":false,"relations":false,"enable_quantity":true,"quantity_label":"","min_quantity":"0","checkUi":"button","layOut":"","options_tooltip":true,"options_description":true,"values":[{"label":"\ud83d\udc76 Toddler (20\u20ac)","value":"Toddler","selected":true,"tempId":"aco_32","tooltip":"0-2 Years","description":"","gt_translate_keys":["label","tooltip","description"]}],"priceOptions":"fixed_for_all","pricingType":"fixed","price":"20","cl_rule":"show","col":6,"type":"radio-group","error":false,"isWeightTemplate":false,"isTemplate":false,"quantity_decimal":false,"quantity_step":"1","repeater_field_label":"{field_label}","repeater_bind":"","gt_translate_keys":["label","repeater_field_label","quantity_label"],"price_dependency":false,"cl_dependency":false,"value":""}],[{"active":true,"col":6,"relations":false,"cl_rule":"show","enableCl":false,"price":"","enablePrice":false,"className":"","label_position":"default","desc_position":"default","type":"select","required":false,"elementId":"select_565e4c52d01f05","label":"\ud83c\udf0e Language","name":"select_565e4c52d01f05","values":[{"label":"English","value":"English","selected":false,"tempId":"aco_1213","gt_translate_keys":["label"]},{"label":"German","value":"German","selected":false,"tempId":"aco_302","gt_translate_keys":["label"]},{"label":"Spanish","value":"Spanish","selected":false,"tempId":"aco_312","gt_translate_keys":["label"]}],"dropdown_type":"basic","error":false,"gt_translate_keys":["label"],"price_dependency":false,"cl_dependency":false,"value":""}],[{"active":true,"col":6,"relations":false,"cl_rule":"show","enableCl":false,"price":"","enablePrice":false,"className":"","label_position":"default","desc_position":"default","type":"separator","required":false,"elementId":"separator_865e4c52d01f0f","label":"Separator Field","height":"7","separatorType":"blank","error":false,"gt_translate_keys":["label"],"price_dependency":false,"cl_dependency":false,"value":""}],[{"active":true,"col":6,"relations":false,"cl_rule":"show","enableCl":false,"price":"","enablePrice":false,"className":"","label_position":"default","desc_position":"default","type":"text","subtype":"text","required":false,"elementId":"text_865e4c52d01f18","label":"\ud83d\ude8c Pickup Location","name":"text_865e4c52d01f18","value":"","description":"Free pick-up service in North Tenerife and South Tenerife. Simply provide your address or hotel name.","error":false,"gt_translate_keys":["label","description","value"],"price_dependency":false,"cl_dependency":false}]]}},"config":{"price_override":"always","enable_recaptcha":false,"bind_quantity":false,"quantity_bind_formula":false,"disp_summ_show_option_price":true,"disp_summ_show_product_price":false,"disp_summ_show_total_price":true,"disp_summ_show_fee":true,"disp_summ_show_discount":true,"summary_title":"","options_total_label":"Options Price","total_label":"Total Amount","options_product_label":"Product Price","fee_label":"Fee","discount_label":"Discount","has_price":true,"has_quantity_formula":false},"mc_unit":1,"tax_rate":1,"tax_rate_real":1,"discount":{"percentage":0,"fixed":0},"design":{"conf":{"LabelPosition":"above","DescPosition":"above","UploadField":"custom_1","QuantityFieldStyle":"custom_1"},"css":{"LeftLabelWidth":"120px"}},"formulas":[],"lookuptables":[],"clones":false,"cartKey":false}},"_links":{"self":[{"href":"https:\/\/canaryvip.com\/nb\/wp-json\/wp\/v2\/product\/9428","targetHints":{"allow":["GET"]}}],"collection":[{"href":"https:\/\/canaryvip.com\/nb\/wp-json\/wp\/v2\/product"}],"about":[{"href":"https:\/\/canaryvip.com\/nb\/wp-json\/wp\/v2\/types\/product"}],"replies":[{"embeddable":true,"href":"https:\/\/canaryvip.com\/nb\/wp-json\/wp\/v2\/comments?post=9428"}],"wp:featuredmedia":[{"embeddable":true,"href":"https:\/\/canaryvip.com\/nb\/wp-json\/wp\/v2\/media\/9433"}],"wp:attachment":[{"href":"https:\/\/canaryvip.com\/nb\/wp-json\/wp\/v2\/media?parent=9428"}],"wp:term":[{"taxonomy":"product_brand","embeddable":true,"href":"https:\/\/canaryvip.com\/nb\/wp-json\/wp\/v2\/product_brand?post=9428"},{"taxonomy":"product_cat","embeddable":true,"href":"https:\/\/canaryvip.com\/nb\/wp-json\/wp\/v2\/product_cat?post=9428"},{"taxonomy":"product_tag","embeddable":true,"href":"https:\/\/canaryvip.com\/nb\/wp-json\/wp\/v2\/product_tag?post=9428"}],"curies":[{"name":"wp","href":"https:\/\/api.w.org\/{rel}","templated":true}]}}