{"id":8817,"date":"2024-01-15T12:16:37","date_gmt":"2024-01-15T12:16:37","guid":{"rendered":"https:\/\/canaryvip.com\/?post_type=product&#038;p=8817"},"modified":"2025-09-19T12:01:26","modified_gmt":"2025-09-19T11:01:26","slug":"siam-park-vip-cabin","status":"publish","type":"product","link":"https:\/\/canaryvip.com\/nb\/shop\/siam-park-vip-cabin\/","title":{"rendered":"Siam Park VIP-hytte"},"content":{"rendered":"<section class=\"l-section wpb_row height_medium\"><div class=\"l-section-h i-cf\"><div class=\"g-cols vc_row via_flex valign_top type_default stacking_default\"><div class=\"vc_col-sm-12 wpb_column vc_column_container\"><div class=\"vc_column-inner\"><div class=\"wpb_wrapper\"><div class=\"wpb_text_column\"><div class=\"wpb_wrapper\"><h2><strong>\ud83c\udfdd\ufe0f Siam Park VIP-hytteopplevelse med CanaryVIP<\/strong><\/h2>\n<p>Velkommen til Siam Park, Tenerifes fremste vannrike, kjent for sine spennende attraksjoner, fantastiske landskap og det ultimate vanneventyret. Fra den adrenalinpumpende <strong>Maktens t\u00e5rn<\/strong> til den avslappende <strong>Mai Thai-elven,<\/strong>\u00a0finnes det noe for enhver smak. Fordyp deg i en verden der spenning og avslapning m\u00f8tes, og gj\u00f8r bes\u00f8ket ditt uforglemmelig med <strong>VIP Cabana-opplevelse. <\/strong><\/p>\n<p>Oppdag hvorfor Siam Park er det ultimate reisem\u00e5let for familiemoro, avslapning og eventyr i et tropisk paradis. Opplev det beste av vannunderholdning og skap minner for livet.<\/p>\n<h3><strong>\ud83c\udf1f Eksklusivt hytteutvalg<\/strong><\/h3>\n<ul>\n<li><strong>Thai-inspirerte temaer<\/strong>: Velg mellom Cabana Phuket, Chiang Mai eller Rataburi, som alle er rolige, thai-inspirerte fristed.<\/li>\n<li><strong>Uovertruffen komfort<\/strong>: Nyt plysjsofaer, private terrassedusjer og solsenger for ultimat avslapning og luksus.<\/li>\n<li><strong>Inkludert h\u00e5ndkl\u00e6r<\/strong>: Du trenger ikke \u00e5 bekymre deg for \u00e5 pakke h\u00e5ndkl\u00e6r; de f\u00f8lger med for enkelhets skyld.<\/li>\n<li><strong>Vifte for komfort<\/strong>: Hold deg avkj\u00f8lt med den medf\u00f8lgende viften.<\/li>\n<li><strong>Sikre eiendelene dine<\/strong>: Du kan benytte deg av safen for \u00e5 f\u00e5 ro i sjelen.<\/li>\n<\/ul>\n<h3><strong>\ud83c\udfa5 Underholdning og komfort i kabinen<\/strong><\/h3>\n<ul>\n<li><strong>TV og DVD-spiller<\/strong>: Alle hyttene er utstyrt med TV og DVD-spiller for underholdning.<\/li>\n<li><strong>Forfriskninger for h\u00e5nden<\/strong>: En minibar med et bredt utvalg av drikkevarer for \u00e5 im\u00f8tekomme dine preferanser.<\/li>\n<\/ul>\n<h3><strong>\ud83c\udfa2 Prioritert tilgang med VIP Fast Pass<\/strong><\/h3>\n<ul>\n<li><strong>\u00d8yeblikkelig inngang til attraksjonen<\/strong>: Med de spesielle armb\u00e5ndene for VIP-gjester f\u00e5r du umiddelbar tilgang til alle attraksjonene, unng\u00e5r k\u00f8ene og f\u00e5r mest mulig moro.<\/li>\n<\/ul>\n<h3>\ud83c\udf74 <strong>Mat og drikke med alt inkludert<\/strong><\/h3>\n<ul>\n<li><strong>Mangfoldige spisesteder<\/strong>: La deg friste av en rekke kulinariske tilbud i parken, for enhver smak.<\/li>\n<li><strong>Ubegrenset med drikkevarer<\/strong>: Gratis brus, \u00f8l, vann og iskrem s\u00f8rger for at du f\u00e5r i deg nok v\u00e6ske og er forn\u00f8yd.<\/li>\n<\/ul>\n<h3><strong>\ud83d\udcb0 Eksepsjonell pris og verdi<\/strong><\/h3>\n<ul>\n<li><strong>Omfattende pris<\/strong>: VIP-hytta koster 610 \u20ac og har plass til 1 til 4 gjester. Prisen er den samme, enten du er alene eller en gruppe p\u00e5 fire, og du er sikret eksklusivitet og privatliv.<\/li>\n<li><strong>Ekstra fleksibilitet for gjestene<\/strong>: Hvis gruppen din best\u00e5r av mer enn fire personer, har du mulighet til \u00e5 legge til opptil to ekstra gjester for 151 \u20ac hver, noe som gj\u00f8r det fleksibelt for ulike gruppest\u00f8rrelser.<\/li>\n<li><strong>Spesielle sommerpriser:<\/strong> Sikre deg disse prisene selv i de travle sommerm\u00e5nedene juli og august.<\/li>\n<li><strong>Fordel ved tidlig bestilling:<\/strong> Unng\u00e5 prisstigninger ved \u00e5 bestille n\u00e5 - sikre deg dagens pris for ditt fremtidige bes\u00f8k!<\/li>\n<\/ul>\n<h3><strong>\ud83d\ude8c Praktisk og kostnadsfri transport<\/strong><\/h3>\n<ul>\n<li><strong>Stressfri reise<\/strong>: Dra nytte av den gratis Siam Park Bus Service, som tilbyr regelmessig og praktisk transport.<\/li>\n<li><strong>Bred dekning<\/strong>: Flere oppsamlingssteder p\u00e5 Tenerife for enkel tilgang til og fra parken.<\/li>\n<\/ul>\n<h3><strong>\u23f0 Planlegg den ultimate opplevelsen<\/strong><\/h3>\n<ul>\n<li><strong>\u00c5pent hele \u00e5ret<\/strong>: Sommer (kl. 10-18), vinter (kl. 10-17).<\/li>\n<li><strong>Tilgjengelig og naturskj\u00f8nt<\/strong>: Dette hotellet ligger p\u00e5 den pulserende Costa Adeje, og kombinerer vakker utsikt med enkel tilgjengelighet.<\/li>\n<\/ul>\n<h3><strong>\ud83d\udd14 Ditt luksuri\u00f8se eventyr venter med CanaryVIP<\/strong><\/h3>\n<ul>\n<li><strong>Ta steget inn i luksusen<\/strong>: Gj\u00f8r bes\u00f8ket i Siam Park til noe ekstra med et opphold i en VIP-hytte.<\/li>\n<li><strong>Skap uforglemmelige minner<\/strong>: Bestill i dag og legg ut p\u00e5 en reise med luksus, spenning og uforglemmelige \u00f8yeblikk.<\/li>\n<\/ul>\n<h3><b>\u274c Vilk\u00e5r for avbestilling<\/b><\/h3>\n<ul>\n<li style=\"font-weight: 400;\" aria-level=\"1\"><span style=\"font-weight: 400;\">Avbestillinger kansellert <\/span><b>en m\u00e5ned eller mer f\u00f8r aktivitetsdatoen<\/b><span style=\"font-weight: 400;\"> vil ikke bli belastet.<\/span>&nbsp;<\/li>\n<li style=\"font-weight: 400;\" aria-level=\"1\"><span style=\"font-weight: 400;\">Avbestillinger kansellert <\/span><b>mellom en m\u00e5ned og 7 dager f\u00f8r<\/b><span style=\"font-weight: 400;\"> vil bli belastet <\/span><b>60% av det totale bel\u00f8pet<\/b><span style=\"font-weight: 400;\">.<\/span>&nbsp;<\/li>\n<li style=\"font-weight: 400;\" aria-level=\"1\"><span style=\"font-weight: 400;\">Avbestillinger kansellert <\/span><b>mindre enn 7 dager i forveien<\/b><span style=\"font-weight: 400;\"> vil bli belastet <\/span><b>hele bel\u00f8pet (100%)<\/b><span style=\"font-weight: 400;\">.<\/span><\/li>\n<\/ul>\n<h3>\ud83c\udf1f L\u00f8ft eventyret ditt med CanaryVIP<\/h3>\n<p>Bestill din VIP Cabana-opplevelse med CanaryVIP i dag, og s\u00f8rg for at bes\u00f8ket ditt p\u00e5 Siam Park blir en opplevelse av luksus og uforglemmelige \u00f8yeblikk. Nyt eksklusive fordeler, prioritert tilgang og eksepsjonell komfort som gj\u00f8r hvert \u00f8yeblikk av eventyret ditt helt spesielt.<\/p>\n<p>Ikke g\u00e5 glipp av denne muligheten til \u00e5 skape varige minner i Tenerifes fremste vannrike. Sikre deg VIP-cabanaen din n\u00e5, og legg ut p\u00e5 den ultimate reisen med avslapning, spenning og luksus!<\/p>\n<\/div><\/div><\/div><\/div><\/div><\/div><\/div><\/section>","protected":false},"excerpt":{"rendered":"<p><strong>\ud83d\udd0d Siam Park Cabana:<\/strong><br \/>\n\u2705 Sikker betaling.<br \/>\n\ud83d\ude80 VIP Fast Pass for hele dagen.<br \/>\n\ud83d\udc68\u200d\ud83d\udc69\u200d\ud83d\udc66 Pris for 4 gjester.<br \/>\n\ud83d\udc65 Plass til opptil 6 personer.<br \/>\n\ud83d\udd10 Skap og h\u00e5ndkl\u00e6r inkludert.<br \/>\n\ud83c\udf54 Ubegrenset med mat.<br \/>\n\ud83c\udf7a Ubegrenset med brus og \u00f8l.<br \/>\n\ud83c\udfe0 Mer plass? Ta en titt p\u00e5 <a href=\"https:\/\/canaryvip.com\/nb\/shop\/siam-park-vip-house\/\">Siam Park House<\/a>.<br \/>\n\ud83e\udd11 Garantert beste pris.<br \/>\n\ud83d\ude8d Gratis skyttelbuss.<br \/>\n\ud83c\udf0d St\u00f8tte p\u00e5 flere spr\u00e5k.<br \/>\n\ud83c\udf1f Bestill n\u00e5 og spar penger!<br \/>\n\ud83d\udc32 Oppdag <a href=\"https:\/\/canaryvip.com\/nb\/product-category\/tenerife\/theme-parks-tenerife\/siam-park-tickets\/\">alle Siam Park-billetter her<\/a>!<br \/>\n\ud83d\udccd Finn <a href=\"https:\/\/maps.app.goo.gl\/UfftQG3CrqW5R81r9\">Siam Park p\u00e5 Google Maps<\/a>!<\/p>","protected":false},"featured_media":8819,"comment_status":"open","ping_status":"closed","template":"","meta":{"_acf_changed":false},"product_brand":[],"product_cat":[55,54],"product_tag":[],"class_list":{"0":"post-8817","1":"product","2":"type-product","3":"status-publish","4":"has-post-thumbnail","6":"product_cat-siam-park-tickets","7":"product_cat-theme-parks","8":"wcpa_has_options","10":"first","11":"instock","12":"virtual","13":"purchasable","14":"product-type-simple"},"acf":[],"wcpa_form_fields":{"wcpaData":{"product":{"product_price":660,"price_html":"From&nbsp;<span class=\"woocommerce-Price-amount amount\"><bdi>660,00&nbsp;<span class=\"woocommerce-Price-currencySymbol\">&euro;<\/span><\/bdi><\/span>","original_product_price":660,"price_including_tax":660,"price_excluding_tax":660,"product_id":{"parent":8817,"variation":false},"is_variable":false,"stock_status":"instock","stock_quantity":null,"parent_sku":"CV8817","product_attributes":[],"custom_fields":[],"is_taxable":false,"product_name":"Siam Park VIP Cabin","hasImage":false},"fields":{"sec_765dcbaa6daedc":{"extra":{"key":"sec_765dcbaa6daedc","section_id":"sec_765dcbaa6daedc","name":"Default","status":1,"cl_rule":"show","enableCl":false,"relations":[],"toggle":true,"title_tag":"h3","show_title":false,"showPrice":"default","form_id":10122,"form_rules":{"exclude_from_discount":true,"fee_label":"Fee","disp_hide_options_price":true,"disp_show_section_price":false,"disp_show_field_price":true,"layout_option":"standard","pric_use_as_fee":false,"process_fee_as":"woo_fee"},"layout_option":"standard"},"fields":[[{"active":true,"col":6,"relations":false,"cl_rule":"show","enableCl":false,"price":"","enablePrice":false,"className":"","label_position":"default","desc_position":"default","type":"date","required":false,"elementId":"date_9651671511","name":"date_9651671511","label":"\ud83d\udcc5 Date","picker_type":"custom","picker_mode":"single","error":false,"date_pic_inline":true,"date_pic_inline_hide":true,"min_date":{"type":"days","val":"3"},"max_date":{"type":"days_from_min","val":"700"},"date_pic_conf":{"disabledDates":["2025-07-01 to 2025-08-31","2025-10-01 to 2025-11-01","2026-04-01","2026-04-02 to 2026-04-07","2026-04-08"],"enabledDates":[]},"isWeightTemplate":false,"isTemplate":false,"min_quantity":"1","quantity_decimal":false,"quantity_step":"1","quantity_label":"Quantity","repeater_field_label":"{field_label}","repeater_bind":"","gt_translate_keys":["label","repeater_field_label","quantity_label"],"price_dependency":false,"cl_dependency":false,"value":""}],[{"active":true,"col":6,"relations":false,"cl_rule":"show","enableCl":false,"price":"","enablePrice":true,"className":"","label_position":"default","desc_position":"default","type":"select","required":false,"elementId":"select_5229375457","label":"\ud83d\udc64 Group Size","name":"select_5229375457","values":[{"label":"1 Person (660\u20ac)","value":"1 Person","selected":false,"tempId":"aco_670","price":"660","gt_translate_keys":["label"]},{"label":"2 People (660\u20ac)","value":"2 People","selected":false,"tempId":"aco_671","price":"660","gt_translate_keys":["label"]},{"label":"3 People (660\u20ac)","value":"3 People","selected":false,"tempId":"aco_672","price":"660","gt_translate_keys":["label"]},{"label":"4 People (660\u20ac)","value":"4 People","selected":false,"tempId":"aco_898","price":"660","gt_translate_keys":["label"]},{"label":"\u2500 Beyond 4 people, each extra person costs \u20ac165 \u2500","value":"\u2500 Beyond 4 people, each extra person costs \u20ac165 \u2500","selected":false,"tempId":"aco_1784","price":"660","gt_translate_keys":["label"]},{"label":"5 People (825\u20ac)","value":"5 People","selected":false,"tempId":"aco_908","price":"825","gt_translate_keys":["label"]},{"label":"6 People (990\u20ac)","value":"6 People","selected":false,"tempId":"aco_1062","price":"990","gt_translate_keys":["label"]}],"dropdown_type":"basic","error":false,"placeholder":"None","priceOptions":"different_for_all","pricingType":"fixed","gt_translate_keys":["label","placeholder"],"price_dependency":false,"cl_dependency":false,"value":""}]]}},"config":{"price_override":"always","enable_recaptcha":false,"bind_quantity":false,"quantity_bind_formula":false,"disp_summ_show_option_price":false,"disp_summ_show_product_price":false,"disp_summ_show_total_price":true,"disp_summ_show_fee":false,"disp_summ_show_discount":false,"summary_title":"","options_total_label":"Options Price","total_label":"Total","options_product_label":"Product Price","fee_label":"Fee","discount_label":"Discount","has_price":true,"has_quantity_formula":false},"mc_unit":1,"tax_rate":1,"tax_rate_real":1,"discount":{"percentage":0,"fixed":0},"design":{"conf":{"LabelPosition":"above","DescPosition":"above","UploadField":"custom_1","QuantityFieldStyle":"custom_1"},"css":{"LeftLabelWidth":"120px"}},"formulas":[],"lookuptables":[],"clones":false,"cartKey":false}},"_links":{"self":[{"href":"https:\/\/canaryvip.com\/nb\/wp-json\/wp\/v2\/product\/8817","targetHints":{"allow":["GET"]}}],"collection":[{"href":"https:\/\/canaryvip.com\/nb\/wp-json\/wp\/v2\/product"}],"about":[{"href":"https:\/\/canaryvip.com\/nb\/wp-json\/wp\/v2\/types\/product"}],"replies":[{"embeddable":true,"href":"https:\/\/canaryvip.com\/nb\/wp-json\/wp\/v2\/comments?post=8817"}],"wp:featuredmedia":[{"embeddable":true,"href":"https:\/\/canaryvip.com\/nb\/wp-json\/wp\/v2\/media\/8819"}],"wp:attachment":[{"href":"https:\/\/canaryvip.com\/nb\/wp-json\/wp\/v2\/media?parent=8817"}],"wp:term":[{"taxonomy":"product_brand","embeddable":true,"href":"https:\/\/canaryvip.com\/nb\/wp-json\/wp\/v2\/product_brand?post=8817"},{"taxonomy":"product_cat","embeddable":true,"href":"https:\/\/canaryvip.com\/nb\/wp-json\/wp\/v2\/product_cat?post=8817"},{"taxonomy":"product_tag","embeddable":true,"href":"https:\/\/canaryvip.com\/nb\/wp-json\/wp\/v2\/product_tag?post=8817"}],"curies":[{"name":"wp","href":"https:\/\/api.w.org\/{rel}","templated":true}]}}