{"id":15796,"date":"2025-09-01T21:32:54","date_gmt":"2025-09-01T20:32:54","guid":{"rendered":"https:\/\/canaryvip.com\/?post_type=product&#038;p=15796"},"modified":"2025-12-09T16:40:27","modified_gmt":"2025-12-09T16:40:27","slug":"royal-ocean-private-yacht-tenerife","status":"publish","type":"product","link":"https:\/\/canaryvip.com\/nb\/shop\/royal-ocean-private-yacht-tenerife\/","title":{"rendered":"Royal Ocean Private Yacht Tenerife"},"content":{"rendered":"<h2><strong>\ud83c\udf0a Royal Ocean Private Yacht Charter p\u00e5 Tenerife<\/strong><\/h2>\n<p>G\u00e5 om bord i <strong>Royal Ocean<\/strong>, en elegant <strong>Princess 440 Flybridge-yacht<\/strong> 14 meter, og legger ut p\u00e5 en spektakul\u00e6r tur i <a href=\"https:\/\/canaryvip.com\/nb\/tenerife\/boat-hire-tenerife\/\">b\u00e5tleie i Tenerife<\/a>. Denne f\u00f8rsteklasses opplevelsen kombinerer eleganse, komfort og eventyr, noe som gj\u00f8r den til det perfekte valget for en romantisk ferie, en familieutflukt eller en feiring med venner.<\/p>\n<p>N\u00e5r du seiler langs s\u00f8rkysten av Tenerife, beskyttet mot vind av majestetiske fjell, kan du nyte rolig hav, sol nesten \u00e5ret rundt og noe av det beste marine livet p\u00e5 Kanari\u00f8yene.<\/p>\n<h3>\u2b50\ufe0f <strong>Uovertruffen komfort og gourmetopplevelse<\/strong><\/h3>\n<p><span style=\"text-decoration: underline;\"><strong>Hvorfor denne yachten p\u00e5 Tenerife er helt spesiell:<\/strong><\/span><\/p>\n<ul>\n<li>Romslig <strong>Princess 440 Flybridge<\/strong> med 14 meters lengde, innend\u00f8rs salong, flybridge og solplasser for opptil 10 gjester.<\/li>\n<li>F\u00f8rsteklasses matopplevelse: kokkelagede retter, kanariske spesialiteter og ferske delikatesser.<\/li>\n<li>Ubegrenset med drikke, inkludert cava, cocktailer og brus.<\/li>\n<li>Luksustransport med Mercedes minibuss for opptil 8 passasjerer.<\/li>\n<\/ul>\n<h3>\ud83d\udd52 <strong>Fleksible alternativer for privat charter<\/strong><\/h3>\n<p>Velg den reiseruten og varigheten som passer best for deg:<\/p>\n<ul>\n<li><strong>3-4 timer Los Cristianos reiserute<\/strong>: Se hvaler og delfiner f\u00f8r du setter kursen langs s\u00f8rkysten. Ankre opp i en skjult bukt n\u00e6r Los Cristianos eller Yellow Mountain for bading, snorkling og paddleboarding, med tapas, frisk frukt og drikke om bord.<\/li>\n<li><strong>5-6 timer reiserute for Puertito<\/strong>: Forleng eventyret med mer tid til sj\u00f8s. Etter \u00e5 ha sett p\u00e5 livet i havet kan du nyte en gourmetforrett med jam\u00f3n, oster og laks p\u00e5 vei til Puertito Bay. Her kan du sv\u00f8mme, snorkle eller slappe av f\u00f8r du utforsker en annen bortgjemt bukt.<\/li>\n<li><strong>7-8 timer Los Gigantes reiserute<\/strong>: Det ultimate alternativet for yachtcharter p\u00e5 Tenerife. Seil mot de ruvende Los Gigantes-klippene, ank opp ved Masca-bukten, og nyt snorkling, paddleboarding og en komplett lunsjmeny. Underveis kan du beundre grotter, skjulte strender og en fantastisk utsikt over Teide.<\/li>\n<li><strong>Privat cruise ved solnedgang<\/strong>: En romantisk kveldsopplevelse. Se solen g\u00e5 ned over Atlanterhavet mens du nyter cava, cocktailer og kokkens tilberedte retter. Perfekt for frierier, jubileer eller bare for \u00e5 nyte Tenerifes mest magiske utsikt.<\/li>\n<\/ul>\n<h4>\ud83d\udc2c <strong>Hvalsafari under Barco Azul-flagget<\/strong><\/h4>\n<p>Den <strong>Royal Ocean<\/strong> stolt seiler under det offisielle <em>Barco Azul<\/em> lisens, noe som sikrer etisk og b\u00e6rekraftig hval- og delfinsafari. Med en suksessrate p\u00e5 99% er det sannsynlig at du m\u00f8ter grindhvaler og flasknosedelfiner \u00e5ret rundt, i tillegg til migrerende arter p\u00e5 visse tider av \u00e5ret.<\/p>\n<h3>\u2705 <strong>H\u00f8ydepunktene ved leie av privat yacht p\u00e5 Tenerife<\/strong><\/h3>\n<ul>\n<li>Personlige ruter og fleksible rutetider som er tilpasset dine preferanser.<\/li>\n<li>F\u00f8rsteklasses fasiliteter om bord, inkludert SUP-brett, snorkelutstyr og romslige salongomr\u00e5der.<\/li>\n<li>Profesjonelt mannskap som s\u00f8rger for sikkerhet, komfort og oppmerksom service under hele turen.<\/li>\n<li>Uforglemmelig utsikt over Teide, Los Cristianos-klippene, Masca-bukten og den s\u00f8rlige kystlinjen p\u00e5 Tenerife.<\/li>\n<\/ul>\n<h4>\ud83c\udf89 <strong>Perfekt for arrangementer og spesielle feiringer<\/strong><\/h4>\n<p>Chartering av <strong>Royal Ocean<\/strong> handler ikke bare om seiling, det er en ekstraordin\u00e6r m\u00e5te \u00e5 feire livets st\u00f8rste \u00f8yeblikk p\u00e5. Enten det er bursdag, frieri, bryllupsreise, utdrikningslag, utdrikningslag, utdrikningslag eller jubileum, s\u00e5 skaper denne b\u00e5ten p\u00e5 Tenerife minner som varer livet ut. Gjestene kan nyte middag av restaurantkvalitet, luksuri\u00f8se drinker og Atlanterhavets fantastiske kulisser.<\/p>\n<p>Etter avtale kan ogs\u00e5 en profesjonell fotograf inviteres om bord for \u00e5 forevige hvert \u00f8yeblikk.<\/p>\n<h4>\ud83d\ude90 <strong>S\u00f8ml\u00f8se overf\u00f8ringer<\/strong><\/h4>\n<p>For ekstra komfort tilbyr Royal Ocean luksustransport med en Mercedes-minibuss for grupper p\u00e5 opptil 8 personer, som bringer dere direkte til marinaen.<\/p>\n<h4>\ud83d\udcdc <strong>Retningslinjer for bestilling og avbestilling<\/strong><\/h4>\n<ul>\n<li><strong>Fleksible avbestillinger:<\/strong> Gratis avbestilling opptil 4 dager f\u00f8r korte turer (3-4 timer). For lengre turer (5-8 timer) er avbestillinger opptil 6 dager i forveien kostnadsfrie. Avbestillinger som uteblir, refunderes ikke.<\/li>\n<li>Gi oss beskjed om diett\u00f8nsker minst 48 timer f\u00f8r avreise, slik at vi kan forberede en skreddersydd meny.<\/li>\n<\/ul>\n<h4>\ud83d\udd53 <strong>Enkel ombordstigning<\/strong><\/h4>\n<ul>\n<li>Avgang fra Marina del Sur, Las Galletas.<\/li>\n<li>Vennligst m\u00f8t opp p\u00e5 m\u00f8testedet 15 minutter f\u00f8r avgang for en smidig ombordstigningsprosess.<\/li>\n<\/ul>\n<p>Hos CanaryVIP gj\u00f8r vi det enkelt \u00e5 leie b\u00e5t p\u00e5 Tenerife og nyte de mest eksklusive opplevelsene p\u00e5 \u00f8ya. Med Royal Ocean vil du oppdage hvorfor leie av b\u00e5t p\u00e5 Tenerife er en av de mest uforglemmelige m\u00e5tene \u00e5 utforske Atlanterhavet p\u00e5.<\/p>\n<p>\ud83c\udf1f Bestill din <strong>Royal Ocean Private Yacht Charter<\/strong> i dag og gj\u00f8r ferien p\u00e5 Tenerife til et luksuri\u00f8st eventyr til sj\u00f8s.<\/p>","protected":false},"excerpt":{"rendered":"<p><span>\ud83d\udd0d <\/span><strong>Royal Ocean Yacht:<\/strong><br \/>\n<span>\u2705 Sikker betaling.<br \/>\n<\/span>\ud83d\udc65 Delte turer.<br \/>\n<span>\ud83d\udd10 Private turer.<\/span><br \/>\n<span>\ud83d\udee5\ufe0f 14 meter Yacht.<\/span><br \/>\n<span>\u23f3 Daglige turer p\u00e5 3-8 timer.<\/span><br \/>\n<span>\ud83d\udd59 Tilpassede avgangstider.<\/span><br \/>\n<span>\ud83c\udf74 M\u00e5ltider og drikkevarer inkludert.<\/span><br \/>\n<span>\ud83d\udc65 Opptil 10 gjester.<\/span><br \/>\n<span>\ud83c\udfc4\u200d\u2640\ufe0f Padlebrett inkludert.<\/span><br \/>\n<span>\ud83e\udd3f Snorkelutstyr er tilgjengelig.<\/span><br \/>\n<span>\ud83d\udd0a Spill av musikken din.<\/span><br \/>\n<span>\ud83d\ude97 Transporttjeneste inkludert.<\/span><br \/>\n<span>\ud83e\udd11 Garantert beste pris.<\/span><br \/>\n<span>\ud83d\udc6a Rabatter aktivert.<\/span><br \/>\n<span>\ud83d\udd01 Opptil 4 dagers avbestilling.<\/span><br \/>\n<span>\ud83c\udf0d Flerspr\u00e5klig besetning.<\/span><br \/>\n<span>\ud83c\udf1f Bestill tidlig og spar!<\/span><br \/>\n<span>\ud83d\udccd Avgang fra\u00a0<\/span><a href=\"https:\/\/www.google.com\/maps\/place\/Marina+del+Sur+Tenerife.+Puerto+de+Las+Galletas.\/@28.0069667,-16.6636839,16z\/data=!3m1!4b1!4m6!3m5!1s0xc6aa271048d957b:0x66913daf70f663b3!8m2!3d28.006962!4d-16.661109!16s%2Fg%2F1tfzyr98?entry=tts\">Las Galletas<\/a><span>.<\/span><\/p>","protected":false},"featured_media":15937,"comment_status":"open","ping_status":"closed","template":"","meta":{"_acf_changed":false},"product_brand":[],"product_cat":[46,47],"product_tag":[],"class_list":{"0":"post-15796","1":"product","2":"type-product","3":"status-publish","4":"has-post-thumbnail","6":"product_cat-boat-excursions","7":"product_cat-boat-hire-tenerife","8":"wcpa_has_options","10":"first","11":"instock","12":"virtual","13":"purchasable","14":"product-type-simple"},"acf":[],"wcpa_form_fields":{"wcpaData":{"product":{"product_price":750,"price_html":"From&nbsp;<span class=\"woocommerce-Price-amount amount\"><bdi>750,00&nbsp;<span class=\"woocommerce-Price-currencySymbol\">&euro;<\/span><\/bdi><\/span>","original_product_price":750,"price_including_tax":750,"price_excluding_tax":750,"product_id":{"parent":15796,"variation":false},"is_variable":false,"stock_status":"instock","stock_quantity":null,"parent_sku":"CV15796","product_attributes":[],"custom_fields":[],"is_taxable":false,"product_name":"Royal Ocean Private Yacht Tenerife","hasImage":false},"fields":{"sec_868cd7750f2713":{"extra":{"key":"sec_868cd7750f2713","section_id":"sec_868cd7750f2713","name":"Default","status":1,"cl_rule":"show","enableCl":false,"relations":[],"toggle":true,"title_tag":"h3","show_title":false,"showPrice":"default","form_id":15949,"form_rules":{"exclude_from_discount":true,"fee_label":"Fee","disp_hide_options_price":true,"disp_show_section_price":false,"disp_show_field_price":true,"layout_option":"standard","pric_use_as_fee":false,"process_fee_as":"woo_fee"},"layout_option":"standard"},"fields":[[{"active":true,"col":6,"relations":[{"operator":false,"rules":[{"operator":"AND","rules":{"cl_field":"","cl_relation":"","cl_val":""}}]}],"cl_rule":"show","enableCl":false,"price":"","enablePrice":false,"className":"","label_position":"default","desc_position":"default","type":"radio-group","required":true,"elementId":"radio-group_1068cd7750f2744","label":"\u231b\ufe0f Trip Duration","name":"radio-group_1068cd7750f2744","values":[{"label":"3 Hour Shared Trip (86\u20ac)","value":"3 Hour Trip","selected":false,"tempId":"aco_32","description":"Whale and dolphin sightings. Includes food and drinks. Daily at Different Hours.","gt_translate_keys":["label","description"]},{"label":"Private Charter (From 750\u20ac)","value":"Private Charter (From 670\u20ac)","selected":false,"tempId":"aco_33","description":"Explore Tenerife\u2019s coast on a luxury yacht. Private charters include drinks, tapas, swim stops, whale watching and flexible routes from 3\u20138 hours.","gt_translate_keys":["label","description"]}],"layOut":"","error":false,"checkUi":"toggle","enableDesign":false,"scrollBar":false,"description":"","other":false,"options_description":true,"show_selected_option":false,"isWeightTemplate":false,"isTemplate":false,"min_quantity":"1","quantity_decimal":false,"quantity_step":"1","quantity_label":"Quantity","repeater_field_label":"{field_label}","repeater_bind":"","gt_translate_keys":["label","description","repeater_field_label","quantity_label"],"price_dependency":false,"cl_dependency":[false,false],"value":""}]]},"sec_468cd7750f2746":{"extra":{"key":"sec_468cd7750f2746","section_id":"sec_468cd7750f2746","name":"3H Shared Trip","status":1,"cl_rule":"show","enableCl":true,"relations":[{"operator":false,"rules":[{"operator":"AND","rules":{"cl_field":"radio-group_1068cd7750f2744","cl_relation":"is","cl_val":"3 Hour Trip"}}]}],"toggle":true,"title_tag":"h4","show_title":false,"showPrice":"default","form_id":15949,"form_rules":{"exclude_from_discount":true,"fee_label":"Fee","disp_hide_options_price":true,"disp_show_section_price":false,"disp_show_field_price":true,"layout_option":"standard","pric_use_as_fee":false,"process_fee_as":"woo_fee"},"layout_option":"standard"},"fields":[[{"label":"\ud83d\udcc5 Date","active":true,"required":true,"elementId":"date_268cd7750f2754","picker_type":"custom","picker_mode":"single","placeholder":"","description":"","tooltip":"","name":"date_268cd7750f2754","label_position":"default","desc_position":"default","enablePrice":false,"className":"","enableCl":false,"relations":[{"operator":"and","rules":[{"operator":"AND","rules":{"cl_field":"radio-group_1068cd7750f2744","cl_relation":"is","cl_val":"3 Hour Trip"}}]}],"enableDesign":false,"LabelColor":"","date_pic_inline":true,"date_pic_inline_hide":true,"min_date":{"type":"days","val":"2"},"max_date":{"type":"days","val":"365"},"date_pic_conf":{"disabledWeeks":[],"disabledDates":["2025-09-19","2025-09-21","2025-09-23","2025-09-29","2025-10-07","2025-10-12","2025-10-13","2025-10-19","2025-10-20"]},"price":"","cl_rule":"show","col":6,"type":"date","error":false,"date_conf_custom":{},"isWeightTemplate":false,"isTemplate":false,"min_quantity":"1","quantity_decimal":false,"quantity_step":"1","quantity_label":"Quantity","repeater_field_label":"{field_label}","repeater_bind":"","gt_translate_keys":["label","placeholder","description","tooltip","repeater_field_label","quantity_label"],"price_dependency":false,"cl_dependency":false,"value":""}],[{"label":"\u23f0 Departure","active":true,"required":true,"elementId":"select_1068cd7750f275f","dropdown_type":"basic","name":"select_1068cd7750f275f","label_position":"default","desc_position":"default","enablePrice":false,"className":"","enableCl":false,"relations":[{"operator":false,"rules":[{"operator":"AND","rules":{"cl_field":"date_268cd7750f2754","cl_relation":"week_day_is","cl_val":[1]}}]}],"values":[{"label":"10:00","value":"10:00","selected":false,"tempId":"aco_2695","options_cl":true,"relations":[],"cl_rule":"show","gt_translate_keys":["label"]},{"label":"14:00","value":"14:00","selected":false,"tempId":"aco_2696","options_cl":true,"relations":[],"cl_rule":"show","gt_translate_keys":["label"]}],"price":"","cl_rule":"show","col":6,"type":"select","error":false,"placeholder":"Select Departure Time","isWeightTemplate":false,"isTemplate":false,"min_quantity":"1","quantity_decimal":false,"quantity_step":"1","quantity_label":"Quantity","repeater_field_label":"{field_label}","repeater_bind":"","gt_translate_keys":["label","placeholder","repeater_field_label","quantity_label"],"price_dependency":false,"cl_dependency":false,"value":""}],[{"active":true,"col":6,"relations":false,"cl_rule":"show","enableCl":false,"price":"","enablePrice":false,"className":"","label_position":"default","desc_position":"default","type":"content","required":false,"elementId":"content_268cd7750f277e","label":"People","name":"content_268cd7750f277e","contentType":"plain","value":"","error":false,"show_in_checkout":true,"inline":false,"gt_translate_keys":["label","value"],"price_dependency":false,"cl_dependency":false}],[{"active":true,"col":6,"relations":[{"operator":false,"rules":[{"operator":"AND","rules":{"cl_field":"","cl_relation":"","cl_val":""}}]}],"cl_rule":"show","enableCl":false,"price":"89","enablePrice":true,"className":"","label_position":"default","desc_position":"default","type":"radio-group","required":false,"elementId":"radio-group_868cd7750f2789","label":"","name":"radio-group_868cd7750f2789","values":[{"label":"\ud83d\udc64 Adult (89\u20ac)","value":"Adult","selected":true,"tempId":"aco_32","tooltip":"+12 Years","description":"","gt_translate_keys":["label","tooltip","description"]}],"layOut":"","error":false,"checkUi":"button","priceOptions":"fixed_for_all","pricingType":"fixed","enable_quantity":true,"quantity_label":"","min_quantity":"0","options_tooltip":true,"options_description":true,"is_show_price":false,"isWeightTemplate":false,"isTemplate":false,"quantity_decimal":false,"quantity_step":"1","repeater_field_label":"{field_label}","repeater_bind":"","gt_translate_keys":["label","repeater_field_label","quantity_label"],"price_dependency":false,"cl_dependency":false,"value":""}],[{"label":"","active":true,"required":false,"elementId":"radio-group_568cd7750f2794","name":"radio-group_568cd7750f2794","label_position":"default","desc_position":"default","enablePrice":true,"className":"","enableCl":false,"relations":false,"enable_quantity":true,"quantity_label":"","min_quantity":"0","checkUi":"button","layOut":"","values":[{"label":"\ud83d\udc66 Child (66\u20ac)","value":"Child","selected":true,"tempId":"aco_32","tooltip":"3-11 Years","description":"","gt_translate_keys":["label","tooltip","description"]}],"priceOptions":"fixed_for_all","pricingType":"fixed","price":"66","cl_rule":"show","col":6,"type":"radio-group","error":false,"options_tooltip":true,"options_description":true,"is_show_price":false,"isWeightTemplate":false,"isTemplate":false,"quantity_decimal":false,"quantity_step":"1","repeater_field_label":"{field_label}","repeater_bind":"","gt_translate_keys":["label","repeater_field_label","quantity_label"],"price_dependency":false,"cl_dependency":false,"value":""}]]},"sec_1068cd7750f27a0":{"extra":{"key":"sec_1068cd7750f27a0","section_id":"sec_1068cd7750f27a0","name":"Private Charter","status":1,"cl_rule":"show","enableCl":true,"relations":[{"operator":false,"rules":[{"operator":"AND","rules":{"cl_field":"radio-group_1068cd7750f2744","cl_relation":"is","cl_val":"Private Charter (From 670\u20ac)"}}]}],"toggle":true,"title_tag":"h4","show_title":false,"showPrice":"default","form_id":15949,"form_rules":{"exclude_from_discount":true,"fee_label":"Fee","disp_hide_options_price":true,"disp_show_section_price":false,"disp_show_field_price":true,"layout_option":"standard","pric_use_as_fee":false,"process_fee_as":"woo_fee"},"layout_option":"standard"},"fields":[[{"label":"\ud83d\udcc5 Date","active":true,"required":true,"elementId":"date-4966732090","picker_type":"custom","picker_mode":"single","placeholder":"","description":"","tooltip":"","name":"date-4966732090","label_position":"default","desc_position":"default","enablePrice":false,"className":"","enableCl":false,"relations":[{"operator":"and","rules":[{"operator":"AND","rules":{"cl_field":"radio-group_1068cd7750f2744","cl_relation":"is","cl_val":"3 Hour Trip"}}]}],"repeater_bind":"","repeater_field_label":"{field_label}","enableDesign":false,"LabelColor":"","quantity_label":"Quantity","quantity_step":"1","quantity_decimal":false,"min_quantity":"1","date_pic_inline":true,"date_pic_inline_hide":true,"min_date":{"type":"days","val":"1"},"max_date":{"type":"days","val":"365"},"date_pic_conf":{"disabledWeeks":[],"disabledDates":["2025-09-19","2025-09-21","2025-09-23","2025-09-29","2025-10-07","2025-10-12","2025-10-13","2025-10-19","2025-10-20"]},"date_conf_custom":{},"isTemplate":false,"price":"","isWeightTemplate":false,"cl_rule":"show","col":6,"type":"date","error":false,"gt_translate_keys":["label","placeholder","description","tooltip","repeater_field_label","quantity_label"],"price_dependency":false,"cl_dependency":false,"value":""}],[{"label":"\u23f0 Departure","active":true,"required":true,"elementId":"select_068cd7750f27b3","dropdown_type":"basic","placeholder":"Select Departure Time","name":"select_068cd7750f27b3","label_position":"default","desc_position":"default","enablePrice":false,"className":"","enableCl":false,"relations":[{"operator":false,"rules":[{"operator":"AND","rules":{"cl_field":"date_268cd7750f2754","cl_relation":"week_day_is","cl_val":[1]}}]}],"values":[{"label":"10:00","value":"10:00","selected":false,"tempId":"aco_2696","gt_translate_keys":["label"]},{"label":"14:00","value":"14:00","selected":false,"tempId":"aco_2457","gt_translate_keys":["label"]},{"label":"18:00","value":"18:00","selected":false,"tempId":"aco_91","gt_translate_keys":["label"]}],"price":"","cl_rule":"show","col":6,"type":"select","error":false,"isWeightTemplate":false,"isTemplate":false,"min_quantity":"1","quantity_decimal":false,"quantity_step":"1","quantity_label":"Quantity","repeater_field_label":"{field_label}","repeater_bind":"","gt_translate_keys":["label","placeholder","repeater_field_label","quantity_label"],"price_dependency":false,"cl_dependency":false,"value":""}],[{"label":"\ud83d\udc65 Amount of People","active":true,"required":true,"elementId":"select_1068cd7750f27bc","dropdown_type":"basic","placeholder":"Select Departure Time","name":"select_1068cd7750f27bc","label_position":"default","desc_position":"default","enablePrice":false,"className":"","enableCl":false,"relations":[{"operator":false,"rules":[{"operator":"AND","rules":{"cl_field":"date_268cd7750f2754","cl_relation":"week_day_is","cl_val":[1]}}]}],"values":[{"label":"1 Person","value":"1 Person","selected":false,"tempId":"aco_2695","gt_translate_keys":["label"]},{"label":"2 People","value":"2 People","selected":false,"tempId":"aco_2696","gt_translate_keys":["label"]},{"label":"3 People","value":"3 People","selected":false,"tempId":"aco_3399","gt_translate_keys":["label"]},{"label":"4 People","value":"4 People","selected":false,"tempId":"aco_3409","gt_translate_keys":["label"]},{"label":"5 People","value":"5 People","selected":false,"tempId":"aco_3519","gt_translate_keys":["label"]},{"label":"6 People","value":"6 People","selected":false,"tempId":"aco_3529","gt_translate_keys":["label"]},{"label":"7 People","value":"7 People","selected":false,"tempId":"aco_3557","gt_translate_keys":["label"]},{"label":"8 People","value":"8 People","selected":false,"tempId":"aco_3594","gt_translate_keys":["label"]},{"label":"9 People","value":"9 People","selected":false,"tempId":"aco_3604","gt_translate_keys":["label"]},{"label":"10 People","value":"10 People","selected":false,"tempId":"aco_3722","gt_translate_keys":["label"]}],"price":"","cl_rule":"show","col":6,"type":"select","error":false,"isWeightTemplate":false,"isTemplate":false,"min_quantity":"1","quantity_decimal":false,"quantity_step":"1","quantity_label":"Quantity","repeater_field_label":"{field_label}","repeater_bind":"","gt_translate_keys":["label","placeholder","repeater_field_label","quantity_label"],"price_dependency":false,"cl_dependency":false,"value":""}],[{"active":true,"col":6,"relations":false,"cl_rule":"show","enableCl":false,"price":"","enablePrice":true,"className":"","label_position":"default","desc_position":"default","type":"select","required":false,"elementId":"select_668cd7750f27c5","label":"\u231b\ufe0f Charter Duration (From 750\u20ac)","name":"select_668cd7750f27c5","values":[{"label":"3 Hours (750\u20ac)","value":"3","selected":false,"tempId":"aco_3241","price":"750","gt_translate_keys":["label"]},{"label":"4 Hours (880\u20ac)","value":"4","selected":false,"tempId":"aco_349","price":"880","gt_translate_keys":["label"]},{"label":"5 Hours (1.050\u20ac)","value":"5","selected":false,"tempId":"aco_2139","price":"1050","gt_translate_keys":["label"]},{"label":"6 Hours (1.230\u20ac)","value":"6","selected":false,"tempId":"aco_2149","price":"1230","gt_translate_keys":["label"]},{"label":"7 Hours (1.400\u20ac)","value":"7","selected":false,"tempId":"aco_1706","price":"1400","gt_translate_keys":["label"]},{"label":"8 Hours (1.570\u20ac)","value":"8","selected":false,"tempId":"aco_2393","price":"1570","gt_translate_keys":["label"]}],"dropdown_type":"basic","error":false,"placeholder":"Select Duration Time","priceOptions":"different_for_all","pricingType":"fixed","is_show_price":false,"isWeightTemplate":false,"isTemplate":false,"min_quantity":"1","quantity_decimal":false,"quantity_step":"1","quantity_label":"Quantity","repeater_field_label":"{field_label}","repeater_bind":"","gt_translate_keys":["label","placeholder","repeater_field_label","quantity_label"],"price_dependency":false,"cl_dependency":false,"value":""}],[{"active":true,"col":6,"relations":false,"cl_rule":"show","enableCl":false,"price":"","enablePrice":false,"className":"","label_position":"default","desc_position":"default","type":"separator","required":false,"elementId":"separator_768cd7750f27d0","label":"Separator Field","height":"3","separatorType":"blank","error":false,"gt_translate_keys":["label"],"price_dependency":false,"cl_dependency":false,"value":""}]]}},"config":{"price_override":"always","enable_recaptcha":false,"bind_quantity":false,"quantity_bind_formula":false,"disp_summ_show_option_price":true,"disp_summ_show_product_price":false,"disp_summ_show_total_price":true,"disp_summ_show_fee":true,"disp_summ_show_discount":true,"summary_title":"","options_total_label":"Options Price","total_label":"Total Amount Now","options_product_label":"Product Price","fee_label":"Fee","discount_label":"Discount","has_price":true,"has_quantity_formula":false},"mc_unit":1,"tax_rate":1,"tax_rate_real":1,"discount":{"percentage":0,"fixed":0},"design":{"conf":{"LabelPosition":"above","DescPosition":"above","UploadField":"custom_1","QuantityFieldStyle":"custom_1"},"css":{"LeftLabelWidth":"120px"}},"formulas":{"fmla_1708364241278155361":"(({field.select_668cd7750f27c5.value}>=8)?(335.50):(({field.select_668cd7750f27c5.value}>=6)?(269):(({field.select_668cd7750f27c5.value}>=5)?(252.50):(({field.select_668cd7750f27c5.value}>=4)?(282.50):(({field.select_668cd7750f27c5.value}>=3)?(193.50):(0))))))","fmla_1741607919311571987":"(({field.select_668cd7750f27c5.value}>=8)?(1334.50):(({field.select_668cd7750f27c5.value}>=6)?(1071):(({field.select_668cd7750f27c5.value}>=5)?(977.50):(({field.select_668cd7750f27c5.value}>=4)?(807.50):(({field.select_668cd7750f27c5.value}>=3)?(756.50):(0))))))"},"lookuptables":[],"clones":false,"cartKey":false}},"_links":{"self":[{"href":"https:\/\/canaryvip.com\/nb\/wp-json\/wp\/v2\/product\/15796","targetHints":{"allow":["GET"]}}],"collection":[{"href":"https:\/\/canaryvip.com\/nb\/wp-json\/wp\/v2\/product"}],"about":[{"href":"https:\/\/canaryvip.com\/nb\/wp-json\/wp\/v2\/types\/product"}],"replies":[{"embeddable":true,"href":"https:\/\/canaryvip.com\/nb\/wp-json\/wp\/v2\/comments?post=15796"}],"wp:featuredmedia":[{"embeddable":true,"href":"https:\/\/canaryvip.com\/nb\/wp-json\/wp\/v2\/media\/15937"}],"wp:attachment":[{"href":"https:\/\/canaryvip.com\/nb\/wp-json\/wp\/v2\/media?parent=15796"}],"wp:term":[{"taxonomy":"product_brand","embeddable":true,"href":"https:\/\/canaryvip.com\/nb\/wp-json\/wp\/v2\/product_brand?post=15796"},{"taxonomy":"product_cat","embeddable":true,"href":"https:\/\/canaryvip.com\/nb\/wp-json\/wp\/v2\/product_cat?post=15796"},{"taxonomy":"product_tag","embeddable":true,"href":"https:\/\/canaryvip.com\/nb\/wp-json\/wp\/v2\/product_tag?post=15796"}],"curies":[{"name":"wp","href":"https:\/\/api.w.org\/{rel}","templated":true}]}}