{"id":15724,"date":"2025-08-24T11:35:32","date_gmt":"2025-08-24T10:35:32","guid":{"rendered":"https:\/\/canaryvip.com\/?post_type=product&#038;p=15724"},"modified":"2025-09-06T09:56:39","modified_gmt":"2025-09-06T08:56:39","slug":"neptuno-yacht-charter-tenerife","status":"publish","type":"product","link":"https:\/\/canaryvip.com\/nb\/shop\/neptuno-yacht-charter-tenerife\/","title":{"rendered":"Neptuno Yacht Charter Tenerife"},"content":{"rendered":"<h2>\ud83d\udee5\ufe0f Neptuno Yacht Charter Tenerife<\/h2>\n<p>P\u00e5 <strong>CanaryVIP<\/strong> tilbyr vi deg muligheten til \u00e5 nyte et eksklusivt eventyr om bord p\u00e5 <strong>Neptuno Yacht,<\/strong> en av de f\u00e5 private yachtene p\u00e5 Tenerife som har lisens for <strong>hvalsafari og delfinsafari.<\/strong> Med kapasitet for opptil <strong>22 passasjerer,<\/strong> Denne yachten er et sjeldent alternativ p\u00e5 Tenerife, der de fleste private b\u00e5ter er begrenset til 12 personer. Det er det perfekte valget for st\u00f8rre grupper som \u00f8nsker \u00e5 dele en uforglemmelig dag til sj\u00f8s.<\/p>\n<p>B\u00e5ten har f\u00f8lgende egenskaper <strong>to \u00e5pne dekk,<\/strong> en liten innvendig salong og et toalett for din komfort. Neptuno ble opprinnelig bygget i 1973 og totalrenovert i 2018, og kombinerer tidl\u00f8s design med moderne oppdateringer for \u00e5 skape en unik og avslappet atmosf\u00e6re.<\/p>\n<h3>\ud83c\udf0a Privatcharter fra 3 til 8 timer<\/h3>\n<p>Velg lengden p\u00e5 den private charterturen slik at den passer til dine planer:<\/p>\n<ul>\n<li><strong>3 timer:<\/strong> En kort, men komplett opplevelse med hval- og delfinsafari, bading og snorkling i vakre bukter.<\/li>\n<li><strong>4-5 timer:<\/strong> Mer tid til \u00e5 slappe av, sole deg og utforske den s\u00f8rlige kystlinjen, samtidig som du f\u00e5r flere muligheter til \u00e5 se p\u00e5 dyrelivet.<\/li>\n<li><strong>6-7 timer:<\/strong> Et heldagseventyr med lengre stopp, perfekt for \u00e5 feire spesielle anledninger med familie eller venner.<\/li>\n<li><strong>8 timer:<\/strong> Den ultimate private yachten p\u00e5 Tenerife, som tilbyr en heldagsopplevelse der du kan oppdage skjulte bukter og nyte havet i ditt eget tempo.<\/li>\n<\/ul>\n<h3>\ud83d\udc2c Hval- og delfinsafari<\/h3>\n<p>Et av h\u00f8ydepunktene p\u00e5 Neptuno Yacht er den offisielle lisensen for hval- og delfinsafari. Med avgang fra <strong>Puerto de Los Cristianos<\/strong> (Excursion Pier, sone B) tar b\u00e5ten deg med til omr\u00e5der der det lever grindhvaler og flasknosdelfiner \u00e5ret rundt. Tenerife regnes som et av de beste reisem\u00e5lene i verden for denne aktiviteten, og det \u00e5 oppleve den p\u00e5 en privat yacht gj\u00f8r den enda mer spesiell.<\/p>\n<h3>\ud83c\udf7d\ufe0f Mat og drikke om bord<\/h3>\n<p>Nyt nylagede m\u00e5ltider, frukt og et utvalg av drikkevarer, inkludert vann, brus, \u00f8l, vin og cava.<\/p>\n<p>Forfriskninger er tilgjengelig under hele turen, slik at alle kan f\u00f8le seg vel under cruiset.<\/p>\n<h3>\ud83c\udfa3 Aktiviteter og ekstrautstyr<\/h3>\n<ul>\n<li>Snorkelutstyr er tilgjengelig for badestopp.<\/li>\n<li>Fiskestenger for fritidsfiske er tilgjengelig p\u00e5 foresp\u00f8rsel.<\/li>\n<li>Det er rikelig med dekksplass til \u00e5 sole seg, slappe av og feire om bord.<\/li>\n<\/ul>\n<h3>\ud83d\udccd Neptuno Yacht Detaljer<\/h3>\n<ul>\n<li><strong>Lengde:<\/strong> 13 meter<\/li>\n<li><strong>Maksimal kapasitet:<\/strong> 22 passasjerer<\/li>\n<\/ul>\n<h3>\ud83d\udcbc Hva du b\u00f8r ta med<\/h3>\n<ul>\n<li>Solkrem, solbriller, h\u00e5ndkle og et kamera for \u00e5 fange dyrelivet og utsikten.<\/li>\n<li>En lett jakke anbefales i de kj\u00f8ligere m\u00e5nedene.<\/li>\n<\/ul>\n<h3>\ud83d\udccb Avbestillingsregler<\/h3>\n<p>Vi har forst\u00e5else for at planer kan endres. Her er avbestillingsbetingelsene for Neptuno Yacht:<\/p>\n<ul>\n<li><strong>Private charterturer:<\/strong> Avbestiller du mer enn 7 dager f\u00f8r avreise, f\u00e5r du full refusjon. Ingen refusjon for avbestillinger innen 7 dager eller manglende oppm\u00f8te.<\/li>\n<li><strong>D\u00e5rlig v\u00e6r:<\/strong> Hvis kapteinen anser forholdene som utrygge, vil du f\u00e5 tilbud om \u00e5 flytte turen eller f\u00e5 full refusjon.<\/li>\n<li><strong>Tidlig avkastning:<\/strong> Reiser som forkortes p\u00e5 gjestenes foresp\u00f8rsel (f.eks. ved sj\u00f8syke), refunderes ikke.<\/li>\n<\/ul>\n<h3>\ud83c\udf89 Hvorfor bestille Neptuno Yacht med CanaryVIP<\/h3>\n<ul>\n<li><strong>Lisens for hval- og delfinsafari:<\/strong> En av de f\u00e5 private yachtene p\u00e5 Tenerife som har lov til \u00e5 n\u00e6rme seg disse fantastiske dyrene.<\/li>\n<li><strong>Plass til store grupper:<\/strong> Lisensiert for opptil 22 gjester, perfekt for bursdager, firmaarrangementer eller familiesammenkomster.<\/li>\n<li><strong>Utmerket verdi:<\/strong> En komfortabel <a href=\"https:\/\/canaryvip.com\/nb\/tenerife\/yacht-tenerife\/\">yacht Tenerife<\/a> alternativ med mat, drikke og et erfarent lokalt mannskap.<\/li>\n<\/ul>\n<h3>\ud83d\udccc Avsluttende tanker<\/h3>\n<p>Den <strong>Neptuno Yacht Charter Tenerife<\/strong> er mer enn bare en b\u00e5tutleie. Det er inngangsporten til hvalsafari, delfinsafari, sv\u00f8mming og avslapping med venner eller familie i fullstendig privatliv. Med charterturer fra 3 til 8 timer, fleksibel catering og kapasitet til 22 gjester er dette en av de beste m\u00e5tene \u00e5 <a href=\"https:\/\/canaryvip.com\/nb\/tenerife\/rent-a-boat-tenerife\/\">leie en b\u00e5t p\u00e5 Tenerife<\/a> med selvtillit og stil.<\/p>\n<p>Bestill i dag med <strong>CanaryVIP<\/strong> og f\u00e5 en helt unik opplevelse med en privat yacht p\u00e5 Atlanterhavet.<\/p>","protected":false},"excerpt":{"rendered":"<p><strong>\ud83d\udd0d Neptuno Yacht Tenerife:<\/strong><br \/>\n\u2705 Sikker betaling.<br \/>\n\ud83d\udd10 Private turer tilgjengelig<br \/>\n\ud83d\udc0b Hval- og delfinobservasjon.<br \/>\n\ud83d\ude80 Daglige turer<br \/>\n\ud83c\udf05 Solnedgangsturer er tilgjengelige.<br \/>\n\ud83e\uddc3 Mat og drikke inkludert.<br \/>\n\ud83d\udc65 Opp til 22 personer.<br \/>\n\ud83d\udebd Toalett om bord.<br \/>\n\ud83e\udd3f Snorkelutstyr tilbys.<br \/>\n\ud83e\udd11 Garantert beste pris.<br \/>\n\ud83d\udc6a Rabatter aktivert.<br \/>\n\ud83d\udd01 Opptil 5 dagers avbestilling.<br \/>\n\ud83c\udf0d Flerspr\u00e5klige guider.<br \/>\n\ud83c\udf1f Bestill n\u00e5 og spar penger!<br \/>\n\ud83d\udccd Avgang fra <a href=\"https:\/\/maps.app.goo.gl\/HatmLZkFA7oLCfX57\">Los Cristianos<\/a>.<\/p>","protected":false},"featured_media":15725,"comment_status":"open","ping_status":"closed","template":"","meta":{"_acf_changed":false},"product_brand":[],"product_cat":[47],"product_tag":[],"class_list":{"0":"post-15724","1":"product","2":"type-product","3":"status-publish","4":"has-post-thumbnail","6":"product_cat-boat-hire-tenerife","7":"wcpa_has_options","9":"first","10":"instock","11":"sale","12":"virtual","13":"purchasable","14":"product-type-simple"},"acf":[],"wcpa_form_fields":{"wcpaData":{"product":{"product_price":765,"price_html":"From&nbsp;<del aria-hidden=\"true\"><span class=\"woocommerce-Price-amount amount\"><bdi>900,00&nbsp;<span class=\"woocommerce-Price-currencySymbol\">&euro;<\/span><\/bdi><\/span><\/del> <span class=\"screen-reader-text\">Opprinnelig pris var: 900,00&nbsp;&euro;.<\/span><ins aria-hidden=\"true\"><span class=\"woocommerce-Price-amount amount\"><bdi>765,00&nbsp;<span class=\"woocommerce-Price-currencySymbol\">&euro;<\/span><\/bdi><\/span><\/ins><span class=\"screen-reader-text\">N\u00e5v\u00e6rende pris er: 765,00&nbsp;&euro;.<\/span>","original_product_price":900,"price_including_tax":765,"price_excluding_tax":765,"product_id":{"parent":15724,"variation":false},"is_variable":false,"stock_status":"instock","stock_quantity":null,"parent_sku":"CV15724","product_attributes":[],"custom_fields":[],"is_taxable":false,"product_name":"Neptuno Yacht Charter Tenerife","hasImage":false},"fields":{"sec_068b85c6eaafb2":{"extra":{"key":"sec_068b85c6eaafb2","section_id":"sec_068b85c6eaafb2","name":"Private Charter","status":1,"cl_rule":"show","enableCl":false,"relations":[{"operator":false,"rules":[{"operator":"AND","rules":{"cl_field":"radio-group_768b85c6eaaf46","cl_relation":"is","cl_val":"Private Charter"}}]}],"toggle":true,"title_tag":"h4","show_title":false,"showPrice":"default","repeater_section_field_label":"{field_label}","repeater_section_label":"{section_name}","repeater_bind":"","form_id":15819,"form_rules":{"exclude_from_discount":true,"fee_label":"Fee","disp_hide_options_price":true,"disp_show_section_price":false,"disp_show_field_price":true,"layout_option":"standard","pric_use_as_fee":false,"process_fee_as":"woo_fee"},"layout_option":"standard"},"fields":[[{"label":"\ud83d\udcc5 Date","active":true,"required":true,"elementId":"date_368b85c6eaafbc","picker_type":"custom","picker_mode":"single","placeholder":"","description":"","tooltip":"","name":"date_368b85c6eaafbc","label_position":"default","desc_position":"default","enablePrice":false,"className":"","enableCl":false,"relations":[{"operator":"and","rules":[{"operator":"AND","rules":{"cl_field":"radio-group_367e16bf8dd4f5","cl_relation":"is","cl_val":"3 Hour Trip"}}]}],"enableDesign":false,"LabelColor":"","date_pic_inline":true,"date_pic_inline_hide":true,"min_date":{"type":"days","val":"2"},"max_date":{"type":"days","val":"365"},"date_pic_conf":{"disabledWeeks":[]},"price":"","cl_rule":"show","col":6,"type":"date","error":false,"isWeightTemplate":false,"isTemplate":false,"min_quantity":"1","quantity_decimal":false,"quantity_step":"1","quantity_label":"Quantity","repeater_field_label":"{field_label}","repeater_bind":"","gt_translate_keys":["label","placeholder","description","tooltip","repeater_field_label","quantity_label"],"price_dependency":false,"cl_dependency":false,"value":""}],[{"active":true,"col":6,"relations":false,"cl_rule":"show","enableCl":false,"price":"","enablePrice":true,"className":"","label_position":"default","desc_position":"default","type":"select","required":false,"elementId":"select_668b85c6eaafc6","label":"\u231b\ufe0f Charter Duration (From 765\u20ac)","name":"select_668b85c6eaafc6","values":[{"label":"3 Hours (From 765\u20ac)","value":"3","selected":false,"tempId":"aco_3241","price":"765","options_cl":false,"relations":[{"operator":false,"rules":[{"operator":"AND","rules":{"cl_field":"","cl_relation":"","cl_val":""}}]}],"cl_rule":"show","gt_translate_keys":["label"]},{"label":"4 Hours (From 985\u20ac)","value":"4","selected":false,"tempId":"aco_2149","price":"985","gt_translate_keys":["label"]},{"label":"5 Hours (From 1.225\u20ac)","value":"5","selected":false,"tempId":"aco_468","price":"1225","gt_translate_keys":["label"]},{"label":"6 Hours (From 1.465\u20ac)","value":"6","selected":false,"tempId":"aco_505","price":"1465","gt_translate_keys":["label"]},{"label":"7 Hours (From 1.700\u20ac)","value":"7","selected":false,"tempId":"aco_542","price":"1700","gt_translate_keys":["label"]},{"label":"8 Hours (From 1.960\u20ac)","value":"8","selected":false,"tempId":"aco_579","price":"1960","gt_translate_keys":["label"]}],"dropdown_type":"basic","error":false,"placeholder":"Select Duration Time","priceOptions":"different_for_all","pricingType":"fixed","is_show_price":false,"isWeightTemplate":false,"isTemplate":false,"min_quantity":"1","quantity_decimal":false,"quantity_step":"1","quantity_label":"Quantity","repeater_field_label":"{field_label}","repeater_bind":"","gt_translate_keys":["label","placeholder","repeater_field_label","quantity_label"],"price_dependency":false,"cl_dependency":false,"value":""}],[{"label":"\u23f0 Departure","active":true,"required":true,"elementId":"select_468b85c6eaafd0","dropdown_type":"basic","placeholder":"Select Departure Time","name":"select_468b85c6eaafd0","label_position":"default","desc_position":"default","enablePrice":true,"className":"","enableCl":false,"relations":[{"operator":false,"rules":[{"operator":"AND","rules":{"cl_field":"date_367e16bf8dd504","cl_relation":"week_day_is","cl_val":[1]}}]}],"values":[{"label":"9:30","value":"9:30","selected":false,"tempId":"aco_2695","price":"0","gt_translate_keys":["label"]},{"label":"12:30","value":"12:30","selected":false,"tempId":"aco_2329","price":"0","gt_translate_keys":["label"]},{"label":"15:30","value":"15:30","selected":false,"tempId":"aco_2457","price":"0","gt_translate_keys":["label"]},{"label":"17:00","value":"17:00","selected":false,"tempId":"aco_19","price":"100","gt_translate_keys":["label"]}],"price":"","cl_rule":"show","col":6,"type":"select","error":false,"priceOptions":"different_for_all","pricingType":"fixed","is_show_price":true,"isWeightTemplate":false,"isTemplate":false,"min_quantity":"1","quantity_decimal":false,"quantity_step":"1","quantity_label":"Quantity","repeater_field_label":"{field_label}","repeater_bind":"","gt_translate_keys":["label","placeholder","repeater_field_label","quantity_label"],"price_dependency":false,"cl_dependency":false,"value":""}],[{"active":true,"col":6,"relations":false,"cl_rule":"show","enableCl":false,"price":"","enablePrice":true,"className":"","label_position":"default","desc_position":"default","type":"select","required":false,"elementId":"select_3142719928","label":"\ud83d\udc65 Amount of People","name":"select_3142719928","values":[{"label":"1 Person","value":"1 Person","selected":false,"tempId":"aco_1169","options_cl":false,"relations":[{"operator":false,"rules":[{"operator":"AND","rules":{"cl_field":"","cl_relation":"","cl_val":""}}]}],"cl_rule":"show","gt_translate_keys":["label"]},{"label":"2 People","value":"2 People","selected":false,"tempId":"aco_1170","gt_translate_keys":["label"]},{"label":"3 People","value":"3 People","selected":false,"tempId":"aco_1171","gt_translate_keys":["label"]},{"label":"4 People","value":"4 People","selected":false,"tempId":"aco_1397","gt_translate_keys":["label"]},{"label":"5 People (+20\u20ac)","value":"5 People","selected":false,"tempId":"aco_2351","price":"20","gt_translate_keys":["label"]},{"label":"6 People (+30\u20ac)","value":"6 People","selected":false,"tempId":"aco_1461","price":"30","gt_translate_keys":["label"]},{"label":"7 People (+40\u20ac)","value":"7 People","selected":false,"tempId":"aco_1507","price":"40","gt_translate_keys":["label"]},{"label":"8 People (+50\u20ac)","value":"8 People","selected":false,"tempId":"aco_1553","price":"50","gt_translate_keys":["label"]},{"label":"9 People (+60\u20ac)","value":"9 People","selected":false,"tempId":"aco_1563","price":"60","gt_translate_keys":["label"]},{"label":"10 People (+70\u20ac)","value":"10 People","selected":false,"tempId":"aco_1573","price":"70","gt_translate_keys":["label"]},{"label":"11 People (+80\u20ac)","value":"11 People","selected":false,"tempId":"aco_1583","price":"80","gt_translate_keys":["label"]},{"label":"12 People (+90\u20ac)","value":"12 People","selected":false,"tempId":"aco_1746","price":"90","gt_translate_keys":["label"]},{"label":"13 People (+100\u20ac)","value":"13 People","selected":false,"tempId":"aco_1756","price":"100","gt_translate_keys":["label"]},{"label":"14 People (+110\u20ac)","value":"14 People","selected":false,"tempId":"aco_1766","price":"110","gt_translate_keys":["label"]},{"label":"15 People (+120\u20ac)","value":"15 People","selected":false,"tempId":"aco_1911","price":"120","gt_translate_keys":["label"]},{"label":"16 People (+130\u20ac)","value":"16 People","selected":false,"tempId":"aco_1957","price":"130","gt_translate_keys":["label"]},{"label":"17 People (+140\u20ac)","value":"17 People","selected":false,"tempId":"aco_2003","price":"140","gt_translate_keys":["label"]},{"label":"18 People (+150\u20ac)","value":"18 People","selected":false,"tempId":"aco_2049","price":"150","gt_translate_keys":["label"]},{"label":"19 People (+160\u20ac)","value":"19 People","selected":false,"tempId":"aco_2113","price":"160","gt_translate_keys":["label"]},{"label":"20 People (+170\u20ac)","value":"20 People","selected":false,"tempId":"aco_2159","price":"170","gt_translate_keys":["label"]},{"label":"21 People (+180\u20ac)","value":"21 People","selected":false,"tempId":"aco_2205","price":"180","gt_translate_keys":["label"]},{"label":"22 People (+190\u20ac)","value":"22 People","selected":false,"tempId":"aco_2269","price":"190","gt_translate_keys":["label"]}],"isWeightTemplate":false,"error":false,"isTemplate":false,"min_quantity":"1","quantity_decimal":false,"quantity_step":"1","quantity_label":"Quantity","repeater_field_label":"{field_label}","repeater_bind":"","dropdown_type":"basic","priceOptions":"different_for_all","pricingType":"fixed","is_show_price":false,"gt_translate_keys":["label","repeater_field_label","quantity_label"],"price_dependency":false,"cl_dependency":false,"value":""}],[{"active":true,"col":6,"relations":false,"cl_rule":"show","enableCl":false,"price":"","enablePrice":false,"className":"","label_position":"default","desc_position":"default","type":"separator","required":false,"elementId":"separator_368b85c6eaafe4","label":"Separator Field","height":"3","separatorType":"blank","error":false,"gt_translate_keys":["label"],"price_dependency":false,"cl_dependency":false,"value":""}],[{"active":true,"col":6,"relations":[{"operator":false,"rules":[{"operator":"AND","rules":{"cl_field":"","cl_relation":"","cl_val":""}}]}],"cl_rule":"show","enableCl":false,"price":"","enablePrice":false,"className":"","label_position":"default","desc_position":"default","type":"content","required":false,"elementId":"content_1542895609","label":"","name":"content_1542895609","contentType":"rich","value":"<p>Please note that any tour that remains on the water after 17:00 will have an additional cost of \u20ac100, to be paid directly on the boat.<\/p>","isTemplate":false,"error":false,"enableDesign":true,"DescColor":"#0042ff","show_in_checkout":true,"gt_translate_keys":["label","value"],"price_dependency":false,"cl_dependency":false}]]}},"config":{"price_override":"always","enable_recaptcha":false,"bind_quantity":false,"quantity_bind_formula":false,"disp_summ_show_option_price":true,"disp_summ_show_product_price":false,"disp_summ_show_total_price":true,"disp_summ_show_fee":true,"disp_summ_show_discount":true,"summary_title":"","options_total_label":"Options Price","total_label":"Total Amount Now","options_product_label":"Product Price","fee_label":"Fee","discount_label":"Discount","has_price":true,"has_quantity_formula":false},"mc_unit":1,"tax_rate":1,"tax_rate_real":1,"discount":{"percentage":0,"fixed":0},"design":{"conf":{"LabelPosition":"above","DescPosition":"above","UploadField":"custom_1","QuantityFieldStyle":"custom_1"},"css":{"LeftLabelWidth":"120px"}},"formulas":{"fmla_1708364241278155361":"(({field.select_668b85c6eaafc6.value}>=4)?(150+({field.number_268b85c6eaafd9.value}*5)):(({field.select_668b85c6eaafc6.value}>=3)?(100+({field.number_268b85c6eaafd9.value}*5)):(0)))","fmla_1742826688120818082":"(({field.select_668b85c6eaafc6.value}>=4)?(1500+{field.select_468b85c6eaafd0.price}):(({field.select_668b85c6eaafc6.value}>=3)?(750+{field.select_468b85c6eaafd0.price}):(0)))"},"lookuptables":[],"clones":false,"cartKey":false}},"_links":{"self":[{"href":"https:\/\/canaryvip.com\/nb\/wp-json\/wp\/v2\/product\/15724","targetHints":{"allow":["GET"]}}],"collection":[{"href":"https:\/\/canaryvip.com\/nb\/wp-json\/wp\/v2\/product"}],"about":[{"href":"https:\/\/canaryvip.com\/nb\/wp-json\/wp\/v2\/types\/product"}],"replies":[{"embeddable":true,"href":"https:\/\/canaryvip.com\/nb\/wp-json\/wp\/v2\/comments?post=15724"}],"wp:featuredmedia":[{"embeddable":true,"href":"https:\/\/canaryvip.com\/nb\/wp-json\/wp\/v2\/media\/15725"}],"wp:attachment":[{"href":"https:\/\/canaryvip.com\/nb\/wp-json\/wp\/v2\/media?parent=15724"}],"wp:term":[{"taxonomy":"product_brand","embeddable":true,"href":"https:\/\/canaryvip.com\/nb\/wp-json\/wp\/v2\/product_brand?post=15724"},{"taxonomy":"product_cat","embeddable":true,"href":"https:\/\/canaryvip.com\/nb\/wp-json\/wp\/v2\/product_cat?post=15724"},{"taxonomy":"product_tag","embeddable":true,"href":"https:\/\/canaryvip.com\/nb\/wp-json\/wp\/v2\/product_tag?post=15724"}],"curies":[{"name":"wp","href":"https:\/\/api.w.org\/{rel}","templated":true}]}}