{"id":15386,"date":"2025-08-07T14:09:56","date_gmt":"2025-08-07T13:09:56","guid":{"rendered":"https:\/\/canaryvip.com\/?post_type=product&#038;p=15386"},"modified":"2025-08-09T13:45:20","modified_gmt":"2025-08-09T12:45:20","slug":"crazy-ufo-twister-tenerife","status":"publish","type":"product","link":"https:\/\/canaryvip.com\/nb\/shop\/crazy-ufo-twister-tenerife\/","title":{"rendered":"Crazy UFO &amp; Twister Tenerife"},"content":{"rendered":"<h2><strong>\ud83d\ude80 Crazy UFO Tenerife - fartsfylt moro p\u00e5 vannet<\/strong><\/h2>\n<p>Er du ute etter en vill tur? Hopp p\u00e5 <strong>Gal UFO Tenerife<\/strong> og gj\u00f8r deg klar for en intens blanding av fart, sprut og rent adrenalin. Dette er en av de mest spennende <strong>Vannsport p\u00e5 Tenerife<\/strong>Costa Adeje er perfekt for familier, par eller vennegjenger som er ute etter noe uforglemmelig \u00e5 gj\u00f8re i Costa Adeje.<\/p>\n<h3><strong>\ud83c\udf0a Avreise fra Puerto Col\u00f3n<\/strong><\/h3>\n<ul>\n<li><strong>Enkel tilgang:<\/strong> Eventyret ditt starter fra <a href=\"https:\/\/maps.app.goo.gl\/bkqEhAxsobcjz9wG9\" target=\"_blank\" rel=\"noopener\">Puerto Col\u00f3n<\/a>En av de mest popul\u00e6re havnene s\u00f8r p\u00e5 Tenerife. Den er lett \u00e5 n\u00e5, og er omgitt av herlige strandvibber.<\/li>\n<li><strong>Rask orientering:<\/strong> F\u00f8r turen f\u00e5r du en sikkerhetsgjennomgang av det erfarne mannskapet for \u00e5 sikre at alt er klart for en trygg og morsom opplevelse.<\/li>\n<\/ul>\n<h3><strong>\u2728 Hvorfor velge den spr\u00f8 UFO-turen p\u00e5 Tenerife?<\/strong><\/h3>\n<ul>\n<li><strong>Intens adrenalin:<\/strong> Dette er ikke bare en vanlig oppbl\u00e5sbar forlystelse. Crazy UFO snurrer, glir og hopper over b\u00f8lgene p\u00e5 en m\u00e5te som vil f\u00e5 deg til \u00e5 le og skrike p\u00e5 en gang.<\/li>\n<li><strong>Perfekt for alle:<\/strong> Du trenger ikke \u00e5 v\u00e6re proff. Enten det er din f\u00f8rste vannaktivitet eller din tiende, er denne turen trygg og morsom for alle ferdighetsniv\u00e5er - fra nybegynnere til spenningss\u00f8kende.<\/li>\n<li><strong>Fantastisk utsikt:<\/strong> Mens du flyr over havet, kan du ta deg tid til \u00e5 beundre den vakre kystlinjen ved Playa de las Am\u00e9ricas og det glitrende vannet i Atlanterhavet.<\/li>\n<\/ul>\n<h3><strong>\ud83d\udcb6 Stor verdi for en kort, men intens tur<\/strong><\/h3>\n<ul>\n<li><strong>Varighet:<\/strong> En 15 minutter lang spenningsfylt og actionfylt tur.<\/li>\n<li><strong>Rimelig pris:<\/strong> Et morsomt og rimelig alternativ for de som \u00f8nsker \u00e5 pr\u00f8ve spennende <strong>vannaktiviteter p\u00e5 Tenerife<\/strong> uten \u00e5 bruke en formue.<\/li>\n<li><strong>Bilder tilgjengelig:<\/strong> Ikke glem \u00e5 sjekke ut bildene av turen din som er tilgjengelige for kj\u00f8p - du vil ha bevis p\u00e5 de ville ansiktene!<\/li>\n<\/ul>\n<h3><strong>\u2696\ufe0f Fleksibel bestilling og avbestilling<\/strong><\/h3>\n<ul>\n<li><strong>Lett \u00e5 bestille:<\/strong> Hos CanaryVIP gj\u00f8r vi det enkelt og raskt \u00e5 bestille din Crazy UFO-tur. Bare velg dato og sikre deg plass.<\/li>\n<li><strong>Gratis avbestilling:<\/strong> Endrede planer? Det er ikke noe problem. Du kan avbestille opp til 24 timer f\u00f8r aktiviteten og f\u00e5 full refusjon. Ikke noe stress, ingen bekymringer.<\/li>\n<\/ul>\n<h3><strong>\u2705 Hva er inkludert i den vanvittige UFO Tenerife-turen?<\/strong><\/h3>\n<ul>\n<li>Flytevester og sikkerhetsutstyr til alle deltakere.<\/li>\n<li>15 minutter med h\u00f8yhastighetsaction p\u00e5 den oppbl\u00e5sbare Crazy UFO.<\/li>\n<li>Profesjonelt og vennlig personale som s\u00f8rger for en trygg og morsom opplevelse.<\/li>\n<li>Valgfrie bilder av turen for \u00e5 holde minnene i live.<\/li>\n<\/ul>\n<h3><strong>\ud83c\udfaf Hvorfor bestille med CanaryVIP?<\/strong><\/h3>\n<ul>\n<li>Vi samarbeider med de beste vannsportselskapene p\u00e5 Tenerife for \u00e5 kunne tilby de beste og tryggeste opplevelsene.<\/li>\n<li>Vi har base p\u00e5 Tenerife og er tilgjengelige for \u00e5 hjelpe deg med lokale r\u00e5d, b\u00e5de f\u00f8r og etter bestillingen.<\/li>\n<li>Du kan kombinere dette med andre <strong>vannaktiviteter p\u00e5 Tenerife<\/strong> som <a href=\"https:\/\/canaryvip.com\/nb\/shop\/jetski-tenerife\/\">vannscooterturer<\/a>, <a href=\"https:\/\/canaryvip.com\/nb\/shop\/parasailing-tenerife\/\">parasailing<\/a> eller <a href=\"https:\/\/canaryvip.com\/nb\/tenerife\/boat-excursions\/\">b\u00e5tturer<\/a>-alle i samme omr\u00e5de!<\/li>\n<\/ul>\n<h3><strong>\ud83c\udf92 Hva du b\u00f8r ta med<\/strong><\/h3>\n<ul>\n<li><strong>Badet\u00f8y:<\/strong> Du kommer til \u00e5 bli v\u00e5t! Kom kledd for vann og klar til \u00e5 ha det g\u00f8y.<\/li>\n<li><strong>Solbeskyttelse:<\/strong> Ta med solkrem, spesielt p\u00e5 solfylte dager.<\/li>\n<li><strong>La verdisaker ligge igjen:<\/strong> Det finnes sikre oppbevaringsomr\u00e5der i havnen der du kan sette fra deg tingene dine mens du er p\u00e5 tur.<\/li>\n<\/ul>\n<h3>\u2753 <strong>Ofte stilte sp\u00f8rsm\u00e5l<\/strong><\/h3>\n<ul>\n<li><strong>Er den gale UFO-en trygg?<\/strong> Absolutt. Sikkerhet har h\u00f8yeste prioritet. Turen overv\u00e5kes av utdannede fagfolk, og alle deltakerne bruker redningsvest.<\/li>\n<li><strong>M\u00e5 jeg kunne sv\u00f8mme?<\/strong> Ingen sv\u00f8mmeerfaring er n\u00f8dvendig. Du vil alltid ha p\u00e5 deg redningsvest.<\/li>\n<li><strong>Hva er minimumsalderen?<\/strong> Barn fra 10 \u00e5r og oppover kan vanligvis sitte p\u00e5, men det er alltid best \u00e5 sp\u00f8rre oss f\u00f8r du bestiller hvis du er usikker.<\/li>\n<\/ul>\n<h4><strong>\ud83c\udf1e Gj\u00f8r deg klar til \u00e5 skrike, le og plaske!<\/strong><\/h4>\n<p>Ikke g\u00e5 glipp av en av de morsomste <strong>Vannsport p\u00e5 Tenerife<\/strong>. Bestill din <strong>Gal UFO Tenerife<\/strong> Kj\u00f8r i dag med CanaryVIP og opplev spenningen ved \u00e5 fly over b\u00f8lgene i en av de mest spennende vannaktivitetene \u00f8ya har \u00e5 by p\u00e5.<\/p>","protected":false},"excerpt":{"rendered":"<p>\ud83d\udd0d<strong> Crazy UFO &amp; Twister Tenerife:<br \/>\n<\/strong>\u2705 Sikker betaling.<br \/>\n\ud83d\udc65 Opptil 8 ryttere per tur.<br \/>\n\ud83d\ude80 Turer varer i 15 minutter.<br \/>\n\ud83c\udfde\ufe0f Kj\u00f8rer i h\u00f8y hastighet.<br \/>\n\ud83d\udd59 Gjennom hele dagen.<br \/>\n\ud83d\udcc5 Tilgjengelig hver dag.<br \/>\n\ud83e\udd11 Garantert beste pris.<br \/>\n\ud83d\udc6a Rabatter for grupper.<br \/>\n\ud83d\udd01 24 timers avbestillingsregler.<br \/>\n\ud83c\udf0d St\u00f8tte for flere spr\u00e5k.<br \/>\n\ud83c\udf1f Bestill p\u00e5 forh\u00e5nd for \u00e5 spare penger.<br \/>\n\ud83d\udccd Avgang fra <a href=\"https:\/\/maps.app.goo.gl\/bkqEhAxsobcjz9wG9\">Puerto Col\u00f3n<\/a>.<\/p>","protected":false},"featured_media":15388,"comment_status":"open","ping_status":"closed","template":"","meta":{"_acf_changed":false},"product_brand":[],"product_cat":[53],"product_tag":[],"class_list":{"0":"post-15386","1":"product","2":"type-product","3":"status-publish","4":"has-post-thumbnail","6":"product_cat-water-sports","7":"wcpa_has_options","9":"first","10":"instock","11":"virtual","12":"purchasable","13":"product-type-simple"},"acf":[],"wcpa_form_fields":{"wcpaData":{"product":{"product_price":18,"price_html":"From&nbsp;<span class=\"woocommerce-Price-amount amount\"><bdi>18,00&nbsp;<span class=\"woocommerce-Price-currencySymbol\">&euro;<\/span><\/bdi><\/span>","original_product_price":18,"price_including_tax":18,"price_excluding_tax":18,"product_id":{"parent":15386,"variation":false},"is_variable":false,"stock_status":"instock","stock_quantity":null,"parent_sku":"CV15386","product_attributes":[],"custom_fields":[],"is_taxable":false,"product_name":"Crazy UFO & Twister Tenerife","hasImage":false},"fields":{"sec_16894ab7dd6246":{"extra":{"key":"sec_16894ab7dd6246","section_id":"sec_16894ab7dd6246","name":"Default","status":1,"cl_rule":"show","enableCl":false,"relations":[],"toggle":true,"title_tag":"h3","show_title":false,"showPrice":"default","form_id":15391,"form_rules":{"exclude_from_discount":true,"fee_label":"Fee","disp_hide_options_price":true,"disp_show_section_price":false,"disp_show_field_price":true,"layout_option":"standard","pric_use_as_fee":false,"process_fee_as":"woo_fee"},"layout_option":"standard"},"fields":[[{"label":"\ud83d\udcc5 Date","active":true,"required":true,"elementId":"date_26894ab7dd6265","picker_type":"custom","picker_mode":"single","placeholder":"","description":"","tooltip":"","name":"date_26894ab7dd6265","label_position":"default","desc_position":"default","enablePrice":false,"className":"","enableCl":false,"relations":[{"operator":"and","rules":[{"operator":"AND","rules":{"cl_field":"radio-group_5661bc90f5e8f5","cl_relation":"is_not_empty","cl_val":"3 Hour Trip"}}]}],"date_pic_inline":true,"date_pic_inline_hide":true,"min_date":{"type":"days","val":"1"},"max_date":{"type":"days","val":"365"},"date_pic_conf":{"disabledWeeks":[]},"price":"","cl_rule":"show","col":6,"type":"date","error":false,"enableDesign":false,"LabelColor":"","isWeightTemplate":false,"isTemplate":false,"min_quantity":"1","quantity_decimal":false,"quantity_step":"1","quantity_label":"Quantity","repeater_field_label":"{field_label}","repeater_bind":"","gt_translate_keys":["label","placeholder","description","tooltip","repeater_field_label","quantity_label"],"price_dependency":false,"cl_dependency":false,"value":""}],[{"active":true,"col":6,"relations":false,"cl_rule":"show","enableCl":false,"price":"","enablePrice":false,"className":"","label_position":"default","desc_position":"default","type":"select","required":true,"elementId":"select_66894ab7dd6273","label":"\u23f0 Departure Time","name":"select_66894ab7dd6273","values":[{"label":"Whichever Time is Best","value":"Whichever Time is Best","selected":false,"tempId":"aco_312","gt_translate_keys":["label"]},{"label":"10:00","value":"10:00","selected":false,"tempId":"aco_313","gt_translate_keys":["label"]},{"label":"11:00","value":"11:00","selected":false,"tempId":"aco_314","gt_translate_keys":["label"]},{"label":"12:00","value":"12:00","selected":false,"tempId":"aco_711","gt_translate_keys":["label"]},{"label":"13:00","value":"13:00","selected":false,"tempId":"aco_721","gt_translate_keys":["label"]},{"label":"14:00","value":"14:00","selected":false,"tempId":"aco_983","gt_translate_keys":["label"]},{"label":"15:00","value":"15:00","selected":false,"tempId":"aco_993","gt_translate_keys":["label"]},{"label":"16:00","value":"16:00","selected":false,"tempId":"aco_1183","gt_translate_keys":["label"]}],"dropdown_type":"basic","error":false,"multiple":false,"placeholder":"None","isWeightTemplate":false,"isTemplate":false,"min_quantity":"1","quantity_decimal":false,"quantity_step":"1","quantity_label":"Quantity","repeater_field_label":"{field_label}","repeater_bind":"","gt_translate_keys":["label","placeholder","repeater_field_label","quantity_label"],"price_dependency":false,"cl_dependency":false,"value":""}],[{"active":true,"col":6,"relations":[{"operator":false,"rules":[{"operator":"AND","rules":{"cl_field":"","cl_relation":"","cl_val":""}}]}],"cl_rule":"show","enableCl":true,"price":"18","enablePrice":true,"className":"","label_position":"default","desc_position":"default","type":"radio-group","required":false,"elementId":"radio-group_76894ab7dd6281","label":"","name":"radio-group_76894ab7dd6281","values":[{"label":"\ud83d\udc64 People (18\u20ac)","value":"People","selected":true,"tempId":"aco_32","tooltip":"","description":"","gt_translate_keys":["label","tooltip","description"]}],"layOut":"","error":false,"checkUi":"button","priceOptions":"fixed_for_all","pricingType":"fixed","enable_quantity":true,"quantity_label":"","min_quantity":"0","options_tooltip":true,"options_description":true,"is_show_price":true,"isWeightTemplate":false,"isTemplate":false,"quantity_decimal":false,"quantity_step":"1","repeater_field_label":"{field_label}","repeater_bind":"","gt_translate_keys":["label","repeater_field_label","quantity_label"],"price_dependency":false,"cl_dependency":false,"value":""}],[{"active":true,"col":6,"relations":false,"cl_rule":"show","enableCl":false,"price":"","enablePrice":false,"className":"","label_position":"default","desc_position":"default","type":"separator","required":false,"elementId":"separator_16894ab7dd628d","label":"Separator Field","height":"6","separatorType":"fill","error":false,"separatorColor":"#66a5b6","gt_translate_keys":["label"],"price_dependency":false,"cl_dependency":false,"value":""}],[{"active":true,"col":6,"relations":false,"cl_rule":"show","enableCl":false,"price":"{field.radio-group_76894ab7dd6281.quantity}*6","enablePrice":true,"className":"","label_position":"default","desc_position":"default","type":"content","required":false,"elementId":"content_66894ab7dd6297","label":"Deposit Now","name":"content_66894ab7dd6297","contentType":"plain","value":"","error":false,"subtype":"div","inline":true,"show_in_checkout":true,"pricingType":"custom","isTemplate":false,"gt_translate_keys":["label","value"],"price_dependency":false,"cl_dependency":false}],[{"contentType":"plain","active":true,"label":"Payment at Arrival","elementId":"content_96894ab7dd62a1","value":"","inline":true,"show_in_checkout":true,"name":"content_96894ab7dd62a1","enablePrice":true,"className":"","subtype":"div","enableCl":false,"relations":false,"pricingType":"custom","isTemplate":false,"price":"{field.radio-group_76894ab7dd6281.quantity}*12","is_show_price":true,"cl_rule":"show","col":6,"type":"content","error":false,"gt_translate_keys":["label","value"],"price_dependency":false,"cl_dependency":false}],[{"contentType":"plain","active":true,"label":"Total Price","elementId":"content_76894ab7dd62ab","value":"","inline":true,"show_in_checkout":true,"name":"content_76894ab7dd62ab","enablePrice":true,"className":"","subtype":"div","enableCl":false,"relations":false,"pricingType":"custom","isTemplate":false,"price":"{field.radio-group_76894ab7dd6281.quantity}*18","is_show_price":true,"cl_rule":"show","col":6,"type":"content","error":false,"gt_translate_keys":["label","value"],"price_dependency":false,"cl_dependency":false}]]}},"config":{"price_override":"always","enable_recaptcha":false,"bind_quantity":false,"quantity_bind_formula":false,"disp_summ_show_option_price":true,"disp_summ_show_product_price":false,"disp_summ_show_total_price":true,"disp_summ_show_fee":true,"disp_summ_show_discount":true,"summary_title":"","options_total_label":"Options Price","total_label":"Total Amount","options_product_label":"Product Price","fee_label":"Fee","discount_label":"Discount","has_price":true,"has_quantity_formula":false},"mc_unit":1,"tax_rate":1,"tax_rate_real":1,"discount":{"percentage":0,"fixed":0},"design":{"conf":{"LabelPosition":"above","DescPosition":"above","UploadField":"custom_1","QuantityFieldStyle":"custom_1"},"css":{"LeftLabelWidth":"120px"}},"formulas":[],"lookuptables":[],"clones":false,"cartKey":false}},"_links":{"self":[{"href":"https:\/\/canaryvip.com\/nb\/wp-json\/wp\/v2\/product\/15386","targetHints":{"allow":["GET"]}}],"collection":[{"href":"https:\/\/canaryvip.com\/nb\/wp-json\/wp\/v2\/product"}],"about":[{"href":"https:\/\/canaryvip.com\/nb\/wp-json\/wp\/v2\/types\/product"}],"replies":[{"embeddable":true,"href":"https:\/\/canaryvip.com\/nb\/wp-json\/wp\/v2\/comments?post=15386"}],"wp:featuredmedia":[{"embeddable":true,"href":"https:\/\/canaryvip.com\/nb\/wp-json\/wp\/v2\/media\/15388"}],"wp:attachment":[{"href":"https:\/\/canaryvip.com\/nb\/wp-json\/wp\/v2\/media?parent=15386"}],"wp:term":[{"taxonomy":"product_brand","embeddable":true,"href":"https:\/\/canaryvip.com\/nb\/wp-json\/wp\/v2\/product_brand?post=15386"},{"taxonomy":"product_cat","embeddable":true,"href":"https:\/\/canaryvip.com\/nb\/wp-json\/wp\/v2\/product_cat?post=15386"},{"taxonomy":"product_tag","embeddable":true,"href":"https:\/\/canaryvip.com\/nb\/wp-json\/wp\/v2\/product_tag?post=15386"}],"curies":[{"name":"wp","href":"https:\/\/api.w.org\/{rel}","templated":true}]}}