{"id":15373,"date":"2025-08-07T12:36:55","date_gmt":"2025-08-07T11:36:55","guid":{"rendered":"https:\/\/canaryvip.com\/?post_type=product&#038;p=15373"},"modified":"2025-10-23T10:52:49","modified_gmt":"2025-10-23T09:52:49","slug":"bellini-luxury-yacht-tenerife","status":"publish","type":"product","link":"https:\/\/canaryvip.com\/nb\/shop\/bellini-luxury-yacht-tenerife\/","title":{"rendered":"Bellini Luxury Yacht Tenerife"},"content":{"rendered":"<h2><strong>\ud83d\udee5\ufe0f Bellini Luxury Yacht Charter p\u00e5 Tenerife<\/strong><\/h2>\n<p class=\"translation-block\">Opplev et av de mest eksklusive b\u00e5teventyrene p\u00e5 \u00f8ya med <strong>Bellini Luxury Yacht Tenerife<\/strong>. Med avgang fra den pittoreske marinaen i <a href=\"https:\/\/maps.app.goo.gl\/Xq4LkTRqPjHQzRBE8\" target=\"_blank\" rel=\"noopener\">Puerto de Los Gigantes<\/a>, tilbyr denne private charterturen direkte tilgang til noe av det mest fantastiske landskapet p\u00e5 Tenerife, inkludert de ruvende klippene i Los Gigantes og den uber\u00f8rte kystlinjen i Masca.<\/p>\n<p class=\"translation-block\">Enten du skal feire en spesiell anledning eller bare \u00f8nsker \u00e5 <strong>leie en yacht p\u00e5 Tenerife<\/strong> for en luksusferie, er Bellini det perfekte valget for eleganse, komfort og uforglemmelig utsikt.<\/p>\n<h3>\u2b50\ufe0f <strong>Hvorfor Bellini er en av de beste luksusyachtene p\u00e5 Tenerife<\/strong><\/h3>\n<p><span style=\"text-decoration: underline;\"><strong>Det som skiller Bellini fra andre:<\/strong><\/span><\/p>\n<p><strong>Eksklusivt velkommen:<\/strong> Hver charterreise begynner med en varm velkomst med et utvalg av nyanrettet tropisk frukt og f\u00f8rsteklasses iberisk skinke fra 5J, noe som setter tonen for en seilopplevelse av ypperste klasse.<\/p>\n<p><strong>\u00c5pen bar:<\/strong> Nyt ubegrenset med drikke, inkludert vin, \u00f8l, vann, juice, brus og cava.<\/p>\n<p><strong>Privat tilgang til skjulte strender:<\/strong> Takket v\u00e6re jolleservicen kan Bellini gi gjestene mulighet til \u00e5 n\u00e5 skjulte bukter og strender for et virkelig eksklusivt stopp langs kysten.<\/p>\n<h4>\ud83c\udf0a <strong>Inkluderte aktiviteter om bord<\/strong><\/h4>\n<p class=\"translation-block\">Denne <strong>luksusyachten p\u00e5 Tenerife<\/strong> handler om mer enn bare seiling, den handler om \u00e5 skape minner:<\/p>\n<ul>\n<li><strong>\ud83c\udfc4 Padle og surfe:<\/strong> Ha det g\u00f8y p\u00e5 vannet med stand-up padlebrett, enkelt for nybegynnere og avslappende for alle.<\/li>\n<li><strong>\ud83e\udd3f Snorkelutstyr:<\/strong> Dykk ned og oppdag Tenerifes undervannsverden fylt med marint liv og klart, bl\u00e5tt vann.<\/li>\n<li><strong>\ud83d\udcf8 GoPro og Polaroid:<\/strong> Bruk kameraene v\u00e5re om bord til \u00e5 fange alle h\u00f8ydepunktene i opplevelsen din, b\u00e5de over og under vann.<\/li>\n<\/ul>\n<h4>\ud83c\udf7d\ufe0f <strong>Gourmet Paella fra den 5. timen<\/strong><\/h4>\n<p>For charterturer som varer fem timer eller mer, er en nylaget paella inkludert. Velg mellom kj\u00f8tt, kylling, vegetarisk eller sj\u00f8mat, tilberedt etter din smak og servert fersk om bord.<\/p>\n<h3>\ud83d\udc8e <strong>Valgfritt premiumutstyr for \u00e5 tilpasse opplevelsen din<\/strong><\/h3>\n<p class=\"translation-block\">Ta din <strong>leie av b\u00e5t p\u00e5 Tenerife<\/strong> til et nytt niv\u00e5 med disse eksklusive tilvalgene (tilgjengelig p\u00e5 foresp\u00f8rsel og avhengig av tilgjengelighet):<\/p>\n<ul>\n<li><strong>Privat kokk:<\/strong> En profesjonell kokk lager mat live om bord, og skreddersyr menyen etter dine preferanser.<\/li>\n<li><strong>Japansk kokkeerfaring:<\/strong> Nyt nylaget sushi og andre japanske retter med f\u00f8rsteklasses ingredienser og kyndig teknikk.<\/li>\n<li><strong>Michelin-stjernekokk:<\/strong> Nyt haute cuisine av en kokk som er tilknyttet Michelin-guiden, servert direkte om bord.<\/li>\n<li><strong>Champagne- og kaviarsmaking:<\/strong> F\u00f8rsteklasses champagne i perfekt kombinasjon med et kuratert utvalg av eksklusiv kaviar.<\/li>\n<li><strong>Kombinasjon av vin og gourmetkonserver:<\/strong> Elegant vinsmaking sammen med f\u00f8rsteklasses konservas som bl\u00e5skjell, hjertemuslinger eller tunfiskmage.<\/li>\n<li><strong>Vannscooterutleie:<\/strong> Tilgjengelig under oppankring i n\u00e6rheten av La Caleta, Masca eller Arme\u00f1ime.<\/li>\n<li><strong>Flyboard-opplevelse:<\/strong> Fly over havet med full sikkerhet og tilsyn.<\/li>\n<li><strong>Oppbl\u00e5sbare vannleker:<\/strong> Gruppemoro med bananb\u00e5ter og mer, tauet av f\u00f8lgeb\u00e5ten.<\/li>\n<li><strong>Dykking:<\/strong> Oppdagelsesdykk med instrukt\u00f8r (ingen erfaring n\u00f8dvendig) eller sertifisert dykk med lokal guide.<\/li>\n<li><strong>Sportsfiske:<\/strong> Alt n\u00f8dvendig utstyr for havfiske med st\u00f8tte om bord.<\/li>\n<\/ul>\n<h3>\ud83d\udea4 <strong>Velg den varigheten som passer deg best<\/strong><\/h3>\n<p>Bellini tilbyr flere alternativer slik at du kan designe den perfekte <strong>b\u00e5tutleie p\u00e5 Tenerife<\/strong>:<\/p>\n<ul>\n<li><strong>3-timers charter:<\/strong> En kort luksusferie med spektakul\u00e6r utsikt, drikke og snacks om bord.<\/li>\n<li><strong>5-timers charter:<\/strong> Inkluderer alt det viktigste pluss paella og ekstra tid til \u00e5 nyte vannet og kysten.<\/li>\n<li><strong>8-timers charter:<\/strong> En hel dag til sj\u00f8s for \u00e5 utforske Los Gigantes, Masca og mye mer! Ideell for deg som vil ha den komplette Bellini-opplevelsen.<\/li>\n<\/ul>\n<h3>\u2705 <strong>Hva er inkludert i leien din?<\/strong><\/h3>\n<ul>\n<li>Velkomstfat med frisk frukt<\/li>\n<li>5J iberisk skinke og f\u00f8rsteklasses kj\u00f8ttp\u00e5legg<\/li>\n<li>\u00c5pen bar: cava, vin, \u00f8l, vann, juice og brus<\/li>\n<li>Velkomstsk\u00e5l med Chandon Spritz.<\/li>\n<li>Padlesurfing, snorkling, GoPro- og Polaroid-bruk<\/li>\n<li>Gourmetpaella (inkludert fra 5. time)<\/li>\n<li>Tilgang til stranden med jolle<\/li>\n<li>Soling og skyggefulle omr\u00e5der om bord<\/li>\n<li>Erfarent, flerspr\u00e5klig mannskap<\/li>\n<\/ul>\n<h3>\ud83d\udccd <strong>Avreise fra Puerto de Los Gigantes<\/strong><\/h3>\n<p class=\"translation-block\">Bellini har avgang fra vestkysten av Tenerife, n\u00e6rmere bestemt fra <a href=\"https:\/\/maps.app.goo.gl\/Xq4LkTRqPjHQzRBE8\" target=\"_blank\" rel=\"noopener\">Puerto de Los Gigantes<\/a>. Her har du f\u00f8rste rad til de majestetiske klippene i Los Gigantes og den fantastiske Masca-kysten, noen av de mest ikoniske og avsidesliggende delene av \u00f8ya. Havnen er lett \u00e5 n\u00e5 med bil, og vi anbefaler at du ankommer 15 minutter f\u00f8r avgang.<\/p>\n<h4>\ud83d\udcdc <strong>Enkel bestilling og fleksible avbestillingsregler<\/strong><\/h4>\n<p>Hos CanaryVIP \u00f8nsker vi at opplevelsen din skal v\u00e6re problemfri fra starten av. V\u00e5re avbestillingsvilk\u00e5r er klare og rettferdige:<\/p>\n<ul>\n<li><strong>V\u00e6rgaranti:<\/strong> Hvis sj\u00f8forholdene er usikre, kan du ombooke eller be om full refusjon.<\/li>\n<li><strong>Gratis avbestillinger:<\/strong> Du kan avbestille eller ombooke gratis inntil 4 dager f\u00f8r avreise. Innskudd refunderes ikke for avbestillinger som gj\u00f8res innen 4 dager f\u00f8r avreise.<\/li>\n<\/ul>\n<h3>\ud83d\udd52 <strong>Overnattings- og flerdagersalternativer tilgjengelig<\/strong><\/h3>\n<p>Bellini er ikke bare for dagcharter - gj\u00f8r flukten din enda mer spesiell:<\/p>\n<ul>\n<li>Tilbring natten om bord og v\u00e5kn opp til lyden av havet.<\/li>\n<li>Lag din egen reiserute for romantiske utflukter, feiringer eller flerdagers seilopplevelser.<\/li>\n<\/ul>\n<h3>\ud83d\udc68\u200d\u2708\ufe0f <strong>F\u00f8r du g\u00e5r om bord - raske tips<\/strong><\/h3>\n<p>For \u00e5 f\u00e5 mest mulig ut av reisen:<\/p>\n<ul>\n<li>Ha CanaryVIP-bekreftelsen klar (utskrevet eller digital).<\/li>\n<li>Ta med badet\u00f8y, h\u00e5ndkle og solkrem.<\/li>\n<li>Spis noe lett og unng\u00e5 alkohol p\u00e5 forh\u00e5nd for \u00e5 forebygge sj\u00f8syke.<\/li>\n<li>Velg ditt favorittsted - sol eller skygge - og gj\u00f8r deg klar til \u00e5 slappe av.<\/li>\n<\/ul>\n<h3>\ud83d\udcac <strong>Bestill n\u00e5 med CanaryVIP<\/strong><\/h3>\n<p>Hos CanaryVIP setter vi reisende i kontakt med topprangerte opplevelser over hele Tenerife. Hvis du er ute etter \u00e5 <strong>leie en luksusyacht p\u00e5 Tenerife<\/strong> og oppdage Los Gigantes eller Masca i ekte stil, er Bellini et av de beste alternativene som finnes.<br \/>\n\ud83d\udc49 <a href=\"https:\/\/canaryvip.com\/nb\/tenerife\/boat-hire-tenerife\/\">Sjekk tilgjengelighet og bestill b\u00e5tcharter n\u00e5<\/a> - er luksuseventyret ditt bare noen f\u00e5 klikk unna.<\/p>","protected":false},"excerpt":{"rendered":"<p><strong>\ud83d\udd0d Bellini Yacht Charter:<\/strong><br \/>\n\u2705 Sikker betaling.<br \/>\n\ud83d\udee5\ufe0f 14m Yacht Comfort.<br \/>\n\u23f3 Daglige turer p\u00e5 3-8 timer.<br \/>\n\ud83d\udd59 Tilpassede avgangstider.<br \/>\n\ud83c\udf74 M\u00e5ltider og drikkevarer inkludert.<br \/>\n\ud83d\udc65 Opptil 10 gjester.<br \/>\n\ud83c\udfc4\u200d\u2640\ufe0f Padlebrett inkludert.<br \/>\n\ud83e\udd3f Snorkelutstyr er tilgjengelig.<br \/>\n\ud83e\udd11 Garantert beste pris.<br \/>\n\ud83d\udc6a Rabatter aktivert.<br \/>\n\ud83d\udd01 Opptil 4 dagers avbestilling.<br \/>\n\ud83c\udf0d Flerspr\u00e5klig besetning.<br \/>\n\ud83c\udf1f Bestill tidlig og spar!<br \/>\n\ud83d\udccd Avgang fra <a href=\"https:\/\/maps.app.goo.gl\/Xq4LkTRqPjHQzRBE8\">Los Gigantes<\/a>.<\/p>","protected":false},"featured_media":15376,"comment_status":"open","ping_status":"closed","template":"","meta":{"_acf_changed":false},"product_brand":[],"product_cat":[47],"product_tag":[],"class_list":{"0":"post-15373","1":"product","2":"type-product","3":"status-publish","4":"has-post-thumbnail","6":"product_cat-boat-hire-tenerife","7":"wcpa_has_options","9":"first","10":"instock","11":"virtual","12":"purchasable","13":"product-type-simple"},"acf":[],"wcpa_form_fields":{"wcpaData":{"product":{"product_price":1060,"price_html":"From&nbsp;<span class=\"woocommerce-Price-amount amount\"><bdi>1.060,00&nbsp;<span class=\"woocommerce-Price-currencySymbol\">&euro;<\/span><\/bdi><\/span>","original_product_price":1060,"price_including_tax":1060,"price_excluding_tax":1060,"product_id":{"parent":15373,"variation":false},"is_variable":false,"stock_status":"instock","stock_quantity":null,"parent_sku":"CV15373","product_attributes":[],"custom_fields":[],"is_taxable":false,"product_name":"Bellini Luxury Yacht Tenerife","hasImage":false},"fields":{"sec_968949ba2884ff":{"extra":{"key":"sec_968949ba2884ff","section_id":"sec_968949ba2884ff","name":"Default","status":1,"cl_rule":"show","enableCl":false,"relations":[],"toggle":true,"title_tag":"h3","show_title":false,"showPrice":"default","form_id":15383,"form_rules":{"exclude_from_discount":true,"fee_label":"Fee","disp_hide_options_price":true,"disp_show_section_price":false,"disp_show_field_price":true,"layout_option":"standard","pric_use_as_fee":false,"process_fee_as":"woo_fee"},"layout_option":"standard"},"fields":[[{"label":"\ud83d\udcc5 Date","active":true,"required":true,"elementId":"date_868949ba288522","picker_type":"custom","picker_mode":"single","placeholder":"","description":"","tooltip":"","name":"date_868949ba288522","label_position":"default","desc_position":"default","enablePrice":false,"className":"","enableCl":false,"relations":[{"operator":"and","rules":[{"operator":"AND","rules":{"cl_field":"radio-group_565c78ffa81208","cl_relation":"is","cl_val":"3 Hour Trip"}}]}],"date_pic_inline":true,"date_pic_inline_hide":true,"min_date":{"type":"days","val":"1"},"max_date":{"type":"days","val":"365"},"date_pic_conf":{"disabledWeeks":[],"disabledDates":["2025-04-18 to 2025-04-24"]},"price":"","cl_rule":"show","col":6,"type":"date","error":false,"enableDesign":false,"LabelColor":"","isWeightTemplate":false,"isTemplate":false,"min_quantity":"1","quantity_decimal":false,"quantity_step":"1","quantity_label":"Quantity","repeater_field_label":"{field_label}","repeater_bind":"","gt_translate_keys":["label","placeholder","description","tooltip","repeater_field_label","quantity_label"],"price_dependency":false,"cl_dependency":false,"value":""}],[{"elementId":"separator_268949ba28853d","separatorType":"blank","className":"","height":"3","enableCl":false,"relations":false,"cl_rule":"show","col":6,"type":"separator","error":false,"gt_translate_keys":[],"price_dependency":false,"cl_dependency":false,"value":""}],[{"active":true,"col":6,"relations":[{"operator":false,"rules":[{"operator":"AND","rules":{"cl_field":"radio-group_565c78ffa81208","cl_relation":"is","cl_val":"3 Hour Trip"}}]}],"cl_rule":"show","enableCl":false,"price":"","enablePrice":false,"className":"","label_position":"default","desc_position":"default","type":"select","required":false,"elementId":"select_468949ba288577","label":"\u23f0 Departure Time","name":"select_468949ba288577","values":[{"label":"09:00","value":"09:00","selected":false,"tempId":"aco_1471","gt_translate_keys":["label"]},{"label":"10:00","value":"10:00","selected":false,"tempId":"aco_1472","gt_translate_keys":["label"]},{"label":"11:00","value":"11:00","selected":false,"tempId":"aco_1500","gt_translate_keys":["label"]},{"label":"12:00","value":"12:00","selected":false,"tempId":"aco_1510","gt_translate_keys":["label"]},{"label":"13:00 (1:00 PM)","value":"13:00","selected":false,"tempId":"aco_1520","gt_translate_keys":["label"]},{"label":"14:00 (2:00 PM)","value":"14:00","selected":false,"tempId":"aco_1728","gt_translate_keys":["label"]},{"label":"15:00 (3:00 PM)","value":"15:00","selected":false,"tempId":"aco_1738","gt_translate_keys":["label"]}],"dropdown_type":"basic","error":false,"placeholder":"Whichever Time is Best","isWeightTemplate":false,"isTemplate":false,"min_quantity":"1","quantity_decimal":false,"quantity_step":"1","quantity_label":"Quantity","repeater_field_label":"{field_label}","repeater_bind":"","gt_translate_keys":["label","placeholder","repeater_field_label","quantity_label"],"price_dependency":false,"cl_dependency":false,"value":""}],[{"active":true,"col":6,"relations":false,"cl_rule":"show","enableCl":false,"price":"","enablePrice":true,"className":"","label_position":"default","desc_position":"default","type":"select","required":true,"elementId":"select_1068949ba288548","label":"\u23f3 Trip Duration","name":"select_1068949ba288548","values":[{"label":"3 Hours (1.060\u20ac)","value":"3h","selected":false,"tempId":"aco_556","price":"1060","gt_translate_keys":["label"]},{"label":"4 Hours (1.275\u20ac)","value":"4H","selected":false,"tempId":"aco_181","price":"1275","gt_translate_keys":["label"]},{"label":"5 Hours (1.490\u20ac)","value":"5h","selected":false,"tempId":"aco_281","price":"1490","gt_translate_keys":["label"]},{"label":"6 Hours (1.700\u20ac)","value":"6h","selected":false,"tempId":"aco_605","price":"1700","gt_translate_keys":["label"]},{"label":"7 Hours (1.915\u20ac)","value":"7h","selected":false,"tempId":"aco_381","price":"1915","gt_translate_keys":["label"]},{"label":"8 Hours (2.130\u20ac)","value":"8h","selected":false,"tempId":"aco_724","price":"2130","gt_translate_keys":["label"]}],"dropdown_type":"basic","error":false,"placeholder":"Select Trip Duration","priceOptions":"different_for_all","pricingType":"fixed","is_show_price":false,"isWeightTemplate":false,"isTemplate":false,"min_quantity":"1","quantity_decimal":false,"quantity_step":"1","quantity_label":"Quantity","repeater_field_label":"{field_label}","repeater_bind":"","gt_translate_keys":["label","placeholder","repeater_field_label","quantity_label"],"price_dependency":false,"cl_dependency":false,"value":""}],[{"label":"\u2705 Number of People","active":true,"required":true,"elementId":"select_168949ba28858b","dropdown_type":"basic","placeholder":"Select Number of People","name":"select_168949ba28858b","label_position":"default","desc_position":"default","enablePrice":true,"className":"","enableCl":false,"relations":[{"operator":false,"rules":[{"operator":"AND","rules":{"cl_field":"radio-group_565c78ffa81208","cl_relation":"is","cl_val":"3 Hour Trip"}}]}],"values":[{"label":"1 person","value":"1","selected":false,"tempId":"aco_1471","price":"0","gt_translate_keys":["label"]},{"label":"2 people","value":"2","selected":false,"tempId":"aco_1472","price":"0","gt_translate_keys":["label"]},{"label":"3 people","value":"3","selected":false,"tempId":"aco_1500","price":"0","gt_translate_keys":["label"]},{"label":"4 people","value":"4","selected":false,"tempId":"aco_1510","price":"0","gt_translate_keys":["label"]},{"label":"5 people","value":"5","selected":false,"tempId":"aco_1520","price":"0","gt_translate_keys":["label"]},{"label":"6 people (+120\u20ac)","value":"6","selected":false,"tempId":"aco_1728","price":"120","gt_translate_keys":["label"]},{"label":"7 people (+240\u20ac)","value":"7","selected":false,"tempId":"aco_1738","price":"240","gt_translate_keys":["label"]},{"label":"8 people (+360\u20ac)","value":"8","selected":false,"tempId":"aco_1922","price":"360","gt_translate_keys":["label"]},{"label":"9 People (+480\u20ac)","value":"9","selected":false,"tempId":"aco_220","price":"480","gt_translate_keys":["label"]},{"label":"10 People (+600\u20ac)","value":"10","selected":false,"tempId":"aco_311","price":"600","gt_translate_keys":["label"]}],"price":"","cl_rule":"show","col":6,"type":"select","error":false,"isWeightTemplate":false,"isTemplate":false,"min_quantity":"1","quantity_decimal":false,"quantity_step":"1","quantity_label":"Quantity","repeater_field_label":"{field_label}","repeater_bind":"","priceOptions":"different_for_all","pricingType":"fixed","gt_translate_keys":["label","placeholder","repeater_field_label","quantity_label"],"price_dependency":false,"cl_dependency":false,"value":""}],[{"active":true,"col":6,"relations":false,"cl_rule":"show","enableCl":false,"price":"","enablePrice":true,"className":"","label_position":"default","desc_position":"default","type":"select","required":false,"elementId":"select_368949ba288551","label":"\ud83d\udca6 Add jet-skis?","name":"select_368949ba288551","values":[{"label":"1 JetSki for 1 Hour (345\u20ac)","value":"1 x Jetski for 1 Hour","selected":false,"tempId":"aco_2501","price":"345","gt_translate_keys":["label"]},{"label":"2 JetSkis for 1 Hour (690\u20ac)","value":"2 x JetSki for 1 Hour","selected":false,"tempId":"aco_2502","price":"690","gt_translate_keys":["label"]}],"dropdown_type":"basic","error":false,"description":"Private JetSki tour from the boat with a JetSki instructor.","placeholder":"None","priceOptions":"different_for_all","pricingType":"fixed","is_show_price":false,"isWeightTemplate":false,"isTemplate":false,"min_quantity":"1","quantity_decimal":false,"quantity_step":"1","quantity_label":"Quantity","repeater_field_label":"{field_label}","repeater_bind":"","gt_translate_keys":["label","placeholder","description","repeater_field_label","quantity_label"],"price_dependency":false,"cl_dependency":false,"value":""}]]}},"config":{"price_override":"always","enable_recaptcha":false,"bind_quantity":false,"quantity_bind_formula":false,"disp_summ_show_option_price":true,"disp_summ_show_product_price":false,"disp_summ_show_total_price":true,"disp_summ_show_fee":true,"disp_summ_show_discount":true,"summary_title":"","options_total_label":"Options Price","total_label":"Total Amount","options_product_label":"Product Price","fee_label":"Fee","discount_label":"Discount","has_price":true,"has_quantity_formula":false},"mc_unit":1,"tax_rate":1,"tax_rate_real":1,"discount":{"percentage":0,"fixed":0},"design":{"conf":{"LabelPosition":"above","DescPosition":"above","UploadField":"custom_1","QuantityFieldStyle":"custom_1"},"css":{"LeftLabelWidth":"120px"}},"formulas":{"fmla_1708360988969136756":"(({field.select_56638eb5b235ae.value}>=3)?(1200):(({field.select_56638eb5b235ae.value}>=2)?(850):(({field.select_56638eb5b235ae.value}>=1)?(540):(0))))","fmla_1708364241278155361":"(({field.select_5841412719.value}>=8)?({field.select_5841412719.price}):(({field.select_5841412719.value}>=5)?({field.select_5841412719.price}):(({field.select_5841412719.value}>=3)?({field.select_5841412719.price}):(0))))"},"lookuptables":[],"clones":false,"cartKey":false}},"_links":{"self":[{"href":"https:\/\/canaryvip.com\/nb\/wp-json\/wp\/v2\/product\/15373","targetHints":{"allow":["GET"]}}],"collection":[{"href":"https:\/\/canaryvip.com\/nb\/wp-json\/wp\/v2\/product"}],"about":[{"href":"https:\/\/canaryvip.com\/nb\/wp-json\/wp\/v2\/types\/product"}],"replies":[{"embeddable":true,"href":"https:\/\/canaryvip.com\/nb\/wp-json\/wp\/v2\/comments?post=15373"}],"wp:featuredmedia":[{"embeddable":true,"href":"https:\/\/canaryvip.com\/nb\/wp-json\/wp\/v2\/media\/15376"}],"wp:attachment":[{"href":"https:\/\/canaryvip.com\/nb\/wp-json\/wp\/v2\/media?parent=15373"}],"wp:term":[{"taxonomy":"product_brand","embeddable":true,"href":"https:\/\/canaryvip.com\/nb\/wp-json\/wp\/v2\/product_brand?post=15373"},{"taxonomy":"product_cat","embeddable":true,"href":"https:\/\/canaryvip.com\/nb\/wp-json\/wp\/v2\/product_cat?post=15373"},{"taxonomy":"product_tag","embeddable":true,"href":"https:\/\/canaryvip.com\/nb\/wp-json\/wp\/v2\/product_tag?post=15373"}],"curies":[{"name":"wp","href":"https:\/\/api.w.org\/{rel}","templated":true}]}}