{"id":14959,"date":"2025-07-02T19:45:06","date_gmt":"2025-07-02T18:45:06","guid":{"rendered":"https:\/\/canaryvip.com\/?post_type=product&#038;p=14959"},"modified":"2025-08-21T13:52:25","modified_gmt":"2025-08-21T12:52:25","slug":"habana-sunseeker-yacht-rental-tenerife","status":"publish","type":"product","link":"https:\/\/canaryvip.com\/nb\/shop\/habana-sunseeker-yacht-rental-tenerife\/","title":{"rendered":"Habana Sunseeker: Yachtutleie Tenerife"},"content":{"rendered":"<h2>\ud83d\udee5\ufe0f Habana Sunseeker b\u00e5tcharter: Eksklusiv luksus p\u00e5 Atlanterhavet<\/h2>\n<p class=\"translation-block\">Stig om bord p\u00e5 <strong>Habana Sunseeker<\/strong>, en fantastisk 12-meters yacht designet for deg som \u00f8nsker \u00e5 utforske Tenerifes kystlinje i total komfort og stil. Med plass til opptil 8 gjester er denne b\u00e5ten perfekt for familier, venner eller andre som \u00f8nsker en privat og uforglemmelig ferie til sj\u00f8s.<\/p>\n<p class=\"translation-block\">N\u00e5r du leier en yacht p\u00e5 Tenerife hos oss, velger du mye mer enn bare en b\u00e5ttur. Habana Sunseeker kombinerer eleganse, frihet og en avslappet atmosf\u00e6re, noe som gj\u00f8r hvert \u00f8yeblikk om bord til et spesielt minne.<\/p>\n<p>Se for deg at du seiler langs kysten, kjenner havbrisen i ansiktet, favorittmusikken din spiller og du har en drink i h\u00e5nden. Enten du skal feire en spesiell anledning, nyte en romantisk ferie eller bare koble av med venner, er dette den perfekte m\u00e5ten \u00e5 oppleve \u00f8ya p\u00e5 fra et nytt perspektiv. Alt er forberedt slik at du f\u00f8ler at yachten er din for en dag.<\/p>\n<h3>\u2b50\ufe0f Komfort og stil til sj\u00f8s<\/h3>\n<p><span style=\"text-decoration: underline;\"><strong>De beste funksjonene du vil glede deg over om bord:<\/strong><\/span><\/p>\n<ul>\n<li>Privat hytte hvor du kan slappe av eller oppbevare dine personlige eiendeler trygt.<\/li>\n<li>Romslig badeplattform og en lett tilgjengelig stige, ideelt for bading eller en forfriskende dukkert n\u00e5r du m\u00e5tte \u00f8nske det.<\/li>\n<li>Stort soldekk i baugen, perfekt for \u00e5 sole seg, nippe til en drink eller bare nyte panoramautsikten over Tenerifes kystlinje.<\/li>\n<li>Hyttebord og uteplass for \u00e5 dele snacks eller sk\u00e5le for en perfekt dag p\u00e5 vannet.<\/li>\n<li>F\u00f8rsteklasses lydsystem for \u00e5 skape den perfekte atmosf\u00e6ren mens du kj\u00f8rer.<\/li>\n<\/ul>\n<h3>\ud83d\udea4 En yacht bygget for \u00e5 slappe av og feire<\/h3>\n<p>Habana Sunseeker handler ikke bare om \u00e5 seile, den handler om \u00e5 skape fantastiske \u00f8yeblikk. Med en motor p\u00e5 100 hk gir den en jevn og behagelig tur, slik at du kan fokusere fullt og helt p\u00e5 \u00e5 nyte opplevelsen.<\/p>\n<p>Tilbring dagen med \u00e5 oppdage skjulte steder, sv\u00f8mme i det klare bl\u00e5 vannet eller bare slappe av p\u00e5 dekk i godt selskap.<\/p>\n<p>Med <strong>CanaryVIP<\/strong>kan du <strong>leie en b\u00e5t p\u00e5 Tenerife<\/strong> som f\u00f8les som din egen private flytende lounge.<\/p>\n<h3>\ud83d\udd52 Velg din perfekte opplevelse<\/h3>\n<ul>\n<li><strong>Privat 3-timers charter:<\/strong> En kort utflukt langs kysten, perfekt for \u00e5 slappe av og nyte havet p\u00e5 en mer intim m\u00e5te.<\/li>\n<li><strong>Privat 6-timers charter:<\/strong> Et lengre eventyr med god tid til \u00e5 utforske, sv\u00f8mme og nyte hvert \u00f8yeblikk p\u00e5 vannet.<\/li>\n<li><strong>Privat 9-timers charter:<\/strong> Den ultimate heldagsopplevelsen der du kan nyte Tenerifes kystlinje i ditt eget tempo.<\/li>\n<li><strong>Delt 3-timers tur:<\/strong> Bli med p\u00e5 en felles gruppetur (avhengig av tilgjengelighet) for en morsom og vennlig kystopplevelse. Etter bestilling vil tilgjengeligheten bli bekreftet senest innen 12 timer.<\/li>\n<\/ul>\n<h3>\ud83c\udf7d\ufe0f Drikkevarer og snacks inkludert<\/h3>\n<p>P\u00e5 alle turene er et deilig utvalg av lokal mat og drikke inkludert. Nyt skinke- og ostesm\u00f8rbr\u00f8d, sesongens friske frukt, tradisjonelle poteter, chorizo-skiver, en oste- og salamitallerken og tunfisk-empanadas. Alt er tilberedt for \u00e5 dele og gi deg energi gjennom hele dagen til sj\u00f8s.<\/p>\n<h3>\u2705 Hva er inkludert i charteret ditt?<\/h3>\n<ul>\n<li>Full tilgang til privat lugar, soldekk og alle fasiliteter om bord for maksimal komfort og privatliv.<\/li>\n<li>Badeplattform og stige for enkel tilgang til vannet, ideelt for bading og avslapping i sj\u00f8en.<\/li>\n<li>Vennlig og profesjonelt mannskap som tar seg av alle detaljer, slik at du kan konsentrere deg om \u00e5 kose deg.<\/li>\n<li>Snacks og drikke er inkludert, s\u00e5 du trenger ikke \u00e5 bekymre deg for noe som helst.<\/li>\n<li>Fra det \u00f8yeblikket du g\u00e5r om bord, er alt klart for deg. Ta med deg din beste energi og la opplevelsen flyte. Teamet v\u00e5rt tar seg av alt annet, slik at du kan fokusere p\u00e5 \u00e5 skape uforglemmelige minner.<\/li>\n<\/ul>\n<h3>\ud83d\udd53 Fleksible avreisetider<\/h3>\n<ul>\n<li><strong>Morgen, ettermiddag eller solnedgang:<\/strong> Velg det tidspunktet som passer deg best, og oppdag Tenerifes kystlinje fra et unikt perspektiv.<\/li>\n<\/ul>\n<h3>\ud83d\udccd Avreise fra Puerto Col\u00f3n, Costa Adeje<\/h3>\n<p class=\"translation-block\">Eventyret ditt begynner p\u00e5 <a href=\"https:\/\/maps.app.goo.gl\/MeynoCCeyw2ALYxa9\" target=\"_blank\" rel=\"noopener\">Puerto Col\u00f3n i Costa Adeje<\/a>, en av de mest moderne og livlige marinaene p\u00e5 Tenerife. Her er det enkelt \u00e5 parkere, og atmosf\u00e6ren er innbydende, noe som gj\u00f8r dette til det perfekte utgangspunktet for din yachtopplevelse.<\/p>\n<h4>\ud83d\udcdc Tydelige og fleksible retningslinjer<\/h4>\n<ul>\n<li><strong>Fleksibel avbestilling:<\/strong> For private turer kan du avbestille eller ombooke gratis inntil 7 dager f\u00f8r avreise. For delte turer kan du avbestille eller ombooke gratis inntil 72 timer f\u00f8r avreise. Vi forst\u00e5r at planer kan endre seg, og vi \u00f8nsker at du skal kunne bestille med full tillit. Vi gj\u00f8r oppmerksom p\u00e5 at manglende oppm\u00f8te ikke refunderes.<\/li>\n<\/ul>\n<p class=\"translation-block\">Hos <strong>CanaryVIP<\/strong> mener vi at alle fortjener en luksusopplevelse som f\u00f8les personlig og uforglemmelig. N\u00e5r du velger en <a href=\"https:\/\/canaryvip.com\/nb\/tenerife\/boat-charter-tenerife\/\" target=\"_self\"><strong>b\u00e5tcharter p\u00e5 Tenerife<\/strong><\/a> som Habana Sunseeker, bestiller du ikke bare en tur. Du velger en unik m\u00e5te \u00e5 komme i kontakt med \u00f8ya p\u00e5, dele meningsfulle \u00f8yeblikk og skape historier du vil huske for alltid.<\/p>\n<p class=\"translation-block\">Ikke vent med \u00e5 gj\u00f8re dr\u00f8mmedagen til sj\u00f8s til virkelighet. Bestill din <strong>private yacht p\u00e5 Tenerife<\/strong> i dag, og gj\u00f8r deg klar for en opplevelse du vil \u00f8nske \u00e5 gjenoppleve igjen og igjen.<\/p>","protected":false},"excerpt":{"rendered":"<p><strong>\ud83d\udd0d Habana Sunseeker Yacht:<\/strong><br \/>\n\u2705 Sikker betaling.<br \/>\n\ud83d\udc65 Delte turer tilgjengelig<br \/>\n\ud83d\udd10 Private turer tilgjengelig<br \/>\n\ud83d\udee5\ufe0f 12 meter luksusyacht.<br \/>\n\u23f3 Daglige turer p\u00e5 3-9 timer.<br \/>\n\ud83d\udd59 Tilpassede avgangstider.<br \/>\n\ud83c\udf05 Solnedgangsturer er tilgjengelige.<br \/>\n\ud83c\udf7b Drikkevarer og snacks inkludert.<br \/>\n\ud83d\udc65 Opp til 8 gjester.<br \/>\n\ud83e\udd3f Snorkelutstyr tilbys.<br \/>\n\ud83d\ude97 Transporttjeneste tilgjengelig.<br \/>\n\ud83e\udd11 Garantert beste pris.<br \/>\n\ud83d\udc6a Rabatter aktivert.<br \/>\n\ud83d\udd01 Opp til 7 dagers avbestilling.<br \/>\n\ud83c\udf0d Flerspr\u00e5klig besetning.<br \/>\n\ud83c\udf1f Bestill n\u00e5 og spar penger!<br \/>\n\ud83d\udccd Avgang fra <a href=\"https:\/\/maps.app.goo.gl\/ocJuu7A8R1JWjPbS9\">Puerto Colon<\/a>.<\/p>","protected":false},"featured_media":14960,"comment_status":"open","ping_status":"closed","template":"","meta":{"_acf_changed":false},"product_brand":[],"product_cat":[47,46],"product_tag":[],"class_list":{"0":"post-14959","1":"product","2":"type-product","3":"status-publish","4":"has-post-thumbnail","6":"product_cat-boat-hire-tenerife","7":"product_cat-boat-excursions","8":"wcpa_has_options","10":"first","11":"instock","12":"sale","13":"virtual","14":"purchasable","15":"product-type-simple"},"acf":[],"wcpa_form_fields":{"wcpaData":{"product":{"product_price":75,"price_html":"From&nbsp;<del aria-hidden=\"true\"><span class=\"woocommerce-Price-amount amount\"><bdi>85,00&nbsp;<span class=\"woocommerce-Price-currencySymbol\">&euro;<\/span><\/bdi><\/span><\/del> <span class=\"screen-reader-text\">Opprinnelig pris var: 85,00&nbsp;&euro;.<\/span><ins aria-hidden=\"true\"><span class=\"woocommerce-Price-amount amount\"><bdi>75,00&nbsp;<span class=\"woocommerce-Price-currencySymbol\">&euro;<\/span><\/bdi><\/span><\/ins><span class=\"screen-reader-text\">N\u00e5v\u00e6rende pris er: 75,00&nbsp;&euro;.<\/span>","original_product_price":85,"price_including_tax":75,"price_excluding_tax":75,"product_id":{"parent":14959,"variation":false},"is_variable":false,"stock_status":"instock","stock_quantity":null,"parent_sku":"CV14959","product_attributes":[],"custom_fields":[],"is_taxable":false,"product_name":"Habana Sunseeker: Yacht Rental Tenerife","hasImage":false},"fields":{"sec_268657f5ea9e83":{"extra":{"key":"sec_268657f5ea9e83","section_id":"sec_268657f5ea9e83","name":"Trip Duration","status":1,"cl_rule":"show","enableCl":false,"relations":[],"toggle":true,"title_tag":"h4","show_title":false,"showPrice":"default","form_id":14965,"form_rules":{"exclude_from_discount":true,"fee_label":"Fee","disp_hide_options_price":true,"disp_show_section_price":false,"disp_show_field_price":true,"layout_option":"standard","pric_use_as_fee":false,"process_fee_as":"woo_fee"},"layout_option":"standard"},"fields":[[{"active":true,"col":6,"relations":false,"cl_rule":"show","enableCl":false,"price":"","enablePrice":false,"className":"","label_position":"default","desc_position":"default","type":"radio-group","required":false,"elementId":"radio-group_268657f5ea9eaa","label":"\u231b\ufe0f Trip Duration","name":"radio-group_268657f5ea9eaa","values":[{"label":"3 Hour Shared Trip (75\u20ac)","value":"Shared 3H","selected":false,"tempId":"aco_148","description":"Join a shared yacht tour along Tenerife\u2019s coast. Enjoy local snacks, open bar, swim stops, and great views. 3-hour group charters, up to 8 guests.","gt_translate_keys":["label","description"]},{"label":"Private Charter (From 680\u20ac)","value":"Private Charter","selected":false,"tempId":"aco_149","description":"Sail Tenerife\u2019s coast on a private yacht. Enjoy local snacks, open bar, swim stops, and full comfort. Choose 3 to 9-hour charters for up to 8 guests.","gt_translate_keys":["label","description"]}],"layOut":"","error":false,"checkUi":"toggle","options_description":true,"gt_translate_keys":["label"],"price_dependency":false,"cl_dependency":[false,false],"value":""}]]},"sec_868657f5ea9eba":{"extra":{"key":"sec_868657f5ea9eba","section_id":"sec_868657f5ea9eba","name":"Shared Trip","status":1,"cl_rule":"show","enableCl":true,"relations":[{"operator":false,"rules":[{"operator":"AND","rules":{"cl_field":"radio-group_268657f5ea9eaa","cl_relation":"is","cl_val":"Shared 3H"}}]}],"toggle":true,"title_tag":"h4","show_title":false,"showPrice":"default","form_id":14965,"form_rules":{"exclude_from_discount":true,"fee_label":"Fee","disp_hide_options_price":true,"disp_show_section_price":false,"disp_show_field_price":true,"layout_option":"standard","pric_use_as_fee":false,"process_fee_as":"woo_fee"},"layout_option":"standard"},"fields":[[{"label":"\ud83d\udcc5 Date","active":true,"required":true,"elementId":"date_968657f5ea9ec6","picker_type":"custom","picker_mode":"single","placeholder":"","description":"","tooltip":"","name":"date_968657f5ea9ec6","label_position":"default","desc_position":"default","enablePrice":false,"className":"","enableCl":false,"relations":[{"operator":"and","rules":[{"operator":"AND","rules":{"cl_field":"radio-group_367e16bf8dd4f5","cl_relation":"is","cl_val":"3 Hour Trip"}}]}],"enableDesign":false,"LabelColor":"","date_pic_inline":true,"date_pic_inline_hide":true,"min_date":{"type":"days","val":"2"},"max_date":{"type":"days","val":"365"},"date_pic_conf":{"disabledWeeks":[]},"price":"","cl_rule":"show","col":6,"type":"date","error":false,"isWeightTemplate":false,"isTemplate":false,"min_quantity":"1","quantity_decimal":false,"quantity_step":"1","quantity_label":"Quantity","repeater_field_label":"{field_label}","repeater_bind":"","gt_translate_keys":["label","placeholder","description","tooltip","repeater_field_label","quantity_label"],"price_dependency":false,"cl_dependency":false,"value":""}],[{"label":"\u23f0 Departure","active":true,"required":true,"elementId":"select_368657f5ea9ed0","dropdown_type":"basic","placeholder":"Select Departure Time","name":"select_368657f5ea9ed0","label_position":"default","desc_position":"default","enablePrice":false,"className":"","enableCl":false,"relations":[{"operator":false,"rules":[{"operator":"AND","rules":{"cl_field":"date_367e16bf8dd504","cl_relation":"week_day_is","cl_val":[1]}}]}],"values":[{"label":"9:00","value":"9:00","selected":false,"tempId":"aco_2695","gt_translate_keys":["label"]},{"label":"12:00","value":"12:00","selected":false,"tempId":"aco_2329","gt_translate_keys":["label"]},{"label":"15:00 (3:00 PM)","value":"15:00 (3:00 PM)","selected":false,"tempId":"aco_419","gt_translate_keys":["label"]},{"label":"18:00 (6:00 PM)","value":"18:00 (6:00 PM)","selected":false,"tempId":"aco_573","gt_translate_keys":["label"]}],"price":"","cl_rule":"show","col":6,"type":"select","error":false,"gt_translate_keys":["label","placeholder"],"price_dependency":false,"cl_dependency":false,"value":""}],[{"active":true,"col":6,"relations":false,"cl_rule":"show","enableCl":false,"price":"","enablePrice":false,"className":"","label_position":"default","desc_position":"default","type":"separator","required":false,"elementId":"separator_668657f5ea9edc","label":"Separator Field","height":"4","separatorType":"blank","error":false,"gt_translate_keys":["label"],"price_dependency":false,"cl_dependency":false,"value":""}],[{"active":true,"col":6,"relations":false,"cl_rule":"show","enableCl":false,"price":"75","enablePrice":true,"className":"","label_position":"default","desc_position":"default","type":"radio-group","required":false,"elementId":"radio-group_1068657f5ea9ee7","label":"","name":"radio-group_1068657f5ea9ee7","values":[{"label":"\ud83d\udc64 Adult (75\u20ac)","value":"Adult","selected":true,"tempId":"aco_2419","tooltip":"+11 Years","price":"50","gt_translate_keys":["label","tooltip"]}],"layOut":"","error":false,"checkUi":"button","options_description":true,"options_tooltip":true,"priceOptions":"fixed_for_all","pricingType":"fixed","is_show_price":false,"enable_quantity":true,"quantity_decimal":false,"quantity_step":"1","quantity_label":"","min_quantity":"0","max_quantity":"22","isWeightTemplate":false,"isTemplate":false,"repeater_field_label":"{field_label}","repeater_bind":"","gt_translate_keys":["label","repeater_field_label","quantity_label"],"price_dependency":false,"cl_dependency":false,"value":""}],[{"label":"","active":true,"required":false,"elementId":"radio-group_168657f5ea9ef2","name":"radio-group_168657f5ea9ef2","label_position":"default","desc_position":"default","enablePrice":true,"className":"","enableCl":false,"relations":false,"enable_quantity":true,"quantity_label":"","quantity_step":"1","quantity_decimal":false,"min_quantity":"0","checkUi":"button","layOut":"","options_tooltip":true,"options_description":true,"values":[{"label":"\ud83d\udc66 Child (50\u20ac)","value":"Child","selected":true,"tempId":"aco_2419","tooltip":"1-11 Years","price":"40","gt_translate_keys":["label","tooltip"]}],"priceOptions":"fixed_for_all","pricingType":"fixed","price":"50","is_show_price":false,"cl_rule":"show","col":6,"type":"radio-group","error":false,"max_quantity":"22","isWeightTemplate":false,"isTemplate":false,"repeater_field_label":"{field_label}","repeater_bind":"","gt_translate_keys":["label","repeater_field_label","quantity_label"],"price_dependency":false,"cl_dependency":false,"value":""}],[{"label":"","active":true,"required":false,"elementId":"radio-group_168657f5ea9efd","name":"radio-group_168657f5ea9efd","label_position":"default","desc_position":"default","enablePrice":true,"className":"","enableCl":false,"relations":false,"enable_quantity":true,"quantity_label":"","quantity_step":"1","quantity_decimal":false,"min_quantity":"0","max_quantity":"22","checkUi":"button","layOut":"","options_tooltip":true,"options_description":true,"values":[{"label":"\ud83d\udc76 Baby (Free)","value":"Baby","selected":true,"tempId":"aco_2419","tooltip":"0-11 Months","price":"40","gt_translate_keys":["label","tooltip"]}],"priceOptions":"fixed_for_all","pricingType":"fixed","price":"0","is_show_price":false,"cl_rule":"show","col":6,"type":"radio-group","error":false,"isWeightTemplate":false,"isTemplate":false,"repeater_field_label":"{field_label}","repeater_bind":"","gt_translate_keys":["label","repeater_field_label","quantity_label"],"price_dependency":false,"cl_dependency":false,"value":""}],[{"active":true,"col":6,"relations":false,"cl_rule":"show","enableCl":false,"price":"","enablePrice":false,"className":"","label_position":"default","desc_position":"default","type":"text","subtype":"text","required":false,"elementId":"text_8925665281","label":"\ud83d\ude8c Pickup Location (+10\u20ac\/person)","name":"text_8925665281","value":"","caseType":"default","isWeightTemplate":false,"error":false,"isTemplate":false,"min_quantity":"1","quantity_decimal":false,"quantity_step":"1","quantity_label":"Quantity","repeater_field_label":"{field_label}","repeater_bind":"","description":"Pick-up service in Tenerife South from Los Cristianos to Costa Adeje. Availability depends on advance reservation timing and day, as the VAN has limited seats. If no pickup point is provided, you'll need to arrive at the starting point in Puerto Col\u00f3n on your own. The price is 10\u20ac extra per person at arrival. Simply provide your address or hotel name.","gt_translate_keys":["label","description","value","repeater_field_label","quantity_label"],"price_dependency":false,"cl_dependency":false}]]},"sec_068657f5ea9f26":{"extra":{"key":"sec_068657f5ea9f26","section_id":"sec_068657f5ea9f26","name":"Private Charter","status":1,"cl_rule":"show","enableCl":true,"relations":[{"operator":false,"rules":[{"operator":"AND","rules":{"cl_field":"radio-group_268657f5ea9eaa","cl_relation":"is","cl_val":"Private Charter"}}]}],"toggle":true,"title_tag":"h4","show_title":false,"showPrice":"default","form_id":14965,"form_rules":{"exclude_from_discount":true,"fee_label":"Fee","disp_hide_options_price":true,"disp_show_section_price":false,"disp_show_field_price":true,"layout_option":"standard","pric_use_as_fee":false,"process_fee_as":"woo_fee"},"layout_option":"standard"},"fields":[[{"label":"\ud83d\udcc5 Date","active":true,"required":true,"elementId":"date_768657f5ea9f2f","picker_type":"custom","picker_mode":"single","placeholder":"","description":"","tooltip":"","name":"date_768657f5ea9f2f","label_position":"default","desc_position":"default","enablePrice":false,"className":"","enableCl":false,"relations":[{"operator":"and","rules":[{"operator":"AND","rules":{"cl_field":"radio-group_367e16bf8dd4f5","cl_relation":"is","cl_val":"3 Hour Trip"}}]}],"enableDesign":false,"LabelColor":"","date_pic_inline":true,"date_pic_inline_hide":true,"min_date":{"type":"days","val":"0"},"max_date":{"type":"days","val":"365"},"date_pic_conf":{"disabledWeeks":[]},"price":"","cl_rule":"show","col":6,"type":"date","error":false,"gt_translate_keys":["label","placeholder","description","tooltip"],"price_dependency":false,"cl_dependency":false,"value":""}],[{"label":"\u23f0 Departure","active":true,"required":true,"elementId":"select_1068657f5ea9f39","dropdown_type":"basic","placeholder":"Select Departure Time","name":"select_1068657f5ea9f39","label_position":"default","desc_position":"default","enablePrice":false,"className":"","enableCl":false,"relations":[{"operator":false,"rules":[{"operator":"AND","rules":{"cl_field":"date_367e16bf8dd504","cl_relation":"week_day_is","cl_val":[1]}}]}],"values":[{"label":"9:00","value":"9:00","selected":false,"tempId":"aco_2695","price":"0","gt_translate_keys":["label"]},{"label":"12:00","value":"12:00","selected":false,"tempId":"aco_2329","price":"0","gt_translate_keys":["label"]},{"label":"15:00","value":"15:00","selected":false,"tempId":"aco_2457","price":"0","gt_translate_keys":["label"]},{"label":"18:00","value":"18:00","selected":false,"tempId":"aco_19","price":"100","gt_translate_keys":["label"]}],"price":"","cl_rule":"show","col":6,"type":"select","error":false,"priceOptions":"different_for_all","pricingType":"fixed","is_show_price":true,"gt_translate_keys":["label","placeholder"],"price_dependency":false,"cl_dependency":false,"value":""}],[{"active":true,"col":6,"relations":false,"cl_rule":"show","enableCl":false,"price":"","enablePrice":false,"className":"","label_position":"default","desc_position":"default","type":"select","required":false,"elementId":"select_668657f5ea9f42","label":"\ud83d\udc64 Number of People","name":"select_668657f5ea9f42","values":[{"label":"1 Person","value":"1 Person","selected":false,"tempId":"aco_2241","gt_translate_keys":["label"]},{"label":"2 People","value":"2 People","selected":false,"tempId":"aco_2242","gt_translate_keys":["label"]},{"label":"3 People","value":"3 People","selected":false,"tempId":"aco_2243","gt_translate_keys":["label"]},{"label":"4 People","value":"4 People","selected":false,"tempId":"aco_2469","gt_translate_keys":["label"]},{"label":"5 People","value":"5 People","selected":false,"tempId":"aco_2479","gt_translate_keys":["label"]},{"label":"6 People","value":"6 People","selected":false,"tempId":"aco_2552","gt_translate_keys":["label"]},{"label":"7 People","value":"7 People","selected":false,"tempId":"aco_2562","gt_translate_keys":["label"]},{"label":"8 People","value":"8 People","selected":false,"tempId":"aco_2626","gt_translate_keys":["label"]}],"dropdown_type":"basic","error":false,"placeholder":"Select Amount of People","gt_translate_keys":["label","placeholder"],"price_dependency":false,"cl_dependency":false,"value":""}],[{"active":true,"col":6,"relations":false,"cl_rule":"show","enableCl":false,"price":"","enablePrice":true,"className":"","label_position":"default","desc_position":"default","type":"select","required":false,"elementId":"select_568657f5ea9f4c","label":"\u231b\ufe0f Charter Duration (From 680\u20ac)","name":"select_568657f5ea9f4c","values":[{"label":"3 Hours (From 680\u20ac)","value":"3","selected":false,"tempId":"aco_3241","price":"680","gt_translate_keys":["label"]},{"label":"6 Hours (From 1.300\u20ac)","value":"6","selected":false,"tempId":"aco_2149","price":"1300","gt_translate_keys":["label"]},{"label":"9 Hours (From 1.950\u20ac)","value":"9","selected":false,"tempId":"aco_1724","price":"1950","gt_translate_keys":["label"]}],"dropdown_type":"basic","error":false,"placeholder":"Select Duration Time","priceOptions":"different_for_all","pricingType":"fixed","is_show_price":false,"isWeightTemplate":false,"isTemplate":false,"min_quantity":"1","quantity_decimal":false,"quantity_step":"1","quantity_label":"Quantity","repeater_field_label":"{field_label}","repeater_bind":"","gt_translate_keys":["label","placeholder","repeater_field_label","quantity_label"],"price_dependency":false,"cl_dependency":false,"value":""}],[{"active":true,"col":6,"relations":false,"cl_rule":"show","enableCl":false,"price":"","enablePrice":false,"className":"","label_position":"default","desc_position":"default","type":"separator","required":false,"elementId":"separator_868657f5ea9f56","label":"Separator Field","height":"3","separatorType":"blank","error":false,"gt_translate_keys":["label"],"price_dependency":false,"cl_dependency":false,"value":""}],[{"label":"\ud83d\ude8c Pickup Location (+30\u20ac\/Reservation)","active":true,"required":false,"elementId":"text-8945671315","value":"","description":"Pick-up service in Tenerife South from Los Cristianos to Costa Adeje. Availability depends on advance reservation timing and day, as the VAN has limited seats. If no pickup point is provided, you'll need to arrive at the starting point in Puerto Col\u00f3n on your own. The price is 30\u20ac extra for the entire reservation at arrival. Simply provide your address or hotel name.","name":"text-8945671315","label_position":"default","desc_position":"default","enablePrice":false,"className":"","enableCl":false,"relations":false,"repeater_bind":"","repeater_field_label":"{field_label}","quantity_label":"Quantity","quantity_step":"1","quantity_decimal":false,"min_quantity":"1","subtype":"text","caseType":"default","isTemplate":false,"price":"","isWeightTemplate":false,"cl_rule":"show","col":6,"type":"text","error":false,"gt_translate_keys":["label","description","value","repeater_field_label","quantity_label"],"price_dependency":false,"cl_dependency":false}]]}},"config":{"price_override":"always","enable_recaptcha":false,"bind_quantity":false,"quantity_bind_formula":false,"disp_summ_show_option_price":true,"disp_summ_show_product_price":false,"disp_summ_show_total_price":true,"disp_summ_show_fee":true,"disp_summ_show_discount":true,"summary_title":"","options_total_label":"Options Price","total_label":"Total Amount Now","options_product_label":"Product Price","fee_label":"Fee","discount_label":"Discount","has_price":true,"has_quantity_formula":false},"mc_unit":1,"tax_rate":1,"tax_rate_real":1,"discount":{"percentage":0,"fixed":0},"design":{"conf":{"LabelPosition":"above","DescPosition":"above","UploadField":"custom_1","QuantityFieldStyle":"custom_1"},"css":{"LeftLabelWidth":"120px"}},"formulas":{"fmla_1708364241278155361":"(({field.select_568657f5ea9f4c.value}>=9)?(450):(({field.select_568657f5ea9f4c.value}>=6)?(300):(({field.select_568657f5ea9f4c.value}>=3)?(180):(0))))","fmla_1742826688120818082":"(({field.select_568657f5ea9f4c.value}>=9)?(1500):(({field.select_568657f5ea9f4c.value}>=6)?(1000):(({field.select_568657f5ea9f4c.value}>=3)?(500):(0))))"},"lookuptables":[],"clones":false,"cartKey":false}},"_links":{"self":[{"href":"https:\/\/canaryvip.com\/nb\/wp-json\/wp\/v2\/product\/14959","targetHints":{"allow":["GET"]}}],"collection":[{"href":"https:\/\/canaryvip.com\/nb\/wp-json\/wp\/v2\/product"}],"about":[{"href":"https:\/\/canaryvip.com\/nb\/wp-json\/wp\/v2\/types\/product"}],"replies":[{"embeddable":true,"href":"https:\/\/canaryvip.com\/nb\/wp-json\/wp\/v2\/comments?post=14959"}],"wp:featuredmedia":[{"embeddable":true,"href":"https:\/\/canaryvip.com\/nb\/wp-json\/wp\/v2\/media\/14960"}],"wp:attachment":[{"href":"https:\/\/canaryvip.com\/nb\/wp-json\/wp\/v2\/media?parent=14959"}],"wp:term":[{"taxonomy":"product_brand","embeddable":true,"href":"https:\/\/canaryvip.com\/nb\/wp-json\/wp\/v2\/product_brand?post=14959"},{"taxonomy":"product_cat","embeddable":true,"href":"https:\/\/canaryvip.com\/nb\/wp-json\/wp\/v2\/product_cat?post=14959"},{"taxonomy":"product_tag","embeddable":true,"href":"https:\/\/canaryvip.com\/nb\/wp-json\/wp\/v2\/product_tag?post=14959"}],"curies":[{"name":"wp","href":"https:\/\/api.w.org\/{rel}","templated":true}]}}