{"id":14103,"date":"2025-03-29T16:05:57","date_gmt":"2025-03-29T16:05:57","guid":{"rendered":"https:\/\/canaryvip.com\/?post_type=product&#038;p=14103"},"modified":"2025-08-09T14:09:03","modified_gmt":"2025-08-09T13:09:03","slug":"paladio-luxury-yacht-tenerife","status":"publish","type":"product","link":"https:\/\/canaryvip.com\/nb\/shop\/paladio-luxury-yacht-tenerife\/","title":{"rendered":"Paladio Luxury Yacht Tenerife"},"content":{"rendered":"<h2><strong>\ud83d\udee5\ufe0f Opplev luksus p\u00e5 Paladio Yacht p\u00e5 Tenerife<\/strong><\/h2>\n<p>Hvis du \u00f8nsker \u00e5 <strong>leie en luksusyacht p\u00e5 Tenerife,<\/strong>\u00a0Paladio er et av de mest eksklusive alternativene som er tilgjengelige. Denne fantastiske 24,5 meter lange Superphantom Italversil 80 er designet for \u00e5 tilby komfort, plass og totalt privatliv til sj\u00f8s, med plass til opptil 12 gjester.<\/p>\n<p>B\u00e5ten er tilgjengelig for charter fra <strong>Desember til mai,<\/strong>\u00a0og reiser fra det prestisjefylte <a href=\"https:\/\/www.google.com\/maps\/place\/Puerto+Col%C3%B3n\/@28.078002,-16.7394902,17z\/data=!3m2!4b1!5s0xc6a97433884bdf9:0x76d293b7b99db23a!4m6!3m5!1s0xc6a9743509c9ebf:0xd62345524f768247!8m2!3d28.078002!4d-16.7369153!16s%2Fg%2F11c6cqryw_?entry=tts&amp;g_ep=EgoyMDI0MDUwNS4wKgBIAVAD\" target=\"_blank\" rel=\"noopener\">Puerto Col\u00f3n<\/a> i Costa Adeje.<\/p>\n<p>Enten du skal feire noe spesielt eller bare \u00f8nsker \u00e5 slappe av med stil, gir Paladio-yachten deg en uforglemmelig opplevelse til sj\u00f8s.<\/p>\n<h3>\u2b50\ufe0f <strong>Hvorfor velge Paladio Yacht p\u00e5 Tenerife?<\/strong><\/h3>\n<p><strong>\u2705 Privat og skreddersydd opplevelse:<\/strong> Enten du planlegger en romantisk utflukt, en familiedag eller en feiring med venner, gir Paladio deg fullt privatliv og fleksibilitet til \u00e5 forme dagen p\u00e5 din m\u00e5te.<\/p>\n<p><strong>\u2705 Nylig pusset opp:<\/strong> Etter en fullstendig ombygging i 2022 har denne b\u00e5ten moderne finish, romslig interi\u00f8r og oppgradert komfort overalt.<\/p>\n<p><strong>\u2705 God plass til \u00e5 slappe av:<\/strong> Nyt solsenger i fronten, chill-out-soner i skyggen og panoramautsikt fra flybridgen.<\/p>\n<h3>\ud83c\udf0a <strong>Aktiviteter og moro om bord<\/strong><\/h3>\n<p>En dag om bord p\u00e5 Paladio handler ikke bare om \u00e5 seile - det handler om \u00e5 f\u00e5 mest mulig ut av havet.<\/p>\n<ul>\n<li><strong>\ud83e\udd3f Snorkelutstyr:<\/strong> Utforsk det pulserende undervannslivet i fredelige bukter med snorkelutstyr av h\u00f8y kvalitet.<\/li>\n<li><strong>\ud83e\uddf8 Morsomme vannleker:<\/strong> Et utvalg av hoppeslott og leker er tilgjengelig om bord for \u00e5 holde moroa i gang for alle aldre.<\/li>\n<li><strong>\ud83c\udfb6 Bluetooth-musikksystem:<\/strong> Koble til telefonen og spill favorittl\u00e5tene dine for \u00e5 skape den perfekte stemningen om bord.<\/li>\n<li><strong>\ud83c\udf7d\ufe0f Deilig mat inkludert:<\/strong> Nyt en nylaget paella med sj\u00f8mat eller kylling, sammen med et utvalg av velsmakende snacks. Menyoppgraderinger er tilgjengelig p\u00e5 foresp\u00f8rsel.<\/li>\n<li><strong>\ud83c\udf7e Ubegrenset med drikke:<\/strong> Vann, brus, \u00f8l, vin og cava er inkludert under hele reisen.<\/li>\n<\/ul>\n<h4>\ud83d\udea4 <strong>Charteralternativer - fra 3 timer til 24 timer<\/strong><\/h4>\n<p>Paladio tilbyr fleksible chartertider som passer dine planer, enten du har d\u00e5rlig tid eller \u00f8nsker en heldagsopplevelse. Velg mellom:<\/p>\n<ul>\n<li><strong>3-timers charter:<\/strong> En rask, men luksuri\u00f8s flukt - perfekt for par eller sm\u00e5 grupper som vil ha en smak av yachtlivet uten \u00e5 tilbringe hele dagen til sj\u00f8s.<\/li>\n<li><strong>4-timers charter:<\/strong> Et av de mest popul\u00e6re alternativene. Sv\u00f8m, slapp av, nyt maten og tilbring kvalitetstid om bord uten stress og jag.<\/li>\n<li><strong>7-timers charter:<\/strong> En heldagsopplevelse der du kan utforske s\u00f8rkysten av Tenerife, snorkle i rolige bukter og virkelig koble av med alle bekvemmeligheter inkludert.<\/li>\n<li><strong>24-timers charter:<\/strong> Vil du sove om bord og nyte en hel dag og natt til sj\u00f8s? Dette alternativet er perfekt for uforglemmelige arrangementer, private feiringer eller bare en helt unik flukt.<\/li>\n<\/ul>\n<p>For de som s\u00f8ker etter <strong>b\u00e5tutleie p\u00e5 Tenerife<\/strong> med et f\u00f8rsteklasses preg, er Paladio et f\u00f8rsteklasses valg.<\/p>\n<h3>\ud83c\udf81 <strong>Premiumfasiliteter inkludert<\/strong><\/h3>\n<p>Alt om bord er designet for maksimal komfort og nytelse:<\/p>\n<ul>\n<li>Fullstendig renovert luksusinteri\u00f8r med romslige salongomr\u00e5der.<\/li>\n<li>Store solsenger og skyggefulle loungeplasser.<\/li>\n<li>Bluetooth-lydanlegg for \u00e5 spille din egen musikk under reisen.<\/li>\n<li>Morsomme vannleker og snorkelutstyr er tilgjengelig.<\/li>\n<li>Profesjonelt og flerspr\u00e5klig mannskap som tar seg av deg.<\/li>\n<li>Valgfrie VIP-tjenester for bursdager, frierier, forretningsarrangementer og mer.<\/li>\n<\/ul>\n<h3>\ud83d\udccd <strong>Avreisested: Puerto Col\u00f3n, Costa Adeje<\/strong><\/h3>\n<p>Luksuseventyret ditt starter i Puerto Col\u00f3n, en av de mest praktiske marinaene med de beste forbindelsene s\u00f8r p\u00e5 Tenerife. Tilgjengelig parkering og enkel innsjekking gj\u00f8r det til en problemfri start p\u00e5 dagen.<\/p>\n<h4>\ud83d\udcdc <strong>Retningslinjer for bestilling og avbestilling<\/strong><\/h4>\n<p>Vi samarbeider tett med Paladio for \u00e5 s\u00f8rge for at bestillingen din er trygg, oversiktlig og fleksibel:<\/p>\n<ul>\n<li><strong>V\u00e6rgaranti:<\/strong> Hvis v\u00e6rforholdene ikke er egnet for seiling, vil du f\u00e5 tilbud om en ny dato eller full refusjon.<\/li>\n<li><strong>Gratis avbestilling opptil 6 dager:<\/strong> Du kan avbestille eller ombestille reisen kostnadsfritt inntil 6 dager f\u00f8r avreise.<\/li>\n<li><strong>Delvis tilbakebetaling:<\/strong> Avbestiller du mellom 72 og 48 timer f\u00f8r, f\u00e5r du en 20%-refusjon. Mindre enn 48 timers varsel betyr ingen refusjon.<\/li>\n<li><strong>Ingen refusjon for tidlig retur:<\/strong> Hvis du blir sj\u00f8syk eller bestemmer deg for \u00e5 returnere f\u00f8r tiden, f\u00e5r du ingen refusjon. Mannskapet vil gj\u00f8re sitt beste for \u00e5 hjelpe deg.<\/li>\n<li><strong>Viktig melding:<\/strong> Alle aktiviteter om bord og p\u00e5 vannet skjer p\u00e5 egen risiko. Verken CanaryVIP eller operat\u00f8ren kan holdes ansvarlig for eventuelle personlige hendelser eller tap.<\/li>\n<\/ul>\n<h3>\ud83d\udd52 <strong>Leter du etter noe ekstra?<\/strong><\/h3>\n<p>Vi kan hjelpe deg med \u00e5 planlegge en spesiell anledning om bord. Enten du er ute etter en romantisk middag i solnedgangen, en overnatting eller en privat fest til sj\u00f8s, gi oss beskjed, s\u00e5 hjelper vi deg med \u00e5 f\u00e5 det til \u00e5 skje.<\/p>\n<h3>\ud83d\udc68\u200d\u2708\ufe0f <strong>F\u00f8r du g\u00e5r om bord: Hva du b\u00f8r ta med<\/strong><\/h3>\n<p>For \u00e5 f\u00e5 mest mulig ut av opplevelsen anbefaler vi at du tar med deg:<\/p>\n<ul>\n<li>E-postbekreftelsen for CanaryVIP (p\u00e5 telefonen eller p\u00e5 papir).<\/li>\n<li>Badedrakt, h\u00e5ndkle og solbeskyttelse.<\/li>\n<li>Et lett m\u00e5ltid p\u00e5 forh\u00e5nd for \u00e5 unng\u00e5 sj\u00f8syke.<\/li>\n<li>Gi oss beskjed p\u00e5 forh\u00e5nd om eventuelle spesielle mat- eller service\u00f8nsker.<\/li>\n<\/ul>\n<p><strong>Er du klar for \u00e5 sette seil p\u00e5 en av de vakreste yachtene p\u00e5 Kanari\u00f8yene?<\/strong><\/p>\n<p>Bestill n\u00e5 med CanaryVIP og nyt den ultimate <a href=\"https:\/\/canaryvip.com\/nb\/tenerife\/boat-hire-tenerife\/\">luksusyachtcharter p\u00e5 Tenerife.<\/a><\/p>","protected":false},"excerpt":{"rendered":"<p>\ud83d\udd0d\u00a0<strong>Paladio-detaljer:<\/strong><br \/>\n\u2705 Sikker betaling.<br \/>\n\ud83d\udd10 Private turer.<br \/>\n\ud83d\udee5\ufe0f 24,5 meter Yacht.<br \/>\n\u23f3 Daglige turer p\u00e5 3-24 timer.<br \/>\n\ud83d\udd59 Tilpassede avgangstider.<br \/>\n\ud83c\udf74 M\u00e5ltider og drikkevarer inkludert.<br \/>\n\ud83d\udc65 Opptil 12 gjester.<br \/>\n\u26f7\ufe0f Vannski inkludert.<br \/>\n\ud83c\udfc4\ud83c\udffc\u200d\u2642\ufe0f Wake Board inkludert.<br \/>\n\ud83c\udfc4\u200d\u2640\ufe0f Padlebrett inkludert.<br \/>\n\ud83e\udd29 Morsomme gummib\u00e5ter.<br \/>\n\ud83e\udd3f Snorklingsutstyr.<br \/>\n\ud83d\udd0a Spill av musikken din.<br \/>\n\ud83e\udd11 Garantert beste pris.<br \/>\n\ud83d\udc6a Rabatter aktivert.<br \/>\n\ud83d\udd01 Opptil 4 dagers avbestilling.<br \/>\n\ud83c\udf0d Flerspr\u00e5klig besetning.<br \/>\n\ud83c\udf1f Bestill tidlig og spar!<br \/>\n\ud83d\udccd Avgang fra\u00a0<a href=\"https:\/\/www.google.com\/maps\/place\/Puerto+Col%C3%B3n\/@28.078002,-16.7394902,17z\/data=!3m2!4b1!5s0xc6a97433884bdf9:0x76d293b7b99db23a!4m6!3m5!1s0xc6a9743509c9ebf:0xd62345524f768247!8m2!3d28.078002!4d-16.7369153!16s%2Fg%2F11c6cqryw_?entry=tts&amp;g_ep=EgoyMDI0MDUwNS4wKgBIAVAD\">Puerto Col\u00f3n<\/a>.<\/p>","protected":false},"featured_media":14106,"comment_status":"open","ping_status":"closed","template":"","meta":{"_acf_changed":false},"product_brand":[],"product_cat":[47],"product_tag":[],"class_list":{"0":"post-14103","1":"product","2":"type-product","3":"status-publish","4":"has-post-thumbnail","6":"product_cat-boat-hire-tenerife","7":"wcpa_has_options","9":"first","10":"instock","11":"virtual","12":"purchasable","13":"product-type-simple"},"acf":[],"wcpa_form_fields":{"wcpaData":{"product":{"product_price":2200,"price_html":"From&nbsp;<span class=\"woocommerce-Price-amount amount\"><bdi>2.200,00&nbsp;<span class=\"woocommerce-Price-currencySymbol\">&euro;<\/span><\/bdi><\/span>","original_product_price":2200,"price_including_tax":2200,"price_excluding_tax":2200,"product_id":{"parent":14103,"variation":false},"is_variable":false,"stock_status":"instock","stock_quantity":null,"parent_sku":"CV14103","product_attributes":[],"custom_fields":[],"is_taxable":false,"product_name":"Paladio Luxury Yacht Tenerife","hasImage":false},"fields":{"sec_567e82027e6f14":{"extra":{"key":"sec_567e82027e6f14","section_id":"sec_567e82027e6f14","name":"Default","status":1,"cl_rule":"show","enableCl":false,"relations":[],"toggle":true,"title_tag":"h3","show_title":false,"showPrice":"default","form_id":14104,"form_rules":{"exclude_from_discount":true,"fee_label":"Fee","disp_hide_options_price":true,"disp_show_section_price":false,"disp_show_field_price":true,"layout_option":"standard","pric_use_as_fee":false,"process_fee_as":"woo_fee"},"layout_option":"standard"},"fields":[[{"active":true,"col":6,"relations":false,"cl_rule":"show","enableCl":false,"price":"","enablePrice":false,"className":"","label_position":"default","desc_position":"default","type":"content","required":false,"elementId":"content_4435686418","label":"","name":"content_4435686418","contentType":"rich","value":"<p>Available from December till May<\/p>","error":false,"enableDesign":true,"DescColor":"#2400ff","isTemplate":false,"gt_translate_keys":["label","value"],"price_dependency":false,"cl_dependency":false}],[{"label":"\ud83d\udcc5 Date","active":true,"required":true,"elementId":"date_567e82027e6f47","picker_type":"custom","picker_mode":"single","placeholder":"","description":"","tooltip":"","name":"date_567e82027e6f47","label_position":"default","desc_position":"default","enablePrice":false,"className":"","enableCl":false,"relations":[{"operator":"and","rules":[{"operator":"AND","rules":{"cl_field":"radio-group_565c78ffa81208","cl_relation":"is","cl_val":"3 Hour Trip"}}]}],"date_pic_inline":true,"date_pic_inline_hide":true,"min_date":{"type":"days","val":"2"},"max_date":"","date_pic_conf":{"disabledWeeks":[],"enabledDates":["2025-12-15 to 2026-04-30"],"disabledDates":[]},"price":"","cl_rule":"show","col":6,"type":"date","error":false,"enableDesign":false,"LabelColor":"","isWeightTemplate":false,"isTemplate":false,"min_quantity":"1","quantity_decimal":false,"quantity_step":"1","quantity_label":"Quantity","repeater_field_label":"{field_label}","repeater_bind":"","gt_translate_keys":["label","placeholder","description","tooltip","repeater_field_label","quantity_label"],"price_dependency":false,"cl_dependency":false,"value":""}],[{"contentType":"rich","active":true,"label":"","elementId":"content_667e82027e6f64","value":"<p>\ud83c\udf9f\ufe0f <strong>Reservation<\/strong>: Pay only a deposit now to reserve; the rest is due on the day of the activity upon arrival.<\/p>","inline":false,"name":"content_667e82027e6f64","enablePrice":false,"className":"","subtype":"p","enableCl":true,"relations":[{"operator":false,"rules":[{"operator":"AND","rules":{"cl_field":"select_267e82027e6f95","cl_relation":"is","cl_val":"24H"}}]}],"price":"","cl_rule":"hide","col":6,"type":"content","error":false,"pricingType":"custom","isTemplate":false,"is_show_price":true,"show_in_checkout":true,"gt_translate_keys":["label","value"],"price_dependency":false,"cl_dependency":false}],[{"elementId":"separator_767e82027e6f7e","separatorType":"blank","className":"","height":"3","enableCl":false,"relations":false,"cl_rule":"show","col":6,"type":"separator","error":false,"gt_translate_keys":[],"price_dependency":false,"cl_dependency":false,"value":""}],[{"active":true,"col":6,"relations":false,"cl_rule":"show","enableCl":false,"price":"","enablePrice":false,"className":"","label_position":"default","desc_position":"default","type":"select","required":true,"elementId":"select_267e82027e6f95","label":"\u23f3 Trip Duration","name":"select_267e82027e6f95","values":[{"label":"3 Hours (1.900\u20ac)","value":"1900","selected":false,"tempId":"aco_556","price":"930","gt_translate_keys":["label"]},{"label":"4 Hours (2.200\u20ac)","value":"2200","selected":false,"tempId":"aco_640","price":"1150","gt_translate_keys":["label"]},{"label":"7 Hours (3.200\u20ac)","value":"3200","selected":false,"tempId":"aco_660","price":"1550","gt_translate_keys":["label"]},{"label":"24 Hours (Custom Request)","value":"24H","selected":false,"tempId":"aco_19","price":"1850","gt_translate_keys":["label"]}],"dropdown_type":"basic","error":false,"placeholder":"Select Trip Duration","priceOptions":"different_for_all","pricingType":"fixed","is_show_price":true,"isWeightTemplate":false,"isTemplate":false,"min_quantity":"1","quantity_decimal":false,"quantity_step":"1","quantity_label":"Quantity","repeater_field_label":"{field_label}","repeater_bind":"","gt_translate_keys":["label","placeholder","repeater_field_label","quantity_label"],"price_dependency":["content_967e82027e6fd8","content_567e82027e6fed"],"cl_dependency":["content_667e82027e6f64","content_967e82027e6fd8","content_567e82027e6fed","content_267e82027e7004","content_0692532320"],"value":""}],[{"active":true,"col":6,"relations":[{"operator":false,"rules":[{"operator":"AND","rules":{"cl_field":"select_267e82027e6f95","cl_relation":"is","cl_val":"24H"}}]}],"cl_rule":"hide","enableCl":true,"price":"({field.select_267e82027e6f95.value})*0.20","enablePrice":true,"className":"","label_position":"default","desc_position":"default","type":"content","required":false,"elementId":"content_967e82027e6fd8","label":"Deposit Payment","name":"content_967e82027e6fd8","contentType":"plain","value":"","error":false,"pricingType":"custom","isTemplate":false,"is_show_price":false,"enableDesign":true,"scrollBar":false,"use_as_fee":false,"fee_label":"Payment Now","inline":true,"show_in_checkout":true,"subtype":"div","formulaId":"fmla_1708364241278155361","LabelSize":"14px","gt_translate_keys":["label","value"],"price_dependency":["content_267e82027e7004"],"cl_dependency":false}],[{"contentType":"plain","active":true,"label":"Payment at Arrival","elementId":"content_567e82027e6fed","value":"","inline":true,"show_in_checkout":true,"name":"content_567e82027e6fed","enablePrice":true,"className":"","fee_label":"Payment at Arrival","subtype":"div","enableCl":true,"relations":[{"operator":false,"rules":[{"operator":"AND","rules":{"cl_field":"select_267e82027e6f95","cl_relation":"is","cl_val":"24H"}}]}],"scrollBar":false,"enableDesign":true,"pricingType":"custom","isTemplate":false,"price":"({field.select_267e82027e6f95.value})*0.80","use_as_fee":false,"is_show_price":true,"cl_rule":"hide","col":6,"type":"content","error":false,"formulaId":"fmla_1708360988969136756","LabelSize":"14px","gt_translate_keys":["label","value"],"price_dependency":["content_267e82027e7004"],"cl_dependency":false}],[{"contentType":"plain","active":true,"label":"Total Price","elementId":"content_267e82027e7004","value":"","inline":true,"show_in_checkout":true,"name":"content_267e82027e7004","enablePrice":true,"className":"","fee_label":"Payment at Arrival","subtype":"div","enableCl":true,"relations":[{"operator":false,"rules":[{"operator":"AND","rules":{"cl_field":"select_267e82027e6f95","cl_relation":"is","cl_val":"24H"}}]}],"scrollBar":false,"enableDesign":true,"LabelSize":"14px","pricingType":"custom","isTemplate":false,"price":"({field.content_967e82027e6fd8.price}) + ({field.content_567e82027e6fed.price})","formulaId":"fmla_1708360988969136756","use_as_fee":false,"is_show_price":true,"cl_rule":"hide","col":6,"type":"content","error":false,"gt_translate_keys":["label","value"],"price_dependency":false,"cl_dependency":false}],[{"active":true,"col":6,"relations":[{"operator":false,"rules":[{"operator":"AND","rules":{"cl_field":"select_267e82027e6f95","cl_relation":"is","cl_val":"24H"}}]}],"cl_rule":"show","enableCl":true,"price":"","enablePrice":false,"className":"","label_position":"default","desc_position":"default","type":"content","required":false,"elementId":"content_0692532320","label":"","name":"content_0692532320","contentType":"rich","value":"<p>This is a custom request booking. We\u2019ll contact you shortly via WhatsApp to discuss your interest in booking this boat for 24 hours. Please note this is not a confirmation, only a request.<\/p>","isTemplate":false,"error":false,"scrollBar":false,"enableDesign":true,"DescColor":"#e57900","LabelSize":"14px","gt_translate_keys":["label","value"],"price_dependency":false,"cl_dependency":false}],[{"elementId":"separator_1067e82027e701b","separatorType":"blank","className":"","height":"1","enableCl":false,"relations":false,"cl_rule":"show","col":6,"type":"separator","error":false,"gt_translate_keys":[],"price_dependency":false,"cl_dependency":false,"value":""}],[{"label":"\u2705 Number of People","active":true,"required":true,"elementId":"select_1067e82027e6fab","dropdown_type":"basic","placeholder":"Select Number of People","name":"select_1067e82027e6fab","label_position":"default","desc_position":"default","enablePrice":false,"className":"","enableCl":false,"relations":[{"operator":false,"rules":[{"operator":"AND","rules":{"cl_field":"radio-group_565c78ffa81208","cl_relation":"is","cl_val":"3 Hour Trip"}}]}],"values":[{"label":"1 person","value":"1","selected":false,"tempId":"aco_1471","price":"0","gt_translate_keys":["label"]},{"label":"2 people","value":"2","selected":false,"tempId":"aco_1472","price":"0","gt_translate_keys":["label"]},{"label":"3 people","value":"3","selected":false,"tempId":"aco_1500","price":"0","gt_translate_keys":["label"]},{"label":"4 people","value":"4","selected":false,"tempId":"aco_1510","price":"0","gt_translate_keys":["label"]},{"label":"5 people","value":"5","selected":false,"tempId":"aco_1520","price":"0","gt_translate_keys":["label"]},{"label":"6 people","value":"6","selected":false,"tempId":"aco_1728","price":"0","gt_translate_keys":["label"]},{"label":"7 people","value":"7","selected":false,"tempId":"aco_1738","price":"20","gt_translate_keys":["label"]},{"label":"8 people","value":"8","selected":false,"tempId":"aco_1748","price":"40","gt_translate_keys":["label"]},{"label":"9 people","value":"9","selected":false,"tempId":"aco_1912","price":"60","gt_translate_keys":["label"]},{"label":"10 people","value":"10","selected":false,"tempId":"aco_1922","price":"80","gt_translate_keys":["label"]},{"label":"11 people","value":"11","selected":false,"tempId":"aco_705","price":"100","gt_translate_keys":["label"]},{"label":"12 People","value":"12","selected":false,"tempId":"aco_85","gt_translate_keys":["label"]}],"price":"","cl_rule":"show","col":6,"type":"select","error":false,"priceOptions":"different_for_all","pricingType":"fixed","is_show_price":true,"gt_translate_keys":["label","placeholder"],"price_dependency":false,"cl_dependency":false,"value":""}],[{"active":true,"col":6,"relations":[{"operator":false,"rules":[{"operator":"AND","rules":{"cl_field":"radio-group_565c78ffa81208","cl_relation":"is","cl_val":"3 Hour Trip"}}]}],"cl_rule":"show","enableCl":false,"price":"","enablePrice":false,"className":"","label_position":"default","desc_position":"default","type":"select","required":false,"elementId":"select_1067e82027e7030","label":"\u23f0 Departure","name":"select_1067e82027e7030","values":[{"label":"09:00","value":"09:00","selected":false,"tempId":"aco_1471","gt_translate_keys":["label"]},{"label":"10:00","value":"10:00","selected":false,"tempId":"aco_1472","gt_translate_keys":["label"]},{"label":"11:00","value":"11:00","selected":false,"tempId":"aco_1500","gt_translate_keys":["label"]},{"label":"12:00","value":"12:00","selected":false,"tempId":"aco_1510","gt_translate_keys":["label"]},{"label":"13:00 (1:00 PM)","value":"13:00","selected":false,"tempId":"aco_1520","gt_translate_keys":["label"]},{"label":"14:00 (2:00A PM)","value":"14:00","selected":false,"tempId":"aco_1728","gt_translate_keys":["label"]},{"label":"15:00 (3:00 PM)","value":"15:00","selected":false,"tempId":"aco_1738","gt_translate_keys":["label"]}],"dropdown_type":"basic","error":false,"placeholder":"Whichever Time is Best","gt_translate_keys":["label","placeholder"],"price_dependency":false,"cl_dependency":false,"value":""}],[{"elementId":"separator_167e82027e7048","separatorType":"blank","className":"","height":"1","enableCl":false,"relations":false,"cl_rule":"show","col":6,"type":"separator","error":false,"gt_translate_keys":[],"price_dependency":false,"cl_dependency":false,"value":""}]]}},"config":{"price_override":"always","enable_recaptcha":false,"bind_quantity":false,"quantity_bind_formula":false,"disp_summ_show_option_price":true,"disp_summ_show_product_price":false,"disp_summ_show_total_price":false,"disp_summ_show_fee":true,"disp_summ_show_discount":true,"summary_title":"","options_total_label":"Options Price","total_label":"Deposit Amount","options_product_label":"Product Price","fee_label":"Fee","discount_label":"Discount","has_price":true,"has_quantity_formula":false},"mc_unit":1,"tax_rate":1,"tax_rate_real":1,"discount":{"percentage":0,"fixed":0},"design":{"conf":{"LabelPosition":"above","DescPosition":"above","UploadField":"custom_1","QuantityFieldStyle":"custom_1"},"css":{"LeftLabelWidth":"120px"}},"formulas":{"fmla_1708360988969136756":"(({field.select_2663a0ecdc488f.value}>=5)?(640):(({field.select_2663a0ecdc488f.value}>=4)?(520):(({field.select_2663a0ecdc488f.value}>=3)?(440):(0))))","fmla_1708364241278155361":"(({field.select_5841412719.value}>=8)?({field.select_5841412719.price}):(({field.select_5841412719.value}>=5)?({field.select_5841412719.price}):(({field.select_5841412719.value}>=3)?({field.select_5841412719.price}):(0))))"},"lookuptables":[],"clones":false,"cartKey":false}},"_links":{"self":[{"href":"https:\/\/canaryvip.com\/nb\/wp-json\/wp\/v2\/product\/14103","targetHints":{"allow":["GET"]}}],"collection":[{"href":"https:\/\/canaryvip.com\/nb\/wp-json\/wp\/v2\/product"}],"about":[{"href":"https:\/\/canaryvip.com\/nb\/wp-json\/wp\/v2\/types\/product"}],"replies":[{"embeddable":true,"href":"https:\/\/canaryvip.com\/nb\/wp-json\/wp\/v2\/comments?post=14103"}],"wp:featuredmedia":[{"embeddable":true,"href":"https:\/\/canaryvip.com\/nb\/wp-json\/wp\/v2\/media\/14106"}],"wp:attachment":[{"href":"https:\/\/canaryvip.com\/nb\/wp-json\/wp\/v2\/media?parent=14103"}],"wp:term":[{"taxonomy":"product_brand","embeddable":true,"href":"https:\/\/canaryvip.com\/nb\/wp-json\/wp\/v2\/product_brand?post=14103"},{"taxonomy":"product_cat","embeddable":true,"href":"https:\/\/canaryvip.com\/nb\/wp-json\/wp\/v2\/product_cat?post=14103"},{"taxonomy":"product_tag","embeddable":true,"href":"https:\/\/canaryvip.com\/nb\/wp-json\/wp\/v2\/product_tag?post=14103"}],"curies":[{"name":"wp","href":"https:\/\/api.w.org\/{rel}","templated":true}]}}