{"id":14066,"date":"2025-03-31T09:07:00","date_gmt":"2025-03-31T08:07:00","guid":{"rendered":"https:\/\/canaryvip.com\/?post_type=product&#038;p=14066"},"modified":"2025-10-03T12:53:06","modified_gmt":"2025-10-03T11:53:06","slug":"kalima-kat-catamaran-tenerife","status":"publish","type":"product","link":"https:\/\/canaryvip.com\/nb\/shop\/kalima-kat-catamaran-tenerife\/","title":{"rendered":"Kalima Kat: Katamaran Tenerife"},"content":{"rendered":"<h2>\u26f5 Privat katamaranopplevelse p\u00e5 Tenerife om bord p\u00e5 Kalima Kat<\/h2>\n<p class=\"translation-block\">Hos <strong>CanaryVIP,<\/strong> inviterer vi deg til \u00e5 nyte en uforglemmelig dag til sj\u00f8s med <strong>Kalima Kat,<\/strong> et av de best rangerte alternativene for leie av privat katamaran p\u00e5 Tenerife. Denne moderne katamaranen er ideell for grupper p\u00e5 opptil 22 personer, noe som er uvanlig siden de fleste private b\u00e5ter p\u00e5 Tenerife er begrenset til bare 12 gjester. Det gj\u00f8r Kalima Kat perfekt for st\u00f8rre grupper som \u00f8nsker \u00e5 bo sammen og nyte den ultimate b\u00e5topplevelsen.<\/p>\n<p class=\"translation-block\">Vi tilbyr ogs\u00e5 <strong>3-timers delte katamaranturer<\/strong> om bord p\u00e5 Kalima Kat, noe som gir deg muligheten til \u00e5 nyte den samme ruten og opplevelsen til en lavere pris mens du deler turen med andre gjester.<\/p>\n<p>Vi seiler fra Puerto Col\u00f3n i Costa Adeje og utforsker den fantastiske s\u00f8rkysten av Tenerife, nyter solen og slapper av i krystallklart vann med usl\u00e5elig utsikt over Atlanterhavet. Enten du skal feire noe spesielt eller bare vil flykte fra folkemengden, er dette en privat katamaranopplevelse som er designet for komfort, moro og uforglemmelige \u00f8yeblikk.<\/p>\n<h3>\ud83d\udcbc Enkel bestilling, maksimal glede<\/h3>\n<ul>\n<li><strong>Fleksible betalingsalternativer:<\/strong> Sikre turen din med bare et depositum. Resten betales p\u00e5 dagen for utflukten.<\/li>\n<li><strong>Ideell for private grupper:<\/strong> Enten dere er en liten vennegjeng eller et selskap p\u00e5 22 personer, tilbyr Kalima Kat full eksklusivitet bare for dere.<\/li>\n<\/ul>\n<h3>\ud83c\udf0a Velg mellom en 3-timers eller 6-timers katamarancharter<\/h3>\n<ul>\n<li><strong>3-timers omvisning:<\/strong> Cruis langs kysten, stopp for \u00e5 sv\u00f8mme, snorkle og sole deg - perfekt for en kort, men deilig flukt p\u00e5 vannet.<\/li>\n<li><strong>6-timers tur:<\/strong> Forleng eventyret og nyt et mer avslappet tempo. Bes\u00f8k flere viker, bli lenger i vannet og f\u00e5 mest mulig ut av dagen ute p\u00e5 havet. Ideell for grupper som \u00f8nsker ekstra tid til feiringer eller til \u00e5 utforske \u00f8yas kystlinje i dybden.<\/li>\n<\/ul>\n<h3>\ud83c\udf7d\ufe0f All-inclusive Catering og drikke<\/h3>\n<p>Nyt en deilig kyllingpaella, servert med forfriskende drikke for \u00e5 holde deg avkj\u00f8lt under hele reisen. Vann, brus og \u00f8l er inkludert i den private charterturen.<\/p>\n<h3>\ud83d\udc20 Sv\u00f8m, snorkl og oppdag skjulte steder<\/h3>\n<ul>\n<li>Snorkelutstyr er tilgjengelig: Alt du trenger for \u00e5 dykke ned og utforske Atlanterhavets pulserende marine liv.<\/li>\n<li>Skjulte bukter og viker: Kalima Kat tar deg med til noen av de vakreste og mest fredelige badeplassene s\u00f8r p\u00e5 Tenerife.<\/li>\n<\/ul>\n<h3>\ud83d\udccd Praktisk avreise fra Costa Adeje<\/h3>\n<ul>\n<li><strong>Avreisested:<\/strong> Puerto Col\u00f3n, en sentral og lett tilgjengelig marina i Costa Adeje. <a href=\"https:\/\/www.google.com\/maps\/place\/Puerto+Col%C3%B3n\/@28.0783432,-16.7368735,18.52z\/data=!4m6!3m5!1s0xc6a9743509c9ebf:0xd62345524f768247!8m2!3d28.0789928!4d-16.7359737!16s%2Fg%2F11c6cqryw_?entry=tts\" target=\"_blank\" rel=\"noopener\">Vis p\u00e5 Google Maps<\/a><\/li>\n<li><strong>Ankomsttidspunkt:<\/strong> Vennligst ankom 30 minutter f\u00f8r avreise for \u00e5 sikre en smidig innsjekkingsprosess.<\/li>\n<\/ul>\n<h3>\ud83d\udccb Hva du m\u00e5 ta med og hva som er inkludert<\/h3>\n<ul>\n<li><strong>Hva du b\u00f8r ta med deg:<\/strong> Badet\u00f8y, h\u00e5ndkle, solbriller, solkrem og hatt. En lett jakke anbefales i kj\u00f8ligere m\u00e5neder.<\/li>\n<li><strong>Inkludert:<\/strong> Kaptein og mannskap, reiseforsikring, snorkelutstyr, catering og drikke.<\/li>\n<\/ul>\n<h3>\ud83d\udcde Informasjon om bestilling og betaling<\/h3>\n<ul>\n<li><strong>Bestill online:<\/strong> Sikre deg en katamaranopplevelse p\u00e5 Tenerife med en rask og enkel bestillingsprosess.<\/li>\n<li><strong>Kundeservice:<\/strong> Hvis du har noen problemer under reisen, kan du snakke med mannskapet direkte. Din tilfredshet er en prioritet.<\/li>\n<\/ul>\n<h3>\u2757 Avbestillingsregler<\/h3>\n<p>Vi forst\u00e5r at planer kan endre seg. Her er avbestillingsreglene for Kalima Kat:<\/p>\n<ul>\n<li><strong>Private charterturer:<\/strong>\n<ul>\n<li>Mer enn 7 dager f\u00f8r avreise: Full refusjon.<\/li>\n<li>Mindre enn 7 dager eller uteblivelse: Ingen refusjon.<\/li>\n<\/ul>\n<\/li>\n<li><strong>Delte turer:<\/strong>\n<ul>\n<li>Mer enn 3 dager f\u00f8r avreise: Full refusjon.<\/li>\n<li>Mindre enn 3 dager eller uteblivelse: Ingen refusjon.<\/li>\n<\/ul>\n<\/li>\n<\/ul>\n<h3>\ud83c\udf24\ufe0f V\u00e6r og sikkerhet<\/h3>\n<ul>\n<li><strong>D\u00e5rlig v\u00e6r:<\/strong> Hvis forholdene er utrygge, kan kapteinen flytte turen eller tilby full refusjon.<\/li>\n<li><strong>Tidlig retur:<\/strong> Turer som avbrytes p\u00e5 gjestenes foresp\u00f8rsel (f.eks. p\u00e5 grunn av sj\u00f8syke), refunderes ikke.<\/li>\n<\/ul>\n<h3>\ud83c\udf89 Hvorfor velge Kalima Kat med CanaryVIP?<\/h3>\n<ul>\n<li><strong>Perfekt for store grupper:<\/strong> En av de sv\u00e6rt f\u00e5 katamaranene p\u00e5 Tenerife som har lisens for opptil 22 passasjerer.<\/li>\n<li><strong>Skreddersydde opplevelser:<\/strong> Bursdager, frierier, firmaarrangementer eller bare en eksklusiv dag ute - alt er mulig.<\/li>\n<li><strong>Best pris for b\u00e5tutleie p\u00e5 Tenerife:<\/strong> En helt privat tur med alt inkludert, erfarent mannskap og topp service.<\/li>\n<\/ul>\n<h3>\ud83d\udccc Avsluttende tanker<\/h3>\n<p class=\"translation-block\">Kalima Kat er ikke bare nok en privat katamaran p\u00e5 Tenerife, det er inngangsporten til en dag med luksus, kontakt og oppdagelser p\u00e5 havet. Med muligheter for b\u00e5de 3-timers og 6-timers charterturer, fleksibel catering og plass til opptil 22 gjester, er dette et av de beste valgene for en delt b\u00e5ttur eller <a href=\"https:\/\/canaryvip.com\/nb\/tenerife\/boat-hire-tenerife\/\" target=\"_self\">privat b\u00e5tleie p\u00e5 Tenerife.<\/a><\/p>\n<p>Bestill din private katamarantur i dag med CanaryVIP og nyt en virkelig eksklusiv opplevelse p\u00e5 Atlanterhavet. Enten du \u00f8nsker \u00e5 feire, utforske eller slappe av - dette er \u00f8yeblikket for deg.<\/p>","protected":false},"excerpt":{"rendered":"<p><strong>\ud83d\udd0d Kalima Kat Tenerife:<\/strong><br \/>\n<span>\u2705 Sikker betaling.<\/span><br \/>\n<span>\ud83d\udc65 Delte turer tilgjengelig<br \/>\n\ud83d\udd10 Private turer tilgjengelig<\/span><br \/>\n<span>\ud83d\udc0b Hval- og delfinobservasjon.<\/span><br \/>\n<span>\ud83d\ude80 Turer p\u00e5 3 timer og 6 timer.<\/span><br \/>\n<span>\ud83d\udd59 9:30, 12:30 og 15:30.<br \/>\n<\/span>\ud83c\udf05 Solnedgangsturer er tilgjengelige.<br \/>\n<span>\ud83e\uddc3 Snacks og drikke inkludert.<\/span><br \/>\n<span>\ud83d\udc65 Opp til 22 personer.<br \/>\n<\/span>\ud83d\udebd Toalett om bord.<br \/>\n<span>\ud83e\udd3f Snorkelutstyr tilbys.<\/span><br \/>\n<span>\ud83e\udd11 Garantert beste pris.<\/span><br \/>\n<span>\ud83d\udc6a Rabatter aktivert.<\/span><br \/>\n<span>\ud83d\udd01 Opptil 5 dagers avbestilling.<\/span><br \/>\n<span>\ud83c\udf0d Flerspr\u00e5klige guider.<\/span><br \/>\n<span>\ud83c\udf1f Bestill n\u00e5 og spar penger!<\/span><br \/>\n<span>\ud83d\udccd Avgang fra\u00a0<\/span><a href=\"https:\/\/www.google.com\/maps\/place\/Puerto+Col%C3%B3n\/@28.0783432,-16.7368735,18.52z\/data=!4m6!3m5!1s0xc6a9743509c9ebf:0xd62345524f768247!8m2!3d28.0789928!4d-16.7359737!16s%2Fg%2F11c6cqryw_?entry=tts\">Puerto Colon<\/a><span>.<\/span><\/p>","protected":false},"featured_media":14068,"comment_status":"open","ping_status":"closed","template":"","meta":{"_acf_changed":false},"product_brand":[],"product_cat":[47,46],"product_tag":[],"class_list":{"0":"post-14066","1":"product","2":"type-product","3":"status-publish","4":"has-post-thumbnail","6":"product_cat-boat-hire-tenerife","7":"product_cat-boat-excursions","8":"wcpa_has_options","10":"first","11":"instock","12":"sale","13":"virtual","14":"purchasable","15":"product-type-simple"},"acf":[],"wcpa_form_fields":{"wcpaData":{"product":{"product_price":59,"price_html":"From&nbsp;<del aria-hidden=\"true\"><span class=\"woocommerce-Price-amount amount\"><bdi>75,00&nbsp;<span class=\"woocommerce-Price-currencySymbol\">&euro;<\/span><\/bdi><\/span><\/del> <span class=\"screen-reader-text\">Opprinnelig pris var: 75,00&nbsp;&euro;.<\/span><ins aria-hidden=\"true\"><span class=\"woocommerce-Price-amount amount\"><bdi>59,00&nbsp;<span class=\"woocommerce-Price-currencySymbol\">&euro;<\/span><\/bdi><\/span><\/ins><span class=\"screen-reader-text\">N\u00e5v\u00e6rende pris er: 59,00&nbsp;&euro;.<\/span>","original_product_price":75,"price_including_tax":59,"price_excluding_tax":59,"product_id":{"parent":14066,"variation":false},"is_variable":false,"stock_status":"instock","stock_quantity":null,"parent_sku":"CV14066","product_attributes":[],"custom_fields":[],"is_taxable":false,"product_name":"Kalima Kat: Catamaran Tenerife","hasImage":false},"fields":{"sec_h1cbc9h4":{"extra":{"key":"sec_h1cbc9h4","section_id":"sec_h1cbc9h4","name":"Trip Duration","status":1,"cl_rule":"show","enableCl":false,"relations":[],"toggle":true,"title_tag":"h4","show_title":false,"showPrice":"default","form_id":14069,"form_rules":{"exclude_from_discount":true,"fee_label":"Fee","disp_hide_options_price":true,"disp_show_section_price":false,"disp_show_field_price":true,"layout_option":"standard","pric_use_as_fee":false,"process_fee_as":"woo_fee"},"layout_option":"standard"},"fields":[[{"active":true,"col":6,"relations":false,"cl_rule":"show","enableCl":false,"price":"","enablePrice":false,"className":"","label_position":"default","desc_position":"default","type":"radio-group","required":false,"elementId":"radio_1294104105","label":"\u231b\ufe0f Trip Duration","name":"radio_1294104105","values":[{"label":"3 Hour Shared Trip (59\u20ac)","value":"Shared 3H","selected":false,"tempId":"aco_148","description":"Whale and dolphin sightings. Includes chicken paella, drinks, and snorkeling. Daily at 9:30 and 12:30.","gt_translate_keys":["label","description"]},{"label":"Private Charter (From 800\u20ac)","value":"Private Charter","selected":false,"tempId":"aco_149","description":"Sail Tenerife\u2019s coast on a private catamaran. Spot dolphins and whales, Includes chicken paella, drinks, and snorkeling. 3 or 6-hour charters.","gt_translate_keys":["label","description"]}],"layOut":"","error":false,"checkUi":"toggle","options_description":true,"isWeightTemplate":false,"isTemplate":false,"min_quantity":"1","quantity_decimal":false,"quantity_step":"1","quantity_label":"Quantity","repeater_field_label":"{field_label}","repeater_bind":"","gt_translate_keys":["label","repeater_field_label","quantity_label"],"price_dependency":false,"cl_dependency":[false,false],"value":""}]]},"sec_h1cbg221b7":{"extra":{"key":"sec_h1cbg221b7","section_id":"sec_h1cbg221b7","name":"Shared Trip","status":1,"cl_rule":"show","enableCl":true,"relations":[{"operator":false,"rules":[{"operator":"AND","rules":{"cl_field":"radio_1294104105","cl_relation":"is","cl_val":"Shared 3H"}}]}],"toggle":true,"title_tag":"h4","show_title":false,"showPrice":"default","form_id":14069,"form_rules":{"exclude_from_discount":true,"fee_label":"Fee","disp_hide_options_price":true,"disp_show_section_price":false,"disp_show_field_price":true,"layout_option":"standard","pric_use_as_fee":false,"process_fee_as":"woo_fee"},"layout_option":"standard"},"fields":[[{"label":"\ud83d\udcc5 Date","active":true,"required":true,"elementId":"date-6744781718","picker_type":"custom","picker_mode":"single","placeholder":"","description":"","tooltip":"","name":"date-6744781718","label_position":"default","desc_position":"default","enablePrice":false,"className":"","enableCl":false,"relations":[{"operator":"and","rules":[{"operator":"AND","rules":{"cl_field":"radio-group_367e16bf8dd4f5","cl_relation":"is","cl_val":"3 Hour Trip"}}]}],"enableDesign":false,"LabelColor":"","date_pic_inline":true,"date_pic_inline_hide":true,"min_date":{"type":"days","val":"2"},"max_date":{"type":"days","val":"365"},"date_pic_conf":{"disabledWeeks":[],"disabledDates":["2025-11-16 to 2025-11-30"]},"price":"","cl_rule":"show","col":6,"type":"date","error":false,"isWeightTemplate":false,"isTemplate":false,"min_quantity":"1","quantity_decimal":false,"quantity_step":"1","quantity_label":"Quantity","repeater_field_label":"{field_label}","repeater_bind":"","gt_translate_keys":["label","placeholder","description","tooltip","repeater_field_label","quantity_label"],"price_dependency":false,"cl_dependency":false,"value":""}],[{"label":"\u23f0 Departure","active":true,"required":true,"elementId":"select-6744781719","dropdown_type":"basic","placeholder":"Select Departure Time","name":"select-6744781719","label_position":"default","desc_position":"default","enablePrice":false,"className":"","enableCl":false,"relations":[{"operator":false,"rules":[{"operator":"AND","rules":{"cl_field":"date_367e16bf8dd504","cl_relation":"week_day_is","cl_val":[1]}}]}],"values":[{"label":"9:30","value":"9:30","selected":false,"tempId":"aco_2695","gt_translate_keys":["label"]},{"label":"12:30","value":"12:30","selected":false,"tempId":"aco_2329","gt_translate_keys":["label"]}],"price":"","cl_rule":"show","col":6,"type":"select","error":false,"gt_translate_keys":["label","placeholder"],"price_dependency":false,"cl_dependency":false,"value":""}],[{"active":true,"col":6,"relations":false,"cl_rule":"show","enableCl":false,"price":"","enablePrice":false,"className":"","label_position":"default","desc_position":"default","type":"separator","required":false,"elementId":"separator_0676633346","label":"Separator Field","height":"4","separatorType":"blank","error":false,"gt_translate_keys":["label"],"price_dependency":false,"cl_dependency":false,"value":""}],[{"active":true,"col":6,"relations":false,"cl_rule":"show","enableCl":false,"price":"59","enablePrice":true,"className":"","label_position":"default","desc_position":"default","type":"radio-group","required":false,"elementId":"radio_7721672388","label":"","name":"radio_7721672388","values":[{"label":"\ud83d\udc64 Adult (59\u20ac)","value":"Adult","selected":true,"tempId":"aco_2419","tooltip":"+12 Years","price":"50","gt_translate_keys":["label","tooltip"]}],"layOut":"","error":false,"checkUi":"button","options_description":true,"options_tooltip":true,"priceOptions":"fixed_for_all","pricingType":"fixed","is_show_price":true,"enable_quantity":true,"quantity_decimal":false,"quantity_step":"1","quantity_label":"","min_quantity":"0","max_quantity":"22","gt_translate_keys":["label","quantity_label"],"price_dependency":false,"cl_dependency":false,"value":""}],[{"label":"","active":true,"required":false,"elementId":"radio-group-9121152807","name":"radio-group-9121152807","label_position":"default","desc_position":"default","enablePrice":true,"className":"","enableCl":false,"relations":false,"enable_quantity":true,"quantity_label":"","quantity_step":"1","quantity_decimal":false,"min_quantity":"0","checkUi":"button","layOut":"","options_tooltip":true,"options_description":true,"values":[{"label":"\ud83d\udc66 Child (39\u20ac)","value":"Child","selected":true,"tempId":"aco_2419","tooltip":"2-12 Years","price":"40","gt_translate_keys":["label","tooltip"]}],"priceOptions":"fixed_for_all","pricingType":"fixed","price":"39","is_show_price":true,"cl_rule":"show","col":6,"type":"radio-group","error":false,"max_quantity":"22","gt_translate_keys":["label","quantity_label"],"price_dependency":false,"cl_dependency":false,"value":""}],[{"elementId":"separator-6744791722","separatorType":"fill","className":"","height":"3","enableCl":false,"relations":false,"cl_rule":"show","col":6,"type":"separator","error":false,"separatorColor":"#66a5b6","gt_translate_keys":[],"price_dependency":false,"cl_dependency":false,"value":""}],[{"contentType":"plain","active":true,"label":"Deposit Payment","elementId":"content-6744791723","value":"","inline":true,"show_in_checkout":true,"name":"content-6744791723","enablePrice":true,"className":"","subtype":"div","enableCl":false,"relations":false,"pricingType":"custom","isTemplate":false,"price":"({field.radio_7721672388.quantity}*24)+({field.radio-group-9121152807.quantity}*14)","formulaId":"fmla_1708364241278155361","cl_rule":"show","col":6,"type":"content","error":false,"gt_translate_keys":["label","value"],"price_dependency":false,"cl_dependency":false}],[{"contentType":"plain","active":true,"label":"Payment Later","elementId":"content-6744791724","value":"","inline":true,"show_in_checkout":true,"name":"content-6744791724","enablePrice":true,"className":"","subtype":"div","enableCl":false,"relations":false,"pricingType":"custom","isTemplate":false,"price":"({field.radio_7721672388.quantity}*35)+({field.radio-group-9121152807.quantity}*25)","formulaId":"fmla_1742826688120818082","is_show_price":true,"cl_rule":"show","col":6,"type":"content","error":false,"gt_translate_keys":["label","value"],"price_dependency":false,"cl_dependency":false}],[{"contentType":"plain","active":true,"label":"Total Amount","elementId":"content-6744791725","value":"","inline":true,"show_in_checkout":true,"name":"content-6744791725","enablePrice":true,"className":"","subtype":"div","enableCl":false,"relations":false,"pricingType":"custom","isTemplate":false,"price":"({field.radio_7721672388.quantity}*59)+({field.radio-group-9121152807.quantity}*39)","formulaId":"fmla_1741607919311571987","is_show_price":true,"cl_rule":"show","col":6,"type":"content","error":false,"gt_translate_keys":["label","value"],"price_dependency":false,"cl_dependency":false}]]},"sec_1067e16bf8dd53a":{"extra":{"key":"sec_1067e16bf8dd53a","section_id":"sec_1067e16bf8dd53a","name":"Private Charter","status":1,"cl_rule":"show","enableCl":true,"relations":[{"operator":false,"rules":[{"operator":"AND","rules":{"cl_field":"radio_1294104105","cl_relation":"is","cl_val":"Private Charter"}}]}],"toggle":true,"title_tag":"h4","show_title":false,"showPrice":"default","form_id":14069,"form_rules":{"exclude_from_discount":true,"fee_label":"Fee","disp_hide_options_price":true,"disp_show_section_price":false,"disp_show_field_price":true,"layout_option":"standard","pric_use_as_fee":false,"process_fee_as":"woo_fee"},"layout_option":"standard"},"fields":[[{"label":"\ud83d\udcc5 Date","active":true,"required":true,"elementId":"date_267e16bf8dd543","picker_type":"custom","picker_mode":"single","placeholder":"","description":"","tooltip":"","name":"date_267e16bf8dd543","label_position":"default","desc_position":"default","enablePrice":false,"className":"","enableCl":false,"relations":[{"operator":"and","rules":[{"operator":"AND","rules":{"cl_field":"radio-group_367e16bf8dd4f5","cl_relation":"is","cl_val":"3 Hour Trip"}}]}],"enableDesign":false,"LabelColor":"","date_pic_inline":true,"date_pic_inline_hide":true,"min_date":{"type":"days","val":"1"},"max_date":{"type":"days","val":"365"},"date_pic_conf":{"disabledWeeks":[],"disabledDates":["2025-11-16 to 2025-11-30"]},"price":"","cl_rule":"show","col":6,"type":"date","error":false,"isWeightTemplate":false,"isTemplate":false,"min_quantity":"1","quantity_decimal":false,"quantity_step":"1","quantity_label":"Quantity","repeater_field_label":"{field_label}","repeater_bind":"","gt_translate_keys":["label","placeholder","description","tooltip","repeater_field_label","quantity_label"],"price_dependency":false,"cl_dependency":false,"value":""}],[{"active":true,"col":6,"relations":false,"cl_rule":"show","enableCl":false,"price":"","enablePrice":false,"className":"","label_position":"default","desc_position":"default","type":"select","required":false,"elementId":"select_267e16bf8dd55e","label":"\u231b\ufe0f Charter Duration (From 800\u20ac)","name":"select_267e16bf8dd55e","values":[{"label":"3 Hours (From 850\u20ac | NOW DISCOUNT FROM 800\u20ac)","value":"3","selected":false,"tempId":"aco_3241","price":"950","gt_translate_keys":["label"]},{"label":"6 Hours (From 1.650 | NOW DISCOUNT FROM 1.550\u20ac)","value":"4","selected":false,"tempId":"aco_2149","price":"1340","gt_translate_keys":["label"]}],"dropdown_type":"basic","error":false,"placeholder":"Select Duration Time","priceOptions":"different_for_all","pricingType":"fixed","is_show_price":false,"isWeightTemplate":false,"isTemplate":false,"min_quantity":"1","quantity_decimal":false,"quantity_step":"1","quantity_label":"Quantity","repeater_field_label":"{field_label}","repeater_bind":"","gt_translate_keys":["label","placeholder","repeater_field_label","quantity_label"],"price_dependency":false,"cl_dependency":false,"value":""}],[{"label":"\u23f0 Departure","active":true,"required":true,"elementId":"select_967e16bf8dd54c","dropdown_type":"basic","placeholder":"Select Departure Time","name":"select_967e16bf8dd54c","label_position":"default","desc_position":"default","enablePrice":true,"className":"","enableCl":false,"relations":[{"operator":false,"rules":[{"operator":"AND","rules":{"cl_field":"date_367e16bf8dd504","cl_relation":"week_day_is","cl_val":[1]}}]}],"values":[{"label":"9:30","value":"9:30","selected":false,"tempId":"aco_2695","price":"0","gt_translate_keys":["label"]},{"label":"12:30","value":"12:30","selected":false,"tempId":"aco_2329","price":"0","gt_translate_keys":["label"]},{"label":"15:30","value":"15:30","selected":false,"tempId":"aco_2457","price":"0","gt_translate_keys":["label"]},{"label":"18:30 SUNSET (+100\u20ac)","value":"SUNSET","selected":false,"tempId":"aco_19","price":"100","gt_translate_keys":["label"]}],"price":"","cl_rule":"show","col":6,"type":"select","error":false,"priceOptions":"different_for_all","pricingType":"fixed","is_show_price":true,"isWeightTemplate":false,"isTemplate":false,"min_quantity":"1","quantity_decimal":false,"quantity_step":"1","quantity_label":"Quantity","repeater_field_label":"{field_label}","repeater_bind":"","gt_translate_keys":["label","placeholder","repeater_field_label","quantity_label"],"price_dependency":false,"cl_dependency":false,"value":""}],[{"active":true,"col":6,"relations":false,"cl_rule":"show","enableCl":false,"price":"5","enablePrice":true,"className":"","label_position":"default","desc_position":"default","type":"number","required":true,"elementId":"number_8810219193","label":"\ud83d\udc65 Amount of People (+5\u20ac\/person)","name":"number_8810219193","value":"","error":false,"pricingType":"multiply","enable_quantity":false,"quantity_decimal":false,"quantity_step":"1","quantity_label":"Quantity","min":"1","max":"22","placeholder":"Up to 22 People","is_show_price":true,"isWeightTemplate":false,"isTemplate":false,"min_quantity":"1","repeater_field_label":"{field_label}","repeater_bind":"","gt_translate_keys":["label","placeholder","value","repeater_field_label","quantity_label"],"price_dependency":false,"cl_dependency":false}],[{"active":true,"col":6,"relations":false,"cl_rule":"show","enableCl":false,"price":"","enablePrice":false,"className":"","label_position":"default","desc_position":"default","type":"separator","required":false,"elementId":"separator_767e16bf8dd568","label":"Separator Field","height":"3","separatorType":"blank","error":false,"gt_translate_keys":["label"],"price_dependency":false,"cl_dependency":false,"value":""}],[{"active":true,"col":6,"relations":false,"cl_rule":"show","enableCl":false,"price":"","enablePrice":true,"className":"","label_position":"default","desc_position":"default","type":"content","required":false,"elementId":"content_267e16bf8dd571","label":"Deposit Payment","name":"content_267e16bf8dd571","contentType":"plain","value":"","error":false,"subtype":"div","inline":true,"show_in_checkout":true,"pricingType":"custom","isTemplate":true,"formulaId":"fmla_1708364241278155361","gt_translate_keys":["label","value"],"price_dependency":["content_767e16bf8dd584"],"cl_dependency":false}],[{"contentType":"plain","active":true,"label":"Payment Later","elementId":"content_1067e16bf8dd57b","value":"","inline":true,"show_in_checkout":true,"name":"content_1067e16bf8dd57b","enablePrice":true,"className":"","subtype":"div","enableCl":false,"relations":false,"pricingType":"custom","isTemplate":true,"price":"","formulaId":"fmla_1742826688120818082","is_show_price":true,"cl_rule":"show","col":6,"type":"content","error":false,"gt_translate_keys":["label","value"],"price_dependency":["content_767e16bf8dd584"],"cl_dependency":false}],[{"contentType":"plain","active":true,"label":"Total Amount","elementId":"content_767e16bf8dd584","value":"","inline":true,"show_in_checkout":true,"name":"content_767e16bf8dd584","enablePrice":true,"className":"","subtype":"div","enableCl":false,"relations":false,"pricingType":"custom","isTemplate":false,"price":"{field.content_267e16bf8dd571.price}+{field.content_1067e16bf8dd57b.price}","formulaId":"fmla_1741607919311571987","is_show_price":true,"cl_rule":"show","col":6,"type":"content","error":false,"gt_translate_keys":["label","value"],"price_dependency":false,"cl_dependency":false}]]}},"config":{"price_override":"always","enable_recaptcha":false,"bind_quantity":false,"quantity_bind_formula":false,"disp_summ_show_option_price":true,"disp_summ_show_product_price":false,"disp_summ_show_total_price":false,"disp_summ_show_fee":true,"disp_summ_show_discount":true,"summary_title":"","options_total_label":"Options Price","total_label":"Total Amount Now","options_product_label":"Product Price","fee_label":"Fee","discount_label":"Discount","has_price":true,"has_quantity_formula":false},"mc_unit":1,"tax_rate":1,"tax_rate_real":1,"discount":{"percentage":0,"fixed":0},"design":{"conf":{"LabelPosition":"above","DescPosition":"above","UploadField":"custom_1","QuantityFieldStyle":"custom_1"},"css":{"LeftLabelWidth":"120px"}},"formulas":{"fmla_1708364241278155361":"(({field.select_267e16bf8dd55e.value}>=4)?(250+({field.number_8810219193.value}*5)):(({field.select_267e16bf8dd55e.value}>=3)?(150+({field.number_8810219193.value}*5)):(0)))","fmla_1742826688120818082":"(({field.select_267e16bf8dd55e.value}>=4)?(1300+{field.select_967e16bf8dd54c.price}):(({field.select_267e16bf8dd55e.value}>=3)?(650+{field.select_967e16bf8dd54c.price}):(0)))"},"lookuptables":[],"clones":false,"cartKey":false}},"_links":{"self":[{"href":"https:\/\/canaryvip.com\/nb\/wp-json\/wp\/v2\/product\/14066","targetHints":{"allow":["GET"]}}],"collection":[{"href":"https:\/\/canaryvip.com\/nb\/wp-json\/wp\/v2\/product"}],"about":[{"href":"https:\/\/canaryvip.com\/nb\/wp-json\/wp\/v2\/types\/product"}],"replies":[{"embeddable":true,"href":"https:\/\/canaryvip.com\/nb\/wp-json\/wp\/v2\/comments?post=14066"}],"wp:featuredmedia":[{"embeddable":true,"href":"https:\/\/canaryvip.com\/nb\/wp-json\/wp\/v2\/media\/14068"}],"wp:attachment":[{"href":"https:\/\/canaryvip.com\/nb\/wp-json\/wp\/v2\/media?parent=14066"}],"wp:term":[{"taxonomy":"product_brand","embeddable":true,"href":"https:\/\/canaryvip.com\/nb\/wp-json\/wp\/v2\/product_brand?post=14066"},{"taxonomy":"product_cat","embeddable":true,"href":"https:\/\/canaryvip.com\/nb\/wp-json\/wp\/v2\/product_cat?post=14066"},{"taxonomy":"product_tag","embeddable":true,"href":"https:\/\/canaryvip.com\/nb\/wp-json\/wp\/v2\/product_tag?post=14066"}],"curies":[{"name":"wp","href":"https:\/\/api.w.org\/{rel}","templated":true}]}}