{"id":14051,"date":"2025-03-24T11:55:25","date_gmt":"2025-03-24T11:55:25","guid":{"rendered":"https:\/\/canaryvip.com\/?post_type=product&#038;p=14051"},"modified":"2025-08-09T13:55:58","modified_gmt":"2025-08-09T12:55:58","slug":"jetski-gran-canaria-tour","status":"publish","type":"product","link":"https:\/\/canaryvip.com\/nb\/shop\/jetski-gran-canaria-tour\/","title":{"rendered":"JetSki Gran Canaria Tour"},"content":{"rendered":"<h2>\ud83c\udf0a JetSki Gran Canaria Safari Tour<\/h2>\n<p>Gj\u00f8r deg klar for et enest\u00e5ende havopplevelse med v\u00e5r spennende <strong>jetski Gran Canaria<\/strong> opplevelse. Denne guidede turen p\u00e5 1 time har avgang fra <a href=\"https:\/\/maps.app.goo.gl\/wvmuLbrgqyykEXRA9\" target=\"_blank\" rel=\"noopener\">Playa de Mog\u00e1n<\/a> eller <a href=\"https:\/\/maps.app.goo.gl\/qQX9BVijLLwy2Ldn9\" target=\"_blank\" rel=\"noopener\">Playa de Taurito<\/a> og tar deg med langs noen av de mest spektakul\u00e6re kystlandskapene s\u00f8r p\u00e5 \u00f8ya. Ingen tidligere erfaring er n\u00f8dvendig - bare ta med deg energien din, s\u00e5 tar vi oss av resten!<\/p>\n<h3>\u23f1\ufe0f 1-times jetski-safari: Fart, natur og uforglemmelig utsikt<\/h3>\n<ul>\n<li><strong>Naturskj\u00f8nn rute:<\/strong> Kj\u00f8r p\u00e5 din egen vannscooter langs ruvende vulkanklipper og utforsk naturlige havgrotter som dem i Tasartico (hvis sj\u00f8forholdene tillater det), og ta turen helt til stranden i Tasarte.<\/li>\n<li><strong>Spotting av marint liv:<\/strong> Skilpadder, flygefisk og til og med delfiner er ofte \u00e5 se p\u00e5 denne ruten - noe som gj\u00f8r den til mer enn bare en spennende tur.<\/li>\n<li><strong>Morsomt og trygt for alle:<\/strong> Ingen lisens eller erfaring kreves. F\u00f8rere m\u00e5 ha fylt 16 \u00e5r for \u00e5 kj\u00f8re alene. F\u00f8rere i alderen 16-17 \u00e5r m\u00e5 ha signert samtykke fra foreldre og gyldig legitimasjon.<\/li>\n<\/ul>\n<h3>\ud83d\udcf8 Fotominner \u00e5 ta vare p\u00e5 for alltid<\/h3>\n<p>Guiden din tar actionbilder under turen. Hvis du vil, kan du kj\u00f8pe dem etter turen - en perfekt m\u00e5te \u00e5 huske turen p\u00e5. <strong>jetski-safari Gran Canaria<\/strong>.<\/p>\n<h3>\u2705 Hva er inkludert i Jetski Gran Canaria-opplevelsen<\/h3>\n<ul>\n<li>1 time <strong>jetski-safari Gran Canaria<\/strong> med en profesjonell guide<\/li>\n<li>Enkel sikkerhetsorientering og instruksjoner for bruk av vannscootere<\/li>\n<li>Vannscootere og redningsvester av topp kvalitet<\/li>\n<li>Full forsikring inkludert<\/li>\n<li>Gratis bruk av skap for dine personlige eiendeler<\/li>\n<li>Valgfri profesjonell fototjeneste (kan kj\u00f8pes etter aktiviteten)<\/li>\n<\/ul>\n<h3>\ud83c\udf26\ufe0f Viktig: V\u00e6rforhold<\/h3>\n<p>Aktiviteten er avhengig av sj\u00f8- og v\u00e6rforhold. I tilfelle grov sj\u00f8 eller d\u00e5rlig v\u00e6r, kan turen bli utsatt av hensyn til din sikkerhet.<\/p>\n<h3>\u2696\ufe0f Avbestillingsregler<\/h3>\n<p>Planer endres - vi forst\u00e5r det. Derfor tilbyr vi rettferdige og transparente avbestillingsregler:<\/p>\n<ul>\n<li><strong>Mer enn 48 timer i forveien:<\/strong> Full tilbakebetaling av innbetalt bel\u00f8p.<\/li>\n<li><strong>Mellom 24 og 48 timer f\u00f8r aktiviteten:<\/strong> 30% avbestillingsgebyr.<\/li>\n<li><strong>Mindre enn 24 timer eller uteblivelse:<\/strong> Ingen refusjon vil bli gitt.<\/li>\n<\/ul>\n<p>Vi anbefaler at du bestiller tidlig og gir oss beskjed s\u00e5 snart som mulig hvis du trenger \u00e5 gj\u00f8re endringer i reservasjonen din.<\/p>\n<h3>\ud83e\uddf3 Hva du b\u00f8r ta med og vite f\u00f8r du drar<\/h3>\n<ul>\n<li><strong>Ta med deg:<\/strong> Badet\u00f8y, h\u00e5ndkle og solkrem er et must. Et vanntett kamera er bra hvis du vil ta dine egne bilder!<\/li>\n<li><strong>Komfortalternativer:<\/strong> V\u00e5tdrakter er tilgjengelige hvis du vil ha ekstra beskyttelse, eller du kan gjerne sykle i badet\u00f8yet ditt.<\/li>\n<li><strong>Fott\u00f8y:<\/strong> Vi oppbevarer skoene dine p\u00e5 en sikker m\u00e5te mens du er ute p\u00e5 vannet.<\/li>\n<\/ul>\n<h3>\ud83c\udf1f Hvorfor bestille med CanaryVIP?<\/h3>\n<p>P\u00e5 <strong>CanaryVIP,<\/strong>\u00a0samarbeider vi med de mest p\u00e5litelige og erfarne lokale partnerne p\u00e5 Kanari\u00f8yene for \u00e5 gi deg trygge opplevelser av h\u00f8y kvalitet. Dette <strong>jetski Gran Canaria<\/strong> Turen gjennomf\u00f8res av en sertifisert lokal leverand\u00f8r, som er n\u00f8ye utvalgt for \u00e5 sikre at du f\u00e5r mest mulig ut av eventyret ditt.<\/p>\n<h3>\u26f5 Leter du etter en mer eksklusiv sj\u00f8opplevelse?<\/h3>\n<p>Vil du ta dagen p\u00e5 havet til neste niv\u00e5? Sjekk ut v\u00e5r <a href=\"https:\/\/canaryvip.com\/nb\/gran-canaria\/boat-hire-gran-canaria\/\" target=\"_blank\" rel=\"noopener\"><strong>privat b\u00e5tutleie Gran Canaria<\/strong><\/a> og <strong>utleie av b\u00e5ter<\/strong> alternativer - ideelt for par, familier og grupper som \u00f8nsker noe mer personlig og luksuri\u00f8st.<\/p>\n<ul>\n<li><strong>Privat b\u00e5tutleie:<\/strong> Utforsk skjulte strender og bad i krystallklart vann med egen b\u00e5t og skipper.<\/li>\n<li><strong>Leie av luksusyachter:<\/strong> Nyt f\u00f8rsteklasses tjenester om bord, drikke, snacks og total avslapning med stil.<\/li>\n<li><strong>Spesielle begivenheter:<\/strong> Feir bursdager, frierier eller bare nyt en unik dag til sj\u00f8s med dem du er glad i.<\/li>\n<\/ul>\n<p>Uansett hvordan du f\u00f8ler deg, <strong>CanaryVIP<\/strong> har den perfekte b\u00e5ten for en uforglemmelig dag p\u00e5 Atlanterhavet.<\/p>\n<h3>\ud83c\udf1e Klar til \u00e5 sykle?<\/h3>\n<p>Ikke g\u00e5 glipp av sjansen til \u00e5 oppleve spenningen i <strong>jetski-safari Gran Canaria<\/strong> og oppdag kysten fra et helt nytt perspektiv. <strong>Bestill n\u00e5 med <a href=\"https:\/\/canaryvip.com\/nb\/\" target=\"_blank\" rel=\"noopener\">CanaryVIP<\/a><\/strong> og gj\u00f8r din tid p\u00e5 Gran Canaria helt uforglemmelig. \ud83c\udf0a\ud83d\udca8<\/p>","protected":false},"excerpt":{"rendered":"<p><strong>\ud83d\udd0d JetSki Gran Canaria:<\/strong><br \/>\n\u2705 Sikker betaling.<br \/>\n\ud83c\udf1f Uforglemmelig opplevelse.<br \/>\n\ud83d\ude80 1 times omvisning.<br \/>\n\ud83d\udcc6 Daglige turer.<br \/>\n\ud83d\udd59 Flere tidsrammer.<br \/>\n\ud83d\udc66 +7 \u00e5r kan bli med.<br \/>\n\ud83d\udc64 +16 \u00e5r kan ri.<br \/>\n\ud83e\udd11 Garantert beste pris.<br \/>\n\ud83d\ude8d Skytteltjeneste tilgjengelig.<br \/>\n\ud83d\udc6a Rabatter aktivert.<br \/>\n\ud83d\udd01 Opptil 48 timer avbestilling.<br \/>\n\ud83c\udf0d Flerspr\u00e5klige guider.<br \/>\n\ud83c\udf1f Bestill n\u00e5 og spar penger!<br \/>\n\ud83d\udccd Fra Mog\u00e1n &amp; Taurito.<\/p>","protected":false},"featured_media":14054,"comment_status":"open","ping_status":"closed","template":"","meta":{"_acf_changed":false},"product_brand":[],"product_cat":[135],"product_tag":[],"class_list":{"0":"post-14051","1":"product","2":"type-product","3":"status-publish","4":"has-post-thumbnail","6":"product_cat-watersports","7":"wcpa_has_options","9":"first","10":"instock","11":"virtual","12":"purchasable","13":"product-type-simple"},"acf":[],"wcpa_form_fields":{"wcpaData":{"product":{"product_price":130,"price_html":"From&nbsp;<span class=\"woocommerce-Price-amount amount\"><bdi>130,00&nbsp;<span class=\"woocommerce-Price-currencySymbol\">&euro;<\/span><\/bdi><\/span>","original_product_price":130,"price_including_tax":130,"price_excluding_tax":130,"product_id":{"parent":14051,"variation":false},"is_variable":false,"stock_status":"instock","stock_quantity":null,"parent_sku":"CV14051","product_attributes":[],"custom_fields":[],"is_taxable":false,"product_name":"JetSki Gran Canaria Tour","hasImage":false},"fields":{"sec_1067e15d3bd1502":{"extra":{"key":"sec_1067e15d3bd1502","section_id":"sec_1067e15d3bd1502","name":"Default","status":1,"cl_rule":"show","enableCl":false,"relations":[],"toggle":true,"title_tag":"h3","show_title":false,"showPrice":"default","form_id":14059,"form_rules":{"exclude_from_discount":true,"fee_label":"Fee","disp_hide_options_price":true,"disp_show_section_price":false,"disp_show_field_price":true,"layout_option":"standard","pric_use_as_fee":false,"process_fee_as":"woo_fee"},"layout_option":"standard"},"fields":[[{"label":"\ud83d\udcc5 Date","active":true,"required":true,"elementId":"date_267e15d3bd1546","picker_type":"custom","picker_mode":"single","placeholder":"","description":"","tooltip":"","name":"date_267e15d3bd1546","label_position":"default","desc_position":"default","enablePrice":false,"className":"","enableCl":false,"relations":[{"operator":"and","rules":[{"operator":"AND","rules":{"cl_field":"radio-group_667e15d3bd15b0","cl_relation":"is","cl_val":"3 Hour Trip"}}]}],"date_pic_inline":true,"date_pic_inline_hide":true,"min_date":{"type":"days","val":"0"},"max_date":{"type":"days","val":"365"},"date_pic_conf":{"disabledWeeks":[]},"price":"","cl_rule":"show","col":6,"type":"date","error":false,"enableDesign":false,"LabelColor":"","gt_translate_keys":["label","placeholder","description","tooltip"],"price_dependency":false,"cl_dependency":false,"value":""}],[{"active":true,"col":6,"relations":false,"cl_rule":"show","enableCl":false,"price":"","enablePrice":false,"className":"","label_position":"default","desc_position":"default","type":"select","required":false,"elementId":"select_167e15d3bd155d","label":"\ud83d\udccd Departure Point","name":"select_167e15d3bd155d","values":[{"label":"Mog\u00e1n Beach","value":"Mogan","selected":false,"tempId":"aco_481","gt_translate_keys":["label"]},{"label":"Taurito Beach","value":"Taurito","selected":false,"tempId":"aco_482","gt_translate_keys":["label"]}],"dropdown_type":"basic","error":false,"gt_translate_keys":["label"],"price_dependency":false,"cl_dependency":false,"value":""}],[{"active":true,"col":6,"relations":[{"operator":false,"rules":[{"operator":"AND","rules":{"cl_field":"radio-group_667e15d3bd15b0","cl_relation":"is","cl_val":"3 Hour Trip"}}]}],"cl_rule":"show","enableCl":false,"price":"","enablePrice":false,"className":"","label_position":"default","desc_position":"default","type":"select","required":true,"elementId":"select_867e15d3bd1593","label":"\u23f0 Departure Time","name":"select_867e15d3bd1593","values":[{"label":"9:00","value":"9:00","selected":false,"tempId":"aco_1450","gt_translate_keys":["label"]},{"label":"10:00","value":"10:00","selected":false,"tempId":"aco_37","gt_translate_keys":["label"]},{"label":"11:00","value":"11:00","selected":false,"tempId":"aco_281","gt_translate_keys":["label"]},{"label":"12:00","value":"12:00","selected":false,"tempId":"aco_381","gt_translate_keys":["label"]},{"label":"15:00","value":"15:00","selected":false,"tempId":"aco_444","gt_translate_keys":["label"]},{"label":"16:15","value":"16:15","selected":false,"tempId":"aco_454","gt_translate_keys":["label"]}],"dropdown_type":"basic","error":false,"placeholder":"Select Departure Time","priceOptions":"different_for_all","pricingType":"custom","isTemplate":false,"is_show_price":true,"gt_translate_keys":["label","placeholder"],"price_dependency":false,"cl_dependency":false,"value":""}]]},"sec_367e15d3bd15b1":{"extra":{"key":"sec_367e15d3bd15b1","section_id":"sec_367e15d3bd15b1","name":"1H Tour Gran Canaria","status":1,"cl_rule":"show","enableCl":false,"relations":[{"operator":false,"rules":[{"operator":"AND","rules":{"cl_field":"radio-group_667e15d3bd15b0","cl_relation":"is","cl_val":"1 Hour Trip"}}]}],"toggle":true,"title_tag":"h4","show_title":false,"showPrice":"default","form_id":14059,"form_rules":{"exclude_from_discount":true,"fee_label":"Fee","disp_hide_options_price":true,"disp_show_section_price":false,"disp_show_field_price":true,"layout_option":"standard","pric_use_as_fee":false,"process_fee_as":"woo_fee"},"layout_option":"standard"},"fields":[[{"contentType":"rich","active":true,"label":"","elementId":"content_967e15d3bd15e4","value":"<p>\ud83c\udf9f\ufe0f <strong>Reservation<\/strong>: Pay only a deposit now to reserve; the rest is due on the day of the activity upon arrival.<\/p>","inline":true,"name":"content_967e15d3bd15e4","enablePrice":false,"className":"","subtype":"div","enableCl":false,"relations":false,"price":"","cl_rule":"show","col":6,"type":"content","error":false,"show_in_checkout":true,"enableDesign":true,"LabelSize":"14px","DescSize":"14px","gt_translate_keys":["label","value"],"price_dependency":false,"cl_dependency":false}],[{"active":true,"col":6,"relations":false,"cl_rule":"show","enableCl":false,"price":"","enablePrice":false,"className":"","label_position":"default","desc_position":"default","type":"content","required":false,"elementId":"content_167e15d3bd15fc","label":"Number of Jet Skis for 1 Hour","name":"content_167e15d3bd15fc","contentType":"plain","value":"","error":false,"show_in_checkout":true,"inline":false,"gt_translate_keys":["label","value"],"price_dependency":false,"cl_dependency":false}],[{"active":true,"col":6,"relations":[{"operator":false,"rules":[{"operator":"AND","rules":{"cl_field":"","cl_relation":"","cl_val":""}}]}],"cl_rule":"show","enableCl":false,"price":"130","enablePrice":true,"className":"","label_position":"default","desc_position":"default","type":"radio-group","required":false,"elementId":"radio-group_967e15d3bd1618","label":"","name":"radio-group_967e15d3bd1618","values":[{"label":"\ud83d\udc64 Single JetSki (130\u20ac)","value":"Single JetSki","selected":true,"tempId":"aco_32","tooltip":"1 Person on the JetSki.","description":"","gt_translate_keys":["label","tooltip","description"]}],"layOut":"","error":false,"checkUi":"button","priceOptions":"fixed_for_all","pricingType":"fixed","enable_quantity":true,"quantity_label":"","min_quantity":"0","options_tooltip":true,"options_description":true,"is_show_price":true,"gt_translate_keys":["label","quantity_label"],"price_dependency":["content_167e15d3bd1666","content_267e15d3bd167e","content_667e15d3bd1696"],"cl_dependency":false,"value":""}],[{"label":"","active":true,"required":false,"elementId":"radio-group_067e15d3bd1635","name":"radio-group_067e15d3bd1635","label_position":"default","desc_position":"default","enablePrice":true,"className":"","enableCl":false,"relations":false,"enable_quantity":true,"quantity_label":"","min_quantity":"0","checkUi":"button","layOut":"","values":[{"label":"\ud83d\udc65 Double JetSki (150\u20ac)","value":"Double JetSki","selected":true,"tempId":"aco_32","tooltip":"2 People on the same JetSki.","description":"","gt_translate_keys":["label","tooltip","description"]}],"priceOptions":"fixed_for_all","pricingType":"fixed","price":"150","cl_rule":"show","col":6,"type":"radio-group","error":false,"options_tooltip":true,"options_description":true,"is_show_price":true,"quantity_decimal":false,"quantity_step":"1","gt_translate_keys":["label","quantity_label"],"price_dependency":["content_167e15d3bd1666","content_267e15d3bd167e","content_667e15d3bd1696"],"cl_dependency":false,"value":""}],[{"elementId":"separator_767e15d3bd164f","separatorType":"fill","separatorColor":"#66a6b6","className":"","height":"3","enableCl":false,"relations":false,"cl_rule":"show","col":6,"type":"separator","gt_translate_keys":[],"price_dependency":false,"cl_dependency":false,"value":""}],[{"active":true,"col":6,"relations":false,"cl_rule":"show","enableCl":false,"price":"({field.radio-group_967e15d3bd1618.price}*0.30) + ({field.radio-group_067e15d3bd1635.price}*0.30)","enablePrice":true,"className":"","label_position":"default","desc_position":"default","type":"content","required":false,"elementId":"content_167e15d3bd1666","label":"Deposit Now","name":"content_167e15d3bd1666","contentType":"plain","value":"","error":false,"pricingType":"custom","isTemplate":false,"is_show_price":false,"enableDesign":true,"scrollBar":false,"use_as_fee":false,"fee_label":"","inline":true,"show_in_checkout":true,"subtype":"div","LabelSize":"14px","LabelColor":"","gt_translate_keys":["label","value"],"price_dependency":false,"cl_dependency":false}],[{"contentType":"plain","active":true,"label":"Payment at Arrival","elementId":"content_267e15d3bd167e","value":"","inline":true,"show_in_checkout":true,"name":"content_267e15d3bd167e","enablePrice":true,"className":"","fee_label":"","subtype":"div","enableCl":false,"relations":[{"operator":false,"rules":[{"operator":"AND","rules":{"cl_field":"content_167e15d3bd1666","cl_relation":"is_not_empty","cl_val":""}}]}],"scrollBar":false,"enableDesign":true,"pricingType":"custom","isTemplate":false,"price":"({field.radio-group_967e15d3bd1618.price}*0.70) + ({field.radio-group_067e15d3bd1635.price}*0.70)","use_as_fee":false,"is_show_price":true,"cl_rule":"disable","col":6,"type":"content","error":false,"LabelSize":"14px","LabelColor":"","gt_translate_keys":["label","value"],"price_dependency":false,"cl_dependency":false}],[{"contentType":"plain","active":true,"label":"Total Amount","elementId":"content_667e15d3bd1696","value":"","inline":true,"show_in_checkout":true,"name":"content_667e15d3bd1696","enablePrice":true,"className":"","fee_label":"","subtype":"div","enableCl":false,"relations":[{"operator":false,"rules":[{"operator":"AND","rules":{"cl_field":"content_167e15d3bd1666","cl_relation":"is_not_empty","cl_val":""}}]}],"scrollBar":false,"enableDesign":true,"LabelColor":"","LabelSize":"14px","pricingType":"custom","isTemplate":false,"price":"({field.radio-group_967e15d3bd1618.price}) + ({field.radio-group_067e15d3bd1635.price})","use_as_fee":false,"is_show_price":true,"cl_rule":"disable","col":6,"type":"content","error":false,"gt_translate_keys":["label","value"],"price_dependency":false,"cl_dependency":false}]]},"sec_567e15d3bd1860":{"extra":{"key":"sec_567e15d3bd1860","section_id":"sec_567e15d3bd1860","name":"Pickup Location","status":1,"cl_rule":"show","enableCl":true,"relations":[{"operator":false,"rules":[{"operator":"AND","rules":{"cl_field":"radio-group_667e15d3bd15b0","cl_relation":"is_not","cl_val":"2.5 Hour Trip"}}]}],"toggle":true,"title_tag":"h4","show_title":false,"showPrice":"default","form_id":14059,"form_rules":{"exclude_from_discount":true,"fee_label":"Fee","disp_hide_options_price":true,"disp_show_section_price":false,"disp_show_field_price":true,"layout_option":"standard","pric_use_as_fee":false,"process_fee_as":"woo_fee"},"layout_option":"standard"},"fields":[[{"active":true,"col":6,"relations":false,"cl_rule":"show","enableCl":false,"price":"","enablePrice":false,"className":"","label_position":"default","desc_position":"default","type":"separator","required":false,"elementId":"separator_267e15d3bd187a","label":"Separator Field","height":"1","separatorType":"blank","error":false,"gt_translate_keys":["label"],"price_dependency":false,"cl_dependency":false,"value":""}],[{"active":true,"col":6,"relations":[{"operator":false,"rules":[{"operator":false,"rules":{"cl_field":"radio-group_667e15d3bd15b0","cl_relation":"is_not","cl_val":"4.5 Hour Trip from North Tenerife"}}]}],"cl_rule":"show","enableCl":false,"price":"","enablePrice":false,"className":"","label_position":"default","desc_position":"default","type":"text","subtype":"text","required":false,"elementId":"text_967e15d3bd188f","label":"\ud83d\ude8c Pickup Location","name":"text_967e15d3bd188f","value":"","error":false,"description":"Pick-up service in some locations. Simply provide your address or hotel name. (+2\u20ac\/person paid at pickup to the driver)","repeater":false,"repeater_field_label":"{field_label}","repeater_bind":"","gt_translate_keys":["label","description","value","repeater_field_label"],"price_dependency":false,"cl_dependency":false}]]}},"config":{"price_override":"always","enable_recaptcha":false,"bind_quantity":false,"quantity_bind_formula":false,"disp_summ_show_option_price":true,"disp_summ_show_product_price":false,"disp_summ_show_total_price":false,"disp_summ_show_fee":true,"disp_summ_show_discount":true,"summary_title":"","options_total_label":"Options Price","total_label":"Deposit Amount","options_product_label":"Product Price","fee_label":"Fee","discount_label":"Discount","has_price":true,"has_quantity_formula":false},"mc_unit":1,"tax_rate":1,"tax_rate_real":1,"discount":{"percentage":0,"fixed":0},"design":{"conf":{"LabelPosition":"above","DescPosition":"above","UploadField":"custom_1","QuantityFieldStyle":"custom_1"},"css":{"LeftLabelWidth":"120px"}},"formulas":[],"lookuptables":[],"clones":false,"cartKey":false}},"_links":{"self":[{"href":"https:\/\/canaryvip.com\/nb\/wp-json\/wp\/v2\/product\/14051","targetHints":{"allow":["GET"]}}],"collection":[{"href":"https:\/\/canaryvip.com\/nb\/wp-json\/wp\/v2\/product"}],"about":[{"href":"https:\/\/canaryvip.com\/nb\/wp-json\/wp\/v2\/types\/product"}],"replies":[{"embeddable":true,"href":"https:\/\/canaryvip.com\/nb\/wp-json\/wp\/v2\/comments?post=14051"}],"wp:featuredmedia":[{"embeddable":true,"href":"https:\/\/canaryvip.com\/nb\/wp-json\/wp\/v2\/media\/14054"}],"wp:attachment":[{"href":"https:\/\/canaryvip.com\/nb\/wp-json\/wp\/v2\/media?parent=14051"}],"wp:term":[{"taxonomy":"product_brand","embeddable":true,"href":"https:\/\/canaryvip.com\/nb\/wp-json\/wp\/v2\/product_brand?post=14051"},{"taxonomy":"product_cat","embeddable":true,"href":"https:\/\/canaryvip.com\/nb\/wp-json\/wp\/v2\/product_cat?post=14051"},{"taxonomy":"product_tag","embeddable":true,"href":"https:\/\/canaryvip.com\/nb\/wp-json\/wp\/v2\/product_tag?post=14051"}],"curies":[{"name":"wp","href":"https:\/\/api.w.org\/{rel}","templated":true}]}}