{"id":13568,"date":"2025-01-14T17:37:29","date_gmt":"2025-01-14T17:37:29","guid":{"rendered":"https:\/\/canaryvip.com\/?post_type=product&#038;p=13568"},"modified":"2026-02-06T11:13:54","modified_gmt":"2026-02-06T11:13:54","slug":"peter-pan-pirate-ship-tenerife","status":"publish","type":"product","link":"https:\/\/canaryvip.com\/nb\/shop\/peter-pan-pirate-ship-tenerife\/","title":{"rendered":"Peter Pan Piratskip Tenerife"},"content":{"rendered":"<section class=\"l-section wpb_row height_medium\"><div class=\"l-section-h i-cf\"><div class=\"g-cols vc_row via_flex valign_top type_default stacking_default\"><div class=\"vc_col-sm-12 wpb_column vc_column_container\"><div class=\"vc_column-inner\"><div class=\"wpb_wrapper\"><div class=\"wpb_text_column\"><div class=\"wpb_wrapper\"><h2>\ud83d\udea2 Oppdag Peter Pan-sj\u00f8r\u00f8verskipet<\/h2>\n<p class=\"translation-block\">Leter du etter en annerledes <strong>b\u00e5ttur p\u00e5 Tenerife<\/strong>? Stig om bord p\u00e5 <strong>Peter Pan Pirate Ship<\/strong>, en autentisk portugisisk skonnert full av sjarm og eventyr. Enten du reiser med familie, venner eller partneren din, byr denne opplevelsen p\u00e5 en perfekt blanding av spenning, avslapning og fantastisk utsikt over s\u00f8rkysten av Tenerife.<\/p>\n<p>Skipet er fullt utstyrt med to bad, et skyggefullt salongomr\u00e5de, et stort bord i midten og et \u00f8vre dekk som er perfekt for soling mens du seiler langs Atlanterhavet.<\/p>\n<h3>\ud83d\udc2c Se hvaler og delfiner i naturen<\/h3>\n<p class=\"translation-block\">Denne b\u00e5tturen fra <strong>Los Cristianos havn<\/strong> tar deg med til et av de beste stedene p\u00e5 Kanari\u00f8yene for \u00e5 se ville delfiner og grindhvaler p\u00e5 n\u00e6rt hold. Etter havsafarien ankrer b\u00e5ten opp i n\u00e6rheten av de vakre havreservatene Palm-Mar eller La Caleta, hvor du f\u00e5r muligheten til \u00e5 sv\u00f8mme i krystallklart vann.<\/p>\n<h3>\ud83d\udd52 Turalternativer og tilgjengelighet<\/h3>\n<ul>\n<li><strong>2-timers omvisning:<\/strong> Et raskt og morsomt sj\u00f8eventyr for \u00e5 se grindhvaler\/delfiner. <em>Mat og drikke er ikke inkludert, men du kan kj\u00f8pe det om bord.<\/em><\/li>\n<li class=\"translation-block\"><strong>3-timers tur:<\/strong> Inkluderer bading og en full lunsj med drikke. Avreise kl. 10:00. <strong>Denne versjonen er kun tilgjengelig i en begrenset periode.<\/strong> Sjekk bookingkalenderen for tilgjengelige datoer.<\/li>\n<\/ul>\n<h3>\ud83c\udf7d\ufe0f Lunsj og drikke (kun inkludert i 3-timers omvisning)<\/h3>\n<ul>\n<li><strong>Lunsjmeny:<\/strong> Ris med gr\u00f8nnsaker, kj\u00f8ttboller, salat, br\u00f8d og frisk frukt.<\/li>\n<li><strong>Drinker:<\/strong> Vann og brus. \u00d8l og vin serveres under lunsjen.<\/li>\n<\/ul>\n<h3>\ud83c\udf1f Hvorfor velge Peter Pan-b\u00e5tturen?<\/h3>\n<ul>\n<li>Familievennlig sj\u00f8r\u00f8verskip med god plass og skyggefulle sitteplasser.<\/li>\n<li>\u00d8vre dekk for solelskere og usl\u00e5elig utsikt over kystlinjen.<\/li>\n<li>Avreise fra Los Cristianos, et praktisk og sentralt sted s\u00f8r p\u00e5 Tenerife.<\/li>\n<\/ul>\n<h3>\ud83d\udcac Bestillings- og avbestillingsregler<\/h3>\n<ul>\n<li><strong>Mer enn 48 timer i forveien:<\/strong> 90% refusjon (10% beholdes for behandling).<\/li>\n<li><strong>Mindre enn 48 timer eller uteblivelse:<\/strong> Ingen refusjon.<\/li>\n<li>Hvis turen blir avlyst p\u00e5 grunn av v\u00e6ret eller av andre \u00e5rsaker, f\u00e5r du full refusjon eller mulighet til \u00e5 ombooke.<\/li>\n<\/ul>\n<h3>\ud83d\udccd Avgangssted<\/h3>\n<p class=\"translation-block\"><strong>Peter Pan-sj\u00f8r\u00f8verskipet<\/strong> har avgang fra <a href=\"https:\/\/maps.app.goo.gl\/zqPYNAARb6LiE5tZ7\" target=\"_blank\" rel=\"noopener\">Los Cristianos havn<\/a>. Vennligst ankom minst 30 minutter f\u00f8r avgangstidspunktet for \u00e5 sikre en smidig ombordstigning.<\/p>\n<h3>\ud83c\udf34 Bestill din b\u00e5ttur p\u00e5 Tenerife med CanaryVIP<\/h3>\n<p class=\"translation-block\">Hos CanaryVIP spesialiserer vi oss p\u00e5 <strong>forglemmelige b\u00e5tturer p\u00e5 Tenerife<\/strong>. Peter Pan-sj\u00f8r\u00f8verskipet er et av v\u00e5re mest popul\u00e6re valg - en blanding av eventyr, natur og avslapning p\u00e5 \u00e5pent hav.<\/p>\n<p>Enten du er p\u00e5 bes\u00f8k med barn, venner eller som par, er dette den perfekte m\u00e5ten \u00e5 nyte Tenerifes kystlinje og marine liv p\u00e5.<\/p>\n<p class=\"translation-block\">\ud83d\udc49 <strong>G\u00e5 ikke glipp av dette - bestill plass n\u00e5!<\/strong> Den tre timer lange omvisningen med lunsj og drikke er kun tilgjengelig i en begrenset periode.<\/p>\n<\/div><\/div><\/div><\/div><\/div><\/div><\/div><\/section>","protected":false},"excerpt":{"rendered":"<p><strong>\ud83d\udd0d Peter Pan Boat Tenerife:<\/strong><br \/>\n<span>\u2705 Sikker betaling.<\/span><br \/>\n<span>\ud83d\udc0b Hval- og delfinobservasjon.<br \/>\n<\/span><span>\ud83d\ude80 2H Tours.<br \/>\n\ud83d\udd59 Daglig kl. 10:00, 12:00 og 14:00.<br \/>\n<\/span><span>\ud83d\udc65 Opp til 60 personer.<\/span><span><br \/>\n\ud83d\ude8c Henting fra s\u00f8r p\u00e5 Tenerife.<br \/>\n<\/span>\ud83d\udebd Toalett om bord.<br \/>\n<span>\ud83e\udd11 Garantert beste pris.<\/span><br \/>\n<span>\ud83d\udc6a Rabatter aktivert.<\/span><br \/>\n<span>\ud83d\udd01 Opptil 48 timer avbestilling.<\/span><br \/>\n<span>\ud83c\udf0d Flerspr\u00e5klige guider.<\/span><br \/>\n<span>\ud83c\udf1f Bestill n\u00e5 og spar penger!<\/span><br \/>\n<span>\ud83d\udccd Avgang fra <a href=\"https:\/\/maps.app.goo.gl\/US7ie1SCwfu1Mhxm7\">Los Cristianos<\/a>.<\/span><\/p>","protected":false},"featured_media":13574,"comment_status":"open","ping_status":"closed","template":"","meta":{"_acf_changed":false},"product_brand":[],"product_cat":[46],"product_tag":[],"class_list":{"0":"post-13568","1":"product","2":"type-product","3":"status-publish","4":"has-post-thumbnail","6":"product_cat-boat-excursions","7":"wcpa_has_options","9":"first","10":"instock","11":"virtual","12":"purchasable","13":"product-type-simple"},"acf":[],"wcpa_form_fields":{"wcpaData":{"product":{"product_price":27,"price_html":"From&nbsp;<span class=\"woocommerce-Price-amount amount\"><bdi>27,00&nbsp;<span class=\"woocommerce-Price-currencySymbol\">&euro;<\/span><\/bdi><\/span>","original_product_price":27,"price_including_tax":27,"price_excluding_tax":27,"product_id":{"parent":13568,"variation":false},"is_variable":false,"stock_status":"instock","stock_quantity":null,"parent_sku":"CV13568","product_attributes":[],"custom_fields":[],"is_taxable":false,"product_name":"Peter Pan Pirate Ship Tenerife","hasImage":false},"fields":{"sec_h1a2har211":{"extra":{"key":"sec_h1a2har211","section_id":"sec_h1a2har211","name":"Tour Duration","status":1,"cl_rule":"show","enableCl":false,"relations":[],"toggle":true,"title_tag":"h4","show_title":false,"showPrice":"default","form_id":13569,"form_rules":{"exclude_from_discount":true,"fee_label":"Fee","disp_hide_options_price":true,"disp_show_section_price":false,"disp_show_field_price":true,"layout_option":"standard","pric_use_as_fee":false,"process_fee_as":"woo_fee"},"layout_option":"standard"},"fields":[[{"active":true,"col":6,"relations":false,"cl_rule":"show","enableCl":false,"price":"","enablePrice":false,"className":"","label_position":"default","desc_position":"default","type":"content","required":false,"elementId":"content_7231531275","label":"","name":"content_7231531275","contentType":"rich","value":"<p><strong>Free Pick-up available only at 12:00.<\/strong><\/p>","error":false,"gt_translate_keys":["label","value"],"price_dependency":false,"cl_dependency":false}],[{"active":true,"col":6,"relations":false,"cl_rule":"show","enableCl":false,"price":"","enablePrice":false,"className":"","label_position":"default","desc_position":"default","type":"radio-group","required":false,"elementId":"radio_0409611974","label":"\u2693\ufe0f Select Tour","name":"radio_0409611974","values":[{"label":"2 Hour Tour (27\u20ac)","value":"2H Tour","selected":true,"tempId":"aco_2005","gt_translate_keys":["label"]}],"layOut":"","error":false,"checkUi":"toggle","gt_translate_keys":["label"],"price_dependency":false,"cl_dependency":[false],"value":""}]]},"sec_06786a3ea7a85a":{"extra":{"key":"sec_06786a3ea7a85a","section_id":"sec_06786a3ea7a85a","name":"2H Tour","status":1,"cl_rule":"show","enableCl":true,"relations":[{"operator":false,"rules":[{"operator":"AND","rules":{"cl_field":"radio_0409611974","cl_relation":"is","cl_val":"2H Tour"}}]}],"toggle":true,"title_tag":"h4","show_title":false,"showPrice":"default","form_id":13569,"form_rules":{"exclude_from_discount":true,"fee_label":"Fee","disp_hide_options_price":true,"disp_show_section_price":false,"disp_show_field_price":true,"layout_option":"standard","pric_use_as_fee":false,"process_fee_as":"woo_fee"},"layout_option":"standard"},"fields":[[{"active":true,"col":6,"relations":false,"cl_rule":"show","enableCl":false,"price":"","enablePrice":false,"className":"","label_position":"default","desc_position":"default","type":"select","required":true,"elementId":"select_7343277180","label":"\u23f0 Departure","name":"select_7343277180","values":[{"label":"10:00","value":"10:00","selected":false,"tempId":"aco_842","gt_translate_keys":["label"]},{"label":"12:00","value":"12:00","selected":false,"tempId":"aco_843","gt_translate_keys":["label"]},{"label":"14:00","value":"14:00","selected":false,"tempId":"aco_844","gt_translate_keys":["label"]}],"dropdown_type":"basic","error":false,"tooltip":"","placeholder":"Select Departure Time","isWeightTemplate":false,"isTemplate":false,"min_quantity":"1","quantity_decimal":false,"quantity_step":"1","quantity_label":"Quantity","repeater_field_label":"{field_label}","repeater_bind":"","gt_translate_keys":["label","placeholder","tooltip","repeater_field_label","quantity_label"],"price_dependency":false,"cl_dependency":["date_86786a3ea7a859","date-4560181145","date-0582083876","text_16786a3ea7a89a"],"value":""}],[{"label":"\ud83d\udcc5 Date","active":true,"required":true,"elementId":"date_86786a3ea7a859","picker_type":"custom","picker_mode":"single","placeholder":"","description":"","tooltip":"","name":"date_86786a3ea7a859","label_position":"default","desc_position":"default","enablePrice":false,"className":"","enableCl":true,"relations":[{"operator":"and","rules":[{"operator":"AND","rules":{"cl_field":"select_7343277180","cl_relation":"is","cl_val":"10:00"}}]}],"enableDesign":false,"LabelColor":"","date_pic_inline":true,"date_pic_inline_hide":true,"min_date":{"type":"days","val":"0"},"max_date":{"type":"days","val":"180"},"date_pic_conf":{"disabledWeeks":[],"disabledDates":["2025-03-12 to 2025-03-30","2025-04-17 to 2025-04-24","2025-05-10","2025-05-15","2025-05-20","2025-05-29","2026-02-18"]},"price":"","cl_rule":"show","col":6,"type":"date","error":false,"isWeightTemplate":false,"isTemplate":false,"min_quantity":"1","quantity_decimal":false,"quantity_step":"1","quantity_label":"Quantity","repeater_field_label":"{field_label}","repeater_bind":"","gt_translate_keys":["label","placeholder","description","tooltip","repeater_field_label","quantity_label"],"price_dependency":false,"cl_dependency":false,"value":""}],[{"label":"\ud83d\udcc5 Date","active":true,"required":true,"elementId":"date-4560181145","picker_type":"custom","picker_mode":"single","placeholder":"","description":"","tooltip":"","name":"date-4560181145","label_position":"default","desc_position":"default","enablePrice":false,"className":"","enableCl":true,"relations":[{"operator":"and","rules":[{"operator":"AND","rules":{"cl_field":"select_7343277180","cl_relation":"is","cl_val":"12:00"}}]}],"enableDesign":false,"LabelColor":"","date_pic_inline":true,"date_pic_inline_hide":true,"min_date":{"type":"days","val":"0"},"max_date":{"type":"days","val":"180"},"date_pic_conf":{"disabledWeeks":[],"disabledDates":["2025-01-18","2025-01-30","2025-02-09","2025-03-12 to 2025-03-30","2025-04-17 to 2025-04-24","2025-05-10","2025-05-15","2025-05-20","2026-02-18"]},"price":"","cl_rule":"show","col":6,"type":"date","error":false,"isWeightTemplate":false,"isTemplate":false,"min_quantity":"1","quantity_decimal":false,"quantity_step":"1","quantity_label":"Quantity","repeater_field_label":"{field_label}","repeater_bind":"","gt_translate_keys":["label","placeholder","description","tooltip","repeater_field_label","quantity_label"],"price_dependency":false,"cl_dependency":false,"value":""}],[{"label":"\ud83d\udcc5 Date","active":true,"required":true,"elementId":"date-0582083876","picker_type":"custom","picker_mode":"single","placeholder":"","description":"","tooltip":"","name":"date-0582083876","label_position":"default","desc_position":"default","enablePrice":false,"className":"","enableCl":true,"relations":[{"operator":"and","rules":[{"operator":"AND","rules":{"cl_field":"select_7343277180","cl_relation":"is","cl_val":"14:00"}}]}],"enableDesign":false,"LabelColor":"","date_pic_inline":true,"date_pic_inline_hide":true,"min_date":{"type":"days","val":"0"},"max_date":{"type":"days","val":"180"},"date_pic_conf":{"disabledWeeks":[],"disabledDates":["2025-01-18","2025-01-30","2025-02-09","2025-03-12 to 2025-03-30","2025-04-17 to 2025-04-24","2025-05-08","2025-05-10","2025-05-15","2025-05-20","2026-02-18"]},"price":"","cl_rule":"show","col":6,"type":"date","error":false,"isWeightTemplate":false,"isTemplate":false,"min_quantity":"1","quantity_decimal":false,"quantity_step":"1","quantity_label":"Quantity","repeater_field_label":"{field_label}","repeater_bind":"","gt_translate_keys":["label","placeholder","description","tooltip","repeater_field_label","quantity_label"],"price_dependency":false,"cl_dependency":false,"value":""}],[{"contentType":"plain","active":true,"label":"People","elementId":"content_16786a3ea7a866","value":"","inline":false,"show_in_checkout":true,"name":"content_16786a3ea7a866","enablePrice":false,"className":"","enableCl":false,"relations":false,"price":"","cl_rule":"show","col":6,"type":"content","gt_translate_keys":["label","value"],"price_dependency":false,"cl_dependency":false}],[{"label":"","active":true,"required":false,"elementId":"radio-group_66786a3ea7a871","name":"radio-group_66786a3ea7a871","label_position":"default","desc_position":"default","enablePrice":true,"className":"","enableCl":false,"relations":[{"operator":false,"rules":[{"operator":"AND","rules":{"cl_field":"","cl_relation":"","cl_val":""}}]}],"enable_quantity":true,"quantity_label":"","min_quantity":"0","checkUi":"button","layOut":"","options_tooltip":true,"options_description":true,"values":[{"label":"\ud83d\udc64 Adult (27\u20ac)","value":"Adult","selected":true,"tempId":"aco_32","tooltip":"+12 Years","description":"","gt_translate_keys":["label","tooltip","description"]}],"priceOptions":"fixed_for_all","pricingType":"fixed","price":"27","cl_rule":"show","col":6,"type":"radio-group","error":false,"gt_translate_keys":["label","quantity_label"],"price_dependency":false,"cl_dependency":false,"value":""}],[{"label":"","active":true,"required":false,"elementId":"radio-group_06786a3ea7a87c","name":"radio-group_06786a3ea7a87c","label_position":"default","desc_position":"default","enablePrice":true,"className":"","enableCl":false,"relations":false,"enable_quantity":true,"quantity_label":"","min_quantity":"0","checkUi":"button","layOut":"","options_tooltip":true,"options_description":true,"values":[{"label":"\ud83d\udc66 Child (13\u20ac)","value":"Child","selected":true,"tempId":"aco_32","tooltip":"3-11 Years","description":"","gt_translate_keys":["label","tooltip","description"]}],"priceOptions":"fixed_for_all","pricingType":"fixed","price":"13","cl_rule":"show","col":6,"type":"radio-group","error":false,"gt_translate_keys":["label","quantity_label"],"price_dependency":false,"cl_dependency":false,"value":""}],[{"label":"","active":true,"required":false,"elementId":"radio-group_86786a3ea7a887","name":"radio-group_86786a3ea7a887","label_position":"default","desc_position":"default","enablePrice":true,"className":"","enableCl":false,"relations":false,"enable_quantity":true,"quantity_label":"","min_quantity":"0","checkUi":"button","layOut":"","options_tooltip":true,"options_description":true,"values":[{"label":"\ud83d\udc76 Infant (Free)","value":"Infant","selected":true,"tempId":"aco_32","tooltip":"0-2 Years","description":"","gt_translate_keys":["label","tooltip","description"]}],"priceOptions":"fixed_for_all","pricingType":"fixed","price":"0","cl_rule":"show","col":6,"type":"radio-group","error":false,"gt_translate_keys":["label","quantity_label"],"price_dependency":false,"cl_dependency":false,"value":""}],[{"elementId":"separator_96786a3ea7a891","separatorType":"blank","className":"","height":"7","enableCl":false,"relations":false,"cl_rule":"show","col":6,"type":"separator","gt_translate_keys":[],"price_dependency":false,"cl_dependency":false,"value":""}],[{"label":"\ud83d\ude8c Pickup Location","active":true,"required":false,"elementId":"text_16786a3ea7a89a","value":"","description":"Free pick-up service in South Tenerife. Simply provide your address or hotel name.","name":"text_16786a3ea7a89a","label_position":"default","desc_position":"default","enablePrice":false,"className":"","enableCl":true,"relations":[{"operator":false,"rules":[{"operator":"AND","rules":{"cl_field":"select_7343277180","cl_relation":"is","cl_val":"12:00"}}]}],"subtype":"text","price":"{field.radio-group_66786a3ea7a871.quantity}*4.5","cl_rule":"show","col":6,"type":"text","error":false,"pricingType":"custom","isTemplate":false,"gt_translate_keys":["label","description","value"],"price_dependency":false,"cl_dependency":false}]]}},"config":{"price_override":"always","enable_recaptcha":false,"bind_quantity":false,"quantity_bind_formula":false,"disp_summ_show_option_price":true,"disp_summ_show_product_price":false,"disp_summ_show_total_price":true,"disp_summ_show_fee":true,"disp_summ_show_discount":true,"summary_title":"","options_total_label":"Options Price","total_label":"Total Amount","options_product_label":"Product Price","fee_label":"Fee","discount_label":"Discount","has_price":true,"has_quantity_formula":false},"mc_unit":1,"tax_rate":1,"tax_rate_real":1,"discount":{"percentage":0,"fixed":0},"design":{"conf":{"LabelPosition":"above","DescPosition":"above","UploadField":"custom_1","QuantityFieldStyle":"custom_1"},"css":{"LeftLabelWidth":"120px"}},"formulas":[],"lookuptables":[],"clones":false,"cartKey":false}},"_links":{"self":[{"href":"https:\/\/canaryvip.com\/nb\/wp-json\/wp\/v2\/product\/13568","targetHints":{"allow":["GET"]}}],"collection":[{"href":"https:\/\/canaryvip.com\/nb\/wp-json\/wp\/v2\/product"}],"about":[{"href":"https:\/\/canaryvip.com\/nb\/wp-json\/wp\/v2\/types\/product"}],"replies":[{"embeddable":true,"href":"https:\/\/canaryvip.com\/nb\/wp-json\/wp\/v2\/comments?post=13568"}],"wp:featuredmedia":[{"embeddable":true,"href":"https:\/\/canaryvip.com\/nb\/wp-json\/wp\/v2\/media\/13574"}],"wp:attachment":[{"href":"https:\/\/canaryvip.com\/nb\/wp-json\/wp\/v2\/media?parent=13568"}],"wp:term":[{"taxonomy":"product_brand","embeddable":true,"href":"https:\/\/canaryvip.com\/nb\/wp-json\/wp\/v2\/product_brand?post=13568"},{"taxonomy":"product_cat","embeddable":true,"href":"https:\/\/canaryvip.com\/nb\/wp-json\/wp\/v2\/product_cat?post=13568"},{"taxonomy":"product_tag","embeddable":true,"href":"https:\/\/canaryvip.com\/nb\/wp-json\/wp\/v2\/product_tag?post=13568"}],"curies":[{"name":"wp","href":"https:\/\/api.w.org\/{rel}","templated":true}]}}