{"id":13561,"date":"2025-01-14T14:45:28","date_gmt":"2025-01-14T14:45:28","guid":{"rendered":"https:\/\/canaryvip.com\/?post_type=product&#038;p=13561"},"modified":"2025-09-18T12:18:23","modified_gmt":"2025-09-18T11:18:23","slug":"shogun-boat-tour-tenerife","status":"publish","type":"product","link":"https:\/\/canaryvip.com\/nb\/shop\/shogun-boat-tour-tenerife\/","title":{"rendered":"Shogun-b\u00e5ttur p\u00e5 Tenerife"},"content":{"rendered":"<h2>\ud83d\udea2 Bli med p\u00e5 Shogun-b\u00e5tturen p\u00e5 Tenerife<\/h2>\n<p class=\"translation-block\">Oppdag magien ved en <strong>Shogun-b\u00e5ttur,<\/strong> en uforglemmelig reise om bord i en autentisk orientalsk seilb\u00e5t som opprinnelig ble designet for privat bruk av en arabisk sjeik. Denne 26 meter lange seilb\u00e5ten er laget av teak og tilbyr en unik og luksuri\u00f8s opplevelse for reisende som \u00f8nsker en eksepsjonell <a href=\"https:\/\/canaryvip.com\/nb\/tenerife\/boat-excursions\/\" target=\"_self\"><strong>b\u00e5ttur til Tenerife.<\/strong><\/a><\/p>\n<p class=\"translation-block\"><strong>Shogun Boat Tenerife<\/strong> skiller seg ikke bare ut med sin fantastiske design, men ogs\u00e5 med sitt engasjement for \u00e5 bevare livet i havet. Den viser stolt det gule flagget med et bl\u00e5tt b\u00e5tmerke, noe som garanterer etisk hval- og delfinsafari samtidig som den prioriterer velferden til disse fantastiske skapningene.<\/p>\n<h3>\ud83d\udc0b Opplev spektakul\u00e6rt marint liv<\/h3>\n<p class=\"translation-block\">Vannet p\u00e5 Tenerifes s\u00f8rkyst er et fristed for marint liv, takket v\u00e6re de varme temperaturene som varierer mellom 17-24 \u00b0C \u00e5ret rundt. P\u00e5 denne <strong>Tenerife-b\u00e5tturen <\/strong>f\u00e5r du sjansen til \u00e5 se fastboende arter som grindhval og flasknosedelfin, i tillegg til migrerende arter som finnhval, spermhval og vanlig delfin.<\/p>\n<p class=\"translation-block\">Utflukten inkluderer et fem timer langt eventyr med avgang fra <strong>Puerto Col\u00f3n.<\/strong> Du legger ut p\u00e5 en reise for \u00e5 f\u00e5 \u00f8ye p\u00e5 disse utrolige hvalene i deres naturlige habitat, og bruker opptil 30 minutter p\u00e5 \u00e5 observere dem f\u00f8r du setter kursen mot de dramatiske klippene i Los Gigantes og den rolige Masca-bukten. Der ankrer dere opp for \u00e5 nyte en forfriskende sv\u00f8mmetur og en solid lunsj med fantastisk utsikt.<\/p>\n<h3>\ud83c\udf0a H\u00f8ydepunkter p\u00e5 Shogun-b\u00e5tturen<\/h3>\n<h4>\ud83d\udd52 Varighet og tidsplan<\/h4>\n<ul>\n<li><strong>5-timers utflukt:<\/strong>\u00a0Inkluderer hval- og delfinsafari, et bes\u00f8k til Los Gigantes-klippene og en sv\u00f8mmetur i Masca-bukten.<\/li>\n<li class=\"translation-block\"><strong>Daglige avganger kl. 11:00 fra <strong>Puerto Col\u00f3n, Pontoon 14.<\/strong>.<\/li>\n<\/ul>\n<h4>\ud83c\udf7d\ufe0f Spisesteder om bord<\/h4>\n<ul>\n<li><strong>Lunsjmeny:<\/strong>\u00a0Ris med gr\u00f8nnsaker, stekt kyllingl\u00e5r, salat, br\u00f8d og frisk frukt.<\/li>\n<li><strong>Drinker: <\/strong>Vann, brus, \u00f8l og vin er inkludert i prisen.<\/li>\n<\/ul>\n<h4>\ud83c\udf1f Unike funksjoner<\/h4>\n<ul>\n<li>\u00c5pen bar for alkoholfrie drikkevarer.<\/li>\n<li>Romslige sitteplasser med et stort bord i midten.<\/li>\n<li>Tre bad om bord, hvorav ett er fullt tilgjengelig for passasjerer med nedsatt bevegelsesevne.<\/li>\n<li>Gratis bussforbindelse fra omr\u00e5det Tenerife s\u00f8r for ekstra bekvemmelighet.<\/li>\n<\/ul>\n<h3>\ud83d\udee5\ufe0f Shogun b\u00e5tspesifikasjoner<\/h3>\n<ul>\n<li><strong>Lengde: <\/strong>26 meter<\/li>\n<li><strong>Bredde:<\/strong>\u00a08 meter<\/li>\n<li><strong>Maksimal kapasitet:<\/strong>\u00a0135 passasjerer<\/li>\n<\/ul>\n<p>Med to romslige etasjer, rikelig med skyggefulle omr\u00e5der og en autentisk orientalsk estetikk, tilbyr Shogun b\u00e5de komfort og eleganse for en minneverdig <strong>B\u00e5ttur p\u00e5 Tenerife.<\/strong><\/p>\n<h3>\ud83d\udcbc Bestillings- og avbestillingsregler<\/h3>\n<p class=\"translation-block\">Vi gj\u00f8r det enkelt og problemfritt \u00e5 bestille din <strong>Shogun b\u00e5ttur<\/strong> med CanaryVIP. Det er imidlertid viktig \u00e5 lese gjennom avbestillingsreglene for \u00e5 unng\u00e5 overraskelser:<\/p>\n<ul>\n<li><strong>48+ timer f\u00f8r avreise:<\/strong>\u00a0Motta en 90%-refusjon (10% beholdes for behandlingsgebyr).<\/li>\n<li class=\"translation-block\"><strong>Mindre enn 48 timer f\u00f8r avreise:<\/strong> Ingen refusjon tilgjengelig.<\/li>\n<\/ul>\n<p>Hvis turen avlyses p\u00e5 grunn av force majeure, for eksempel d\u00e5rlige sj\u00f8forhold, vil full refusjon eller en alternativ dato bli tilbudt.<\/p>\n<h3>\ud83d\udee0\ufe0f Viktig informasjon<\/h3>\n<ul>\n<li><strong>Hva du b\u00f8r ta med:<\/strong>\u00a0Badet\u00f8y, h\u00e5ndkle, solkrem og et kamera for \u00e5 fange de utrolige severdighetene.<\/li>\n<li><strong>Tilgjengelighet:<\/strong>\u00a0Shogun er utstyrt for \u00e5 ta imot passasjerer med nedsatt bevegelsesevne.<\/li>\n<li><strong>Retningslinjer for sikkerhet:<\/strong>\u00a0R\u00f8yking er kun tillatt i anviste omr\u00e5der, og vi anbefaler at du unng\u00e5r alkohol f\u00f8r du g\u00e5r om bord for \u00e5 minimere sj\u00f8syke.<\/li>\n<\/ul>\n<h3>\ud83d\udccd Avgangssted<\/h3>\n<p>Shogun setter seil fra <a href=\"https:\/\/maps.app.goo.gl\/DkCVRrpDHuiqsvc56\" target=\"_blank\" rel=\"noopener\"><strong>Puerto Col\u00f3n,<\/strong><\/a>\u00a0beleilig plassert i Costa Adeje. Planlegg \u00e5 ankomme minst 30 minutter f\u00f8r avgang for \u00e5 sikre en smidig ombordstigningsprosess.<\/p>\n<h3>\ud83c\udf34 Bestill din Shogun-b\u00e5ttur med CanaryVIP<\/h3>\n<p class=\"translation-block\">Hos CanaryVIP er vi stolte av \u00e5 kunne tilby de beste b\u00e5tturene p\u00e5 Tenerife, og Shogun-opplevelsen er en av v\u00e5re mest ikoniske utflukter. Enten du er betatt av livet i havet, elsker \u00e5 utforske fantastiske kystlandskap eller bare vil slappe av om bord i en luksuri\u00f8s orientalsk seilb\u00e5t, har denne turen alt.<\/p>\n<p>Reserver plass i dag og skap uforglemmelige minner med Shogun Boat Tenerife!<\/p>","protected":false},"excerpt":{"rendered":"<p><strong>\ud83d\udd0d Shogun Boat Tenerife:<\/strong><br \/>\n<span>\u2705 Sikker betaling.<\/span><br \/>\n<span>\ud83d\udc0b Hval- og delfinobservasjon.<br \/>\n\ud83d\ude80 5H Tours kl. 11:00.<br \/>\n\ud83d\udd59 Man, ons, tor, fre og s\u00f8n.<br \/>\n<\/span>\ud83c\udfde\ufe0f Bes\u00f8k Los Gigantes-klippene.<br \/>\n\ud83c\udf0a Sv\u00f8mmestopp ved Masca Bay.<br \/>\n<span>\ud83e\uddc3 Mat og drikke inkludert.<\/span><br \/>\n<span>\ud83d\udc65 Maks 135 gjester.<br \/>\n\ud83d\ude8c Henting fra s\u00f8r p\u00e5 Tenerife.<br \/>\n\ud83d\ude8e Henting fra Puerto de la Cruz.<br \/>\n<\/span>\ud83d\udebd Toalett om bord.<br \/>\n\u267f Nedsatt mobilitet.<br \/>\n<span>\ud83e\udd11 Garantert beste pris.<\/span><br \/>\n<span>\ud83d\udc6a Rabatter aktivert.<\/span><br \/>\n<span>\ud83d\udd01 Opptil 48 timer avbestilling.<\/span><br \/>\n<span>\ud83c\udf0d Flerspr\u00e5klige guider.<\/span><br \/>\n<span>\ud83c\udf1f Bestill n\u00e5 og spar penger!<\/span><br \/>\n<span>\ud83d\udccd Avgang fra\u00a0<\/span><a href=\"https:\/\/www.google.com\/maps\/place\/Puerto+Col%C3%B3n\/@28.0783432,-16.7368735,18.52z\/data=!4m6!3m5!1s0xc6a9743509c9ebf:0xd62345524f768247!8m2!3d28.0789928!4d-16.7359737!16s%2Fg%2F11c6cqryw_?entry=tts\">Puerto Colon<\/a><span>.<\/span><\/p>","protected":false},"featured_media":13564,"comment_status":"open","ping_status":"closed","template":"","meta":{"_acf_changed":false},"product_brand":[],"product_cat":[46],"product_tag":[],"class_list":{"0":"post-13561","1":"product","2":"type-product","3":"status-publish","4":"has-post-thumbnail","6":"product_cat-boat-excursions","7":"wcpa_has_options","9":"first","10":"instock","11":"virtual","12":"purchasable","13":"product-type-simple"},"acf":[],"wcpa_form_fields":{"wcpaData":{"product":{"product_price":61,"price_html":"From&nbsp;<span class=\"woocommerce-Price-amount amount\"><bdi>61,00&nbsp;<span class=\"woocommerce-Price-currencySymbol\">&euro;<\/span><\/bdi><\/span>","original_product_price":61,"price_including_tax":61,"price_excluding_tax":61,"product_id":{"parent":13561,"variation":false},"is_variable":false,"stock_status":"instock","stock_quantity":null,"parent_sku":"CV13561","product_attributes":[],"custom_fields":[],"is_taxable":false,"product_name":"Shogun Boat Tour Tenerife","hasImage":false},"fields":{"sec_567867dfb4552e":{"extra":{"key":"sec_567867dfb4552e","section_id":"sec_567867dfb4552e","name":"Pickup Location","status":1,"cl_rule":"show","enableCl":false,"relations":[],"toggle":true,"title_tag":"h4","show_title":false,"showPrice":"default","form_id":13563,"form_rules":{"exclude_from_discount":true,"fee_label":"Fee","disp_hide_options_price":true,"disp_show_section_price":false,"disp_show_field_price":true,"layout_option":"standard","pric_use_as_fee":false,"process_fee_as":"woo_fee"},"layout_option":"standard"},"fields":[[{"active":true,"col":6,"relations":false,"cl_rule":"show","enableCl":false,"price":"","enablePrice":false,"className":"","label_position":"default","desc_position":"default","type":"radio-group","required":false,"elementId":"radio-group_367867dfb4555f","label":"\u2693\ufe0f Select Tour","name":"radio-group_367867dfb4555f","values":[{"label":"5H Trip (61\u20ac)","value":"5h-south","selected":false,"tempId":"aco_2307","description":"Extended Shogun cruise with whale and dolphin sightings, Los Gigantes cliffs, swimming in Masca Bay, lunch, and drinks. Departs at 11:00 on Mondays, Wednesdays, Thursdays, Fridays & Sundays.","gt_translate_keys":["label","description"]},{"label":"5H Trip from North Tenerife (65\u20ac)","value":"5h-north","selected":false,"tempId":"aco_2308","description":"Pickup and drop-off in North Tenerife included. Extended Shogun cruise with whale and dolphin sightings, Los Gigantes cliffs, swimming in Masca Bay, lunch, and drinks. Departs at 11:00 on Mondays, Wednesdays, Thursdays, Fridays & Sundays.","gt_translate_keys":["label","description"]}],"layOut":"","error":false,"checkUi":"toggle","description":"","options_description":true,"gt_translate_keys":["label","description"],"price_dependency":false,"cl_dependency":[false,"date_367867dfb45579","select_8962103911",false,"select-1335554664","date-1329695634"],"value":""}]]},"sec_867867dfb45562":{"extra":{"key":"sec_867867dfb45562","section_id":"sec_867867dfb45562","name":"5H from South Tenerife","status":1,"cl_rule":"show","enableCl":true,"relations":[{"operator":false,"rules":[{"operator":"AND","rules":{"cl_field":"radio-group_367867dfb4555f","cl_relation":"is","cl_val":"5h-south"}}]}],"toggle":true,"title_tag":"h4","show_title":false,"showPrice":"default","form_id":13563,"form_rules":{"exclude_from_discount":true,"fee_label":"Fee","disp_hide_options_price":true,"disp_show_section_price":false,"disp_show_field_price":true,"layout_option":"standard","pric_use_as_fee":false,"process_fee_as":"woo_fee"},"layout_option":"standard"},"fields":[[{"label":"\ud83d\udcc5 Date","active":true,"required":true,"elementId":"date_367867dfb45579","picker_type":"custom","picker_mode":"single","placeholder":"","description":"","tooltip":"","name":"date_367867dfb45579","label_position":"default","desc_position":"default","enablePrice":false,"className":"","enableCl":true,"relations":[{"operator":"and","rules":[{"operator":"AND","rules":{"cl_field":"radio-group_367867dfb4555f","cl_relation":"is_not_empty","cl_val":"3 Hour Trip"}}]}],"enableDesign":false,"LabelColor":"","date_pic_inline":true,"date_pic_inline_hide":true,"min_date":{"type":"days","val":"1"},"max_date":{"type":"days","val":"365"},"date_pic_conf":{"disabledWeeks":[2,6,4],"disabledDates":["2025-10-20 to 2025-11-02"]},"price":"","cl_rule":"show","col":6,"type":"date","error":false,"date_conf_custom":{},"isWeightTemplate":false,"isTemplate":false,"min_quantity":"1","quantity_decimal":false,"quantity_step":"1","quantity_label":"Quantity","repeater_field_label":"{field_label}","repeater_bind":"","gt_translate_keys":["label","placeholder","description","tooltip","repeater_field_label","quantity_label"],"price_dependency":false,"cl_dependency":false,"value":""}],[{"active":true,"col":6,"relations":[{"operator":false,"rules":[{"operator":"AND","rules":{"cl_field":"radio-group_367867dfb4555f","cl_relation":"is_not_empty","cl_val":""}}]}],"cl_rule":"show","enableCl":true,"price":"","enablePrice":false,"className":"","label_position":"default","desc_position":"default","type":"select","required":false,"elementId":"select_8962103911","label":"\u23f0 Departure","name":"select_8962103911","values":[{"label":"12:00","value":"12:00","selected":true,"tempId":"aco_154","gt_translate_keys":["label"]}],"dropdown_type":"basic","error":false,"isWeightTemplate":false,"isTemplate":false,"min_quantity":"1","quantity_decimal":false,"quantity_step":"1","quantity_label":"Quantity","repeater_field_label":"{field_label}","repeater_bind":"","gt_translate_keys":["label","repeater_field_label","quantity_label"],"price_dependency":false,"cl_dependency":false,"value":""}],[{"contentType":"plain","active":true,"label":"People","elementId":"content_867867dfb455ae","value":"","inline":false,"show_in_checkout":true,"name":"content_867867dfb455ae","enablePrice":false,"className":"","enableCl":false,"relations":false,"price":"","cl_rule":"show","col":6,"type":"content","gt_translate_keys":["label","value"],"price_dependency":false,"cl_dependency":false}],[{"label":"","active":true,"required":false,"elementId":"radio-group_667867dfb455cc","name":"radio-group_667867dfb455cc","label_position":"default","desc_position":"default","enablePrice":true,"className":"","enableCl":false,"relations":[{"operator":false,"rules":[{"operator":"AND","rules":{"cl_field":"","cl_relation":"","cl_val":""}}]}],"enable_quantity":true,"quantity_label":"","min_quantity":"0","checkUi":"button","layOut":"","options_tooltip":true,"options_description":true,"values":[{"label":"\ud83d\udc64 Adult (61\u20ac)","value":"Adult","selected":true,"tempId":"aco_32","tooltip":"+12 Years","description":"","gt_translate_keys":["label","tooltip","description"]}],"priceOptions":"fixed_for_all","pricingType":"fixed","price":"61","cl_rule":"show","col":6,"type":"radio-group","error":false,"gt_translate_keys":["label","quantity_label"],"price_dependency":false,"cl_dependency":false,"value":""}],[{"label":"","active":true,"required":false,"elementId":"radio-group_667867dfb455e8","name":"radio-group_667867dfb455e8","label_position":"default","desc_position":"default","enablePrice":true,"className":"","enableCl":false,"relations":false,"enable_quantity":true,"quantity_label":"","min_quantity":"0","checkUi":"button","layOut":"","options_tooltip":true,"options_description":true,"values":[{"label":"\ud83d\udc66 Child (30\u20ac)","value":"Child","selected":true,"tempId":"aco_32","tooltip":"3-11 Years","description":"","gt_translate_keys":["label","tooltip","description"]}],"priceOptions":"fixed_for_all","pricingType":"fixed","price":"30","cl_rule":"show","col":6,"type":"radio-group","error":false,"gt_translate_keys":["label","quantity_label"],"price_dependency":false,"cl_dependency":false,"value":""}],[{"label":"","active":true,"required":false,"elementId":"radio-group-3115802518","name":"radio-group-3115802518","label_position":"default","desc_position":"default","enablePrice":true,"className":"","enableCl":false,"relations":false,"enable_quantity":true,"quantity_label":"","min_quantity":"0","checkUi":"button","layOut":"","options_tooltip":true,"options_description":true,"values":[{"label":"\ud83d\udc76 Infant (Free)","value":"Infant","selected":true,"tempId":"aco_32","tooltip":"0-2 Years","description":"","gt_translate_keys":["label","tooltip","description"]}],"priceOptions":"fixed_for_all","pricingType":"fixed","price":"0","cl_rule":"show","col":6,"type":"radio-group","error":false,"gt_translate_keys":["label","quantity_label"],"price_dependency":false,"cl_dependency":false,"value":""}],[{"elementId":"separator_567867dfb4561b","separatorType":"blank","className":"","height":"7","enableCl":false,"relations":false,"cl_rule":"show","col":6,"type":"separator","gt_translate_keys":[],"price_dependency":false,"cl_dependency":false,"value":""}],[{"label":"\ud83d\ude8c Pickup Location","active":true,"required":false,"elementId":"text_767867dfb45630","value":"","description":"Free pick-up service in South Tenerife. Simply provide your address or hotel name.","name":"text_767867dfb45630","label_position":"default","desc_position":"default","enablePrice":false,"className":"","enableCl":false,"relations":false,"subtype":"text","price":"","cl_rule":"show","col":6,"type":"text","error":false,"gt_translate_keys":["label","description","value"],"price_dependency":false,"cl_dependency":false}]]},"sec_1067867dfb45632":{"extra":{"key":"sec_1067867dfb45632","section_id":"sec_1067867dfb45632","name":"5H North Tenerife Pickup","status":1,"cl_rule":"show","enableCl":true,"relations":[{"operator":false,"rules":[{"operator":"AND","rules":{"cl_field":"radio-group_367867dfb4555f","cl_relation":"is","cl_val":"5h-north"}}]}],"toggle":true,"title_tag":"h4","show_title":false,"showPrice":"default","form_id":13563,"form_rules":{"exclude_from_discount":true,"fee_label":"Fee","disp_hide_options_price":true,"disp_show_section_price":false,"disp_show_field_price":true,"layout_option":"standard","pric_use_as_fee":false,"process_fee_as":"woo_fee"},"layout_option":"standard"},"fields":[[{"label":"\u23f0 Departure","active":true,"required":false,"elementId":"select-1335554664","dropdown_type":"basic","name":"select-1335554664","label_position":"default","desc_position":"default","enablePrice":false,"className":"","enableCl":true,"relations":[{"operator":false,"rules":[{"operator":"AND","rules":{"cl_field":"radio-group_367867dfb4555f","cl_relation":"is_not_empty","cl_val":""}}]}],"values":[{"label":"12:00","value":"12:00","selected":true,"tempId":"aco_154","gt_translate_keys":["label"]}],"price":"","cl_rule":"show","col":6,"type":"select","isWeightTemplate":false,"error":false,"isTemplate":false,"min_quantity":"1","quantity_decimal":false,"quantity_step":"1","quantity_label":"Quantity","repeater_field_label":"{field_label}","repeater_bind":"","gt_translate_keys":["label","repeater_field_label","quantity_label"],"price_dependency":false,"cl_dependency":false,"value":""}],[{"label":"\ud83d\udcc5 Date","active":true,"required":true,"elementId":"date-1329695634","picker_type":"custom","picker_mode":"single","placeholder":"","description":"","tooltip":"","name":"date-1329695634","label_position":"default","desc_position":"default","enablePrice":false,"className":"","enableCl":true,"relations":[{"operator":"and","rules":[{"operator":"AND","rules":{"cl_field":"radio-group_367867dfb4555f","cl_relation":"is_not_empty","cl_val":"3 Hour Trip"}}]}],"enableDesign":false,"LabelColor":"","date_pic_inline":true,"date_pic_inline_hide":true,"min_date":{"type":"days","val":"2"},"max_date":{"type":"days","val":"365"},"date_pic_conf":{"disabledWeeks":[2,6,4],"disabledDates":["2025-10-20 to 2025-11-01"]},"date_conf_custom":{},"price":"","cl_rule":"show","col":6,"type":"date","isWeightTemplate":false,"error":false,"isTemplate":false,"min_quantity":"1","quantity_decimal":false,"quantity_step":"1","quantity_label":"Quantity","repeater_field_label":"{field_label}","repeater_bind":"","gt_translate_keys":["label","placeholder","description","tooltip","repeater_field_label","quantity_label"],"price_dependency":false,"cl_dependency":false,"value":""}],[{"contentType":"plain","active":true,"label":"People","elementId":"content_067867dfb4567b","value":"","inline":false,"show_in_checkout":true,"name":"content_067867dfb4567b","enablePrice":false,"className":"","enableCl":false,"relations":false,"price":"","cl_rule":"show","col":6,"type":"content","gt_translate_keys":["label","value"],"price_dependency":false,"cl_dependency":false}],[{"label":"","active":true,"required":false,"elementId":"radio-group-3814002955","name":"radio-group-3814002955","label_position":"default","desc_position":"default","enablePrice":true,"className":"","enableCl":false,"relations":[{"operator":false,"rules":[{"operator":"AND","rules":{"cl_field":"","cl_relation":"","cl_val":""}}]}],"enable_quantity":true,"quantity_label":"","min_quantity":"0","checkUi":"button","layOut":"","options_tooltip":true,"options_description":true,"values":[{"label":"\ud83d\udc64 Adult (65\u20ac)","value":"Adult","selected":true,"tempId":"aco_32","tooltip":"+12 Years","description":"","gt_translate_keys":["label","tooltip","description"]}],"priceOptions":"fixed_for_all","pricingType":"fixed","price":"65","cl_rule":"show","col":6,"type":"radio-group","error":false,"gt_translate_keys":["label","quantity_label"],"price_dependency":false,"cl_dependency":false,"value":""}],[{"label":"","active":true,"required":false,"elementId":"radio-group-3909852983","name":"radio-group-3909852983","label_position":"default","desc_position":"default","enablePrice":true,"className":"","enableCl":false,"relations":false,"enable_quantity":true,"quantity_label":"","min_quantity":"0","checkUi":"button","layOut":"","options_tooltip":true,"options_description":true,"values":[{"label":"\ud83d\udc66 Child (32\u20ac)","value":"Child","selected":true,"tempId":"aco_32","tooltip":"3-11 Years","description":"","gt_translate_keys":["label","tooltip","description"]}],"priceOptions":"fixed_for_all","pricingType":"fixed","price":"32","cl_rule":"show","col":6,"type":"radio-group","error":false,"gt_translate_keys":["label","quantity_label"],"price_dependency":false,"cl_dependency":false,"value":""}],[{"label":"","active":true,"required":false,"elementId":"radio-group-3681862909","name":"radio-group-3681862909","label_position":"default","desc_position":"default","enablePrice":true,"className":"","enableCl":false,"relations":false,"enable_quantity":true,"quantity_label":"","min_quantity":"0","checkUi":"button","layOut":"","options_tooltip":true,"options_description":true,"values":[{"label":"\ud83d\udc76 Infant (Free)","value":"Infant","selected":true,"tempId":"aco_32","tooltip":"0-2 Years","description":"","gt_translate_keys":["label","tooltip","description"]}],"priceOptions":"fixed_for_all","pricingType":"fixed","price":"0","cl_rule":"show","col":6,"type":"radio-group","error":false,"gt_translate_keys":["label","quantity_label"],"price_dependency":false,"cl_dependency":false,"value":""}],[{"elementId":"separator_267867dfb456e7","separatorType":"blank","className":"","height":"7","enableCl":false,"relations":false,"cl_rule":"show","col":6,"type":"separator","gt_translate_keys":[],"price_dependency":false,"cl_dependency":false,"value":""}],[{"label":"\ud83d\ude8c Pickup Location","active":true,"required":true,"elementId":"text_967867dfb456fc","value":"","description":"Pick-up service from Puerto de la Cruz. Simply provide your address or hotel name.","name":"text_967867dfb456fc","label_position":"default","desc_position":"default","enablePrice":false,"className":"","enableCl":false,"relations":false,"subtype":"text","price":"","cl_rule":"show","col":6,"type":"text","error":false,"gt_translate_keys":["label","description","value"],"price_dependency":false,"cl_dependency":false}]]}},"config":{"price_override":"always","enable_recaptcha":false,"bind_quantity":false,"quantity_bind_formula":false,"disp_summ_show_option_price":true,"disp_summ_show_product_price":false,"disp_summ_show_total_price":true,"disp_summ_show_fee":true,"disp_summ_show_discount":true,"summary_title":"","options_total_label":"Options Price","total_label":"Total Amount","options_product_label":"Product Price","fee_label":"Fee","discount_label":"Discount","has_price":true,"has_quantity_formula":false},"mc_unit":1,"tax_rate":1,"tax_rate_real":1,"discount":{"percentage":0,"fixed":0},"design":{"conf":{"LabelPosition":"above","DescPosition":"above","UploadField":"custom_1","QuantityFieldStyle":"custom_1"},"css":{"LeftLabelWidth":"120px"}},"formulas":[],"lookuptables":[],"clones":false,"cartKey":false}},"_links":{"self":[{"href":"https:\/\/canaryvip.com\/nb\/wp-json\/wp\/v2\/product\/13561","targetHints":{"allow":["GET"]}}],"collection":[{"href":"https:\/\/canaryvip.com\/nb\/wp-json\/wp\/v2\/product"}],"about":[{"href":"https:\/\/canaryvip.com\/nb\/wp-json\/wp\/v2\/types\/product"}],"replies":[{"embeddable":true,"href":"https:\/\/canaryvip.com\/nb\/wp-json\/wp\/v2\/comments?post=13561"}],"wp:featuredmedia":[{"embeddable":true,"href":"https:\/\/canaryvip.com\/nb\/wp-json\/wp\/v2\/media\/13564"}],"wp:attachment":[{"href":"https:\/\/canaryvip.com\/nb\/wp-json\/wp\/v2\/media?parent=13561"}],"wp:term":[{"taxonomy":"product_brand","embeddable":true,"href":"https:\/\/canaryvip.com\/nb\/wp-json\/wp\/v2\/product_brand?post=13561"},{"taxonomy":"product_cat","embeddable":true,"href":"https:\/\/canaryvip.com\/nb\/wp-json\/wp\/v2\/product_cat?post=13561"},{"taxonomy":"product_tag","embeddable":true,"href":"https:\/\/canaryvip.com\/nb\/wp-json\/wp\/v2\/product_tag?post=13561"}],"curies":[{"name":"wp","href":"https:\/\/api.w.org\/{rel}","templated":true}]}}