{"id":12949,"date":"2024-08-19T12:56:56","date_gmt":"2024-08-19T11:56:56","guid":{"rendered":"https:\/\/canaryvip.com\/?post_type=product&#038;p=12949"},"modified":"2025-08-09T13:58:46","modified_gmt":"2025-08-09T12:58:46","slug":"sunkiss-boat-charter-gran-canaria","status":"publish","type":"product","link":"https:\/\/canaryvip.com\/nb\/shop\/sunkiss-boat-charter-gran-canaria\/","title":{"rendered":"Sunkiss Boat Charter<br\/>Gran Canaria"},"content":{"rendered":"<h2>\ud83d\udee5\ufe0f Sunkiss Boat Charter Gran Canaria<\/h2>\n<p>Opplev Gran Canarias skj\u00f8nnhet fra komforten i en <strong>Sunkiss Boat Charter<\/strong>En privat og luksuri\u00f8s m\u00e5te \u00e5 utforske \u00f8yas fantastiske s\u00f8rkyst p\u00e5. Med plass til opptil 8 passasjerer, er dette eksklusive <strong>b\u00e5tutleie p\u00e5 Gran Canaria<\/strong> er perfekt for par, familier eller sm\u00e5 grupper som \u00f8nsker et unikt og avslappende eventyr.<\/p>\n<p>Hos CanaryVIP gj\u00f8r vi det enkelt \u00e5 bestille <a href=\"https:\/\/canaryvip.com\/nb\/gran-canaria\/\"><strong>leie b\u00e5t Puerto Mog\u00e1n<\/strong><\/a> opplevelsen enkel og hyggelig, og s\u00f8rger for at hver minste detalj er ivaretatt for din perfekte dag p\u00e5 vannet.<\/p>\n<h3>\u2b50\ufe0f Hvorfor velge Sunkiss b\u00e5tcharter p\u00e5 Gran Canaria<\/h3>\n<p>Her er hvorfor <strong>Sunkiss Boat Charter<\/strong> er et av de beste alternativene for en privat og uforglemmelig dag til sj\u00f8s:<\/p>\n<h4><strong>Privat og intim opplevelse<\/strong><\/h4>\n<p>Nyt en eksklusiv reise med bare din gruppe. Med en maksimal kapasitet p\u00e5 8 personer tilbyr denne private yachten en personlig og fredelig atmosf\u00e6re, ideell for spesielle anledninger eller en avslappende ferie.<\/p>\n<h4><strong>Elegant komfort<\/strong><\/h4>\n<p>Seil om bord p\u00e5 en vakkert vedlikeholdt 12 meter lang yacht med komfortable sitteplasser, skyggefulle omr\u00e5der og et romslig dekk for soling. Nyt den fantastiske panoramautsikten over Gran Canarias kystlinje mens du slapper av med stil.<\/p>\n<h4><strong>Snorkling p\u00e5 eventyr<\/strong><\/h4>\n<p>Ankre opp ved en bortgjemt bukt for \u00e5 sv\u00f8mme i krystallklart vann og snorkle med det medf\u00f8lgende utstyret. Oppdag det pulserende livet i havet p\u00e5 Gran Canaria, eller bare slapp av p\u00e5 dekk og nyt den rolige atmosf\u00e6ren.<\/p>\n<h3>\ud83d\udea4 Alternativer for b\u00e5ttur med Sunkiss<\/h3>\n<p>Velg den reisens varighet som passer din tidsplan og dine \u00f8nsker:<\/p>\n<ul>\n<li><strong>3-timers privat charter:<\/strong> En perfekt kort ferie for \u00e5 utforske Gran Canarias kystlinje og nyte en forfriskende sv\u00f8mmetur eller snorkling.<\/li>\n<li><strong>6-timers privat charter:<\/strong> Dykk dypere ned i \u00f8yas naturlige skj\u00f8nnhet, med mer tid til \u00e5 slappe av og utforske skjulte steder.<\/li>\n<li><strong>8-timers privat charter:<\/strong> Et heldagseventyr som lar deg oppleve det ultimate innen avslapning og utforskning, med ekstra tid til \u00e5 bes\u00f8ke flere bukter og nyte det beste av Gran Canaria.<\/li>\n<\/ul>\n<h3>\ud83e\udd42 Hva er inkludert i Sunkiss-charteret ditt?<\/h3>\n<p>Din <strong>b\u00e5tutleie p\u00e5 Gran Canaria<\/strong> inkluderer:<\/p>\n<ul>\n<li>Snacks, inkludert chips og n\u00f8tter.<\/li>\n<li>Drikkevarer som \u00f8l, brus og vann.<\/li>\n<li>Snorkelutstyr (masker og sv\u00f8mmef\u00f8tter) for \u00e5 utforske undervannsverdenen.<\/li>\n<li>Forsikring for en bekymringsfri opplevelse.<\/li>\n<li>Valgfri transport til og fra hoteller s\u00f8r p\u00e5 Gran Canaria.<\/li>\n<li>Valgfri lunsj (\u20ac 10 per person, bestilles ved bestilling).<\/li>\n<\/ul>\n<h3>\ud83d\udccd Detaljer om avreise<\/h3>\n<ul>\n<li><strong>Beliggenhet:<\/strong> <a href=\"https:\/\/maps.app.goo.gl\/Xhe545W98um3rx6W8\" target=\"_new\" rel=\"noopener\"><span>Puerto<\/span><span> Mog\u00e1n<\/span><span>, Gran<\/span><span> Canaria<\/span><\/a>.<\/li>\n<li><strong>Avgangstider:<\/strong> 09:00, 12:00 og 15:00.<\/li>\n<li><strong>Transport:<\/strong> Henteservice er tilgjengelig for ekstra bekvemmelighet.<\/li>\n<\/ul>\n<p>Vi anbefaler at du ankommer minst 15 minutter f\u00f8r avgang for \u00e5 sikre en smidig start p\u00e5 eventyret ditt.<\/p>\n<h3>\u2705 Gjennomsiktige avbestillingsregler<\/h3>\n<p>Vi prioriterer din trygghet med klare og fleksible avbestillingsalternativer:<\/p>\n<ul>\n<li><strong>V\u00e6rgaranti:<\/strong> Flytt turen eller f\u00e5 full refusjon i tilfelle usikre v\u00e6rforhold.<\/li>\n<li><strong>Fleksible avbestillinger:<\/strong> Du kan avbestille eller ombooke gratis inntil 8 dager f\u00f8r reisen. Innskudd refunderes ikke for avbestillinger som gj\u00f8res innen 8 dager f\u00f8r planlagt avreise.<\/li>\n<\/ul>\n<h3>\ud83d\udc68\u200d\u2708\ufe0f Tips for ditt Sunkiss-b\u00e5teventyr<\/h3>\n<p>F\u00e5 mest mulig ut av dagen med disse enkle tipsene:<\/p>\n<ul>\n<li>Ta med badet\u00f8y, solkrem og et h\u00e5ndkle.<\/li>\n<li>Ta p\u00e5 deg behagelige kl\u00e6r som passer til v\u00e6ret.<\/li>\n<li>Ha CanaryVIP-billetten klar, enten p\u00e5 telefonen eller p\u00e5 papir.<\/li>\n<li>Spis et lett m\u00e5ltid p\u00e5 forh\u00e5nd for \u00e5 unng\u00e5 sj\u00f8syke.<\/li>\n<\/ul>\n<h3>\ud83c\udf1f Hvorfor bestille med CanaryVIP<\/h3>\n<p>Hos CanaryVIP spesialiserer vi oss p\u00e5 \u00e5 tilby de beste <strong>leie b\u00e5t Puerto Mog\u00e1n<\/strong> og <strong>leie av luksusyacht p\u00e5 Gran Canaria<\/strong>. Fra private charterturer som Sunkiss til skreddersydde opplevelser, s\u00f8rger vi for at hvert \u00f8yeblikk p\u00e5 vannet blir uforglemmelig.<\/p>\n<p>Bestill din <strong>Sunkiss Boat Charter<\/strong> i dag og nyt en reise fylt med avslapning, eventyr og fantastisk utsikt over Gran Canaria.<\/p>\n<p>\ud83d\udc49 <a href=\"https:\/\/canaryvip.com\/nb\/\" target=\"_new\" rel=\"noopener\"><span>Reserve<\/span><span> n\u00e5<\/span><\/a> og skape minner som varer livet ut!<\/p>","protected":false},"excerpt":{"rendered":"<p><strong>\ud83d\udd0d Magic Island Gran Canaria:<\/strong><br \/>\n\u2705 Sikker betaling.<br \/>\n\ud83d\udd10 Private turer.<br \/>\n\ud83d\udee5\ufe0f 12m Yacht Comfort.<br \/>\n\u23f3 Daglige turer p\u00e5 3H, 6H og 8H.<br \/>\n\ud83d\udd59 Ulike avgangstider.<br \/>\n\ud83d\udc65 Opp til 8 gjester.<br \/>\n\ud83e\udd3f Snorkelutstyr er tilgjengelig.<br \/>\n\ud83d\ude8c Henting og levering.<br \/>\n\ud83e\udd11 Garantert beste pris.<br \/>\n\ud83d\udc6a Rabatter aktivert.<br \/>\n\ud83d\udd01 Opptil 8 dagers avbestilling.<br \/>\n\ud83c\udf0d Flerspr\u00e5klig besetning.<br \/>\n\ud83c\udf1f Bestill tidlig og spar!<br \/>\n\ud83d\udccd Avgang fra <a href=\"https:\/\/maps.app.goo.gl\/4TJkgAg6UBpnsyhm9\">Puerto de Mog\u00e1n<\/a>.<\/p>","protected":false},"featured_media":12950,"comment_status":"open","ping_status":"closed","template":"","meta":{"_acf_changed":false},"product_brand":[],"product_cat":[132],"product_tag":[],"class_list":{"0":"post-12949","1":"product","2":"type-product","3":"status-publish","4":"has-post-thumbnail","6":"product_cat-boat-hire-gran-canaria","7":"wcpa_has_options","9":"first","10":"instock","11":"virtual","12":"purchasable","13":"product-type-simple"},"acf":[],"wcpa_form_fields":{"wcpaData":{"product":{"product_price":399,"price_html":"From&nbsp;<span class=\"woocommerce-Price-amount amount\"><bdi>399,00&nbsp;<span class=\"woocommerce-Price-currencySymbol\">&euro;<\/span><\/bdi><\/span>","original_product_price":399,"price_including_tax":399,"price_excluding_tax":399,"product_id":{"parent":12949,"variation":false},"is_variable":false,"stock_status":"instock","stock_quantity":null,"parent_sku":"CV12949","product_attributes":[],"custom_fields":[],"is_taxable":false,"product_name":"Sunkiss Boat Charter<br\/>Gran Canaria","hasImage":false},"fields":{"sec_667811df8760f9":{"extra":{"key":"sec_667811df8760f9","section_id":"sec_667811df8760f9","name":"Default","status":1,"cl_rule":"show","enableCl":false,"relations":[],"toggle":true,"title_tag":"h3","show_title":false,"showPrice":"default","form_id":13536,"form_rules":{"exclude_from_discount":true,"fee_label":"Fee","disp_hide_options_price":true,"disp_show_section_price":false,"disp_show_field_price":true,"layout_option":"standard","pric_use_as_fee":false,"process_fee_as":"woo_fee"},"layout_option":"standard"},"fields":[[{"label":"\ud83d\udcc5 Date","active":true,"required":true,"elementId":"date_567811df876119","picker_type":"custom","picker_mode":"single","placeholder":"","description":"","tooltip":"","name":"date_567811df876119","label_position":"default","desc_position":"default","enablePrice":false,"className":"","enableCl":false,"relations":[{"operator":"and","rules":[{"operator":"AND","rules":{"cl_field":"radio-group_565c78ffa81208","cl_relation":"is","cl_val":"3 Hour Trip"}}]}],"date_pic_inline":true,"date_pic_inline_hide":true,"min_date":{"type":"days","val":"2"},"max_date":{"type":"days","val":"365"},"date_pic_conf":{"disabledWeeks":[]},"price":"","cl_rule":"show","col":6,"type":"date","error":false,"enableDesign":false,"LabelColor":"","gt_translate_keys":["label","placeholder","description","tooltip"],"price_dependency":false,"cl_dependency":false,"value":""}],[{"elementId":"separator_267811df876128","separatorType":"blank","className":"","height":"3","enableCl":false,"relations":false,"cl_rule":"show","col":6,"type":"separator","error":false,"gt_translate_keys":[],"price_dependency":false,"cl_dependency":false,"value":""}],[{"active":true,"col":6,"relations":false,"cl_rule":"show","enableCl":false,"price":"","enablePrice":true,"className":"","label_position":"default","desc_position":"default","type":"select","required":true,"elementId":"select_267811df876133","label":"\u23f3 Trip Duration","name":"select_267811df876133","values":[{"label":"3 Hours (399\u20ac)","value":"3","selected":false,"tempId":"aco_556","price":"399","gt_translate_keys":["label"]},{"label":"6 Hours (700\u20ac)","value":"6","selected":false,"tempId":"aco_122","price":"700","gt_translate_keys":["label"]},{"label":"8 Hours (900\u20ac)","value":"8","selected":false,"tempId":"aco_41","price":"900","gt_translate_keys":["label"]}],"dropdown_type":"basic","error":false,"placeholder":"Select Trip Duration","priceOptions":"different_for_all","pricingType":"fixed","is_show_price":false,"gt_translate_keys":["label","placeholder"],"price_dependency":false,"cl_dependency":false,"value":""}],[{"label":"\u2705 Number of People","active":true,"required":true,"elementId":"select_667811df87613d","dropdown_type":"basic","placeholder":"Select Number of People","name":"select_667811df87613d","label_position":"default","desc_position":"default","enablePrice":false,"className":"","enableCl":false,"relations":[{"operator":false,"rules":[{"operator":"AND","rules":{"cl_field":"radio-group_565c78ffa81208","cl_relation":"is","cl_val":"3 Hour Trip"}}]}],"values":[{"label":"1 person","value":"1","selected":false,"tempId":"aco_1471","price":"0","gt_translate_keys":["label"]},{"label":"2 people","value":"2","selected":false,"tempId":"aco_1472","price":"0","gt_translate_keys":["label"]},{"label":"3 people","value":"3","selected":false,"tempId":"aco_1500","price":"0","gt_translate_keys":["label"]},{"label":"4 people","value":"4","selected":false,"tempId":"aco_1510","price":"0","gt_translate_keys":["label"]},{"label":"5 people","value":"5","selected":false,"tempId":"aco_1520","price":"0","gt_translate_keys":["label"]},{"label":"6 people","value":"6","selected":false,"tempId":"aco_1728","price":"0","gt_translate_keys":["label"]},{"label":"7 people","value":"7","selected":false,"tempId":"aco_1738","price":"0","gt_translate_keys":["label"]},{"label":"8 people","value":"8","selected":false,"tempId":"aco_1748","price":"0","gt_translate_keys":["label"]}],"price":"","cl_rule":"show","col":6,"type":"select","error":false,"priceOptions":"different_for_all","pricingType":"fixed","is_show_price":false,"gt_translate_keys":["label","placeholder"],"price_dependency":["select_067811df876146"],"cl_dependency":false,"value":""}],[{"active":true,"col":6,"relations":false,"cl_rule":"show","enableCl":false,"price":"","enablePrice":true,"className":"","label_position":"default","desc_position":"default","type":"select","required":false,"elementId":"select_067811df876146","label":"\ud83c\udf57 Meal (+10\u20ac\/person)","name":"select_067811df876146","values":[{"label":"No","value":"No","selected":false,"tempId":"aco_2562","price":"","gt_translate_keys":["label"]},{"label":"Yes (+10\u20ac\/person)","value":"Yes","selected":false,"tempId":"aco_2563","price":"{field.select_667811df87613d.value}*10","gt_translate_keys":["label"]}],"dropdown_type":"basic","error":false,"description":"Snacks and drinks are included. If you want an extra meal, please select this option. The meal is marinated chicken with mojo potatoes and coleslaw. Payment due at arrival the day of the tour.","priceOptions":"different_for_all","pricingType":"custom","isTemplate":false,"is_show_price":true,"gt_translate_keys":["label","description"],"price_dependency":false,"cl_dependency":false,"value":""}]]},"sec_167811df876147":{"extra":{"key":"sec_167811df876147","section_id":"sec_167811df876147","name":"Pickup Location","status":1,"cl_rule":"show","enableCl":false,"relations":[],"toggle":true,"title_tag":"h4","show_title":false,"showPrice":"default","form_id":13536,"form_rules":{"exclude_from_discount":true,"fee_label":"Fee","disp_hide_options_price":true,"disp_show_section_price":false,"disp_show_field_price":true,"layout_option":"standard","pric_use_as_fee":false,"process_fee_as":"woo_fee"},"layout_option":"standard"},"fields":[[{"elementId":"separator_1067811df876152","separatorType":"blank","className":"","height":"3","enableCl":false,"relations":false,"cl_rule":"show","col":6,"type":"separator","error":false,"gt_translate_keys":[],"price_dependency":false,"cl_dependency":false,"value":""}],[{"active":true,"col":6,"relations":[{"operator":false,"rules":[{"operator":"AND","rules":{"cl_field":"radio-group_565c78ffa81208","cl_relation":"is","cl_val":"3 Hour Trip"}}]}],"cl_rule":"show","enableCl":false,"price":"","enablePrice":false,"className":"","label_position":"default","desc_position":"default","type":"select","required":false,"elementId":"select_667811df87615b","label":"\u23f0 Departure","name":"select_667811df87615b","values":[{"label":"09:00","value":"09:00","selected":false,"tempId":"aco_1471","gt_translate_keys":["label"]},{"label":"12:00","value":"12:00","selected":false,"tempId":"aco_1510","gt_translate_keys":["label"]},{"label":"15:00","value":"15:00","selected":false,"tempId":"aco_1738","gt_translate_keys":["label"]}],"dropdown_type":"basic","error":false,"placeholder":"Whichever Time is Best","gt_translate_keys":["label","placeholder"],"price_dependency":false,"cl_dependency":false,"value":""}],[{"elementId":"separator_767811df876165","separatorType":"blank","className":"","height":"1","enableCl":false,"relations":false,"cl_rule":"show","col":6,"type":"separator","gt_translate_keys":[],"price_dependency":false,"cl_dependency":false,"value":""}],[{"elementId":"separator_967811df876170","separatorType":"blank","className":"","height":"1","enableCl":false,"relations":false,"cl_rule":"show","col":6,"type":"separator","error":false,"gt_translate_keys":[],"price_dependency":false,"cl_dependency":false,"value":""}],[{"active":true,"col":6,"relations":false,"cl_rule":"show","enableCl":false,"price":"","enablePrice":false,"className":"","label_position":"default","desc_position":"default","type":"text","subtype":"text","required":false,"elementId":"text_967811df876178","label":"\ud83d\ude8c Pickup Location","name":"text_967811df876178","value":"","error":false,"description":"Pick-up service in some locations. Simply provide your address or hotel name. (+2\u20ac\/person paid at pickup to the driver)","gt_translate_keys":["label","description","value"],"price_dependency":false,"cl_dependency":false}]]}},"config":{"price_override":"always","enable_recaptcha":false,"bind_quantity":false,"quantity_bind_formula":false,"disp_summ_show_option_price":true,"disp_summ_show_product_price":false,"disp_summ_show_total_price":true,"disp_summ_show_fee":true,"disp_summ_show_discount":true,"summary_title":"","options_total_label":"Options Price","total_label":"Total Amount","options_product_label":"Product Price","fee_label":"Fee","discount_label":"Discount","has_price":true,"has_quantity_formula":false},"mc_unit":1,"tax_rate":1,"tax_rate_real":1,"discount":{"percentage":0,"fixed":0},"design":{"conf":{"LabelPosition":"above","DescPosition":"above","UploadField":"custom_1","QuantityFieldStyle":"custom_1"},"css":{"LeftLabelWidth":"120px"}},"formulas":{"fmla_1708364241278155361":"(({field.select_3666b1eb2b11fe.value}>=8)?(1400):(({field.select_3666b1eb2b11fe.value}>=7)?(1225):(({field.select_3666b1eb2b11fe.value}>=6)?(1050):(({field.select_3666b1eb2b11fe.value}>=5)?(875):(({field.select_3666b1eb2b11fe.value}>=4)?(700):(({field.select_3666b1eb2b11fe.value}>=3)?(500):(0)))))))","fmla_1718295979528641619":"(({field.select_3666b1eb2b11fe.value}>=8)?(280):(({field.select_3666b1eb2b11fe.value}>=7)?(205):(({field.select_3666b1eb2b11fe.value}>=6)?(150):(({field.select_3666b1eb2b11fe.value}>=5)?(175):(({field.select_3666b1eb2b11fe.value}>=4)?(200):(({field.select_3666b1eb2b11fe.value}>=3)?(150):(0)))))))"},"lookuptables":[],"clones":false,"cartKey":false}},"_links":{"self":[{"href":"https:\/\/canaryvip.com\/nb\/wp-json\/wp\/v2\/product\/12949","targetHints":{"allow":["GET"]}}],"collection":[{"href":"https:\/\/canaryvip.com\/nb\/wp-json\/wp\/v2\/product"}],"about":[{"href":"https:\/\/canaryvip.com\/nb\/wp-json\/wp\/v2\/types\/product"}],"replies":[{"embeddable":true,"href":"https:\/\/canaryvip.com\/nb\/wp-json\/wp\/v2\/comments?post=12949"}],"wp:featuredmedia":[{"embeddable":true,"href":"https:\/\/canaryvip.com\/nb\/wp-json\/wp\/v2\/media\/12950"}],"wp:attachment":[{"href":"https:\/\/canaryvip.com\/nb\/wp-json\/wp\/v2\/media?parent=12949"}],"wp:term":[{"taxonomy":"product_brand","embeddable":true,"href":"https:\/\/canaryvip.com\/nb\/wp-json\/wp\/v2\/product_brand?post=12949"},{"taxonomy":"product_cat","embeddable":true,"href":"https:\/\/canaryvip.com\/nb\/wp-json\/wp\/v2\/product_cat?post=12949"},{"taxonomy":"product_tag","embeddable":true,"href":"https:\/\/canaryvip.com\/nb\/wp-json\/wp\/v2\/product_tag?post=12949"}],"curies":[{"name":"wp","href":"https:\/\/api.w.org\/{rel}","templated":true}]}}