{"id":12784,"date":"2024-08-05T16:50:08","date_gmt":"2024-08-05T15:50:08","guid":{"rendered":"https:\/\/canaryvip.com\/?post_type=product&#038;p=12784"},"modified":"2025-08-09T14:08:37","modified_gmt":"2025-08-09T13:08:37","slug":"self-drive-boat-hire-tenerife","status":"publish","type":"product","link":"https:\/\/canaryvip.com\/nb\/shop\/self-drive-boat-hire-tenerife\/","title":{"rendered":"Selvkj\u00f8rende b\u00e5tutleie Tenerife"},"content":{"rendered":"<h2>Lei en selvkj\u00f8rende b\u00e5t uten f\u00f8rerkort p\u00e5 Tenerife<\/h2>\n<p>Legg ut p\u00e5 vanneventyr ved \u00e5 leie en selvkj\u00f8rende b\u00e5t i <a href=\"https:\/\/canaryvip.com\/nb\/tenerife\/\">Tenerife<\/a>, perfekt for deg som \u00f8nsker friheten til \u00e5 navigere p\u00e5 egen h\u00e5nd.<\/p>\n<p>Sett av g\u00e5rde fra den naturskj\u00f8nne <a href=\"https:\/\/www.google.com\/maps\/place\/Puerto+Col%C3%B3n\/@28.078002,-16.7394902,1078m\/data=!3m2!1e3!4b1!4m6!3m5!1s0xc6a9743509c9ebf:0xd62345524f768247!8m2!3d28.078002!4d-16.7369153!16s%2Fg%2F11c6cqryw_?authuser=0&amp;entry=tts&amp;g_ep=EgoyMDI0MDgwNC4wKgBIAVAD\" target=\"_blank\" rel=\"noopener\">Puerto Col\u00f3n<\/a>Her kan du oppdage bortgjemte steder, sole deg eller nyte en piknik p\u00e5 vannet omgitt av Atlanterhavets krystallklare b\u00f8lger.<\/p>\n<p>Forestill deg spenningen ved \u00e5 ta roret selv og navigere i Tenerifes fantastiske farvann. Kjenn vinden i h\u00e5ret og solen i ansiktet mens du setter din egen kurs. B\u00e5tene v\u00e5re har plass til opptil fem passasjerer, noe som gj\u00f8r dem perfekte for halvdagsleie eller heldagsopplevelser.<\/p>\n<h3>\ud83d\udea4 Din reise, din kommando<\/h3>\n<ul>\n<li><strong>Kompakt design:<\/strong> Nyt elegant og komfortabel navigering med v\u00e5re velholdte b\u00e5ter.<\/li>\n<li><strong>Fantastisk landskap:<\/strong> Seil n\u00e6r Tenerifes vakre La Caleta eller Diego Hernandez-stranden, og nyt det pulserende livet i havet rundt deg.<\/li>\n<li><strong style=\"letter-spacing: 0em;\">Private Dips:<\/strong><span style=\"letter-spacing: 0em;\"> Kast anker i skjulte bukter som er ideelle for bading, snorkling eller soling.<\/span><\/li>\n<li><strong>Snacks on the Sea:<\/strong> Friheten til \u00e5 ta med og nyte din egen mat om bord forsterker denne personlige opplevelsen med selvkj\u00f8rende b\u00e5tutleie p\u00e5 Tenerife.<\/li>\n<li><strong>Uanstrengt h\u00e5ndtering:<\/strong> Med brukervennlig design og stabile kj\u00f8reegenskaper gj\u00f8r b\u00e5tene v\u00e5re b\u00e5tlivet tilgjengelig for alle.<\/li>\n<\/ul>\n<h3>\u2728 Viktige detaljer om selvkj\u00f8rende b\u00e5tutleie<\/h3>\n<p><strong>Tilpasset til dine preferanser:<\/strong> B\u00e5tene v\u00e5re, som passer for opptil 5 personer, er perfekte for en parferie eller en gruppeutflukt, og er klare for ethvert arrangement. Vi gir utf\u00f8rlige instruksjoner for \u00e5 sikre en trygg og hyggelig opplevelse p\u00e5 vannet.<\/p>\n<p><strong>Et allsidig valg for alle:<\/strong> V\u00e5re selvkj\u00f8rende b\u00e5ter uten f\u00f8rerkort er ideelle for familier, venner eller solo-oppdagelsesreisende, og lar deg oppleve en blanding av autonomi og naturskj\u00f8nn luksus med Tenerifes kystlinje som bakteppe.<\/p>\n<h3>\ud83d\udea4 Gj\u00f8r deg klar for utflukten<\/h3>\n<p>Forbered deg p\u00e5 en uforglemmelig dag til sj\u00f8s med n\u00f8dvendige ting som badet\u00f8y og solkrem. Vi s\u00f8rger for alle n\u00f8dvendige navigasjonsverkt\u00f8y, slik at du kan konsentrere deg om gleden ved \u00e5 g\u00e5 p\u00e5 oppdagelsesferd.<\/p>\n<p>Ikke glem kameraet for \u00e5 forevige den fantastiske utsikten over Tenerifes kyster og vannlivet som blomstrer under vann.<\/p>\n<h3>\ud83d\udcdc Avbestillings- og ombordregler<\/h3>\n<p><strong>Privat b\u00e5tcharter:<\/strong> Avbestill gratis opptil 96 timer f\u00f8r avreise. Hvis du avbestiller med mindre enn 72 timers varsel, vil depositumet ikke bli refundert.<\/p>\n<p><strong>Delt tur:<\/strong> Gratis avbestilling inntil 48 timer f\u00f8r planlagt avreise. Hvis du avbestiller senere eller ikke m\u00f8ter opp, vil depositumet g\u00e5 tapt.<\/p>\n<p><strong>\ud83c\udf26\ufe0f V\u00e6r og minimum antall deltakere:<\/strong> I tilfelle d\u00e5rlig v\u00e6r eller hvis det ikke er nok deltakere, kan du velge full refusjon eller flytte turen til en annen dato.<\/p>\n<p><strong>\ud83d\udea2 Regler om bord:<\/strong> Vennligst ankom i tide! Det gis ikke refusjon for sen ankomst eller endringer i reiseruten for\u00e5rsaket av sj\u00f8syke.<\/p>\n<h3>\ud83d\ude99 Utgangspunkt og parkering<\/h3>\n<p><strong>Begynn p\u00e5 <a href=\"https:\/\/www.google.com\/maps\/place\/Puerto+Col%C3%B3n\/@28.078002,-16.7394902,1078m\/data=!3m2!1e3!4b1!4m6!3m5!1s0xc6a9743509c9ebf:0xd62345524f768247!8m2!3d28.078002!4d-16.7369153!16s%2Fg%2F11c6cqryw_?authuser=0&amp;entry=tts&amp;g_ep=EgoyMDI0MDgwNC4wKgBIAVAD\" target=\"_blank\" rel=\"noopener\">Puerto Col\u00f3n<\/a>:<\/strong> Ditt maritime eventyr starter p\u00e5 <strong>Puerto Col\u00f3n<\/strong>Gode parkeringsmuligheter ved havnen gj\u00f8r det enkelt \u00e5 starte dagen. Ankom litt tidlig for \u00e5 starte reisen uten hastverk.<\/p>\n<h3>\ud83c\udf1f CanaryVIPs l\u00f8fte til deg<\/h3>\n<p>Hos CanaryVIP prioriterer vi din tilfredshet over alt annet. Vi tilbyr tilpassede avbestillingsregler som gir deg trygghet n\u00e5r du bestiller leie av selvkj\u00f8rende b\u00e5t. Vi er opptatt av \u00e5 levere enest\u00e5ende service, med fokus p\u00e5 sikkerhet og et \u00f8nske om \u00e5 forbedre din opplevelse av Tenerifes majestetiske farvann.<\/p>\n<p>Legg ut p\u00e5 et eventyr med en selvkj\u00f8rende b\u00e5t uten f\u00f8rerkort, seil p\u00e5 Tenerifes vidunderlige hav og oppdag de skjulte juvelene langs kysten av <strong>Puerto Col\u00f3n.<\/strong><\/p>\n<p>Reserver i dag for et eksklusivt nautisk eventyr som kombinerer uavhengighet, komfort og Kanari\u00f8yenes uber\u00f8rte skj\u00f8nnhet. Bestill n\u00e5 og skap varige minner til sj\u00f8s!<\/p>","protected":false},"excerpt":{"rendered":"<p><strong>\ud83d\udd0d Selvkj\u00f8rende b\u00e5t:<\/strong><br \/>\n<span>\u2705 Sikker betaling.<\/span><br \/>\n<span>\ud83e\udeaa Uten b\u00e5tlisens.<\/span><br \/>\n<span>\ud83d\udee5\ufe0f 5 meter lang.<\/span><br \/>\n<span>\u23f3 Daglig leie av 2-8 timer.<br \/>\n\u26fd Bensin inkludert<\/span><br \/>\n<span>\ud83d\udd59 Tilpassede avgangstider.<\/span><br \/>\n<span>\ud83d\udc65 Opptil 5 gjester.<\/span><br \/>\n<span>\ud83e\udd3f Snorklingsutstyr.<\/span><br \/>\n<span>\ud83e\udd11 Garantert beste pris.<\/span><br \/>\n<span>\ud83d\udc6a Rabatter aktivert.<\/span><br \/>\n<span>\ud83d\udd01 Opptil 4 dagers avbestilling.<\/span><br \/>\n<span>\ud83c\udf0d St\u00f8tte for flere spr\u00e5k.<\/span><br \/>\n<span>\ud83c\udf1f Bestill tidlig og spar!<br \/>\n\ud83d\udccd Avgang fra <a href=\"https:\/\/maps.app.goo.gl\/3EAT9KE3yNKvnqsz7\" target=\"_blank\" rel=\"noopener\">Puerto Col\u00f3n<\/a>.<br \/>\n<\/span><\/p>","protected":false},"featured_media":14654,"comment_status":"open","ping_status":"closed","template":"","meta":{"_acf_changed":false},"product_brand":[],"product_cat":[130],"product_tag":[],"class_list":{"0":"post-12784","1":"product","2":"type-product","3":"status-publish","4":"has-post-thumbnail","6":"product_cat-self-drive-boat-hire","7":"wcpa_has_options","9":"first","10":"instock","11":"sale","12":"virtual","13":"purchasable","14":"product-type-simple"},"acf":[],"wcpa_form_fields":{"wcpaData":{"product":{"product_price":180,"price_html":"From&nbsp;<del aria-hidden=\"true\"><span class=\"woocommerce-Price-amount amount\"><bdi>200,00&nbsp;<span class=\"woocommerce-Price-currencySymbol\">&euro;<\/span><\/bdi><\/span><\/del> <span class=\"screen-reader-text\">Opprinnelig pris var: 200,00&nbsp;&euro;.<\/span><ins aria-hidden=\"true\"><span class=\"woocommerce-Price-amount amount\"><bdi>180,00&nbsp;<span class=\"woocommerce-Price-currencySymbol\">&euro;<\/span><\/bdi><\/span><\/ins><span class=\"screen-reader-text\">N\u00e5v\u00e6rende pris er: 180,00&nbsp;&euro;.<\/span>","original_product_price":200,"price_including_tax":180,"price_excluding_tax":180,"product_id":{"parent":12784,"variation":false},"is_variable":false,"stock_status":"instock","stock_quantity":null,"parent_sku":"CV12784","product_attributes":[],"custom_fields":[],"is_taxable":false,"product_name":"Self Drive Boat Hire Tenerife","hasImage":false},"fields":{"sec_666b2beb820739":{"extra":{"key":"sec_666b2beb820739","section_id":"sec_666b2beb820739","name":"Default","status":1,"cl_rule":"show","enableCl":false,"relations":[],"toggle":true,"title_tag":"h3","show_title":false,"showPrice":"default","form_id":12811,"form_rules":{"exclude_from_discount":true,"fee_label":"Fee","disp_hide_options_price":true,"disp_show_section_price":false,"disp_show_field_price":true,"layout_option":"standard","pric_use_as_fee":false,"process_fee_as":"woo_fee"},"layout_option":"standard"},"fields":[[{"label":"\ud83d\udcc5 Date","active":true,"required":true,"elementId":"date_466b2beb820758","picker_type":"custom","picker_mode":"single","placeholder":"","description":"","tooltip":"","name":"date_466b2beb820758","label_position":"default","desc_position":"default","enablePrice":false,"className":"","enableCl":false,"relations":[{"operator":"and","rules":[{"operator":"AND","rules":{"cl_field":"radio-group_565c78ffa81208","cl_relation":"is","cl_val":"3 Hour Trip"}}]}],"date_pic_inline":true,"date_pic_inline_hide":true,"min_date":{"type":"days","val":"0"},"max_date":{"type":"days","val":"365"},"date_pic_conf":{"disabledWeeks":[],"disabledDates":[]},"price":"","cl_rule":"show","col":6,"type":"date","error":false,"enableDesign":false,"LabelColor":"","gt_translate_keys":["label","placeholder","description","tooltip"],"price_dependency":false,"cl_dependency":false,"value":""}],[{"contentType":"rich","active":true,"label":"","elementId":"content_466b2beb820766","value":"<p>\ud83c\udf9f\ufe0f <strong>Reservation<\/strong>: Pay only a deposit now to reserve; the rest is due on the day of the activity upon arrival.<\/p>","inline":false,"name":"content_466b2beb820766","enablePrice":false,"className":"","subtype":"p","enableCl":false,"relations":false,"price":"","cl_rule":"show","col":6,"type":"content","error":false,"pricingType":"custom","isTemplate":false,"is_show_price":true,"show_in_checkout":true,"gt_translate_keys":["label","value"],"price_dependency":false,"cl_dependency":false}],[{"active":true,"col":6,"relations":false,"cl_rule":"show","enableCl":false,"price":"","enablePrice":true,"className":"","label_position":"default","desc_position":"default","type":"select","required":true,"elementId":"select_366b2beb82077c","label":"\u23f3 Trip Duration","name":"select_366b2beb82077c","values":[{"label":"2 Hours (180\u20ac)","value":"2","selected":false,"tempId":"aco_85","price":"180","gt_translate_keys":["label"]},{"label":"3 Hours (250\u20ac)","value":"3","selected":false,"tempId":"aco_556","price":"250","gt_translate_keys":["label"]},{"label":"4 Hours (320\u20ac)","value":"4","selected":false,"tempId":"aco_605","price":"320","gt_translate_keys":["label"]},{"label":"5 Hours (390\u20ac)","value":"5","selected":false,"tempId":"aco_724","price":"390","gt_translate_keys":["label"]},{"label":"6 Hours (460\u20ac)","value":"6","selected":false,"tempId":"aco_401","price":"460","gt_translate_keys":["label"]}],"dropdown_type":"basic","error":false,"placeholder":"Select Trip Duration","priceOptions":"different_for_all","pricingType":"fixed","is_show_price":true,"gt_translate_keys":["label","placeholder"],"price_dependency":["content_266b2beb82078f","content_266b2beb820799"],"cl_dependency":false,"value":""}],[{"active":true,"col":6,"relations":false,"cl_rule":"show","enableCl":false,"price":"","enablePrice":false,"className":"","label_position":"default","desc_position":"default","type":"separator","required":false,"elementId":"separator_8240912106","label":"Separator Field","height":"3","separatorType":"fill","error":false,"separatorColor":"#66a5b6","gt_translate_keys":["label"],"price_dependency":false,"cl_dependency":false,"value":""}],[{"active":true,"col":6,"relations":false,"cl_rule":"show","enableCl":false,"price":"({field.select_366b2beb82077c.price}*0.2)+({field.select_166b2beb820786.price}*0.1)","enablePrice":true,"className":"","label_position":"default","desc_position":"default","type":"content","required":false,"elementId":"content_266b2beb82078f","label":"Deposit Payment","name":"content_266b2beb82078f","contentType":"plain","value":"","error":false,"pricingType":"custom","isTemplate":true,"is_show_price":false,"enableDesign":true,"scrollBar":false,"use_as_fee":false,"fee_label":"Payment Now","inline":true,"show_in_checkout":true,"subtype":"div","formulaId":"fmla_1708364241278155361","LabelSize":"14px","gt_translate_keys":["label","value"],"price_dependency":["content_466b2beb8207a2"],"cl_dependency":false}],[{"contentType":"plain","active":true,"label":"Payment at Arrival","elementId":"content_266b2beb820799","value":"","inline":true,"show_in_checkout":true,"name":"content_266b2beb820799","enablePrice":true,"className":"","fee_label":"Payment at Arrival","subtype":"div","enableCl":false,"relations":false,"scrollBar":false,"enableDesign":true,"pricingType":"custom","isTemplate":true,"price":"({field.select_366b2beb82077c.price}*0.8)+({field.select_166b2beb820786.price}*0.9)","use_as_fee":false,"is_show_price":true,"cl_rule":"show","col":6,"type":"content","error":false,"formulaId":"fmla_172299064258378161","LabelSize":"14px","gt_translate_keys":["label","value"],"price_dependency":["content_466b2beb8207a2"],"cl_dependency":false}],[{"contentType":"plain","active":true,"label":"Total Price","elementId":"content_466b2beb8207a2","value":"","inline":true,"show_in_checkout":true,"name":"content_466b2beb8207a2","enablePrice":true,"className":"","fee_label":"Payment at Arrival","subtype":"div","enableCl":false,"relations":false,"scrollBar":false,"enableDesign":true,"LabelSize":"14px","pricingType":"custom","isTemplate":false,"price":"({field.content_266b2beb82078f.price})+({field.content_266b2beb820799.price})","formulaId":"fmla_1708360988969136756","use_as_fee":false,"is_show_price":true,"cl_rule":"show","col":6,"type":"content","error":false,"gt_translate_keys":["label","value"],"price_dependency":false,"cl_dependency":false}],[{"elementId":"separator-8320172123","separatorType":"fill","separatorColor":"#66a5b6","className":"","height":"3","enableCl":false,"relations":false,"cl_rule":"show","col":6,"type":"separator","gt_translate_keys":[],"price_dependency":false,"cl_dependency":false,"value":""}],[{"active":true,"col":6,"relations":[{"operator":false,"rules":[{"operator":"AND","rules":{"cl_field":"radio-group_565c78ffa81208","cl_relation":"is","cl_val":"3 Hour Trip"}}]}],"cl_rule":"show","enableCl":false,"price":"","enablePrice":false,"className":"","label_position":"default","desc_position":"default","type":"select","required":false,"elementId":"select_866b2beb8207ab","label":"\u23f0 Departure Time","name":"select_866b2beb8207ab","values":[{"label":"9:30","value":"9:30","selected":false,"tempId":"aco_1471","gt_translate_keys":["label"]},{"label":"10:30","value":"10:30","selected":false,"tempId":"aco_1472","gt_translate_keys":["label"]},{"label":"11:30","value":"11:30","selected":false,"tempId":"aco_1500","gt_translate_keys":["label"]},{"label":"12:30","value":"12:30","selected":false,"tempId":"aco_1510","gt_translate_keys":["label"]},{"label":"13:30","value":"13:30","selected":false,"tempId":"aco_1520","gt_translate_keys":["label"]},{"label":"14:30","value":"14:30","selected":false,"tempId":"aco_1728","gt_translate_keys":["label"]},{"label":"15:30","value":"15:30","selected":false,"tempId":"aco_1738","gt_translate_keys":["label"]}],"dropdown_type":"basic","error":false,"placeholder":"Whichever Time is Best","gt_translate_keys":["label","placeholder"],"price_dependency":false,"cl_dependency":false,"value":""}],[{"elementId":"separator_266b2beb8207b5","separatorType":"blank","className":"","height":"1","enableCl":false,"relations":false,"cl_rule":"show","col":6,"type":"separator","gt_translate_keys":[],"price_dependency":false,"cl_dependency":false,"value":""}],[{"label":"\u2705 Number of People","active":true,"required":true,"elementId":"select_466b2beb8207be","dropdown_type":"basic","placeholder":"Select Number of People","name":"select_466b2beb8207be","label_position":"default","desc_position":"default","enablePrice":false,"className":"","enableCl":false,"relations":[{"operator":false,"rules":[{"operator":"AND","rules":{"cl_field":"radio-group_565c78ffa81208","cl_relation":"is","cl_val":"3 Hour Trip"}}]}],"values":[{"label":"1 person","value":"1","selected":false,"tempId":"aco_1471","gt_translate_keys":["label"]},{"label":"2 people","value":"2","selected":false,"tempId":"aco_1472","gt_translate_keys":["label"]},{"label":"3 people","value":"3","selected":false,"tempId":"aco_1500","gt_translate_keys":["label"]},{"label":"4 people","value":"4","selected":false,"tempId":"aco_1510","gt_translate_keys":["label"]},{"label":"5 people","value":"5","selected":false,"tempId":"aco_1520","gt_translate_keys":["label"]},{"label":"6 people","value":"6","selected":false,"tempId":"aco_2006","gt_translate_keys":["label"]}],"price":"","cl_rule":"show","col":6,"type":"select","error":false,"gt_translate_keys":["label","placeholder"],"price_dependency":false,"cl_dependency":false,"value":""}]]}},"config":{"price_override":"always","enable_recaptcha":false,"bind_quantity":false,"quantity_bind_formula":false,"disp_summ_show_option_price":true,"disp_summ_show_product_price":false,"disp_summ_show_total_price":false,"disp_summ_show_fee":true,"disp_summ_show_discount":true,"summary_title":"","options_total_label":"Options Price","total_label":"Total Amount","options_product_label":"Product Price","fee_label":"Fee","discount_label":"Discount","has_price":true,"has_quantity_formula":false},"mc_unit":1,"tax_rate":1,"tax_rate_real":1,"discount":{"percentage":0,"fixed":0},"design":{"conf":{"LabelPosition":"above","DescPosition":"above","UploadField":"custom_1","QuantityFieldStyle":"custom_1"},"css":{"LeftLabelWidth":"120px"}},"formulas":{"fmla_1708364241278155361":"(({field.select_366b2beb82077c.value}>=6)?(130):(({field.select_366b2beb82077c.value}>=5)?(110):(({field.select_366b2beb82077c.value}>=4)?(90):(({field.select_366b2beb82077c.value}>=3)?(70):(({field.select_366b2beb82077c.value}>=2)?(60):(0))))))","fmla_172299064258378161":"(({field.select_366b2beb82077c.value}>=6)?(330):(({field.select_366b2beb82077c.value}>=5)?(280):(({field.select_366b2beb82077c.value}>=4)?(230):(({field.select_366b2beb82077c.value}>=3)?(180):(({field.select_366b2beb82077c.value}>=2)?(120):(0))))))"},"lookuptables":[],"clones":false,"cartKey":false}},"_links":{"self":[{"href":"https:\/\/canaryvip.com\/nb\/wp-json\/wp\/v2\/product\/12784","targetHints":{"allow":["GET"]}}],"collection":[{"href":"https:\/\/canaryvip.com\/nb\/wp-json\/wp\/v2\/product"}],"about":[{"href":"https:\/\/canaryvip.com\/nb\/wp-json\/wp\/v2\/types\/product"}],"replies":[{"embeddable":true,"href":"https:\/\/canaryvip.com\/nb\/wp-json\/wp\/v2\/comments?post=12784"}],"wp:featuredmedia":[{"embeddable":true,"href":"https:\/\/canaryvip.com\/nb\/wp-json\/wp\/v2\/media\/14654"}],"wp:attachment":[{"href":"https:\/\/canaryvip.com\/nb\/wp-json\/wp\/v2\/media?parent=12784"}],"wp:term":[{"taxonomy":"product_brand","embeddable":true,"href":"https:\/\/canaryvip.com\/nb\/wp-json\/wp\/v2\/product_brand?post=12784"},{"taxonomy":"product_cat","embeddable":true,"href":"https:\/\/canaryvip.com\/nb\/wp-json\/wp\/v2\/product_cat?post=12784"},{"taxonomy":"product_tag","embeddable":true,"href":"https:\/\/canaryvip.com\/nb\/wp-json\/wp\/v2\/product_tag?post=12784"}],"curies":[{"name":"wp","href":"https:\/\/api.w.org\/{rel}","templated":true}]}}