{"id":12210,"date":"2024-07-03T15:52:34","date_gmt":"2024-07-03T14:52:34","guid":{"rendered":"https:\/\/canaryvip.com\/?post_type=product&#038;p=12210"},"modified":"2025-08-09T14:02:34","modified_gmt":"2025-08-09T13:02:34","slug":"magic-island-yacht-charter-gran-canaria","status":"publish","type":"product","link":"https:\/\/canaryvip.com\/nb\/shop\/magic-island-yacht-charter-gran-canaria\/","title":{"rendered":"Magic Island: Yachtutleie<br\/> Gran Canaria"},"content":{"rendered":"<h2>\ud83d\udee5\ufe0f Magic Island Yacht Hire Gran Canaria med CanaryVIP<\/h2>\n<p>Opplev Kanari\u00f8yenes skj\u00f8nnhet fra komforten av en <strong>luksusyacht<\/strong> med v\u00e5r Magic Island Yacht Hire p\u00e5 Gran Canaria. Denne <strong>privat b\u00e5ttur<\/strong> langs den fantastiske s\u00f8rvestkysten av Gran Canaria er perfekt for familier, venner eller alle som \u00f8nsker et VIP-eventyr. Hos CanaryVIP s\u00f8rger vi for en s\u00f8ml\u00f8s bookingopplevelse for din dr\u00f8mmedag til sj\u00f8s.<\/p>\n<h3>\u2b50\ufe0f Hvorfor velge Magic Island Yacht Hire p\u00e5 Gran Canaria<\/h3>\n<p>Her er hva som gj\u00f8r Magic Island-yachten til et enest\u00e5ende valg for din neste <strong>leie av b\u00e5t i Gran Canaria<\/strong>:<\/p>\n<h4><strong>Eksklusiv privat opplevelse<\/strong><\/h4>\n<p>Nyt det krystallklare vannet i Atlanterhavet i fullstendig privatliv. Med plass til opptil 12 gjester er Magic Island-yachten ideell for feiringer, familieutflukter eller til og med forretningsarrangementer.<\/p>\n<h4><strong>Komfort og stil<\/strong><\/h4>\n<p>Slapp av i det koselige og elegante interi\u00f8ret, som er komplett med et lite soverom, toalett, komfortable sitteplasser og spiseplass. Sol deg i den kanariske solen p\u00e5 den \u00f8verste solterrassen, eller slapp av i skyggen mens du seiler langs den vulkanske kystlinjen.<\/p>\n<h4><strong>Spennende vannaktiviteter<\/strong><\/h4>\n<p>Gj\u00f8r opplevelsen din enda bedre med morsomme aktiviteter som er inkludert i bestillingen:<\/p>\n<ul>\n<li><strong>\ud83e\udd3f Snorkelutstyr:<\/strong> Utforsk undervannsverdenen med utstyr som leveres om bord.<\/li>\n<li><strong>\ud83c\udf4c Bananb\u00e5ttur:<\/strong> Legg til litt adrenalin p\u00e5 turen med denne spennende aktiviteten, som er inkludert uten ekstra kostnad.<\/li>\n<\/ul>\n<h3>\ud83d\udea4 Magic Island Yacht Trip-alternativer<\/h3>\n<p>Velg mellom to turvarigheter som passer til din timeplan og dine preferanser:<\/p>\n<ul>\n<li><strong>3-timers omvisning:<\/strong> Ideell for en kort, men fin introduksjon til Gran Canarias vakre kyst. Sv\u00f8m, snorkle og nyt solen.<\/li>\n<li><strong>5-timers tur:<\/strong> For en mer oppslukende opplevelse kan du ta deg god tid til \u00e5 utforske kysten, nyte vannaktiviteter og slappe av om bord med snacks og drikke.<\/li>\n<\/ul>\n<h3>\ud83e\udd42 Hva er inkludert i din yachtcharter<\/h3>\n<p>Din <strong>leie av yacht i Gran Canaria<\/strong> inkluderer:<\/p>\n<ul>\n<li>Snacks som chips og n\u00f8tter.<\/li>\n<li>Drikke fra en \u00e5pen bar, inkludert \u00f8l, brus, vann og juice.<\/li>\n<li>Snorklingsutstyr og en morsom tur med bananb\u00e5t.<\/li>\n<li>Lunsj er tilgjengelig p\u00e5 foresp\u00f8rsel (\u20ac 10 per person, oppgi dette ved bestilling).<\/li>\n<li>Profesjonelt mannskap som snakker flytende engelsk og spansk, og som s\u00f8rger for komfort og sikkerhet under hele turen.<\/li>\n<\/ul>\n<h3>\ud83d\udccd Detaljer om avreise<\/h3>\n<ul>\n<li><strong>Beliggenhet:<\/strong> <a href=\"https:\/\/maps.app.goo.gl\/iZBybc3i384tdR816\" target=\"_blank\" rel=\"noopener\">Puerto Base i Puerto Rico<\/a>Gran Canaria.<\/li>\n<li><strong>Tider:<\/strong> Velg mellom avganger kl. 09.00 eller 14.00.<\/li>\n<li><strong>Transport:<\/strong> Valgfri henting er tilgjengelig for bare \u20ac 2 per person.<\/li>\n<\/ul>\n<p>Vi anbefaler at du ankommer minst 15 minutter f\u00f8r avgang for \u00e5 sikre en smidig start p\u00e5 eventyret ditt.<\/p>\n<h3>\u2705 Gjennomsiktige avbestillingsregler<\/h3>\n<p>Vi forst\u00e5r at planer kan endre seg, s\u00e5 v\u00e5re avbestillingsregler er utformet for \u00e5 gi deg trygghet:<\/p>\n<ul>\n<li><strong>V\u00e6rgaranti:<\/strong> Hvis v\u00e6rforholdene er usikre, har du muligheten til \u00e5 flytte turen eller f\u00e5 full refusjon.<\/li>\n<li><strong>Fleksible avbestillinger:<\/strong> Du kan avbestille eller ombooke gratis inntil 8 dager f\u00f8r reisen. Innskudd refunderes ikke for avbestillinger som gj\u00f8res innen 8 dager f\u00f8r planlagt avreise.<\/li>\n<\/ul>\n<h3>\ud83d\udc68\u200d\u2708\ufe0f Tips for ditt Magic Island-eventyr<\/h3>\n<p>F\u00e5 mest mulig ut av dagen med disse enkle tipsene:<\/p>\n<ul>\n<li>Ta med badet\u00f8y, h\u00e5ndkle og solkrem.<\/li>\n<li>Ta p\u00e5 deg behagelige kl\u00e6r som passer til v\u00e6ret.<\/li>\n<li>Ha CanaryVIP-billetten klar p\u00e5 telefonen eller p\u00e5 papir.<\/li>\n<li>Spis et lett m\u00e5ltid p\u00e5 forh\u00e5nd for \u00e5 unng\u00e5 sj\u00f8syke.<\/li>\n<\/ul>\n<h3>\ud83c\udf1f Hvorfor bestille med CanaryVIP<\/h3>\n<p>Hos CanaryVIP spesialiserer vi oss p\u00e5 \u00e5 tilby de beste alternativene for <a href=\"https:\/\/canaryvip.com\/nb\/gran-canaria\/\"><strong>b\u00e5tutleie p\u00e5 Gran Canaria<\/strong><\/a>. Fra luksuri\u00f8se yachter som Magic Island til andre skreddersydde utflukter, gj\u00f8r vi det enkelt for deg \u00e5 skape uforglemmelige minner p\u00e5 vannet.<\/p>\n<p>Bestill din <strong>Magic Island Yacht Hire<\/strong> i dag og ta fatt p\u00e5 en dag fylt med moro, avslapning og fantastisk utsikt over Gran Canarias fantastiske kystlinje.<\/p>\n<p>\ud83d\udc49 <span>Reserve<\/span><span> n\u00e5<\/span> og gi deg en bedre ferieopplevelse!<\/p>","protected":false},"excerpt":{"rendered":"<p><strong>\ud83d\udd0d Magic Island Gran Canaria:<\/strong><br \/>\n\u2705 Sikker betaling.<br \/>\n\ud83d\udd10 Private turer.<br \/>\n\ud83d\udee5\ufe0f 18m Yacht Comfort.<br \/>\n\u23f3 Daglige turer p\u00e5 3H og 5H.<br \/>\n\ud83d\udd59 Tilpassede avgangstider.<br \/>\n\ud83d\udc65 Opptil 12 gjester.<br \/>\n\ud83c\udfc4\u200d\u2640\ufe0f Padlebrett inkludert.<br \/>\n\ud83e\udd3f Snorkelutstyr er tilgjengelig.<br \/>\n\ud83d\udd0a Spill av musikken din.<br \/>\n\ud83d\ude8c Henting og levering.<br \/>\n\ud83e\udd11 Garantert beste pris.<br \/>\n\ud83d\udc6a Rabatter aktivert.<br \/>\n\ud83d\udd01 Opptil 8 dagers avbestilling.<br \/>\n\ud83c\udf0d Flerspr\u00e5klig besetning.<br \/>\n\ud83c\udf1f Bestill tidlig og spar!<br \/>\n\ud83d\udccd Avgang fra <a href=\"https:\/\/maps.app.goo.gl\/836RSsqAzbptb2Qy5\">Puerto Base<\/a>.<\/p>","protected":false},"featured_media":12212,"comment_status":"open","ping_status":"closed","template":"","meta":{"_acf_changed":false},"product_brand":[],"product_cat":[132],"product_tag":[],"class_list":{"0":"post-12210","1":"product","2":"type-product","3":"status-publish","4":"has-post-thumbnail","6":"product_cat-boat-hire-gran-canaria","7":"wcpa_has_options","9":"first","10":"instock","11":"virtual","12":"purchasable","13":"product-type-simple"},"acf":[],"wcpa_form_fields":{"wcpaData":{"product":{"product_price":550,"price_html":"From&nbsp;<span class=\"woocommerce-Price-amount amount\"><bdi>550,00&nbsp;<span class=\"woocommerce-Price-currencySymbol\">&euro;<\/span><\/bdi><\/span>","original_product_price":550,"price_including_tax":550,"price_excluding_tax":550,"product_id":{"parent":12210,"variation":false},"is_variable":false,"stock_status":"instock","stock_quantity":null,"parent_sku":"CV12210","product_attributes":[],"custom_fields":[],"is_taxable":false,"product_name":"Magic Island: Yacht Hire<br\/> Gran Canaria","hasImage":false},"fields":{"sec_26686cb82841ff":{"extra":{"key":"sec_26686cb82841ff","section_id":"sec_26686cb82841ff","name":"Default","status":1,"cl_rule":"show","enableCl":false,"relations":[],"toggle":true,"title_tag":"h3","show_title":false,"showPrice":"default","form_id":12242,"form_rules":{"exclude_from_discount":true,"fee_label":"Fee","disp_hide_options_price":true,"disp_show_section_price":false,"disp_show_field_price":true,"layout_option":"standard","pric_use_as_fee":false,"process_fee_as":"woo_fee"},"layout_option":"standard"},"fields":[[{"label":"\ud83d\udcc5 Date","active":true,"required":true,"elementId":"date_56686cb8284220","picker_type":"custom","picker_mode":"single","placeholder":"","description":"","tooltip":"","name":"date_56686cb8284220","label_position":"default","desc_position":"default","enablePrice":false,"className":"","enableCl":false,"relations":[{"operator":"and","rules":[{"operator":"AND","rules":{"cl_field":"radio-group_565c78ffa81208","cl_relation":"is","cl_val":"3 Hour Trip"}}]}],"date_pic_inline":true,"date_pic_inline_hide":true,"min_date":{"type":"days","val":"2"},"max_date":{"type":"days","val":"365"},"date_pic_conf":{"disabledWeeks":[]},"price":"","cl_rule":"show","col":6,"type":"date","error":false,"enableDesign":false,"LabelColor":"","gt_translate_keys":["label","placeholder","description","tooltip"],"price_dependency":false,"cl_dependency":false,"value":""}],[{"elementId":"separator_26686cb828423c","separatorType":"blank","className":"","height":"3","enableCl":false,"relations":false,"cl_rule":"show","col":6,"type":"separator","error":false,"gt_translate_keys":[],"price_dependency":false,"cl_dependency":false,"value":""}],[{"active":true,"col":6,"relations":false,"cl_rule":"show","enableCl":false,"price":"","enablePrice":true,"className":"","label_position":"default","desc_position":"default","type":"select","required":true,"elementId":"select_36686cb8284247","label":"\u23f3 Trip Duration","name":"select_36686cb8284247","values":[{"label":"3 Hours (550\u20ac)","value":"3","selected":false,"tempId":"aco_556","price":"550","gt_translate_keys":["label"]},{"label":"5 Hours (995\u20ac)","value":"5","selected":false,"tempId":"aco_122","price":"995","gt_translate_keys":["label"]}],"dropdown_type":"basic","error":false,"placeholder":"Select Trip Duration","priceOptions":"different_for_all","pricingType":"fixed","is_show_price":false,"gt_translate_keys":["label","placeholder"],"price_dependency":false,"cl_dependency":false,"value":""}],[{"label":"\u2705 Number of People","active":true,"required":true,"elementId":"select_76686cb828429b","dropdown_type":"basic","placeholder":"Select Number of People","name":"select_76686cb828429b","label_position":"default","desc_position":"default","enablePrice":true,"className":"","enableCl":false,"relations":[{"operator":false,"rules":[{"operator":"AND","rules":{"cl_field":"radio-group_565c78ffa81208","cl_relation":"is","cl_val":"3 Hour Trip"}}]}],"values":[{"label":"1 person","value":"1","selected":false,"tempId":"aco_1471","price":"0","gt_translate_keys":["label"]},{"label":"2 people","value":"2","selected":false,"tempId":"aco_1472","price":"0","gt_translate_keys":["label"]},{"label":"3 people","value":"3","selected":false,"tempId":"aco_1500","price":"0","gt_translate_keys":["label"]},{"label":"4 people","value":"4","selected":false,"tempId":"aco_1510","price":"0","gt_translate_keys":["label"]},{"label":"5 people","value":"5","selected":false,"tempId":"aco_1520","price":"0","gt_translate_keys":["label"]},{"label":"6 people","value":"6","selected":false,"tempId":"aco_1728","price":"0","gt_translate_keys":["label"]},{"label":"7 people","value":"7","selected":false,"tempId":"aco_1738","price":"0","gt_translate_keys":["label"]},{"label":"8 people","value":"8","selected":false,"tempId":"aco_1748","price":"0","gt_translate_keys":["label"]},{"label":"9 people (+50\u20ac)","value":"9","selected":false,"tempId":"aco_1912","price":"50","gt_translate_keys":["label"]},{"label":"10 people (+100\u20ac)","value":"10","selected":false,"tempId":"aco_1922","price":"100","gt_translate_keys":["label"]},{"label":"11 people (+150\u20ac)","value":"11","selected":false,"tempId":"aco_84","price":"150","gt_translate_keys":["label"]},{"label":"12 people (+200\u20ac)","value":"12","selected":false,"tempId":"aco_94","price":"200","gt_translate_keys":["label"]}],"price":"","cl_rule":"show","col":6,"type":"select","error":false,"priceOptions":"different_for_all","pricingType":"fixed","is_show_price":false,"gt_translate_keys":["label","placeholder"],"price_dependency":["select_5959492541"],"cl_dependency":false,"value":""}],[{"active":true,"col":6,"relations":false,"cl_rule":"show","enableCl":false,"price":"","enablePrice":true,"className":"","label_position":"default","desc_position":"default","type":"select","required":false,"elementId":"select_5959492541","label":"\ud83c\udf57 Meal (+10\u20ac\/person)","name":"select_5959492541","values":[{"label":"No","value":"No","selected":false,"tempId":"aco_2562","price":"","gt_translate_keys":["label"]},{"label":"Yes (+10\u20ac\/person)","value":"Yes","selected":false,"tempId":"aco_2563","price":"{field.select_76686cb828429b.value}*10","gt_translate_keys":["label"]}],"dropdown_type":"basic","error":false,"description":"Snacks and drinks are included. For an extra meal, please select marinated chicken with mojo potatoes and coleslaw. Paella is available at a different price upon request. Meals are paid for on the day of the tour on the boat.","priceOptions":"different_for_all","pricingType":"custom","isTemplate":false,"is_show_price":true,"gt_translate_keys":["label","description"],"price_dependency":false,"cl_dependency":false,"value":""}]]},"sec_36686cb8284272":{"extra":{"key":"sec_36686cb8284272","section_id":"sec_36686cb8284272","name":"Pickup Location","status":1,"cl_rule":"show","enableCl":false,"relations":[],"toggle":true,"title_tag":"h4","show_title":false,"showPrice":"default","form_id":12242,"form_rules":{"exclude_from_discount":true,"fee_label":"Fee","disp_hide_options_price":true,"disp_show_section_price":false,"disp_show_field_price":true,"layout_option":"standard","pric_use_as_fee":false,"process_fee_as":"woo_fee"},"layout_option":"standard"},"fields":[[{"elementId":"separator_16686cb828427d","separatorType":"blank","className":"","height":"3","enableCl":false,"relations":false,"cl_rule":"show","col":6,"type":"separator","error":false,"gt_translate_keys":[],"price_dependency":false,"cl_dependency":false,"value":""}],[{"active":true,"col":6,"relations":[{"operator":false,"rules":[{"operator":"AND","rules":{"cl_field":"radio-group_565c78ffa81208","cl_relation":"is","cl_val":"3 Hour Trip"}}]}],"cl_rule":"show","enableCl":false,"price":"","enablePrice":false,"className":"","label_position":"default","desc_position":"default","type":"select","required":false,"elementId":"select_86686cb8284287","label":"\u23f0 Departure","name":"select_86686cb8284287","values":[{"label":"09:00","value":"09:00","selected":false,"tempId":"aco_1471","gt_translate_keys":["label"]},{"label":"12:00","value":"12:00","selected":false,"tempId":"aco_1510","gt_translate_keys":["label"]},{"label":"15:00","value":"15:00","selected":false,"tempId":"aco_1738","gt_translate_keys":["label"]}],"dropdown_type":"basic","error":false,"placeholder":"Whichever Time is Best","gt_translate_keys":["label","placeholder"],"price_dependency":false,"cl_dependency":false,"value":""}],[{"elementId":"separator_56686cb8284291","separatorType":"blank","className":"","height":"1","enableCl":false,"relations":false,"cl_rule":"show","col":6,"type":"separator","gt_translate_keys":[],"price_dependency":false,"cl_dependency":false,"value":""}],[{"elementId":"separator_76686cb82842a6","separatorType":"blank","className":"","height":"1","enableCl":false,"relations":false,"cl_rule":"show","col":6,"type":"separator","error":false,"gt_translate_keys":[],"price_dependency":false,"cl_dependency":false,"value":""}],[{"active":true,"col":6,"relations":false,"cl_rule":"show","enableCl":false,"price":"","enablePrice":false,"className":"","label_position":"default","desc_position":"default","type":"text","subtype":"text","required":false,"elementId":"text_06686cb82842af","label":"\ud83d\ude8c Pickup Location","name":"text_06686cb82842af","value":"","error":false,"description":"Pick-up service in some locations. Simply provide your address or hotel name. (+2\u20ac\/person paid at pickup to the driver)","gt_translate_keys":["label","description","value"],"price_dependency":false,"cl_dependency":false}]]}},"config":{"price_override":"always","enable_recaptcha":false,"bind_quantity":false,"quantity_bind_formula":false,"disp_summ_show_option_price":true,"disp_summ_show_product_price":false,"disp_summ_show_total_price":true,"disp_summ_show_fee":true,"disp_summ_show_discount":true,"summary_title":"","options_total_label":"Options Price","total_label":"Total Amount","options_product_label":"Product Price","fee_label":"Fee","discount_label":"Discount","has_price":true,"has_quantity_formula":false},"mc_unit":1,"tax_rate":1,"tax_rate_real":1,"discount":{"percentage":0,"fixed":0},"design":{"conf":{"LabelPosition":"above","DescPosition":"above","UploadField":"custom_1","QuantityFieldStyle":"custom_1"},"css":{"LeftLabelWidth":"120px"}},"formulas":{"fmla_1708364241278155361":"(({field.select_3666b1eb2b11fe.value}>=8)?(1400):(({field.select_3666b1eb2b11fe.value}>=7)?(1225):(({field.select_3666b1eb2b11fe.value}>=6)?(1050):(({field.select_3666b1eb2b11fe.value}>=5)?(875):(({field.select_3666b1eb2b11fe.value}>=4)?(700):(({field.select_3666b1eb2b11fe.value}>=3)?(500):(0)))))))","fmla_1718295979528641619":"(({field.select_3666b1eb2b11fe.value}>=8)?(280):(({field.select_3666b1eb2b11fe.value}>=7)?(205):(({field.select_3666b1eb2b11fe.value}>=6)?(150):(({field.select_3666b1eb2b11fe.value}>=5)?(175):(({field.select_3666b1eb2b11fe.value}>=4)?(200):(({field.select_3666b1eb2b11fe.value}>=3)?(150):(0)))))))"},"lookuptables":[],"clones":false,"cartKey":false}},"_links":{"self":[{"href":"https:\/\/canaryvip.com\/nb\/wp-json\/wp\/v2\/product\/12210","targetHints":{"allow":["GET"]}}],"collection":[{"href":"https:\/\/canaryvip.com\/nb\/wp-json\/wp\/v2\/product"}],"about":[{"href":"https:\/\/canaryvip.com\/nb\/wp-json\/wp\/v2\/types\/product"}],"replies":[{"embeddable":true,"href":"https:\/\/canaryvip.com\/nb\/wp-json\/wp\/v2\/comments?post=12210"}],"wp:featuredmedia":[{"embeddable":true,"href":"https:\/\/canaryvip.com\/nb\/wp-json\/wp\/v2\/media\/12212"}],"wp:attachment":[{"href":"https:\/\/canaryvip.com\/nb\/wp-json\/wp\/v2\/media?parent=12210"}],"wp:term":[{"taxonomy":"product_brand","embeddable":true,"href":"https:\/\/canaryvip.com\/nb\/wp-json\/wp\/v2\/product_brand?post=12210"},{"taxonomy":"product_cat","embeddable":true,"href":"https:\/\/canaryvip.com\/nb\/wp-json\/wp\/v2\/product_cat?post=12210"},{"taxonomy":"product_tag","embeddable":true,"href":"https:\/\/canaryvip.com\/nb\/wp-json\/wp\/v2\/product_tag?post=12210"}],"curies":[{"name":"wp","href":"https:\/\/api.w.org\/{rel}","templated":true}]}}