{"id":12147,"date":"2024-07-01T09:53:41","date_gmt":"2024-07-01T08:53:41","guid":{"rendered":"https:\/\/canaryvip.com\/?post_type=product&#038;p=12147"},"modified":"2025-08-09T14:07:45","modified_gmt":"2025-08-09T13:07:45","slug":"siam-night","status":"publish","type":"product","link":"https:\/\/canaryvip.com\/nb\/shop\/siam-night\/","title":{"rendered":"Kj\u00f8p billetter til Siam Night"},"content":{"rendered":"<h2>\ud83c\udf0c <strong>Siam Night: Dykk ned i det ultimate nattlige vanneventyret!<\/strong><\/h2>\n<ul>\n<li><strong>Sommernetter (2. juli - 31. august):<\/strong> Fra kl. 20.00 til 00.00. Fra tirsdag til l\u00f8rdag.<\/li>\n<li><strong>Uforglemmelige kvelder:<\/strong> Opplev Siam Park som aldri f\u00f8r med spennende forlystelser og en magisk atmosf\u00e6re.<\/li>\n<\/ul>\n<p>\ud83d\udccd <strong>Beliggenhet:<\/strong> Ligger i hjertet av Costa Adeje, s\u00f8r p\u00e5 Tenerife. Du finner oss enkelt p\u00e5 <a href=\"https:\/\/maps.app.goo.gl\/UfftQG3CrqW5R81r9\" target=\"_blank\" rel=\"noopener\">Google Maps<\/a>.<\/p>\n<p>\ud83c\udf92 <strong>Pakk for en kveld med mye moro:<\/strong> Ta med badet\u00f8y, et h\u00e5ndkle og en lett jakke for \u00e5 kj\u00f8le deg ned etter turen. Du kan leie skap for bare 10 euro.<\/p>\n<p>\ud83d\udca7 <strong>Hold deg komfortabel:<\/strong> Vannet er oppvarmet til 24 \u00baC, perfekt for nattlige sprut.<\/p>\n<p>\ud83c\udfab <strong>Fleksible billetter:<\/strong> Siam Night-billetten din er gyldig hvilken som helst dag i l\u00f8pet av arrangementsperioden. Bestill gjennom CanaryVIP for \u00e5 f\u00e5 de beste prisene og enkel tilgang.<\/p>\n<p>\ud83c\udf1f <strong>Bestill med CanaryVIP:<\/strong> Sikre deg billetter til usl\u00e5elige priser. Voksne for 45\u20ac, barn (3-11 \u00e5r) for 32\u20ac. Spedbarn kommer inn gratis!<\/p>\n<ul>\n<li><strong>Garanti for beste pris:<\/strong> F\u00e5 det beste tilbudet ved \u00e5 bestille gjennom CanaryVIP.<\/li>\n<li><strong>Early Bird-fordel:<\/strong> Unng\u00e5 pris\u00f8kninger ved \u00e5 bestille n\u00e5.<\/li>\n<li><strong>Fleksibel avbestilling:<\/strong> Avbestill inntil 48 timer f\u00f8r bes\u00f8ket for full refusjon.<\/li>\n<\/ul>\n<p>\ud83d\udd25 <strong>Ikke g\u00e5 glipp av noe: Bestill n\u00e5 for spesialtilbud p\u00e5 CanaryVIP.com!<\/strong> Forbered deg p\u00e5 en uforglemmelig natt p\u00e5 Siam Park med CanaryVIP. Dykk ned i en verden av lys, musikk og vannattraksjoner!<\/p>\n<h3>\ud83d\udc6f <strong>Spesialtilbud for to billetter: Loro Parque + Siam Park<\/strong><\/h3>\n<p>Kombiner opplevelsene dine med v\u00e5r eksklusive <a href=\"https:\/\/canaryvip.com\/nb\/shop\/twin-ticket-siam-park-and-loro-parque\/\">Tilbud om dobbeltbillett<\/a>!<\/p>\n<p>Opplev b\u00e5de den spennende Siam Park og den fortryllende Loro Parque til en rabattert pris.<\/p>\n<ul>\n<li><strong>Dobbelt s\u00e5 g\u00f8y:<\/strong> \u00c9n billett, to fantastiske parker.<\/li>\n<li><strong>Spar mer:<\/strong> Nyt begge attraksjonene til en lavere kombinert pris.<\/li>\n<li><strong>S\u00f8ml\u00f8s opplevelse:<\/strong> Ett kj\u00f8p for to uforglemmelige opplevelser.<\/li>\n<\/ul>\n<p><a href=\"https:\/\/canaryvip.com\/nb\/shop\/twin-ticket-siam-park-and-loro-parque\/\" target=\"_new\" rel=\"noopener\">Klikk her for \u00e5 l\u00e6re mer og spare penger med v\u00e5rt tilbud p\u00e5 dobbeltbilletter!<\/a><\/p>\n<h3>\ud83c\udf9f\ufe0f <strong>Hvorfor velge CanaryVIP for Siam Park-billetter?<\/strong><\/h3>\n<ul>\n<li><strong>Enkel bestilling:<\/strong> Sikre billetter og transport p\u00e5 \u00e9n gang.<\/li>\n<li><strong>Eksklusive tilbud:<\/strong> F\u00e5 tilgang til tilbud som ikke er tilgjengelige andre steder.<\/li>\n<li><strong>Dedikert kundest\u00f8tte:<\/strong> Teamet v\u00e5rt er her for \u00e5 hjelpe deg med eventuelle sp\u00f8rsm\u00e5l eller endringer.<\/li>\n<\/ul>\n<p><strong>\ud83d\udd17 Utforsk Siam Park med komfort og enkelhet!<\/strong><br \/>\nCanaryVIP er opptatt av \u00e5 gj\u00f8re ditt Siam Park-bes\u00f8k s\u00e5 hyggelig og problemfritt som mulig. Vi har alt fra praktisk transport til eksklusive billetttilbud. Gj\u00f8r deg klar for en ekstraordin\u00e6r kveld p\u00e5 Siam Park med CanaryVIP!<\/p>\n<h3>\ud83c\udf1f <strong>Opplev Siam Night - vanlige sp\u00f8rsm\u00e5l<\/strong><\/h3>\n<ul>\n<li><strong>\u00c5pningstider:<\/strong> Fra kl. 20.00 til 00.00. Fra tirsdag til l\u00f8rdag (2. juli - 31. august).<\/li>\n<li><strong>Billettpriser:<\/strong> 45 \u20ac for voksne, 32 \u20ac for barn (3-11 \u00e5r).<\/li>\n<li><strong>Innreise for barn:<\/strong> Ja, men barn under 16 \u00e5r m\u00e5 v\u00e6re i f\u00f8lge med en voksen.<\/li>\n<li><strong>Alle attraksjoner er \u00e5pne:<\/strong> Alle de store forlystelsene unntatt de for mindre barn.<\/li>\n<li><strong>Temperatur:<\/strong> Vannet er oppvarmet til 24 \u00baC, men ta med en jakke til etter turene.<\/li>\n<li><strong>Atmosf\u00e6re:<\/strong> Livlig med live DJ-musikk, perfekt for vennegjenger.<\/li>\n<li><strong>Avbestillingsregler:<\/strong> Gratis avbestilling inntil 72 timer f\u00f8r bes\u00f8ket.<\/li>\n<\/ul>\n<p>Gj\u00f8r deg klar for en spennende natt under stjernene p\u00e5 Siam Park med CanaryVIP!<\/p>","protected":false},"excerpt":{"rendered":"<p><strong>\ud83d\udd0d Inngangskort til Siam Park:<\/strong><br \/>\n\u2705 Sikker betaling.<br \/>\n\ud83d\udd59 \u00c5pent fra kl. 20.00 til 00.00.<br \/>\n\ud83c\udf05 Bare i l\u00f8pet av sommeren.<br \/>\n\ud83d\udca6 Vann oppvarmet til 24 \u00baC.<br \/>\n\ud83c\udf0a Tilgang til alle spennende attraksjoner.<br \/>\n\ud83d\udcaf Europas beste badeland.<br \/>\n\ud83e\udd11 Garantert beste pris.<br \/>\n\ud83d\udc6a Rabatter for gruppebestillinger.<br \/>\n\ud83d\udd01 Opptil 72 timer Avbestilling.<br \/>\n\ud83c\udf0d St\u00f8tte p\u00e5 flere spr\u00e5k.<br \/>\n\ud83c\udf1f Bestill n\u00e5 og spar penger!<br \/>\n2\ufe0f\u20e3 Sjekk tilbudet <a href=\"https:\/\/canaryvip.com\/nb\/shop\/twin-ticket-siam-park-and-loro-parque\/\">Siam + Loro Parque<\/a>.<br \/>\n\ud83d\udc32 Oppdag <a href=\"https:\/\/canaryvip.com\/nb\/tenerife\/theme-parks\/siam-park-tickets\/\">alle Siam Park-billetter her<\/a>!<br \/>\n\ud83d\udccd Finn <a href=\"https:\/\/maps.app.goo.gl\/UfftQG3CrqW5R81r9\">Siam Park p\u00e5 Google Maps<\/a>!<\/p>","protected":false},"featured_media":12151,"comment_status":"open","ping_status":"closed","template":"","meta":{"_acf_changed":false},"product_brand":[],"product_cat":[54,55],"product_tag":[],"class_list":{"0":"post-12147","1":"product","2":"type-product","3":"status-publish","4":"has-post-thumbnail","6":"product_cat-theme-parks","7":"product_cat-siam-park-tickets","8":"wcpa_has_options","10":"first","11":"instock","12":"virtual","13":"purchasable","14":"product-type-simple"},"acf":[],"wcpa_form_fields":{"wcpaData":{"product":{"product_price":48,"price_html":"From&nbsp;<span class=\"woocommerce-Price-amount amount\"><bdi>48,00&nbsp;<span class=\"woocommerce-Price-currencySymbol\">&euro;<\/span><\/bdi><\/span>","original_product_price":48,"price_including_tax":48,"price_excluding_tax":48,"product_id":{"parent":12147,"variation":false},"is_variable":false,"stock_status":"instock","stock_quantity":null,"parent_sku":"CV12147","product_attributes":[],"custom_fields":[],"is_taxable":false,"product_name":"Buy Siam Night Tickets","hasImage":false},"fields":{"sec_1066827b72b689a":{"extra":{"key":"sec_1066827b72b689a","section_id":"sec_1066827b72b689a","name":"Default","status":1,"cl_rule":"show","enableCl":false,"relations":[],"toggle":true,"title_tag":"h3","show_title":false,"showPrice":"default","form_id":12152,"form_rules":{"exclude_from_discount":true,"fee_label":"Fee","disp_hide_options_price":true,"disp_show_section_price":false,"disp_show_field_price":true,"layout_option":"standard","pric_use_as_fee":false,"process_fee_as":"woo_fee"},"layout_option":"standard"},"fields":[[{"label":"\ud83d\udcc5 Date","active":true,"required":true,"elementId":"date_066827b72b68b9","picker_type":"custom","picker_mode":"single","placeholder":"","description":"","tooltip":"","name":"date_066827b72b68b9","label_position":"default","desc_position":"default","enablePrice":false,"className":"","enableCl":false,"relations":[{"operator":"and","rules":[{"operator":"AND","rules":{"cl_field":"radio-group_666827b72b68c8","cl_relation":"is","cl_val":"3 Hour Trip"}}]}],"date_pic_inline":true,"date_pic_inline_hide":true,"min_date":{"type":"date","val":"2025-07-01"},"max_date":{"type":"date","val":"2025-08-31"},"date_pic_conf":{"disabledWeeks":[1,0],"enabledDates":[]},"price":"","cl_rule":"show","col":6,"type":"date","error":false,"enableDesign":false,"LabelColor":"","gt_translate_keys":["label","placeholder","description","tooltip"],"price_dependency":false,"cl_dependency":false,"value":""}]]},"sec_166827b72b68c9":{"extra":{"key":"sec_166827b72b68c9","section_id":"sec_166827b72b68c9","name":"Siam Park Regular Tickets","status":1,"cl_rule":"show","enableCl":false,"relations":[{"operator":false,"rules":[{"operator":"AND","rules":{"cl_field":"radio-group_666827b72b68c8","cl_relation":"is","cl_val":"Siam Park Regular Tickets"}}]}],"toggle":true,"title_tag":"h4","show_title":false,"showPrice":"default","layout_option":"standard","form_id":12152,"form_rules":{"exclude_from_discount":true,"fee_label":"Fee","disp_hide_options_price":true,"disp_show_section_price":false,"disp_show_field_price":true,"layout_option":"standard","pric_use_as_fee":false,"process_fee_as":"woo_fee"}},"fields":[[{"elementId":"separator_266827b72b68d5","separatorType":"blank","className":"","height":"10","enableCl":false,"relations":false,"cl_rule":"show","col":6,"type":"separator","gt_translate_keys":[],"price_dependency":false,"cl_dependency":false,"value":""}],[{"active":true,"col":6,"relations":false,"cl_rule":"show","enableCl":false,"price":"","enablePrice":false,"className":"","label_position":"default","desc_position":"default","type":"content","required":false,"elementId":"content_166827b72b68e0","label":"People","name":"content_166827b72b68e0","contentType":"plain","value":"","error":false,"show_in_checkout":true,"inline":false,"gt_translate_keys":["label","value"],"price_dependency":false,"cl_dependency":false}],[{"label":"","active":true,"required":false,"elementId":"radio-group_366827b72b68f5","name":"radio-group_366827b72b68f5","label_position":"default","desc_position":"default","enablePrice":true,"className":"","enableCl":false,"relations":[{"operator":false,"rules":[{"operator":"or","rules":{"cl_field":"date_066827b72b68b9","cl_relation":"month_is","cl_val":[1,2,3,4,5,6,10,11,12,9]}},{"operator":"AND","rules":{"cl_field":"date_066827b72b68b9","cl_relation":"is_empty","cl_val":""}}]}],"enable_quantity":true,"quantity_label":"","min_quantity":"0","checkUi":"button","layOut":"","options_tooltip":true,"options_description":true,"values":[{"label":"\ud83d\udc64 Adult (48\u20ac)","value":"Adult","selected":true,"tempId":"aco_32","tooltip":"+12 Years","description":"","gt_translate_keys":["label","tooltip","description"]}],"priceOptions":"fixed_for_all","pricingType":"fixed","price":"48","cl_rule":"hide","col":6,"type":"radio-group","error":false,"gt_translate_keys":["label","quantity_label"],"price_dependency":false,"cl_dependency":false,"value":""}],[{"label":"","active":true,"required":false,"elementId":"radio-group_166827b72b690a","name":"radio-group_166827b72b690a","label_position":"default","desc_position":"default","enablePrice":true,"className":"","enableCl":false,"relations":[{"operator":false,"rules":[{"operator":"or","rules":{"cl_field":"date_066827b72b68b9","cl_relation":"month_is","cl_val":[1,2,3,4,5,6,9,10,11,12]}},{"operator":"AND","rules":{"cl_field":"date_066827b72b68b9","cl_relation":"is_empty","cl_val":""}}]}],"enable_quantity":true,"quantity_label":"","min_quantity":"0","checkUi":"button","layOut":"","options_tooltip":true,"options_description":true,"values":[{"label":"\ud83d\udc66 Child (36\u20ac)","value":"Child","selected":true,"tempId":"aco_32","tooltip":"2-11 Years","description":"","gt_translate_keys":["label","tooltip","description"]}],"priceOptions":"fixed_for_all","pricingType":"fixed","price":"36","cl_rule":"hide","col":6,"type":"radio-group","error":false,"gt_translate_keys":["label","quantity_label"],"price_dependency":false,"cl_dependency":false,"value":""}],[{"label":"","active":true,"required":false,"elementId":"radio-group_866827b72b6914","name":"radio-group_866827b72b6914","label_position":"default","desc_position":"default","enablePrice":true,"className":"","enableCl":false,"relations":false,"enable_quantity":true,"quantity_label":"","min_quantity":"0","checkUi":"button","layOut":"","values":[{"label":"\ud83d\udc76 Infant (Free)","value":"Infant (Free)","selected":true,"tempId":"aco_32","tooltip":"0-1 Years","gt_translate_keys":["label","tooltip"]}],"priceOptions":"fixed_for_all","pricingType":"fixed","price":"0","cl_rule":"show","col":6,"type":"radio-group","error":false,"options_tooltip":true,"gt_translate_keys":["label","quantity_label"],"price_dependency":false,"cl_dependency":false,"value":""}]]}},"config":{"price_override":"always","enable_recaptcha":false,"bind_quantity":false,"quantity_bind_formula":false,"disp_summ_show_option_price":true,"disp_summ_show_product_price":false,"disp_summ_show_total_price":true,"disp_summ_show_fee":true,"disp_summ_show_discount":true,"summary_title":"","options_total_label":"Options Price","total_label":"Total Amount","options_product_label":"Product Price","fee_label":"Fee","discount_label":"Discount","has_price":true,"has_quantity_formula":false},"mc_unit":1,"tax_rate":1,"tax_rate_real":1,"discount":{"percentage":0,"fixed":0},"design":{"conf":{"LabelPosition":"above","DescPosition":"above","UploadField":"custom_1","QuantityFieldStyle":"custom_1"},"css":{"LeftLabelWidth":"120px"}},"formulas":[],"lookuptables":[],"clones":false,"cartKey":false}},"_links":{"self":[{"href":"https:\/\/canaryvip.com\/nb\/wp-json\/wp\/v2\/product\/12147","targetHints":{"allow":["GET"]}}],"collection":[{"href":"https:\/\/canaryvip.com\/nb\/wp-json\/wp\/v2\/product"}],"about":[{"href":"https:\/\/canaryvip.com\/nb\/wp-json\/wp\/v2\/types\/product"}],"replies":[{"embeddable":true,"href":"https:\/\/canaryvip.com\/nb\/wp-json\/wp\/v2\/comments?post=12147"}],"wp:featuredmedia":[{"embeddable":true,"href":"https:\/\/canaryvip.com\/nb\/wp-json\/wp\/v2\/media\/12151"}],"wp:attachment":[{"href":"https:\/\/canaryvip.com\/nb\/wp-json\/wp\/v2\/media?parent=12147"}],"wp:term":[{"taxonomy":"product_brand","embeddable":true,"href":"https:\/\/canaryvip.com\/nb\/wp-json\/wp\/v2\/product_brand?post=12147"},{"taxonomy":"product_cat","embeddable":true,"href":"https:\/\/canaryvip.com\/nb\/wp-json\/wp\/v2\/product_cat?post=12147"},{"taxonomy":"product_tag","embeddable":true,"href":"https:\/\/canaryvip.com\/nb\/wp-json\/wp\/v2\/product_tag?post=12147"}],"curies":[{"name":"wp","href":"https:\/\/api.w.org\/{rel}","templated":true}]}}