{"id":11971,"date":"2024-06-22T22:45:14","date_gmt":"2024-06-22T21:45:14","guid":{"rendered":"https:\/\/canaryvip.com\/?post_type=product&#038;p=11971"},"modified":"2025-08-09T14:04:29","modified_gmt":"2025-08-09T13:04:29","slug":"silvia-yacht-charter-gran-canaria","status":"publish","type":"product","link":"https:\/\/canaryvip.com\/nb\/shop\/silvia-yacht-charter-gran-canaria\/","title":{"rendered":"Silvia: Yacht Charter<br\/>Gran Canaria"},"content":{"rendered":"<h2>\ud83d\udee5\ufe0f Silvia Yacht Charter Gran Canaria med CanaryVIP<\/h2>\n<p>Oppdag magien p\u00e5 Kanari\u00f8yene om bord p\u00e5 <strong>Silvia Yacht Charter<\/strong>, en eksklusiv og luksuri\u00f8s m\u00e5te \u00e5 utforske Gran Canarias fantastiske kystlinje p\u00e5. Med plass til opptil 8 gjester, er dette elegante <strong>privat b\u00e5tutleie p\u00e5 Gran Canaria<\/strong> er det perfekte stedet for sm\u00e5 grupper som s\u00f8ker avslapping, eventyr og uforglemmelige minner.<\/p>\n<p>Hos CanaryVIP gj\u00f8r vi det enkelt for deg \u00e5 nyte denne <strong>leie en yacht Gran Canaria<\/strong> opplevelse med en s\u00f8ml\u00f8s bestillingsprosess og eksepsjonell service.<\/p>\n<h3>\u2b50\ufe0f Hvorfor velge Silvia Yacht Charter p\u00e5 Gran Canaria<\/h3>\n<p>Her er hvorfor <strong>Silvia Yacht Charter<\/strong> er et av de beste alternativene for ditt neste eventyr:<\/p>\n<h4><strong>Privat og eksklusiv opplevelse<\/strong><\/h4>\n<p>Med en total kapasitet p\u00e5 8 personer er denne private yachten perfekt for intime sammenkomster, enten det er en familieutflukt, en romantisk tur eller en spesiell feiring.<\/p>\n<h4><strong>Komfort og raffinement<\/strong><\/h4>\n<p>Slapp av i den romslige 13 meter lange yachten, som har et velholdt og elegant interi\u00f8r. Nyt panoramautsikten fra salongen, slapp av p\u00e5 dekk eller nyt solen mens du er omgitt av Gran Canarias vakre kystlinje.<\/p>\n<h4><strong>Spennende vannaktiviteter<\/strong><\/h4>\n<p>Din <strong>b\u00e5tutleie p\u00e5 Gran Canaria<\/strong> har mange muligheter for \u00e5 holde deg underholdt:<\/p>\n<ul>\n<li><strong>\ud83e\udd3f Snorkelutstyr:<\/strong> Oppdag undervannsverdenen med den medf\u00f8lgende masken og finnene.<\/li>\n<li><strong>\ud83c\udf4c Bananb\u00e5ttur:<\/strong> Gj\u00f8r dagen enda mer spennende med en gratis bananb\u00e5ttur.<\/li>\n<li><strong>\ud83c\udfc4\u200d\u2640\ufe0f Padlebrett Bruk:<\/strong> Pr\u00f8v stand-up paddleboarding for en morsom og avslappende m\u00e5te \u00e5 nyte det rolige vannet p\u00e5.<\/li>\n<li>Du kan ogs\u00e5 f\u00e5 rabatt p\u00e5 andre vannsportsaktiviteter for et komplett eventyr.<\/li>\n<\/ul>\n<h3>\ud83d\udea4 Alternativer for Silvia Yacht Trip<\/h3>\n<p>Velg mellom to turvarigheter som passer til din timeplan og dine preferanser:<\/p>\n<ul>\n<li><strong>3-timers privat charter:<\/strong> En kort, men luksuri\u00f8s ferie med god tid til \u00e5 sv\u00f8mme, snorkle og slappe av.\n<ul>\n<li>Avgangstider: 09:00-12:00, 12:00-15:00 eller 15:00-18:00.<\/li>\n<\/ul>\n<\/li>\n<li><strong>6-timers privat charter:<\/strong> En lengre reise for \u00e5 fordype deg helt i Gran Canarias naturskj\u00f8nnhet.\n<ul>\n<li>Avgangstider: 09:00-15:00, 12:00-18:00 eller 15:00-21:00 (kun sommersesongen).<\/li>\n<\/ul>\n<\/li>\n<\/ul>\n<h3>\ud83e\udd42 Hva er inkludert i din yachtcharter<\/h3>\n<p>Din <strong>leie en yacht Gran Canaria<\/strong> opplevelsen inkluderer alt du trenger for en minneverdig dag til sj\u00f8s:<\/p>\n<ul>\n<li>Snacks som chips og n\u00f8tter.<\/li>\n<li>Drikke fra en \u00e5pen bar, inkludert \u00f8l, brus og vann.<\/li>\n<li>Snorklingsutstyr, bruk av padlebrett og en gratis tur med bananb\u00e5t.<\/li>\n<li>Transport til og fra hoteller s\u00f8r p\u00e5 Gran Canaria (hvis \u00f8nskelig).<\/li>\n<li>Forsikring for din sjelefred.<\/li>\n<li>Valgfri lunsj (\u20ac 10 per person, bestilles ved bestilling).<\/li>\n<\/ul>\n<h3>\ud83d\udccd Detaljer om avreise<\/h3>\n<ul>\n<li><strong>Beliggenhet:<\/strong> <a href=\"https:\/\/maps.app.goo.gl\/Xhe545W98um3rx6W8\" target=\"_blank\" rel=\"noopener\">Puerto de Mog\u00e1n<\/a>Gran Canaria.<\/li>\n<li><strong>Transport:<\/strong> Valgfri henteservice er tilgjengelig for ekstra bekvemmelighet.<\/li>\n<li><strong>Tider:<\/strong> Flere daglige avganger som passer din timeplan.<\/li>\n<\/ul>\n<h3>\u2705 Gjennomsiktige avbestillingsregler<\/h3>\n<p>Vi prioriterer din trygghet med klare og fleksible avbestillingsregler:<\/p>\n<ul>\n<li><strong>V\u00e6rgaranti:<\/strong> I tilfelle usikkert v\u00e6r, kan du ombooke eller f\u00e5 full refusjon.<\/li>\n<li><strong>Fleksible avbestillinger:<\/strong> Du kan avbestille eller ombooke gratis inntil 8 dager f\u00f8r reisen. Innskudd refunderes ikke for avbestillinger som gj\u00f8res innen 8 dager f\u00f8r planlagt avreise.<\/li>\n<\/ul>\n<h3>\ud83d\udc68\u200d\u2708\ufe0f Tips for ditt Silvia Yacht-eventyr<\/h3>\n<p>F\u00e5 mest mulig ut av dagen til sj\u00f8s med disse tipsene:<\/p>\n<ul>\n<li>Ta med badet\u00f8y, h\u00e5ndkle og solkrem.<\/li>\n<li>Ta p\u00e5 deg behagelige kl\u00e6r som passer til v\u00e6ret.<\/li>\n<li>Ha CanaryVIP-billetten klar, enten p\u00e5 telefonen eller p\u00e5 papir.<\/li>\n<li>Spis et lett m\u00e5ltid p\u00e5 forh\u00e5nd for \u00e5 unng\u00e5 sj\u00f8syke.<\/li>\n<\/ul>\n<h3>\ud83c\udf1f Hvorfor bestille med CanaryVIP<\/h3>\n<p>Hos CanaryVIP brenner vi for \u00e5 skape uforglemmelige opplevelser p\u00e5 vannet. Enten du er ute etter en <strong>luksusyacht p\u00e5 Gran Canaria<\/strong> eller et morsomt eventyr, tilbyr vi det beste <a href=\"https:\/\/canaryvip.com\/nb\/shop\/magic-island-yacht-charter-gran-canaria\/\"><strong>b\u00e5tutleie p\u00e5 Gran Canaria<\/strong><\/a> alternativer, skreddersydd etter dine behov.<\/p>\n<p>Bestill din <strong>Silvia Yacht Charter<\/strong> i dag, og sett seil p\u00e5 en reise med avslapning, eventyr og fantastisk utsikt.<\/p>\n<p>\ud83d\udc49 <a href=\"https:\/\/canaryvip.com\/nb\/\" target=\"_new\" rel=\"noopener\"><span>Reserve<\/span><span> n\u00e5<\/span><\/a> og gi deg en bedre ferieopplevelse!<\/p>","protected":false},"excerpt":{"rendered":"<p><strong>\ud83d\udd0d Magic Island Gran Canaria:<\/strong><br \/>\n\u2705 Sikker betaling.<br \/>\n\ud83d\udd10 Private turer.<br \/>\n\ud83d\udee5\ufe0f 13m Yacht Comfort.<br \/>\n\u23f3 Daglige turer p\u00e5 3H og 6H.<br \/>\n\ud83d\udd59 Ulike avgangstider.<br \/>\n\ud83d\udc65 Opptil 12 gjester.<br \/>\n\ud83e\udd3f Snorkelutstyr er tilgjengelig.<br \/>\n\ud83d\ude8c Henting og levering.<br \/>\n\ud83e\udd11 Garantert beste pris.<br \/>\n\ud83d\udc6a Rabatter aktivert.<br \/>\n\ud83d\udd01 Opptil 8 dagers avbestilling.<br \/>\n\ud83c\udf0d Flerspr\u00e5klig besetning.<br \/>\n\ud83c\udf1f Bestill tidlig og spar!<br \/>\n\ud83d\udccd Avgang fra <a href=\"https:\/\/maps.app.goo.gl\/4TJkgAg6UBpnsyhm9\">Puerto de Mog\u00e1n<\/a>.<\/p>","protected":false},"featured_media":12219,"comment_status":"open","ping_status":"closed","template":"","meta":{"_acf_changed":false},"product_brand":[],"product_cat":[132],"product_tag":[],"class_list":{"0":"post-11971","1":"product","2":"type-product","3":"status-publish","4":"has-post-thumbnail","6":"product_cat-boat-hire-gran-canaria","7":"wcpa_has_options","9":"first","10":"instock","11":"virtual","12":"purchasable","13":"product-type-simple"},"acf":[],"wcpa_form_fields":{"wcpaData":{"product":{"product_price":450,"price_html":"From&nbsp;<span class=\"woocommerce-Price-amount amount\"><bdi>450,00&nbsp;<span class=\"woocommerce-Price-currencySymbol\">&euro;<\/span><\/bdi><\/span>","original_product_price":450,"price_including_tax":450,"price_excluding_tax":450,"product_id":{"parent":11971,"variation":false},"is_variable":false,"stock_status":"instock","stock_quantity":null,"parent_sku":"CV11971","product_attributes":[],"custom_fields":[],"is_taxable":false,"product_name":"Silvia: Yacht Charter<br\/>Gran Canaria","hasImage":false},"fields":{"sec_26687d4f04b1a4":{"extra":{"key":"sec_26687d4f04b1a4","section_id":"sec_26687d4f04b1a4","name":"Default","status":1,"cl_rule":"show","enableCl":false,"relations":[],"toggle":true,"title_tag":"h3","show_title":false,"showPrice":"default","form_id":12255,"form_rules":{"exclude_from_discount":true,"fee_label":"Fee","disp_hide_options_price":true,"disp_show_section_price":false,"disp_show_field_price":true,"layout_option":"standard","pric_use_as_fee":false,"process_fee_as":"woo_fee"},"layout_option":"standard"},"fields":[[{"label":"\ud83d\udcc5 Date","active":true,"required":true,"elementId":"date_106687d4f04b1c4","picker_type":"custom","picker_mode":"single","placeholder":"","description":"","tooltip":"","name":"date_106687d4f04b1c4","label_position":"default","desc_position":"default","enablePrice":false,"className":"","enableCl":false,"relations":[{"operator":"and","rules":[{"operator":"AND","rules":{"cl_field":"radio-group_565c78ffa81208","cl_relation":"is","cl_val":"3 Hour Trip"}}]}],"date_pic_inline":true,"date_pic_inline_hide":true,"min_date":{"type":"days","val":"2"},"max_date":{"type":"days","val":"365"},"date_pic_conf":{"disabledWeeks":[]},"price":"","cl_rule":"show","col":6,"type":"date","error":false,"enableDesign":false,"LabelColor":"","gt_translate_keys":["label","placeholder","description","tooltip"],"price_dependency":false,"cl_dependency":false,"value":""}],[{"elementId":"separator_76687d4f04b1e0","separatorType":"blank","className":"","height":"3","enableCl":false,"relations":false,"cl_rule":"show","col":6,"type":"separator","error":false,"gt_translate_keys":[],"price_dependency":false,"cl_dependency":false,"value":""}],[{"active":true,"col":6,"relations":false,"cl_rule":"show","enableCl":false,"price":"","enablePrice":true,"className":"","label_position":"default","desc_position":"default","type":"select","required":true,"elementId":"select_96687d4f04b1ea","label":"\u23f3 Trip Duration","name":"select_96687d4f04b1ea","values":[{"label":"3 Hours (450\u20ac)","value":"3","selected":false,"tempId":"aco_556","price":"450","gt_translate_keys":["label"]},{"label":"6 Hours (800\u20ac)","value":"6","selected":false,"tempId":"aco_122","price":"800","gt_translate_keys":["label"]}],"dropdown_type":"basic","error":false,"placeholder":"Select Trip Duration","priceOptions":"different_for_all","pricingType":"fixed","is_show_price":false,"gt_translate_keys":["label","placeholder"],"price_dependency":false,"cl_dependency":false,"value":""}],[{"label":"\u2705 Number of People","active":true,"required":true,"elementId":"select_86687d4f04b1f4","dropdown_type":"basic","placeholder":"Select Number of People","name":"select_86687d4f04b1f4","label_position":"default","desc_position":"default","enablePrice":false,"className":"","enableCl":false,"relations":[{"operator":false,"rules":[{"operator":"AND","rules":{"cl_field":"radio-group_565c78ffa81208","cl_relation":"is","cl_val":"3 Hour Trip"}}]}],"values":[{"label":"1 person","value":"1","selected":false,"tempId":"aco_1471","price":"0","gt_translate_keys":["label"]},{"label":"2 people","value":"2","selected":false,"tempId":"aco_1472","price":"0","gt_translate_keys":["label"]},{"label":"3 people","value":"3","selected":false,"tempId":"aco_1500","price":"0","gt_translate_keys":["label"]},{"label":"4 people","value":"4","selected":false,"tempId":"aco_1510","price":"0","gt_translate_keys":["label"]},{"label":"5 people","value":"5","selected":false,"tempId":"aco_1520","price":"0","gt_translate_keys":["label"]},{"label":"6 people","value":"6","selected":false,"tempId":"aco_1728","price":"0","gt_translate_keys":["label"]},{"label":"7 people","value":"7","selected":false,"tempId":"aco_1738","price":"0","gt_translate_keys":["label"]},{"label":"8 people","value":"8","selected":false,"tempId":"aco_1748","price":"0","gt_translate_keys":["label"]}],"price":"","cl_rule":"show","col":6,"type":"select","error":false,"priceOptions":"different_for_all","pricingType":"fixed","is_show_price":false,"gt_translate_keys":["label","placeholder"],"price_dependency":["select_86687d4f04b1fe"],"cl_dependency":false,"value":""}],[{"active":true,"col":6,"relations":false,"cl_rule":"show","enableCl":false,"price":"","enablePrice":true,"className":"","label_position":"default","desc_position":"default","type":"select","required":false,"elementId":"select_86687d4f04b1fe","label":"\ud83c\udf57 Meal (+10\u20ac\/person)","name":"select_86687d4f04b1fe","values":[{"label":"No","value":"No","selected":false,"tempId":"aco_2562","price":"","gt_translate_keys":["label"]},{"label":"Yes (+10\u20ac\/person)","value":"Yes","selected":false,"tempId":"aco_2563","price":"{field.select_86687d4f04b1f4.value}*10","gt_translate_keys":["label"]}],"dropdown_type":"basic","error":false,"description":"Snacks and drinks are included. If you want an extra meal, please select this option. The meal is marinated chicken with mojo potatoes and coleslaw.","priceOptions":"different_for_all","pricingType":"custom","isTemplate":false,"is_show_price":true,"gt_translate_keys":["label","description"],"price_dependency":false,"cl_dependency":false,"value":""}]]},"sec_106687d4f04b227":{"extra":{"key":"sec_106687d4f04b227","section_id":"sec_106687d4f04b227","name":"Pickup Location","status":1,"cl_rule":"show","enableCl":false,"relations":[],"toggle":true,"title_tag":"h4","show_title":false,"showPrice":"default","form_id":12255,"form_rules":{"exclude_from_discount":true,"fee_label":"Fee","disp_hide_options_price":true,"disp_show_section_price":false,"disp_show_field_price":true,"layout_option":"standard","pric_use_as_fee":false,"process_fee_as":"woo_fee"},"layout_option":"standard"},"fields":[[{"elementId":"separator_16687d4f04b232","separatorType":"blank","className":"","height":"3","enableCl":false,"relations":false,"cl_rule":"show","col":6,"type":"separator","error":false,"gt_translate_keys":[],"price_dependency":false,"cl_dependency":false,"value":""}],[{"active":true,"col":6,"relations":[{"operator":false,"rules":[{"operator":"AND","rules":{"cl_field":"radio-group_565c78ffa81208","cl_relation":"is","cl_val":"3 Hour Trip"}}]}],"cl_rule":"show","enableCl":false,"price":"","enablePrice":false,"className":"","label_position":"default","desc_position":"default","type":"select","required":false,"elementId":"select_66687d4f04b23c","label":"\u23f0 Departure","name":"select_66687d4f04b23c","values":[{"label":"09:00","value":"09:00","selected":false,"tempId":"aco_1471","gt_translate_keys":["label"]},{"label":"12:00","value":"12:00","selected":false,"tempId":"aco_1510","gt_translate_keys":["label"]},{"label":"15:00","value":"15:00","selected":false,"tempId":"aco_1738","gt_translate_keys":["label"]}],"dropdown_type":"basic","error":false,"placeholder":"Whichever Time is Best","gt_translate_keys":["label","placeholder"],"price_dependency":false,"cl_dependency":false,"value":""}],[{"elementId":"separator_86687d4f04b246","separatorType":"blank","className":"","height":"1","enableCl":false,"relations":false,"cl_rule":"show","col":6,"type":"separator","gt_translate_keys":[],"price_dependency":false,"cl_dependency":false,"value":""}],[{"elementId":"separator_86687d4f04b250","separatorType":"blank","className":"","height":"1","enableCl":false,"relations":false,"cl_rule":"show","col":6,"type":"separator","error":false,"gt_translate_keys":[],"price_dependency":false,"cl_dependency":false,"value":""}],[{"active":true,"col":6,"relations":false,"cl_rule":"show","enableCl":false,"price":"","enablePrice":false,"className":"","label_position":"default","desc_position":"default","type":"text","subtype":"text","required":false,"elementId":"text_66687d4f04b259","label":"\ud83d\ude8c Pickup Location","name":"text_66687d4f04b259","value":"","error":false,"description":"Pick-up service in some locations. Simply provide your address or hotel name. (+2\u20ac\/person paid at pickup to the driver)","gt_translate_keys":["label","description","value"],"price_dependency":false,"cl_dependency":false}]]}},"config":{"price_override":"always","enable_recaptcha":false,"bind_quantity":false,"quantity_bind_formula":false,"disp_summ_show_option_price":true,"disp_summ_show_product_price":false,"disp_summ_show_total_price":true,"disp_summ_show_fee":true,"disp_summ_show_discount":true,"summary_title":"","options_total_label":"Options Price","total_label":"Total Amount","options_product_label":"Product Price","fee_label":"Fee","discount_label":"Discount","has_price":true,"has_quantity_formula":false},"mc_unit":1,"tax_rate":1,"tax_rate_real":1,"discount":{"percentage":0,"fixed":0},"design":{"conf":{"LabelPosition":"above","DescPosition":"above","UploadField":"custom_1","QuantityFieldStyle":"custom_1"},"css":{"LeftLabelWidth":"120px"}},"formulas":{"fmla_1708364241278155361":"(({field.select_3666b1eb2b11fe.value}>=8)?(1400):(({field.select_3666b1eb2b11fe.value}>=7)?(1225):(({field.select_3666b1eb2b11fe.value}>=6)?(1050):(({field.select_3666b1eb2b11fe.value}>=5)?(875):(({field.select_3666b1eb2b11fe.value}>=4)?(700):(({field.select_3666b1eb2b11fe.value}>=3)?(500):(0)))))))","fmla_1718295979528641619":"(({field.select_3666b1eb2b11fe.value}>=8)?(280):(({field.select_3666b1eb2b11fe.value}>=7)?(205):(({field.select_3666b1eb2b11fe.value}>=6)?(150):(({field.select_3666b1eb2b11fe.value}>=5)?(175):(({field.select_3666b1eb2b11fe.value}>=4)?(200):(({field.select_3666b1eb2b11fe.value}>=3)?(150):(0)))))))"},"lookuptables":[],"clones":false,"cartKey":false}},"_links":{"self":[{"href":"https:\/\/canaryvip.com\/nb\/wp-json\/wp\/v2\/product\/11971","targetHints":{"allow":["GET"]}}],"collection":[{"href":"https:\/\/canaryvip.com\/nb\/wp-json\/wp\/v2\/product"}],"about":[{"href":"https:\/\/canaryvip.com\/nb\/wp-json\/wp\/v2\/types\/product"}],"replies":[{"embeddable":true,"href":"https:\/\/canaryvip.com\/nb\/wp-json\/wp\/v2\/comments?post=11971"}],"wp:featuredmedia":[{"embeddable":true,"href":"https:\/\/canaryvip.com\/nb\/wp-json\/wp\/v2\/media\/12219"}],"wp:attachment":[{"href":"https:\/\/canaryvip.com\/nb\/wp-json\/wp\/v2\/media?parent=11971"}],"wp:term":[{"taxonomy":"product_brand","embeddable":true,"href":"https:\/\/canaryvip.com\/nb\/wp-json\/wp\/v2\/product_brand?post=11971"},{"taxonomy":"product_cat","embeddable":true,"href":"https:\/\/canaryvip.com\/nb\/wp-json\/wp\/v2\/product_cat?post=11971"},{"taxonomy":"product_tag","embeddable":true,"href":"https:\/\/canaryvip.com\/nb\/wp-json\/wp\/v2\/product_tag?post=11971"}],"curies":[{"name":"wp","href":"https:\/\/api.w.org\/{rel}","templated":true}]}}