{"id":11774,"date":"2024-06-13T17:09:15","date_gmt":"2024-06-13T16:09:15","guid":{"rendered":"https:\/\/canaryvip.com\/?post_type=product&#038;p=11774"},"modified":"2025-06-29T14:14:28","modified_gmt":"2025-06-29T13:14:28","slug":"yacht-charter-gran-canaria","status":"publish","type":"product","link":"https:\/\/canaryvip.com\/nb\/shop\/yacht-charter-gran-canaria\/","title":{"rendered":"Yachtcharter Gran Canaria"},"content":{"rendered":"<h2><strong>\ud83d\udee5\ufe0f Gran Canaria Yacht Charter med CanaryVIP<\/strong><\/h2>\n<p>Legg ut p\u00e5 et luksuri\u00f8st sj\u00f8eventyr med v\u00e5r eksklusive Yacht Charter Gran Canaria. Hos CanaryVIP tilbyr vi de fineste private b\u00e5tturene p\u00e5 Gran Canaria, noe som sikrer en f\u00f8rsteklasses maritim opplevelse. Vi ligger ved den pittoreske marinaen i <a href=\"https:\/\/www.google.com\/maps\/place\/Puerto+de+Mog%C3%A1n\/@27.8168894,-15.7661037,16z\/data=!4m6!3m5!1s0xc4081a859086591:0xe494b559327a8db3!8m2!3d27.8173155!4d-15.7652521!16s%2Fg%2F11h6m6r2nn?entry=ttu\" target=\"_blank\" rel=\"noopener\">Puerto de Mog\u00e1n,<\/a>\u00a0v\u00e5re charterturer tilbyr en unik og intim flukt fra typiske b\u00e5tturer.<\/p>\n<h3>\u2b50\ufe0f <strong>Hvorfor v\u00e5r b\u00e5tutleie skiller seg ut p\u00e5 Gran Canaria<\/strong><\/h3>\n<p><span style=\"text-decoration: underline;\"><strong>Viktige grunner til \u00e5 velge v\u00e5r yachtutleie:<\/strong><\/span><\/p>\n<p><strong>Eksklusive private turer:<\/strong> V\u00e5re charterturer sikrer et personlig preg p\u00e5 hver eneste reise, noe som skaper en skreddersydd opplevelse som ivaretar dine preferanser med privatliv og eksklusivitet.<\/p>\n<p><strong>Luksuri\u00f8s komfort:<\/strong> Slapp av p\u00e5 ulike koselige steder p\u00e5 b\u00e5ten, enten du nyter solen p\u00e5 det romslige dekket eller en forfriskende drink i det skyggefulle loungeomr\u00e5det.<\/p>\n<p><strong>Morsomme aktiviteter inkludert:<\/strong> Gj\u00f8r eventyret ditt enda bedre med en rekke spennende aktiviteter. Yachten v\u00e5r handler ikke bare om \u00e5 seile, men om \u00e5 engasjere seg i havet p\u00e5 spennende og forn\u00f8yelige m\u00e5ter.<\/p>\n<ul>\n<li><strong>\ud83c\udfc4\u200d\u2640\ufe0f Paddle Boards:<\/strong> Stand-up paddle boarding er en morsom og avslappende m\u00e5te \u00e5 nyte havet p\u00e5, samtidig som du f\u00e5r litt mosjon. Enten du er nybegynner eller erfaren padler, vil du synes det er en herlig del av b\u00e5tcharteret ditt.<\/li>\n<li><strong>\ud83e\udd3f Snorklingsutstyr:<\/strong> Oppdag Gran Canarias pulserende undervannsverden med snorkelutstyret v\u00e5rt. Vannene rundt \u00f8ya er fulle av marint liv, og gir deg et glimt inn i et fortryllende \u00f8kosystem under vann.<\/li>\n<li><strong>\ud83d\udd0a Spill av musikken din:<\/strong> Koble til spillelisten din via v\u00e5rt Bluetooth-aktiverte lydsystem, og sett lydsporet til sj\u00f8fartseventyret ditt. Enten det er avslappende melodier eller livlige rytmer, vil musikken din forsterke stemningen mens du seiler.<\/li>\n<\/ul>\n<p>CanaryVIP byr p\u00e5 en enest\u00e5ende charteropplevelse med sine luksuri\u00f8se fasiliteter og en rekke engasjerende aktiviteter. Hver eneste del av reisen er designet for \u00e5 tilby b\u00e5de avslapning og underholdning, noe som sikrer et minneverdig eventyr p\u00e5 Gran Canaria.<\/p>\n<h4>\ud83d\udea4 <strong>Alternativer for b\u00e5tcharter p\u00e5 Gran Canaria<\/strong><\/h4>\n<p>Yachten v\u00e5r tilbyr en rekke charterlengder, hver designet for \u00e5 im\u00f8tekomme ulike \u00f8nsker og tidsrammer:<\/p>\n<ul>\n<li><strong>3-timers Coastal Explorer:<\/strong> En perfekt introduksjon til Gran Canarias s\u00f8rkyst. Sv\u00f8m i rolige bukter og nyt v\u00e5rt utvalg av drikke og snacks. Ideelt for deg som \u00f8nsker en rask, men forfriskende maritim flukt.<\/li>\n<li><strong>6-timers Grand Tour:<\/strong> Opplev den fantastiske utsikten og de bortgjemte buktene. Forfrisk deg i det krystallklare vannet med panoramautsikt over de n\u00e6rliggende \u00f8yene. Dykk dypere ned i Gran Canarias naturlige skj\u00f8nnhet med mer tid til utforskning og avslapning.<\/li>\n<li><strong>8-timers heldagseventyr:<\/strong> Fordyp deg i den ultimate seilopplevelsen med en hel dag om bord p\u00e5 Seaduction. Denne omfattende seilasen gir deg muligheten til \u00e5 utforske Tenerifes mangfoldige kystlandskap og rike marine milj\u00f8. Du kan stoppe for \u00e5 snorkle, padle og kanskje til og med feire solnedgangen. Med mer tid om bord kan du nyte et bredere utvalg av v\u00e5re gourmetretter, noe som sikrer deg en dag med luksuri\u00f8s avslapning og eventyr.<\/li>\n<\/ul>\n<p>Hvert alternativ er utformet for \u00e5 gi deg en unik og minneverdig opplevelse, slik at du kan velge den perfekte varigheten for ditt sj\u00f8fartseventyr p\u00e5 Tenerife. Enten du er ute etter en kort introduksjon til \u00f8yas farvann eller en heldagstur, tilbyr Seaduction Yacht fleksibiliteten og luksusen som gj\u00f8r din tid til sj\u00f8s uforglemmelig.<\/p>\n<h3>\u2705 <strong>Omfattende fasiliteter for en perfekt dag til sj\u00f8s<\/strong><\/h3>\n<p>Yachten v\u00e5r handler ikke bare om beliggenhet, men om hele den luksuri\u00f8se opplevelsen:<\/p>\n<ul>\n<li>Nyt et utvalg av inkluderte drikkevarer.<\/li>\n<li>Nyt et utvalg av gourmet snacks eller et komplett m\u00e5ltid, avhengig av reisens varighet.<\/li>\n<li>V\u00e5rt toppmoderne lydsystem er Bluetooth-aktivert, slik at du kan nyte favorittspillelistene dine mens du seiler.<\/li>\n<li>B\u00e5ten har solplasser i fronten.<\/li>\n<li>Erfarent og flerspr\u00e5klig mannskap s\u00f8rger for din sikkerhet og komfort under hele turen.<\/li>\n<\/ul>\n<h3>\ud83d\udccd <strong>Med avgang fra Puerto de Mog\u00e1n<\/strong><\/h3>\n<p>Start sj\u00f8eventyret ditt i hjertet av Gran Canaria, med enkel tilgang og praktisk parkering ved havnen. For \u00e5 sikre en smidig start anbefaler vi at du ankommer 15 minutter f\u00f8r planlagt avgang.<\/p>\n<h4>\ud83d\udcdc <strong>\ud83d\udcdc S\u00f8ml\u00f8s bestilling og gjennomsiktige avbestillingsregler<\/strong><\/h4>\n<p>Med CanaryVIP er det problemfritt \u00e5 bestille b\u00e5topplevelsen din, og v\u00e5re klare avbestillingsregler sikrer trygghet:<\/p>\n<ul>\n<li><strong>V\u00e6rgaranti:<\/strong> Vi overv\u00e5ker v\u00e6rforholdene n\u00f8ye. Hvis turen m\u00e5 avlyses p\u00e5 grunn av d\u00e5rlig v\u00e6r, kan du enten ombooke eller f\u00e5 full refusjon, slik at du er trygg og forn\u00f8yd.<\/li>\n<li><strong>Fleksibel avbestilling:<\/strong> Planer endres, og det har vi forst\u00e5else for. Du kan avbestille eller ombooke gratis inntil 4 dager f\u00f8r reisen. Innskudd refunderes ikke hvis avbestillingen skjer innen 4 dager f\u00f8r planlagt avreise.<\/li>\n<\/ul>\n<p><strong>Reserver plass p\u00e5 v\u00e5r Gran Canaria-charter i dag gjennom CanaryVIP, og sett seil inn i en dag fylt med luksus, komfort og uforglemmelige marineopplevelser.<\/strong><\/p>\n<h3>\ud83d\udc68\u200d\u2708\ufe0f <strong>Klar for ombordstigning: Sjekkliste f\u00f8r reisen<\/strong><\/h3>\n<p>F\u00f8r du g\u00e5r om bord, m\u00e5 du s\u00f8rge for \u00e5..:<\/p>\n<ul>\n<li>Ha CanaryVIP-billetten klar, enten p\u00e5 telefonen eller p\u00e5 papir.<\/li>\n<li>Ta med badet\u00f8y, h\u00e5ndkle og solkrem for \u00e5 nyte solen p\u00e5 en trygg m\u00e5te.<\/li>\n<li>Spis noe lett for \u00e5 unng\u00e5 sj\u00f8syke, og begrens alkoholinntaket f\u00f8r reisen.<\/li>\n<li>Velg din ideelle plass p\u00e5 dekk, enten du vil sole deg i solen eller slappe av i skyggen.<\/li>\n<\/ul>\n<p>Bestill eventyret ditt i dag og gj\u00f8r ferien din til en uforglemmelig opplevelse med denne <a href=\"https:\/\/canaryvip.com\/nb\/gran-canaria\/boat-hire-gran-canaria\/\">eksklusiv b\u00e5tutleie p\u00e5 Gran Canaria<\/a>.<\/p>","protected":false},"excerpt":{"rendered":"<p><strong>\ud83d\udd0d Lei en yacht p\u00e5 Gran Canaria:<\/strong><br \/>\n\u2705 Sikker betaling.<br \/>\n\ud83d\udd10 Private turer.<br \/>\n\ud83d\udee5\ufe0f 15m Yacht Comfort.<br \/>\n\u23f3 Daglige turer p\u00e5 3-8 timer.<br \/>\n\ud83d\udd59 Tilpassede avgangstider.<br \/>\n\ud83c\udf74 M\u00e5ltider og drikkevarer inkludert.<br \/>\n\ud83d\udc65 Opptil 12 gjester.<br \/>\n\ud83e\udd29 Morsomme gummib\u00e5ter.<br \/>\n\ud83c\udfc4\u200d\u2640\ufe0f Padlebrett inkludert.<br \/>\n\ud83e\udd3f Snorkelutstyr er tilgjengelig.<br \/>\n\ud83d\udd0a Spill av musikken din.<br \/>\n\ud83d\ude8c Gratis henting og levering.<br \/>\n\ud83e\udd11 Garantert beste pris.<br \/>\n\ud83d\udc6a Rabatter aktivert.<br \/>\n\ud83d\udd01 Opptil 8 dagers avbestilling.<br \/>\n\ud83c\udf0d Flerspr\u00e5klig besetning.<br \/>\n\ud83c\udf1f Bestill tidlig og spar!<br \/>\n\ud83d\udccd Avgang fra <a href=\"https:\/\/www.google.com\/maps\/place\/Puerto+de+Mog%C3%A1n\/@27.8189572,-15.7678314,16.46z\/data=!4m15!1m8!3m7!1s0xc4080919d1ed923:0xbd01a5a03326a09b!2sPuerto+de+Mog%C3%A1n,+35139+Lomo+Quiebre,+Las+Palmas!3b1!8m2!3d27.8234371!4d-15.7607916!16s%2Fg%2F12vsxzmby!3m5!1s0xc4081a859086591:0xe494b559327a8db3!8m2!3d27.8173155!4d-15.7652521!16s%2Fg%2F11h6m6r2nn?entry=ttu\">Mog\u00e1n havn<\/a>.<\/p>","protected":false},"featured_media":11780,"comment_status":"open","ping_status":"closed","template":"","meta":{"_acf_changed":false},"product_brand":[],"product_cat":[81,132],"product_tag":[],"class_list":{"0":"post-11774","1":"product","2":"type-product","3":"status-publish","4":"has-post-thumbnail","6":"product_cat-gran-canaria","7":"product_cat-boat-hire-gran-canaria","8":"wcpa_has_options","10":"first","11":"instock","12":"virtual","13":"purchasable","14":"product-type-simple"},"acf":[],"wcpa_form_fields":{"wcpaData":{"product":{"product_price":650,"price_html":"From&nbsp;<span class=\"woocommerce-Price-amount amount\"><bdi>650,00&nbsp;<span class=\"woocommerce-Price-currencySymbol\">&euro;<\/span><\/bdi><\/span>","original_product_price":650,"price_including_tax":650,"price_excluding_tax":650,"product_id":{"parent":11774,"variation":false},"is_variable":false,"stock_status":"instock","stock_quantity":null,"parent_sku":"CV11774","product_attributes":[],"custom_fields":[],"is_taxable":false,"product_name":"Yacht Charter Gran Canaria","hasImage":false},"fields":{"sec_1666b1eb2b11bb":{"extra":{"key":"sec_1666b1eb2b11bb","section_id":"sec_1666b1eb2b11bb","name":"Default","status":1,"cl_rule":"show","enableCl":false,"relations":[],"toggle":true,"title_tag":"h3","show_title":false,"showPrice":"default","form_id":11785,"form_rules":{"exclude_from_discount":true,"fee_label":"Fee","disp_hide_options_price":true,"disp_show_section_price":false,"disp_show_field_price":true,"layout_option":"standard","pric_use_as_fee":false,"process_fee_as":"woo_fee"},"layout_option":"standard"},"fields":[[{"label":"\ud83d\udcc5 Date","active":true,"required":true,"elementId":"date_9666b1eb2b11d9","picker_type":"custom","picker_mode":"single","placeholder":"","description":"","tooltip":"","name":"date_9666b1eb2b11d9","label_position":"default","desc_position":"default","enablePrice":false,"className":"","enableCl":false,"relations":[{"operator":"and","rules":[{"operator":"AND","rules":{"cl_field":"radio-group_565c78ffa81208","cl_relation":"is","cl_val":"3 Hour Trip"}}]}],"date_pic_inline":true,"date_pic_inline_hide":true,"min_date":{"type":"days","val":"5"},"max_date":{"type":"days","val":"365"},"date_pic_conf":{"disabledWeeks":[6,0],"disabledDates":["2024-07-27 to 2024-07-29","2024-08-11 to 2024-08-18"]},"price":"","cl_rule":"show","col":6,"type":"date","error":false,"enableDesign":false,"LabelColor":"","gt_translate_keys":["label","placeholder","description","tooltip"],"price_dependency":false,"cl_dependency":false,"value":""}],[{"contentType":"rich","active":true,"label":"","elementId":"content_10666b1eb2b11e8","value":"<p>\ud83c\udf9f\ufe0f <strong>Reservation<\/strong>: Pay only a deposit now to reserve; the rest is due on the day of the activity upon arrival.<\/p>","inline":false,"name":"content_10666b1eb2b11e8","enablePrice":false,"className":"","subtype":"p","enableCl":false,"relations":false,"price":"","cl_rule":"show","col":6,"type":"content","error":false,"pricingType":"custom","isTemplate":false,"is_show_price":true,"show_in_checkout":true,"gt_translate_keys":["label","value"],"price_dependency":false,"cl_dependency":false}],[{"elementId":"separator_9666b1eb2b11f4","separatorType":"blank","className":"","height":"3","enableCl":false,"relations":false,"cl_rule":"show","col":6,"type":"separator","error":false,"gt_translate_keys":[],"price_dependency":false,"cl_dependency":false,"value":""}],[{"active":true,"col":6,"relations":false,"cl_rule":"show","enableCl":false,"price":"","enablePrice":true,"className":"","label_position":"default","desc_position":"default","type":"select","required":true,"elementId":"select_3666b1eb2b11fe","label":"\u23f3 Trip Duration","name":"select_3666b1eb2b11fe","values":[{"label":"3 Hours (650\u20ac)","value":"3","selected":false,"tempId":"aco_556","price":"650","gt_translate_keys":["label"]},{"label":"4 Hours (900\u20ac)","value":"4","selected":false,"tempId":"aco_122","price":"900","gt_translate_keys":["label"]}],"dropdown_type":"basic","error":false,"placeholder":"Select Trip Duration","priceOptions":"different_for_all","pricingType":"fixed","is_show_price":true,"gt_translate_keys":["label","placeholder"],"price_dependency":["content_9666b1eb2b1212"],"cl_dependency":false,"value":""}],[{"elementId":"separator_0666b1eb2b1208","separatorType":"fill","className":"","height":"3","enableCl":false,"relations":false,"cl_rule":"show","col":6,"type":"separator","error":false,"separatorColor":"#66a6b6","gt_translate_keys":[],"price_dependency":false,"cl_dependency":false,"value":""}],[{"active":true,"col":6,"relations":false,"cl_rule":"show","enableCl":false,"price":"{field.select_3666b1eb2b11fe.price}","enablePrice":true,"className":"","label_position":"default","desc_position":"default","type":"content","required":false,"elementId":"content_9666b1eb2b1212","label":"Deposit Payment","name":"content_9666b1eb2b1212","contentType":"plain","value":"","error":false,"pricingType":"custom","isTemplate":true,"is_show_price":false,"enableDesign":true,"scrollBar":false,"use_as_fee":false,"fee_label":"Payment Now","inline":true,"show_in_checkout":true,"subtype":"div","formulaId":"fmla_1718295979528641619","LabelSize":"14px","gt_translate_keys":["label","value"],"price_dependency":["content_8666b1eb2b1224"],"cl_dependency":false}],[{"contentType":"plain","active":true,"label":"Payment at Arrival","elementId":"content_9666b1eb2b121b","value":"","inline":true,"show_in_checkout":true,"name":"content_9666b1eb2b121b","enablePrice":true,"className":"","fee_label":"Payment at Arrival","subtype":"div","enableCl":false,"relations":false,"scrollBar":false,"enableDesign":true,"pricingType":"custom","isTemplate":true,"price":"({field.radio-group_965c78ffa8129a.quantity}*22) + ({field.radio-group_865c78ffa812a3.quantity}*11)","use_as_fee":false,"is_show_price":true,"cl_rule":"show","col":6,"type":"content","error":false,"formulaId":"fmla_1708364241278155361","LabelSize":"14px","gt_translate_keys":["label","value"],"price_dependency":["content_8666b1eb2b1224"],"cl_dependency":false}],[{"contentType":"plain","active":true,"label":"Total Price","elementId":"content_8666b1eb2b1224","value":"","inline":true,"show_in_checkout":true,"name":"content_8666b1eb2b1224","enablePrice":true,"className":"","fee_label":"Payment at Arrival","subtype":"div","enableCl":false,"relations":false,"scrollBar":false,"enableDesign":true,"LabelSize":"14px","pricingType":"custom","isTemplate":false,"price":"({field.content_9666b1eb2b1212.price}) + ({field.content_9666b1eb2b121b.price})","formulaId":"fmla_1708360988969136756","use_as_fee":false,"is_show_price":true,"cl_rule":"show","col":6,"type":"content","error":false,"gt_translate_keys":["label","value"],"price_dependency":false,"cl_dependency":false}]]},"sec_0666b1eb2b1225":{"extra":{"key":"sec_0666b1eb2b1225","section_id":"sec_0666b1eb2b1225","name":"Pickup Location","status":1,"cl_rule":"show","enableCl":false,"relations":[],"toggle":true,"title_tag":"h4","show_title":false,"showPrice":"default","form_id":11785,"form_rules":{"exclude_from_discount":true,"fee_label":"Fee","disp_hide_options_price":true,"disp_show_section_price":false,"disp_show_field_price":true,"layout_option":"standard","pric_use_as_fee":false,"process_fee_as":"woo_fee"},"layout_option":"standard"},"fields":[[{"elementId":"separator_2666b1eb2b122f","separatorType":"blank","className":"","height":"3","enableCl":false,"relations":false,"cl_rule":"show","col":6,"type":"separator","error":false,"gt_translate_keys":[],"price_dependency":false,"cl_dependency":false,"value":""}],[{"active":true,"col":6,"relations":[{"operator":false,"rules":[{"operator":"AND","rules":{"cl_field":"radio-group_565c78ffa81208","cl_relation":"is","cl_val":"3 Hour Trip"}}]}],"cl_rule":"show","enableCl":false,"price":"","enablePrice":false,"className":"","label_position":"default","desc_position":"default","type":"select","required":false,"elementId":"select_2666b1eb2b1238","label":"\u23f0 Departure","name":"select_2666b1eb2b1238","values":[{"label":"09:00","value":"09:00","selected":false,"tempId":"aco_1471","gt_translate_keys":["label"]},{"label":"10:00","value":"10:00","selected":false,"tempId":"aco_1472","gt_translate_keys":["label"]},{"label":"11:00","value":"11:00","selected":false,"tempId":"aco_1500","gt_translate_keys":["label"]},{"label":"12:00","value":"12:00","selected":false,"tempId":"aco_1510","gt_translate_keys":["label"]},{"label":"13:00 (1:00 PM)","value":"13:00","selected":false,"tempId":"aco_1520","gt_translate_keys":["label"]},{"label":"14:00 (2:00 PM)","value":"14:00","selected":false,"tempId":"aco_1728","gt_translate_keys":["label"]},{"label":"15:00 (3:00 PM)","value":"15:00","selected":false,"tempId":"aco_1738","gt_translate_keys":["label"]}],"dropdown_type":"basic","error":false,"placeholder":"Whichever Time is Best","gt_translate_keys":["label","placeholder"],"price_dependency":false,"cl_dependency":false,"value":""}],[{"elementId":"separator_6666b1eb2b1242","separatorType":"blank","className":"","height":"1","enableCl":false,"relations":false,"cl_rule":"show","col":6,"type":"separator","gt_translate_keys":[],"price_dependency":false,"cl_dependency":false,"value":""}],[{"label":"\u2705 Number of People","active":true,"required":true,"elementId":"select_8666b1eb2b124b","dropdown_type":"basic","placeholder":"Select Number of People","name":"select_8666b1eb2b124b","label_position":"default","desc_position":"default","enablePrice":false,"className":"","enableCl":false,"relations":[{"operator":false,"rules":[{"operator":"AND","rules":{"cl_field":"radio-group_565c78ffa81208","cl_relation":"is","cl_val":"3 Hour Trip"}}]}],"values":[{"label":"1 person","value":"1","selected":false,"tempId":"aco_1471","gt_translate_keys":["label"]},{"label":"2 people","value":"2","selected":false,"tempId":"aco_1472","gt_translate_keys":["label"]},{"label":"3 people","value":"3","selected":false,"tempId":"aco_1500","gt_translate_keys":["label"]},{"label":"4 people","value":"4","selected":false,"tempId":"aco_1510","gt_translate_keys":["label"]},{"label":"5 people","value":"5","selected":false,"tempId":"aco_1520","gt_translate_keys":["label"]},{"label":"6 people","value":"6","selected":false,"tempId":"aco_1728","gt_translate_keys":["label"]},{"label":"7 people","value":"7","selected":false,"tempId":"aco_1738","gt_translate_keys":["label"]},{"label":"8 people","value":"8","selected":false,"tempId":"aco_1748","gt_translate_keys":["label"]},{"label":"9 people","value":"9","selected":false,"tempId":"aco_1912","gt_translate_keys":["label"]},{"label":"10 people","value":"10","selected":false,"tempId":"aco_1922","gt_translate_keys":["label"]},{"label":"11 people","value":"11","selected":false,"tempId":"aco_84","gt_translate_keys":["label"]},{"label":"12 people","value":"12","selected":false,"tempId":"aco_94","gt_translate_keys":["label"]}],"price":"","cl_rule":"show","col":6,"type":"select","error":false,"gt_translate_keys":["label","placeholder"],"price_dependency":false,"cl_dependency":false,"value":""}],[{"elementId":"separator_7666b1eb2b1254","separatorType":"blank","className":"","height":"1","enableCl":false,"relations":false,"cl_rule":"show","col":6,"type":"separator","error":false,"gt_translate_keys":[],"price_dependency":false,"cl_dependency":false,"value":""}],[{"active":true,"col":6,"relations":false,"cl_rule":"show","enableCl":false,"price":"","enablePrice":false,"className":"","label_position":"default","desc_position":"default","type":"text","subtype":"text","required":false,"elementId":"text_9666b1eb2b125d","label":"\ud83d\ude8c Pickup Location","name":"text_9666b1eb2b125d","value":"","error":false,"description":"Free pick-up service in some locations up to 8 people. Simply provide your address or hotel name.","gt_translate_keys":["label","description","value"],"price_dependency":false,"cl_dependency":false}]]}},"config":{"price_override":"always","enable_recaptcha":false,"bind_quantity":false,"quantity_bind_formula":false,"disp_summ_show_option_price":true,"disp_summ_show_product_price":false,"disp_summ_show_total_price":false,"disp_summ_show_fee":true,"disp_summ_show_discount":true,"summary_title":"","options_total_label":"Options Price","total_label":"Deposit Amount","options_product_label":"Product Price","fee_label":"Fee","discount_label":"Discount","has_price":true,"has_quantity_formula":false},"mc_unit":1,"tax_rate":1,"tax_rate_real":1,"discount":{"percentage":0,"fixed":0},"design":{"conf":{"LabelPosition":"above","DescPosition":"above","UploadField":"custom_1","QuantityFieldStyle":"custom_1"},"css":{"LeftLabelWidth":"120px"}},"formulas":{"fmla_1708364241278155361":"(({field.select_3666b1eb2b11fe.value}>=8)?(1400):(({field.select_3666b1eb2b11fe.value}>=7)?(1225):(({field.select_3666b1eb2b11fe.value}>=6)?(1050):(({field.select_3666b1eb2b11fe.value}>=5)?(875):(({field.select_3666b1eb2b11fe.value}>=4)?(700):(({field.select_3666b1eb2b11fe.value}>=3)?(500):(0)))))))","fmla_1718295979528641619":"(({field.select_3666b1eb2b11fe.value}>=8)?(280):(({field.select_3666b1eb2b11fe.value}>=7)?(205):(({field.select_3666b1eb2b11fe.value}>=6)?(150):(({field.select_3666b1eb2b11fe.value}>=5)?(175):(({field.select_3666b1eb2b11fe.value}>=4)?(200):(({field.select_3666b1eb2b11fe.value}>=3)?(150):(0)))))))"},"lookuptables":[],"clones":false,"cartKey":false}},"_links":{"self":[{"href":"https:\/\/canaryvip.com\/nb\/wp-json\/wp\/v2\/product\/11774","targetHints":{"allow":["GET"]}}],"collection":[{"href":"https:\/\/canaryvip.com\/nb\/wp-json\/wp\/v2\/product"}],"about":[{"href":"https:\/\/canaryvip.com\/nb\/wp-json\/wp\/v2\/types\/product"}],"replies":[{"embeddable":true,"href":"https:\/\/canaryvip.com\/nb\/wp-json\/wp\/v2\/comments?post=11774"}],"wp:featuredmedia":[{"embeddable":true,"href":"https:\/\/canaryvip.com\/nb\/wp-json\/wp\/v2\/media\/11780"}],"wp:attachment":[{"href":"https:\/\/canaryvip.com\/nb\/wp-json\/wp\/v2\/media?parent=11774"}],"wp:term":[{"taxonomy":"product_brand","embeddable":true,"href":"https:\/\/canaryvip.com\/nb\/wp-json\/wp\/v2\/product_brand?post=11774"},{"taxonomy":"product_cat","embeddable":true,"href":"https:\/\/canaryvip.com\/nb\/wp-json\/wp\/v2\/product_cat?post=11774"},{"taxonomy":"product_tag","embeddable":true,"href":"https:\/\/canaryvip.com\/nb\/wp-json\/wp\/v2\/product_tag?post=11774"}],"curies":[{"name":"wp","href":"https:\/\/api.w.org\/{rel}","templated":true}]}}